{"id":38952,"date":"2023-01-27T18:30:35","date_gmt":"2023-01-27T16:30:35","guid":{"rendered":"https:\/\/mylipfiller.com\/?post_type=product&#038;p=38952"},"modified":"2026-01-16T10:58:47","modified_gmt":"2026-01-16T08:58:47","slug":"rrs-ha-long-lasting-1-x-3ml","status":"publish","type":"product","link":"https:\/\/mylipfiller.com\/es\/rrs-ha-long-lasting-1-x-3ml\/","title":{"rendered":"RRS\u00ae HA Larga Duraci\u00f3n (1 x 3ml)"},"content":{"rendered":"<p>RRS HA Long Lasting se basa en \u00e1cido hialur\u00f3nico de origen no animal y, por lo tanto, es particularmente bien tolerado por el cuerpo del paciente. Viene en la forma de un implante de gel HA utilizado para la terapia de inyecci\u00f3n aplicada en los tejidos de la piel. El efecto es notable por dar al rostro un brillo fresco, pero tambi\u00e9n por suavizar las arrugas y mejorar la hidrataci\u00f3n de la piel y los niveles de hidrataci\u00f3n en general. La aplicaci\u00f3n es en las capas profundas de la dermis usando la aguja 27G incluida. La t\u00e9cnica de inyecci\u00f3n recomendada es de siete puntos y el curso recomendado es de tres tratamientos por a\u00f1o.<\/p>\n<ul>\n<li><strong>Indicaciones:<\/strong> Arrugas, elastosa, decoloraci\u00f3n<\/li>\n<li><strong>\u00c1rea de tratamiento:<\/strong> Cara<\/li>\n<li><strong>Composici\u00f3n:<\/strong> \u00c1cido hialur\u00f3nico reticulado 21 mg\/3 ml, Tamp\u00f3n de amino\u00e1cidos 14,52 mg\/3 ml<\/li>\n<li><strong>Contraindicaciones:<\/strong> Heridas en la piel, Enfermedades de la piel, Alergia, Embarazo y lactancia, No usar en menores de 18 a\u00f1os<\/li>\n<li><strong>Contenidos del paquete:<\/strong> 1 jeringa precargada con una capacidad de 3ml<\/li>\n<\/ul>\n<p>Efecto de la RRS HA de larga duraci\u00f3n<\/p>\n<ul>\n<li>Biorevitalizaci\u00f3n y rejuvenecimiento de la piel<\/li>\n<li>Mejora de la hidrataci\u00f3n de la piel.<\/li>\n<li>Restauraci\u00f3n de la elasticidad de la piel.<\/li>\n<li>Eliminaci\u00f3n de arrugas superficiales y moderadas<\/li>\n<li>Inhibici\u00f3n de la atrofia de la piel.<\/li>\n<li>Bloquear antioxidantes<\/li>\n<li>Reversi\u00f3n del fotoenvejecimiento<\/li>\n<\/ul>","protected":false},"excerpt":{"rendered":"<p>RRS HA Long Lasting es una soluci\u00f3n profesional para conseguir una piel perfecta. Utiliza un \u00e1cido hialur\u00f3nico reticulado altamente concentrado para mejorar espec\u00edficamente la condici\u00f3n de la piel de muchas maneras. El HA se combina con un c\u00f3ctel de amino\u00e1cidos y antioxidantes que mejoran el estado general de la piel y revierten el efecto del envejecimiento.<\/p>","protected":false},"featured_media":38938,"template":"","meta":{"_acf_changed":false},"product_brand":[],"product_cat":[89,18,32],"product_tag":[144,125,111,126,151,117,147,145,143,146,119,148,127],"class_list":{"0":"post-38952","1":"product","2":"type-product","3":"status-publish","4":"has-post-thumbnail","6":"product_cat-big-holiday-sale","7":"product_cat-mesotherapy","8":"product_cat-soft","9":"product_tag-anti-wrinkle","10":"product_tag-crows-feet","11":"product_tag-face","12":"product_tag-fine-lines","13":"product_tag-hyaluronic-acid-ha-fillers","14":"product_tag-low-density","15":"product_tag-moisturizing","16":"product_tag-nourishing","17":"product_tag-rejuvenating","18":"product_tag-smoothing","19":"product_tag-up-to-9-months","20":"product_tag-upper-dermis","21":"product_tag-wrinkles-around-the-eyes","23":"first","24":"instock","25":"taxable","26":"shipping-taxable","27":"purchasable","28":"product-type-simple"},"acf":[],"yoast_head":"<!-- This site is optimized with the Yoast SEO plugin v27.3 - https:\/\/yoast.com\/product\/yoast-seo-wordpress\/ -->\n<title>RRS Long Lasting - Buy RRS HA Long Lasting &amp; Check Prices at My Lip Filler<\/title>\n<meta name=\"description\" content=\"Shop RRS Long Lasting and RRS HA Long Lasting for exceptional results. Check out HA Long Lasting and prices at MyLipFiller. Buy now for the best deals\" \/>\n<meta name=\"robots\" content=\"index, follow, max-snippet:-1, max-image-preview:large, max-video-preview:-1\" \/>\n<link rel=\"canonical\" href=\"https:\/\/mylipfiller.com\/es\/rrs-ha-long-lasting-1-x-3ml\/\" \/>\n<meta property=\"og:locale\" content=\"es_MX\" \/>\n<meta property=\"og:type\" content=\"article\" \/>\n<meta property=\"og:title\" content=\"RRS Long Lasting - Buy RRS HA Long Lasting &amp; Check Prices at My Lip Filler\" \/>\n<meta property=\"og:description\" content=\"Shop RRS Long Lasting and RRS HA Long Lasting for exceptional results. Check out HA Long Lasting and prices at MyLipFiller. Buy now for the best deals\" \/>\n<meta property=\"og:url\" content=\"https:\/\/mylipfiller.com\/es\/rrs-ha-long-lasting-1-x-3ml\/\" \/>\n<meta property=\"og:site_name\" content=\"My Lip Filler\" \/>\n<meta property=\"article:modified_time\" content=\"2026-01-16T08:58:47+00:00\" \/>\n<meta property=\"og:image\" content=\"https:\/\/cdn.mylipfiller.com\/wp-content\/uploads\/2023\/01\/RRS-Long-Lasting-1.jpg\" \/>\n\t<meta property=\"og:image:width\" content=\"600\" \/>\n\t<meta property=\"og:image:height\" content=\"600\" \/>\n\t<meta property=\"og:image:type\" content=\"image\/jpeg\" \/>\n<meta name=\"twitter:card\" content=\"summary_large_image\" \/>\n<meta name=\"twitter:label1\" content=\"Tiempo de lectura\" \/>\n\t<meta name=\"twitter:data1\" content=\"2 minutos\" \/>\n<script type=\"application\/ld+json\" class=\"yoast-schema-graph\">{\"@context\":\"https:\\\/\\\/schema.org\",\"@graph\":[{\"@type\":\"WebPage\",\"@id\":\"https:\\\/\\\/mylipfiller.com\\\/rrs-ha-long-lasting-1-x-3ml\\\/\",\"url\":\"https:\\\/\\\/mylipfiller.com\\\/rrs-ha-long-lasting-1-x-3ml\\\/\",\"name\":\"RRS Long Lasting - Buy RRS HA Long Lasting & Check Prices at My Lip Filler\",\"isPartOf\":{\"@id\":\"https:\\\/\\\/mylipfiller.com\\\/#website\"},\"primaryImageOfPage\":{\"@id\":\"https:\\\/\\\/mylipfiller.com\\\/rrs-ha-long-lasting-1-x-3ml\\\/#primaryimage\"},\"image\":{\"@id\":\"https:\\\/\\\/mylipfiller.com\\\/rrs-ha-long-lasting-1-x-3ml\\\/#primaryimage\"},\"thumbnailUrl\":\"https:\\\/\\\/mylipfiller.com\\\/wp-content\\\/uploads\\\/2023\\\/01\\\/RRS-Long-Lasting-1.jpg\",\"datePublished\":\"2023-01-27T16:30:35+00:00\",\"dateModified\":\"2026-01-16T08:58:47+00:00\",\"description\":\"Shop RRS Long Lasting and RRS HA Long Lasting for exceptional results. Check out HA Long Lasting and prices at MyLipFiller. Buy now for the best deals\",\"breadcrumb\":{\"@id\":\"https:\\\/\\\/mylipfiller.com\\\/rrs-ha-long-lasting-1-x-3ml\\\/#breadcrumb\"},\"inLanguage\":\"es\",\"potentialAction\":[{\"@type\":\"ReadAction\",\"target\":[\"https:\\\/\\\/mylipfiller.com\\\/rrs-ha-long-lasting-1-x-3ml\\\/\"]}]},{\"@type\":\"ImageObject\",\"inLanguage\":\"es\",\"@id\":\"https:\\\/\\\/mylipfiller.com\\\/rrs-ha-long-lasting-1-x-3ml\\\/#primaryimage\",\"url\":\"https:\\\/\\\/mylipfiller.com\\\/wp-content\\\/uploads\\\/2023\\\/01\\\/RRS-Long-Lasting-1.jpg\",\"contentUrl\":\"https:\\\/\\\/mylipfiller.com\\\/wp-content\\\/uploads\\\/2023\\\/01\\\/RRS-Long-Lasting-1.jpg\",\"width\":600,\"height\":600,\"caption\":\"RRS Long Lasting\"},{\"@type\":\"BreadcrumbList\",\"@id\":\"https:\\\/\\\/mylipfiller.com\\\/rrs-ha-long-lasting-1-x-3ml\\\/#breadcrumb\",\"itemListElement\":[{\"@type\":\"ListItem\",\"position\":1,\"name\":\"Home\",\"item\":\"https:\\\/\\\/mylipfiller.com\\\/\"},{\"@type\":\"ListItem\",\"position\":2,\"name\":\"Shop\",\"item\":\"https:\\\/\\\/mylipfiller.com\\\/shop\\\/\"},{\"@type\":\"ListItem\",\"position\":3,\"name\":\"RRS\u00ae HA Long Lasting (1 x 3ml)\"}]},{\"@type\":\"WebSite\",\"@id\":\"https:\\\/\\\/mylipfiller.com\\\/#website\",\"url\":\"https:\\\/\\\/mylipfiller.com\\\/\",\"name\":\"My Lip Filler\",\"description\":\"Hyaluronic Acid Lip and Dermal Fillers\",\"publisher\":{\"@id\":\"https:\\\/\\\/mylipfiller.com\\\/#organization\"},\"potentialAction\":[{\"@type\":\"SearchAction\",\"target\":{\"@type\":\"EntryPoint\",\"urlTemplate\":\"https:\\\/\\\/mylipfiller.com\\\/?s={search_term_string}\"},\"query-input\":{\"@type\":\"PropertyValueSpecification\",\"valueRequired\":true,\"valueName\":\"search_term_string\"}}],\"inLanguage\":\"es\"},{\"@type\":\"Organization\",\"@id\":\"https:\\\/\\\/mylipfiller.com\\\/#organization\",\"name\":\"My Lip Filler\",\"url\":\"https:\\\/\\\/mylipfiller.com\\\/\",\"logo\":{\"@type\":\"ImageObject\",\"inLanguage\":\"es\",\"@id\":\"https:\\\/\\\/mylipfiller.com\\\/#\\\/schema\\\/logo\\\/image\\\/\",\"url\":\"https:\\\/\\\/mylipfiller.com\\\/wp-content\\\/uploads\\\/2019\\\/02\\\/cropped-My-Lip-Filler-Logo.png\",\"contentUrl\":\"https:\\\/\\\/mylipfiller.com\\\/wp-content\\\/uploads\\\/2019\\\/02\\\/cropped-My-Lip-Filler-Logo.png\",\"width\":240,\"height\":88,\"caption\":\"My Lip Filler\"},\"image\":{\"@id\":\"https:\\\/\\\/mylipfiller.com\\\/#\\\/schema\\\/logo\\\/image\\\/\"}}]}<\/script>\n<!-- \/ Yoast SEO plugin. -->","yoast_head_json":{"title":"RRS Long Lasting - Compre RRS HA Long Lasting y consulte precios en My Lip Filler","description":"Compre RRS Long Lasting y RRS HA Long Lasting para obtener resultados excepcionales. Consulte HA Long Lasting y los precios en MyLipFiller. Compra ahora para obtener las mejores ofertas","robots":{"index":"index","follow":"follow","max-snippet":"max-snippet:-1","max-image-preview":"max-image-preview:large","max-video-preview":"max-video-preview:-1"},"canonical":"https:\/\/mylipfiller.com\/es\/rrs-ha-long-lasting-1-x-3ml\/","og_locale":"es_MX","og_type":"article","og_title":"RRS Long Lasting - Buy RRS HA Long Lasting & Check Prices at My Lip Filler","og_description":"Shop RRS Long Lasting and RRS HA Long Lasting for exceptional results. Check out HA Long Lasting and prices at MyLipFiller. Buy now for the best deals","og_url":"https:\/\/mylipfiller.com\/es\/rrs-ha-long-lasting-1-x-3ml\/","og_site_name":"My Lip Filler","article_modified_time":"2026-01-16T08:58:47+00:00","og_image":[{"width":600,"height":600,"url":"https:\/\/cdn.mylipfiller.com\/wp-content\/uploads\/2023\/01\/RRS-Long-Lasting-1.jpg","type":"image\/jpeg"}],"twitter_card":"summary_large_image","twitter_misc":{"Tiempo de lectura":"2 minutos"},"schema":{"@context":"https:\/\/schema.org","@graph":[{"@type":"WebPage","@id":"https:\/\/mylipfiller.com\/rrs-ha-long-lasting-1-x-3ml\/","url":"https:\/\/mylipfiller.com\/rrs-ha-long-lasting-1-x-3ml\/","name":"RRS Long Lasting - Compre RRS HA Long Lasting y consulte precios en My Lip Filler","isPartOf":{"@id":"https:\/\/mylipfiller.com\/#website"},"primaryImageOfPage":{"@id":"https:\/\/mylipfiller.com\/rrs-ha-long-lasting-1-x-3ml\/#primaryimage"},"image":{"@id":"https:\/\/mylipfiller.com\/rrs-ha-long-lasting-1-x-3ml\/#primaryimage"},"thumbnailUrl":"https:\/\/cdn.mylipfiller.com\/wp-content\/uploads\/2023\/01\/RRS-Long-Lasting-1.jpg","datePublished":"2023-01-27T16:30:35+00:00","dateModified":"2026-01-16T08:58:47+00:00","description":"Compre RRS Long Lasting y RRS HA Long Lasting para obtener resultados excepcionales. Consulte HA Long Lasting y los precios en MyLipFiller. Compra ahora para obtener las mejores ofertas","breadcrumb":{"@id":"https:\/\/mylipfiller.com\/rrs-ha-long-lasting-1-x-3ml\/#breadcrumb"},"inLanguage":"es","potentialAction":[{"@type":"ReadAction","target":["https:\/\/mylipfiller.com\/rrs-ha-long-lasting-1-x-3ml\/"]}]},{"@type":"ImageObject","inLanguage":"es","@id":"https:\/\/mylipfiller.com\/rrs-ha-long-lasting-1-x-3ml\/#primaryimage","url":"https:\/\/cdn.mylipfiller.com\/wp-content\/uploads\/2023\/01\/RRS-Long-Lasting-1.jpg","contentUrl":"https:\/\/cdn.mylipfiller.com\/wp-content\/uploads\/2023\/01\/RRS-Long-Lasting-1.jpg","width":600,"height":600,"caption":"RRS Long Lasting"},{"@type":"BreadcrumbList","@id":"https:\/\/mylipfiller.com\/rrs-ha-long-lasting-1-x-3ml\/#breadcrumb","itemListElement":[{"@type":"ListItem","position":1,"name":"Home","item":"https:\/\/mylipfiller.com\/"},{"@type":"ListItem","position":2,"name":"Shop","item":"https:\/\/mylipfiller.com\/shop\/"},{"@type":"ListItem","position":3,"name":"RRS\u00ae HA Long Lasting (1 x 3ml)"}]},{"@type":"WebSite","@id":"https:\/\/mylipfiller.com\/#website","url":"https:\/\/mylipfiller.com\/","name":"Mi relleno de labios","description":"Rellenos d\u00e9rmicos y de labios con \u00e1cido hialur\u00f3nico","publisher":{"@id":"https:\/\/mylipfiller.com\/#organization"},"potentialAction":[{"@type":"SearchAction","target":{"@type":"EntryPoint","urlTemplate":"https:\/\/mylipfiller.com\/?s={search_term_string}"},"query-input":{"@type":"PropertyValueSpecification","valueRequired":true,"valueName":"search_term_string"}}],"inLanguage":"es"},{"@type":"Organization","@id":"https:\/\/mylipfiller.com\/#organization","name":"Mi relleno de labios","url":"https:\/\/mylipfiller.com\/","logo":{"@type":"ImageObject","inLanguage":"es","@id":"https:\/\/mylipfiller.com\/#\/schema\/logo\/image\/","url":"https:\/\/cdn.mylipfiller.com\/wp-content\/uploads\/2019\/02\/cropped-My-Lip-Filler-Logo.png","contentUrl":"https:\/\/cdn.mylipfiller.com\/wp-content\/uploads\/2019\/02\/cropped-My-Lip-Filler-Logo.png","width":240,"height":88,"caption":"My Lip Filler"},"image":{"@id":"https:\/\/mylipfiller.com\/#\/schema\/logo\/image\/"}}]}},"_links":{"self":[{"href":"https:\/\/mylipfiller.com\/es\/wp-json\/wp\/v2\/product\/38952","targetHints":{"allow":["GET"]}}],"collection":[{"href":"https:\/\/mylipfiller.com\/es\/wp-json\/wp\/v2\/product"}],"about":[{"href":"https:\/\/mylipfiller.com\/es\/wp-json\/wp\/v2\/types\/product"}],"wp:featuredmedia":[{"embeddable":true,"href":"https:\/\/mylipfiller.com\/es\/wp-json\/wp\/v2\/media\/38938"}],"wp:attachment":[{"href":"https:\/\/mylipfiller.com\/es\/wp-json\/wp\/v2\/media?parent=38952"}],"wp:term":[{"taxonomy":"product_brand","embeddable":true,"href":"https:\/\/mylipfiller.com\/es\/wp-json\/wp\/v2\/product_brand?post=38952"},{"taxonomy":"product_cat","embeddable":true,"href":"https:\/\/mylipfiller.com\/es\/wp-json\/wp\/v2\/product_cat?post=38952"},{"taxonomy":"product_tag","embeddable":true,"href":"https:\/\/mylipfiller.com\/es\/wp-json\/wp\/v2\/product_tag?post=38952"}],"curies":[{"name":"gracias","href":"https:\/\/api.w.org\/{rel}","templated":true}]}}