{"id":38961,"date":"2023-01-27T19:00:25","date_gmt":"2023-01-27T17:00:25","guid":{"rendered":"https:\/\/mylipfiller.com\/?post_type=product&#038;p=38961"},"modified":"2024-07-03T17:33:02","modified_gmt":"2024-07-03T15:33:02","slug":"juvenus-strong-pdrn-filler-1-x-2ml","status":"publish","type":"product","link":"https:\/\/mylipfiller.com\/es\/juvenus-strong-pdrn-filler-1-x-2ml\/","title":{"rendered":"Relleno Juvenus Strong PDRN (1 x 2ml)"},"content":{"rendered":"<p>Juvenus Strong es un h\u00edbrido de relleno d\u00e9rmico y mesoterapia, basado en una soluci\u00f3n PDRN, seguro para usar en todo tipo de pieles y una opci\u00f3n vers\u00e1til para cualquiera que busque mejorar la apariencia de su piel y lidiar con problemas o ayudar con:<\/p>\n<ul>\n<li>Hidrataci\u00f3n profunda de la piel<\/li>\n<li>Potente acci\u00f3n antioxidante<\/li>\n<li>Estimulaci\u00f3n del crecimiento de fibroblastos<\/li>\n<li>Alisado de arrugas superficiales<\/li>\n<li>Eliminaci\u00f3n de cicatrices de acn\u00e9.<\/li>\n<li>Restauraci\u00f3n de la elasticidad, suavidad y luminosidad de la piel<\/li>\n<\/ul>\n<h3>Juvenus Strong: el mejor relleno PDRN de su clase<\/h3>\n<p>El ingrediente activo de Juvenus Strong son los polinucle\u00f3tidos (PDRN), que son agentes antienvejecimiento con un efecto rejuvenecedor de la piel muy potente, que en conjunto estimulan la producci\u00f3n de col\u00e1geno y mejoran la elasticidad de la piel. Esto da como resultado un alisado directo de arrugas y l\u00edneas de la piel, al mismo tiempo que reafirma y tonifica la piel.<\/p>\n<p>Adem\u00e1s de sus beneficios antienvejecimiento, Juvenus Strong tambi\u00e9n est\u00e1 dise\u00f1ado para hidratar y nutrir la piel, proporcionando valiosos nutrientes y agentes humectantes.<\/p>\n<p>En general, el relleno Juvenus Strong PDRN es una forma eficaz y vers\u00e1til de tratamiento antienvejecimiento para la piel, que proporciona un rejuvenecimiento r\u00e1pido combinado con un efecto antienvejecimiento duradero y protecci\u00f3n para la piel.<\/p>","protected":false},"excerpt":{"rendered":"<p>Juvenus Strong es un poderoso relleno de terapia antienvejecimiento, en forma de gel de polinucle\u00f3tido polimerizado, que utiliza una mezcla \u00fanica de ingredientes para combatir las l\u00edneas finas, las arrugas y otros signos del envejecimiento, incluido el envejecimiento prematuro que es el resultado de varios factores (ambientales, relacionados con la salud, etc.). Este producto para la eliminaci\u00f3n de arrugas est\u00e1 dise\u00f1ado para usarse en las \u00e1reas de la cara, el cuello y el escote, y es adecuado para todo tipo de piel. Juvenus Strong es una poderosa opci\u00f3n de mesotratamiento antienvejecimiento para dermat\u00f3logos, que se puede usar para tratar las l\u00edneas finas y las arrugas superficiales.<\/p>","protected":false},"featured_media":39003,"template":"","meta":{"_acf_changed":false},"product_brand":[],"product_cat":[171,95,18,32],"product_tag":[138,144,111,126,117,147,106,145,113,143,139,146,108,119,148,127],"class_list":{"0":"post-38961","1":"product","2":"type-product","3":"status-publish","4":"has-post-thumbnail","6":"product_cat-croma-pharma","7":"product_cat-juvenus","8":"product_cat-mesotherapy","9":"product_cat-soft","10":"product_tag-anti-aging","11":"product_tag-anti-wrinkle","12":"product_tag-face","13":"product_tag-fine-lines","14":"product_tag-low-density","15":"product_tag-moisturizing","16":"product_tag-nasolacrimal-furrows","17":"product_tag-nourishing","18":"product_tag-periorbital-area","19":"product_tag-rejuvenating","20":"product_tag-restoration","21":"product_tag-smoothing","22":"product_tag-under-eye","23":"product_tag-up-to-9-months","24":"product_tag-upper-dermis","25":"product_tag-wrinkles-around-the-eyes","27":"first","28":"outofstock","29":"taxable","30":"shipping-taxable","31":"purchasable","32":"product-type-simple"},"acf":[],"yoast_head":"<!-- This site is optimized with the Yoast SEO plugin v27.4 - https:\/\/yoast.com\/product\/yoast-seo-wordpress\/ -->\n<title>Buy Juvenus Strong PDRN Filler (1 x 2ml) - Fillers from My Lip Filler<\/title>\n<meta name=\"description\" content=\"\u2765Buy Juvenus Strong PDRN Filler (1 x 2ml) \u23e9 My Lip Filler online store \u27a6 Quality assurance, reviews, ingredients, best prices!\" \/>\n<meta name=\"robots\" content=\"index, follow, max-snippet:-1, max-image-preview:large, max-video-preview:-1\" \/>\n<link rel=\"canonical\" href=\"https:\/\/mylipfiller.com\/es\/juvenus-strong-pdrn-filler-1-x-2ml\/\" \/>\n<meta property=\"og:locale\" content=\"es_MX\" \/>\n<meta property=\"og:type\" content=\"article\" \/>\n<meta property=\"og:title\" content=\"Buy Juvenus Strong PDRN Filler (1 x 2ml) - Fillers from My Lip Filler\" \/>\n<meta property=\"og:description\" content=\"\u2765Buy Juvenus Strong PDRN Filler (1 x 2ml) \u23e9 My Lip Filler online store \u27a6 Quality assurance, reviews, ingredients, best prices!\" \/>\n<meta property=\"og:url\" content=\"https:\/\/mylipfiller.com\/es\/juvenus-strong-pdrn-filler-1-x-2ml\/\" \/>\n<meta property=\"og:site_name\" content=\"My Lip Filler\" \/>\n<meta property=\"article:modified_time\" content=\"2024-07-03T15:33:02+00:00\" \/>\n<meta property=\"og:image\" content=\"https:\/\/cdn.mylipfiller.com\/wp-content\/uploads\/2023\/01\/Juvenus-Strong.jpg\" \/>\n\t<meta property=\"og:image:width\" content=\"600\" \/>\n\t<meta property=\"og:image:height\" content=\"600\" \/>\n\t<meta property=\"og:image:type\" content=\"image\/jpeg\" \/>\n<meta name=\"twitter:card\" content=\"summary_large_image\" \/>\n<meta name=\"twitter:label1\" content=\"Tiempo de lectura\" \/>\n\t<meta name=\"twitter:data1\" content=\"1 minuto\" \/>\n<script type=\"application\/ld+json\" class=\"yoast-schema-graph\">{\"@context\":\"https:\\\/\\\/schema.org\",\"@graph\":[{\"@type\":\"WebPage\",\"@id\":\"https:\\\/\\\/mylipfiller.com\\\/juvenus-strong-pdrn-filler-1-x-2ml\\\/\",\"url\":\"https:\\\/\\\/mylipfiller.com\\\/juvenus-strong-pdrn-filler-1-x-2ml\\\/\",\"name\":\"Buy Juvenus Strong PDRN Filler (1 x 2ml) - Fillers from My Lip Filler\",\"isPartOf\":{\"@id\":\"https:\\\/\\\/mylipfiller.com\\\/#website\"},\"primaryImageOfPage\":{\"@id\":\"https:\\\/\\\/mylipfiller.com\\\/juvenus-strong-pdrn-filler-1-x-2ml\\\/#primaryimage\"},\"image\":{\"@id\":\"https:\\\/\\\/mylipfiller.com\\\/juvenus-strong-pdrn-filler-1-x-2ml\\\/#primaryimage\"},\"thumbnailUrl\":\"https:\\\/\\\/mylipfiller.com\\\/wp-content\\\/uploads\\\/2023\\\/01\\\/Juvenus-Strong.jpg\",\"datePublished\":\"2023-01-27T17:00:25+00:00\",\"dateModified\":\"2024-07-03T15:33:02+00:00\",\"description\":\"\u2765Buy Juvenus Strong PDRN Filler (1 x 2ml) \u23e9 My Lip Filler online store \u27a6 Quality assurance, reviews, ingredients, best prices!\",\"breadcrumb\":{\"@id\":\"https:\\\/\\\/mylipfiller.com\\\/juvenus-strong-pdrn-filler-1-x-2ml\\\/#breadcrumb\"},\"inLanguage\":\"es\",\"potentialAction\":[{\"@type\":\"ReadAction\",\"target\":[\"https:\\\/\\\/mylipfiller.com\\\/juvenus-strong-pdrn-filler-1-x-2ml\\\/\"]}]},{\"@type\":\"ImageObject\",\"inLanguage\":\"es\",\"@id\":\"https:\\\/\\\/mylipfiller.com\\\/juvenus-strong-pdrn-filler-1-x-2ml\\\/#primaryimage\",\"url\":\"https:\\\/\\\/mylipfiller.com\\\/wp-content\\\/uploads\\\/2023\\\/01\\\/Juvenus-Strong.jpg\",\"contentUrl\":\"https:\\\/\\\/mylipfiller.com\\\/wp-content\\\/uploads\\\/2023\\\/01\\\/Juvenus-Strong.jpg\",\"width\":600,\"height\":600,\"caption\":\"Juvenus Strong\"},{\"@type\":\"BreadcrumbList\",\"@id\":\"https:\\\/\\\/mylipfiller.com\\\/juvenus-strong-pdrn-filler-1-x-2ml\\\/#breadcrumb\",\"itemListElement\":[{\"@type\":\"ListItem\",\"position\":1,\"name\":\"Home\",\"item\":\"https:\\\/\\\/mylipfiller.com\\\/\"},{\"@type\":\"ListItem\",\"position\":2,\"name\":\"Shop\",\"item\":\"https:\\\/\\\/mylipfiller.com\\\/shop\\\/\"},{\"@type\":\"ListItem\",\"position\":3,\"name\":\"Juvenus Strong PDRN Filler (1 x 2ml)\"}]},{\"@type\":\"WebSite\",\"@id\":\"https:\\\/\\\/mylipfiller.com\\\/#website\",\"url\":\"https:\\\/\\\/mylipfiller.com\\\/\",\"name\":\"My Lip Filler\",\"description\":\"Hyaluronic Acid Lip and Dermal Fillers\",\"publisher\":{\"@id\":\"https:\\\/\\\/mylipfiller.com\\\/#organization\"},\"potentialAction\":[{\"@type\":\"SearchAction\",\"target\":{\"@type\":\"EntryPoint\",\"urlTemplate\":\"https:\\\/\\\/mylipfiller.com\\\/?s={search_term_string}\"},\"query-input\":{\"@type\":\"PropertyValueSpecification\",\"valueRequired\":true,\"valueName\":\"search_term_string\"}}],\"inLanguage\":\"es\"},{\"@type\":\"Organization\",\"@id\":\"https:\\\/\\\/mylipfiller.com\\\/#organization\",\"name\":\"My Lip Filler\",\"url\":\"https:\\\/\\\/mylipfiller.com\\\/\",\"logo\":{\"@type\":\"ImageObject\",\"inLanguage\":\"es\",\"@id\":\"https:\\\/\\\/mylipfiller.com\\\/#\\\/schema\\\/logo\\\/image\\\/\",\"url\":\"https:\\\/\\\/mylipfiller.com\\\/wp-content\\\/uploads\\\/2019\\\/02\\\/cropped-My-Lip-Filler-Logo.png\",\"contentUrl\":\"https:\\\/\\\/mylipfiller.com\\\/wp-content\\\/uploads\\\/2019\\\/02\\\/cropped-My-Lip-Filler-Logo.png\",\"width\":240,\"height\":88,\"caption\":\"My Lip Filler\"},\"image\":{\"@id\":\"https:\\\/\\\/mylipfiller.com\\\/#\\\/schema\\\/logo\\\/image\\\/\"}}]}<\/script>\n<!-- \/ Yoast SEO plugin. -->","yoast_head_json":{"title":"Comprar Juvenus Strong PDRN Filler (1 x 2ml) - Rellenos de My Lip Filler","description":"\u2765Comprar Juvenus Strong PDRN Filler (1 x 2ml) \u23e9 Tienda online My Lip Filler \u27a6 Garant\u00eda de calidad, rese\u00f1as, ingredientes, \u00a1los mejores precios!","robots":{"index":"index","follow":"follow","max-snippet":"max-snippet:-1","max-image-preview":"max-image-preview:large","max-video-preview":"max-video-preview:-1"},"canonical":"https:\/\/mylipfiller.com\/es\/juvenus-strong-pdrn-filler-1-x-2ml\/","og_locale":"es_MX","og_type":"article","og_title":"Buy Juvenus Strong PDRN Filler (1 x 2ml) - Fillers from My Lip Filler","og_description":"\u2765Buy Juvenus Strong PDRN Filler (1 x 2ml) \u23e9 My Lip Filler online store \u27a6 Quality assurance, reviews, ingredients, best prices!","og_url":"https:\/\/mylipfiller.com\/es\/juvenus-strong-pdrn-filler-1-x-2ml\/","og_site_name":"My Lip Filler","article_modified_time":"2024-07-03T15:33:02+00:00","og_image":[{"width":600,"height":600,"url":"https:\/\/cdn.mylipfiller.com\/wp-content\/uploads\/2023\/01\/Juvenus-Strong.jpg","type":"image\/jpeg"}],"twitter_card":"summary_large_image","twitter_misc":{"Tiempo de lectura":"1 minuto"},"schema":{"@context":"https:\/\/schema.org","@graph":[{"@type":"WebPage","@id":"https:\/\/mylipfiller.com\/juvenus-strong-pdrn-filler-1-x-2ml\/","url":"https:\/\/mylipfiller.com\/juvenus-strong-pdrn-filler-1-x-2ml\/","name":"Comprar Juvenus Strong PDRN Filler (1 x 2ml) - Rellenos de My Lip Filler","isPartOf":{"@id":"https:\/\/mylipfiller.com\/#website"},"primaryImageOfPage":{"@id":"https:\/\/mylipfiller.com\/juvenus-strong-pdrn-filler-1-x-2ml\/#primaryimage"},"image":{"@id":"https:\/\/mylipfiller.com\/juvenus-strong-pdrn-filler-1-x-2ml\/#primaryimage"},"thumbnailUrl":"https:\/\/cdn.mylipfiller.com\/wp-content\/uploads\/2023\/01\/Juvenus-Strong.jpg","datePublished":"2023-01-27T17:00:25+00:00","dateModified":"2024-07-03T15:33:02+00:00","description":"\u2765Comprar Juvenus Strong PDRN Filler (1 x 2ml) \u23e9 Tienda online My Lip Filler \u27a6 Garant\u00eda de calidad, rese\u00f1as, ingredientes, \u00a1los mejores precios!","breadcrumb":{"@id":"https:\/\/mylipfiller.com\/juvenus-strong-pdrn-filler-1-x-2ml\/#breadcrumb"},"inLanguage":"es","potentialAction":[{"@type":"ReadAction","target":["https:\/\/mylipfiller.com\/juvenus-strong-pdrn-filler-1-x-2ml\/"]}]},{"@type":"ImageObject","inLanguage":"es","@id":"https:\/\/mylipfiller.com\/juvenus-strong-pdrn-filler-1-x-2ml\/#primaryimage","url":"https:\/\/cdn.mylipfiller.com\/wp-content\/uploads\/2023\/01\/Juvenus-Strong.jpg","contentUrl":"https:\/\/cdn.mylipfiller.com\/wp-content\/uploads\/2023\/01\/Juvenus-Strong.jpg","width":600,"height":600,"caption":"Juvenus Strong"},{"@type":"BreadcrumbList","@id":"https:\/\/mylipfiller.com\/juvenus-strong-pdrn-filler-1-x-2ml\/#breadcrumb","itemListElement":[{"@type":"ListItem","position":1,"name":"Home","item":"https:\/\/mylipfiller.com\/"},{"@type":"ListItem","position":2,"name":"Shop","item":"https:\/\/mylipfiller.com\/shop\/"},{"@type":"ListItem","position":3,"name":"Juvenus Strong PDRN Filler (1 x 2ml)"}]},{"@type":"WebSite","@id":"https:\/\/mylipfiller.com\/#website","url":"https:\/\/mylipfiller.com\/","name":"Mi relleno de labios","description":"Rellenos d\u00e9rmicos y de labios con \u00e1cido hialur\u00f3nico","publisher":{"@id":"https:\/\/mylipfiller.com\/#organization"},"potentialAction":[{"@type":"SearchAction","target":{"@type":"EntryPoint","urlTemplate":"https:\/\/mylipfiller.com\/?s={search_term_string}"},"query-input":{"@type":"PropertyValueSpecification","valueRequired":true,"valueName":"search_term_string"}}],"inLanguage":"es"},{"@type":"Organization","@id":"https:\/\/mylipfiller.com\/#organization","name":"Mi relleno de labios","url":"https:\/\/mylipfiller.com\/","logo":{"@type":"ImageObject","inLanguage":"es","@id":"https:\/\/mylipfiller.com\/#\/schema\/logo\/image\/","url":"https:\/\/cdn.mylipfiller.com\/wp-content\/uploads\/2019\/02\/cropped-My-Lip-Filler-Logo.png","contentUrl":"https:\/\/cdn.mylipfiller.com\/wp-content\/uploads\/2019\/02\/cropped-My-Lip-Filler-Logo.png","width":240,"height":88,"caption":"My Lip Filler"},"image":{"@id":"https:\/\/mylipfiller.com\/#\/schema\/logo\/image\/"}}]}},"_links":{"self":[{"href":"https:\/\/mylipfiller.com\/es\/wp-json\/wp\/v2\/product\/38961","targetHints":{"allow":["GET"]}}],"collection":[{"href":"https:\/\/mylipfiller.com\/es\/wp-json\/wp\/v2\/product"}],"about":[{"href":"https:\/\/mylipfiller.com\/es\/wp-json\/wp\/v2\/types\/product"}],"wp:featuredmedia":[{"embeddable":true,"href":"https:\/\/mylipfiller.com\/es\/wp-json\/wp\/v2\/media\/39003"}],"wp:attachment":[{"href":"https:\/\/mylipfiller.com\/es\/wp-json\/wp\/v2\/media?parent=38961"}],"wp:term":[{"taxonomy":"product_brand","embeddable":true,"href":"https:\/\/mylipfiller.com\/es\/wp-json\/wp\/v2\/product_brand?post=38961"},{"taxonomy":"product_cat","embeddable":true,"href":"https:\/\/mylipfiller.com\/es\/wp-json\/wp\/v2\/product_cat?post=38961"},{"taxonomy":"product_tag","embeddable":true,"href":"https:\/\/mylipfiller.com\/es\/wp-json\/wp\/v2\/product_tag?post=38961"}],"curies":[{"name":"gracias","href":"https:\/\/api.w.org\/{rel}","templated":true}]}}