{"id":39006,"date":"2023-01-30T18:47:45","date_gmt":"2023-01-30T16:47:45","guid":{"rendered":"https:\/\/mylipfiller.com\/?post_type=product&#038;p=39006"},"modified":"2024-08-30T08:42:51","modified_gmt":"2024-08-30T06:42:51","slug":"revofil-plus-1-x-1ml","status":"publish","type":"product","link":"https:\/\/mylipfiller.com\/es\/revofil-plus-1-x-1ml\/","title":{"rendered":"Revofil Plus (1 x 1ml)"},"content":{"rendered":"<p>El enfoque principal de REVOFIL Plus, un relleno d\u00e9rmico de vanguardia, es la eliminaci\u00f3n\/relleno de arrugas profundas y l\u00edneas de expresi\u00f3n de apariencia natural, y la restauraci\u00f3n del volumen en las depresiones de la piel en varias \u00e1reas del rostro. El relleno Revofil Plus se basa en una tecnolog\u00eda patentada de p\u00e9ptidos biomim\u00e9ticos. Estos p\u00e9ptidos se utilizan para aumentar el efecto del \u00e1cido hialur\u00f3nico que forma el gel inyectable. El resultado es un realce de labios m\u00e1s duradero y un relleno para eliminar los pliegues de la piel. La duraci\u00f3n estimada del efecto del gel pept\u00eddico HA+ es de una duraci\u00f3n media de 12 meses, gracias a la fuerte inhibici\u00f3n de la hialuronidasa end\u00f3gena.<\/p>\n<p>Inyectado en la piel, Revofil Plus induce la s\u00edntesis end\u00f3gena de col\u00e1geno y \u00e1cido hialur\u00f3nico, que ayuda a tensar y alisar la piel, eliminando las arrugas visibles y dando un aspecto m\u00e1s juvenil. La f\u00f3rmula \u00fanica de Revofil Plus tambi\u00e9n permite que el gel se inyecte suavemente para una experiencia sin dolor, lo que lo convierte en una opci\u00f3n popular entre los pacientes que buscan una soluci\u00f3n sin tiempo de inactividad para el tratamiento de las arrugas de la piel de moderadas a profundas. Aumentar y dar forma a los labios con el relleno Revofil Plus es simplemente un tratamiento sin dolor y con pliegues de la piel.<\/p>\n<p>REVOFIL es adecuado para una variedad de \u00e1reas de tratamiento, que incluyen:<\/p>\n<p>Frente<\/p>\n<ul>\n<li>Puente de la nariz<\/li>\n<li>Pliegues nasolabiales<\/li>\n<li>L\u00edneas de marionetas<\/li>\n<li>regi\u00f3n temporal<\/li>\n<li>mejillas superiores<\/li>\n<li>Levantamiento de labios<\/li>\n<li>Barbilla<\/li>\n<\/ul>\n<p>Cada caja contiene una aguja de 27G \u00bd y el gel se inyecta en un nivel medio a profundo de la dermis para obtener resultados \u00f3ptimos.<\/p>","protected":false},"excerpt":{"rendered":"<p>REVOFIL Plus es una innovadora soluci\u00f3n de relleno d\u00e9rmico HA que utiliza tecnolog\u00eda avanzada de p\u00e9ptidos biomim\u00e9ticos en combinaci\u00f3n con \u00e1cido hialur\u00f3nico reticulado (en forma de gel inyectable) para proporcionar una soluci\u00f3n de aspecto natural para el relleno de arrugas profundas, la eliminaci\u00f3n de l\u00edneas de la piel y el volumen facial. restauracion. Con resultados duraderos y una restauraci\u00f3n natural del volumen y el contorno, REVOFIL es la mejor opci\u00f3n para cualquiera que busque un tratamiento no quir\u00fargico seguro y eficaz para la eliminaci\u00f3n de arrugas profundas y el aumento de labios.<\/p>","protected":false},"featured_media":39009,"template":"","meta":{"_acf_changed":false},"product_brand":[],"product_cat":[89,158,33,18,96],"product_tag":[91,111,151,133,107,145,134,137,120],"class_list":{"0":"post-39006","1":"product","2":"type-product","3":"status-publish","4":"has-post-thumbnail","6":"product_cat-big-holiday-sale","7":"product_cat-caregen","8":"product_cat-lip","9":"product_cat-mesotherapy","10":"product_cat-revofil","11":"product_tag-91","12":"product_tag-face","13":"product_tag-hyaluronic-acid-ha-fillers","14":"product_tag-marionette-lines","15":"product_tag-nasolabial-folds","16":"product_tag-nourishing","17":"product_tag-small-lips","18":"product_tag-south-korea","19":"product_tag-up-to-12-months","21":"first","22":"outofstock","23":"sale","24":"taxable","25":"shipping-taxable","26":"purchasable","27":"product-type-simple"},"acf":[],"yoast_head":"<!-- This site is optimized with the Yoast SEO plugin v27.2 - https:\/\/yoast.com\/product\/yoast-seo-wordpress\/ -->\n<title>Buy Revofil Plus (1 x 1ml) - Fillers from My Lip Filler<\/title>\n<meta name=\"description\" content=\"\u2765Buy Revofil Plus (1 x 1ml) \u23e9 My Lip Filler online store \u27a6 Quality assurance, reviews, ingredients, best prices!\" \/>\n<meta name=\"robots\" content=\"index, follow, max-snippet:-1, max-image-preview:large, max-video-preview:-1\" \/>\n<link rel=\"canonical\" href=\"https:\/\/mylipfiller.com\/es\/revofil-plus-1-x-1ml\/\" \/>\n<meta property=\"og:locale\" content=\"es_MX\" \/>\n<meta property=\"og:type\" content=\"article\" \/>\n<meta property=\"og:title\" content=\"Buy Revofil Plus (1 x 1ml) - Fillers from My Lip Filler\" \/>\n<meta property=\"og:description\" content=\"\u2765Buy Revofil Plus (1 x 1ml) \u23e9 My Lip Filler online store \u27a6 Quality assurance, reviews, ingredients, best prices!\" \/>\n<meta property=\"og:url\" content=\"https:\/\/mylipfiller.com\/es\/revofil-plus-1-x-1ml\/\" \/>\n<meta property=\"og:site_name\" content=\"My Lip Filler\" \/>\n<meta property=\"article:modified_time\" content=\"2024-08-30T06:42:51+00:00\" \/>\n<meta property=\"og:image\" content=\"https:\/\/cdn.mylipfiller.com\/wp-content\/uploads\/2023\/01\/Revofil-Plus.jpg\" \/>\n\t<meta property=\"og:image:width\" content=\"600\" \/>\n\t<meta property=\"og:image:height\" content=\"600\" \/>\n\t<meta property=\"og:image:type\" content=\"image\/jpeg\" \/>\n<meta name=\"twitter:card\" content=\"summary_large_image\" \/>\n<meta name=\"twitter:label1\" content=\"Tiempo de lectura\" \/>\n\t<meta name=\"twitter:data1\" content=\"2 minutos\" \/>\n<script type=\"application\/ld+json\" class=\"yoast-schema-graph\">{\"@context\":\"https:\/\/schema.org\",\"@graph\":[{\"@type\":\"WebPage\",\"@id\":\"https:\/\/mylipfiller.com\/revofil-plus-1-x-1ml\/\",\"url\":\"https:\/\/mylipfiller.com\/revofil-plus-1-x-1ml\/\",\"name\":\"Buy Revofil Plus (1 x 1ml) - Fillers from My Lip Filler\",\"isPartOf\":{\"@id\":\"https:\/\/mylipfiller.com\/#website\"},\"primaryImageOfPage\":{\"@id\":\"https:\/\/mylipfiller.com\/revofil-plus-1-x-1ml\/#primaryimage\"},\"image\":{\"@id\":\"https:\/\/mylipfiller.com\/revofil-plus-1-x-1ml\/#primaryimage\"},\"thumbnailUrl\":\"https:\/\/cdn.mylipfiller.com\/wp-content\/uploads\/2023\/01\/Revofil-Plus.jpg\",\"datePublished\":\"2023-01-30T16:47:45+00:00\",\"dateModified\":\"2024-08-30T06:42:51+00:00\",\"description\":\"\u2765Buy Revofil Plus (1 x 1ml) \u23e9 My Lip Filler online store \u27a6 Quality assurance, reviews, ingredients, best prices!\",\"breadcrumb\":{\"@id\":\"https:\/\/mylipfiller.com\/revofil-plus-1-x-1ml\/#breadcrumb\"},\"inLanguage\":\"es\",\"potentialAction\":[{\"@type\":\"ReadAction\",\"target\":[\"https:\/\/mylipfiller.com\/revofil-plus-1-x-1ml\/\"]}]},{\"@type\":\"ImageObject\",\"inLanguage\":\"es\",\"@id\":\"https:\/\/mylipfiller.com\/revofil-plus-1-x-1ml\/#primaryimage\",\"url\":\"https:\/\/cdn.mylipfiller.com\/wp-content\/uploads\/2023\/01\/Revofil-Plus.jpg\",\"contentUrl\":\"https:\/\/cdn.mylipfiller.com\/wp-content\/uploads\/2023\/01\/Revofil-Plus.jpg\",\"width\":600,\"height\":600,\"caption\":\"Revofil Plus\"},{\"@type\":\"BreadcrumbList\",\"@id\":\"https:\/\/mylipfiller.com\/revofil-plus-1-x-1ml\/#breadcrumb\",\"itemListElement\":[{\"@type\":\"ListItem\",\"position\":1,\"name\":\"Home\",\"item\":\"https:\/\/mylipfiller.com\/\"},{\"@type\":\"ListItem\",\"position\":2,\"name\":\"Shop\",\"item\":\"https:\/\/mylipfiller.com\/shop\/\"},{\"@type\":\"ListItem\",\"position\":3,\"name\":\"Revofil Plus (1 x 1ml)\"}]},{\"@type\":\"WebSite\",\"@id\":\"https:\/\/mylipfiller.com\/#website\",\"url\":\"https:\/\/mylipfiller.com\/\",\"name\":\"My Lip Filler\",\"description\":\"Hyaluronic Acid Lip and Dermal Fillers\",\"publisher\":{\"@id\":\"https:\/\/mylipfiller.com\/#organization\"},\"potentialAction\":[{\"@type\":\"SearchAction\",\"target\":{\"@type\":\"EntryPoint\",\"urlTemplate\":\"https:\/\/mylipfiller.com\/?s={search_term_string}\"},\"query-input\":{\"@type\":\"PropertyValueSpecification\",\"valueRequired\":true,\"valueName\":\"search_term_string\"}}],\"inLanguage\":\"es\"},{\"@type\":\"Organization\",\"@id\":\"https:\/\/mylipfiller.com\/#organization\",\"name\":\"My Lip Filler\",\"url\":\"https:\/\/mylipfiller.com\/\",\"logo\":{\"@type\":\"ImageObject\",\"inLanguage\":\"es\",\"@id\":\"https:\/\/mylipfiller.com\/#\/schema\/logo\/image\/\",\"url\":\"https:\/\/cdn.mylipfiller.com\/wp-content\/uploads\/2019\/02\/cropped-My-Lip-Filler-Logo.png\",\"contentUrl\":\"https:\/\/cdn.mylipfiller.com\/wp-content\/uploads\/2019\/02\/cropped-My-Lip-Filler-Logo.png\",\"width\":240,\"height\":88,\"caption\":\"My Lip Filler\"},\"image\":{\"@id\":\"https:\/\/mylipfiller.com\/#\/schema\/logo\/image\/\"}}]}<\/script>\n<!-- \/ Yoast SEO plugin. -->","yoast_head_json":{"title":"Comprar Revofil Plus (1 x 1ml) - Rellenos de My Lip Filler","description":"\u2765Compra Revofil Plus (1 x 1ml) \u23e9 Tienda online My Lip Filler \u27a6 Garant\u00eda de calidad, rese\u00f1as, ingredientes, \u00a1los mejores precios!","robots":{"index":"index","follow":"follow","max-snippet":"max-snippet:-1","max-image-preview":"max-image-preview:large","max-video-preview":"max-video-preview:-1"},"canonical":"https:\/\/mylipfiller.com\/es\/revofil-plus-1-x-1ml\/","og_locale":"es_MX","og_type":"article","og_title":"Buy Revofil Plus (1 x 1ml) - Fillers from My Lip Filler","og_description":"\u2765Buy Revofil Plus (1 x 1ml) \u23e9 My Lip Filler online store \u27a6 Quality assurance, reviews, ingredients, best prices!","og_url":"https:\/\/mylipfiller.com\/es\/revofil-plus-1-x-1ml\/","og_site_name":"My Lip Filler","article_modified_time":"2024-08-30T06:42:51+00:00","og_image":[{"width":600,"height":600,"url":"https:\/\/cdn.mylipfiller.com\/wp-content\/uploads\/2023\/01\/Revofil-Plus.jpg","type":"image\/jpeg"}],"twitter_card":"summary_large_image","twitter_misc":{"Tiempo de lectura":"2 minutos"},"schema":{"@context":"https:\/\/schema.org","@graph":[{"@type":"WebPage","@id":"https:\/\/mylipfiller.com\/revofil-plus-1-x-1ml\/","url":"https:\/\/mylipfiller.com\/revofil-plus-1-x-1ml\/","name":"Comprar Revofil Plus (1 x 1ml) - Rellenos de My Lip Filler","isPartOf":{"@id":"https:\/\/mylipfiller.com\/#website"},"primaryImageOfPage":{"@id":"https:\/\/mylipfiller.com\/revofil-plus-1-x-1ml\/#primaryimage"},"image":{"@id":"https:\/\/mylipfiller.com\/revofil-plus-1-x-1ml\/#primaryimage"},"thumbnailUrl":"https:\/\/cdn.mylipfiller.com\/wp-content\/uploads\/2023\/01\/Revofil-Plus.jpg","datePublished":"2023-01-30T16:47:45+00:00","dateModified":"2024-08-30T06:42:51+00:00","description":"\u2765Compra Revofil Plus (1 x 1ml) \u23e9 Tienda online My Lip Filler \u27a6 Garant\u00eda de calidad, rese\u00f1as, ingredientes, \u00a1los mejores precios!","breadcrumb":{"@id":"https:\/\/mylipfiller.com\/revofil-plus-1-x-1ml\/#breadcrumb"},"inLanguage":"es","potentialAction":[{"@type":"ReadAction","target":["https:\/\/mylipfiller.com\/revofil-plus-1-x-1ml\/"]}]},{"@type":"ImageObject","inLanguage":"es","@id":"https:\/\/mylipfiller.com\/revofil-plus-1-x-1ml\/#primaryimage","url":"https:\/\/cdn.mylipfiller.com\/wp-content\/uploads\/2023\/01\/Revofil-Plus.jpg","contentUrl":"https:\/\/cdn.mylipfiller.com\/wp-content\/uploads\/2023\/01\/Revofil-Plus.jpg","width":600,"height":600,"caption":"Revofil Plus"},{"@type":"BreadcrumbList","@id":"https:\/\/mylipfiller.com\/revofil-plus-1-x-1ml\/#breadcrumb","itemListElement":[{"@type":"ListItem","position":1,"name":"Home","item":"https:\/\/mylipfiller.com\/"},{"@type":"ListItem","position":2,"name":"Shop","item":"https:\/\/mylipfiller.com\/shop\/"},{"@type":"ListItem","position":3,"name":"Revofil Plus (1 x 1ml)"}]},{"@type":"WebSite","@id":"https:\/\/mylipfiller.com\/#website","url":"https:\/\/mylipfiller.com\/","name":"Mi relleno de labios","description":"Rellenos d\u00e9rmicos y de labios con \u00e1cido hialur\u00f3nico","publisher":{"@id":"https:\/\/mylipfiller.com\/#organization"},"potentialAction":[{"@type":"SearchAction","target":{"@type":"EntryPoint","urlTemplate":"https:\/\/mylipfiller.com\/?s={search_term_string}"},"query-input":{"@type":"PropertyValueSpecification","valueRequired":true,"valueName":"search_term_string"}}],"inLanguage":"es"},{"@type":"Organization","@id":"https:\/\/mylipfiller.com\/#organization","name":"Mi relleno de labios","url":"https:\/\/mylipfiller.com\/","logo":{"@type":"ImageObject","inLanguage":"es","@id":"https:\/\/mylipfiller.com\/#\/schema\/logo\/image\/","url":"https:\/\/cdn.mylipfiller.com\/wp-content\/uploads\/2019\/02\/cropped-My-Lip-Filler-Logo.png","contentUrl":"https:\/\/cdn.mylipfiller.com\/wp-content\/uploads\/2019\/02\/cropped-My-Lip-Filler-Logo.png","width":240,"height":88,"caption":"My Lip Filler"},"image":{"@id":"https:\/\/mylipfiller.com\/#\/schema\/logo\/image\/"}}]}},"_links":{"self":[{"href":"https:\/\/mylipfiller.com\/es\/wp-json\/wp\/v2\/product\/39006","targetHints":{"allow":["GET"]}}],"collection":[{"href":"https:\/\/mylipfiller.com\/es\/wp-json\/wp\/v2\/product"}],"about":[{"href":"https:\/\/mylipfiller.com\/es\/wp-json\/wp\/v2\/types\/product"}],"wp:featuredmedia":[{"embeddable":true,"href":"https:\/\/mylipfiller.com\/es\/wp-json\/wp\/v2\/media\/39009"}],"wp:attachment":[{"href":"https:\/\/mylipfiller.com\/es\/wp-json\/wp\/v2\/media?parent=39006"}],"wp:term":[{"taxonomy":"product_brand","embeddable":true,"href":"https:\/\/mylipfiller.com\/es\/wp-json\/wp\/v2\/product_brand?post=39006"},{"taxonomy":"product_cat","embeddable":true,"href":"https:\/\/mylipfiller.com\/es\/wp-json\/wp\/v2\/product_cat?post=39006"},{"taxonomy":"product_tag","embeddable":true,"href":"https:\/\/mylipfiller.com\/es\/wp-json\/wp\/v2\/product_tag?post=39006"}],"curies":[{"name":"gracias","href":"https:\/\/api.w.org\/{rel}","templated":true}]}}