{"id":39007,"date":"2023-01-30T19:09:47","date_gmt":"2023-01-30T17:09:47","guid":{"rendered":"https:\/\/mylipfiller.com\/?post_type=product&#038;p=39007"},"modified":"2024-07-03T17:33:02","modified_gmt":"2024-07-03T15:33:02","slug":"revofil-fine-1-x-1ml","status":"publish","type":"product","link":"https:\/\/mylipfiller.com\/es\/revofil-fine-1-x-1ml\/","title":{"rendered":"Revofil Fino (1 x 1ml)"},"content":{"rendered":"<p>Revofil Fine se distingue de otros rellenos porque contiene una mayor concentraci\u00f3n de \u00e1cido hialur\u00f3nico libre, que est\u00e1 unido a p\u00e9ptidos, en lugar del PBS est\u00e1ndar entre las mol\u00e9culas de HA reticuladas, lo que ofrece una mayor estabilidad del gel de HA. Este gel de relleno inyectable seguro contiene compuestos naturales y cuenta con una duraci\u00f3n mejorada de al menos 10-12 meses, con una inhibici\u00f3n potenciada de la hialuronidasa end\u00f3gena, que prolonga la duraci\u00f3n del efecto.<\/p>\n<p>El relleno Revofil Fine no solo proporciona un efecto antiarrugas al rellenar directamente las depresiones de la piel, sino que tambi\u00e9n estimula la producci\u00f3n de col\u00e1geno y la s\u00edntesis de HA, para un refuerzo y rejuvenecimiento general de la piel, lo que lleva a una mayor firmeza y firmeza de la piel. El gel es completamente biodegradable en el cuerpo (y seguro), lo que lo convierte en un excelente m\u00e9todo no quir\u00fargico y menos invasivo para la eliminaci\u00f3n de arrugas y el rejuvenecimiento de la piel.<\/p>\n<p>Con un tratamiento est\u00e9tico hecho a medida, con tiempo de inactividad cero garantizado, Revofil Fine brinda resultados instant\u00e1neos y un corto per\u00edodo de recuperaci\u00f3n posterior al tratamiento. Los pacientes pueden volver r\u00e1pidamente a su horario diario.<\/p>\n<h3>Revofil Fine \u2013 par\u00e1metros de relleno<\/h3>\n<p>El paquete est\u00e1ndar de relleno Revofil Fine incluye una jeringa precargada de 1 ml con una aguja de 30G \u00bd. Por el lado de los ingredientes, esta es una concentraci\u00f3n de 23 mg\/ml de gel HA para inyecci\u00f3n.<\/p>\n<p>El relleno est\u00e1 indicado principalmente para la correcci\u00f3n de:<\/p>\n<ul>\n<li>Arrugas superficiales<\/li>\n<li>Lineas finas<\/li>\n<li>cicatrices hundidas<\/li>\n<li>Relleno de todas las arrugas moderadamente pronunciadas<\/li>\n<\/ul>\n<p>La profundidad de inyecci\u00f3n est\u00e1 en la dermis superior.<\/p>","protected":false},"excerpt":{"rendered":"<p>Revofil Fine es un nuevo tipo de relleno para eliminar las arrugas superficiales y las patas de gallo tanto en la cara como en el cuerpo. Su tecnolog\u00eda innovadora garantiza una experiencia de tratamiento sin dolor, utilizando la aguja de pared ultrafina incluida para inyecciones c\u00f3modas. El gel de relleno Revofil Fine contiene una combinaci\u00f3n de \u00e1cido hialur\u00f3nico altamente concentrado, potenciado por p\u00e9ptidos biomim\u00e9ticos, desarrollados por una tecnolog\u00eda patentada, que garantizan resultados duraderos. El gel HA ofrece resultados inmediatos y de aspecto natural en la eliminaci\u00f3n de arrugas, pr\u00e1cticamente sin dejar cicatrices.<\/p>","protected":false},"featured_media":39008,"template":"","meta":{"_acf_changed":false},"product_brand":[],"product_cat":[89,158,18,96,32],"product_tag":[91,144,125,111,126,151,117,145,143,146,137,119,148,127],"class_list":{"0":"post-39007","1":"product","2":"type-product","3":"status-publish","4":"has-post-thumbnail","6":"product_cat-big-holiday-sale","7":"product_cat-caregen","8":"product_cat-mesotherapy","9":"product_cat-revofil","10":"product_cat-soft","11":"product_tag-91","12":"product_tag-anti-wrinkle","13":"product_tag-crows-feet","14":"product_tag-face","15":"product_tag-fine-lines","16":"product_tag-hyaluronic-acid-ha-fillers","17":"product_tag-low-density","18":"product_tag-nourishing","19":"product_tag-rejuvenating","20":"product_tag-smoothing","21":"product_tag-south-korea","22":"product_tag-up-to-9-months","23":"product_tag-upper-dermis","24":"product_tag-wrinkles-around-the-eyes","26":"first","27":"outofstock","28":"sale","29":"taxable","30":"shipping-taxable","31":"purchasable","32":"product-type-simple"},"acf":[],"yoast_head":"<!-- This site is optimized with the Yoast SEO plugin v27.2 - https:\/\/yoast.com\/product\/yoast-seo-wordpress\/ -->\n<title>Buy Revofil Fine (1 x 1ml) - Fillers from My Lip Filler<\/title>\n<meta name=\"description\" content=\"\u2765Buy Revofil Fine (1 x 1ml) \u23e9 My Lip Filler online store \u27a6 Quality assurance, reviews, ingredients, best prices!\" \/>\n<meta name=\"robots\" content=\"index, follow, max-snippet:-1, max-image-preview:large, max-video-preview:-1\" \/>\n<link rel=\"canonical\" href=\"https:\/\/mylipfiller.com\/es\/revofil-fine-1-x-1ml\/\" \/>\n<meta property=\"og:locale\" content=\"es_MX\" \/>\n<meta property=\"og:type\" content=\"article\" \/>\n<meta property=\"og:title\" content=\"Buy Revofil Fine (1 x 1ml) - Fillers from My Lip Filler\" \/>\n<meta property=\"og:description\" content=\"\u2765Buy Revofil Fine (1 x 1ml) \u23e9 My Lip Filler online store \u27a6 Quality assurance, reviews, ingredients, best prices!\" \/>\n<meta property=\"og:url\" content=\"https:\/\/mylipfiller.com\/es\/revofil-fine-1-x-1ml\/\" \/>\n<meta property=\"og:site_name\" content=\"My Lip Filler\" \/>\n<meta property=\"article:modified_time\" content=\"2024-07-03T15:33:02+00:00\" \/>\n<meta property=\"og:image\" content=\"https:\/\/cdn.mylipfiller.com\/wp-content\/uploads\/2023\/01\/Revofil-Fine.jpg\" \/>\n\t<meta property=\"og:image:width\" content=\"600\" \/>\n\t<meta property=\"og:image:height\" content=\"600\" \/>\n\t<meta property=\"og:image:type\" content=\"image\/jpeg\" \/>\n<meta name=\"twitter:card\" content=\"summary_large_image\" \/>\n<meta name=\"twitter:label1\" content=\"Tiempo de lectura\" \/>\n\t<meta name=\"twitter:data1\" content=\"2 minutos\" \/>\n<script type=\"application\/ld+json\" class=\"yoast-schema-graph\">{\"@context\":\"https:\/\/schema.org\",\"@graph\":[{\"@type\":\"WebPage\",\"@id\":\"https:\/\/mylipfiller.com\/revofil-fine-1-x-1ml\/\",\"url\":\"https:\/\/mylipfiller.com\/revofil-fine-1-x-1ml\/\",\"name\":\"Buy Revofil Fine (1 x 1ml) - Fillers from My Lip Filler\",\"isPartOf\":{\"@id\":\"https:\/\/mylipfiller.com\/#website\"},\"primaryImageOfPage\":{\"@id\":\"https:\/\/mylipfiller.com\/revofil-fine-1-x-1ml\/#primaryimage\"},\"image\":{\"@id\":\"https:\/\/mylipfiller.com\/revofil-fine-1-x-1ml\/#primaryimage\"},\"thumbnailUrl\":\"https:\/\/cdn.mylipfiller.com\/wp-content\/uploads\/2023\/01\/Revofil-Fine.jpg\",\"datePublished\":\"2023-01-30T17:09:47+00:00\",\"dateModified\":\"2024-07-03T15:33:02+00:00\",\"description\":\"\u2765Buy Revofil Fine (1 x 1ml) \u23e9 My Lip Filler online store \u27a6 Quality assurance, reviews, ingredients, best prices!\",\"breadcrumb\":{\"@id\":\"https:\/\/mylipfiller.com\/revofil-fine-1-x-1ml\/#breadcrumb\"},\"inLanguage\":\"es\",\"potentialAction\":[{\"@type\":\"ReadAction\",\"target\":[\"https:\/\/mylipfiller.com\/revofil-fine-1-x-1ml\/\"]}]},{\"@type\":\"ImageObject\",\"inLanguage\":\"es\",\"@id\":\"https:\/\/mylipfiller.com\/revofil-fine-1-x-1ml\/#primaryimage\",\"url\":\"https:\/\/cdn.mylipfiller.com\/wp-content\/uploads\/2023\/01\/Revofil-Fine.jpg\",\"contentUrl\":\"https:\/\/cdn.mylipfiller.com\/wp-content\/uploads\/2023\/01\/Revofil-Fine.jpg\",\"width\":600,\"height\":600,\"caption\":\"Revofil Fine\"},{\"@type\":\"BreadcrumbList\",\"@id\":\"https:\/\/mylipfiller.com\/revofil-fine-1-x-1ml\/#breadcrumb\",\"itemListElement\":[{\"@type\":\"ListItem\",\"position\":1,\"name\":\"Home\",\"item\":\"https:\/\/mylipfiller.com\/\"},{\"@type\":\"ListItem\",\"position\":2,\"name\":\"Shop\",\"item\":\"https:\/\/mylipfiller.com\/shop\/\"},{\"@type\":\"ListItem\",\"position\":3,\"name\":\"Revofil Fine (1 x 1ml)\"}]},{\"@type\":\"WebSite\",\"@id\":\"https:\/\/mylipfiller.com\/#website\",\"url\":\"https:\/\/mylipfiller.com\/\",\"name\":\"My Lip Filler\",\"description\":\"Hyaluronic Acid Lip and Dermal Fillers\",\"publisher\":{\"@id\":\"https:\/\/mylipfiller.com\/#organization\"},\"potentialAction\":[{\"@type\":\"SearchAction\",\"target\":{\"@type\":\"EntryPoint\",\"urlTemplate\":\"https:\/\/mylipfiller.com\/?s={search_term_string}\"},\"query-input\":{\"@type\":\"PropertyValueSpecification\",\"valueRequired\":true,\"valueName\":\"search_term_string\"}}],\"inLanguage\":\"es\"},{\"@type\":\"Organization\",\"@id\":\"https:\/\/mylipfiller.com\/#organization\",\"name\":\"My Lip Filler\",\"url\":\"https:\/\/mylipfiller.com\/\",\"logo\":{\"@type\":\"ImageObject\",\"inLanguage\":\"es\",\"@id\":\"https:\/\/mylipfiller.com\/#\/schema\/logo\/image\/\",\"url\":\"https:\/\/cdn.mylipfiller.com\/wp-content\/uploads\/2019\/02\/cropped-My-Lip-Filler-Logo.png\",\"contentUrl\":\"https:\/\/cdn.mylipfiller.com\/wp-content\/uploads\/2019\/02\/cropped-My-Lip-Filler-Logo.png\",\"width\":240,\"height\":88,\"caption\":\"My Lip Filler\"},\"image\":{\"@id\":\"https:\/\/mylipfiller.com\/#\/schema\/logo\/image\/\"}}]}<\/script>\n<!-- \/ Yoast SEO plugin. -->","yoast_head_json":{"title":"Comprar Revofil Fine (1 x 1ml) - Rellenos de My Lip Filler","description":"\u2765Compra Revofil Fine (1 x 1ml) \u23e9 Tienda online My Lip Filler \u27a6 Garant\u00eda de calidad, rese\u00f1as, ingredientes, \u00a1los mejores precios!","robots":{"index":"index","follow":"follow","max-snippet":"max-snippet:-1","max-image-preview":"max-image-preview:large","max-video-preview":"max-video-preview:-1"},"canonical":"https:\/\/mylipfiller.com\/es\/revofil-fine-1-x-1ml\/","og_locale":"es_MX","og_type":"article","og_title":"Buy Revofil Fine (1 x 1ml) - Fillers from My Lip Filler","og_description":"\u2765Buy Revofil Fine (1 x 1ml) \u23e9 My Lip Filler online store \u27a6 Quality assurance, reviews, ingredients, best prices!","og_url":"https:\/\/mylipfiller.com\/es\/revofil-fine-1-x-1ml\/","og_site_name":"My Lip Filler","article_modified_time":"2024-07-03T15:33:02+00:00","og_image":[{"width":600,"height":600,"url":"https:\/\/cdn.mylipfiller.com\/wp-content\/uploads\/2023\/01\/Revofil-Fine.jpg","type":"image\/jpeg"}],"twitter_card":"summary_large_image","twitter_misc":{"Tiempo de lectura":"2 minutos"},"schema":{"@context":"https:\/\/schema.org","@graph":[{"@type":"WebPage","@id":"https:\/\/mylipfiller.com\/revofil-fine-1-x-1ml\/","url":"https:\/\/mylipfiller.com\/revofil-fine-1-x-1ml\/","name":"Comprar Revofil Fine (1 x 1ml) - Rellenos de My Lip Filler","isPartOf":{"@id":"https:\/\/mylipfiller.com\/#website"},"primaryImageOfPage":{"@id":"https:\/\/mylipfiller.com\/revofil-fine-1-x-1ml\/#primaryimage"},"image":{"@id":"https:\/\/mylipfiller.com\/revofil-fine-1-x-1ml\/#primaryimage"},"thumbnailUrl":"https:\/\/cdn.mylipfiller.com\/wp-content\/uploads\/2023\/01\/Revofil-Fine.jpg","datePublished":"2023-01-30T17:09:47+00:00","dateModified":"2024-07-03T15:33:02+00:00","description":"\u2765Compra Revofil Fine (1 x 1ml) \u23e9 Tienda online My Lip Filler \u27a6 Garant\u00eda de calidad, rese\u00f1as, ingredientes, \u00a1los mejores precios!","breadcrumb":{"@id":"https:\/\/mylipfiller.com\/revofil-fine-1-x-1ml\/#breadcrumb"},"inLanguage":"es","potentialAction":[{"@type":"ReadAction","target":["https:\/\/mylipfiller.com\/revofil-fine-1-x-1ml\/"]}]},{"@type":"ImageObject","inLanguage":"es","@id":"https:\/\/mylipfiller.com\/revofil-fine-1-x-1ml\/#primaryimage","url":"https:\/\/cdn.mylipfiller.com\/wp-content\/uploads\/2023\/01\/Revofil-Fine.jpg","contentUrl":"https:\/\/cdn.mylipfiller.com\/wp-content\/uploads\/2023\/01\/Revofil-Fine.jpg","width":600,"height":600,"caption":"Revofil Fine"},{"@type":"BreadcrumbList","@id":"https:\/\/mylipfiller.com\/revofil-fine-1-x-1ml\/#breadcrumb","itemListElement":[{"@type":"ListItem","position":1,"name":"Home","item":"https:\/\/mylipfiller.com\/"},{"@type":"ListItem","position":2,"name":"Shop","item":"https:\/\/mylipfiller.com\/shop\/"},{"@type":"ListItem","position":3,"name":"Revofil Fine (1 x 1ml)"}]},{"@type":"WebSite","@id":"https:\/\/mylipfiller.com\/#website","url":"https:\/\/mylipfiller.com\/","name":"Mi relleno de labios","description":"Rellenos d\u00e9rmicos y de labios con \u00e1cido hialur\u00f3nico","publisher":{"@id":"https:\/\/mylipfiller.com\/#organization"},"potentialAction":[{"@type":"SearchAction","target":{"@type":"EntryPoint","urlTemplate":"https:\/\/mylipfiller.com\/?s={search_term_string}"},"query-input":{"@type":"PropertyValueSpecification","valueRequired":true,"valueName":"search_term_string"}}],"inLanguage":"es"},{"@type":"Organization","@id":"https:\/\/mylipfiller.com\/#organization","name":"Mi relleno de labios","url":"https:\/\/mylipfiller.com\/","logo":{"@type":"ImageObject","inLanguage":"es","@id":"https:\/\/mylipfiller.com\/#\/schema\/logo\/image\/","url":"https:\/\/cdn.mylipfiller.com\/wp-content\/uploads\/2019\/02\/cropped-My-Lip-Filler-Logo.png","contentUrl":"https:\/\/cdn.mylipfiller.com\/wp-content\/uploads\/2019\/02\/cropped-My-Lip-Filler-Logo.png","width":240,"height":88,"caption":"My Lip Filler"},"image":{"@id":"https:\/\/mylipfiller.com\/#\/schema\/logo\/image\/"}}]}},"_links":{"self":[{"href":"https:\/\/mylipfiller.com\/es\/wp-json\/wp\/v2\/product\/39007","targetHints":{"allow":["GET"]}}],"collection":[{"href":"https:\/\/mylipfiller.com\/es\/wp-json\/wp\/v2\/product"}],"about":[{"href":"https:\/\/mylipfiller.com\/es\/wp-json\/wp\/v2\/types\/product"}],"wp:featuredmedia":[{"embeddable":true,"href":"https:\/\/mylipfiller.com\/es\/wp-json\/wp\/v2\/media\/39008"}],"wp:attachment":[{"href":"https:\/\/mylipfiller.com\/es\/wp-json\/wp\/v2\/media?parent=39007"}],"wp:term":[{"taxonomy":"product_brand","embeddable":true,"href":"https:\/\/mylipfiller.com\/es\/wp-json\/wp\/v2\/product_brand?post=39007"},{"taxonomy":"product_cat","embeddable":true,"href":"https:\/\/mylipfiller.com\/es\/wp-json\/wp\/v2\/product_cat?post=39007"},{"taxonomy":"product_tag","embeddable":true,"href":"https:\/\/mylipfiller.com\/es\/wp-json\/wp\/v2\/product_tag?post=39007"}],"curies":[{"name":"gracias","href":"https:\/\/api.w.org\/{rel}","templated":true}]}}