{"id":39031,"date":"2023-01-31T14:54:00","date_gmt":"2023-01-31T12:54:00","guid":{"rendered":"https:\/\/mylipfiller.com\/?post_type=product&#038;p=39031"},"modified":"2024-03-08T18:27:41","modified_gmt":"2024-03-08T16:27:41","slug":"teosyal-rha-3-2-x-1ml","status":"publish","type":"product","link":"https:\/\/mylipfiller.com\/es\/teosyal-rha-3-2-x-1ml\/","title":{"rendered":"Teosyal RHA 3 (2 x 1ml)"},"content":{"rendered":"<p>Desarrollado por TEOXANE Laboratories, el relleno d\u00e9rmico est\u00e1 hecho principalmente de \u00e1cido hialur\u00f3nico purificado, con origen no animal 100%. Tiene una tasa de reticulaci\u00f3n del HA en el gel de relleno inyectable de 3,11 TP3T. Es ideal para zonas din\u00e1micas del rostro con mucha contracci\u00f3n muscular. Estos, como los pliegues nasolabiales, las l\u00edneas de marioneta y los labios (RHA 3 es uno de los mejores rellenos labiales del mercado). Los resultados posteriores a las inyecciones son muy naturales y la intervenci\u00f3n cosm\u00e9tica es pr\u00e1cticamente indistinguible, pero se nota al instante.<\/p>\n<h3>Relleno Teosyal RHA 3 en resumen<\/h3>\n<ul>\n<li>Hecho de \u00e1cido hialur\u00f3nico purificado (23 mg\/mL)<\/li>\n<li>Especialmente dise\u00f1ado para arrugas y pliegues de medianos a profundos.<\/li>\n<li>Se adapta y estira a las expresiones faciales: viscoelasticidad perfecta<\/li>\n<li>Tratamiento indoloro: el gel contiene lidoca\u00ednaLidoca\u00edna<\/li>\n<li>Resultados duraderos<\/li>\n<li>RHA 3 tambi\u00e9n se puede utilizar como relleno de labios de primera calidad.<\/li>\n<\/ul>\n<p>Qu\u00e9 hay en la caja:<\/p>\n<ul>\n<li>2 jeringas de 1 ml<\/li>\n<li>Agujas 27G 1\/2\u2033<\/li>\n<li>2 etiquetas de trazabilidad<\/li>\n<\/ul>\n<p>\u00bfPor qu\u00e9 elegir el RHA 3 de Teoxane?<\/p>\n<ul>\n<li>Es un relleno vers\u00e1til de espesor medio utilizable en m\u00faltiples \u00e1reas.<\/li>\n<li>Se puede utilizar para grandes mejoras en el contorno y el volumen de los labios.<\/li>\n<li>El efecto posterior a la aplicaci\u00f3n dura m\u00e1s que el relleno de gel HA promedio<\/li>\n<li>F\u00e1cil de aplicar y trabajar, efectos adversos m\u00ednimos<\/li>\n<\/ul>","protected":false},"excerpt":{"rendered":"<p>Teosyal RHA 3 es un relleno d\u00e9rmico de alta gama de la marca Euro que ayuda a obtener resultados duraderos para la eliminaci\u00f3n de arrugas profundas y pliegues cut\u00e1neos. Adem\u00e1s, el gel HA es adecuado para agregar y restaurar el volumen. Adem\u00e1s, el relleno RHA 3 se puede utilizar para el aumento de labios, para pacientes que buscan una sensaci\u00f3n de labios m\u00e1s gruesa que la media y un volumen adicional de labios.<\/p>","protected":false},"featured_media":39036,"template":"","meta":{"_acf_changed":false},"product_brand":[],"product_cat":[89,33,68,182],"product_tag":[90,111,136,151,133,107,134,120,116],"class_list":{"0":"post-39031","1":"product","2":"type-product","3":"status-publish","4":"has-post-thumbnail","6":"product_cat-big-holiday-sale","7":"product_cat-lip","8":"product_cat-teosyal","9":"product_cat-teoxane","10":"product_tag-90","11":"product_tag-face","12":"product_tag-france","13":"product_tag-hyaluronic-acid-ha-fillers","14":"product_tag-marionette-lines","15":"product_tag-nasolabial-folds","16":"product_tag-small-lips","17":"product_tag-up-to-12-months","18":"product_tag-with-lidocaine","20":"first","21":"instock","22":"taxable","23":"shipping-taxable","24":"purchasable","25":"product-type-simple"},"acf":[],"yoast_head":"<!-- This site is optimized with the Yoast SEO plugin v27.4 - https:\/\/yoast.com\/product\/yoast-seo-wordpress\/ -->\n<title>Buy Teosyal RHA 3 (2 x 1ml) - Fillers from My Lip Filler<\/title>\n<meta name=\"description\" content=\"\u2765Buy Teosyal RHA 3 (2 x 1ml) \u23e9 My Lip Filler online store \u27a6 Quality assurance, reviews, ingredients, best prices!\" \/>\n<meta name=\"robots\" content=\"index, follow, max-snippet:-1, max-image-preview:large, max-video-preview:-1\" \/>\n<link rel=\"canonical\" href=\"https:\/\/mylipfiller.com\/es\/teosyal-rha-3-2-x-1ml\/\" \/>\n<meta property=\"og:locale\" content=\"es_MX\" \/>\n<meta property=\"og:type\" content=\"article\" \/>\n<meta property=\"og:title\" content=\"Buy Teosyal RHA 3 (2 x 1ml) - Fillers from My Lip Filler\" \/>\n<meta property=\"og:description\" content=\"\u2765Buy Teosyal RHA 3 (2 x 1ml) \u23e9 My Lip Filler online store \u27a6 Quality assurance, reviews, ingredients, best prices!\" \/>\n<meta property=\"og:url\" content=\"https:\/\/mylipfiller.com\/es\/teosyal-rha-3-2-x-1ml\/\" \/>\n<meta property=\"og:site_name\" content=\"My Lip Filler\" \/>\n<meta property=\"article:modified_time\" content=\"2024-03-08T16:27:41+00:00\" \/>\n<meta property=\"og:image\" content=\"https:\/\/cdn.mylipfiller.com\/wp-content\/uploads\/2023\/01\/Teosyal-RHA-3.jpg\" \/>\n\t<meta property=\"og:image:width\" content=\"600\" \/>\n\t<meta property=\"og:image:height\" content=\"600\" \/>\n\t<meta property=\"og:image:type\" content=\"image\/jpeg\" \/>\n<meta name=\"twitter:card\" content=\"summary_large_image\" \/>\n<meta name=\"twitter:label1\" content=\"Tiempo de lectura\" \/>\n\t<meta name=\"twitter:data1\" content=\"2 minutos\" \/>\n<script type=\"application\/ld+json\" class=\"yoast-schema-graph\">{\"@context\":\"https:\\\/\\\/schema.org\",\"@graph\":[{\"@type\":\"WebPage\",\"@id\":\"https:\\\/\\\/mylipfiller.com\\\/teosyal-rha-3-2-x-1ml\\\/\",\"url\":\"https:\\\/\\\/mylipfiller.com\\\/teosyal-rha-3-2-x-1ml\\\/\",\"name\":\"Buy Teosyal RHA 3 (2 x 1ml) - Fillers from My Lip Filler\",\"isPartOf\":{\"@id\":\"https:\\\/\\\/mylipfiller.com\\\/#website\"},\"primaryImageOfPage\":{\"@id\":\"https:\\\/\\\/mylipfiller.com\\\/teosyal-rha-3-2-x-1ml\\\/#primaryimage\"},\"image\":{\"@id\":\"https:\\\/\\\/mylipfiller.com\\\/teosyal-rha-3-2-x-1ml\\\/#primaryimage\"},\"thumbnailUrl\":\"https:\\\/\\\/mylipfiller.com\\\/wp-content\\\/uploads\\\/2023\\\/01\\\/Teosyal-RHA-3.jpg\",\"datePublished\":\"2023-01-31T12:54:00+00:00\",\"dateModified\":\"2024-03-08T16:27:41+00:00\",\"description\":\"\u2765Buy Teosyal RHA 3 (2 x 1ml) \u23e9 My Lip Filler online store \u27a6 Quality assurance, reviews, ingredients, best prices!\",\"breadcrumb\":{\"@id\":\"https:\\\/\\\/mylipfiller.com\\\/teosyal-rha-3-2-x-1ml\\\/#breadcrumb\"},\"inLanguage\":\"es\",\"potentialAction\":[{\"@type\":\"ReadAction\",\"target\":[\"https:\\\/\\\/mylipfiller.com\\\/teosyal-rha-3-2-x-1ml\\\/\"]}]},{\"@type\":\"ImageObject\",\"inLanguage\":\"es\",\"@id\":\"https:\\\/\\\/mylipfiller.com\\\/teosyal-rha-3-2-x-1ml\\\/#primaryimage\",\"url\":\"https:\\\/\\\/mylipfiller.com\\\/wp-content\\\/uploads\\\/2023\\\/01\\\/Teosyal-RHA-3.jpg\",\"contentUrl\":\"https:\\\/\\\/mylipfiller.com\\\/wp-content\\\/uploads\\\/2023\\\/01\\\/Teosyal-RHA-3.jpg\",\"width\":600,\"height\":600,\"caption\":\"Teosyal RHA 3\"},{\"@type\":\"BreadcrumbList\",\"@id\":\"https:\\\/\\\/mylipfiller.com\\\/teosyal-rha-3-2-x-1ml\\\/#breadcrumb\",\"itemListElement\":[{\"@type\":\"ListItem\",\"position\":1,\"name\":\"Home\",\"item\":\"https:\\\/\\\/mylipfiller.com\\\/\"},{\"@type\":\"ListItem\",\"position\":2,\"name\":\"Shop\",\"item\":\"https:\\\/\\\/mylipfiller.com\\\/shop\\\/\"},{\"@type\":\"ListItem\",\"position\":3,\"name\":\"Teosyal RHA 3 (2 x 1ml)\"}]},{\"@type\":\"WebSite\",\"@id\":\"https:\\\/\\\/mylipfiller.com\\\/#website\",\"url\":\"https:\\\/\\\/mylipfiller.com\\\/\",\"name\":\"My Lip Filler\",\"description\":\"Hyaluronic Acid Lip and Dermal Fillers\",\"publisher\":{\"@id\":\"https:\\\/\\\/mylipfiller.com\\\/#organization\"},\"potentialAction\":[{\"@type\":\"SearchAction\",\"target\":{\"@type\":\"EntryPoint\",\"urlTemplate\":\"https:\\\/\\\/mylipfiller.com\\\/?s={search_term_string}\"},\"query-input\":{\"@type\":\"PropertyValueSpecification\",\"valueRequired\":true,\"valueName\":\"search_term_string\"}}],\"inLanguage\":\"es\"},{\"@type\":\"Organization\",\"@id\":\"https:\\\/\\\/mylipfiller.com\\\/#organization\",\"name\":\"My Lip Filler\",\"url\":\"https:\\\/\\\/mylipfiller.com\\\/\",\"logo\":{\"@type\":\"ImageObject\",\"inLanguage\":\"es\",\"@id\":\"https:\\\/\\\/mylipfiller.com\\\/#\\\/schema\\\/logo\\\/image\\\/\",\"url\":\"https:\\\/\\\/mylipfiller.com\\\/wp-content\\\/uploads\\\/2019\\\/02\\\/cropped-My-Lip-Filler-Logo.png\",\"contentUrl\":\"https:\\\/\\\/mylipfiller.com\\\/wp-content\\\/uploads\\\/2019\\\/02\\\/cropped-My-Lip-Filler-Logo.png\",\"width\":240,\"height\":88,\"caption\":\"My Lip Filler\"},\"image\":{\"@id\":\"https:\\\/\\\/mylipfiller.com\\\/#\\\/schema\\\/logo\\\/image\\\/\"}}]}<\/script>\n<!-- \/ Yoast SEO plugin. -->","yoast_head_json":{"title":"Comprar Teosyal RHA 3 (2 x 1ml) - Rellenos de My Lip Filler","description":"\u2765Compra Teosyal RHA 3 (2 x 1ml) \u23e9 Tienda online My Lip Filler \u27a6 Garant\u00eda de calidad, rese\u00f1as, ingredientes, \u00a1los mejores precios!","robots":{"index":"index","follow":"follow","max-snippet":"max-snippet:-1","max-image-preview":"max-image-preview:large","max-video-preview":"max-video-preview:-1"},"canonical":"https:\/\/mylipfiller.com\/es\/teosyal-rha-3-2-x-1ml\/","og_locale":"es_MX","og_type":"article","og_title":"Buy Teosyal RHA 3 (2 x 1ml) - Fillers from My Lip Filler","og_description":"\u2765Buy Teosyal RHA 3 (2 x 1ml) \u23e9 My Lip Filler online store \u27a6 Quality assurance, reviews, ingredients, best prices!","og_url":"https:\/\/mylipfiller.com\/es\/teosyal-rha-3-2-x-1ml\/","og_site_name":"My Lip Filler","article_modified_time":"2024-03-08T16:27:41+00:00","og_image":[{"width":600,"height":600,"url":"https:\/\/cdn.mylipfiller.com\/wp-content\/uploads\/2023\/01\/Teosyal-RHA-3.jpg","type":"image\/jpeg"}],"twitter_card":"summary_large_image","twitter_misc":{"Tiempo de lectura":"2 minutos"},"schema":{"@context":"https:\/\/schema.org","@graph":[{"@type":"WebPage","@id":"https:\/\/mylipfiller.com\/teosyal-rha-3-2-x-1ml\/","url":"https:\/\/mylipfiller.com\/teosyal-rha-3-2-x-1ml\/","name":"Comprar Teosyal RHA 3 (2 x 1ml) - Rellenos de My Lip Filler","isPartOf":{"@id":"https:\/\/mylipfiller.com\/#website"},"primaryImageOfPage":{"@id":"https:\/\/mylipfiller.com\/teosyal-rha-3-2-x-1ml\/#primaryimage"},"image":{"@id":"https:\/\/mylipfiller.com\/teosyal-rha-3-2-x-1ml\/#primaryimage"},"thumbnailUrl":"https:\/\/cdn.mylipfiller.com\/wp-content\/uploads\/2023\/01\/Teosyal-RHA-3.jpg","datePublished":"2023-01-31T12:54:00+00:00","dateModified":"2024-03-08T16:27:41+00:00","description":"\u2765Compra Teosyal RHA 3 (2 x 1ml) \u23e9 Tienda online My Lip Filler \u27a6 Garant\u00eda de calidad, rese\u00f1as, ingredientes, \u00a1los mejores precios!","breadcrumb":{"@id":"https:\/\/mylipfiller.com\/teosyal-rha-3-2-x-1ml\/#breadcrumb"},"inLanguage":"es","potentialAction":[{"@type":"ReadAction","target":["https:\/\/mylipfiller.com\/teosyal-rha-3-2-x-1ml\/"]}]},{"@type":"ImageObject","inLanguage":"es","@id":"https:\/\/mylipfiller.com\/teosyal-rha-3-2-x-1ml\/#primaryimage","url":"https:\/\/cdn.mylipfiller.com\/wp-content\/uploads\/2023\/01\/Teosyal-RHA-3.jpg","contentUrl":"https:\/\/cdn.mylipfiller.com\/wp-content\/uploads\/2023\/01\/Teosyal-RHA-3.jpg","width":600,"height":600,"caption":"Teosyal RHA 3"},{"@type":"BreadcrumbList","@id":"https:\/\/mylipfiller.com\/teosyal-rha-3-2-x-1ml\/#breadcrumb","itemListElement":[{"@type":"ListItem","position":1,"name":"Home","item":"https:\/\/mylipfiller.com\/"},{"@type":"ListItem","position":2,"name":"Shop","item":"https:\/\/mylipfiller.com\/shop\/"},{"@type":"ListItem","position":3,"name":"Teosyal RHA 3 (2 x 1ml)"}]},{"@type":"WebSite","@id":"https:\/\/mylipfiller.com\/#website","url":"https:\/\/mylipfiller.com\/","name":"Mi relleno de labios","description":"Rellenos d\u00e9rmicos y de labios con \u00e1cido hialur\u00f3nico","publisher":{"@id":"https:\/\/mylipfiller.com\/#organization"},"potentialAction":[{"@type":"SearchAction","target":{"@type":"EntryPoint","urlTemplate":"https:\/\/mylipfiller.com\/?s={search_term_string}"},"query-input":{"@type":"PropertyValueSpecification","valueRequired":true,"valueName":"search_term_string"}}],"inLanguage":"es"},{"@type":"Organization","@id":"https:\/\/mylipfiller.com\/#organization","name":"Mi relleno de labios","url":"https:\/\/mylipfiller.com\/","logo":{"@type":"ImageObject","inLanguage":"es","@id":"https:\/\/mylipfiller.com\/#\/schema\/logo\/image\/","url":"https:\/\/cdn.mylipfiller.com\/wp-content\/uploads\/2019\/02\/cropped-My-Lip-Filler-Logo.png","contentUrl":"https:\/\/cdn.mylipfiller.com\/wp-content\/uploads\/2019\/02\/cropped-My-Lip-Filler-Logo.png","width":240,"height":88,"caption":"My Lip Filler"},"image":{"@id":"https:\/\/mylipfiller.com\/#\/schema\/logo\/image\/"}}]}},"_links":{"self":[{"href":"https:\/\/mylipfiller.com\/es\/wp-json\/wp\/v2\/product\/39031","targetHints":{"allow":["GET"]}}],"collection":[{"href":"https:\/\/mylipfiller.com\/es\/wp-json\/wp\/v2\/product"}],"about":[{"href":"https:\/\/mylipfiller.com\/es\/wp-json\/wp\/v2\/types\/product"}],"wp:featuredmedia":[{"embeddable":true,"href":"https:\/\/mylipfiller.com\/es\/wp-json\/wp\/v2\/media\/39036"}],"wp:attachment":[{"href":"https:\/\/mylipfiller.com\/es\/wp-json\/wp\/v2\/media?parent=39031"}],"wp:term":[{"taxonomy":"product_brand","embeddable":true,"href":"https:\/\/mylipfiller.com\/es\/wp-json\/wp\/v2\/product_brand?post=39031"},{"taxonomy":"product_cat","embeddable":true,"href":"https:\/\/mylipfiller.com\/es\/wp-json\/wp\/v2\/product_cat?post=39031"},{"taxonomy":"product_tag","embeddable":true,"href":"https:\/\/mylipfiller.com\/es\/wp-json\/wp\/v2\/product_tag?post=39031"}],"curies":[{"name":"gracias","href":"https:\/\/api.w.org\/{rel}","templated":true}]}}