{"id":39032,"date":"2023-01-31T14:54:42","date_gmt":"2023-01-31T12:54:42","guid":{"rendered":"https:\/\/mylipfiller.com\/?post_type=product&#038;p=39032"},"modified":"2025-05-12T17:21:09","modified_gmt":"2025-05-12T15:21:09","slug":"teosyal-rha-4-2-x-1ml","status":"publish","type":"product","link":"https:\/\/mylipfiller.com\/es\/teosyal-rha-4-2-x-1ml\/","title":{"rendered":"Teosyal RHA 4 (2 x 1,2 ml)"},"content":{"rendered":"<p>\u00bfTu piel se ve cansada y muestra signos de envejecimiento como arrugas muy profundas, pliegues severos y piel fl\u00e1cida? El relleno Teosyal RHA 4 brinda una soluci\u00f3n efectiva para restaurar el volumen perdido en varias \u00e1reas de la piel, como las mejillas. Es m\u00e1s apropiado para \u00e1reas donde se necesita una mayor estabilidad del relleno: l\u00ednea de la mand\u00edbula, p\u00f3mulos, etc.<\/p>\n<h3>Beneficios de Teosyal RHA 4<\/h3>\n<ul>\n<li>Rellena arrugas profundas \/ severas<\/li>\n<li>Agrega volumen en \u00e1reas como las mejillas, la barbilla y las sienes<\/li>\n<li>Proporciona soporte para la piel (efecto lifting)<\/li>\n<li>Tratamiento indoloro sin hinchaz\u00f3n<\/li>\n<li>Resultados duraderos<\/li>\n<\/ul>\n<h3>\u00c1reas de tratamiento<\/h3>\n<p>RHA 4 de Teosyal es un relleno vers\u00e1til. Su densidad gruesa determina que sea el m\u00e1s adecuado para su aplicaci\u00f3n en \u00e1reas tales como:<\/p>\n<ul>\n<li>Las mejillas<\/li>\n<li>Pliegues nasolabiales<\/li>\n<li>L\u00edneas de marionetas<\/li>\n<li>P\u00f3mulos<\/li>\n<li>Barbilla<\/li>\n<li>\u00f3valo de la cara<\/li>\n<\/ul>\n<p>Una de las principales ventajas de los rellenos duros como Teosyal RHA 4 es que ofrecen una alternativa r\u00e1pida, sin dolor y sin tiempo de inactividad a la cirug\u00eda pl\u00e1stica tradicional. Puede reanudar sus actividades diarias poco despu\u00e9s del tratamiento. La duraci\u00f3n media del gel Hialur\u00f3nico, una vez inyectado, es de 9-12 meses, pero se pueden realizar retoques para mantener los resultados y el volumen.<\/p>\n<p>Cada caja de relleno de contorno RHA 4 contiene 2 jeringas precargadas de 1,2 ml de gel HA y dos agujas 27G \u00bd. El producto se basa en una mezcla de \u00e1cido hialur\u00f3nico reticulado y no reticulado, clorhidrato de lidoca\u00edna y tamp\u00f3n fosfato pH 7,3.<\/p>","protected":false},"excerpt":{"rendered":"<p>Teosyal RHA 4 es un relleno d\u00e9rmico restaurador de volumen y contorno facial. Puede reducir los signos del envejecimiento (como los pliegues severos de la piel), pero tambi\u00e9n puede realzar el volumen natural de las mejillas, moldear los p\u00f3mulos y la barbilla y los contornos de la cara. El relleno RHA 4 se presenta en forma de gel inyectable y brinda apoyo, vitalidad y elasticidad a la piel, con un riesgo m\u00ednimo de desplazamiento posterior a la inyecci\u00f3n. Los aumentos al contorno son instant\u00e1neamente visibles y duraderos.<\/p>","protected":false},"featured_media":39037,"template":"","meta":{"_acf_changed":false},"product_brand":[],"product_cat":[89,34,68,182],"product_tag":[90,123,130,131,115,114,111,136,118,151,141,142,135,110,122,124,116],"class_list":{"0":"post-39032","1":"product","2":"type-product","3":"status-publish","4":"has-post-thumbnail","6":"product_cat-big-holiday-sale","7":"product_cat-hard","8":"product_cat-teosyal","9":"product_cat-teoxane","10":"product_tag-90","11":"product_tag-asymmetry","12":"product_tag-cheek-volume","13":"product_tag-cheekbone-contour","14":"product_tag-cheekbones","15":"product_tag-chin","16":"product_tag-face","17":"product_tag-france","18":"product_tag-high-density","19":"product_tag-hyaluronic-acid-ha-fillers","20":"product_tag-lifting","21":"product_tag-modeling","22":"product_tag-small-chin","23":"product_tag-temple","24":"product_tag-up-to-18-months","25":"product_tag-volume","26":"product_tag-with-lidocaine","28":"first","29":"instock","30":"sale","31":"taxable","32":"shipping-taxable","33":"purchasable","34":"product-type-simple"},"acf":[],"yoast_head":"<!-- This site is optimized with the Yoast SEO plugin v27.4 - https:\/\/yoast.com\/product\/yoast-seo-wordpress\/ -->\n<title>Buy Teosyal RHA 4 (2 x 1.2ml) - Fillers from My Lip Filler<\/title>\n<meta name=\"description\" content=\"\u2765Buy Teosyal RHA 4 (2 x 1.2ml) \u23e9 My Lip Filler online store \u27a6 Quality assurance, reviews, ingredients, best prices!\" \/>\n<meta name=\"robots\" content=\"index, follow, max-snippet:-1, max-image-preview:large, max-video-preview:-1\" \/>\n<link rel=\"canonical\" href=\"https:\/\/mylipfiller.com\/es\/teosyal-rha-4-2-x-1ml\/\" \/>\n<meta property=\"og:locale\" content=\"es_MX\" \/>\n<meta property=\"og:type\" content=\"article\" \/>\n<meta property=\"og:title\" content=\"Buy Teosyal RHA 4 (2 x 1.2ml) - Fillers from My Lip Filler\" \/>\n<meta property=\"og:description\" content=\"\u2765Buy Teosyal RHA 4 (2 x 1.2ml) \u23e9 My Lip Filler online store \u27a6 Quality assurance, reviews, ingredients, best prices!\" \/>\n<meta property=\"og:url\" content=\"https:\/\/mylipfiller.com\/es\/teosyal-rha-4-2-x-1ml\/\" \/>\n<meta property=\"og:site_name\" content=\"My Lip Filler\" \/>\n<meta property=\"article:modified_time\" content=\"2025-05-12T15:21:09+00:00\" \/>\n<meta property=\"og:image\" content=\"https:\/\/cdn.mylipfiller.com\/wp-content\/uploads\/2023\/01\/Teosyal-RHA-4.jpg\" \/>\n\t<meta property=\"og:image:width\" content=\"600\" \/>\n\t<meta property=\"og:image:height\" content=\"600\" \/>\n\t<meta property=\"og:image:type\" content=\"image\/jpeg\" \/>\n<meta name=\"twitter:card\" content=\"summary_large_image\" \/>\n<meta name=\"twitter:label1\" content=\"Tiempo de lectura\" \/>\n\t<meta name=\"twitter:data1\" content=\"2 minutos\" \/>\n<script type=\"application\/ld+json\" class=\"yoast-schema-graph\">{\"@context\":\"https:\\\/\\\/schema.org\",\"@graph\":[{\"@type\":\"WebPage\",\"@id\":\"https:\\\/\\\/mylipfiller.com\\\/teosyal-rha-4-2-x-1ml\\\/\",\"url\":\"https:\\\/\\\/mylipfiller.com\\\/teosyal-rha-4-2-x-1ml\\\/\",\"name\":\"Buy Teosyal RHA 4 (2 x 1.2ml) - Fillers from My Lip Filler\",\"isPartOf\":{\"@id\":\"https:\\\/\\\/mylipfiller.com\\\/#website\"},\"primaryImageOfPage\":{\"@id\":\"https:\\\/\\\/mylipfiller.com\\\/teosyal-rha-4-2-x-1ml\\\/#primaryimage\"},\"image\":{\"@id\":\"https:\\\/\\\/mylipfiller.com\\\/teosyal-rha-4-2-x-1ml\\\/#primaryimage\"},\"thumbnailUrl\":\"https:\\\/\\\/mylipfiller.com\\\/wp-content\\\/uploads\\\/2023\\\/01\\\/Teosyal-RHA-4.jpg\",\"datePublished\":\"2023-01-31T12:54:42+00:00\",\"dateModified\":\"2025-05-12T15:21:09+00:00\",\"description\":\"\u2765Buy Teosyal RHA 4 (2 x 1.2ml) \u23e9 My Lip Filler online store \u27a6 Quality assurance, reviews, ingredients, best prices!\",\"breadcrumb\":{\"@id\":\"https:\\\/\\\/mylipfiller.com\\\/teosyal-rha-4-2-x-1ml\\\/#breadcrumb\"},\"inLanguage\":\"es\",\"potentialAction\":[{\"@type\":\"ReadAction\",\"target\":[\"https:\\\/\\\/mylipfiller.com\\\/teosyal-rha-4-2-x-1ml\\\/\"]}]},{\"@type\":\"ImageObject\",\"inLanguage\":\"es\",\"@id\":\"https:\\\/\\\/mylipfiller.com\\\/teosyal-rha-4-2-x-1ml\\\/#primaryimage\",\"url\":\"https:\\\/\\\/mylipfiller.com\\\/wp-content\\\/uploads\\\/2023\\\/01\\\/Teosyal-RHA-4.jpg\",\"contentUrl\":\"https:\\\/\\\/mylipfiller.com\\\/wp-content\\\/uploads\\\/2023\\\/01\\\/Teosyal-RHA-4.jpg\",\"width\":600,\"height\":600,\"caption\":\"Teosyal RHA 4\"},{\"@type\":\"BreadcrumbList\",\"@id\":\"https:\\\/\\\/mylipfiller.com\\\/teosyal-rha-4-2-x-1ml\\\/#breadcrumb\",\"itemListElement\":[{\"@type\":\"ListItem\",\"position\":1,\"name\":\"Home\",\"item\":\"https:\\\/\\\/mylipfiller.com\\\/\"},{\"@type\":\"ListItem\",\"position\":2,\"name\":\"Shop\",\"item\":\"https:\\\/\\\/mylipfiller.com\\\/shop\\\/\"},{\"@type\":\"ListItem\",\"position\":3,\"name\":\"Teosyal RHA 4 (2 x 1.2ml)\"}]},{\"@type\":\"WebSite\",\"@id\":\"https:\\\/\\\/mylipfiller.com\\\/#website\",\"url\":\"https:\\\/\\\/mylipfiller.com\\\/\",\"name\":\"My Lip Filler\",\"description\":\"Hyaluronic Acid Lip and Dermal Fillers\",\"publisher\":{\"@id\":\"https:\\\/\\\/mylipfiller.com\\\/#organization\"},\"potentialAction\":[{\"@type\":\"SearchAction\",\"target\":{\"@type\":\"EntryPoint\",\"urlTemplate\":\"https:\\\/\\\/mylipfiller.com\\\/?s={search_term_string}\"},\"query-input\":{\"@type\":\"PropertyValueSpecification\",\"valueRequired\":true,\"valueName\":\"search_term_string\"}}],\"inLanguage\":\"es\"},{\"@type\":\"Organization\",\"@id\":\"https:\\\/\\\/mylipfiller.com\\\/#organization\",\"name\":\"My Lip Filler\",\"url\":\"https:\\\/\\\/mylipfiller.com\\\/\",\"logo\":{\"@type\":\"ImageObject\",\"inLanguage\":\"es\",\"@id\":\"https:\\\/\\\/mylipfiller.com\\\/#\\\/schema\\\/logo\\\/image\\\/\",\"url\":\"https:\\\/\\\/mylipfiller.com\\\/wp-content\\\/uploads\\\/2019\\\/02\\\/cropped-My-Lip-Filler-Logo.png\",\"contentUrl\":\"https:\\\/\\\/mylipfiller.com\\\/wp-content\\\/uploads\\\/2019\\\/02\\\/cropped-My-Lip-Filler-Logo.png\",\"width\":240,\"height\":88,\"caption\":\"My Lip Filler\"},\"image\":{\"@id\":\"https:\\\/\\\/mylipfiller.com\\\/#\\\/schema\\\/logo\\\/image\\\/\"}}]}<\/script>\n<!-- \/ Yoast SEO plugin. -->","yoast_head_json":{"title":"Comprar Teosyal RHA 4 (2 x 1,2 ml) - Rellenos de My Lip Filler","description":"\u2765Comprar Teosyal RHA 4 (2 x 1.2ml) \u23e9 Mi tienda online de Lip Filler \u27a6 \u00a1Garant\u00eda de calidad, opiniones, ingredientes, mejores precios!","robots":{"index":"index","follow":"follow","max-snippet":"max-snippet:-1","max-image-preview":"max-image-preview:large","max-video-preview":"max-video-preview:-1"},"canonical":"https:\/\/mylipfiller.com\/es\/teosyal-rha-4-2-x-1ml\/","og_locale":"es_MX","og_type":"article","og_title":"Buy Teosyal RHA 4 (2 x 1.2ml) - Fillers from My Lip Filler","og_description":"\u2765Buy Teosyal RHA 4 (2 x 1.2ml) \u23e9 My Lip Filler online store \u27a6 Quality assurance, reviews, ingredients, best prices!","og_url":"https:\/\/mylipfiller.com\/es\/teosyal-rha-4-2-x-1ml\/","og_site_name":"My Lip Filler","article_modified_time":"2025-05-12T15:21:09+00:00","og_image":[{"width":600,"height":600,"url":"https:\/\/cdn.mylipfiller.com\/wp-content\/uploads\/2023\/01\/Teosyal-RHA-4.jpg","type":"image\/jpeg"}],"twitter_card":"summary_large_image","twitter_misc":{"Tiempo de lectura":"2 minutos"},"schema":{"@context":"https:\/\/schema.org","@graph":[{"@type":"WebPage","@id":"https:\/\/mylipfiller.com\/teosyal-rha-4-2-x-1ml\/","url":"https:\/\/mylipfiller.com\/teosyal-rha-4-2-x-1ml\/","name":"Comprar Teosyal RHA 4 (2 x 1,2 ml) - Rellenos de My Lip Filler","isPartOf":{"@id":"https:\/\/mylipfiller.com\/#website"},"primaryImageOfPage":{"@id":"https:\/\/mylipfiller.com\/teosyal-rha-4-2-x-1ml\/#primaryimage"},"image":{"@id":"https:\/\/mylipfiller.com\/teosyal-rha-4-2-x-1ml\/#primaryimage"},"thumbnailUrl":"https:\/\/cdn.mylipfiller.com\/wp-content\/uploads\/2023\/01\/Teosyal-RHA-4.jpg","datePublished":"2023-01-31T12:54:42+00:00","dateModified":"2025-05-12T15:21:09+00:00","description":"\u2765Comprar Teosyal RHA 4 (2 x 1.2ml) \u23e9 Mi tienda online de Lip Filler \u27a6 \u00a1Garant\u00eda de calidad, opiniones, ingredientes, mejores precios!","breadcrumb":{"@id":"https:\/\/mylipfiller.com\/teosyal-rha-4-2-x-1ml\/#breadcrumb"},"inLanguage":"es","potentialAction":[{"@type":"ReadAction","target":["https:\/\/mylipfiller.com\/teosyal-rha-4-2-x-1ml\/"]}]},{"@type":"ImageObject","inLanguage":"es","@id":"https:\/\/mylipfiller.com\/teosyal-rha-4-2-x-1ml\/#primaryimage","url":"https:\/\/cdn.mylipfiller.com\/wp-content\/uploads\/2023\/01\/Teosyal-RHA-4.jpg","contentUrl":"https:\/\/cdn.mylipfiller.com\/wp-content\/uploads\/2023\/01\/Teosyal-RHA-4.jpg","width":600,"height":600,"caption":"Teosyal RHA 4"},{"@type":"BreadcrumbList","@id":"https:\/\/mylipfiller.com\/teosyal-rha-4-2-x-1ml\/#breadcrumb","itemListElement":[{"@type":"ListItem","position":1,"name":"Home","item":"https:\/\/mylipfiller.com\/"},{"@type":"ListItem","position":2,"name":"Shop","item":"https:\/\/mylipfiller.com\/shop\/"},{"@type":"ListItem","position":3,"name":"Teosyal RHA 4 (2 x 1.2ml)"}]},{"@type":"WebSite","@id":"https:\/\/mylipfiller.com\/#website","url":"https:\/\/mylipfiller.com\/","name":"Mi relleno de labios","description":"Rellenos d\u00e9rmicos y de labios con \u00e1cido hialur\u00f3nico","publisher":{"@id":"https:\/\/mylipfiller.com\/#organization"},"potentialAction":[{"@type":"SearchAction","target":{"@type":"EntryPoint","urlTemplate":"https:\/\/mylipfiller.com\/?s={search_term_string}"},"query-input":{"@type":"PropertyValueSpecification","valueRequired":true,"valueName":"search_term_string"}}],"inLanguage":"es"},{"@type":"Organization","@id":"https:\/\/mylipfiller.com\/#organization","name":"Mi relleno de labios","url":"https:\/\/mylipfiller.com\/","logo":{"@type":"ImageObject","inLanguage":"es","@id":"https:\/\/mylipfiller.com\/#\/schema\/logo\/image\/","url":"https:\/\/cdn.mylipfiller.com\/wp-content\/uploads\/2019\/02\/cropped-My-Lip-Filler-Logo.png","contentUrl":"https:\/\/cdn.mylipfiller.com\/wp-content\/uploads\/2019\/02\/cropped-My-Lip-Filler-Logo.png","width":240,"height":88,"caption":"My Lip Filler"},"image":{"@id":"https:\/\/mylipfiller.com\/#\/schema\/logo\/image\/"}}]}},"_links":{"self":[{"href":"https:\/\/mylipfiller.com\/es\/wp-json\/wp\/v2\/product\/39032","targetHints":{"allow":["GET"]}}],"collection":[{"href":"https:\/\/mylipfiller.com\/es\/wp-json\/wp\/v2\/product"}],"about":[{"href":"https:\/\/mylipfiller.com\/es\/wp-json\/wp\/v2\/types\/product"}],"wp:featuredmedia":[{"embeddable":true,"href":"https:\/\/mylipfiller.com\/es\/wp-json\/wp\/v2\/media\/39037"}],"wp:attachment":[{"href":"https:\/\/mylipfiller.com\/es\/wp-json\/wp\/v2\/media?parent=39032"}],"wp:term":[{"taxonomy":"product_brand","embeddable":true,"href":"https:\/\/mylipfiller.com\/es\/wp-json\/wp\/v2\/product_brand?post=39032"},{"taxonomy":"product_cat","embeddable":true,"href":"https:\/\/mylipfiller.com\/es\/wp-json\/wp\/v2\/product_cat?post=39032"},{"taxonomy":"product_tag","embeddable":true,"href":"https:\/\/mylipfiller.com\/es\/wp-json\/wp\/v2\/product_tag?post=39032"}],"curies":[{"name":"gracias","href":"https:\/\/api.w.org\/{rel}","templated":true}]}}