{"id":39033,"date":"2023-01-31T14:54:54","date_gmt":"2023-01-31T12:54:54","guid":{"rendered":"https:\/\/mylipfiller.com\/?post_type=product&#038;p=39033"},"modified":"2024-03-08T18:27:25","modified_gmt":"2024-03-08T16:27:25","slug":"teosyal-rha-kiss-2-x-0-7ml","status":"publish","type":"product","link":"https:\/\/mylipfiller.com\/es\/teosyal-rha-kiss-2-x-0-7ml\/","title":{"rendered":"Beso de Teosyal RHA (2 x 0,7 ml)"},"content":{"rendered":"<p>Teosyal RHA Kiss es un gel de \u00e1cido hialur\u00f3nico fabricado en Suiza de la m\u00e1s alta calidad y uno de los mejores rellenos labiales del mercado. Es parte de la colecci\u00f3n Teosyal LipUnique, que tambi\u00e9n incluye los rellenos de \u00e1cido hialur\u00f3nico RHA 1-4, que est\u00e1n dise\u00f1ados para tratar cualquier cosa, desde l\u00edneas finas hasta dar volumen a los labios y contornear el \u00f3valo facial. Aunque el RHA 2 y 3 tambi\u00e9n son buenas opciones, es el RHA Kiss el designado &quot;relleno de labios&quot; de la serie.<\/p>\n<p>El relleno RHA Kiss ofrece la misma composici\u00f3n premium y propiedades reol\u00f3gicas que el RHA 2, pero con ajustes adicionales para que sea perfecto para usar con los labios. Tambi\u00e9n se caracteriza por el menor volumen de 0,7 ml por jeringa, lo que permite correcciones m\u00e1s afinadas de los labios sin excesos. Al igual que el RHA 2 se puede usar para los labios, aunque principalmente un relleno de arrugas, el RHA Kiss no solo agrega volumen a los labios, sino que es una buena opci\u00f3n para arrugas y pliegues de moderados a profundos, por lo que se puede usar la misma caja para ambos labios. realce y correcci\u00f3n del pliegue nasolabial.<\/p>\n<p>La contrici\u00f3n de HA de RHA Kiss es de 23 mg\/mL, y al igual que los otros rellenos de RHA, tambi\u00e9n tiene lidoca\u00edna 0.3%, lo que la convierte en una soluci\u00f3n m\u00e1s c\u00f3moda y sin dolor para los procedimientos de mejora de labios, relleno de l\u00edneas de marionetas, eliminaci\u00f3n de pliegues nasolabiales, etc.<\/p>\n<h3>Razones para optar por Teosyal RHA Kiss:<\/h3>\n<ul>\n<li>A\u00f1adir o restaurar el volumen de los labios<\/li>\n<li>Remodela el contorno de los labios con solo un peque\u00f1o volumen de gel<\/li>\n<li>Gel especialmente dise\u00f1ado en t\u00e9rminos de viscoelasticidad<\/li>\n<li>Resultados duraderos de mejora de labios.<\/li>\n<\/ul>\n<p>Este es un kit completo, por lo que una caja de Teosyal RHA Kiss contiene todas las herramientas necesarias para que un dermat\u00f3logo o esteticista realice un procedimiento de aumento de labios o relleno de pliegues cut\u00e1neos. Cada una de las dos jeringas precargadas se puede utilizar directamente con las agujas muy finas est\u00e9riles (dos por relleno). Las jeringas en s\u00ed est\u00e1n hechas de vidrio y son muy ergon\u00f3micas y f\u00e1ciles de operar, con una graduaci\u00f3n de alta precisi\u00f3n y un eje giratorio de 360\u00b0, que permiten una inyecci\u00f3n f\u00e1cil y precisa con un control preciso y constante del flujo de relleno d\u00e9rmico.<\/p>","protected":false},"excerpt":{"rendered":"<p>Teosyal RHA Kiss es un relleno de \u00e1cido hialur\u00f3nico para el aumento de labios, de la serie RHA de Teoxane. Su enfoque principal es el uso en el \u00e1rea de los labios para mejorar el contorno de los labios, agregando volumen y &quot;llenura&quot;. El relleno est\u00e1 especialmente desarrollado para tener la viscoelasticidad perfecta para mucho movimiento y contracci\u00f3n muscular y una peque\u00f1a cantidad de gel es suficiente para una diferencia notable. Teosyal RHA Kiss tiene un efecto de apariencia natural que solo se aplica en los labios y se espera que dure de 6 a 8 meses.<\/p>","protected":false},"featured_media":39038,"template":"","meta":{"_acf_changed":false},"product_brand":[],"product_cat":[89,33,68,182],"product_tag":[90,111,136,151,133,107,134,120,116],"class_list":{"0":"post-39033","1":"product","2":"type-product","3":"status-publish","4":"has-post-thumbnail","6":"product_cat-big-holiday-sale","7":"product_cat-lip","8":"product_cat-teosyal","9":"product_cat-teoxane","10":"product_tag-90","11":"product_tag-face","12":"product_tag-france","13":"product_tag-hyaluronic-acid-ha-fillers","14":"product_tag-marionette-lines","15":"product_tag-nasolabial-folds","16":"product_tag-small-lips","17":"product_tag-up-to-12-months","18":"product_tag-with-lidocaine","20":"first","21":"instock","22":"taxable","23":"shipping-taxable","24":"purchasable","25":"product-type-simple"},"acf":[],"yoast_head":"<!-- This site is optimized with the Yoast SEO plugin v27.4 - https:\/\/yoast.com\/product\/yoast-seo-wordpress\/ -->\n<title>Buy Teosyal RHA Kiss (2 x 0.7ml) - Fillers from My Lip Filler<\/title>\n<meta name=\"description\" content=\"\u2765Buy Teosyal RHA Kiss (2 x 0.7ml) \u23e9 My Lip Filler online store \u27a6 Quality assurance, reviews, ingredients, best prices!\" \/>\n<meta name=\"robots\" content=\"index, follow, max-snippet:-1, max-image-preview:large, max-video-preview:-1\" \/>\n<link rel=\"canonical\" href=\"https:\/\/mylipfiller.com\/es\/teosyal-rha-kiss-2-x-0-7ml\/\" \/>\n<meta property=\"og:locale\" content=\"es_MX\" \/>\n<meta property=\"og:type\" content=\"article\" \/>\n<meta property=\"og:title\" content=\"Buy Teosyal RHA Kiss (2 x 0.7ml) - Fillers from My Lip Filler\" \/>\n<meta property=\"og:description\" content=\"\u2765Buy Teosyal RHA Kiss (2 x 0.7ml) \u23e9 My Lip Filler online store \u27a6 Quality assurance, reviews, ingredients, best prices!\" \/>\n<meta property=\"og:url\" content=\"https:\/\/mylipfiller.com\/es\/teosyal-rha-kiss-2-x-0-7ml\/\" \/>\n<meta property=\"og:site_name\" content=\"My Lip Filler\" \/>\n<meta property=\"article:modified_time\" content=\"2024-03-08T16:27:25+00:00\" \/>\n<meta property=\"og:image\" content=\"https:\/\/cdn.mylipfiller.com\/wp-content\/uploads\/2023\/01\/Teosyal-RHA-Kiss.jpg\" \/>\n\t<meta property=\"og:image:width\" content=\"600\" \/>\n\t<meta property=\"og:image:height\" content=\"600\" \/>\n\t<meta property=\"og:image:type\" content=\"image\/jpeg\" \/>\n<meta name=\"twitter:card\" content=\"summary_large_image\" \/>\n<meta name=\"twitter:label1\" content=\"Tiempo de lectura\" \/>\n\t<meta name=\"twitter:data1\" content=\"2 minutos\" \/>\n<script type=\"application\/ld+json\" class=\"yoast-schema-graph\">{\"@context\":\"https:\\\/\\\/schema.org\",\"@graph\":[{\"@type\":\"WebPage\",\"@id\":\"https:\\\/\\\/mylipfiller.com\\\/teosyal-rha-kiss-2-x-0-7ml\\\/\",\"url\":\"https:\\\/\\\/mylipfiller.com\\\/teosyal-rha-kiss-2-x-0-7ml\\\/\",\"name\":\"Buy Teosyal RHA Kiss (2 x 0.7ml) - Fillers from My Lip Filler\",\"isPartOf\":{\"@id\":\"https:\\\/\\\/mylipfiller.com\\\/#website\"},\"primaryImageOfPage\":{\"@id\":\"https:\\\/\\\/mylipfiller.com\\\/teosyal-rha-kiss-2-x-0-7ml\\\/#primaryimage\"},\"image\":{\"@id\":\"https:\\\/\\\/mylipfiller.com\\\/teosyal-rha-kiss-2-x-0-7ml\\\/#primaryimage\"},\"thumbnailUrl\":\"https:\\\/\\\/mylipfiller.com\\\/wp-content\\\/uploads\\\/2023\\\/01\\\/Teosyal-RHA-Kiss.jpg\",\"datePublished\":\"2023-01-31T12:54:54+00:00\",\"dateModified\":\"2024-03-08T16:27:25+00:00\",\"description\":\"\u2765Buy Teosyal RHA Kiss (2 x 0.7ml) \u23e9 My Lip Filler online store \u27a6 Quality assurance, reviews, ingredients, best prices!\",\"breadcrumb\":{\"@id\":\"https:\\\/\\\/mylipfiller.com\\\/teosyal-rha-kiss-2-x-0-7ml\\\/#breadcrumb\"},\"inLanguage\":\"es\",\"potentialAction\":[{\"@type\":\"ReadAction\",\"target\":[\"https:\\\/\\\/mylipfiller.com\\\/teosyal-rha-kiss-2-x-0-7ml\\\/\"]}]},{\"@type\":\"ImageObject\",\"inLanguage\":\"es\",\"@id\":\"https:\\\/\\\/mylipfiller.com\\\/teosyal-rha-kiss-2-x-0-7ml\\\/#primaryimage\",\"url\":\"https:\\\/\\\/mylipfiller.com\\\/wp-content\\\/uploads\\\/2023\\\/01\\\/Teosyal-RHA-Kiss.jpg\",\"contentUrl\":\"https:\\\/\\\/mylipfiller.com\\\/wp-content\\\/uploads\\\/2023\\\/01\\\/Teosyal-RHA-Kiss.jpg\",\"width\":600,\"height\":600,\"caption\":\"Teosyal RHA Kiss\"},{\"@type\":\"BreadcrumbList\",\"@id\":\"https:\\\/\\\/mylipfiller.com\\\/teosyal-rha-kiss-2-x-0-7ml\\\/#breadcrumb\",\"itemListElement\":[{\"@type\":\"ListItem\",\"position\":1,\"name\":\"Home\",\"item\":\"https:\\\/\\\/mylipfiller.com\\\/\"},{\"@type\":\"ListItem\",\"position\":2,\"name\":\"Shop\",\"item\":\"https:\\\/\\\/mylipfiller.com\\\/shop\\\/\"},{\"@type\":\"ListItem\",\"position\":3,\"name\":\"Teosyal RHA Kiss (2 x 0.7ml)\"}]},{\"@type\":\"WebSite\",\"@id\":\"https:\\\/\\\/mylipfiller.com\\\/#website\",\"url\":\"https:\\\/\\\/mylipfiller.com\\\/\",\"name\":\"My Lip Filler\",\"description\":\"Hyaluronic Acid Lip and Dermal Fillers\",\"publisher\":{\"@id\":\"https:\\\/\\\/mylipfiller.com\\\/#organization\"},\"potentialAction\":[{\"@type\":\"SearchAction\",\"target\":{\"@type\":\"EntryPoint\",\"urlTemplate\":\"https:\\\/\\\/mylipfiller.com\\\/?s={search_term_string}\"},\"query-input\":{\"@type\":\"PropertyValueSpecification\",\"valueRequired\":true,\"valueName\":\"search_term_string\"}}],\"inLanguage\":\"es\"},{\"@type\":\"Organization\",\"@id\":\"https:\\\/\\\/mylipfiller.com\\\/#organization\",\"name\":\"My Lip Filler\",\"url\":\"https:\\\/\\\/mylipfiller.com\\\/\",\"logo\":{\"@type\":\"ImageObject\",\"inLanguage\":\"es\",\"@id\":\"https:\\\/\\\/mylipfiller.com\\\/#\\\/schema\\\/logo\\\/image\\\/\",\"url\":\"https:\\\/\\\/mylipfiller.com\\\/wp-content\\\/uploads\\\/2019\\\/02\\\/cropped-My-Lip-Filler-Logo.png\",\"contentUrl\":\"https:\\\/\\\/mylipfiller.com\\\/wp-content\\\/uploads\\\/2019\\\/02\\\/cropped-My-Lip-Filler-Logo.png\",\"width\":240,\"height\":88,\"caption\":\"My Lip Filler\"},\"image\":{\"@id\":\"https:\\\/\\\/mylipfiller.com\\\/#\\\/schema\\\/logo\\\/image\\\/\"}}]}<\/script>\n<!-- \/ Yoast SEO plugin. -->","yoast_head_json":{"title":"Compre Teosyal RHA Kiss (2 x 0,7 ml) - Rellenos de My Lip Filler","description":"\u2765Compre Teosyal RHA Kiss (2 x 0,7 ml) \u23e9 Tienda online My Lip Filler \u27a6 Garant\u00eda de calidad, rese\u00f1as, ingredientes, \u00a1los mejores precios!","robots":{"index":"index","follow":"follow","max-snippet":"max-snippet:-1","max-image-preview":"max-image-preview:large","max-video-preview":"max-video-preview:-1"},"canonical":"https:\/\/mylipfiller.com\/es\/teosyal-rha-kiss-2-x-0-7ml\/","og_locale":"es_MX","og_type":"article","og_title":"Buy Teosyal RHA Kiss (2 x 0.7ml) - Fillers from My Lip Filler","og_description":"\u2765Buy Teosyal RHA Kiss (2 x 0.7ml) \u23e9 My Lip Filler online store \u27a6 Quality assurance, reviews, ingredients, best prices!","og_url":"https:\/\/mylipfiller.com\/es\/teosyal-rha-kiss-2-x-0-7ml\/","og_site_name":"My Lip Filler","article_modified_time":"2024-03-08T16:27:25+00:00","og_image":[{"width":600,"height":600,"url":"https:\/\/cdn.mylipfiller.com\/wp-content\/uploads\/2023\/01\/Teosyal-RHA-Kiss.jpg","type":"image\/jpeg"}],"twitter_card":"summary_large_image","twitter_misc":{"Tiempo de lectura":"2 minutos"},"schema":{"@context":"https:\/\/schema.org","@graph":[{"@type":"WebPage","@id":"https:\/\/mylipfiller.com\/teosyal-rha-kiss-2-x-0-7ml\/","url":"https:\/\/mylipfiller.com\/teosyal-rha-kiss-2-x-0-7ml\/","name":"Compre Teosyal RHA Kiss (2 x 0,7 ml) - Rellenos de My Lip Filler","isPartOf":{"@id":"https:\/\/mylipfiller.com\/#website"},"primaryImageOfPage":{"@id":"https:\/\/mylipfiller.com\/teosyal-rha-kiss-2-x-0-7ml\/#primaryimage"},"image":{"@id":"https:\/\/mylipfiller.com\/teosyal-rha-kiss-2-x-0-7ml\/#primaryimage"},"thumbnailUrl":"https:\/\/cdn.mylipfiller.com\/wp-content\/uploads\/2023\/01\/Teosyal-RHA-Kiss.jpg","datePublished":"2023-01-31T12:54:54+00:00","dateModified":"2024-03-08T16:27:25+00:00","description":"\u2765Compre Teosyal RHA Kiss (2 x 0,7 ml) \u23e9 Tienda online My Lip Filler \u27a6 Garant\u00eda de calidad, rese\u00f1as, ingredientes, \u00a1los mejores precios!","breadcrumb":{"@id":"https:\/\/mylipfiller.com\/teosyal-rha-kiss-2-x-0-7ml\/#breadcrumb"},"inLanguage":"es","potentialAction":[{"@type":"ReadAction","target":["https:\/\/mylipfiller.com\/teosyal-rha-kiss-2-x-0-7ml\/"]}]},{"@type":"ImageObject","inLanguage":"es","@id":"https:\/\/mylipfiller.com\/teosyal-rha-kiss-2-x-0-7ml\/#primaryimage","url":"https:\/\/cdn.mylipfiller.com\/wp-content\/uploads\/2023\/01\/Teosyal-RHA-Kiss.jpg","contentUrl":"https:\/\/cdn.mylipfiller.com\/wp-content\/uploads\/2023\/01\/Teosyal-RHA-Kiss.jpg","width":600,"height":600,"caption":"Teosyal RHA Kiss"},{"@type":"BreadcrumbList","@id":"https:\/\/mylipfiller.com\/teosyal-rha-kiss-2-x-0-7ml\/#breadcrumb","itemListElement":[{"@type":"ListItem","position":1,"name":"Home","item":"https:\/\/mylipfiller.com\/"},{"@type":"ListItem","position":2,"name":"Shop","item":"https:\/\/mylipfiller.com\/shop\/"},{"@type":"ListItem","position":3,"name":"Teosyal RHA Kiss (2 x 0.7ml)"}]},{"@type":"WebSite","@id":"https:\/\/mylipfiller.com\/#website","url":"https:\/\/mylipfiller.com\/","name":"Mi relleno de labios","description":"Rellenos d\u00e9rmicos y de labios con \u00e1cido hialur\u00f3nico","publisher":{"@id":"https:\/\/mylipfiller.com\/#organization"},"potentialAction":[{"@type":"SearchAction","target":{"@type":"EntryPoint","urlTemplate":"https:\/\/mylipfiller.com\/?s={search_term_string}"},"query-input":{"@type":"PropertyValueSpecification","valueRequired":true,"valueName":"search_term_string"}}],"inLanguage":"es"},{"@type":"Organization","@id":"https:\/\/mylipfiller.com\/#organization","name":"Mi relleno de labios","url":"https:\/\/mylipfiller.com\/","logo":{"@type":"ImageObject","inLanguage":"es","@id":"https:\/\/mylipfiller.com\/#\/schema\/logo\/image\/","url":"https:\/\/cdn.mylipfiller.com\/wp-content\/uploads\/2019\/02\/cropped-My-Lip-Filler-Logo.png","contentUrl":"https:\/\/cdn.mylipfiller.com\/wp-content\/uploads\/2019\/02\/cropped-My-Lip-Filler-Logo.png","width":240,"height":88,"caption":"My Lip Filler"},"image":{"@id":"https:\/\/mylipfiller.com\/#\/schema\/logo\/image\/"}}]}},"_links":{"self":[{"href":"https:\/\/mylipfiller.com\/es\/wp-json\/wp\/v2\/product\/39033","targetHints":{"allow":["GET"]}}],"collection":[{"href":"https:\/\/mylipfiller.com\/es\/wp-json\/wp\/v2\/product"}],"about":[{"href":"https:\/\/mylipfiller.com\/es\/wp-json\/wp\/v2\/types\/product"}],"wp:featuredmedia":[{"embeddable":true,"href":"https:\/\/mylipfiller.com\/es\/wp-json\/wp\/v2\/media\/39038"}],"wp:attachment":[{"href":"https:\/\/mylipfiller.com\/es\/wp-json\/wp\/v2\/media?parent=39033"}],"wp:term":[{"taxonomy":"product_brand","embeddable":true,"href":"https:\/\/mylipfiller.com\/es\/wp-json\/wp\/v2\/product_brand?post=39033"},{"taxonomy":"product_cat","embeddable":true,"href":"https:\/\/mylipfiller.com\/es\/wp-json\/wp\/v2\/product_cat?post=39033"},{"taxonomy":"product_tag","embeddable":true,"href":"https:\/\/mylipfiller.com\/es\/wp-json\/wp\/v2\/product_tag?post=39033"}],"curies":[{"name":"gracias","href":"https:\/\/api.w.org\/{rel}","templated":true}]}}