{"id":39034,"date":"2023-01-31T15:31:40","date_gmt":"2023-01-31T13:31:40","guid":{"rendered":"https:\/\/mylipfiller.com\/?post_type=product&#038;p=39034"},"modified":"2024-03-08T18:27:19","modified_gmt":"2024-03-08T16:27:19","slug":"teosyal-puresense-ultra-deep-2-x-1-2ml","status":"publish","type":"product","link":"https:\/\/mylipfiller.com\/es\/teosyal-puresense-ultra-deep-2-x-1-2ml\/","title":{"rendered":"Teosyal Puresense Ultra Profundo (2 x 1,2 ml)"},"content":{"rendered":"<p>Como parte de la l\u00ednea Puresense de Teoxane, UItra Deep es un relleno con certificaci\u00f3n CE con un espesor superior al promedio, fabricado en Suiza. Se utiliza exclusivamente para el rostro, mejora el contorno en zonas como las mejillas y el ment\u00f3n, pero tambi\u00e9n para corregir arrugas profundas. Debido a las propiedades especiales del \u00e1cido hialur\u00f3nico, que es natural en el cuerpo humano, para unir las mol\u00e9culas de agua en la piel, el desarrollador de gel HA se puede usar de manera efectiva para agregar volumen y rellenar las arrugas.<\/p>\n<p>Los profesionales (dermat\u00f3logos, cirujanos pl\u00e1sticos, esteticistas) prefieren TEOSYAL PureSense Ultra Deep por sus resultados de aspecto natural que duran un per\u00edodo prolongado. El relleno se caracteriza por un proceso de inyecci\u00f3n c\u00f3modo y sin dolor, y un riesgo m\u00ednimo de complicaciones o efectos secundarios (moretones, erupciones, enrojecimiento, etc.).<\/p>\n<p>Teosyal PureSense Ultra Deep se inyecta en la dermis profunda o en el tejido subcut\u00e1neo mediante la t\u00e9cnica especial Bio Aesthetic Points. La esencia del m\u00e9todo BAP es inyectar el producto en puntos espec\u00edficos de la cara para lograr un efecto \u00f3ptimo, al mismo tiempo que se reduce el riesgo de hematomas e hinchaz\u00f3n.<\/p>\n<p>Una aplicaci\u00f3n adicional de Teosyal PureSense Ultra Deep es el aumento de labios. M\u00e1s grueso que el relleno de labios promedio, Ultra Deep es una soluci\u00f3n excelente para pacientes que buscan un efecto m\u00e1s voluminoso y una sensaci\u00f3n m\u00e1s dura del labio (no muy diferente a Princess Volume).<\/p>\n<p>Caracter\u00edsticas del Teosyal PureSense Ultra Deep:<\/p>\n<ul>\n<li>Conformaci\u00f3n del contorno facial<\/li>\n<li>Restauraciones por p\u00e9rdidas severas de volumen<\/li>\n<li>Aumento de labios para efecto \u201cmu\u00f1eca rusa\u201d<\/li>\n<li>Dos jeringas por paquete 2 x 1.2ml<\/li>\n<\/ul>\n<p>Normalmente, los resultados pueden durar hasta 12 meses. Esto es fuertemente individual y depende particularmente de factores como el estilo de vida, la edad y el tipo de piel.<\/p>","protected":false},"excerpt":{"rendered":"<p>Teosyal PureSense Ultra Deep es un relleno d\u00e9rmico especializado en forma de gel HA (reticulado). La aplicaci\u00f3n principal del relleno es restaurar el volumen de la piel en diversas \u00e1reas del rostro y corregir las arrugas profundas, brindando un aspecto natural, con un efecto garantizado de varios meses. Teosyal PureSense Ultra Deep es adecuado para todo tipo de piel, especialmente para pacientes mayores que sufren de piel fl\u00e1cida, pliegues profundos y p\u00e9rdida general de volumen de la piel.<\/p>","protected":false},"featured_media":39039,"template":"","meta":{"_acf_changed":false},"product_brand":[],"product_cat":[89,34,33,68,182],"product_tag":[90,123,130,131,115,114,111,136,118,151,141,133,142,107,135,134,110,120,122,124,116],"class_list":{"0":"post-39034","1":"product","2":"type-product","3":"status-publish","4":"has-post-thumbnail","6":"product_cat-big-holiday-sale","7":"product_cat-hard","8":"product_cat-lip","9":"product_cat-teosyal","10":"product_cat-teoxane","11":"product_tag-90","12":"product_tag-asymmetry","13":"product_tag-cheek-volume","14":"product_tag-cheekbone-contour","15":"product_tag-cheekbones","16":"product_tag-chin","17":"product_tag-face","18":"product_tag-france","19":"product_tag-high-density","20":"product_tag-hyaluronic-acid-ha-fillers","21":"product_tag-lifting","22":"product_tag-marionette-lines","23":"product_tag-modeling","24":"product_tag-nasolabial-folds","25":"product_tag-small-chin","26":"product_tag-small-lips","27":"product_tag-temple","28":"product_tag-up-to-12-months","29":"product_tag-up-to-18-months","30":"product_tag-volume","31":"product_tag-with-lidocaine","33":"first","34":"instock","35":"taxable","36":"shipping-taxable","37":"purchasable","38":"product-type-simple"},"acf":[],"yoast_head":"<!-- This site is optimized with the Yoast SEO plugin v27.4 - https:\/\/yoast.com\/product\/yoast-seo-wordpress\/ -->\n<title>Buy Teosyal Puresense Ultra Deep (2 x 1.2ml) - Fillers from My Lip Filler<\/title>\n<meta name=\"description\" content=\"\u2765Buy Teosyal Puresense Ultra Deep (2 x 1.2ml) \u23e9 My Lip Filler online store \u27a6 Quality assurance, reviews, ingredients, best prices!\" \/>\n<meta name=\"robots\" content=\"index, follow, max-snippet:-1, max-image-preview:large, max-video-preview:-1\" \/>\n<link rel=\"canonical\" href=\"https:\/\/mylipfiller.com\/es\/teosyal-puresense-ultra-deep-2-x-1-2ml\/\" \/>\n<meta property=\"og:locale\" content=\"es_MX\" \/>\n<meta property=\"og:type\" content=\"article\" \/>\n<meta property=\"og:title\" content=\"Buy Teosyal Puresense Ultra Deep (2 x 1.2ml) - Fillers from My Lip Filler\" \/>\n<meta property=\"og:description\" content=\"\u2765Buy Teosyal Puresense Ultra Deep (2 x 1.2ml) \u23e9 My Lip Filler online store \u27a6 Quality assurance, reviews, ingredients, best prices!\" \/>\n<meta property=\"og:url\" content=\"https:\/\/mylipfiller.com\/es\/teosyal-puresense-ultra-deep-2-x-1-2ml\/\" \/>\n<meta property=\"og:site_name\" content=\"My Lip Filler\" \/>\n<meta property=\"article:modified_time\" content=\"2024-03-08T16:27:19+00:00\" \/>\n<meta property=\"og:image\" content=\"https:\/\/cdn.mylipfiller.com\/wp-content\/uploads\/2023\/01\/Teosyal-PureSense-Ultra-Deep.jpg\" \/>\n\t<meta property=\"og:image:width\" content=\"600\" \/>\n\t<meta property=\"og:image:height\" content=\"600\" \/>\n\t<meta property=\"og:image:type\" content=\"image\/jpeg\" \/>\n<meta name=\"twitter:card\" content=\"summary_large_image\" \/>\n<meta name=\"twitter:label1\" content=\"Tiempo de lectura\" \/>\n\t<meta name=\"twitter:data1\" content=\"2 minutos\" \/>\n<script type=\"application\/ld+json\" class=\"yoast-schema-graph\">{\"@context\":\"https:\\\/\\\/schema.org\",\"@graph\":[{\"@type\":\"WebPage\",\"@id\":\"https:\\\/\\\/mylipfiller.com\\\/teosyal-puresense-ultra-deep-2-x-1-2ml\\\/\",\"url\":\"https:\\\/\\\/mylipfiller.com\\\/teosyal-puresense-ultra-deep-2-x-1-2ml\\\/\",\"name\":\"Buy Teosyal Puresense Ultra Deep (2 x 1.2ml) - Fillers from My Lip Filler\",\"isPartOf\":{\"@id\":\"https:\\\/\\\/mylipfiller.com\\\/#website\"},\"primaryImageOfPage\":{\"@id\":\"https:\\\/\\\/mylipfiller.com\\\/teosyal-puresense-ultra-deep-2-x-1-2ml\\\/#primaryimage\"},\"image\":{\"@id\":\"https:\\\/\\\/mylipfiller.com\\\/teosyal-puresense-ultra-deep-2-x-1-2ml\\\/#primaryimage\"},\"thumbnailUrl\":\"https:\\\/\\\/mylipfiller.com\\\/wp-content\\\/uploads\\\/2023\\\/01\\\/Teosyal-PureSense-Ultra-Deep.jpg\",\"datePublished\":\"2023-01-31T13:31:40+00:00\",\"dateModified\":\"2024-03-08T16:27:19+00:00\",\"description\":\"\u2765Buy Teosyal Puresense Ultra Deep (2 x 1.2ml) \u23e9 My Lip Filler online store \u27a6 Quality assurance, reviews, ingredients, best prices!\",\"breadcrumb\":{\"@id\":\"https:\\\/\\\/mylipfiller.com\\\/teosyal-puresense-ultra-deep-2-x-1-2ml\\\/#breadcrumb\"},\"inLanguage\":\"es\",\"potentialAction\":[{\"@type\":\"ReadAction\",\"target\":[\"https:\\\/\\\/mylipfiller.com\\\/teosyal-puresense-ultra-deep-2-x-1-2ml\\\/\"]}]},{\"@type\":\"ImageObject\",\"inLanguage\":\"es\",\"@id\":\"https:\\\/\\\/mylipfiller.com\\\/teosyal-puresense-ultra-deep-2-x-1-2ml\\\/#primaryimage\",\"url\":\"https:\\\/\\\/mylipfiller.com\\\/wp-content\\\/uploads\\\/2023\\\/01\\\/Teosyal-PureSense-Ultra-Deep.jpg\",\"contentUrl\":\"https:\\\/\\\/mylipfiller.com\\\/wp-content\\\/uploads\\\/2023\\\/01\\\/Teosyal-PureSense-Ultra-Deep.jpg\",\"width\":600,\"height\":600,\"caption\":\"Teosyal PureSense Ultra Deep\"},{\"@type\":\"BreadcrumbList\",\"@id\":\"https:\\\/\\\/mylipfiller.com\\\/teosyal-puresense-ultra-deep-2-x-1-2ml\\\/#breadcrumb\",\"itemListElement\":[{\"@type\":\"ListItem\",\"position\":1,\"name\":\"Home\",\"item\":\"https:\\\/\\\/mylipfiller.com\\\/\"},{\"@type\":\"ListItem\",\"position\":2,\"name\":\"Shop\",\"item\":\"https:\\\/\\\/mylipfiller.com\\\/shop\\\/\"},{\"@type\":\"ListItem\",\"position\":3,\"name\":\"Teosyal Puresense Ultra Deep (2 x 1.2ml)\"}]},{\"@type\":\"WebSite\",\"@id\":\"https:\\\/\\\/mylipfiller.com\\\/#website\",\"url\":\"https:\\\/\\\/mylipfiller.com\\\/\",\"name\":\"My Lip Filler\",\"description\":\"Hyaluronic Acid Lip and Dermal Fillers\",\"publisher\":{\"@id\":\"https:\\\/\\\/mylipfiller.com\\\/#organization\"},\"potentialAction\":[{\"@type\":\"SearchAction\",\"target\":{\"@type\":\"EntryPoint\",\"urlTemplate\":\"https:\\\/\\\/mylipfiller.com\\\/?s={search_term_string}\"},\"query-input\":{\"@type\":\"PropertyValueSpecification\",\"valueRequired\":true,\"valueName\":\"search_term_string\"}}],\"inLanguage\":\"es\"},{\"@type\":\"Organization\",\"@id\":\"https:\\\/\\\/mylipfiller.com\\\/#organization\",\"name\":\"My Lip Filler\",\"url\":\"https:\\\/\\\/mylipfiller.com\\\/\",\"logo\":{\"@type\":\"ImageObject\",\"inLanguage\":\"es\",\"@id\":\"https:\\\/\\\/mylipfiller.com\\\/#\\\/schema\\\/logo\\\/image\\\/\",\"url\":\"https:\\\/\\\/mylipfiller.com\\\/wp-content\\\/uploads\\\/2019\\\/02\\\/cropped-My-Lip-Filler-Logo.png\",\"contentUrl\":\"https:\\\/\\\/mylipfiller.com\\\/wp-content\\\/uploads\\\/2019\\\/02\\\/cropped-My-Lip-Filler-Logo.png\",\"width\":240,\"height\":88,\"caption\":\"My Lip Filler\"},\"image\":{\"@id\":\"https:\\\/\\\/mylipfiller.com\\\/#\\\/schema\\\/logo\\\/image\\\/\"}}]}<\/script>\n<!-- \/ Yoast SEO plugin. -->","yoast_head_json":{"title":"Compre Teosyal Puresense Ultra Deep (2 x 1,2 ml) - Rellenos de My Lip Filler","description":"\u2765Compra Teosyal Puresense Ultra Deep (2 x 1,2 ml) \u23e9 Tienda online My Lip Filler \u27a6 Garant\u00eda de calidad, rese\u00f1as, ingredientes, \u00a1los mejores precios!","robots":{"index":"index","follow":"follow","max-snippet":"max-snippet:-1","max-image-preview":"max-image-preview:large","max-video-preview":"max-video-preview:-1"},"canonical":"https:\/\/mylipfiller.com\/es\/teosyal-puresense-ultra-deep-2-x-1-2ml\/","og_locale":"es_MX","og_type":"article","og_title":"Buy Teosyal Puresense Ultra Deep (2 x 1.2ml) - Fillers from My Lip Filler","og_description":"\u2765Buy Teosyal Puresense Ultra Deep (2 x 1.2ml) \u23e9 My Lip Filler online store \u27a6 Quality assurance, reviews, ingredients, best prices!","og_url":"https:\/\/mylipfiller.com\/es\/teosyal-puresense-ultra-deep-2-x-1-2ml\/","og_site_name":"My Lip Filler","article_modified_time":"2024-03-08T16:27:19+00:00","og_image":[{"width":600,"height":600,"url":"https:\/\/cdn.mylipfiller.com\/wp-content\/uploads\/2023\/01\/Teosyal-PureSense-Ultra-Deep.jpg","type":"image\/jpeg"}],"twitter_card":"summary_large_image","twitter_misc":{"Tiempo de lectura":"2 minutos"},"schema":{"@context":"https:\/\/schema.org","@graph":[{"@type":"WebPage","@id":"https:\/\/mylipfiller.com\/teosyal-puresense-ultra-deep-2-x-1-2ml\/","url":"https:\/\/mylipfiller.com\/teosyal-puresense-ultra-deep-2-x-1-2ml\/","name":"Compre Teosyal Puresense Ultra Deep (2 x 1,2 ml) - Rellenos de My Lip Filler","isPartOf":{"@id":"https:\/\/mylipfiller.com\/#website"},"primaryImageOfPage":{"@id":"https:\/\/mylipfiller.com\/teosyal-puresense-ultra-deep-2-x-1-2ml\/#primaryimage"},"image":{"@id":"https:\/\/mylipfiller.com\/teosyal-puresense-ultra-deep-2-x-1-2ml\/#primaryimage"},"thumbnailUrl":"https:\/\/cdn.mylipfiller.com\/wp-content\/uploads\/2023\/01\/Teosyal-PureSense-Ultra-Deep.jpg","datePublished":"2023-01-31T13:31:40+00:00","dateModified":"2024-03-08T16:27:19+00:00","description":"\u2765Compra Teosyal Puresense Ultra Deep (2 x 1,2 ml) \u23e9 Tienda online My Lip Filler \u27a6 Garant\u00eda de calidad, rese\u00f1as, ingredientes, \u00a1los mejores precios!","breadcrumb":{"@id":"https:\/\/mylipfiller.com\/teosyal-puresense-ultra-deep-2-x-1-2ml\/#breadcrumb"},"inLanguage":"es","potentialAction":[{"@type":"ReadAction","target":["https:\/\/mylipfiller.com\/teosyal-puresense-ultra-deep-2-x-1-2ml\/"]}]},{"@type":"ImageObject","inLanguage":"es","@id":"https:\/\/mylipfiller.com\/teosyal-puresense-ultra-deep-2-x-1-2ml\/#primaryimage","url":"https:\/\/cdn.mylipfiller.com\/wp-content\/uploads\/2023\/01\/Teosyal-PureSense-Ultra-Deep.jpg","contentUrl":"https:\/\/cdn.mylipfiller.com\/wp-content\/uploads\/2023\/01\/Teosyal-PureSense-Ultra-Deep.jpg","width":600,"height":600,"caption":"Teosyal PureSense Ultra Deep"},{"@type":"BreadcrumbList","@id":"https:\/\/mylipfiller.com\/teosyal-puresense-ultra-deep-2-x-1-2ml\/#breadcrumb","itemListElement":[{"@type":"ListItem","position":1,"name":"Home","item":"https:\/\/mylipfiller.com\/"},{"@type":"ListItem","position":2,"name":"Shop","item":"https:\/\/mylipfiller.com\/shop\/"},{"@type":"ListItem","position":3,"name":"Teosyal Puresense Ultra Deep (2 x 1.2ml)"}]},{"@type":"WebSite","@id":"https:\/\/mylipfiller.com\/#website","url":"https:\/\/mylipfiller.com\/","name":"Mi relleno de labios","description":"Rellenos d\u00e9rmicos y de labios con \u00e1cido hialur\u00f3nico","publisher":{"@id":"https:\/\/mylipfiller.com\/#organization"},"potentialAction":[{"@type":"SearchAction","target":{"@type":"EntryPoint","urlTemplate":"https:\/\/mylipfiller.com\/?s={search_term_string}"},"query-input":{"@type":"PropertyValueSpecification","valueRequired":true,"valueName":"search_term_string"}}],"inLanguage":"es"},{"@type":"Organization","@id":"https:\/\/mylipfiller.com\/#organization","name":"Mi relleno de labios","url":"https:\/\/mylipfiller.com\/","logo":{"@type":"ImageObject","inLanguage":"es","@id":"https:\/\/mylipfiller.com\/#\/schema\/logo\/image\/","url":"https:\/\/cdn.mylipfiller.com\/wp-content\/uploads\/2019\/02\/cropped-My-Lip-Filler-Logo.png","contentUrl":"https:\/\/cdn.mylipfiller.com\/wp-content\/uploads\/2019\/02\/cropped-My-Lip-Filler-Logo.png","width":240,"height":88,"caption":"My Lip Filler"},"image":{"@id":"https:\/\/mylipfiller.com\/#\/schema\/logo\/image\/"}}]}},"_links":{"self":[{"href":"https:\/\/mylipfiller.com\/es\/wp-json\/wp\/v2\/product\/39034","targetHints":{"allow":["GET"]}}],"collection":[{"href":"https:\/\/mylipfiller.com\/es\/wp-json\/wp\/v2\/product"}],"about":[{"href":"https:\/\/mylipfiller.com\/es\/wp-json\/wp\/v2\/types\/product"}],"wp:featuredmedia":[{"embeddable":true,"href":"https:\/\/mylipfiller.com\/es\/wp-json\/wp\/v2\/media\/39039"}],"wp:attachment":[{"href":"https:\/\/mylipfiller.com\/es\/wp-json\/wp\/v2\/media?parent=39034"}],"wp:term":[{"taxonomy":"product_brand","embeddable":true,"href":"https:\/\/mylipfiller.com\/es\/wp-json\/wp\/v2\/product_brand?post=39034"},{"taxonomy":"product_cat","embeddable":true,"href":"https:\/\/mylipfiller.com\/es\/wp-json\/wp\/v2\/product_cat?post=39034"},{"taxonomy":"product_tag","embeddable":true,"href":"https:\/\/mylipfiller.com\/es\/wp-json\/wp\/v2\/product_tag?post=39034"}],"curies":[{"name":"gracias","href":"https:\/\/api.w.org\/{rel}","templated":true}]}}