{"id":39646,"date":"2023-03-16T17:18:29","date_gmt":"2023-03-16T15:18:29","guid":{"rendered":"https:\/\/mylipfiller.com\/?post_type=product&#038;p=39646"},"modified":"2026-01-27T09:56:29","modified_gmt":"2026-01-27T07:56:29","slug":"a-jax-keen-cozy-1-x-1-1ml","status":"publish","type":"product","link":"https:\/\/mylipfiller.com\/es\/a-jax-keen-cozy-1-x-1-1ml\/","title":{"rendered":"A-Jax Keen Acogedor (1 x 1,1 ml)"},"content":{"rendered":"<p>El A-Jax Keen Cozy cuando se trata de tratar las arrugas superficiales en las \u00e1reas de la cara y el cuello. Puede rellenar f\u00e1cilmente esas depresiones de la piel, sin formar grumos y con un aspecto perfectamente natural una vez inyectado. La piel aparecer\u00e1 perfectamente lisa y rejuvenecida. Adem\u00e1s, esta es una buena opci\u00f3n para los pacientes que buscan aumentar el volumen de sus labios, pero con preferencia por un toque de labios m\u00e1s suave y delicado.<\/p>\n<p>Al igual que sus hom\u00f3logos m\u00e1s gruesos, el A-Jax Keen Cozy proporciona una durabilidad notablemente superior a la media. Reanzen confirma que los efectos de este relleno suave de HA pueden alcanzar los 8 o incluso 12 meses. Utiliza la tecnolog\u00eda de reticulaci\u00f3n de bloques hexagonales, que por un lado ayuda a lograr cero residuos de agente de reticulaci\u00f3n de BDDE, mientras que al mismo tiempo ayuda a extender significativamente el tiempo necesario para que el cuerpo disuelva el relleno hialur\u00f3nico (de una manera perfectamente segura, por supuesto). El producto cumple totalmente con GMP e ISO13485.<\/p>\n<h3>Qu\u00e9 hay en la caja:<\/h3>\n<ul>\n<li>Una jeringa precargada con 1,1 ml de gel HA (concentraci\u00f3n de 24 ml\/ml, lidoca\u00edna 0,31 TP3T)<\/li>\n<li>Dos agujas de inyecci\u00f3n (30G cada una)<\/li>\n<li>Manual de instrucciones, uso y seguridad<\/li>\n<\/ul>\n<p>Es necesaria una menci\u00f3n notable a la Tecnolog\u00eda de Micro Molienda Irregular. Permite una fuerza de extrusi\u00f3n de 10-25 N e incluso la aplicaci\u00f3n y el flujo del relleno A-Jax Keen Cozy, que ayuda enormemente con el aspecto natural.<\/p>\n<p>Otras estad\u00edsticas importantes del relleno A-Jax Cozy son el pH 6.8-7.5 del gel y su estructura monof\u00e1sica. Si se almacena adecuadamente a temperatura ambiente, que est\u00e1 en cualquier lugar en el rango de 2 a 25 grados cent\u00edgrados, y lejos de la luz solar directa, puede permanecer en perfectas condiciones de forma segura durante la totalidad de su vida \u00fatil anunciada de 24 meses.<\/p>\n<h4>Este producto es una alternativa directa a:<\/h4>\n<ul>\n<li>Revolax bien<\/li>\n<li>Dermalax Plus<\/li>\n<li>Rejeunesse bien<\/li>\n<\/ul>","protected":false},"excerpt":{"rendered":"<p>A-Jax Keen Cozy es la entrada m\u00e1s suave en la l\u00ednea de relleno de Reanzen. Dise\u00f1ado para hacer correcciones sutiles de las depresiones m\u00e1s delicadas de la piel, como arrugas superficiales y l\u00edneas superficiales de la piel, tambi\u00e9n se puede duplicar como relleno de labios, para pacientes que prefieren una sensaci\u00f3n m\u00e1s suave. Las principales \u00e1reas de aplicaci\u00f3n son el cuello, la frente y debajo de los ojos. El relleno Cozy de la marca A-Jax Keen tambi\u00e9n es una excelente soluci\u00f3n cuando se trata de patas de gallo. Uno de los rellenos blandos de mayor duraci\u00f3n en el mercado, puede proporcionar a los clientes hasta 8-12 meses de correcci\u00f3n de arrugas, con seguridad garantizada.<\/p>","protected":false},"featured_media":39650,"template":"","meta":{"_acf_changed":false},"product_brand":[],"product_cat":[98,186,32],"product_tag":[144,125,111,126,112,128,151,117,146,137,119,148,116,127],"class_list":{"0":"post-39646","1":"product","2":"type-product","3":"status-publish","4":"has-post-thumbnail","6":"product_cat-a-jax-keen","7":"product_cat-reanzen","8":"product_cat-soft","9":"product_tag-anti-wrinkle","10":"product_tag-crows-feet","11":"product_tag-face","12":"product_tag-fine-lines","13":"product_tag-forehead","14":"product_tag-forehead-wrinkles","15":"product_tag-hyaluronic-acid-ha-fillers","16":"product_tag-low-density","17":"product_tag-smoothing","18":"product_tag-south-korea","19":"product_tag-up-to-9-months","20":"product_tag-upper-dermis","21":"product_tag-with-lidocaine","22":"product_tag-wrinkles-around-the-eyes","24":"first","25":"outofstock","26":"taxable","27":"shipping-taxable","28":"purchasable","29":"product-type-simple"},"acf":[],"yoast_head":"<!-- This site is optimized with the Yoast SEO plugin v27.4 - https:\/\/yoast.com\/product\/yoast-seo-wordpress\/ -->\n<title>Buy A-Jax Keen Cozy (1 x 1.1ml) - Fillers from My Lip Filler<\/title>\n<meta name=\"description\" content=\"\u2765Buy A-Jax Keen Cozy (1 x 1.1ml) \u23e9 My Lip Filler online store \u27a6 Quality assurance, reviews, ingredients, best prices!\" \/>\n<meta name=\"robots\" content=\"index, follow, max-snippet:-1, max-image-preview:large, max-video-preview:-1\" \/>\n<link rel=\"canonical\" href=\"https:\/\/mylipfiller.com\/es\/a-jax-keen-cozy-1-x-1-1ml\/\" \/>\n<meta property=\"og:locale\" content=\"es_MX\" \/>\n<meta property=\"og:type\" content=\"article\" \/>\n<meta property=\"og:title\" content=\"Buy A-Jax Keen Cozy (1 x 1.1ml) - Fillers from My Lip Filler\" \/>\n<meta property=\"og:description\" content=\"\u2765Buy A-Jax Keen Cozy (1 x 1.1ml) \u23e9 My Lip Filler online store \u27a6 Quality assurance, reviews, ingredients, best prices!\" \/>\n<meta property=\"og:url\" content=\"https:\/\/mylipfiller.com\/es\/a-jax-keen-cozy-1-x-1-1ml\/\" \/>\n<meta property=\"og:site_name\" content=\"My Lip Filler\" \/>\n<meta property=\"article:modified_time\" content=\"2026-01-27T07:56:29+00:00\" \/>\n<meta property=\"og:image\" content=\"https:\/\/cdn.mylipfiller.com\/wp-content\/uploads\/2023\/03\/A-Jax-Keen-Cozy.jpg\" \/>\n\t<meta property=\"og:image:width\" content=\"600\" \/>\n\t<meta property=\"og:image:height\" content=\"600\" \/>\n\t<meta property=\"og:image:type\" content=\"image\/jpeg\" \/>\n<meta name=\"twitter:card\" content=\"summary_large_image\" \/>\n<meta name=\"twitter:label1\" content=\"Tiempo de lectura\" \/>\n\t<meta name=\"twitter:data1\" content=\"2 minutos\" \/>\n<script type=\"application\/ld+json\" class=\"yoast-schema-graph\">{\"@context\":\"https:\\\/\\\/schema.org\",\"@graph\":[{\"@type\":\"WebPage\",\"@id\":\"https:\\\/\\\/mylipfiller.com\\\/a-jax-keen-cozy-1-x-1-1ml\\\/\",\"url\":\"https:\\\/\\\/mylipfiller.com\\\/a-jax-keen-cozy-1-x-1-1ml\\\/\",\"name\":\"Buy A-Jax Keen Cozy (1 x 1.1ml) - Fillers from My Lip Filler\",\"isPartOf\":{\"@id\":\"https:\\\/\\\/mylipfiller.com\\\/#website\"},\"primaryImageOfPage\":{\"@id\":\"https:\\\/\\\/mylipfiller.com\\\/a-jax-keen-cozy-1-x-1-1ml\\\/#primaryimage\"},\"image\":{\"@id\":\"https:\\\/\\\/mylipfiller.com\\\/a-jax-keen-cozy-1-x-1-1ml\\\/#primaryimage\"},\"thumbnailUrl\":\"https:\\\/\\\/mylipfiller.com\\\/wp-content\\\/uploads\\\/2023\\\/03\\\/A-Jax-Keen-Cozy.jpg\",\"datePublished\":\"2023-03-16T15:18:29+00:00\",\"dateModified\":\"2026-01-27T07:56:29+00:00\",\"description\":\"\u2765Buy A-Jax Keen Cozy (1 x 1.1ml) \u23e9 My Lip Filler online store \u27a6 Quality assurance, reviews, ingredients, best prices!\",\"breadcrumb\":{\"@id\":\"https:\\\/\\\/mylipfiller.com\\\/a-jax-keen-cozy-1-x-1-1ml\\\/#breadcrumb\"},\"inLanguage\":\"es\",\"potentialAction\":[{\"@type\":\"ReadAction\",\"target\":[\"https:\\\/\\\/mylipfiller.com\\\/a-jax-keen-cozy-1-x-1-1ml\\\/\"]}]},{\"@type\":\"ImageObject\",\"inLanguage\":\"es\",\"@id\":\"https:\\\/\\\/mylipfiller.com\\\/a-jax-keen-cozy-1-x-1-1ml\\\/#primaryimage\",\"url\":\"https:\\\/\\\/mylipfiller.com\\\/wp-content\\\/uploads\\\/2023\\\/03\\\/A-Jax-Keen-Cozy.jpg\",\"contentUrl\":\"https:\\\/\\\/mylipfiller.com\\\/wp-content\\\/uploads\\\/2023\\\/03\\\/A-Jax-Keen-Cozy.jpg\",\"width\":600,\"height\":600,\"caption\":\"A-Jax Keen Cozy\"},{\"@type\":\"BreadcrumbList\",\"@id\":\"https:\\\/\\\/mylipfiller.com\\\/a-jax-keen-cozy-1-x-1-1ml\\\/#breadcrumb\",\"itemListElement\":[{\"@type\":\"ListItem\",\"position\":1,\"name\":\"Home\",\"item\":\"https:\\\/\\\/mylipfiller.com\\\/\"},{\"@type\":\"ListItem\",\"position\":2,\"name\":\"Shop\",\"item\":\"https:\\\/\\\/mylipfiller.com\\\/shop\\\/\"},{\"@type\":\"ListItem\",\"position\":3,\"name\":\"A-Jax Keen Cozy (1 x 1.1ml)\"}]},{\"@type\":\"WebSite\",\"@id\":\"https:\\\/\\\/mylipfiller.com\\\/#website\",\"url\":\"https:\\\/\\\/mylipfiller.com\\\/\",\"name\":\"My Lip Filler\",\"description\":\"Hyaluronic Acid Lip and Dermal Fillers\",\"publisher\":{\"@id\":\"https:\\\/\\\/mylipfiller.com\\\/#organization\"},\"potentialAction\":[{\"@type\":\"SearchAction\",\"target\":{\"@type\":\"EntryPoint\",\"urlTemplate\":\"https:\\\/\\\/mylipfiller.com\\\/?s={search_term_string}\"},\"query-input\":{\"@type\":\"PropertyValueSpecification\",\"valueRequired\":true,\"valueName\":\"search_term_string\"}}],\"inLanguage\":\"es\"},{\"@type\":\"Organization\",\"@id\":\"https:\\\/\\\/mylipfiller.com\\\/#organization\",\"name\":\"My Lip Filler\",\"url\":\"https:\\\/\\\/mylipfiller.com\\\/\",\"logo\":{\"@type\":\"ImageObject\",\"inLanguage\":\"es\",\"@id\":\"https:\\\/\\\/mylipfiller.com\\\/#\\\/schema\\\/logo\\\/image\\\/\",\"url\":\"https:\\\/\\\/mylipfiller.com\\\/wp-content\\\/uploads\\\/2019\\\/02\\\/cropped-My-Lip-Filler-Logo.png\",\"contentUrl\":\"https:\\\/\\\/mylipfiller.com\\\/wp-content\\\/uploads\\\/2019\\\/02\\\/cropped-My-Lip-Filler-Logo.png\",\"width\":240,\"height\":88,\"caption\":\"My Lip Filler\"},\"image\":{\"@id\":\"https:\\\/\\\/mylipfiller.com\\\/#\\\/schema\\\/logo\\\/image\\\/\"}}]}<\/script>\n<!-- \/ Yoast SEO plugin. -->","yoast_head_json":{"title":"Compre A-Jax Keen Cozy (1 x 1,1 ml) - Rellenos de My Lip Filler","description":"\u2765Compre A-Jax Keen Cozy (1 x 1,1 ml) \u23e9 Tienda online My Lip Filler \u27a6 Garant\u00eda de calidad, rese\u00f1as, ingredientes, \u00a1los mejores precios!","robots":{"index":"index","follow":"follow","max-snippet":"max-snippet:-1","max-image-preview":"max-image-preview:large","max-video-preview":"max-video-preview:-1"},"canonical":"https:\/\/mylipfiller.com\/es\/a-jax-keen-cozy-1-x-1-1ml\/","og_locale":"es_MX","og_type":"article","og_title":"Buy A-Jax Keen Cozy (1 x 1.1ml) - Fillers from My Lip Filler","og_description":"\u2765Buy A-Jax Keen Cozy (1 x 1.1ml) \u23e9 My Lip Filler online store \u27a6 Quality assurance, reviews, ingredients, best prices!","og_url":"https:\/\/mylipfiller.com\/es\/a-jax-keen-cozy-1-x-1-1ml\/","og_site_name":"My Lip Filler","article_modified_time":"2026-01-27T07:56:29+00:00","og_image":[{"width":600,"height":600,"url":"https:\/\/cdn.mylipfiller.com\/wp-content\/uploads\/2023\/03\/A-Jax-Keen-Cozy.jpg","type":"image\/jpeg"}],"twitter_card":"summary_large_image","twitter_misc":{"Tiempo de lectura":"2 minutos"},"schema":{"@context":"https:\/\/schema.org","@graph":[{"@type":"WebPage","@id":"https:\/\/mylipfiller.com\/a-jax-keen-cozy-1-x-1-1ml\/","url":"https:\/\/mylipfiller.com\/a-jax-keen-cozy-1-x-1-1ml\/","name":"Compre A-Jax Keen Cozy (1 x 1,1 ml) - Rellenos de My Lip Filler","isPartOf":{"@id":"https:\/\/mylipfiller.com\/#website"},"primaryImageOfPage":{"@id":"https:\/\/mylipfiller.com\/a-jax-keen-cozy-1-x-1-1ml\/#primaryimage"},"image":{"@id":"https:\/\/mylipfiller.com\/a-jax-keen-cozy-1-x-1-1ml\/#primaryimage"},"thumbnailUrl":"https:\/\/cdn.mylipfiller.com\/wp-content\/uploads\/2023\/03\/A-Jax-Keen-Cozy.jpg","datePublished":"2023-03-16T15:18:29+00:00","dateModified":"2026-01-27T07:56:29+00:00","description":"\u2765Compre A-Jax Keen Cozy (1 x 1,1 ml) \u23e9 Tienda online My Lip Filler \u27a6 Garant\u00eda de calidad, rese\u00f1as, ingredientes, \u00a1los mejores precios!","breadcrumb":{"@id":"https:\/\/mylipfiller.com\/a-jax-keen-cozy-1-x-1-1ml\/#breadcrumb"},"inLanguage":"es","potentialAction":[{"@type":"ReadAction","target":["https:\/\/mylipfiller.com\/a-jax-keen-cozy-1-x-1-1ml\/"]}]},{"@type":"ImageObject","inLanguage":"es","@id":"https:\/\/mylipfiller.com\/a-jax-keen-cozy-1-x-1-1ml\/#primaryimage","url":"https:\/\/cdn.mylipfiller.com\/wp-content\/uploads\/2023\/03\/A-Jax-Keen-Cozy.jpg","contentUrl":"https:\/\/cdn.mylipfiller.com\/wp-content\/uploads\/2023\/03\/A-Jax-Keen-Cozy.jpg","width":600,"height":600,"caption":"A-Jax Keen Cozy"},{"@type":"BreadcrumbList","@id":"https:\/\/mylipfiller.com\/a-jax-keen-cozy-1-x-1-1ml\/#breadcrumb","itemListElement":[{"@type":"ListItem","position":1,"name":"Home","item":"https:\/\/mylipfiller.com\/"},{"@type":"ListItem","position":2,"name":"Shop","item":"https:\/\/mylipfiller.com\/shop\/"},{"@type":"ListItem","position":3,"name":"A-Jax Keen Cozy (1 x 1.1ml)"}]},{"@type":"WebSite","@id":"https:\/\/mylipfiller.com\/#website","url":"https:\/\/mylipfiller.com\/","name":"Mi relleno de labios","description":"Rellenos d\u00e9rmicos y de labios con \u00e1cido hialur\u00f3nico","publisher":{"@id":"https:\/\/mylipfiller.com\/#organization"},"potentialAction":[{"@type":"SearchAction","target":{"@type":"EntryPoint","urlTemplate":"https:\/\/mylipfiller.com\/?s={search_term_string}"},"query-input":{"@type":"PropertyValueSpecification","valueRequired":true,"valueName":"search_term_string"}}],"inLanguage":"es"},{"@type":"Organization","@id":"https:\/\/mylipfiller.com\/#organization","name":"Mi relleno de labios","url":"https:\/\/mylipfiller.com\/","logo":{"@type":"ImageObject","inLanguage":"es","@id":"https:\/\/mylipfiller.com\/#\/schema\/logo\/image\/","url":"https:\/\/cdn.mylipfiller.com\/wp-content\/uploads\/2019\/02\/cropped-My-Lip-Filler-Logo.png","contentUrl":"https:\/\/cdn.mylipfiller.com\/wp-content\/uploads\/2019\/02\/cropped-My-Lip-Filler-Logo.png","width":240,"height":88,"caption":"My Lip Filler"},"image":{"@id":"https:\/\/mylipfiller.com\/#\/schema\/logo\/image\/"}}]}},"_links":{"self":[{"href":"https:\/\/mylipfiller.com\/es\/wp-json\/wp\/v2\/product\/39646","targetHints":{"allow":["GET"]}}],"collection":[{"href":"https:\/\/mylipfiller.com\/es\/wp-json\/wp\/v2\/product"}],"about":[{"href":"https:\/\/mylipfiller.com\/es\/wp-json\/wp\/v2\/types\/product"}],"wp:featuredmedia":[{"embeddable":true,"href":"https:\/\/mylipfiller.com\/es\/wp-json\/wp\/v2\/media\/39650"}],"wp:attachment":[{"href":"https:\/\/mylipfiller.com\/es\/wp-json\/wp\/v2\/media?parent=39646"}],"wp:term":[{"taxonomy":"product_brand","embeddable":true,"href":"https:\/\/mylipfiller.com\/es\/wp-json\/wp\/v2\/product_brand?post=39646"},{"taxonomy":"product_cat","embeddable":true,"href":"https:\/\/mylipfiller.com\/es\/wp-json\/wp\/v2\/product_cat?post=39646"},{"taxonomy":"product_tag","embeddable":true,"href":"https:\/\/mylipfiller.com\/es\/wp-json\/wp\/v2\/product_tag?post=39646"}],"curies":[{"name":"gracias","href":"https:\/\/api.w.org\/{rel}","templated":true}]}}