{"id":39647,"date":"2023-03-16T17:19:42","date_gmt":"2023-03-16T15:19:42","guid":{"rendered":"https:\/\/mylipfiller.com\/?post_type=product&#038;p=39647"},"modified":"2026-01-27T09:56:29","modified_gmt":"2026-01-27T07:56:29","slug":"a-jax-keen-vivid-1-x-1-1ml","status":"publish","type":"product","link":"https:\/\/mylipfiller.com\/es\/a-jax-keen-vivid-1-x-1-1ml\/","title":{"rendered":"A-Jax Keen vivo (1 x 1,1 ml)"},"content":{"rendered":"<p>El uso del relleno A-Jax Keen Vivid es para proporcionar un resultado de aspecto natural cuando se trata de pliegues y arrugas profundas de la piel, as\u00ed como un contorno facial ligero. Por \u00faltimo, pero no menos importante, este es un excelente relleno de labios, por lo que es, con mucho, una de las soluciones HA m\u00e1s vers\u00e1tiles que se ofrecen en el mercado. Las principales palabras clave que caracterizan a este gel hialur\u00f3nico son durabilidad, estabilidad y seguridad.<\/p>\n<p>El fabricante coreano, Reanzen, ha utilizado su tecnolog\u00eda HBCT patentada. Este es un m\u00e9todo especial para crear el gel, lo que lo hace m\u00e1s resistente a las enzimas, lo que extiende de manera segura el per\u00edodo que tarda el boxy en disolver el relleno. En la pr\u00e1ctica: labios carnosos de mayor duraci\u00f3n, per\u00edodo m\u00e1s prolongado de depresiones de la piel suavizadas. Y, por supuesto, menos procedimientos de retoque necesarios. La duraci\u00f3n anunciada del gel inyectado est\u00e1 en el rango de 12 a 18 meses.<\/p>\n<p>BDDE es una soluci\u00f3n de reticulaci\u00f3n com\u00fan en la industria de relleno. Sin embargo, Reanzen logr\u00f3 reducir la cantidad de part\u00edculas sobrantes de BDDA en su gel A-Jax Keen Vivid HA a 0. Utilizan sistemas estrictos de control y garant\u00eda de calidad con los protocolos de seguridad necesarios. No solo eso, sino que el refinado proceso de fabricaci\u00f3n permite niveles de presi\u00f3n osm\u00f3tica (270-280 mOsmol\/kg) y niveles de endotoxinas (0,05 UE\/mL) mucho m\u00e1s bajos que el promedio.<\/p>\n<p>Las tecnolog\u00edas patentadas no acaban aqu\u00ed. Vale la pena mencionar la tecnolog\u00eda Micro Grinding Irregular utilizada con A-Jax Vivid, que permite un control superior del flujo del gel de relleno, cuando se inyecta, lo que permite que sea m\u00e1s uniforme. La fuerza de extrusi\u00f3n nivelada permite una t\u00e9cnica de inyecci\u00f3n suave, que a su vez da como resultado un resultado mucho m\u00e1s natural.<\/p>\n<p>Los datos b\u00e1sicos con respecto al A-Jax Keen Vivid se pueden resumir de la siguiente manera: se trata de un gel de concentraci\u00f3n de HA de 24 mg\/ml, con lidoca\u00edna 0.3% para inyecci\u00f3n indolora, que viene listo para usar, ya que incluye un aguja y una c\u00e1nula. La vida \u00fatil del relleno es de dos a\u00f1os y el almacenamiento seguro es a temperatura ambiente (por debajo de 25 grados cent\u00edgrados), oculto a la luz solar directa.<\/p>\n<h4>Este producto es una alternativa directa a:<\/h4>\n<ul>\n<li>Revolax profundo<\/li>\n<li>Dermalax Deep Plus<\/li>\n<li>Rejeunesse Deep<\/li>\n<\/ul>","protected":false},"excerpt":{"rendered":"<p>A-Jax Keen Vivid es una soluci\u00f3n hialur\u00f3nica de primera calidad dise\u00f1ada para la aplicaci\u00f3n en la dermis media y profunda (tan bajo como la capa SubQ) en t\u00e9rminos de relleno de arrugas y pliegues cut\u00e1neos, as\u00ed como un aumento notable de los labios. El relleno HA es una excelente soluci\u00f3n para el realce de labios y el relleno del pliegue nasolabial, pero tambi\u00e9n tiene una aplicaci\u00f3n v\u00e1lida en la zona de los p\u00f3mulos, as\u00ed como para determinadas depresiones y pliegues de la piel de la frente. Caracterizado por su alta calidad y uso seguro, A-Jax Keen Vivid es una soluci\u00f3n duradera para la piel del rostro y los labios, que puede durar hasta 18 meses (la duraci\u00f3n var\u00eda).<\/p>","protected":false},"featured_media":39649,"template":"","meta":{"_acf_changed":false},"product_brand":[],"product_cat":[98,33,186],"product_tag":[111,151,133,107,134,137,120,116],"class_list":{"0":"post-39647","1":"product","2":"type-product","3":"status-publish","4":"has-post-thumbnail","6":"product_cat-a-jax-keen","7":"product_cat-lip","8":"product_cat-reanzen","9":"product_tag-face","10":"product_tag-hyaluronic-acid-ha-fillers","11":"product_tag-marionette-lines","12":"product_tag-nasolabial-folds","13":"product_tag-small-lips","14":"product_tag-south-korea","15":"product_tag-up-to-12-months","16":"product_tag-with-lidocaine","18":"first","19":"outofstock","20":"taxable","21":"shipping-taxable","22":"purchasable","23":"product-type-simple"},"acf":[],"yoast_head":"<!-- This site is optimized with the Yoast SEO plugin v27.2 - https:\/\/yoast.com\/product\/yoast-seo-wordpress\/ -->\n<title>Buy A-Jax Keen Vivid (1 x 1.1ml) - Fillers from My Lip Filler<\/title>\n<meta name=\"description\" content=\"\u2765Buy A-Jax Keen Vivid (1 x 1.1ml) \u23e9 My Lip Filler online store \u27a6 Quality assurance, reviews, ingredients, best prices!\" \/>\n<meta name=\"robots\" content=\"index, follow, max-snippet:-1, max-image-preview:large, max-video-preview:-1\" \/>\n<link rel=\"canonical\" href=\"https:\/\/mylipfiller.com\/es\/a-jax-keen-vivid-1-x-1-1ml\/\" \/>\n<meta property=\"og:locale\" content=\"es_MX\" \/>\n<meta property=\"og:type\" content=\"article\" \/>\n<meta property=\"og:title\" content=\"Buy A-Jax Keen Vivid (1 x 1.1ml) - Fillers from My Lip Filler\" \/>\n<meta property=\"og:description\" content=\"\u2765Buy A-Jax Keen Vivid (1 x 1.1ml) \u23e9 My Lip Filler online store \u27a6 Quality assurance, reviews, ingredients, best prices!\" \/>\n<meta property=\"og:url\" content=\"https:\/\/mylipfiller.com\/es\/a-jax-keen-vivid-1-x-1-1ml\/\" \/>\n<meta property=\"og:site_name\" content=\"My Lip Filler\" \/>\n<meta property=\"article:modified_time\" content=\"2026-01-27T07:56:29+00:00\" \/>\n<meta property=\"og:image\" content=\"https:\/\/cdn.mylipfiller.com\/wp-content\/uploads\/2023\/03\/A-Jax-Keen-Vivid.jpg\" \/>\n\t<meta property=\"og:image:width\" content=\"600\" \/>\n\t<meta property=\"og:image:height\" content=\"600\" \/>\n\t<meta property=\"og:image:type\" content=\"image\/jpeg\" \/>\n<meta name=\"twitter:card\" content=\"summary_large_image\" \/>\n<meta name=\"twitter:label1\" content=\"Tiempo de lectura\" \/>\n\t<meta name=\"twitter:data1\" content=\"2 minutos\" \/>\n<script type=\"application\/ld+json\" class=\"yoast-schema-graph\">{\"@context\":\"https:\/\/schema.org\",\"@graph\":[{\"@type\":\"WebPage\",\"@id\":\"https:\/\/mylipfiller.com\/a-jax-keen-vivid-1-x-1-1ml\/\",\"url\":\"https:\/\/mylipfiller.com\/a-jax-keen-vivid-1-x-1-1ml\/\",\"name\":\"Buy A-Jax Keen Vivid (1 x 1.1ml) - Fillers from My Lip Filler\",\"isPartOf\":{\"@id\":\"https:\/\/mylipfiller.com\/#website\"},\"primaryImageOfPage\":{\"@id\":\"https:\/\/mylipfiller.com\/a-jax-keen-vivid-1-x-1-1ml\/#primaryimage\"},\"image\":{\"@id\":\"https:\/\/mylipfiller.com\/a-jax-keen-vivid-1-x-1-1ml\/#primaryimage\"},\"thumbnailUrl\":\"https:\/\/cdn.mylipfiller.com\/wp-content\/uploads\/2023\/03\/A-Jax-Keen-Vivid.jpg\",\"datePublished\":\"2023-03-16T15:19:42+00:00\",\"dateModified\":\"2026-01-27T07:56:29+00:00\",\"description\":\"\u2765Buy A-Jax Keen Vivid (1 x 1.1ml) \u23e9 My Lip Filler online store \u27a6 Quality assurance, reviews, ingredients, best prices!\",\"breadcrumb\":{\"@id\":\"https:\/\/mylipfiller.com\/a-jax-keen-vivid-1-x-1-1ml\/#breadcrumb\"},\"inLanguage\":\"es\",\"potentialAction\":[{\"@type\":\"ReadAction\",\"target\":[\"https:\/\/mylipfiller.com\/a-jax-keen-vivid-1-x-1-1ml\/\"]}]},{\"@type\":\"ImageObject\",\"inLanguage\":\"es\",\"@id\":\"https:\/\/mylipfiller.com\/a-jax-keen-vivid-1-x-1-1ml\/#primaryimage\",\"url\":\"https:\/\/cdn.mylipfiller.com\/wp-content\/uploads\/2023\/03\/A-Jax-Keen-Vivid.jpg\",\"contentUrl\":\"https:\/\/cdn.mylipfiller.com\/wp-content\/uploads\/2023\/03\/A-Jax-Keen-Vivid.jpg\",\"width\":600,\"height\":600,\"caption\":\"A-Jax Keen Vivid\"},{\"@type\":\"BreadcrumbList\",\"@id\":\"https:\/\/mylipfiller.com\/a-jax-keen-vivid-1-x-1-1ml\/#breadcrumb\",\"itemListElement\":[{\"@type\":\"ListItem\",\"position\":1,\"name\":\"Home\",\"item\":\"https:\/\/mylipfiller.com\/\"},{\"@type\":\"ListItem\",\"position\":2,\"name\":\"Shop\",\"item\":\"https:\/\/mylipfiller.com\/shop\/\"},{\"@type\":\"ListItem\",\"position\":3,\"name\":\"A-Jax Keen Vivid (1 x 1.1ml)\"}]},{\"@type\":\"WebSite\",\"@id\":\"https:\/\/mylipfiller.com\/#website\",\"url\":\"https:\/\/mylipfiller.com\/\",\"name\":\"My Lip Filler\",\"description\":\"Hyaluronic Acid Lip and Dermal Fillers\",\"publisher\":{\"@id\":\"https:\/\/mylipfiller.com\/#organization\"},\"potentialAction\":[{\"@type\":\"SearchAction\",\"target\":{\"@type\":\"EntryPoint\",\"urlTemplate\":\"https:\/\/mylipfiller.com\/?s={search_term_string}\"},\"query-input\":{\"@type\":\"PropertyValueSpecification\",\"valueRequired\":true,\"valueName\":\"search_term_string\"}}],\"inLanguage\":\"es\"},{\"@type\":\"Organization\",\"@id\":\"https:\/\/mylipfiller.com\/#organization\",\"name\":\"My Lip Filler\",\"url\":\"https:\/\/mylipfiller.com\/\",\"logo\":{\"@type\":\"ImageObject\",\"inLanguage\":\"es\",\"@id\":\"https:\/\/mylipfiller.com\/#\/schema\/logo\/image\/\",\"url\":\"https:\/\/cdn.mylipfiller.com\/wp-content\/uploads\/2019\/02\/cropped-My-Lip-Filler-Logo.png\",\"contentUrl\":\"https:\/\/cdn.mylipfiller.com\/wp-content\/uploads\/2019\/02\/cropped-My-Lip-Filler-Logo.png\",\"width\":240,\"height\":88,\"caption\":\"My Lip Filler\"},\"image\":{\"@id\":\"https:\/\/mylipfiller.com\/#\/schema\/logo\/image\/\"}}]}<\/script>\n<!-- \/ Yoast SEO plugin. -->","yoast_head_json":{"title":"Compre A-Jax Keen Vivid (1 x 1,1 ml) - Rellenos de My Lip Filler","description":"\u2765Compra A-Jax Keen Vivid (1 x 1,1 ml) \u23e9 Tienda online My Lip Filler \u27a6 Garant\u00eda de calidad, rese\u00f1as, ingredientes, \u00a1los mejores precios!","robots":{"index":"index","follow":"follow","max-snippet":"max-snippet:-1","max-image-preview":"max-image-preview:large","max-video-preview":"max-video-preview:-1"},"canonical":"https:\/\/mylipfiller.com\/es\/a-jax-keen-vivid-1-x-1-1ml\/","og_locale":"es_MX","og_type":"article","og_title":"Buy A-Jax Keen Vivid (1 x 1.1ml) - Fillers from My Lip Filler","og_description":"\u2765Buy A-Jax Keen Vivid (1 x 1.1ml) \u23e9 My Lip Filler online store \u27a6 Quality assurance, reviews, ingredients, best prices!","og_url":"https:\/\/mylipfiller.com\/es\/a-jax-keen-vivid-1-x-1-1ml\/","og_site_name":"My Lip Filler","article_modified_time":"2026-01-27T07:56:29+00:00","og_image":[{"width":600,"height":600,"url":"https:\/\/cdn.mylipfiller.com\/wp-content\/uploads\/2023\/03\/A-Jax-Keen-Vivid.jpg","type":"image\/jpeg"}],"twitter_card":"summary_large_image","twitter_misc":{"Tiempo de lectura":"2 minutos"},"schema":{"@context":"https:\/\/schema.org","@graph":[{"@type":"WebPage","@id":"https:\/\/mylipfiller.com\/a-jax-keen-vivid-1-x-1-1ml\/","url":"https:\/\/mylipfiller.com\/a-jax-keen-vivid-1-x-1-1ml\/","name":"Compre A-Jax Keen Vivid (1 x 1,1 ml) - Rellenos de My Lip Filler","isPartOf":{"@id":"https:\/\/mylipfiller.com\/#website"},"primaryImageOfPage":{"@id":"https:\/\/mylipfiller.com\/a-jax-keen-vivid-1-x-1-1ml\/#primaryimage"},"image":{"@id":"https:\/\/mylipfiller.com\/a-jax-keen-vivid-1-x-1-1ml\/#primaryimage"},"thumbnailUrl":"https:\/\/cdn.mylipfiller.com\/wp-content\/uploads\/2023\/03\/A-Jax-Keen-Vivid.jpg","datePublished":"2023-03-16T15:19:42+00:00","dateModified":"2026-01-27T07:56:29+00:00","description":"\u2765Compra A-Jax Keen Vivid (1 x 1,1 ml) \u23e9 Tienda online My Lip Filler \u27a6 Garant\u00eda de calidad, rese\u00f1as, ingredientes, \u00a1los mejores precios!","breadcrumb":{"@id":"https:\/\/mylipfiller.com\/a-jax-keen-vivid-1-x-1-1ml\/#breadcrumb"},"inLanguage":"es","potentialAction":[{"@type":"ReadAction","target":["https:\/\/mylipfiller.com\/a-jax-keen-vivid-1-x-1-1ml\/"]}]},{"@type":"ImageObject","inLanguage":"es","@id":"https:\/\/mylipfiller.com\/a-jax-keen-vivid-1-x-1-1ml\/#primaryimage","url":"https:\/\/cdn.mylipfiller.com\/wp-content\/uploads\/2023\/03\/A-Jax-Keen-Vivid.jpg","contentUrl":"https:\/\/cdn.mylipfiller.com\/wp-content\/uploads\/2023\/03\/A-Jax-Keen-Vivid.jpg","width":600,"height":600,"caption":"A-Jax Keen Vivid"},{"@type":"BreadcrumbList","@id":"https:\/\/mylipfiller.com\/a-jax-keen-vivid-1-x-1-1ml\/#breadcrumb","itemListElement":[{"@type":"ListItem","position":1,"name":"Home","item":"https:\/\/mylipfiller.com\/"},{"@type":"ListItem","position":2,"name":"Shop","item":"https:\/\/mylipfiller.com\/shop\/"},{"@type":"ListItem","position":3,"name":"A-Jax Keen Vivid (1 x 1.1ml)"}]},{"@type":"WebSite","@id":"https:\/\/mylipfiller.com\/#website","url":"https:\/\/mylipfiller.com\/","name":"Mi relleno de labios","description":"Rellenos d\u00e9rmicos y de labios con \u00e1cido hialur\u00f3nico","publisher":{"@id":"https:\/\/mylipfiller.com\/#organization"},"potentialAction":[{"@type":"SearchAction","target":{"@type":"EntryPoint","urlTemplate":"https:\/\/mylipfiller.com\/?s={search_term_string}"},"query-input":{"@type":"PropertyValueSpecification","valueRequired":true,"valueName":"search_term_string"}}],"inLanguage":"es"},{"@type":"Organization","@id":"https:\/\/mylipfiller.com\/#organization","name":"Mi relleno de labios","url":"https:\/\/mylipfiller.com\/","logo":{"@type":"ImageObject","inLanguage":"es","@id":"https:\/\/mylipfiller.com\/#\/schema\/logo\/image\/","url":"https:\/\/cdn.mylipfiller.com\/wp-content\/uploads\/2019\/02\/cropped-My-Lip-Filler-Logo.png","contentUrl":"https:\/\/cdn.mylipfiller.com\/wp-content\/uploads\/2019\/02\/cropped-My-Lip-Filler-Logo.png","width":240,"height":88,"caption":"My Lip Filler"},"image":{"@id":"https:\/\/mylipfiller.com\/#\/schema\/logo\/image\/"}}]}},"_links":{"self":[{"href":"https:\/\/mylipfiller.com\/es\/wp-json\/wp\/v2\/product\/39647","targetHints":{"allow":["GET"]}}],"collection":[{"href":"https:\/\/mylipfiller.com\/es\/wp-json\/wp\/v2\/product"}],"about":[{"href":"https:\/\/mylipfiller.com\/es\/wp-json\/wp\/v2\/types\/product"}],"wp:featuredmedia":[{"embeddable":true,"href":"https:\/\/mylipfiller.com\/es\/wp-json\/wp\/v2\/media\/39649"}],"wp:attachment":[{"href":"https:\/\/mylipfiller.com\/es\/wp-json\/wp\/v2\/media?parent=39647"}],"wp:term":[{"taxonomy":"product_brand","embeddable":true,"href":"https:\/\/mylipfiller.com\/es\/wp-json\/wp\/v2\/product_brand?post=39647"},{"taxonomy":"product_cat","embeddable":true,"href":"https:\/\/mylipfiller.com\/es\/wp-json\/wp\/v2\/product_cat?post=39647"},{"taxonomy":"product_tag","embeddable":true,"href":"https:\/\/mylipfiller.com\/es\/wp-json\/wp\/v2\/product_tag?post=39647"}],"curies":[{"name":"gracias","href":"https:\/\/api.w.org\/{rel}","templated":true}]}}