{"id":39648,"date":"2023-03-16T17:20:15","date_gmt":"2023-03-16T15:20:15","guid":{"rendered":"https:\/\/mylipfiller.com\/?post_type=product&#038;p=39648"},"modified":"2026-01-27T09:56:29","modified_gmt":"2026-01-27T07:56:29","slug":"a-jax-keen-sublime-1-x-1-1ml","status":"publish","type":"product","link":"https:\/\/mylipfiller.com\/es\/a-jax-keen-sublime-1-x-1-1ml\/","title":{"rendered":"A-Jax Keen Sublime (1 x 1,1 ml)"},"content":{"rendered":"<p>Sublime de la l\u00ednea de productos A-Jax Keen es un relleno SubQ de calidad, destinado al contorno y aumento de rasgos faciales. Brilla cuando se usa para perfeccionar el contorno o afinar la forma de los rasgos faciales en \u00e1reas como la mand\u00edbula y el ment\u00f3n, donde es necesaria una estabilidad adicional del gel hialur\u00f3nico para mantener el aspecto natural del paciente.<\/p>\n<p>La marca A-Jax se basa en la tecnolog\u00eda de reticulaci\u00f3n de bloques hexagonales, o HBCT, que se caracteriza por la estructura m\u00e1s elaborada del gel de relleno, lo que permite una biodegradabilidad m\u00e1s lenta que afecta directamente la durabilidad del gel HA. En lo que respecta a A-Jax Keen Sublime, la duraci\u00f3n esperada del relleno, una vez inyectado, oscila entre 12 y 18 meses.<\/p>\n<p>Como se se\u00f1al\u00f3, la seguridad es una palabra clave cuando se trata de la marca A-Jax. El proceso de fabricaci\u00f3n avanzado permite cero residuos de part\u00edculas de BDDE en el gel, as\u00ed como una presi\u00f3n osm\u00f3tica por debajo del promedio de solo 270-280 mOsmol\/kg y, notablemente, un bajo nivel de endotoxinas de menos de 0,05 EU\/mL. El relleno A-Jax Sublime se fabrica bajo estrictos sistemas de garant\u00eda y control de calidad (GMP, ISO13485) y el gel hialur\u00f3nico del relleno se fabrica con material de la m\u00e1s alta calidad: Shiseido HA. Adem\u00e1s, las c\u00e1nulas y agujas incluidas son de la marca de \u00e9lite JBP.<\/p>\n<p>En realidad, usar el relleno A-Jax Sublime para contornear y aumentar el rostro en general es muy f\u00e1cil. La comodidad del paciente est\u00e1 garantizada por la lidoca\u00edna 0.3% en el gel, mientras que la tecnolog\u00eda Micro Grinding Irregular utilizada asegura que la fuerza de extrusi\u00f3n sea constante. O simplemente, el relleno es bastante f\u00e1cil de inyectar y mantener el flujo del gel HA uniforme en todo momento.<\/p>\n<p>Las estad\u00edsticas base del \u00e1rea de relleno Sublime:<\/p>\n<ul>\n<li>Concentraci\u00f3n de 24 mg\/mL Ha<\/li>\n<li>3% Lidoca\u00edna<\/li>\n<li>Estructura de part\u00edculas monof\u00e1sicas<\/li>\n<li>Gel pH de 6.8-7.5<\/li>\n<li>Fuerza de extrusi\u00f3n de 10-25 N,<\/li>\n<\/ul>\n<p>A diferencia de la mayor\u00eda de los otros rellenos, el A-Jax Keen Sublime incluye tanto una aguja como una c\u00e1nula en la caja. El per\u00edodo de caducidad es de 24 meses y se puede almacenar de forma segura en el rango de temperatura de 2 a 25 grados cent\u00edgrados, lejos de la luz solar directa.<\/p>\n<h4>Este producto es una alternativa directa a:<\/h4>\n<ul>\n<li>Revolax SubQ<\/li>\n<li>Implante Dermalax<\/li>\n<li>Forma de Rejeunesse<\/li>\n<\/ul>","protected":false},"excerpt":{"rendered":"<p>A-Jax Keen Sublime es el relleno m\u00e1s espeso de su l\u00ednea de productos, que se aplica en las capas subcut\u00e1neas profundas de la piel. El objetivo principal del gel HA es el aumento y el contorno del ment\u00f3n, la nariz y los p\u00f3mulos, as\u00ed como el tratamiento de los pliegues y depresiones graves de la piel, incluso en las \u00e1reas de la frente. La duraci\u00f3n de este relleno de contorno se extiende y con resultados de apariencia natural. El relleno A-Jax Keen Sublime es de seguridad de uso mejorada, f\u00e1cil de aplicar y con calidad garantizada, basado en la avanzada tecnolog\u00eda de fabricaci\u00f3n utilizada.<\/p>","protected":false},"featured_media":39651,"template":"","meta":{"_acf_changed":false},"product_brand":[],"product_cat":[98,34,186],"product_tag":[123,130,131,115,114,111,118,151,141,142,135,137,110,122,124,116],"class_list":{"0":"post-39648","1":"product","2":"type-product","3":"status-publish","4":"has-post-thumbnail","6":"product_cat-a-jax-keen","7":"product_cat-hard","8":"product_cat-reanzen","9":"product_tag-asymmetry","10":"product_tag-cheek-volume","11":"product_tag-cheekbone-contour","12":"product_tag-cheekbones","13":"product_tag-chin","14":"product_tag-face","15":"product_tag-high-density","16":"product_tag-hyaluronic-acid-ha-fillers","17":"product_tag-lifting","18":"product_tag-modeling","19":"product_tag-small-chin","20":"product_tag-south-korea","21":"product_tag-temple","22":"product_tag-up-to-18-months","23":"product_tag-volume","24":"product_tag-with-lidocaine","26":"first","27":"outofstock","28":"taxable","29":"shipping-taxable","30":"purchasable","31":"product-type-simple"},"acf":[],"yoast_head":"<!-- This site is optimized with the Yoast SEO plugin v27.2 - https:\/\/yoast.com\/product\/yoast-seo-wordpress\/ -->\n<title>Buy A-Jax Keen Sublime (1 x 1.1ml) - Fillers from My Lip Filler<\/title>\n<meta name=\"description\" content=\"\u2765Buy A-Jax Keen Sublime (1 x 1.1ml) \u23e9 My Lip Filler online store \u27a6 Quality assurance, reviews, ingredients, best prices!\" \/>\n<meta name=\"robots\" content=\"index, follow, max-snippet:-1, max-image-preview:large, max-video-preview:-1\" \/>\n<link rel=\"canonical\" href=\"https:\/\/mylipfiller.com\/es\/a-jax-keen-sublime-1-x-1-1ml\/\" \/>\n<meta property=\"og:locale\" content=\"es_MX\" \/>\n<meta property=\"og:type\" content=\"article\" \/>\n<meta property=\"og:title\" content=\"Buy A-Jax Keen Sublime (1 x 1.1ml) - Fillers from My Lip Filler\" \/>\n<meta property=\"og:description\" content=\"\u2765Buy A-Jax Keen Sublime (1 x 1.1ml) \u23e9 My Lip Filler online store \u27a6 Quality assurance, reviews, ingredients, best prices!\" \/>\n<meta property=\"og:url\" content=\"https:\/\/mylipfiller.com\/es\/a-jax-keen-sublime-1-x-1-1ml\/\" \/>\n<meta property=\"og:site_name\" content=\"My Lip Filler\" \/>\n<meta property=\"article:modified_time\" content=\"2026-01-27T07:56:29+00:00\" \/>\n<meta property=\"og:image\" content=\"https:\/\/cdn.mylipfiller.com\/wp-content\/uploads\/2023\/03\/A-Jax-Keen-Sublime.jpg\" \/>\n\t<meta property=\"og:image:width\" content=\"600\" \/>\n\t<meta property=\"og:image:height\" content=\"600\" \/>\n\t<meta property=\"og:image:type\" content=\"image\/jpeg\" \/>\n<meta name=\"twitter:card\" content=\"summary_large_image\" \/>\n<meta name=\"twitter:label1\" content=\"Tiempo de lectura\" \/>\n\t<meta name=\"twitter:data1\" content=\"2 minutos\" \/>\n<script type=\"application\/ld+json\" class=\"yoast-schema-graph\">{\"@context\":\"https:\/\/schema.org\",\"@graph\":[{\"@type\":\"WebPage\",\"@id\":\"https:\/\/mylipfiller.com\/a-jax-keen-sublime-1-x-1-1ml\/\",\"url\":\"https:\/\/mylipfiller.com\/a-jax-keen-sublime-1-x-1-1ml\/\",\"name\":\"Buy A-Jax Keen Sublime (1 x 1.1ml) - Fillers from My Lip Filler\",\"isPartOf\":{\"@id\":\"https:\/\/mylipfiller.com\/#website\"},\"primaryImageOfPage\":{\"@id\":\"https:\/\/mylipfiller.com\/a-jax-keen-sublime-1-x-1-1ml\/#primaryimage\"},\"image\":{\"@id\":\"https:\/\/mylipfiller.com\/a-jax-keen-sublime-1-x-1-1ml\/#primaryimage\"},\"thumbnailUrl\":\"https:\/\/cdn.mylipfiller.com\/wp-content\/uploads\/2023\/03\/A-Jax-Keen-Sublime.jpg\",\"datePublished\":\"2023-03-16T15:20:15+00:00\",\"dateModified\":\"2026-01-27T07:56:29+00:00\",\"description\":\"\u2765Buy A-Jax Keen Sublime (1 x 1.1ml) \u23e9 My Lip Filler online store \u27a6 Quality assurance, reviews, ingredients, best prices!\",\"breadcrumb\":{\"@id\":\"https:\/\/mylipfiller.com\/a-jax-keen-sublime-1-x-1-1ml\/#breadcrumb\"},\"inLanguage\":\"es\",\"potentialAction\":[{\"@type\":\"ReadAction\",\"target\":[\"https:\/\/mylipfiller.com\/a-jax-keen-sublime-1-x-1-1ml\/\"]}]},{\"@type\":\"ImageObject\",\"inLanguage\":\"es\",\"@id\":\"https:\/\/mylipfiller.com\/a-jax-keen-sublime-1-x-1-1ml\/#primaryimage\",\"url\":\"https:\/\/cdn.mylipfiller.com\/wp-content\/uploads\/2023\/03\/A-Jax-Keen-Sublime.jpg\",\"contentUrl\":\"https:\/\/cdn.mylipfiller.com\/wp-content\/uploads\/2023\/03\/A-Jax-Keen-Sublime.jpg\",\"width\":600,\"height\":600,\"caption\":\"A-Jax Keen Sublime\"},{\"@type\":\"BreadcrumbList\",\"@id\":\"https:\/\/mylipfiller.com\/a-jax-keen-sublime-1-x-1-1ml\/#breadcrumb\",\"itemListElement\":[{\"@type\":\"ListItem\",\"position\":1,\"name\":\"Home\",\"item\":\"https:\/\/mylipfiller.com\/\"},{\"@type\":\"ListItem\",\"position\":2,\"name\":\"Shop\",\"item\":\"https:\/\/mylipfiller.com\/shop\/\"},{\"@type\":\"ListItem\",\"position\":3,\"name\":\"A-Jax Keen Sublime (1 x 1.1ml)\"}]},{\"@type\":\"WebSite\",\"@id\":\"https:\/\/mylipfiller.com\/#website\",\"url\":\"https:\/\/mylipfiller.com\/\",\"name\":\"My Lip Filler\",\"description\":\"Hyaluronic Acid Lip and Dermal Fillers\",\"publisher\":{\"@id\":\"https:\/\/mylipfiller.com\/#organization\"},\"potentialAction\":[{\"@type\":\"SearchAction\",\"target\":{\"@type\":\"EntryPoint\",\"urlTemplate\":\"https:\/\/mylipfiller.com\/?s={search_term_string}\"},\"query-input\":{\"@type\":\"PropertyValueSpecification\",\"valueRequired\":true,\"valueName\":\"search_term_string\"}}],\"inLanguage\":\"es\"},{\"@type\":\"Organization\",\"@id\":\"https:\/\/mylipfiller.com\/#organization\",\"name\":\"My Lip Filler\",\"url\":\"https:\/\/mylipfiller.com\/\",\"logo\":{\"@type\":\"ImageObject\",\"inLanguage\":\"es\",\"@id\":\"https:\/\/mylipfiller.com\/#\/schema\/logo\/image\/\",\"url\":\"https:\/\/cdn.mylipfiller.com\/wp-content\/uploads\/2019\/02\/cropped-My-Lip-Filler-Logo.png\",\"contentUrl\":\"https:\/\/cdn.mylipfiller.com\/wp-content\/uploads\/2019\/02\/cropped-My-Lip-Filler-Logo.png\",\"width\":240,\"height\":88,\"caption\":\"My Lip Filler\"},\"image\":{\"@id\":\"https:\/\/mylipfiller.com\/#\/schema\/logo\/image\/\"}}]}<\/script>\n<!-- \/ Yoast SEO plugin. -->","yoast_head_json":{"title":"Compre A-Jax Keen Sublime (1 x 1,1 ml) - Rellenos de My Lip Filler","description":"\u2765Compra A-Jax Keen Sublime (1 x 1.1ml) \u23e9 Tienda online My Lip Filler \u27a6 Garant\u00eda de calidad, rese\u00f1as, ingredientes, \u00a1los mejores precios!","robots":{"index":"index","follow":"follow","max-snippet":"max-snippet:-1","max-image-preview":"max-image-preview:large","max-video-preview":"max-video-preview:-1"},"canonical":"https:\/\/mylipfiller.com\/es\/a-jax-keen-sublime-1-x-1-1ml\/","og_locale":"es_MX","og_type":"article","og_title":"Buy A-Jax Keen Sublime (1 x 1.1ml) - Fillers from My Lip Filler","og_description":"\u2765Buy A-Jax Keen Sublime (1 x 1.1ml) \u23e9 My Lip Filler online store \u27a6 Quality assurance, reviews, ingredients, best prices!","og_url":"https:\/\/mylipfiller.com\/es\/a-jax-keen-sublime-1-x-1-1ml\/","og_site_name":"My Lip Filler","article_modified_time":"2026-01-27T07:56:29+00:00","og_image":[{"width":600,"height":600,"url":"https:\/\/cdn.mylipfiller.com\/wp-content\/uploads\/2023\/03\/A-Jax-Keen-Sublime.jpg","type":"image\/jpeg"}],"twitter_card":"summary_large_image","twitter_misc":{"Tiempo de lectura":"2 minutos"},"schema":{"@context":"https:\/\/schema.org","@graph":[{"@type":"WebPage","@id":"https:\/\/mylipfiller.com\/a-jax-keen-sublime-1-x-1-1ml\/","url":"https:\/\/mylipfiller.com\/a-jax-keen-sublime-1-x-1-1ml\/","name":"Compre A-Jax Keen Sublime (1 x 1,1 ml) - Rellenos de My Lip Filler","isPartOf":{"@id":"https:\/\/mylipfiller.com\/#website"},"primaryImageOfPage":{"@id":"https:\/\/mylipfiller.com\/a-jax-keen-sublime-1-x-1-1ml\/#primaryimage"},"image":{"@id":"https:\/\/mylipfiller.com\/a-jax-keen-sublime-1-x-1-1ml\/#primaryimage"},"thumbnailUrl":"https:\/\/cdn.mylipfiller.com\/wp-content\/uploads\/2023\/03\/A-Jax-Keen-Sublime.jpg","datePublished":"2023-03-16T15:20:15+00:00","dateModified":"2026-01-27T07:56:29+00:00","description":"\u2765Compra A-Jax Keen Sublime (1 x 1.1ml) \u23e9 Tienda online My Lip Filler \u27a6 Garant\u00eda de calidad, rese\u00f1as, ingredientes, \u00a1los mejores precios!","breadcrumb":{"@id":"https:\/\/mylipfiller.com\/a-jax-keen-sublime-1-x-1-1ml\/#breadcrumb"},"inLanguage":"es","potentialAction":[{"@type":"ReadAction","target":["https:\/\/mylipfiller.com\/a-jax-keen-sublime-1-x-1-1ml\/"]}]},{"@type":"ImageObject","inLanguage":"es","@id":"https:\/\/mylipfiller.com\/a-jax-keen-sublime-1-x-1-1ml\/#primaryimage","url":"https:\/\/cdn.mylipfiller.com\/wp-content\/uploads\/2023\/03\/A-Jax-Keen-Sublime.jpg","contentUrl":"https:\/\/cdn.mylipfiller.com\/wp-content\/uploads\/2023\/03\/A-Jax-Keen-Sublime.jpg","width":600,"height":600,"caption":"A-Jax Keen Sublime"},{"@type":"BreadcrumbList","@id":"https:\/\/mylipfiller.com\/a-jax-keen-sublime-1-x-1-1ml\/#breadcrumb","itemListElement":[{"@type":"ListItem","position":1,"name":"Home","item":"https:\/\/mylipfiller.com\/"},{"@type":"ListItem","position":2,"name":"Shop","item":"https:\/\/mylipfiller.com\/shop\/"},{"@type":"ListItem","position":3,"name":"A-Jax Keen Sublime (1 x 1.1ml)"}]},{"@type":"WebSite","@id":"https:\/\/mylipfiller.com\/#website","url":"https:\/\/mylipfiller.com\/","name":"Mi relleno de labios","description":"Rellenos d\u00e9rmicos y de labios con \u00e1cido hialur\u00f3nico","publisher":{"@id":"https:\/\/mylipfiller.com\/#organization"},"potentialAction":[{"@type":"SearchAction","target":{"@type":"EntryPoint","urlTemplate":"https:\/\/mylipfiller.com\/?s={search_term_string}"},"query-input":{"@type":"PropertyValueSpecification","valueRequired":true,"valueName":"search_term_string"}}],"inLanguage":"es"},{"@type":"Organization","@id":"https:\/\/mylipfiller.com\/#organization","name":"Mi relleno de labios","url":"https:\/\/mylipfiller.com\/","logo":{"@type":"ImageObject","inLanguage":"es","@id":"https:\/\/mylipfiller.com\/#\/schema\/logo\/image\/","url":"https:\/\/cdn.mylipfiller.com\/wp-content\/uploads\/2019\/02\/cropped-My-Lip-Filler-Logo.png","contentUrl":"https:\/\/cdn.mylipfiller.com\/wp-content\/uploads\/2019\/02\/cropped-My-Lip-Filler-Logo.png","width":240,"height":88,"caption":"My Lip Filler"},"image":{"@id":"https:\/\/mylipfiller.com\/#\/schema\/logo\/image\/"}}]}},"_links":{"self":[{"href":"https:\/\/mylipfiller.com\/es\/wp-json\/wp\/v2\/product\/39648","targetHints":{"allow":["GET"]}}],"collection":[{"href":"https:\/\/mylipfiller.com\/es\/wp-json\/wp\/v2\/product"}],"about":[{"href":"https:\/\/mylipfiller.com\/es\/wp-json\/wp\/v2\/types\/product"}],"wp:featuredmedia":[{"embeddable":true,"href":"https:\/\/mylipfiller.com\/es\/wp-json\/wp\/v2\/media\/39651"}],"wp:attachment":[{"href":"https:\/\/mylipfiller.com\/es\/wp-json\/wp\/v2\/media?parent=39648"}],"wp:term":[{"taxonomy":"product_brand","embeddable":true,"href":"https:\/\/mylipfiller.com\/es\/wp-json\/wp\/v2\/product_brand?post=39648"},{"taxonomy":"product_cat","embeddable":true,"href":"https:\/\/mylipfiller.com\/es\/wp-json\/wp\/v2\/product_cat?post=39648"},{"taxonomy":"product_tag","embeddable":true,"href":"https:\/\/mylipfiller.com\/es\/wp-json\/wp\/v2\/product_tag?post=39648"}],"curies":[{"name":"gracias","href":"https:\/\/api.w.org\/{rel}","templated":true}]}}