{"id":39653,"date":"2023-03-16T17:23:26","date_gmt":"2023-03-16T15:23:26","guid":{"rendered":"https:\/\/mylipfiller.com\/?post_type=product&#038;p=39653"},"modified":"2024-07-03T17:33:01","modified_gmt":"2024-07-03T15:33:01","slug":"aesthefill-pdlla-filler-1-x-200mg","status":"publish","type":"product","link":"https:\/\/mylipfiller.com\/es\/aesthefill-pdlla-filler-1-x-200mg\/","title":{"rendered":"AestheFill PDLLA Relleno 1 x 200 mg"},"content":{"rendered":"<p>Mientras que los rellenos hialur\u00f3nicos tradicionales se centran principalmente en el efecto inmediato, AestheFill tiene como objetivo ofrecer una soluci\u00f3n duradera. Una vez introducido en la piel, AestheFill la ayudar\u00e1 gradualmente a crear col\u00e1geno al inducir la colagenog\u00e9nesis y ayudar\u00e1 a que el col\u00e1geno se acumule con el tiempo. Esto permite que el producto trate de manera m\u00e1s natural las arrugas profundas de la piel, los pliegues y otras depresiones, por un lado, mientras mejora el estado general de la piel, por el otro. Una piel m\u00e1s rejuvenecida, firme y juvenil, con una textura m\u00e1s suave y una elasticidad restaurada: esto es lo que AestheFill puede proporcionar.<\/p>\n<p>Se basa en PDLLA, poli-D, \u00e1cido L-l\u00e1ctico, una base mejorada para el rejuvenecimiento de la piel a largo plazo, en comparaci\u00f3n con el PLLA (\u00e1cido poli-L-l\u00e1ctico) m\u00e1s popular. Todav\u00eda es completamente biocompatible y biodegradable, lo que convierte a AestheFill en un m\u00e9todo perfectamente seguro para restaurar la p\u00e9rdida de volumen de la piel en una variedad de \u00e1reas de la cara, especialmente las mejillas y el \u00e1rea nasolabial.<\/p>\n<p>Adem\u00e1s, se puede utilizar eficazmente para tratar la lipodistrofia tanto en la cara como en el cuello, pero tambi\u00e9n en el escote y las manos. Cuando se usa correctamente, AestheFill tambi\u00e9n puede ayudar a mejorar o restaurar el contorno de ciertos rasgos faciales.<\/p>\n<p>A diferencia de los rellenos HA tradicionales, AestheFill no viene en forma de gel. Antes de su uso, debe disolverse adecuadamente en una soluci\u00f3n inyectable. La dosis est\u00e1ndar para la preparaci\u00f3n es de diez mililitros de soluci\u00f3n salina inyectable, siendo suficiente la soluci\u00f3n lista para tratar completa y exhaustivamente dos o tres \u00e1reas en la cara, el cuello o las manos.<\/p>\n<p>Los procedimientos de aplicaci\u00f3n se caracterizan por m\u00ednimas molestias para el paciente. Los resultados no son inmediatos, pero se puede esperar que se noten cada vez m\u00e1s con el tiempo, dentro de los primeros dos meses posteriores al uso, mientras que los resultados a largo plazo deber\u00edan ser observables durante un per\u00edodo de hasta dos a\u00f1os.<\/p>","protected":false},"excerpt":{"rendered":"<p>AestheFill ofrece un nuevo enfoque para el tratamiento de la piel y una nueva visi\u00f3n en la industria de los rellenos semipermanentes. Esta es una soluci\u00f3n especializada avanzada, que induce la regeneraci\u00f3n de la piel y la autocuraci\u00f3n, mejorando la condici\u00f3n de la piel durante un per\u00edodo de tiempo muy prolongado, suavizando las arrugas profundas, aumentando enormemente la s\u00edntesis de col\u00e1geno en la piel y eliminando por completo incluso las formas m\u00e1s severas de depresiones de la piel en el \u00e1rea facial.<\/p>","protected":false},"featured_media":39654,"template":"","meta":{"_acf_changed":false},"product_brand":[],"product_cat":[99,34,185],"product_tag":[123,130,131,115,114,111,142,135,137,124],"class_list":{"0":"post-39653","1":"product","2":"type-product","3":"status-publish","4":"has-post-thumbnail","6":"product_cat-aesthefill","7":"product_cat-hard","8":"product_cat-regen-biotech","9":"product_tag-asymmetry","10":"product_tag-cheek-volume","11":"product_tag-cheekbone-contour","12":"product_tag-cheekbones","13":"product_tag-chin","14":"product_tag-face","15":"product_tag-modeling","16":"product_tag-small-chin","17":"product_tag-south-korea","18":"product_tag-volume","20":"first","21":"outofstock","22":"taxable","23":"shipping-taxable","24":"purchasable","25":"product-type-simple"},"acf":[],"yoast_head":"<!-- This site is optimized with the Yoast SEO plugin v27.2 - https:\/\/yoast.com\/product\/yoast-seo-wordpress\/ -->\n<title>Buy AestheFill PDLLA Filler 1 x 200mg - Fillers from My Lip Filler<\/title>\n<meta name=\"description\" content=\"\u2765Buy AestheFill PDLLA Filler 1 x 200mg \u23e9 My Lip Filler online store \u27a6 Quality assurance, reviews, ingredients, best prices!\" \/>\n<meta name=\"robots\" content=\"index, follow, max-snippet:-1, max-image-preview:large, max-video-preview:-1\" \/>\n<link rel=\"canonical\" href=\"https:\/\/mylipfiller.com\/es\/aesthefill-pdlla-filler-1-x-200mg\/\" \/>\n<meta property=\"og:locale\" content=\"es_MX\" \/>\n<meta property=\"og:type\" content=\"article\" \/>\n<meta property=\"og:title\" content=\"Buy AestheFill PDLLA Filler 1 x 200mg - Fillers from My Lip Filler\" \/>\n<meta property=\"og:description\" content=\"\u2765Buy AestheFill PDLLA Filler 1 x 200mg \u23e9 My Lip Filler online store \u27a6 Quality assurance, reviews, ingredients, best prices!\" \/>\n<meta property=\"og:url\" content=\"https:\/\/mylipfiller.com\/es\/aesthefill-pdlla-filler-1-x-200mg\/\" \/>\n<meta property=\"og:site_name\" content=\"My Lip Filler\" \/>\n<meta property=\"article:modified_time\" content=\"2024-07-03T15:33:01+00:00\" \/>\n<meta property=\"og:image\" content=\"https:\/\/cdn.mylipfiller.com\/wp-content\/uploads\/2023\/03\/AestheFill.jpg\" \/>\n\t<meta property=\"og:image:width\" content=\"600\" \/>\n\t<meta property=\"og:image:height\" content=\"600\" \/>\n\t<meta property=\"og:image:type\" content=\"image\/jpeg\" \/>\n<meta name=\"twitter:card\" content=\"summary_large_image\" \/>\n<meta name=\"twitter:label1\" content=\"Tiempo de lectura\" \/>\n\t<meta name=\"twitter:data1\" content=\"2 minutos\" \/>\n<script type=\"application\/ld+json\" class=\"yoast-schema-graph\">{\"@context\":\"https:\/\/schema.org\",\"@graph\":[{\"@type\":\"WebPage\",\"@id\":\"https:\/\/mylipfiller.com\/aesthefill-pdlla-filler-1-x-200mg\/\",\"url\":\"https:\/\/mylipfiller.com\/aesthefill-pdlla-filler-1-x-200mg\/\",\"name\":\"Buy AestheFill PDLLA Filler 1 x 200mg - Fillers from My Lip Filler\",\"isPartOf\":{\"@id\":\"https:\/\/mylipfiller.com\/#website\"},\"primaryImageOfPage\":{\"@id\":\"https:\/\/mylipfiller.com\/aesthefill-pdlla-filler-1-x-200mg\/#primaryimage\"},\"image\":{\"@id\":\"https:\/\/mylipfiller.com\/aesthefill-pdlla-filler-1-x-200mg\/#primaryimage\"},\"thumbnailUrl\":\"https:\/\/cdn.mylipfiller.com\/wp-content\/uploads\/2023\/03\/AestheFill.jpg\",\"datePublished\":\"2023-03-16T15:23:26+00:00\",\"dateModified\":\"2024-07-03T15:33:01+00:00\",\"description\":\"\u2765Buy AestheFill PDLLA Filler 1 x 200mg \u23e9 My Lip Filler online store \u27a6 Quality assurance, reviews, ingredients, best prices!\",\"breadcrumb\":{\"@id\":\"https:\/\/mylipfiller.com\/aesthefill-pdlla-filler-1-x-200mg\/#breadcrumb\"},\"inLanguage\":\"es\",\"potentialAction\":[{\"@type\":\"ReadAction\",\"target\":[\"https:\/\/mylipfiller.com\/aesthefill-pdlla-filler-1-x-200mg\/\"]}]},{\"@type\":\"ImageObject\",\"inLanguage\":\"es\",\"@id\":\"https:\/\/mylipfiller.com\/aesthefill-pdlla-filler-1-x-200mg\/#primaryimage\",\"url\":\"https:\/\/cdn.mylipfiller.com\/wp-content\/uploads\/2023\/03\/AestheFill.jpg\",\"contentUrl\":\"https:\/\/cdn.mylipfiller.com\/wp-content\/uploads\/2023\/03\/AestheFill.jpg\",\"width\":600,\"height\":600,\"caption\":\"AestheFill\"},{\"@type\":\"BreadcrumbList\",\"@id\":\"https:\/\/mylipfiller.com\/aesthefill-pdlla-filler-1-x-200mg\/#breadcrumb\",\"itemListElement\":[{\"@type\":\"ListItem\",\"position\":1,\"name\":\"Home\",\"item\":\"https:\/\/mylipfiller.com\/\"},{\"@type\":\"ListItem\",\"position\":2,\"name\":\"Shop\",\"item\":\"https:\/\/mylipfiller.com\/shop\/\"},{\"@type\":\"ListItem\",\"position\":3,\"name\":\"AestheFill PDLLA Filler 1 x 200mg\"}]},{\"@type\":\"WebSite\",\"@id\":\"https:\/\/mylipfiller.com\/#website\",\"url\":\"https:\/\/mylipfiller.com\/\",\"name\":\"My Lip Filler\",\"description\":\"Hyaluronic Acid Lip and Dermal Fillers\",\"publisher\":{\"@id\":\"https:\/\/mylipfiller.com\/#organization\"},\"potentialAction\":[{\"@type\":\"SearchAction\",\"target\":{\"@type\":\"EntryPoint\",\"urlTemplate\":\"https:\/\/mylipfiller.com\/?s={search_term_string}\"},\"query-input\":{\"@type\":\"PropertyValueSpecification\",\"valueRequired\":true,\"valueName\":\"search_term_string\"}}],\"inLanguage\":\"es\"},{\"@type\":\"Organization\",\"@id\":\"https:\/\/mylipfiller.com\/#organization\",\"name\":\"My Lip Filler\",\"url\":\"https:\/\/mylipfiller.com\/\",\"logo\":{\"@type\":\"ImageObject\",\"inLanguage\":\"es\",\"@id\":\"https:\/\/mylipfiller.com\/#\/schema\/logo\/image\/\",\"url\":\"https:\/\/cdn.mylipfiller.com\/wp-content\/uploads\/2019\/02\/cropped-My-Lip-Filler-Logo.png\",\"contentUrl\":\"https:\/\/cdn.mylipfiller.com\/wp-content\/uploads\/2019\/02\/cropped-My-Lip-Filler-Logo.png\",\"width\":240,\"height\":88,\"caption\":\"My Lip Filler\"},\"image\":{\"@id\":\"https:\/\/mylipfiller.com\/#\/schema\/logo\/image\/\"}}]}<\/script>\n<!-- \/ Yoast SEO plugin. -->","yoast_head_json":{"title":"Comprar AestheFill PDLLA Filler 1 x 200 mg - Rellenos de My Lip Filler","description":"\u2765Comprar AestheFill PDLLA Filler 1 x 200mg \u23e9 Tienda online My Lip Filler \u27a6 Garant\u00eda de calidad, rese\u00f1as, ingredientes, \u00a1los mejores precios!","robots":{"index":"index","follow":"follow","max-snippet":"max-snippet:-1","max-image-preview":"max-image-preview:large","max-video-preview":"max-video-preview:-1"},"canonical":"https:\/\/mylipfiller.com\/es\/aesthefill-pdlla-filler-1-x-200mg\/","og_locale":"es_MX","og_type":"article","og_title":"Buy AestheFill PDLLA Filler 1 x 200mg - Fillers from My Lip Filler","og_description":"\u2765Buy AestheFill PDLLA Filler 1 x 200mg \u23e9 My Lip Filler online store \u27a6 Quality assurance, reviews, ingredients, best prices!","og_url":"https:\/\/mylipfiller.com\/es\/aesthefill-pdlla-filler-1-x-200mg\/","og_site_name":"My Lip Filler","article_modified_time":"2024-07-03T15:33:01+00:00","og_image":[{"width":600,"height":600,"url":"https:\/\/cdn.mylipfiller.com\/wp-content\/uploads\/2023\/03\/AestheFill.jpg","type":"image\/jpeg"}],"twitter_card":"summary_large_image","twitter_misc":{"Tiempo de lectura":"2 minutos"},"schema":{"@context":"https:\/\/schema.org","@graph":[{"@type":"WebPage","@id":"https:\/\/mylipfiller.com\/aesthefill-pdlla-filler-1-x-200mg\/","url":"https:\/\/mylipfiller.com\/aesthefill-pdlla-filler-1-x-200mg\/","name":"Comprar AestheFill PDLLA Filler 1 x 200 mg - Rellenos de My Lip Filler","isPartOf":{"@id":"https:\/\/mylipfiller.com\/#website"},"primaryImageOfPage":{"@id":"https:\/\/mylipfiller.com\/aesthefill-pdlla-filler-1-x-200mg\/#primaryimage"},"image":{"@id":"https:\/\/mylipfiller.com\/aesthefill-pdlla-filler-1-x-200mg\/#primaryimage"},"thumbnailUrl":"https:\/\/cdn.mylipfiller.com\/wp-content\/uploads\/2023\/03\/AestheFill.jpg","datePublished":"2023-03-16T15:23:26+00:00","dateModified":"2024-07-03T15:33:01+00:00","description":"\u2765Comprar AestheFill PDLLA Filler 1 x 200mg \u23e9 Tienda online My Lip Filler \u27a6 Garant\u00eda de calidad, rese\u00f1as, ingredientes, \u00a1los mejores precios!","breadcrumb":{"@id":"https:\/\/mylipfiller.com\/aesthefill-pdlla-filler-1-x-200mg\/#breadcrumb"},"inLanguage":"es","potentialAction":[{"@type":"ReadAction","target":["https:\/\/mylipfiller.com\/aesthefill-pdlla-filler-1-x-200mg\/"]}]},{"@type":"ImageObject","inLanguage":"es","@id":"https:\/\/mylipfiller.com\/aesthefill-pdlla-filler-1-x-200mg\/#primaryimage","url":"https:\/\/cdn.mylipfiller.com\/wp-content\/uploads\/2023\/03\/AestheFill.jpg","contentUrl":"https:\/\/cdn.mylipfiller.com\/wp-content\/uploads\/2023\/03\/AestheFill.jpg","width":600,"height":600,"caption":"AestheFill"},{"@type":"BreadcrumbList","@id":"https:\/\/mylipfiller.com\/aesthefill-pdlla-filler-1-x-200mg\/#breadcrumb","itemListElement":[{"@type":"ListItem","position":1,"name":"Home","item":"https:\/\/mylipfiller.com\/"},{"@type":"ListItem","position":2,"name":"Shop","item":"https:\/\/mylipfiller.com\/shop\/"},{"@type":"ListItem","position":3,"name":"AestheFill PDLLA Filler 1 x 200mg"}]},{"@type":"WebSite","@id":"https:\/\/mylipfiller.com\/#website","url":"https:\/\/mylipfiller.com\/","name":"Mi relleno de labios","description":"Rellenos d\u00e9rmicos y de labios con \u00e1cido hialur\u00f3nico","publisher":{"@id":"https:\/\/mylipfiller.com\/#organization"},"potentialAction":[{"@type":"SearchAction","target":{"@type":"EntryPoint","urlTemplate":"https:\/\/mylipfiller.com\/?s={search_term_string}"},"query-input":{"@type":"PropertyValueSpecification","valueRequired":true,"valueName":"search_term_string"}}],"inLanguage":"es"},{"@type":"Organization","@id":"https:\/\/mylipfiller.com\/#organization","name":"Mi relleno de labios","url":"https:\/\/mylipfiller.com\/","logo":{"@type":"ImageObject","inLanguage":"es","@id":"https:\/\/mylipfiller.com\/#\/schema\/logo\/image\/","url":"https:\/\/cdn.mylipfiller.com\/wp-content\/uploads\/2019\/02\/cropped-My-Lip-Filler-Logo.png","contentUrl":"https:\/\/cdn.mylipfiller.com\/wp-content\/uploads\/2019\/02\/cropped-My-Lip-Filler-Logo.png","width":240,"height":88,"caption":"My Lip Filler"},"image":{"@id":"https:\/\/mylipfiller.com\/#\/schema\/logo\/image\/"}}]}},"_links":{"self":[{"href":"https:\/\/mylipfiller.com\/es\/wp-json\/wp\/v2\/product\/39653","targetHints":{"allow":["GET"]}}],"collection":[{"href":"https:\/\/mylipfiller.com\/es\/wp-json\/wp\/v2\/product"}],"about":[{"href":"https:\/\/mylipfiller.com\/es\/wp-json\/wp\/v2\/types\/product"}],"wp:featuredmedia":[{"embeddable":true,"href":"https:\/\/mylipfiller.com\/es\/wp-json\/wp\/v2\/media\/39654"}],"wp:attachment":[{"href":"https:\/\/mylipfiller.com\/es\/wp-json\/wp\/v2\/media?parent=39653"}],"wp:term":[{"taxonomy":"product_brand","embeddable":true,"href":"https:\/\/mylipfiller.com\/es\/wp-json\/wp\/v2\/product_brand?post=39653"},{"taxonomy":"product_cat","embeddable":true,"href":"https:\/\/mylipfiller.com\/es\/wp-json\/wp\/v2\/product_cat?post=39653"},{"taxonomy":"product_tag","embeddable":true,"href":"https:\/\/mylipfiller.com\/es\/wp-json\/wp\/v2\/product_tag?post=39653"}],"curies":[{"name":"gracias","href":"https:\/\/api.w.org\/{rel}","templated":true}]}}