{"id":40180,"date":"2023-04-21T18:15:45","date_gmt":"2023-04-21T16:15:45","guid":{"rendered":"https:\/\/mylipfiller.com\/?post_type=product&#038;p=40180"},"modified":"2024-05-08T09:08:30","modified_gmt":"2024-05-08T07:08:30","slug":"claireyes-polynucleotide-filler-1-x-1-1ml","status":"publish","type":"product","link":"https:\/\/mylipfiller.com\/es\/claireyes-polynucleotide-filler-1-x-1-1ml\/","title":{"rendered":"Relleno de polinucle\u00f3tidos CLAIReyes (1 x 1,1 ml)"},"content":{"rendered":"<p>Es inevitable no hacer una comparaci\u00f3n directa entre CLAIReyes y los m\u00e1s conocidos Luli Eyes y Rejuran I. Cada uno de estos elementos es un relleno a base de polinucle\u00f3tido de sodio (PN) que se utiliza para restaurar la piel de la cara (y especialmente en el \u00e1rea de los ojos). ), a su mejor estado, devolvi\u00e9ndole su vitalidad y luminosidad natural. Sin embargo, CLAIReyes logr\u00f3 ofrecer eso a un precio m\u00e1s competitivo.<\/p>\n<p>El PN en el que se basa el relleno de ojos CLAIR se deriva del salm\u00f3n. Se ha demostrado que la sustancia de polinucle\u00f3tido de sodio, tanto en pruebas de laboratorio como en la pr\u00e1ctica, es en general muy beneficiosa para las capas de la epidermis y la dermis. Es un potente potenciador de la s\u00edntesis de col\u00e1geno y elastina en la piel, y mejora la salud general de la piel al ayudar a que la matriz extracelular se regenere naturalmente, mientras que al mismo tiempo mejora los procesos de reparaci\u00f3n y s\u00edntesis de DNS en la piel.<\/p>\n<h3>Aplicaci\u00f3n del relleno CLAIReyes PN:<\/h3>\n<ul>\n<li>Potentes soluciones antiedad para la piel<\/li>\n<li>Eliminaci\u00f3n de arrugas finas, alisado de la piel.<\/li>\n<li>Mejoras y tonicidad y luminosidad de la piel, particularmente en lo que se refiere a la eliminaci\u00f3n de manchas oscuras<\/li>\n<li>Desaparici\u00f3n del acn\u00e9 y del tejido cicatricial relacionado con el acn\u00e9.<\/li>\n<li>Impulso de la producci\u00f3n de col\u00e1geno y elastina y amplificaci\u00f3n de los procesos de autocuraci\u00f3n de la piel<\/li>\n<\/ul>\n<p>Una caja de ojos CLAIR contiene una sola jeringa precargada de relleno a base de polinucle\u00f3tido de sodio esterilizado, con una concentraci\u00f3n de PN de 2 mg por ml. Se recomiendan m\u00faltiples sesiones para lograr resultados mejores y m\u00e1s duraderos. El protocolo de aplicaci\u00f3n \u00f3ptimo es de tres o cuatro sesiones, espaciadas entre dos y tres semanas entre s\u00ed.<\/p>","protected":false},"excerpt":{"rendered":"<p>El relleno CLAIReyes PN es un relleno revolucionario a base de polinucle\u00f3tido de sodio, que puede proporcionar resultados muy notables y duraderos y es una de las soluciones m\u00e1s efectivas para la terapia antienvejecimiento de la piel en el mercado, inigualable por su valor por d\u00f3lar. CLAIReyes es un relleno de polinucle\u00f3tido especialmente dise\u00f1ado para el tratamiento de las arrugas delicadas en el \u00e1rea alrededor de los ojos, pero tambi\u00e9n para mejoras generales en la elasticidad, el tono y la luminosidad de la piel.<\/p>","protected":false},"featured_media":40175,"template":"","meta":{"_acf_changed":false},"product_brand":[],"product_cat":[18,32],"product_tag":[138,144,125,111,126,117,147,106,145,113,143,139,146,137,108,119,148,127],"class_list":{"0":"post-40180","1":"product","2":"type-product","3":"status-publish","4":"has-post-thumbnail","6":"product_cat-mesotherapy","7":"product_cat-soft","8":"product_tag-anti-aging","9":"product_tag-anti-wrinkle","10":"product_tag-crows-feet","11":"product_tag-face","12":"product_tag-fine-lines","13":"product_tag-low-density","14":"product_tag-moisturizing","15":"product_tag-nasolacrimal-furrows","16":"product_tag-nourishing","17":"product_tag-periorbital-area","18":"product_tag-rejuvenating","19":"product_tag-restoration","20":"product_tag-smoothing","21":"product_tag-south-korea","22":"product_tag-under-eye","23":"product_tag-up-to-9-months","24":"product_tag-upper-dermis","25":"product_tag-wrinkles-around-the-eyes","27":"first","28":"outofstock","29":"taxable","30":"shipping-taxable","31":"purchasable","32":"product-type-simple"},"acf":[],"yoast_head":"<!-- This site is optimized with the Yoast SEO plugin v27.2 - https:\/\/yoast.com\/product\/yoast-seo-wordpress\/ -->\n<title>Buy CLAIReyes Polynucleotide Filler (1 x 1.1ml) - Fillers from My Lip Filler<\/title>\n<meta name=\"description\" content=\"\u2765Buy CLAIReyes Polynucleotide Filler (1 x 1.1ml) \u23e9 My Lip Filler online store \u27a6 Quality assurance, reviews, ingredients, best prices!\" \/>\n<meta name=\"robots\" content=\"index, follow, max-snippet:-1, max-image-preview:large, max-video-preview:-1\" \/>\n<link rel=\"canonical\" href=\"https:\/\/mylipfiller.com\/es\/claireyes-polynucleotide-filler-1-x-1-1ml\/\" \/>\n<meta property=\"og:locale\" content=\"es_MX\" \/>\n<meta property=\"og:type\" content=\"article\" \/>\n<meta property=\"og:title\" content=\"Buy CLAIReyes Polynucleotide Filler (1 x 1.1ml) - Fillers from My Lip Filler\" \/>\n<meta property=\"og:description\" content=\"\u2765Buy CLAIReyes Polynucleotide Filler (1 x 1.1ml) \u23e9 My Lip Filler online store \u27a6 Quality assurance, reviews, ingredients, best prices!\" \/>\n<meta property=\"og:url\" content=\"https:\/\/mylipfiller.com\/es\/claireyes-polynucleotide-filler-1-x-1-1ml\/\" \/>\n<meta property=\"og:site_name\" content=\"My Lip Filler\" \/>\n<meta property=\"article:modified_time\" content=\"2024-05-08T07:08:30+00:00\" \/>\n<meta property=\"og:image\" content=\"https:\/\/cdn.mylipfiller.com\/wp-content\/uploads\/2023\/04\/CLAIReyes.jpg\" \/>\n\t<meta property=\"og:image:width\" content=\"600\" \/>\n\t<meta property=\"og:image:height\" content=\"600\" \/>\n\t<meta property=\"og:image:type\" content=\"image\/jpeg\" \/>\n<meta name=\"twitter:card\" content=\"summary_large_image\" \/>\n<meta name=\"twitter:label1\" content=\"Tiempo de lectura\" \/>\n\t<meta name=\"twitter:data1\" content=\"2 minutos\" \/>\n<script type=\"application\/ld+json\" class=\"yoast-schema-graph\">{\"@context\":\"https:\/\/schema.org\",\"@graph\":[{\"@type\":\"WebPage\",\"@id\":\"https:\/\/mylipfiller.com\/claireyes-polynucleotide-filler-1-x-1-1ml\/\",\"url\":\"https:\/\/mylipfiller.com\/claireyes-polynucleotide-filler-1-x-1-1ml\/\",\"name\":\"Buy CLAIReyes Polynucleotide Filler (1 x 1.1ml) - Fillers from My Lip Filler\",\"isPartOf\":{\"@id\":\"https:\/\/mylipfiller.com\/#website\"},\"primaryImageOfPage\":{\"@id\":\"https:\/\/mylipfiller.com\/claireyes-polynucleotide-filler-1-x-1-1ml\/#primaryimage\"},\"image\":{\"@id\":\"https:\/\/mylipfiller.com\/claireyes-polynucleotide-filler-1-x-1-1ml\/#primaryimage\"},\"thumbnailUrl\":\"https:\/\/cdn.mylipfiller.com\/wp-content\/uploads\/2023\/04\/CLAIReyes.jpg\",\"datePublished\":\"2023-04-21T16:15:45+00:00\",\"dateModified\":\"2024-05-08T07:08:30+00:00\",\"description\":\"\u2765Buy CLAIReyes Polynucleotide Filler (1 x 1.1ml) \u23e9 My Lip Filler online store \u27a6 Quality assurance, reviews, ingredients, best prices!\",\"breadcrumb\":{\"@id\":\"https:\/\/mylipfiller.com\/claireyes-polynucleotide-filler-1-x-1-1ml\/#breadcrumb\"},\"inLanguage\":\"es\",\"potentialAction\":[{\"@type\":\"ReadAction\",\"target\":[\"https:\/\/mylipfiller.com\/claireyes-polynucleotide-filler-1-x-1-1ml\/\"]}]},{\"@type\":\"ImageObject\",\"inLanguage\":\"es\",\"@id\":\"https:\/\/mylipfiller.com\/claireyes-polynucleotide-filler-1-x-1-1ml\/#primaryimage\",\"url\":\"https:\/\/cdn.mylipfiller.com\/wp-content\/uploads\/2023\/04\/CLAIReyes.jpg\",\"contentUrl\":\"https:\/\/cdn.mylipfiller.com\/wp-content\/uploads\/2023\/04\/CLAIReyes.jpg\",\"width\":600,\"height\":600,\"caption\":\"CLAIReyes PDRN Filler\"},{\"@type\":\"BreadcrumbList\",\"@id\":\"https:\/\/mylipfiller.com\/claireyes-polynucleotide-filler-1-x-1-1ml\/#breadcrumb\",\"itemListElement\":[{\"@type\":\"ListItem\",\"position\":1,\"name\":\"Home\",\"item\":\"https:\/\/mylipfiller.com\/\"},{\"@type\":\"ListItem\",\"position\":2,\"name\":\"Shop\",\"item\":\"https:\/\/mylipfiller.com\/shop\/\"},{\"@type\":\"ListItem\",\"position\":3,\"name\":\"CLAIReyes Polynucleotide Filler (1 x 1.1ml)\"}]},{\"@type\":\"WebSite\",\"@id\":\"https:\/\/mylipfiller.com\/#website\",\"url\":\"https:\/\/mylipfiller.com\/\",\"name\":\"My Lip Filler\",\"description\":\"Hyaluronic Acid Lip and Dermal Fillers\",\"publisher\":{\"@id\":\"https:\/\/mylipfiller.com\/#organization\"},\"potentialAction\":[{\"@type\":\"SearchAction\",\"target\":{\"@type\":\"EntryPoint\",\"urlTemplate\":\"https:\/\/mylipfiller.com\/?s={search_term_string}\"},\"query-input\":{\"@type\":\"PropertyValueSpecification\",\"valueRequired\":true,\"valueName\":\"search_term_string\"}}],\"inLanguage\":\"es\"},{\"@type\":\"Organization\",\"@id\":\"https:\/\/mylipfiller.com\/#organization\",\"name\":\"My Lip Filler\",\"url\":\"https:\/\/mylipfiller.com\/\",\"logo\":{\"@type\":\"ImageObject\",\"inLanguage\":\"es\",\"@id\":\"https:\/\/mylipfiller.com\/#\/schema\/logo\/image\/\",\"url\":\"https:\/\/cdn.mylipfiller.com\/wp-content\/uploads\/2019\/02\/cropped-My-Lip-Filler-Logo.png\",\"contentUrl\":\"https:\/\/cdn.mylipfiller.com\/wp-content\/uploads\/2019\/02\/cropped-My-Lip-Filler-Logo.png\",\"width\":240,\"height\":88,\"caption\":\"My Lip Filler\"},\"image\":{\"@id\":\"https:\/\/mylipfiller.com\/#\/schema\/logo\/image\/\"}}]}<\/script>\n<!-- \/ Yoast SEO plugin. -->","yoast_head_json":{"title":"Compre relleno de polinucle\u00f3tidos CLAIReyes (1 x 1,1 ml) - Rellenos de My Lip Filler","description":"\u2765Compre relleno de polinucle\u00f3tidos CLAIReyes (1 x 1,1 ml) \u23e9 Tienda online My Lip Filler \u27a6 Garant\u00eda de calidad, rese\u00f1as, ingredientes, \u00a1los mejores precios!","robots":{"index":"index","follow":"follow","max-snippet":"max-snippet:-1","max-image-preview":"max-image-preview:large","max-video-preview":"max-video-preview:-1"},"canonical":"https:\/\/mylipfiller.com\/es\/claireyes-polynucleotide-filler-1-x-1-1ml\/","og_locale":"es_MX","og_type":"article","og_title":"Buy CLAIReyes Polynucleotide Filler (1 x 1.1ml) - Fillers from My Lip Filler","og_description":"\u2765Buy CLAIReyes Polynucleotide Filler (1 x 1.1ml) \u23e9 My Lip Filler online store \u27a6 Quality assurance, reviews, ingredients, best prices!","og_url":"https:\/\/mylipfiller.com\/es\/claireyes-polynucleotide-filler-1-x-1-1ml\/","og_site_name":"My Lip Filler","article_modified_time":"2024-05-08T07:08:30+00:00","og_image":[{"width":600,"height":600,"url":"https:\/\/cdn.mylipfiller.com\/wp-content\/uploads\/2023\/04\/CLAIReyes.jpg","type":"image\/jpeg"}],"twitter_card":"summary_large_image","twitter_misc":{"Tiempo de lectura":"2 minutos"},"schema":{"@context":"https:\/\/schema.org","@graph":[{"@type":"WebPage","@id":"https:\/\/mylipfiller.com\/claireyes-polynucleotide-filler-1-x-1-1ml\/","url":"https:\/\/mylipfiller.com\/claireyes-polynucleotide-filler-1-x-1-1ml\/","name":"Compre relleno de polinucle\u00f3tidos CLAIReyes (1 x 1,1 ml) - Rellenos de My Lip Filler","isPartOf":{"@id":"https:\/\/mylipfiller.com\/#website"},"primaryImageOfPage":{"@id":"https:\/\/mylipfiller.com\/claireyes-polynucleotide-filler-1-x-1-1ml\/#primaryimage"},"image":{"@id":"https:\/\/mylipfiller.com\/claireyes-polynucleotide-filler-1-x-1-1ml\/#primaryimage"},"thumbnailUrl":"https:\/\/cdn.mylipfiller.com\/wp-content\/uploads\/2023\/04\/CLAIReyes.jpg","datePublished":"2023-04-21T16:15:45+00:00","dateModified":"2024-05-08T07:08:30+00:00","description":"\u2765Compre relleno de polinucle\u00f3tidos CLAIReyes (1 x 1,1 ml) \u23e9 Tienda online My Lip Filler \u27a6 Garant\u00eda de calidad, rese\u00f1as, ingredientes, \u00a1los mejores precios!","breadcrumb":{"@id":"https:\/\/mylipfiller.com\/claireyes-polynucleotide-filler-1-x-1-1ml\/#breadcrumb"},"inLanguage":"es","potentialAction":[{"@type":"ReadAction","target":["https:\/\/mylipfiller.com\/claireyes-polynucleotide-filler-1-x-1-1ml\/"]}]},{"@type":"ImageObject","inLanguage":"es","@id":"https:\/\/mylipfiller.com\/claireyes-polynucleotide-filler-1-x-1-1ml\/#primaryimage","url":"https:\/\/cdn.mylipfiller.com\/wp-content\/uploads\/2023\/04\/CLAIReyes.jpg","contentUrl":"https:\/\/cdn.mylipfiller.com\/wp-content\/uploads\/2023\/04\/CLAIReyes.jpg","width":600,"height":600,"caption":"CLAIReyes PDRN Filler"},{"@type":"BreadcrumbList","@id":"https:\/\/mylipfiller.com\/claireyes-polynucleotide-filler-1-x-1-1ml\/#breadcrumb","itemListElement":[{"@type":"ListItem","position":1,"name":"Home","item":"https:\/\/mylipfiller.com\/"},{"@type":"ListItem","position":2,"name":"Shop","item":"https:\/\/mylipfiller.com\/shop\/"},{"@type":"ListItem","position":3,"name":"CLAIReyes Polynucleotide Filler (1 x 1.1ml)"}]},{"@type":"WebSite","@id":"https:\/\/mylipfiller.com\/#website","url":"https:\/\/mylipfiller.com\/","name":"Mi relleno de labios","description":"Rellenos d\u00e9rmicos y de labios con \u00e1cido hialur\u00f3nico","publisher":{"@id":"https:\/\/mylipfiller.com\/#organization"},"potentialAction":[{"@type":"SearchAction","target":{"@type":"EntryPoint","urlTemplate":"https:\/\/mylipfiller.com\/?s={search_term_string}"},"query-input":{"@type":"PropertyValueSpecification","valueRequired":true,"valueName":"search_term_string"}}],"inLanguage":"es"},{"@type":"Organization","@id":"https:\/\/mylipfiller.com\/#organization","name":"Mi relleno de labios","url":"https:\/\/mylipfiller.com\/","logo":{"@type":"ImageObject","inLanguage":"es","@id":"https:\/\/mylipfiller.com\/#\/schema\/logo\/image\/","url":"https:\/\/cdn.mylipfiller.com\/wp-content\/uploads\/2019\/02\/cropped-My-Lip-Filler-Logo.png","contentUrl":"https:\/\/cdn.mylipfiller.com\/wp-content\/uploads\/2019\/02\/cropped-My-Lip-Filler-Logo.png","width":240,"height":88,"caption":"My Lip Filler"},"image":{"@id":"https:\/\/mylipfiller.com\/#\/schema\/logo\/image\/"}}]}},"_links":{"self":[{"href":"https:\/\/mylipfiller.com\/es\/wp-json\/wp\/v2\/product\/40180","targetHints":{"allow":["GET"]}}],"collection":[{"href":"https:\/\/mylipfiller.com\/es\/wp-json\/wp\/v2\/product"}],"about":[{"href":"https:\/\/mylipfiller.com\/es\/wp-json\/wp\/v2\/types\/product"}],"wp:featuredmedia":[{"embeddable":true,"href":"https:\/\/mylipfiller.com\/es\/wp-json\/wp\/v2\/media\/40175"}],"wp:attachment":[{"href":"https:\/\/mylipfiller.com\/es\/wp-json\/wp\/v2\/media?parent=40180"}],"wp:term":[{"taxonomy":"product_brand","embeddable":true,"href":"https:\/\/mylipfiller.com\/es\/wp-json\/wp\/v2\/product_brand?post=40180"},{"taxonomy":"product_cat","embeddable":true,"href":"https:\/\/mylipfiller.com\/es\/wp-json\/wp\/v2\/product_cat?post=40180"},{"taxonomy":"product_tag","embeddable":true,"href":"https:\/\/mylipfiller.com\/es\/wp-json\/wp\/v2\/product_tag?post=40180"}],"curies":[{"name":"gracias","href":"https:\/\/api.w.org\/{rel}","templated":true}]}}