{"id":40181,"date":"2023-04-21T18:15:46","date_gmt":"2023-04-21T16:15:46","guid":{"rendered":"https:\/\/mylipfiller.com\/?post_type=product&#038;p=40181"},"modified":"2024-07-03T17:33:01","modified_gmt":"2024-07-03T15:33:01","slug":"jbp-curacen-2ml-x-10","status":"publish","type":"product","link":"https:\/\/mylipfiller.com\/es\/jbp-curacen-2ml-x-10\/","title":{"rendered":"JBP Curac\u00e9n (2ml x 10)"},"content":{"rendered":"<p>Mientras que Laennec es una soluci\u00f3n de espectro m\u00e1s amplio, tanto para fines cosm\u00e9ticos como m\u00e9dicos, JBP Curacen est\u00e1 espec\u00edficamente dirigido al lado de la belleza del uso, como una poderosa soluci\u00f3n de mesoterapia. El producto meso se basa en esencia de placenta humana, pero tambi\u00e9n aprovecha al m\u00e1ximo la nanotecnolog\u00eda, un proceso de fraccionamiento molecular patentado. Combinados, brindan una de las formas m\u00e1s poderosas para el cuidado de la piel y el rejuvenecimiento de la piel que se pueden realizar.<\/p>\n<p>En esencia, JBP Curacen es un c\u00f3ctel de mesoterapia de ingredientes activos que incluyen factores de crecimiento, p\u00e9ptidos de bajo peso molecular, citocinas, amino\u00e1cidos y \u00e1cidos nucleicos. En particular, la estructura de bajo peso molecular de Curacen ayuda a que alcance capas m\u00e1s profundas de la piel y, por lo tanto, mejore su absorci\u00f3n. Se puede utilizar con \u00e9xito en diferentes formas de procedimientos de mesoterapia, incluida la iontoforesis.<\/p>\n<h3>JBP Curacen \u2013 Aplicaci\u00f3n y Beneficios<\/h3>\n<ul>\n<li>Ayuda a la regeneraci\u00f3n de los tejidos de la piel<\/li>\n<li>Puede tratar una variedad de imperfecciones relacionadas con la piel tanto en el \u00e1rea facial como en el cuerpo.<\/li>\n<li>Equilibra y mejora a\u00fan m\u00e1s la circulaci\u00f3n sangu\u00ednea en la piel y restaura el metabolismo natural de la piel.<\/li>\n<li>Elimina manchas de la piel, manchas de la edad y otras formas de hiperpigmentaci\u00f3n.<\/li>\n<li>Puede ayudar contra la ca\u00edda del cabello fortaleciendo los fol\u00edculos<\/li>\n<\/ul>\n<p>El mejor enfoque para usar JBP Curacen para la mesoterapia es realizar m\u00faltiples procedimientos durante un per\u00edodo de tiempo prolongado. Normalmente, la cantidad de sesiones recomendadas oscila entre cuatro y ocho, pero esto se determina seg\u00fan el problema espec\u00edfico de la piel del paciente, el estado general de la piel y los resultados deseados.<\/p>","protected":false},"excerpt":{"rendered":"<p>JBP Curacen, al igual que el mejor conocido Laennec, es una soluci\u00f3n a base de extracto de placenta humana, con propiedades curativas muy poderosas. Es una soluci\u00f3n efectiva cuando se trata de tratamiento de la piel, terapia anti-ge general y puede ayudar con ciertas imperfecciones visibles y mejorar la apariencia general y la condici\u00f3n de la cara. JBP Curacen se desarrolla utilizando tecnolog\u00edas de vanguardia y puede proporcionar mejoras en la condici\u00f3n de la piel, que no se pueden lograr con la mayor\u00eda de los productos antiarrugas y antiedad.<\/p>","protected":false},"featured_media":40177,"template":"","meta":{"_acf_changed":false},"product_brand":[],"product_cat":[23,18],"product_tag":[138,111,145,143,139,137],"class_list":{"0":"post-40181","1":"product","2":"type-product","3":"status-publish","4":"has-post-thumbnail","6":"product_cat-jbp","7":"product_cat-mesotherapy","8":"product_tag-anti-aging","9":"product_tag-face","10":"product_tag-nourishing","11":"product_tag-rejuvenating","12":"product_tag-restoration","13":"product_tag-south-korea","15":"first","16":"outofstock","17":"taxable","18":"shipping-taxable","19":"purchasable","20":"product-type-simple"},"acf":[],"yoast_head":"<!-- This site is optimized with the Yoast SEO plugin v27.4 - https:\/\/yoast.com\/product\/yoast-seo-wordpress\/ -->\n<title>Buy JBP Curacen (2ml x 10) - Fillers from My Lip Filler<\/title>\n<meta name=\"description\" content=\"\u2765Buy JBP Curacen (2ml x 10) \u23e9 My Lip Filler online store \u27a6 Quality assurance, reviews, ingredients, best prices!\" \/>\n<meta name=\"robots\" content=\"index, follow, max-snippet:-1, max-image-preview:large, max-video-preview:-1\" \/>\n<link rel=\"canonical\" href=\"https:\/\/mylipfiller.com\/es\/jbp-curacen-2ml-x-10\/\" \/>\n<meta property=\"og:locale\" content=\"es_MX\" \/>\n<meta property=\"og:type\" content=\"article\" \/>\n<meta property=\"og:title\" content=\"Buy JBP Curacen (2ml x 10) - Fillers from My Lip Filler\" \/>\n<meta property=\"og:description\" content=\"\u2765Buy JBP Curacen (2ml x 10) \u23e9 My Lip Filler online store \u27a6 Quality assurance, reviews, ingredients, best prices!\" \/>\n<meta property=\"og:url\" content=\"https:\/\/mylipfiller.com\/es\/jbp-curacen-2ml-x-10\/\" \/>\n<meta property=\"og:site_name\" content=\"My Lip Filler\" \/>\n<meta property=\"article:modified_time\" content=\"2024-07-03T15:33:01+00:00\" \/>\n<meta property=\"og:image\" content=\"https:\/\/cdn.mylipfiller.com\/wp-content\/uploads\/2023\/04\/Curacen.jpg\" \/>\n\t<meta property=\"og:image:width\" content=\"600\" \/>\n\t<meta property=\"og:image:height\" content=\"600\" \/>\n\t<meta property=\"og:image:type\" content=\"image\/jpeg\" \/>\n<meta name=\"twitter:card\" content=\"summary_large_image\" \/>\n<meta name=\"twitter:label1\" content=\"Tiempo de lectura\" \/>\n\t<meta name=\"twitter:data1\" content=\"2 minutos\" \/>\n<script type=\"application\/ld+json\" class=\"yoast-schema-graph\">{\"@context\":\"https:\\\/\\\/schema.org\",\"@graph\":[{\"@type\":\"WebPage\",\"@id\":\"https:\\\/\\\/mylipfiller.com\\\/jbp-curacen-2ml-x-10\\\/\",\"url\":\"https:\\\/\\\/mylipfiller.com\\\/jbp-curacen-2ml-x-10\\\/\",\"name\":\"Buy JBP Curacen (2ml x 10) - Fillers from My Lip Filler\",\"isPartOf\":{\"@id\":\"https:\\\/\\\/mylipfiller.com\\\/#website\"},\"primaryImageOfPage\":{\"@id\":\"https:\\\/\\\/mylipfiller.com\\\/jbp-curacen-2ml-x-10\\\/#primaryimage\"},\"image\":{\"@id\":\"https:\\\/\\\/mylipfiller.com\\\/jbp-curacen-2ml-x-10\\\/#primaryimage\"},\"thumbnailUrl\":\"https:\\\/\\\/mylipfiller.com\\\/wp-content\\\/uploads\\\/2023\\\/04\\\/Curacen.jpg\",\"datePublished\":\"2023-04-21T16:15:46+00:00\",\"dateModified\":\"2024-07-03T15:33:01+00:00\",\"description\":\"\u2765Buy JBP Curacen (2ml x 10) \u23e9 My Lip Filler online store \u27a6 Quality assurance, reviews, ingredients, best prices!\",\"breadcrumb\":{\"@id\":\"https:\\\/\\\/mylipfiller.com\\\/jbp-curacen-2ml-x-10\\\/#breadcrumb\"},\"inLanguage\":\"es\",\"potentialAction\":[{\"@type\":\"ReadAction\",\"target\":[\"https:\\\/\\\/mylipfiller.com\\\/jbp-curacen-2ml-x-10\\\/\"]}]},{\"@type\":\"ImageObject\",\"inLanguage\":\"es\",\"@id\":\"https:\\\/\\\/mylipfiller.com\\\/jbp-curacen-2ml-x-10\\\/#primaryimage\",\"url\":\"https:\\\/\\\/mylipfiller.com\\\/wp-content\\\/uploads\\\/2023\\\/04\\\/Curacen.jpg\",\"contentUrl\":\"https:\\\/\\\/mylipfiller.com\\\/wp-content\\\/uploads\\\/2023\\\/04\\\/Curacen.jpg\",\"width\":600,\"height\":600,\"caption\":\"JBP Curacen\"},{\"@type\":\"BreadcrumbList\",\"@id\":\"https:\\\/\\\/mylipfiller.com\\\/jbp-curacen-2ml-x-10\\\/#breadcrumb\",\"itemListElement\":[{\"@type\":\"ListItem\",\"position\":1,\"name\":\"Home\",\"item\":\"https:\\\/\\\/mylipfiller.com\\\/\"},{\"@type\":\"ListItem\",\"position\":2,\"name\":\"Shop\",\"item\":\"https:\\\/\\\/mylipfiller.com\\\/shop\\\/\"},{\"@type\":\"ListItem\",\"position\":3,\"name\":\"JBP Curacen (2ml x 10)\"}]},{\"@type\":\"WebSite\",\"@id\":\"https:\\\/\\\/mylipfiller.com\\\/#website\",\"url\":\"https:\\\/\\\/mylipfiller.com\\\/\",\"name\":\"My Lip Filler\",\"description\":\"Hyaluronic Acid Lip and Dermal Fillers\",\"publisher\":{\"@id\":\"https:\\\/\\\/mylipfiller.com\\\/#organization\"},\"potentialAction\":[{\"@type\":\"SearchAction\",\"target\":{\"@type\":\"EntryPoint\",\"urlTemplate\":\"https:\\\/\\\/mylipfiller.com\\\/?s={search_term_string}\"},\"query-input\":{\"@type\":\"PropertyValueSpecification\",\"valueRequired\":true,\"valueName\":\"search_term_string\"}}],\"inLanguage\":\"es\"},{\"@type\":\"Organization\",\"@id\":\"https:\\\/\\\/mylipfiller.com\\\/#organization\",\"name\":\"My Lip Filler\",\"url\":\"https:\\\/\\\/mylipfiller.com\\\/\",\"logo\":{\"@type\":\"ImageObject\",\"inLanguage\":\"es\",\"@id\":\"https:\\\/\\\/mylipfiller.com\\\/#\\\/schema\\\/logo\\\/image\\\/\",\"url\":\"https:\\\/\\\/mylipfiller.com\\\/wp-content\\\/uploads\\\/2019\\\/02\\\/cropped-My-Lip-Filler-Logo.png\",\"contentUrl\":\"https:\\\/\\\/mylipfiller.com\\\/wp-content\\\/uploads\\\/2019\\\/02\\\/cropped-My-Lip-Filler-Logo.png\",\"width\":240,\"height\":88,\"caption\":\"My Lip Filler\"},\"image\":{\"@id\":\"https:\\\/\\\/mylipfiller.com\\\/#\\\/schema\\\/logo\\\/image\\\/\"}}]}<\/script>\n<!-- \/ Yoast SEO plugin. -->","yoast_head_json":{"title":"Compre JBP Curacen (2ml x 10) - Rellenos de My Lip Filler","description":"\u2765Compre JBP Curacen (2ml x 10) \u23e9 Tienda online My Lip Filler \u27a6 Garant\u00eda de calidad, rese\u00f1as, ingredientes, \u00a1los mejores precios!","robots":{"index":"index","follow":"follow","max-snippet":"max-snippet:-1","max-image-preview":"max-image-preview:large","max-video-preview":"max-video-preview:-1"},"canonical":"https:\/\/mylipfiller.com\/es\/jbp-curacen-2ml-x-10\/","og_locale":"es_MX","og_type":"article","og_title":"Buy JBP Curacen (2ml x 10) - Fillers from My Lip Filler","og_description":"\u2765Buy JBP Curacen (2ml x 10) \u23e9 My Lip Filler online store \u27a6 Quality assurance, reviews, ingredients, best prices!","og_url":"https:\/\/mylipfiller.com\/es\/jbp-curacen-2ml-x-10\/","og_site_name":"My Lip Filler","article_modified_time":"2024-07-03T15:33:01+00:00","og_image":[{"width":600,"height":600,"url":"https:\/\/cdn.mylipfiller.com\/wp-content\/uploads\/2023\/04\/Curacen.jpg","type":"image\/jpeg"}],"twitter_card":"summary_large_image","twitter_misc":{"Tiempo de lectura":"2 minutos"},"schema":{"@context":"https:\/\/schema.org","@graph":[{"@type":"WebPage","@id":"https:\/\/mylipfiller.com\/jbp-curacen-2ml-x-10\/","url":"https:\/\/mylipfiller.com\/jbp-curacen-2ml-x-10\/","name":"Compre JBP Curacen (2ml x 10) - Rellenos de My Lip Filler","isPartOf":{"@id":"https:\/\/mylipfiller.com\/#website"},"primaryImageOfPage":{"@id":"https:\/\/mylipfiller.com\/jbp-curacen-2ml-x-10\/#primaryimage"},"image":{"@id":"https:\/\/mylipfiller.com\/jbp-curacen-2ml-x-10\/#primaryimage"},"thumbnailUrl":"https:\/\/cdn.mylipfiller.com\/wp-content\/uploads\/2023\/04\/Curacen.jpg","datePublished":"2023-04-21T16:15:46+00:00","dateModified":"2024-07-03T15:33:01+00:00","description":"\u2765Compre JBP Curacen (2ml x 10) \u23e9 Tienda online My Lip Filler \u27a6 Garant\u00eda de calidad, rese\u00f1as, ingredientes, \u00a1los mejores precios!","breadcrumb":{"@id":"https:\/\/mylipfiller.com\/jbp-curacen-2ml-x-10\/#breadcrumb"},"inLanguage":"es","potentialAction":[{"@type":"ReadAction","target":["https:\/\/mylipfiller.com\/jbp-curacen-2ml-x-10\/"]}]},{"@type":"ImageObject","inLanguage":"es","@id":"https:\/\/mylipfiller.com\/jbp-curacen-2ml-x-10\/#primaryimage","url":"https:\/\/cdn.mylipfiller.com\/wp-content\/uploads\/2023\/04\/Curacen.jpg","contentUrl":"https:\/\/cdn.mylipfiller.com\/wp-content\/uploads\/2023\/04\/Curacen.jpg","width":600,"height":600,"caption":"JBP Curacen"},{"@type":"BreadcrumbList","@id":"https:\/\/mylipfiller.com\/jbp-curacen-2ml-x-10\/#breadcrumb","itemListElement":[{"@type":"ListItem","position":1,"name":"Home","item":"https:\/\/mylipfiller.com\/"},{"@type":"ListItem","position":2,"name":"Shop","item":"https:\/\/mylipfiller.com\/shop\/"},{"@type":"ListItem","position":3,"name":"JBP Curacen (2ml x 10)"}]},{"@type":"WebSite","@id":"https:\/\/mylipfiller.com\/#website","url":"https:\/\/mylipfiller.com\/","name":"Mi relleno de labios","description":"Rellenos d\u00e9rmicos y de labios con \u00e1cido hialur\u00f3nico","publisher":{"@id":"https:\/\/mylipfiller.com\/#organization"},"potentialAction":[{"@type":"SearchAction","target":{"@type":"EntryPoint","urlTemplate":"https:\/\/mylipfiller.com\/?s={search_term_string}"},"query-input":{"@type":"PropertyValueSpecification","valueRequired":true,"valueName":"search_term_string"}}],"inLanguage":"es"},{"@type":"Organization","@id":"https:\/\/mylipfiller.com\/#organization","name":"Mi relleno de labios","url":"https:\/\/mylipfiller.com\/","logo":{"@type":"ImageObject","inLanguage":"es","@id":"https:\/\/mylipfiller.com\/#\/schema\/logo\/image\/","url":"https:\/\/cdn.mylipfiller.com\/wp-content\/uploads\/2019\/02\/cropped-My-Lip-Filler-Logo.png","contentUrl":"https:\/\/cdn.mylipfiller.com\/wp-content\/uploads\/2019\/02\/cropped-My-Lip-Filler-Logo.png","width":240,"height":88,"caption":"My Lip Filler"},"image":{"@id":"https:\/\/mylipfiller.com\/#\/schema\/logo\/image\/"}}]}},"_links":{"self":[{"href":"https:\/\/mylipfiller.com\/es\/wp-json\/wp\/v2\/product\/40181","targetHints":{"allow":["GET"]}}],"collection":[{"href":"https:\/\/mylipfiller.com\/es\/wp-json\/wp\/v2\/product"}],"about":[{"href":"https:\/\/mylipfiller.com\/es\/wp-json\/wp\/v2\/types\/product"}],"wp:featuredmedia":[{"embeddable":true,"href":"https:\/\/mylipfiller.com\/es\/wp-json\/wp\/v2\/media\/40177"}],"wp:attachment":[{"href":"https:\/\/mylipfiller.com\/es\/wp-json\/wp\/v2\/media?parent=40181"}],"wp:term":[{"taxonomy":"product_brand","embeddable":true,"href":"https:\/\/mylipfiller.com\/es\/wp-json\/wp\/v2\/product_brand?post=40181"},{"taxonomy":"product_cat","embeddable":true,"href":"https:\/\/mylipfiller.com\/es\/wp-json\/wp\/v2\/product_cat?post=40181"},{"taxonomy":"product_tag","embeddable":true,"href":"https:\/\/mylipfiller.com\/es\/wp-json\/wp\/v2\/product_tag?post=40181"}],"curies":[{"name":"gracias","href":"https:\/\/api.w.org\/{rel}","templated":true}]}}