{"id":40182,"date":"2023-04-21T18:15:46","date_gmt":"2023-04-21T16:15:46","guid":{"rendered":"https:\/\/mylipfiller.com\/?post_type=product&#038;p=40182"},"modified":"2024-03-15T19:33:51","modified_gmt":"2024-03-15T17:33:51","slug":"linerase-collagen-powder","status":"publish","type":"product","link":"https:\/\/mylipfiller.com\/es\/linerase-collagen-powder\/","title":{"rendered":"Polvo de col\u00e1geno Linerasa"},"content":{"rendered":"<p>Linerase Collagen (HTIC) viene en forma de vial de vidrio precargado que contiene polvo de col\u00e1geno equino tipo I est\u00e9ril y libre de pir\u00f3genos. Esta nueva soluci\u00f3n se utiliza principalmente para tratar la reducci\u00f3n severa de la elasticidad de la piel, as\u00ed como el tratamiento de la atrofia e hipoton\u00eda de la piel. Linerase Collagen se puede aplicar con \u00e9xito como una forma o parte de un procedimiento de mesoterapia para la regeneraci\u00f3n y revitalizaci\u00f3n de la piel.<\/p>\n<p>Como su nombre lo indica, Linerase se centra en el col\u00e1geno, que es uno de los componentes, si no el principal, en el proceso de regeneraci\u00f3n del tejido de la piel. Proporciona un sustrato natural para la adhesi\u00f3n, el crecimiento y la diferenciaci\u00f3n de las c\u00e9lulas del tejido conectivo. Cuando el Linerase Collagen se introduce en la piel, se convierte en amino\u00e1cidos y trip\u00e9ptidos, que funcionan como factores de crecimiento d\u00e9rmico. Como tales, inhiben la actividad de las metaloproteinasas, pero tambi\u00e9n ayudan a la formaci\u00f3n de nuevos fibroblastos, que est\u00e1n directamente relacionados con la s\u00edntesis de col\u00e1geno tipo III. Esto sirve como un poderoso impulso para el proceso natural de producci\u00f3n de col\u00e1geno, amplific\u00e1ndolo en gran medida.<\/p>\n<p>Un paquete de Linerase Collagen incluye un solo vial de producto: 100 mg de col\u00e1geno equino tipo I en polvo. Se pueden asegurar resultados \u00f3ptimos aplic\u00e1ndolo mediante una inyecci\u00f3n intrad\u00e9rmica en una proporci\u00f3n de 100 mg de col\u00e1geno por 5 ml o soluci\u00f3n salina. El protocolo de uso es una sola sesi\u00f3n cada dos semanas, para un total de cuatro y luego tratamientos adicionales cada mes impar, para mantener los resultados.<\/p>","protected":false},"excerpt":{"rendered":"<p>Linerase Collagen ofrece una forma radicalmente nueva de rejuvenecer la piel, utilizando tecnolog\u00eda m\u00e9dica revolucionaria para estimular la formaci\u00f3n de col\u00e1geno nuevo y la producci\u00f3n de fibroblastos. Es un producto vers\u00e1til para el tratamiento de la piel, que puede tratar con \u00e9xito problemas como la atrofia de la piel, la hipoton\u00eda y la elasticidad reducida. El rejuvenecimiento general de la piel se logra ya que Linerase Collagen ayuda a regenerar los tejidos conectivos, al mismo tiempo que impulsa los procesos naturales de reconstrucci\u00f3n d\u00e9rmica.<\/p>","protected":false},"featured_media":40173,"template":"","meta":{"_acf_changed":false},"product_brand":[],"product_cat":[18],"product_tag":[138,111,147,129,145,143,139],"class_list":{"0":"post-40182","1":"product","2":"type-product","3":"status-publish","4":"has-post-thumbnail","6":"product_cat-mesotherapy","7":"product_tag-anti-aging","8":"product_tag-face","9":"product_tag-moisturizing","10":"product_tag-neck-wrinkles","11":"product_tag-nourishing","12":"product_tag-rejuvenating","13":"product_tag-restoration","15":"first","16":"instock","17":"taxable","18":"shipping-taxable","19":"purchasable","20":"product-type-simple"},"acf":[],"yoast_head":"<!-- This site is optimized with the Yoast SEO plugin v27.3 - https:\/\/yoast.com\/product\/yoast-seo-wordpress\/ -->\n<title>Buy Linerase Collagen Powder - Fillers from My Lip Filler<\/title>\n<meta name=\"description\" content=\"\u2765Buy Linerase Collagen Powder \u23e9 My Lip Filler online store \u27a6 Quality assurance, reviews, ingredients, best prices!\" \/>\n<meta name=\"robots\" content=\"index, follow, max-snippet:-1, max-image-preview:large, max-video-preview:-1\" \/>\n<link rel=\"canonical\" href=\"https:\/\/mylipfiller.com\/es\/linerase-collagen-powder\/\" \/>\n<meta property=\"og:locale\" content=\"es_MX\" \/>\n<meta property=\"og:type\" content=\"article\" \/>\n<meta property=\"og:title\" content=\"Buy Linerase Collagen Powder - Fillers from My Lip Filler\" \/>\n<meta property=\"og:description\" content=\"\u2765Buy Linerase Collagen Powder \u23e9 My Lip Filler online store \u27a6 Quality assurance, reviews, ingredients, best prices!\" \/>\n<meta property=\"og:url\" content=\"https:\/\/mylipfiller.com\/es\/linerase-collagen-powder\/\" \/>\n<meta property=\"og:site_name\" content=\"My Lip Filler\" \/>\n<meta property=\"article:modified_time\" content=\"2024-03-15T17:33:51+00:00\" \/>\n<meta property=\"og:image\" content=\"https:\/\/cdn.mylipfiller.com\/wp-content\/uploads\/2023\/04\/Linerase-Collagen.jpg\" \/>\n\t<meta property=\"og:image:width\" content=\"600\" \/>\n\t<meta property=\"og:image:height\" content=\"600\" \/>\n\t<meta property=\"og:image:type\" content=\"image\/jpeg\" \/>\n<meta name=\"twitter:card\" content=\"summary_large_image\" \/>\n<meta name=\"twitter:label1\" content=\"Tiempo de lectura\" \/>\n\t<meta name=\"twitter:data1\" content=\"2 minutos\" \/>\n<script type=\"application\/ld+json\" class=\"yoast-schema-graph\">{\"@context\":\"https:\\\/\\\/schema.org\",\"@graph\":[{\"@type\":\"WebPage\",\"@id\":\"https:\\\/\\\/mylipfiller.com\\\/linerase-collagen-powder\\\/\",\"url\":\"https:\\\/\\\/mylipfiller.com\\\/linerase-collagen-powder\\\/\",\"name\":\"Buy Linerase Collagen Powder - Fillers from My Lip Filler\",\"isPartOf\":{\"@id\":\"https:\\\/\\\/mylipfiller.com\\\/#website\"},\"primaryImageOfPage\":{\"@id\":\"https:\\\/\\\/mylipfiller.com\\\/linerase-collagen-powder\\\/#primaryimage\"},\"image\":{\"@id\":\"https:\\\/\\\/mylipfiller.com\\\/linerase-collagen-powder\\\/#primaryimage\"},\"thumbnailUrl\":\"https:\\\/\\\/mylipfiller.com\\\/wp-content\\\/uploads\\\/2023\\\/04\\\/Linerase-Collagen.jpg\",\"datePublished\":\"2023-04-21T16:15:46+00:00\",\"dateModified\":\"2024-03-15T17:33:51+00:00\",\"description\":\"\u2765Buy Linerase Collagen Powder \u23e9 My Lip Filler online store \u27a6 Quality assurance, reviews, ingredients, best prices!\",\"breadcrumb\":{\"@id\":\"https:\\\/\\\/mylipfiller.com\\\/linerase-collagen-powder\\\/#breadcrumb\"},\"inLanguage\":\"es\",\"potentialAction\":[{\"@type\":\"ReadAction\",\"target\":[\"https:\\\/\\\/mylipfiller.com\\\/linerase-collagen-powder\\\/\"]}]},{\"@type\":\"ImageObject\",\"inLanguage\":\"es\",\"@id\":\"https:\\\/\\\/mylipfiller.com\\\/linerase-collagen-powder\\\/#primaryimage\",\"url\":\"https:\\\/\\\/mylipfiller.com\\\/wp-content\\\/uploads\\\/2023\\\/04\\\/Linerase-Collagen.jpg\",\"contentUrl\":\"https:\\\/\\\/mylipfiller.com\\\/wp-content\\\/uploads\\\/2023\\\/04\\\/Linerase-Collagen.jpg\",\"width\":600,\"height\":600,\"caption\":\"Linerase Collagen Powder\"},{\"@type\":\"BreadcrumbList\",\"@id\":\"https:\\\/\\\/mylipfiller.com\\\/linerase-collagen-powder\\\/#breadcrumb\",\"itemListElement\":[{\"@type\":\"ListItem\",\"position\":1,\"name\":\"Home\",\"item\":\"https:\\\/\\\/mylipfiller.com\\\/\"},{\"@type\":\"ListItem\",\"position\":2,\"name\":\"Shop\",\"item\":\"https:\\\/\\\/mylipfiller.com\\\/shop\\\/\"},{\"@type\":\"ListItem\",\"position\":3,\"name\":\"Linerase Collagen Powder\"}]},{\"@type\":\"WebSite\",\"@id\":\"https:\\\/\\\/mylipfiller.com\\\/#website\",\"url\":\"https:\\\/\\\/mylipfiller.com\\\/\",\"name\":\"My Lip Filler\",\"description\":\"Hyaluronic Acid Lip and Dermal Fillers\",\"publisher\":{\"@id\":\"https:\\\/\\\/mylipfiller.com\\\/#organization\"},\"potentialAction\":[{\"@type\":\"SearchAction\",\"target\":{\"@type\":\"EntryPoint\",\"urlTemplate\":\"https:\\\/\\\/mylipfiller.com\\\/?s={search_term_string}\"},\"query-input\":{\"@type\":\"PropertyValueSpecification\",\"valueRequired\":true,\"valueName\":\"search_term_string\"}}],\"inLanguage\":\"es\"},{\"@type\":\"Organization\",\"@id\":\"https:\\\/\\\/mylipfiller.com\\\/#organization\",\"name\":\"My Lip Filler\",\"url\":\"https:\\\/\\\/mylipfiller.com\\\/\",\"logo\":{\"@type\":\"ImageObject\",\"inLanguage\":\"es\",\"@id\":\"https:\\\/\\\/mylipfiller.com\\\/#\\\/schema\\\/logo\\\/image\\\/\",\"url\":\"https:\\\/\\\/mylipfiller.com\\\/wp-content\\\/uploads\\\/2019\\\/02\\\/cropped-My-Lip-Filler-Logo.png\",\"contentUrl\":\"https:\\\/\\\/mylipfiller.com\\\/wp-content\\\/uploads\\\/2019\\\/02\\\/cropped-My-Lip-Filler-Logo.png\",\"width\":240,\"height\":88,\"caption\":\"My Lip Filler\"},\"image\":{\"@id\":\"https:\\\/\\\/mylipfiller.com\\\/#\\\/schema\\\/logo\\\/image\\\/\"}}]}<\/script>\n<!-- \/ Yoast SEO plugin. -->","yoast_head_json":{"title":"Compre Col\u00e1geno en Polvo Linerase - Rellenos de My Lip Filler","description":"\u2765Compra Col\u00e1geno en Polvo Linerase \u23e9 Tienda online My Lip Filler \u27a6 Garant\u00eda de calidad, rese\u00f1as, ingredientes, \u00a1los mejores precios!","robots":{"index":"index","follow":"follow","max-snippet":"max-snippet:-1","max-image-preview":"max-image-preview:large","max-video-preview":"max-video-preview:-1"},"canonical":"https:\/\/mylipfiller.com\/es\/linerase-collagen-powder\/","og_locale":"es_MX","og_type":"article","og_title":"Buy Linerase Collagen Powder - Fillers from My Lip Filler","og_description":"\u2765Buy Linerase Collagen Powder \u23e9 My Lip Filler online store \u27a6 Quality assurance, reviews, ingredients, best prices!","og_url":"https:\/\/mylipfiller.com\/es\/linerase-collagen-powder\/","og_site_name":"My Lip Filler","article_modified_time":"2024-03-15T17:33:51+00:00","og_image":[{"width":600,"height":600,"url":"https:\/\/cdn.mylipfiller.com\/wp-content\/uploads\/2023\/04\/Linerase-Collagen.jpg","type":"image\/jpeg"}],"twitter_card":"summary_large_image","twitter_misc":{"Tiempo de lectura":"2 minutos"},"schema":{"@context":"https:\/\/schema.org","@graph":[{"@type":"WebPage","@id":"https:\/\/mylipfiller.com\/linerase-collagen-powder\/","url":"https:\/\/mylipfiller.com\/linerase-collagen-powder\/","name":"Compre Col\u00e1geno en Polvo Linerase - Rellenos de My Lip Filler","isPartOf":{"@id":"https:\/\/mylipfiller.com\/#website"},"primaryImageOfPage":{"@id":"https:\/\/mylipfiller.com\/linerase-collagen-powder\/#primaryimage"},"image":{"@id":"https:\/\/mylipfiller.com\/linerase-collagen-powder\/#primaryimage"},"thumbnailUrl":"https:\/\/cdn.mylipfiller.com\/wp-content\/uploads\/2023\/04\/Linerase-Collagen.jpg","datePublished":"2023-04-21T16:15:46+00:00","dateModified":"2024-03-15T17:33:51+00:00","description":"\u2765Compra Col\u00e1geno en Polvo Linerase \u23e9 Tienda online My Lip Filler \u27a6 Garant\u00eda de calidad, rese\u00f1as, ingredientes, \u00a1los mejores precios!","breadcrumb":{"@id":"https:\/\/mylipfiller.com\/linerase-collagen-powder\/#breadcrumb"},"inLanguage":"es","potentialAction":[{"@type":"ReadAction","target":["https:\/\/mylipfiller.com\/linerase-collagen-powder\/"]}]},{"@type":"ImageObject","inLanguage":"es","@id":"https:\/\/mylipfiller.com\/linerase-collagen-powder\/#primaryimage","url":"https:\/\/cdn.mylipfiller.com\/wp-content\/uploads\/2023\/04\/Linerase-Collagen.jpg","contentUrl":"https:\/\/cdn.mylipfiller.com\/wp-content\/uploads\/2023\/04\/Linerase-Collagen.jpg","width":600,"height":600,"caption":"Linerase Collagen Powder"},{"@type":"BreadcrumbList","@id":"https:\/\/mylipfiller.com\/linerase-collagen-powder\/#breadcrumb","itemListElement":[{"@type":"ListItem","position":1,"name":"Home","item":"https:\/\/mylipfiller.com\/"},{"@type":"ListItem","position":2,"name":"Shop","item":"https:\/\/mylipfiller.com\/shop\/"},{"@type":"ListItem","position":3,"name":"Linerase Collagen Powder"}]},{"@type":"WebSite","@id":"https:\/\/mylipfiller.com\/#website","url":"https:\/\/mylipfiller.com\/","name":"Mi relleno de labios","description":"Rellenos d\u00e9rmicos y de labios con \u00e1cido hialur\u00f3nico","publisher":{"@id":"https:\/\/mylipfiller.com\/#organization"},"potentialAction":[{"@type":"SearchAction","target":{"@type":"EntryPoint","urlTemplate":"https:\/\/mylipfiller.com\/?s={search_term_string}"},"query-input":{"@type":"PropertyValueSpecification","valueRequired":true,"valueName":"search_term_string"}}],"inLanguage":"es"},{"@type":"Organization","@id":"https:\/\/mylipfiller.com\/#organization","name":"Mi relleno de labios","url":"https:\/\/mylipfiller.com\/","logo":{"@type":"ImageObject","inLanguage":"es","@id":"https:\/\/mylipfiller.com\/#\/schema\/logo\/image\/","url":"https:\/\/cdn.mylipfiller.com\/wp-content\/uploads\/2019\/02\/cropped-My-Lip-Filler-Logo.png","contentUrl":"https:\/\/cdn.mylipfiller.com\/wp-content\/uploads\/2019\/02\/cropped-My-Lip-Filler-Logo.png","width":240,"height":88,"caption":"My Lip Filler"},"image":{"@id":"https:\/\/mylipfiller.com\/#\/schema\/logo\/image\/"}}]}},"_links":{"self":[{"href":"https:\/\/mylipfiller.com\/es\/wp-json\/wp\/v2\/product\/40182","targetHints":{"allow":["GET"]}}],"collection":[{"href":"https:\/\/mylipfiller.com\/es\/wp-json\/wp\/v2\/product"}],"about":[{"href":"https:\/\/mylipfiller.com\/es\/wp-json\/wp\/v2\/types\/product"}],"wp:featuredmedia":[{"embeddable":true,"href":"https:\/\/mylipfiller.com\/es\/wp-json\/wp\/v2\/media\/40173"}],"wp:attachment":[{"href":"https:\/\/mylipfiller.com\/es\/wp-json\/wp\/v2\/media?parent=40182"}],"wp:term":[{"taxonomy":"product_brand","embeddable":true,"href":"https:\/\/mylipfiller.com\/es\/wp-json\/wp\/v2\/product_brand?post=40182"},{"taxonomy":"product_cat","embeddable":true,"href":"https:\/\/mylipfiller.com\/es\/wp-json\/wp\/v2\/product_cat?post=40182"},{"taxonomy":"product_tag","embeddable":true,"href":"https:\/\/mylipfiller.com\/es\/wp-json\/wp\/v2\/product_tag?post=40182"}],"curies":[{"name":"gracias","href":"https:\/\/api.w.org\/{rel}","templated":true}]}}