{"id":40183,"date":"2023-04-21T18:15:47","date_gmt":"2023-04-21T16:15:47","guid":{"rendered":"https:\/\/mylipfiller.com\/?post_type=product&#038;p=40183"},"modified":"2025-05-07T23:51:30","modified_gmt":"2025-05-07T21:51:30","slug":"lipo-lab-v-line-5-x-10ml","status":"publish","type":"product","link":"https:\/\/mylipfiller.com\/es\/lipo-lab-v-line-5-x-10ml\/","title":{"rendered":"Lipo Lab L\u00ednea V (5 x 10ml)"},"content":{"rendered":"<p>Lipo Lab V-Line es un disolvente de grasa de prop\u00f3sito especial, que se utiliza para eliminar los tejidos grasos no deseados del \u00e1rea de la cara mientras se trata la piel fl\u00e1cida y el exceso de tejido adiposo. Es un c\u00f3ctel de una fuerte sustancia lipol\u00edtica y p\u00e9ptidos biomim\u00e9ticos especialmente seleccionados. Juntos, brindan una r\u00e1pida disoluci\u00f3n de la grasa subcut\u00e1nea, levantamiento y reafirmaci\u00f3n de la piel.<\/p>\n<p>La forma en que act\u00faa Lipo Lab V-Line es activando el metabolismo natural de los l\u00edpidos, induciendo as\u00ed los procesos de lip\u00f3lisis, provocando la disoluci\u00f3n de las c\u00e9lulas grasas. Esto es causado principalmente por el ingrediente central, la fosfatidilcolina, que hace que los triglic\u00e9ridos contenidos en las c\u00e9lulas grasas se disuelvan. Mientras eso sucede, el complejo de 3000 mg de p\u00e9ptidos biomim\u00e9ticos reafirmar\u00e1 visiblemente la piel en el \u00e1rea inyectada. Adem\u00e1s, estimulan la s\u00edntesis de col\u00e1geno en la piel, haciendo que la piel no solo sea m\u00e1s firme, sino que tambi\u00e9n mejore su elasticidad. Por \u00faltimo, pero no menos importante, Lipo Lab V-Line contiene L-carnitina, que en s\u00ed misma se conoce como un agente lipol\u00edtico.<\/p>\n<p>Tambi\u00e9n se debe prestar especial atenci\u00f3n al acetil-hexap\u00e9ptido-8, que es uno de los principales factores para el efecto reafirmante de la piel, ya que se sabe que proporciona resultados similares a las toxinas botul\u00ednicas, alisando y alisando la piel de manera similar. Para garantizar que el efecto beneficioso sea duradero, el palmitoilpentap\u00e9ptido-4 y el palmitoiltetrap\u00e9ptido-7 estimular\u00e1n la regeneraci\u00f3n y renovaci\u00f3n de las c\u00e9lulas de la piel. Tambi\u00e9n ayudan con la producci\u00f3n de el\u00e1sticos y potencian el llamado proceso de neocolagenog\u00e9nesis.<\/p>\n<p>Lipo Lab V-Line \u2013 Beneficios conocidos<\/p>\n<ul>\n<li>Elimina f\u00e1cilmente los dep\u00f3sitos locales de tejidos grasos.<\/li>\n<li>Contornear el rostro, el cuello y la l\u00ednea en V<\/li>\n<li>Prevenci\u00f3n de la formaci\u00f3n de pliegues cut\u00e1neos.<\/li>\n<li>Induce la producci\u00f3n de fibroblastos, la s\u00edntesis de elastina y col\u00e1geno.<\/li>\n<li>Eliminaci\u00f3n de arrugas superficiales.<\/li>\n<li>Estimulaci\u00f3n de la regeneraci\u00f3n celular natural<\/li>\n<\/ul>","protected":false},"excerpt":{"rendered":"<p>Lipo Lab V-Line es una soluci\u00f3n especializada para disolver grasa que se puede usar para el contorno corporal, pero se enfoca principalmente en la eliminaci\u00f3n de tejidos grasos en las \u00e1reas de la cara y el cuello. Una lista de ingredientes especialmente seleccionados asegura la r\u00e1pida eliminaci\u00f3n de los dep\u00f3sitos de grasa locales y ayuda a reafirmar la piel en el \u00e1rea inyectada, evitando la flacidez, al mismo tiempo que rejuvenece la dermis.<\/p>","protected":false},"featured_media":40179,"template":"","meta":{"_acf_changed":false},"product_brand":[],"product_cat":[23,18],"product_tag":[137],"class_list":{"0":"post-40183","1":"product","2":"type-product","3":"status-publish","4":"has-post-thumbnail","6":"product_cat-jbp","7":"product_cat-mesotherapy","8":"product_tag-south-korea","10":"first","11":"outofstock","12":"taxable","13":"shipping-taxable","14":"purchasable","15":"product-type-simple"},"acf":[],"yoast_head":"<!-- This site is optimized with the Yoast SEO plugin v27.3 - https:\/\/yoast.com\/product\/yoast-seo-wordpress\/ -->\n<title>Buy Lipo Lab V-Line (5 x 10ml) - Fillers from My Lip Filler<\/title>\n<meta name=\"description\" content=\"\u2765Buy Lipo Lab V-Line (5 x 10ml) \u23e9 My Lip Filler online store \u27a6 Quality assurance, reviews, ingredients, best prices!\" \/>\n<meta name=\"robots\" content=\"index, follow, max-snippet:-1, max-image-preview:large, max-video-preview:-1\" \/>\n<link rel=\"canonical\" href=\"https:\/\/mylipfiller.com\/es\/lipo-lab-v-line-5-x-10ml\/\" \/>\n<meta property=\"og:locale\" content=\"es_MX\" \/>\n<meta property=\"og:type\" content=\"article\" \/>\n<meta property=\"og:title\" content=\"Buy Lipo Lab V-Line (5 x 10ml) - Fillers from My Lip Filler\" \/>\n<meta property=\"og:description\" content=\"\u2765Buy Lipo Lab V-Line (5 x 10ml) \u23e9 My Lip Filler online store \u27a6 Quality assurance, reviews, ingredients, best prices!\" \/>\n<meta property=\"og:url\" content=\"https:\/\/mylipfiller.com\/es\/lipo-lab-v-line-5-x-10ml\/\" \/>\n<meta property=\"og:site_name\" content=\"My Lip Filler\" \/>\n<meta property=\"article:modified_time\" content=\"2025-05-07T21:51:30+00:00\" \/>\n<meta property=\"og:image\" content=\"https:\/\/cdn.mylipfiller.com\/wp-content\/uploads\/2023\/04\/Lipo-Lab-V-line-2.jpg\" \/>\n\t<meta property=\"og:image:width\" content=\"600\" \/>\n\t<meta property=\"og:image:height\" content=\"600\" \/>\n\t<meta property=\"og:image:type\" content=\"image\/jpeg\" \/>\n<meta name=\"twitter:card\" content=\"summary_large_image\" \/>\n<meta name=\"twitter:label1\" content=\"Tiempo de lectura\" \/>\n\t<meta name=\"twitter:data1\" content=\"2 minutos\" \/>\n<script type=\"application\/ld+json\" class=\"yoast-schema-graph\">{\"@context\":\"https:\\\/\\\/schema.org\",\"@graph\":[{\"@type\":\"WebPage\",\"@id\":\"https:\\\/\\\/mylipfiller.com\\\/lipo-lab-v-line-5-x-10ml\\\/\",\"url\":\"https:\\\/\\\/mylipfiller.com\\\/lipo-lab-v-line-5-x-10ml\\\/\",\"name\":\"Buy Lipo Lab V-Line (5 x 10ml) - Fillers from My Lip Filler\",\"isPartOf\":{\"@id\":\"https:\\\/\\\/mylipfiller.com\\\/#website\"},\"primaryImageOfPage\":{\"@id\":\"https:\\\/\\\/mylipfiller.com\\\/lipo-lab-v-line-5-x-10ml\\\/#primaryimage\"},\"image\":{\"@id\":\"https:\\\/\\\/mylipfiller.com\\\/lipo-lab-v-line-5-x-10ml\\\/#primaryimage\"},\"thumbnailUrl\":\"https:\\\/\\\/mylipfiller.com\\\/wp-content\\\/uploads\\\/2023\\\/04\\\/Lipo-Lab-V-line-2.jpg\",\"datePublished\":\"2023-04-21T16:15:47+00:00\",\"dateModified\":\"2025-05-07T21:51:30+00:00\",\"description\":\"\u2765Buy Lipo Lab V-Line (5 x 10ml) \u23e9 My Lip Filler online store \u27a6 Quality assurance, reviews, ingredients, best prices!\",\"breadcrumb\":{\"@id\":\"https:\\\/\\\/mylipfiller.com\\\/lipo-lab-v-line-5-x-10ml\\\/#breadcrumb\"},\"inLanguage\":\"es\",\"potentialAction\":[{\"@type\":\"ReadAction\",\"target\":[\"https:\\\/\\\/mylipfiller.com\\\/lipo-lab-v-line-5-x-10ml\\\/\"]}]},{\"@type\":\"ImageObject\",\"inLanguage\":\"es\",\"@id\":\"https:\\\/\\\/mylipfiller.com\\\/lipo-lab-v-line-5-x-10ml\\\/#primaryimage\",\"url\":\"https:\\\/\\\/mylipfiller.com\\\/wp-content\\\/uploads\\\/2023\\\/04\\\/Lipo-Lab-V-line-2.jpg\",\"contentUrl\":\"https:\\\/\\\/mylipfiller.com\\\/wp-content\\\/uploads\\\/2023\\\/04\\\/Lipo-Lab-V-line-2.jpg\",\"width\":600,\"height\":600,\"caption\":\"Lipo Lab V-line\"},{\"@type\":\"BreadcrumbList\",\"@id\":\"https:\\\/\\\/mylipfiller.com\\\/lipo-lab-v-line-5-x-10ml\\\/#breadcrumb\",\"itemListElement\":[{\"@type\":\"ListItem\",\"position\":1,\"name\":\"Home\",\"item\":\"https:\\\/\\\/mylipfiller.com\\\/\"},{\"@type\":\"ListItem\",\"position\":2,\"name\":\"Shop\",\"item\":\"https:\\\/\\\/mylipfiller.com\\\/shop\\\/\"},{\"@type\":\"ListItem\",\"position\":3,\"name\":\"Lipo Lab V-Line (5 x 10ml)\"}]},{\"@type\":\"WebSite\",\"@id\":\"https:\\\/\\\/mylipfiller.com\\\/#website\",\"url\":\"https:\\\/\\\/mylipfiller.com\\\/\",\"name\":\"My Lip Filler\",\"description\":\"Hyaluronic Acid Lip and Dermal Fillers\",\"publisher\":{\"@id\":\"https:\\\/\\\/mylipfiller.com\\\/#organization\"},\"potentialAction\":[{\"@type\":\"SearchAction\",\"target\":{\"@type\":\"EntryPoint\",\"urlTemplate\":\"https:\\\/\\\/mylipfiller.com\\\/?s={search_term_string}\"},\"query-input\":{\"@type\":\"PropertyValueSpecification\",\"valueRequired\":true,\"valueName\":\"search_term_string\"}}],\"inLanguage\":\"es\"},{\"@type\":\"Organization\",\"@id\":\"https:\\\/\\\/mylipfiller.com\\\/#organization\",\"name\":\"My Lip Filler\",\"url\":\"https:\\\/\\\/mylipfiller.com\\\/\",\"logo\":{\"@type\":\"ImageObject\",\"inLanguage\":\"es\",\"@id\":\"https:\\\/\\\/mylipfiller.com\\\/#\\\/schema\\\/logo\\\/image\\\/\",\"url\":\"https:\\\/\\\/mylipfiller.com\\\/wp-content\\\/uploads\\\/2019\\\/02\\\/cropped-My-Lip-Filler-Logo.png\",\"contentUrl\":\"https:\\\/\\\/mylipfiller.com\\\/wp-content\\\/uploads\\\/2019\\\/02\\\/cropped-My-Lip-Filler-Logo.png\",\"width\":240,\"height\":88,\"caption\":\"My Lip Filler\"},\"image\":{\"@id\":\"https:\\\/\\\/mylipfiller.com\\\/#\\\/schema\\\/logo\\\/image\\\/\"}}]}<\/script>\n<!-- \/ Yoast SEO plugin. -->","yoast_head_json":{"title":"Comprar Lipo Lab V-Line (5 x 10ml) - Rellenos de My Lip Filler","description":"\u2765Compra Lipo Lab V-Line (5 x 10ml) \u23e9 Tienda online My Lip Filler \u27a6 Garant\u00eda de calidad, rese\u00f1as, ingredientes, \u00a1los mejores precios!","robots":{"index":"index","follow":"follow","max-snippet":"max-snippet:-1","max-image-preview":"max-image-preview:large","max-video-preview":"max-video-preview:-1"},"canonical":"https:\/\/mylipfiller.com\/es\/lipo-lab-v-line-5-x-10ml\/","og_locale":"es_MX","og_type":"article","og_title":"Buy Lipo Lab V-Line (5 x 10ml) - Fillers from My Lip Filler","og_description":"\u2765Buy Lipo Lab V-Line (5 x 10ml) \u23e9 My Lip Filler online store \u27a6 Quality assurance, reviews, ingredients, best prices!","og_url":"https:\/\/mylipfiller.com\/es\/lipo-lab-v-line-5-x-10ml\/","og_site_name":"My Lip Filler","article_modified_time":"2025-05-07T21:51:30+00:00","og_image":[{"width":600,"height":600,"url":"https:\/\/cdn.mylipfiller.com\/wp-content\/uploads\/2023\/04\/Lipo-Lab-V-line-2.jpg","type":"image\/jpeg"}],"twitter_card":"summary_large_image","twitter_misc":{"Tiempo de lectura":"2 minutos"},"schema":{"@context":"https:\/\/schema.org","@graph":[{"@type":"WebPage","@id":"https:\/\/mylipfiller.com\/lipo-lab-v-line-5-x-10ml\/","url":"https:\/\/mylipfiller.com\/lipo-lab-v-line-5-x-10ml\/","name":"Comprar Lipo Lab V-Line (5 x 10ml) - Rellenos de My Lip Filler","isPartOf":{"@id":"https:\/\/mylipfiller.com\/#website"},"primaryImageOfPage":{"@id":"https:\/\/mylipfiller.com\/lipo-lab-v-line-5-x-10ml\/#primaryimage"},"image":{"@id":"https:\/\/mylipfiller.com\/lipo-lab-v-line-5-x-10ml\/#primaryimage"},"thumbnailUrl":"https:\/\/cdn.mylipfiller.com\/wp-content\/uploads\/2023\/04\/Lipo-Lab-V-line-2.jpg","datePublished":"2023-04-21T16:15:47+00:00","dateModified":"2025-05-07T21:51:30+00:00","description":"\u2765Compra Lipo Lab V-Line (5 x 10ml) \u23e9 Tienda online My Lip Filler \u27a6 Garant\u00eda de calidad, rese\u00f1as, ingredientes, \u00a1los mejores precios!","breadcrumb":{"@id":"https:\/\/mylipfiller.com\/lipo-lab-v-line-5-x-10ml\/#breadcrumb"},"inLanguage":"es","potentialAction":[{"@type":"ReadAction","target":["https:\/\/mylipfiller.com\/lipo-lab-v-line-5-x-10ml\/"]}]},{"@type":"ImageObject","inLanguage":"es","@id":"https:\/\/mylipfiller.com\/lipo-lab-v-line-5-x-10ml\/#primaryimage","url":"https:\/\/cdn.mylipfiller.com\/wp-content\/uploads\/2023\/04\/Lipo-Lab-V-line-2.jpg","contentUrl":"https:\/\/cdn.mylipfiller.com\/wp-content\/uploads\/2023\/04\/Lipo-Lab-V-line-2.jpg","width":600,"height":600,"caption":"Lipo Lab V-line"},{"@type":"BreadcrumbList","@id":"https:\/\/mylipfiller.com\/lipo-lab-v-line-5-x-10ml\/#breadcrumb","itemListElement":[{"@type":"ListItem","position":1,"name":"Home","item":"https:\/\/mylipfiller.com\/"},{"@type":"ListItem","position":2,"name":"Shop","item":"https:\/\/mylipfiller.com\/shop\/"},{"@type":"ListItem","position":3,"name":"Lipo Lab V-Line (5 x 10ml)"}]},{"@type":"WebSite","@id":"https:\/\/mylipfiller.com\/#website","url":"https:\/\/mylipfiller.com\/","name":"Mi relleno de labios","description":"Rellenos d\u00e9rmicos y de labios con \u00e1cido hialur\u00f3nico","publisher":{"@id":"https:\/\/mylipfiller.com\/#organization"},"potentialAction":[{"@type":"SearchAction","target":{"@type":"EntryPoint","urlTemplate":"https:\/\/mylipfiller.com\/?s={search_term_string}"},"query-input":{"@type":"PropertyValueSpecification","valueRequired":true,"valueName":"search_term_string"}}],"inLanguage":"es"},{"@type":"Organization","@id":"https:\/\/mylipfiller.com\/#organization","name":"Mi relleno de labios","url":"https:\/\/mylipfiller.com\/","logo":{"@type":"ImageObject","inLanguage":"es","@id":"https:\/\/mylipfiller.com\/#\/schema\/logo\/image\/","url":"https:\/\/cdn.mylipfiller.com\/wp-content\/uploads\/2019\/02\/cropped-My-Lip-Filler-Logo.png","contentUrl":"https:\/\/cdn.mylipfiller.com\/wp-content\/uploads\/2019\/02\/cropped-My-Lip-Filler-Logo.png","width":240,"height":88,"caption":"My Lip Filler"},"image":{"@id":"https:\/\/mylipfiller.com\/#\/schema\/logo\/image\/"}}]}},"_links":{"self":[{"href":"https:\/\/mylipfiller.com\/es\/wp-json\/wp\/v2\/product\/40183","targetHints":{"allow":["GET"]}}],"collection":[{"href":"https:\/\/mylipfiller.com\/es\/wp-json\/wp\/v2\/product"}],"about":[{"href":"https:\/\/mylipfiller.com\/es\/wp-json\/wp\/v2\/types\/product"}],"wp:featuredmedia":[{"embeddable":true,"href":"https:\/\/mylipfiller.com\/es\/wp-json\/wp\/v2\/media\/40179"}],"wp:attachment":[{"href":"https:\/\/mylipfiller.com\/es\/wp-json\/wp\/v2\/media?parent=40183"}],"wp:term":[{"taxonomy":"product_brand","embeddable":true,"href":"https:\/\/mylipfiller.com\/es\/wp-json\/wp\/v2\/product_brand?post=40183"},{"taxonomy":"product_cat","embeddable":true,"href":"https:\/\/mylipfiller.com\/es\/wp-json\/wp\/v2\/product_cat?post=40183"},{"taxonomy":"product_tag","embeddable":true,"href":"https:\/\/mylipfiller.com\/es\/wp-json\/wp\/v2\/product_tag?post=40183"}],"curies":[{"name":"gracias","href":"https:\/\/api.w.org\/{rel}","templated":true}]}}