{"id":40184,"date":"2023-04-21T18:15:48","date_gmt":"2023-04-21T16:15:48","guid":{"rendered":"https:\/\/mylipfiller.com\/?post_type=product&#038;p=40184"},"modified":"2024-07-03T17:33:01","modified_gmt":"2024-07-03T15:33:01","slug":"true-healer-1-x-3ml","status":"publish","type":"product","link":"https:\/\/mylipfiller.com\/es\/true-healer-1-x-3ml\/","title":{"rendered":"Verdadero Sanador (1 x 3ml)"},"content":{"rendered":"<p>True Healer es un producto superior, a base de \u00e1cido hialur\u00f3nico, para conseguir una piel sana y rejuvenecida. Probablemente una de las mejores alternativas a Profhilo, brinda la misma excelente calidad de revitalizaci\u00f3n de la piel, pero por una fracci\u00f3n del precio.<\/p>\n<p>Utiliza una estructura HA estable y le dar\u00e1 a la piel el efecto de elevaci\u00f3n que tanto necesita, al mismo tiempo que ayuda a los procesos de autocuraci\u00f3n y autorregeneraci\u00f3n de las c\u00e9lulas d\u00e9rmicas. El rejuvenecimiento de la piel a largo plazo se logra mediante la estimulaci\u00f3n de la producci\u00f3n el\u00e1stica y el aumento de la s\u00edntesis natural de HA en la piel. Esto hace que True Heal sea una excelente opci\u00f3n para:<\/p>\n<ul>\n<li>Mejorar\/restaurar la elasticidad, el tono y la firmeza de la piel<\/li>\n<li>Aumentar la retenci\u00f3n de humedad de la piel a largo plazo.<\/li>\n<li>Estimular la autocuraci\u00f3n de las capas superficiales, medias y subQ de la piel<\/li>\n<li>Restauraci\u00f3n de la protecci\u00f3n natural de la piel contra factores externos.<\/li>\n<li>Activaci\u00f3n de la microcirculaci\u00f3n cut\u00e1nea, que mejora la luminosidad general de la piel<\/li>\n<\/ul>\n<p>Es necesario un m\u00ednimo de al menos dos tratamientos con True Heal para alcanzar resultados \u00f3ptimos, preferiblemente la segunda sesi\u00f3n se realiza aproximadamente un mes despu\u00e9s de la primera.<\/p>\n<p>En cuanto a los ingredientes, al igual que Profhilo, True Heal combina 16 mg\/1 ml de HA de alto peso molecular y 16 mg\/1 ml de HA de bajo peso molecular, con un total de 96 mg\/3 ml (48 mg de HA alto + 48 mg de HA bajo). Esto permite que el relleno no solo brinde resultados r\u00e1pidos, sino que la piel mantenga el efecto beneficioso en el transcurso de meses.<\/p>","protected":false},"excerpt":{"rendered":"<p>True Healer es la alternativa econ\u00f3mica a Profhilo, que viene de Corea. Garantiza una revitalizaci\u00f3n eficaz de la piel al utilizar una arquitectura HA superior. Este relleno hialur\u00f3nico se utiliza para restaurar la elasticidad de la piel, mejora el tono general y ayuda con la hidrataci\u00f3n, la regeneraci\u00f3n natural y la microcirculaci\u00f3n dentro de la dermis y las capas subcut\u00e1neas. Todas las ventajas de Profhilo ahora est\u00e1n disponibles a un costo muy reducido con el relleno True Healer HA.<\/p>","protected":false},"featured_media":40174,"template":"","meta":{"_acf_changed":false},"product_brand":[],"product_cat":[18,64],"product_tag":[138,111,147,145,143,137],"class_list":{"0":"post-40184","1":"product","2":"type-product","3":"status-publish","4":"has-post-thumbnail","6":"product_cat-mesotherapy","7":"product_cat-profhilo","8":"product_tag-anti-aging","9":"product_tag-face","10":"product_tag-moisturizing","11":"product_tag-nourishing","12":"product_tag-rejuvenating","13":"product_tag-south-korea","15":"first","16":"outofstock","17":"taxable","18":"shipping-taxable","19":"purchasable","20":"product-type-simple"},"acf":[],"yoast_head":"<!-- This site is optimized with the Yoast SEO plugin v27.2 - https:\/\/yoast.com\/product\/yoast-seo-wordpress\/ -->\n<title>Buy True Healer (1 x 3ml) - Fillers from My Lip Filler<\/title>\n<meta name=\"description\" content=\"\u2765Buy True Healer (1 x 3ml) \u23e9 My Lip Filler online store \u27a6 Quality assurance, reviews, ingredients, best prices!\" \/>\n<meta name=\"robots\" content=\"index, follow, max-snippet:-1, max-image-preview:large, max-video-preview:-1\" \/>\n<link rel=\"canonical\" href=\"https:\/\/mylipfiller.com\/es\/true-healer-1-x-3ml\/\" \/>\n<meta property=\"og:locale\" content=\"es_MX\" \/>\n<meta property=\"og:type\" content=\"article\" \/>\n<meta property=\"og:title\" content=\"Buy True Healer (1 x 3ml) - Fillers from My Lip Filler\" \/>\n<meta property=\"og:description\" content=\"\u2765Buy True Healer (1 x 3ml) \u23e9 My Lip Filler online store \u27a6 Quality assurance, reviews, ingredients, best prices!\" \/>\n<meta property=\"og:url\" content=\"https:\/\/mylipfiller.com\/es\/true-healer-1-x-3ml\/\" \/>\n<meta property=\"og:site_name\" content=\"My Lip Filler\" \/>\n<meta property=\"article:modified_time\" content=\"2024-07-03T15:33:01+00:00\" \/>\n<meta property=\"og:image\" content=\"https:\/\/cdn.mylipfiller.com\/wp-content\/uploads\/2023\/04\/True-Healer.jpg\" \/>\n\t<meta property=\"og:image:width\" content=\"600\" \/>\n\t<meta property=\"og:image:height\" content=\"600\" \/>\n\t<meta property=\"og:image:type\" content=\"image\/jpeg\" \/>\n<meta name=\"twitter:card\" content=\"summary_large_image\" \/>\n<meta name=\"twitter:label1\" content=\"Tiempo de lectura\" \/>\n\t<meta name=\"twitter:data1\" content=\"2 minutos\" \/>\n<script type=\"application\/ld+json\" class=\"yoast-schema-graph\">{\"@context\":\"https:\/\/schema.org\",\"@graph\":[{\"@type\":\"WebPage\",\"@id\":\"https:\/\/mylipfiller.com\/true-healer-1-x-3ml\/\",\"url\":\"https:\/\/mylipfiller.com\/true-healer-1-x-3ml\/\",\"name\":\"Buy True Healer (1 x 3ml) - Fillers from My Lip Filler\",\"isPartOf\":{\"@id\":\"https:\/\/mylipfiller.com\/#website\"},\"primaryImageOfPage\":{\"@id\":\"https:\/\/mylipfiller.com\/true-healer-1-x-3ml\/#primaryimage\"},\"image\":{\"@id\":\"https:\/\/mylipfiller.com\/true-healer-1-x-3ml\/#primaryimage\"},\"thumbnailUrl\":\"https:\/\/cdn.mylipfiller.com\/wp-content\/uploads\/2023\/04\/True-Healer.jpg\",\"datePublished\":\"2023-04-21T16:15:48+00:00\",\"dateModified\":\"2024-07-03T15:33:01+00:00\",\"description\":\"\u2765Buy True Healer (1 x 3ml) \u23e9 My Lip Filler online store \u27a6 Quality assurance, reviews, ingredients, best prices!\",\"breadcrumb\":{\"@id\":\"https:\/\/mylipfiller.com\/true-healer-1-x-3ml\/#breadcrumb\"},\"inLanguage\":\"es\",\"potentialAction\":[{\"@type\":\"ReadAction\",\"target\":[\"https:\/\/mylipfiller.com\/true-healer-1-x-3ml\/\"]}]},{\"@type\":\"ImageObject\",\"inLanguage\":\"es\",\"@id\":\"https:\/\/mylipfiller.com\/true-healer-1-x-3ml\/#primaryimage\",\"url\":\"https:\/\/cdn.mylipfiller.com\/wp-content\/uploads\/2023\/04\/True-Healer.jpg\",\"contentUrl\":\"https:\/\/cdn.mylipfiller.com\/wp-content\/uploads\/2023\/04\/True-Healer.jpg\",\"width\":600,\"height\":600,\"caption\":\"True Healer\"},{\"@type\":\"BreadcrumbList\",\"@id\":\"https:\/\/mylipfiller.com\/true-healer-1-x-3ml\/#breadcrumb\",\"itemListElement\":[{\"@type\":\"ListItem\",\"position\":1,\"name\":\"Home\",\"item\":\"https:\/\/mylipfiller.com\/\"},{\"@type\":\"ListItem\",\"position\":2,\"name\":\"Shop\",\"item\":\"https:\/\/mylipfiller.com\/shop\/\"},{\"@type\":\"ListItem\",\"position\":3,\"name\":\"True Healer (1 x 3ml)\"}]},{\"@type\":\"WebSite\",\"@id\":\"https:\/\/mylipfiller.com\/#website\",\"url\":\"https:\/\/mylipfiller.com\/\",\"name\":\"My Lip Filler\",\"description\":\"Hyaluronic Acid Lip and Dermal Fillers\",\"publisher\":{\"@id\":\"https:\/\/mylipfiller.com\/#organization\"},\"potentialAction\":[{\"@type\":\"SearchAction\",\"target\":{\"@type\":\"EntryPoint\",\"urlTemplate\":\"https:\/\/mylipfiller.com\/?s={search_term_string}\"},\"query-input\":{\"@type\":\"PropertyValueSpecification\",\"valueRequired\":true,\"valueName\":\"search_term_string\"}}],\"inLanguage\":\"es\"},{\"@type\":\"Organization\",\"@id\":\"https:\/\/mylipfiller.com\/#organization\",\"name\":\"My Lip Filler\",\"url\":\"https:\/\/mylipfiller.com\/\",\"logo\":{\"@type\":\"ImageObject\",\"inLanguage\":\"es\",\"@id\":\"https:\/\/mylipfiller.com\/#\/schema\/logo\/image\/\",\"url\":\"https:\/\/cdn.mylipfiller.com\/wp-content\/uploads\/2019\/02\/cropped-My-Lip-Filler-Logo.png\",\"contentUrl\":\"https:\/\/cdn.mylipfiller.com\/wp-content\/uploads\/2019\/02\/cropped-My-Lip-Filler-Logo.png\",\"width\":240,\"height\":88,\"caption\":\"My Lip Filler\"},\"image\":{\"@id\":\"https:\/\/mylipfiller.com\/#\/schema\/logo\/image\/\"}}]}<\/script>\n<!-- \/ Yoast SEO plugin. -->","yoast_head_json":{"title":"Comprar True Healer (1 x 3ml) - Rellenos de My Lip Filler","description":"\u2765Compra True Healer (1 x 3ml) \u23e9 Tienda online My Lip Filler \u27a6 Garant\u00eda de calidad, rese\u00f1as, ingredientes, \u00a1los mejores precios!","robots":{"index":"index","follow":"follow","max-snippet":"max-snippet:-1","max-image-preview":"max-image-preview:large","max-video-preview":"max-video-preview:-1"},"canonical":"https:\/\/mylipfiller.com\/es\/true-healer-1-x-3ml\/","og_locale":"es_MX","og_type":"article","og_title":"Buy True Healer (1 x 3ml) - Fillers from My Lip Filler","og_description":"\u2765Buy True Healer (1 x 3ml) \u23e9 My Lip Filler online store \u27a6 Quality assurance, reviews, ingredients, best prices!","og_url":"https:\/\/mylipfiller.com\/es\/true-healer-1-x-3ml\/","og_site_name":"My Lip Filler","article_modified_time":"2024-07-03T15:33:01+00:00","og_image":[{"width":600,"height":600,"url":"https:\/\/cdn.mylipfiller.com\/wp-content\/uploads\/2023\/04\/True-Healer.jpg","type":"image\/jpeg"}],"twitter_card":"summary_large_image","twitter_misc":{"Tiempo de lectura":"2 minutos"},"schema":{"@context":"https:\/\/schema.org","@graph":[{"@type":"WebPage","@id":"https:\/\/mylipfiller.com\/true-healer-1-x-3ml\/","url":"https:\/\/mylipfiller.com\/true-healer-1-x-3ml\/","name":"Comprar True Healer (1 x 3ml) - Rellenos de My Lip Filler","isPartOf":{"@id":"https:\/\/mylipfiller.com\/#website"},"primaryImageOfPage":{"@id":"https:\/\/mylipfiller.com\/true-healer-1-x-3ml\/#primaryimage"},"image":{"@id":"https:\/\/mylipfiller.com\/true-healer-1-x-3ml\/#primaryimage"},"thumbnailUrl":"https:\/\/cdn.mylipfiller.com\/wp-content\/uploads\/2023\/04\/True-Healer.jpg","datePublished":"2023-04-21T16:15:48+00:00","dateModified":"2024-07-03T15:33:01+00:00","description":"\u2765Compra True Healer (1 x 3ml) \u23e9 Tienda online My Lip Filler \u27a6 Garant\u00eda de calidad, rese\u00f1as, ingredientes, \u00a1los mejores precios!","breadcrumb":{"@id":"https:\/\/mylipfiller.com\/true-healer-1-x-3ml\/#breadcrumb"},"inLanguage":"es","potentialAction":[{"@type":"ReadAction","target":["https:\/\/mylipfiller.com\/true-healer-1-x-3ml\/"]}]},{"@type":"ImageObject","inLanguage":"es","@id":"https:\/\/mylipfiller.com\/true-healer-1-x-3ml\/#primaryimage","url":"https:\/\/cdn.mylipfiller.com\/wp-content\/uploads\/2023\/04\/True-Healer.jpg","contentUrl":"https:\/\/cdn.mylipfiller.com\/wp-content\/uploads\/2023\/04\/True-Healer.jpg","width":600,"height":600,"caption":"True Healer"},{"@type":"BreadcrumbList","@id":"https:\/\/mylipfiller.com\/true-healer-1-x-3ml\/#breadcrumb","itemListElement":[{"@type":"ListItem","position":1,"name":"Home","item":"https:\/\/mylipfiller.com\/"},{"@type":"ListItem","position":2,"name":"Shop","item":"https:\/\/mylipfiller.com\/shop\/"},{"@type":"ListItem","position":3,"name":"True Healer (1 x 3ml)"}]},{"@type":"WebSite","@id":"https:\/\/mylipfiller.com\/#website","url":"https:\/\/mylipfiller.com\/","name":"Mi relleno de labios","description":"Rellenos d\u00e9rmicos y de labios con \u00e1cido hialur\u00f3nico","publisher":{"@id":"https:\/\/mylipfiller.com\/#organization"},"potentialAction":[{"@type":"SearchAction","target":{"@type":"EntryPoint","urlTemplate":"https:\/\/mylipfiller.com\/?s={search_term_string}"},"query-input":{"@type":"PropertyValueSpecification","valueRequired":true,"valueName":"search_term_string"}}],"inLanguage":"es"},{"@type":"Organization","@id":"https:\/\/mylipfiller.com\/#organization","name":"Mi relleno de labios","url":"https:\/\/mylipfiller.com\/","logo":{"@type":"ImageObject","inLanguage":"es","@id":"https:\/\/mylipfiller.com\/#\/schema\/logo\/image\/","url":"https:\/\/cdn.mylipfiller.com\/wp-content\/uploads\/2019\/02\/cropped-My-Lip-Filler-Logo.png","contentUrl":"https:\/\/cdn.mylipfiller.com\/wp-content\/uploads\/2019\/02\/cropped-My-Lip-Filler-Logo.png","width":240,"height":88,"caption":"My Lip Filler"},"image":{"@id":"https:\/\/mylipfiller.com\/#\/schema\/logo\/image\/"}}]}},"_links":{"self":[{"href":"https:\/\/mylipfiller.com\/es\/wp-json\/wp\/v2\/product\/40184","targetHints":{"allow":["GET"]}}],"collection":[{"href":"https:\/\/mylipfiller.com\/es\/wp-json\/wp\/v2\/product"}],"about":[{"href":"https:\/\/mylipfiller.com\/es\/wp-json\/wp\/v2\/types\/product"}],"wp:featuredmedia":[{"embeddable":true,"href":"https:\/\/mylipfiller.com\/es\/wp-json\/wp\/v2\/media\/40174"}],"wp:attachment":[{"href":"https:\/\/mylipfiller.com\/es\/wp-json\/wp\/v2\/media?parent=40184"}],"wp:term":[{"taxonomy":"product_brand","embeddable":true,"href":"https:\/\/mylipfiller.com\/es\/wp-json\/wp\/v2\/product_brand?post=40184"},{"taxonomy":"product_cat","embeddable":true,"href":"https:\/\/mylipfiller.com\/es\/wp-json\/wp\/v2\/product_cat?post=40184"},{"taxonomy":"product_tag","embeddable":true,"href":"https:\/\/mylipfiller.com\/es\/wp-json\/wp\/v2\/product_tag?post=40184"}],"curies":[{"name":"gracias","href":"https:\/\/api.w.org\/{rel}","templated":true}]}}