{"id":40560,"date":"2023-06-23T13:08:26","date_gmt":"2023-06-23T11:08:26","guid":{"rendered":"https:\/\/mylipfiller.com\/?post_type=product&#038;p=40560"},"modified":"2026-02-09T21:26:46","modified_gmt":"2026-02-09T19:26:46","slug":"prima-heal-1-x-2ml","status":"publish","type":"product","link":"https:\/\/mylipfiller.com\/es\/prima-heal-1-x-2ml\/","title":{"rendered":"Prima Heal (1 x 2ml)"},"content":{"rendered":"<p>Prima Heal es una soluci\u00f3n potenciadora de la piel avanzada, que emula por completo las propiedades rejuvenecedoras de la piel de Profhilo. Este producto hialur\u00f3nico es un atajo hacia la luminosidad y la juventud duraderas de la piel.<\/p>\n<h3>Bio-remodelaci\u00f3n eficiente<\/h3>\n<p>El secreto de la eficacia de Prima Heal como potenciador de la piel es la concentraci\u00f3n muy alta de \u00e1cido hialur\u00f3nico (HA). El refuerzo induce y amplifica la s\u00edntesis natural de col\u00e1geno y elastina en la piel, lo que ralentiza y revierte el proceso natural de envejecimiento de la piel. Este m\u00e9todo de bioremodelaci\u00f3n es vital para lograr una piel renovada en elasticidad y firmeza.<\/p>\n<h3>Dise\u00f1o innovador<\/h3>\n<p>El truco para lograr el rejuvenecimiento anterior es combinar HA de alto y bajo peso molecular en el gel de Prima Heal. As\u00ed, una vez aplicado, afecta a m\u00faltiples capas de la piel. Cuando se introducen en la piel, las mol\u00e9culas de \u00e1cido hialur\u00f3nico combinadas aumentan la hidrataci\u00f3n y suavizan la textura de la piel, al mismo tiempo que dan volumen y eliminan las arrugas y l\u00edneas superficiales.<\/p>\n<h3>Caracter\u00edsticas clave:<\/h3>\n<ul>\n<li>Ayuda a la s\u00edntesis de col\u00e1geno y elastina naturales.<\/li>\n<li>Ofrece un impulso notable a la hidrataci\u00f3n de la piel.<\/li>\n<li>Restaura la tez natural y la textura de la piel.<\/li>\n<li>Un complejo de mol\u00e9culas de \u00e1cido hialur\u00f3nico de bajo y alto peso molecular<\/li>\n<li>Un m\u00e9todo r\u00e1pido y no invasivo de refuerzo y rejuvenecimiento de la piel.<\/li>\n<\/ul>\n<h3>Aplicaci\u00f3n f\u00e1cil de usar<\/h3>\n<p>Una de las principales ventajas de Prima Heal es la facilidad de uso. Esta alternativa de Profhilo es muy f\u00e1cil de usar y viene con un nivel m\u00ednimo garantizado de incomodidad. En cuanto a los potenciadores de la piel, esta es una soluci\u00f3n f\u00e1cil de usar tanto desde la perspectiva del especialista en belleza\/dermat\u00f3logo como del cliente, que tambi\u00e9n proporciona resultados instant\u00e1neos y duraderos.<\/p>\n<p>Prima Heal, al igual que Profhilo, puede revelar por completo los secretos de la belleza sin edad, proporcionando el punto focal entre la tecnolog\u00eda y la est\u00e9tica y actuando como una poderosa soluci\u00f3n antienvejecimiento.<\/p>","protected":false},"excerpt":{"rendered":"<p>Un producto revolucionario procedente de Corea, con potentes propiedades biorremodeladoras y revitalizantes de la piel. Creado como una alternativa asequible a PRofhilo H+L, pero a un precio mucho m\u00e1s asequible, puede mejorar enormemente la elasticidad de la piel, restaurar el volumen y ayudar con la hidrataci\u00f3n de la piel.<\/p>","protected":false},"featured_media":40562,"template":"","meta":{"_acf_changed":false},"product_brand":[],"product_cat":[18,100,177,32],"product_tag":[138,144,125,111,126,151,117,147,145,143,139,146,137,119,148,127],"class_list":{"0":"post-40560","1":"product","2":"type-product","3":"status-publish","4":"has-post-thumbnail","6":"product_cat-mesotherapy","7":"product_cat-prima","8":"product_cat-py-medical","9":"product_cat-soft","10":"product_tag-anti-aging","11":"product_tag-anti-wrinkle","12":"product_tag-crows-feet","13":"product_tag-face","14":"product_tag-fine-lines","15":"product_tag-hyaluronic-acid-ha-fillers","16":"product_tag-low-density","17":"product_tag-moisturizing","18":"product_tag-nourishing","19":"product_tag-rejuvenating","20":"product_tag-restoration","21":"product_tag-smoothing","22":"product_tag-south-korea","23":"product_tag-up-to-9-months","24":"product_tag-upper-dermis","25":"product_tag-wrinkles-around-the-eyes","27":"first","28":"outofstock","29":"taxable","30":"shipping-taxable","31":"purchasable","32":"product-type-simple"},"acf":[],"yoast_head":"<!-- This site is optimized with the Yoast SEO plugin v27.4 - https:\/\/yoast.com\/product\/yoast-seo-wordpress\/ -->\n<title>Buy Prima Heal (1 x 2ml) - Fillers from My Lip Filler<\/title>\n<meta name=\"description\" content=\"\u2765Buy Prima Heal (1 x 2ml) \u23e9 My Lip Filler online store \u27a6 Quality assurance, reviews, ingredients, best prices!\" \/>\n<meta name=\"robots\" content=\"index, follow, max-snippet:-1, max-image-preview:large, max-video-preview:-1\" \/>\n<link rel=\"canonical\" href=\"https:\/\/mylipfiller.com\/es\/prima-heal-1-x-2ml\/\" \/>\n<meta property=\"og:locale\" content=\"es_MX\" \/>\n<meta property=\"og:type\" content=\"article\" \/>\n<meta property=\"og:title\" content=\"Buy Prima Heal (1 x 2ml) - Fillers from My Lip Filler\" \/>\n<meta property=\"og:description\" content=\"\u2765Buy Prima Heal (1 x 2ml) \u23e9 My Lip Filler online store \u27a6 Quality assurance, reviews, ingredients, best prices!\" \/>\n<meta property=\"og:url\" content=\"https:\/\/mylipfiller.com\/es\/prima-heal-1-x-2ml\/\" \/>\n<meta property=\"og:site_name\" content=\"My Lip Filler\" \/>\n<meta property=\"article:modified_time\" content=\"2026-02-09T19:26:46+00:00\" \/>\n<meta property=\"og:image\" content=\"https:\/\/cdn.mylipfiller.com\/wp-content\/uploads\/2023\/06\/Prima-Heal.jpg\" \/>\n\t<meta property=\"og:image:width\" content=\"600\" \/>\n\t<meta property=\"og:image:height\" content=\"600\" \/>\n\t<meta property=\"og:image:type\" content=\"image\/jpeg\" \/>\n<meta name=\"twitter:card\" content=\"summary_large_image\" \/>\n<meta name=\"twitter:label1\" content=\"Tiempo de lectura\" \/>\n\t<meta name=\"twitter:data1\" content=\"2 minutos\" \/>\n<script type=\"application\/ld+json\" class=\"yoast-schema-graph\">{\"@context\":\"https:\\\/\\\/schema.org\",\"@graph\":[{\"@type\":\"WebPage\",\"@id\":\"https:\\\/\\\/mylipfiller.com\\\/prima-heal-1-x-2ml\\\/\",\"url\":\"https:\\\/\\\/mylipfiller.com\\\/prima-heal-1-x-2ml\\\/\",\"name\":\"Buy Prima Heal (1 x 2ml) - Fillers from My Lip Filler\",\"isPartOf\":{\"@id\":\"https:\\\/\\\/mylipfiller.com\\\/#website\"},\"primaryImageOfPage\":{\"@id\":\"https:\\\/\\\/mylipfiller.com\\\/prima-heal-1-x-2ml\\\/#primaryimage\"},\"image\":{\"@id\":\"https:\\\/\\\/mylipfiller.com\\\/prima-heal-1-x-2ml\\\/#primaryimage\"},\"thumbnailUrl\":\"https:\\\/\\\/mylipfiller.com\\\/wp-content\\\/uploads\\\/2023\\\/06\\\/Prima-Heal.jpg\",\"datePublished\":\"2023-06-23T11:08:26+00:00\",\"dateModified\":\"2026-02-09T19:26:46+00:00\",\"description\":\"\u2765Buy Prima Heal (1 x 2ml) \u23e9 My Lip Filler online store \u27a6 Quality assurance, reviews, ingredients, best prices!\",\"breadcrumb\":{\"@id\":\"https:\\\/\\\/mylipfiller.com\\\/prima-heal-1-x-2ml\\\/#breadcrumb\"},\"inLanguage\":\"es\",\"potentialAction\":[{\"@type\":\"ReadAction\",\"target\":[\"https:\\\/\\\/mylipfiller.com\\\/prima-heal-1-x-2ml\\\/\"]}]},{\"@type\":\"ImageObject\",\"inLanguage\":\"es\",\"@id\":\"https:\\\/\\\/mylipfiller.com\\\/prima-heal-1-x-2ml\\\/#primaryimage\",\"url\":\"https:\\\/\\\/mylipfiller.com\\\/wp-content\\\/uploads\\\/2023\\\/06\\\/Prima-Heal.jpg\",\"contentUrl\":\"https:\\\/\\\/mylipfiller.com\\\/wp-content\\\/uploads\\\/2023\\\/06\\\/Prima-Heal.jpg\",\"width\":600,\"height\":600,\"caption\":\"Prima Heal\"},{\"@type\":\"BreadcrumbList\",\"@id\":\"https:\\\/\\\/mylipfiller.com\\\/prima-heal-1-x-2ml\\\/#breadcrumb\",\"itemListElement\":[{\"@type\":\"ListItem\",\"position\":1,\"name\":\"Home\",\"item\":\"https:\\\/\\\/mylipfiller.com\\\/\"},{\"@type\":\"ListItem\",\"position\":2,\"name\":\"Shop\",\"item\":\"https:\\\/\\\/mylipfiller.com\\\/shop\\\/\"},{\"@type\":\"ListItem\",\"position\":3,\"name\":\"Prima Heal (1 x 2ml)\"}]},{\"@type\":\"WebSite\",\"@id\":\"https:\\\/\\\/mylipfiller.com\\\/#website\",\"url\":\"https:\\\/\\\/mylipfiller.com\\\/\",\"name\":\"My Lip Filler\",\"description\":\"Hyaluronic Acid Lip and Dermal Fillers\",\"publisher\":{\"@id\":\"https:\\\/\\\/mylipfiller.com\\\/#organization\"},\"potentialAction\":[{\"@type\":\"SearchAction\",\"target\":{\"@type\":\"EntryPoint\",\"urlTemplate\":\"https:\\\/\\\/mylipfiller.com\\\/?s={search_term_string}\"},\"query-input\":{\"@type\":\"PropertyValueSpecification\",\"valueRequired\":true,\"valueName\":\"search_term_string\"}}],\"inLanguage\":\"es\"},{\"@type\":\"Organization\",\"@id\":\"https:\\\/\\\/mylipfiller.com\\\/#organization\",\"name\":\"My Lip Filler\",\"url\":\"https:\\\/\\\/mylipfiller.com\\\/\",\"logo\":{\"@type\":\"ImageObject\",\"inLanguage\":\"es\",\"@id\":\"https:\\\/\\\/mylipfiller.com\\\/#\\\/schema\\\/logo\\\/image\\\/\",\"url\":\"https:\\\/\\\/mylipfiller.com\\\/wp-content\\\/uploads\\\/2019\\\/02\\\/cropped-My-Lip-Filler-Logo.png\",\"contentUrl\":\"https:\\\/\\\/mylipfiller.com\\\/wp-content\\\/uploads\\\/2019\\\/02\\\/cropped-My-Lip-Filler-Logo.png\",\"width\":240,\"height\":88,\"caption\":\"My Lip Filler\"},\"image\":{\"@id\":\"https:\\\/\\\/mylipfiller.com\\\/#\\\/schema\\\/logo\\\/image\\\/\"}}]}<\/script>\n<!-- \/ Yoast SEO plugin. -->","yoast_head_json":{"title":"Comprar Prima Heal (1 x 2ml) - Rellenos de My Lip Filler","description":"\u2765Compra Prima Heal (1 x 2ml) \u23e9 Tienda online My Lip Filler \u27a6 Garant\u00eda de calidad, rese\u00f1as, ingredientes, \u00a1los mejores precios!","robots":{"index":"index","follow":"follow","max-snippet":"max-snippet:-1","max-image-preview":"max-image-preview:large","max-video-preview":"max-video-preview:-1"},"canonical":"https:\/\/mylipfiller.com\/es\/prima-heal-1-x-2ml\/","og_locale":"es_MX","og_type":"article","og_title":"Buy Prima Heal (1 x 2ml) - Fillers from My Lip Filler","og_description":"\u2765Buy Prima Heal (1 x 2ml) \u23e9 My Lip Filler online store \u27a6 Quality assurance, reviews, ingredients, best prices!","og_url":"https:\/\/mylipfiller.com\/es\/prima-heal-1-x-2ml\/","og_site_name":"My Lip Filler","article_modified_time":"2026-02-09T19:26:46+00:00","og_image":[{"width":600,"height":600,"url":"https:\/\/cdn.mylipfiller.com\/wp-content\/uploads\/2023\/06\/Prima-Heal.jpg","type":"image\/jpeg"}],"twitter_card":"summary_large_image","twitter_misc":{"Tiempo de lectura":"2 minutos"},"schema":{"@context":"https:\/\/schema.org","@graph":[{"@type":"WebPage","@id":"https:\/\/mylipfiller.com\/prima-heal-1-x-2ml\/","url":"https:\/\/mylipfiller.com\/prima-heal-1-x-2ml\/","name":"Comprar Prima Heal (1 x 2ml) - Rellenos de My Lip Filler","isPartOf":{"@id":"https:\/\/mylipfiller.com\/#website"},"primaryImageOfPage":{"@id":"https:\/\/mylipfiller.com\/prima-heal-1-x-2ml\/#primaryimage"},"image":{"@id":"https:\/\/mylipfiller.com\/prima-heal-1-x-2ml\/#primaryimage"},"thumbnailUrl":"https:\/\/cdn.mylipfiller.com\/wp-content\/uploads\/2023\/06\/Prima-Heal.jpg","datePublished":"2023-06-23T11:08:26+00:00","dateModified":"2026-02-09T19:26:46+00:00","description":"\u2765Compra Prima Heal (1 x 2ml) \u23e9 Tienda online My Lip Filler \u27a6 Garant\u00eda de calidad, rese\u00f1as, ingredientes, \u00a1los mejores precios!","breadcrumb":{"@id":"https:\/\/mylipfiller.com\/prima-heal-1-x-2ml\/#breadcrumb"},"inLanguage":"es","potentialAction":[{"@type":"ReadAction","target":["https:\/\/mylipfiller.com\/prima-heal-1-x-2ml\/"]}]},{"@type":"ImageObject","inLanguage":"es","@id":"https:\/\/mylipfiller.com\/prima-heal-1-x-2ml\/#primaryimage","url":"https:\/\/cdn.mylipfiller.com\/wp-content\/uploads\/2023\/06\/Prima-Heal.jpg","contentUrl":"https:\/\/cdn.mylipfiller.com\/wp-content\/uploads\/2023\/06\/Prima-Heal.jpg","width":600,"height":600,"caption":"Prima Heal"},{"@type":"BreadcrumbList","@id":"https:\/\/mylipfiller.com\/prima-heal-1-x-2ml\/#breadcrumb","itemListElement":[{"@type":"ListItem","position":1,"name":"Home","item":"https:\/\/mylipfiller.com\/"},{"@type":"ListItem","position":2,"name":"Shop","item":"https:\/\/mylipfiller.com\/shop\/"},{"@type":"ListItem","position":3,"name":"Prima Heal (1 x 2ml)"}]},{"@type":"WebSite","@id":"https:\/\/mylipfiller.com\/#website","url":"https:\/\/mylipfiller.com\/","name":"Mi relleno de labios","description":"Rellenos d\u00e9rmicos y de labios con \u00e1cido hialur\u00f3nico","publisher":{"@id":"https:\/\/mylipfiller.com\/#organization"},"potentialAction":[{"@type":"SearchAction","target":{"@type":"EntryPoint","urlTemplate":"https:\/\/mylipfiller.com\/?s={search_term_string}"},"query-input":{"@type":"PropertyValueSpecification","valueRequired":true,"valueName":"search_term_string"}}],"inLanguage":"es"},{"@type":"Organization","@id":"https:\/\/mylipfiller.com\/#organization","name":"Mi relleno de labios","url":"https:\/\/mylipfiller.com\/","logo":{"@type":"ImageObject","inLanguage":"es","@id":"https:\/\/mylipfiller.com\/#\/schema\/logo\/image\/","url":"https:\/\/cdn.mylipfiller.com\/wp-content\/uploads\/2019\/02\/cropped-My-Lip-Filler-Logo.png","contentUrl":"https:\/\/cdn.mylipfiller.com\/wp-content\/uploads\/2019\/02\/cropped-My-Lip-Filler-Logo.png","width":240,"height":88,"caption":"My Lip Filler"},"image":{"@id":"https:\/\/mylipfiller.com\/#\/schema\/logo\/image\/"}}]}},"_links":{"self":[{"href":"https:\/\/mylipfiller.com\/es\/wp-json\/wp\/v2\/product\/40560","targetHints":{"allow":["GET"]}}],"collection":[{"href":"https:\/\/mylipfiller.com\/es\/wp-json\/wp\/v2\/product"}],"about":[{"href":"https:\/\/mylipfiller.com\/es\/wp-json\/wp\/v2\/types\/product"}],"wp:featuredmedia":[{"embeddable":true,"href":"https:\/\/mylipfiller.com\/es\/wp-json\/wp\/v2\/media\/40562"}],"wp:attachment":[{"href":"https:\/\/mylipfiller.com\/es\/wp-json\/wp\/v2\/media?parent=40560"}],"wp:term":[{"taxonomy":"product_brand","embeddable":true,"href":"https:\/\/mylipfiller.com\/es\/wp-json\/wp\/v2\/product_brand?post=40560"},{"taxonomy":"product_cat","embeddable":true,"href":"https:\/\/mylipfiller.com\/es\/wp-json\/wp\/v2\/product_cat?post=40560"},{"taxonomy":"product_tag","embeddable":true,"href":"https:\/\/mylipfiller.com\/es\/wp-json\/wp\/v2\/product_tag?post=40560"}],"curies":[{"name":"gracias","href":"https:\/\/api.w.org\/{rel}","templated":true}]}}