{"id":40563,"date":"2023-06-23T13:47:10","date_gmt":"2023-06-23T11:47:10","guid":{"rendered":"https:\/\/mylipfiller.com\/?post_type=product&#038;p=40563"},"modified":"2024-08-15T10:18:49","modified_gmt":"2024-08-15T08:18:49","slug":"reprima-polynucleotide-2mg-1-x-1-1ml","status":"publish","type":"product","link":"https:\/\/mylipfiller.com\/es\/reprima-polynucleotide-2mg-1-x-1-1ml\/","title":{"rendered":"RE: Polinucle\u00f3tido Prima 2 mg (1 x 1,1 ml) \u2013"},"content":{"rendered":"","protected":false},"excerpt":{"rendered":"<p>RE:Prima es un producto de mesoterapia especializado para el tratamiento de las arrugas en la zona debajo y alrededor de los ojos, que tambi\u00e9n resulta muy eficaz aplicado luego en la frente. A base de Polinucletidos, como el Dermaren Lumi Eyes, no s\u00f3lo trata las arrugas directamente, sino que tambi\u00e9n potencia el col\u00e1geno, la elasticidad y la s\u00edntesis de fribroblastos a largo plazo. Tambi\u00e9n puede ayudar con la curaci\u00f3n de heridas en la piel, cicatrices de acn\u00e9 y eliminaci\u00f3n de tejido cicatricial. La soluci\u00f3n de polinucletido RE:Prima es eficaz para restaurar y aclarar el tono de la piel, adem\u00e1s de ayudar con problemas cut\u00e1neos m\u00e1s generales, como los poros dilatados.<\/p>","protected":false},"featured_media":40564,"template":"","meta":{"_acf_changed":false},"product_brand":[],"product_cat":[18,100,177,32],"product_tag":[138,144,111,126,117,147,106,145,113,143,139,146,137,108,119,148,127],"class_list":{"0":"post-40563","1":"product","2":"type-product","3":"status-publish","4":"has-post-thumbnail","6":"product_cat-mesotherapy","7":"product_cat-prima","8":"product_cat-py-medical","9":"product_cat-soft","10":"product_tag-anti-aging","11":"product_tag-anti-wrinkle","12":"product_tag-face","13":"product_tag-fine-lines","14":"product_tag-low-density","15":"product_tag-moisturizing","16":"product_tag-nasolacrimal-furrows","17":"product_tag-nourishing","18":"product_tag-periorbital-area","19":"product_tag-rejuvenating","20":"product_tag-restoration","21":"product_tag-smoothing","22":"product_tag-south-korea","23":"product_tag-under-eye","24":"product_tag-up-to-9-months","25":"product_tag-upper-dermis","26":"product_tag-wrinkles-around-the-eyes","28":"first","29":"outofstock","30":"taxable","31":"shipping-taxable","32":"purchasable","33":"product-type-simple"},"acf":[],"yoast_head":"<!-- This site is optimized with the Yoast SEO plugin v27.4 - https:\/\/yoast.com\/product\/yoast-seo-wordpress\/ -->\n<title>Buy RE:Prima Polynucleotide 2mg (1 x 1.1ml) - Fillers from My Lip Filler<\/title>\n<meta name=\"description\" content=\"\u2765Buy RE:Prima Polynucleotide 2mg (1 x 1.1ml) - \u23e9 My Lip Filler online store \u27a6 Quality assurance, reviews, ingredients, best prices!\" \/>\n<meta name=\"robots\" content=\"index, follow, max-snippet:-1, max-image-preview:large, max-video-preview:-1\" \/>\n<link rel=\"canonical\" href=\"https:\/\/mylipfiller.com\/es\/reprima-polynucleotide-2mg-1-x-1-1ml\/\" \/>\n<meta property=\"og:locale\" content=\"es_MX\" \/>\n<meta property=\"og:type\" content=\"article\" \/>\n<meta property=\"og:title\" content=\"Buy RE:Prima Polynucleotide 2mg (1 x 1.1ml) - Fillers from My Lip Filler\" \/>\n<meta property=\"og:description\" content=\"\u2765Buy RE:Prima Polynucleotide 2mg (1 x 1.1ml) - \u23e9 My Lip Filler online store \u27a6 Quality assurance, reviews, ingredients, best prices!\" \/>\n<meta property=\"og:url\" content=\"https:\/\/mylipfiller.com\/es\/reprima-polynucleotide-2mg-1-x-1-1ml\/\" \/>\n<meta property=\"og:site_name\" content=\"My Lip Filler\" \/>\n<meta property=\"article:modified_time\" content=\"2024-08-15T08:18:49+00:00\" \/>\n<meta property=\"og:image\" content=\"https:\/\/cdn.mylipfiller.com\/wp-content\/uploads\/2023\/06\/RE-Prima.jpg\" \/>\n\t<meta property=\"og:image:width\" content=\"600\" \/>\n\t<meta property=\"og:image:height\" content=\"600\" \/>\n\t<meta property=\"og:image:type\" content=\"image\/jpeg\" \/>\n<meta name=\"twitter:card\" content=\"summary_large_image\" \/>\n<meta name=\"twitter:label1\" content=\"Tiempo de lectura\" \/>\n\t<meta name=\"twitter:data1\" content=\"1 minuto\" \/>\n<script type=\"application\/ld+json\" class=\"yoast-schema-graph\">{\"@context\":\"https:\\\/\\\/schema.org\",\"@graph\":[{\"@type\":\"WebPage\",\"@id\":\"https:\\\/\\\/mylipfiller.com\\\/reprima-polynucleotide-2mg-1-x-1-1ml\\\/\",\"url\":\"https:\\\/\\\/mylipfiller.com\\\/reprima-polynucleotide-2mg-1-x-1-1ml\\\/\",\"name\":\"Buy RE:Prima Polynucleotide 2mg (1 x 1.1ml) - Fillers from My Lip Filler\",\"isPartOf\":{\"@id\":\"https:\\\/\\\/mylipfiller.com\\\/#website\"},\"primaryImageOfPage\":{\"@id\":\"https:\\\/\\\/mylipfiller.com\\\/reprima-polynucleotide-2mg-1-x-1-1ml\\\/#primaryimage\"},\"image\":{\"@id\":\"https:\\\/\\\/mylipfiller.com\\\/reprima-polynucleotide-2mg-1-x-1-1ml\\\/#primaryimage\"},\"thumbnailUrl\":\"https:\\\/\\\/mylipfiller.com\\\/wp-content\\\/uploads\\\/2023\\\/06\\\/RE-Prima.jpg\",\"datePublished\":\"2023-06-23T11:47:10+00:00\",\"dateModified\":\"2024-08-15T08:18:49+00:00\",\"description\":\"\u2765Buy RE:Prima Polynucleotide 2mg (1 x 1.1ml) - \u23e9 My Lip Filler online store \u27a6 Quality assurance, reviews, ingredients, best prices!\",\"breadcrumb\":{\"@id\":\"https:\\\/\\\/mylipfiller.com\\\/reprima-polynucleotide-2mg-1-x-1-1ml\\\/#breadcrumb\"},\"inLanguage\":\"es\",\"potentialAction\":[{\"@type\":\"ReadAction\",\"target\":[\"https:\\\/\\\/mylipfiller.com\\\/reprima-polynucleotide-2mg-1-x-1-1ml\\\/\"]}]},{\"@type\":\"ImageObject\",\"inLanguage\":\"es\",\"@id\":\"https:\\\/\\\/mylipfiller.com\\\/reprima-polynucleotide-2mg-1-x-1-1ml\\\/#primaryimage\",\"url\":\"https:\\\/\\\/mylipfiller.com\\\/wp-content\\\/uploads\\\/2023\\\/06\\\/RE-Prima.jpg\",\"contentUrl\":\"https:\\\/\\\/mylipfiller.com\\\/wp-content\\\/uploads\\\/2023\\\/06\\\/RE-Prima.jpg\",\"width\":600,\"height\":600,\"caption\":\"RE Prima\"},{\"@type\":\"BreadcrumbList\",\"@id\":\"https:\\\/\\\/mylipfiller.com\\\/reprima-polynucleotide-2mg-1-x-1-1ml\\\/#breadcrumb\",\"itemListElement\":[{\"@type\":\"ListItem\",\"position\":1,\"name\":\"Home\",\"item\":\"https:\\\/\\\/mylipfiller.com\\\/\"},{\"@type\":\"ListItem\",\"position\":2,\"name\":\"Shop\",\"item\":\"https:\\\/\\\/mylipfiller.com\\\/shop\\\/\"},{\"@type\":\"ListItem\",\"position\":3,\"name\":\"RE:Prima Polynucleotide 2mg (1 x 1.1ml) &#8211;\"}]},{\"@type\":\"WebSite\",\"@id\":\"https:\\\/\\\/mylipfiller.com\\\/#website\",\"url\":\"https:\\\/\\\/mylipfiller.com\\\/\",\"name\":\"My Lip Filler\",\"description\":\"Hyaluronic Acid Lip and Dermal Fillers\",\"publisher\":{\"@id\":\"https:\\\/\\\/mylipfiller.com\\\/#organization\"},\"potentialAction\":[{\"@type\":\"SearchAction\",\"target\":{\"@type\":\"EntryPoint\",\"urlTemplate\":\"https:\\\/\\\/mylipfiller.com\\\/?s={search_term_string}\"},\"query-input\":{\"@type\":\"PropertyValueSpecification\",\"valueRequired\":true,\"valueName\":\"search_term_string\"}}],\"inLanguage\":\"es\"},{\"@type\":\"Organization\",\"@id\":\"https:\\\/\\\/mylipfiller.com\\\/#organization\",\"name\":\"My Lip Filler\",\"url\":\"https:\\\/\\\/mylipfiller.com\\\/\",\"logo\":{\"@type\":\"ImageObject\",\"inLanguage\":\"es\",\"@id\":\"https:\\\/\\\/mylipfiller.com\\\/#\\\/schema\\\/logo\\\/image\\\/\",\"url\":\"https:\\\/\\\/mylipfiller.com\\\/wp-content\\\/uploads\\\/2019\\\/02\\\/cropped-My-Lip-Filler-Logo.png\",\"contentUrl\":\"https:\\\/\\\/mylipfiller.com\\\/wp-content\\\/uploads\\\/2019\\\/02\\\/cropped-My-Lip-Filler-Logo.png\",\"width\":240,\"height\":88,\"caption\":\"My Lip Filler\"},\"image\":{\"@id\":\"https:\\\/\\\/mylipfiller.com\\\/#\\\/schema\\\/logo\\\/image\\\/\"}}]}<\/script>\n<!-- \/ Yoast SEO plugin. -->","yoast_head_json":{"title":"Compre RE:Prima Polinucle\u00f3tido 2 mg (1 x 1,1 ml) - Rellenos de My Lip Filler","description":"\u2765Compra RE:Prima Polinucle\u00f3tido 2 mg (1 x 1,1 ml) - \u23e9 Tienda online My Lip Filler \u27a6 Garant\u00eda de calidad, rese\u00f1as, ingredientes, \u00a1los mejores precios!","robots":{"index":"index","follow":"follow","max-snippet":"max-snippet:-1","max-image-preview":"max-image-preview:large","max-video-preview":"max-video-preview:-1"},"canonical":"https:\/\/mylipfiller.com\/es\/reprima-polynucleotide-2mg-1-x-1-1ml\/","og_locale":"es_MX","og_type":"article","og_title":"Buy RE:Prima Polynucleotide 2mg (1 x 1.1ml) - Fillers from My Lip Filler","og_description":"\u2765Buy RE:Prima Polynucleotide 2mg (1 x 1.1ml) - \u23e9 My Lip Filler online store \u27a6 Quality assurance, reviews, ingredients, best prices!","og_url":"https:\/\/mylipfiller.com\/es\/reprima-polynucleotide-2mg-1-x-1-1ml\/","og_site_name":"My Lip Filler","article_modified_time":"2024-08-15T08:18:49+00:00","og_image":[{"width":600,"height":600,"url":"https:\/\/cdn.mylipfiller.com\/wp-content\/uploads\/2023\/06\/RE-Prima.jpg","type":"image\/jpeg"}],"twitter_card":"summary_large_image","twitter_misc":{"Tiempo de lectura":"1 minuto"},"schema":{"@context":"https:\/\/schema.org","@graph":[{"@type":"WebPage","@id":"https:\/\/mylipfiller.com\/reprima-polynucleotide-2mg-1-x-1-1ml\/","url":"https:\/\/mylipfiller.com\/reprima-polynucleotide-2mg-1-x-1-1ml\/","name":"Compre RE:Prima Polinucle\u00f3tido 2 mg (1 x 1,1 ml) - Rellenos de My Lip Filler","isPartOf":{"@id":"https:\/\/mylipfiller.com\/#website"},"primaryImageOfPage":{"@id":"https:\/\/mylipfiller.com\/reprima-polynucleotide-2mg-1-x-1-1ml\/#primaryimage"},"image":{"@id":"https:\/\/mylipfiller.com\/reprima-polynucleotide-2mg-1-x-1-1ml\/#primaryimage"},"thumbnailUrl":"https:\/\/cdn.mylipfiller.com\/wp-content\/uploads\/2023\/06\/RE-Prima.jpg","datePublished":"2023-06-23T11:47:10+00:00","dateModified":"2024-08-15T08:18:49+00:00","description":"\u2765Compra RE:Prima Polinucle\u00f3tido 2 mg (1 x 1,1 ml) - \u23e9 Tienda online My Lip Filler \u27a6 Garant\u00eda de calidad, rese\u00f1as, ingredientes, \u00a1los mejores precios!","breadcrumb":{"@id":"https:\/\/mylipfiller.com\/reprima-polynucleotide-2mg-1-x-1-1ml\/#breadcrumb"},"inLanguage":"es","potentialAction":[{"@type":"ReadAction","target":["https:\/\/mylipfiller.com\/reprima-polynucleotide-2mg-1-x-1-1ml\/"]}]},{"@type":"ImageObject","inLanguage":"es","@id":"https:\/\/mylipfiller.com\/reprima-polynucleotide-2mg-1-x-1-1ml\/#primaryimage","url":"https:\/\/cdn.mylipfiller.com\/wp-content\/uploads\/2023\/06\/RE-Prima.jpg","contentUrl":"https:\/\/cdn.mylipfiller.com\/wp-content\/uploads\/2023\/06\/RE-Prima.jpg","width":600,"height":600,"caption":"RE Prima"},{"@type":"BreadcrumbList","@id":"https:\/\/mylipfiller.com\/reprima-polynucleotide-2mg-1-x-1-1ml\/#breadcrumb","itemListElement":[{"@type":"ListItem","position":1,"name":"Home","item":"https:\/\/mylipfiller.com\/"},{"@type":"ListItem","position":2,"name":"Shop","item":"https:\/\/mylipfiller.com\/shop\/"},{"@type":"ListItem","position":3,"name":"RE:Prima Polynucleotide 2mg (1 x 1.1ml) &#8211;"}]},{"@type":"WebSite","@id":"https:\/\/mylipfiller.com\/#website","url":"https:\/\/mylipfiller.com\/","name":"Mi relleno de labios","description":"Rellenos d\u00e9rmicos y de labios con \u00e1cido hialur\u00f3nico","publisher":{"@id":"https:\/\/mylipfiller.com\/#organization"},"potentialAction":[{"@type":"SearchAction","target":{"@type":"EntryPoint","urlTemplate":"https:\/\/mylipfiller.com\/?s={search_term_string}"},"query-input":{"@type":"PropertyValueSpecification","valueRequired":true,"valueName":"search_term_string"}}],"inLanguage":"es"},{"@type":"Organization","@id":"https:\/\/mylipfiller.com\/#organization","name":"Mi relleno de labios","url":"https:\/\/mylipfiller.com\/","logo":{"@type":"ImageObject","inLanguage":"es","@id":"https:\/\/mylipfiller.com\/#\/schema\/logo\/image\/","url":"https:\/\/cdn.mylipfiller.com\/wp-content\/uploads\/2019\/02\/cropped-My-Lip-Filler-Logo.png","contentUrl":"https:\/\/cdn.mylipfiller.com\/wp-content\/uploads\/2019\/02\/cropped-My-Lip-Filler-Logo.png","width":240,"height":88,"caption":"My Lip Filler"},"image":{"@id":"https:\/\/mylipfiller.com\/#\/schema\/logo\/image\/"}}]}},"_links":{"self":[{"href":"https:\/\/mylipfiller.com\/es\/wp-json\/wp\/v2\/product\/40563","targetHints":{"allow":["GET"]}}],"collection":[{"href":"https:\/\/mylipfiller.com\/es\/wp-json\/wp\/v2\/product"}],"about":[{"href":"https:\/\/mylipfiller.com\/es\/wp-json\/wp\/v2\/types\/product"}],"wp:featuredmedia":[{"embeddable":true,"href":"https:\/\/mylipfiller.com\/es\/wp-json\/wp\/v2\/media\/40564"}],"wp:attachment":[{"href":"https:\/\/mylipfiller.com\/es\/wp-json\/wp\/v2\/media?parent=40563"}],"wp:term":[{"taxonomy":"product_brand","embeddable":true,"href":"https:\/\/mylipfiller.com\/es\/wp-json\/wp\/v2\/product_brand?post=40563"},{"taxonomy":"product_cat","embeddable":true,"href":"https:\/\/mylipfiller.com\/es\/wp-json\/wp\/v2\/product_cat?post=40563"},{"taxonomy":"product_tag","embeddable":true,"href":"https:\/\/mylipfiller.com\/es\/wp-json\/wp\/v2\/product_tag?post=40563"}],"curies":[{"name":"gracias","href":"https:\/\/api.w.org\/{rel}","templated":true}]}}