{"id":40883,"date":"2023-09-05T17:19:38","date_gmt":"2023-09-05T15:19:38","guid":{"rendered":"https:\/\/mylipfiller.com\/?post_type=product&#038;p=40883"},"modified":"2024-03-08T18:20:33","modified_gmt":"2024-03-08T16:20:33","slug":"neauvia-intense-flux-1-x-1ml","status":"publish","type":"product","link":"https:\/\/mylipfiller.com\/es\/neauvia-intense-flux-1-x-1ml\/","title":{"rendered":"Neauvia Flujo Intenso 1 x 1ml"},"content":{"rendered":"<p>Neauvia, como marca, logra el equilibrio perfecto entre reconocimiento, calidad de la UE y un precio que sigue siendo flexible para la mayor\u00eda de los presupuestos. Esto convierte a Neauvia Intense Flux en el relleno perfecto para realzar el rostro, con efectos garantizados y a precios razonables. Casi ninguna otra marca de relleno en el mercado puede ofrecer un contorno facial y una voluminizaci\u00f3n de la piel tan naturales en este rango de precios.<\/p>\n<p>Los principales ingredientes de Intense Flux son:<\/p>\n<ul>\n<li>Hialuronato de sodio: la sal del \u00e1cido hialur\u00f3nico, con una concentraci\u00f3n de 26 mg\/ml<\/li>\n<li>L-Prolina: un amino\u00e1cido proteinog\u00e9nico que estimula la producci\u00f3n de col\u00e1geno en la piel.<\/li>\n<li>Glicina: un amino\u00e1cido esencial para la s\u00edntesis de glutati\u00f3n, que combate los radicales libres y estimula la restauraci\u00f3n de las c\u00e9lulas de la piel.<\/li>\n<\/ul>\n<h2>Principales ventajas de Neauvia Intense Flux<\/h2>\n<p>Si bien el relleno tiene una alta concentraci\u00f3n de \u00e1cido hialur\u00f3nico, el gel en s\u00ed tiene baja viscoelasticidad. Permite al usuario restaurar el volumen de una manera completamente natural, sin golpes, cambios de relleno ni ning\u00fan otro problema relacionado con el gel. Intense Flux puede ser una soluci\u00f3n eficaz para:<\/p>\n<ul>\n<li>Rellenar pliegues nasolabiales profundos a muy profundos.<\/li>\n<li>Realzar el contorno facial<\/li>\n<li>Dar forma a los p\u00f3mulos, la nariz y el ment\u00f3n.<\/li>\n<li>A\u00f1ade volumen extra a los labios, para personas que buscan una sensaci\u00f3n m\u00e1s firme.<\/li>\n<\/ul>\n<p>Elaborado a partir de gel de \u00e1cido hialur\u00f3nico purificado y de alta calidad, mezclado con amino\u00e1cidos duales, el relleno Neauvia Intense Flux es biocompatible con 100%, sin efectos secundarios fuertes.<\/p>","protected":false},"excerpt":{"rendered":"<p>Ofreciendo la calidad europea premium que los clientes buscan, Neauvia Intense Flux es un relleno d\u00e9rmico &quot;profundo&quot; altamente efectivo, que combina gel hialur\u00f3nico altamente concentrado (26 mg\/ml de hialuronato de sodio) con L-Prolina y glicina. Se sabe que los amino\u00e1cidos amplifican el efecto y la durabilidad del gel a base de HA y el Intense Flux de Neauvia, pueden ofrecer meses de contorno facial natural, relleno de pliegues profundos de la piel e incluso realce efectivo de los labios, para las personas que prefieren una sensaci\u00f3n m\u00e1s firme en los labios.<\/p>","protected":false},"featured_media":40884,"template":"","meta":{"_acf_changed":false},"product_brand":[],"product_cat":[34,33,173,101],"product_tag":[123,130,131,115,114,111,118,151,141,133,142,107,135,134,110,120,122,124],"class_list":{"0":"post-40883","1":"product","2":"type-product","3":"status-publish","4":"has-post-thumbnail","6":"product_cat-hard","7":"product_cat-lip","8":"product_cat-matexlab","9":"product_cat-neauvia","10":"product_tag-asymmetry","11":"product_tag-cheek-volume","12":"product_tag-cheekbone-contour","13":"product_tag-cheekbones","14":"product_tag-chin","15":"product_tag-face","16":"product_tag-high-density","17":"product_tag-hyaluronic-acid-ha-fillers","18":"product_tag-lifting","19":"product_tag-marionette-lines","20":"product_tag-modeling","21":"product_tag-nasolabial-folds","22":"product_tag-small-chin","23":"product_tag-small-lips","24":"product_tag-temple","25":"product_tag-up-to-12-months","26":"product_tag-up-to-18-months","27":"product_tag-volume","29":"first","30":"instock","31":"taxable","32":"shipping-taxable","33":"purchasable","34":"product-type-simple"},"acf":[],"yoast_head":"<!-- This site is optimized with the Yoast SEO plugin v27.3 - https:\/\/yoast.com\/product\/yoast-seo-wordpress\/ -->\n<title>Buy Neauvia Intense Flux 1 x 1ml - Fillers from My Lip Filler<\/title>\n<meta name=\"description\" content=\"\u2765Buy Neauvia Intense Flux 1 x 1ml \u23e9 My Lip Filler online store \u27a6 Quality assurance, reviews, ingredients, best prices!\" \/>\n<meta name=\"robots\" content=\"index, follow, max-snippet:-1, max-image-preview:large, max-video-preview:-1\" \/>\n<link rel=\"canonical\" href=\"https:\/\/mylipfiller.com\/es\/neauvia-intense-flux-1-x-1ml\/\" \/>\n<meta property=\"og:locale\" content=\"es_MX\" \/>\n<meta property=\"og:type\" content=\"article\" \/>\n<meta property=\"og:title\" content=\"Buy Neauvia Intense Flux 1 x 1ml - Fillers from My Lip Filler\" \/>\n<meta property=\"og:description\" content=\"\u2765Buy Neauvia Intense Flux 1 x 1ml \u23e9 My Lip Filler online store \u27a6 Quality assurance, reviews, ingredients, best prices!\" \/>\n<meta property=\"og:url\" content=\"https:\/\/mylipfiller.com\/es\/neauvia-intense-flux-1-x-1ml\/\" \/>\n<meta property=\"og:site_name\" content=\"My Lip Filler\" \/>\n<meta property=\"article:modified_time\" content=\"2024-03-08T16:20:33+00:00\" \/>\n<meta property=\"og:image\" content=\"https:\/\/cdn.mylipfiller.com\/wp-content\/uploads\/2023\/09\/Neauvia-Intense-Flux.jpg\" \/>\n\t<meta property=\"og:image:width\" content=\"600\" \/>\n\t<meta property=\"og:image:height\" content=\"600\" \/>\n\t<meta property=\"og:image:type\" content=\"image\/jpeg\" \/>\n<meta name=\"twitter:card\" content=\"summary_large_image\" \/>\n<meta name=\"twitter:label1\" content=\"Tiempo de lectura\" \/>\n\t<meta name=\"twitter:data1\" content=\"2 minutos\" \/>\n<script type=\"application\/ld+json\" class=\"yoast-schema-graph\">{\"@context\":\"https:\\\/\\\/schema.org\",\"@graph\":[{\"@type\":\"WebPage\",\"@id\":\"https:\\\/\\\/mylipfiller.com\\\/neauvia-intense-flux-1-x-1ml\\\/\",\"url\":\"https:\\\/\\\/mylipfiller.com\\\/neauvia-intense-flux-1-x-1ml\\\/\",\"name\":\"Buy Neauvia Intense Flux 1 x 1ml - Fillers from My Lip Filler\",\"isPartOf\":{\"@id\":\"https:\\\/\\\/mylipfiller.com\\\/#website\"},\"primaryImageOfPage\":{\"@id\":\"https:\\\/\\\/mylipfiller.com\\\/neauvia-intense-flux-1-x-1ml\\\/#primaryimage\"},\"image\":{\"@id\":\"https:\\\/\\\/mylipfiller.com\\\/neauvia-intense-flux-1-x-1ml\\\/#primaryimage\"},\"thumbnailUrl\":\"https:\\\/\\\/mylipfiller.com\\\/wp-content\\\/uploads\\\/2023\\\/09\\\/Neauvia-Intense-Flux.jpg\",\"datePublished\":\"2023-09-05T15:19:38+00:00\",\"dateModified\":\"2024-03-08T16:20:33+00:00\",\"description\":\"\u2765Buy Neauvia Intense Flux 1 x 1ml \u23e9 My Lip Filler online store \u27a6 Quality assurance, reviews, ingredients, best prices!\",\"breadcrumb\":{\"@id\":\"https:\\\/\\\/mylipfiller.com\\\/neauvia-intense-flux-1-x-1ml\\\/#breadcrumb\"},\"inLanguage\":\"es\",\"potentialAction\":[{\"@type\":\"ReadAction\",\"target\":[\"https:\\\/\\\/mylipfiller.com\\\/neauvia-intense-flux-1-x-1ml\\\/\"]}]},{\"@type\":\"ImageObject\",\"inLanguage\":\"es\",\"@id\":\"https:\\\/\\\/mylipfiller.com\\\/neauvia-intense-flux-1-x-1ml\\\/#primaryimage\",\"url\":\"https:\\\/\\\/mylipfiller.com\\\/wp-content\\\/uploads\\\/2023\\\/09\\\/Neauvia-Intense-Flux.jpg\",\"contentUrl\":\"https:\\\/\\\/mylipfiller.com\\\/wp-content\\\/uploads\\\/2023\\\/09\\\/Neauvia-Intense-Flux.jpg\",\"width\":600,\"height\":600,\"caption\":\"Neauvia Intense Flux\"},{\"@type\":\"BreadcrumbList\",\"@id\":\"https:\\\/\\\/mylipfiller.com\\\/neauvia-intense-flux-1-x-1ml\\\/#breadcrumb\",\"itemListElement\":[{\"@type\":\"ListItem\",\"position\":1,\"name\":\"Home\",\"item\":\"https:\\\/\\\/mylipfiller.com\\\/\"},{\"@type\":\"ListItem\",\"position\":2,\"name\":\"Shop\",\"item\":\"https:\\\/\\\/mylipfiller.com\\\/shop\\\/\"},{\"@type\":\"ListItem\",\"position\":3,\"name\":\"Neauvia Intense Flux 1 x 1ml\"}]},{\"@type\":\"WebSite\",\"@id\":\"https:\\\/\\\/mylipfiller.com\\\/#website\",\"url\":\"https:\\\/\\\/mylipfiller.com\\\/\",\"name\":\"My Lip Filler\",\"description\":\"Hyaluronic Acid Lip and Dermal Fillers\",\"publisher\":{\"@id\":\"https:\\\/\\\/mylipfiller.com\\\/#organization\"},\"potentialAction\":[{\"@type\":\"SearchAction\",\"target\":{\"@type\":\"EntryPoint\",\"urlTemplate\":\"https:\\\/\\\/mylipfiller.com\\\/?s={search_term_string}\"},\"query-input\":{\"@type\":\"PropertyValueSpecification\",\"valueRequired\":true,\"valueName\":\"search_term_string\"}}],\"inLanguage\":\"es\"},{\"@type\":\"Organization\",\"@id\":\"https:\\\/\\\/mylipfiller.com\\\/#organization\",\"name\":\"My Lip Filler\",\"url\":\"https:\\\/\\\/mylipfiller.com\\\/\",\"logo\":{\"@type\":\"ImageObject\",\"inLanguage\":\"es\",\"@id\":\"https:\\\/\\\/mylipfiller.com\\\/#\\\/schema\\\/logo\\\/image\\\/\",\"url\":\"https:\\\/\\\/mylipfiller.com\\\/wp-content\\\/uploads\\\/2019\\\/02\\\/cropped-My-Lip-Filler-Logo.png\",\"contentUrl\":\"https:\\\/\\\/mylipfiller.com\\\/wp-content\\\/uploads\\\/2019\\\/02\\\/cropped-My-Lip-Filler-Logo.png\",\"width\":240,\"height\":88,\"caption\":\"My Lip Filler\"},\"image\":{\"@id\":\"https:\\\/\\\/mylipfiller.com\\\/#\\\/schema\\\/logo\\\/image\\\/\"}}]}<\/script>\n<!-- \/ Yoast SEO plugin. -->","yoast_head_json":{"title":"Comprar Neauvia Intense Flux 1 x 1ml - Rellenos de My Lip Filler","description":"\u2765Comprar Neauvia Intense Flux 1 x 1ml \u23e9 Tienda online My Lip Filler \u27a6 Garant\u00eda de calidad, rese\u00f1as, ingredientes, \u00a1los mejores precios!","robots":{"index":"index","follow":"follow","max-snippet":"max-snippet:-1","max-image-preview":"max-image-preview:large","max-video-preview":"max-video-preview:-1"},"canonical":"https:\/\/mylipfiller.com\/es\/neauvia-intense-flux-1-x-1ml\/","og_locale":"es_MX","og_type":"article","og_title":"Buy Neauvia Intense Flux 1 x 1ml - Fillers from My Lip Filler","og_description":"\u2765Buy Neauvia Intense Flux 1 x 1ml \u23e9 My Lip Filler online store \u27a6 Quality assurance, reviews, ingredients, best prices!","og_url":"https:\/\/mylipfiller.com\/es\/neauvia-intense-flux-1-x-1ml\/","og_site_name":"My Lip Filler","article_modified_time":"2024-03-08T16:20:33+00:00","og_image":[{"width":600,"height":600,"url":"https:\/\/cdn.mylipfiller.com\/wp-content\/uploads\/2023\/09\/Neauvia-Intense-Flux.jpg","type":"image\/jpeg"}],"twitter_card":"summary_large_image","twitter_misc":{"Tiempo de lectura":"2 minutos"},"schema":{"@context":"https:\/\/schema.org","@graph":[{"@type":"WebPage","@id":"https:\/\/mylipfiller.com\/neauvia-intense-flux-1-x-1ml\/","url":"https:\/\/mylipfiller.com\/neauvia-intense-flux-1-x-1ml\/","name":"Comprar Neauvia Intense Flux 1 x 1ml - Rellenos de My Lip Filler","isPartOf":{"@id":"https:\/\/mylipfiller.com\/#website"},"primaryImageOfPage":{"@id":"https:\/\/mylipfiller.com\/neauvia-intense-flux-1-x-1ml\/#primaryimage"},"image":{"@id":"https:\/\/mylipfiller.com\/neauvia-intense-flux-1-x-1ml\/#primaryimage"},"thumbnailUrl":"https:\/\/cdn.mylipfiller.com\/wp-content\/uploads\/2023\/09\/Neauvia-Intense-Flux.jpg","datePublished":"2023-09-05T15:19:38+00:00","dateModified":"2024-03-08T16:20:33+00:00","description":"\u2765Comprar Neauvia Intense Flux 1 x 1ml \u23e9 Tienda online My Lip Filler \u27a6 Garant\u00eda de calidad, rese\u00f1as, ingredientes, \u00a1los mejores precios!","breadcrumb":{"@id":"https:\/\/mylipfiller.com\/neauvia-intense-flux-1-x-1ml\/#breadcrumb"},"inLanguage":"es","potentialAction":[{"@type":"ReadAction","target":["https:\/\/mylipfiller.com\/neauvia-intense-flux-1-x-1ml\/"]}]},{"@type":"ImageObject","inLanguage":"es","@id":"https:\/\/mylipfiller.com\/neauvia-intense-flux-1-x-1ml\/#primaryimage","url":"https:\/\/cdn.mylipfiller.com\/wp-content\/uploads\/2023\/09\/Neauvia-Intense-Flux.jpg","contentUrl":"https:\/\/cdn.mylipfiller.com\/wp-content\/uploads\/2023\/09\/Neauvia-Intense-Flux.jpg","width":600,"height":600,"caption":"Neauvia Intense Flux"},{"@type":"BreadcrumbList","@id":"https:\/\/mylipfiller.com\/neauvia-intense-flux-1-x-1ml\/#breadcrumb","itemListElement":[{"@type":"ListItem","position":1,"name":"Home","item":"https:\/\/mylipfiller.com\/"},{"@type":"ListItem","position":2,"name":"Shop","item":"https:\/\/mylipfiller.com\/shop\/"},{"@type":"ListItem","position":3,"name":"Neauvia Intense Flux 1 x 1ml"}]},{"@type":"WebSite","@id":"https:\/\/mylipfiller.com\/#website","url":"https:\/\/mylipfiller.com\/","name":"Mi relleno de labios","description":"Rellenos d\u00e9rmicos y de labios con \u00e1cido hialur\u00f3nico","publisher":{"@id":"https:\/\/mylipfiller.com\/#organization"},"potentialAction":[{"@type":"SearchAction","target":{"@type":"EntryPoint","urlTemplate":"https:\/\/mylipfiller.com\/?s={search_term_string}"},"query-input":{"@type":"PropertyValueSpecification","valueRequired":true,"valueName":"search_term_string"}}],"inLanguage":"es"},{"@type":"Organization","@id":"https:\/\/mylipfiller.com\/#organization","name":"Mi relleno de labios","url":"https:\/\/mylipfiller.com\/","logo":{"@type":"ImageObject","inLanguage":"es","@id":"https:\/\/mylipfiller.com\/#\/schema\/logo\/image\/","url":"https:\/\/cdn.mylipfiller.com\/wp-content\/uploads\/2019\/02\/cropped-My-Lip-Filler-Logo.png","contentUrl":"https:\/\/cdn.mylipfiller.com\/wp-content\/uploads\/2019\/02\/cropped-My-Lip-Filler-Logo.png","width":240,"height":88,"caption":"My Lip Filler"},"image":{"@id":"https:\/\/mylipfiller.com\/#\/schema\/logo\/image\/"}}]}},"_links":{"self":[{"href":"https:\/\/mylipfiller.com\/es\/wp-json\/wp\/v2\/product\/40883","targetHints":{"allow":["GET"]}}],"collection":[{"href":"https:\/\/mylipfiller.com\/es\/wp-json\/wp\/v2\/product"}],"about":[{"href":"https:\/\/mylipfiller.com\/es\/wp-json\/wp\/v2\/types\/product"}],"wp:featuredmedia":[{"embeddable":true,"href":"https:\/\/mylipfiller.com\/es\/wp-json\/wp\/v2\/media\/40884"}],"wp:attachment":[{"href":"https:\/\/mylipfiller.com\/es\/wp-json\/wp\/v2\/media?parent=40883"}],"wp:term":[{"taxonomy":"product_brand","embeddable":true,"href":"https:\/\/mylipfiller.com\/es\/wp-json\/wp\/v2\/product_brand?post=40883"},{"taxonomy":"product_cat","embeddable":true,"href":"https:\/\/mylipfiller.com\/es\/wp-json\/wp\/v2\/product_cat?post=40883"},{"taxonomy":"product_tag","embeddable":true,"href":"https:\/\/mylipfiller.com\/es\/wp-json\/wp\/v2\/product_tag?post=40883"}],"curies":[{"name":"gracias","href":"https:\/\/api.w.org\/{rel}","templated":true}]}}