{"id":41152,"date":"2023-11-21T18:35:10","date_gmt":"2023-11-21T16:35:10","guid":{"rendered":"https:\/\/mylipfiller.com\/?post_type=product&#038;p=41152"},"modified":"2024-07-18T17:28:04","modified_gmt":"2024-07-18T15:28:04","slug":"dermaheal-dark-circle-solution-5-x-1-5ml","status":"publish","type":"product","link":"https:\/\/mylipfiller.com\/es\/dermaheal-dark-circle-solution-5-x-1-5ml\/","title":{"rendered":"Soluci\u00f3n para ojeras Dermaheal (5 x 1,5 ml)"},"content":{"rendered":"<p>Dermaheal Dark Circle Solution, como la mayor\u00eda de los productos de esta marca, se basa en p\u00e9ptidos patentados especialmente seleccionados, en su n\u00facleo. Es un producto para mesoterapia destinado a tratar el oscurecimiento de la piel en las zonas debajo y alrededor de los ojos, donde se presentar\u00e1 un oscurecimiento del color de la dermis superficial, como consecuencia de factores adversos como fatiga cr\u00f3nica, falta de sue\u00f1o, niveles elevados. de estr\u00e9s, etc\u00e9tera.<\/p>\n<p>El objetivo principal de Dermaheal Dark Circle Solution es abordar la hiperpigmentaci\u00f3n de la piel, por lo que utiliza Oligopeptide-34, que es un poderoso amino\u00e1cido que ilumina la piel. Trata directamente el s\u00edntoma m\u00e1s visible del problema de las ojeras: el cambio de tono de la piel. Sin embargo, para lograr efectos a largo plazo, Dermaheal Dark Circle tambi\u00e9n aborda la condici\u00f3n general de la piel.<\/p>\n<p>Oligopeptide-24 y Decapeptide-4 son los otros dos ingredientes principales. El primero es un p\u00e9ptido con demostrado efecto eliminador de arrugas, que eliminar\u00e1 las delicadas l\u00edneas superficiales propias de la piel cansada (caracter\u00edsticas de las ojeras). El segundo es un poderoso compuesto anti-edad, que asegurar\u00e1 que el \u00e1rea tratada debajo del ojo permanezca radiante y saludable durante un per\u00edodo prolongado de tiempo, una vez que se complete el c\u00edrculo de tratamiento de mesoterapia de las ojeras.<\/p>\n<h3>Ingredientes principales<\/h3>\n<ul>\n<li>Oligop\u00e9ptido-34 \/ CG-TGP2<\/li>\n<li>Oligop\u00e9ptido-24 \/ CG-EDP3<\/li>\n<li>Decap\u00e9ptido-4 \/ CG-IDP2<\/li>\n<\/ul>","protected":false},"excerpt":{"rendered":"<p>Dermaheal Dark Circle es una soluci\u00f3n de mesoterapia destinada al tratamiento del oscurecimiento de la piel, m\u00e1s com\u00fanmente asociado con la falta de sue\u00f1o o la fatiga. Con la soluci\u00f3n para c\u00edrculos oscuros de Dermaheal, solo un par de procedimientos lograr\u00e1n una piel m\u00e1s brillante alrededor de los ojos y una apariencia mejorada y m\u00e1s fresca en general de la caja fuerte. Este producto trata directamente los procesos que provocan el oscurecimiento de la piel y la hiperpigmentaci\u00f3n en el \u00e1rea debajo de los ojos.<\/p>","protected":false},"featured_media":41155,"template":"","meta":{"_acf_changed":false},"product_brand":[],"product_cat":[158,21,18],"product_tag":[108],"class_list":{"0":"post-41152","1":"product","2":"type-product","3":"status-publish","4":"has-post-thumbnail","6":"product_cat-caregen","7":"product_cat-dermaheal","8":"product_cat-mesotherapy","9":"product_tag-under-eye","11":"first","12":"outofstock","13":"taxable","14":"shipping-taxable","15":"purchasable","16":"product-type-simple"},"acf":[],"yoast_head":"<!-- This site is optimized with the Yoast SEO plugin v27.2 - https:\/\/yoast.com\/product\/yoast-seo-wordpress\/ -->\n<title>Buy Dermaheal Dark Circle Solution (5 x 1.5ml) - Fillers from My Lip Filler<\/title>\n<meta name=\"description\" content=\"\u2765Buy Dermaheal Dark Circle Solution (5 x 1.5ml) \u23e9 My Lip Filler online store \u27a6 Quality assurance, reviews, ingredients, best prices!\" \/>\n<meta name=\"robots\" content=\"index, follow, max-snippet:-1, max-image-preview:large, max-video-preview:-1\" \/>\n<link rel=\"canonical\" href=\"https:\/\/mylipfiller.com\/es\/dermaheal-dark-circle-solution-5-x-1-5ml\/\" \/>\n<meta property=\"og:locale\" content=\"es_MX\" \/>\n<meta property=\"og:type\" content=\"article\" \/>\n<meta property=\"og:title\" content=\"Buy Dermaheal Dark Circle Solution (5 x 1.5ml) - Fillers from My Lip Filler\" \/>\n<meta property=\"og:description\" content=\"\u2765Buy Dermaheal Dark Circle Solution (5 x 1.5ml) \u23e9 My Lip Filler online store \u27a6 Quality assurance, reviews, ingredients, best prices!\" \/>\n<meta property=\"og:url\" content=\"https:\/\/mylipfiller.com\/es\/dermaheal-dark-circle-solution-5-x-1-5ml\/\" \/>\n<meta property=\"og:site_name\" content=\"My Lip Filler\" \/>\n<meta property=\"article:modified_time\" content=\"2024-07-18T15:28:04+00:00\" \/>\n<meta property=\"og:image\" content=\"https:\/\/cdn.mylipfiller.com\/wp-content\/uploads\/2023\/11\/Dermaheal-Dark-Circle-Solution.jpg\" \/>\n\t<meta property=\"og:image:width\" content=\"600\" \/>\n\t<meta property=\"og:image:height\" content=\"600\" \/>\n\t<meta property=\"og:image:type\" content=\"image\/jpeg\" \/>\n<meta name=\"twitter:card\" content=\"summary_large_image\" \/>\n<meta name=\"twitter:label1\" content=\"Tiempo de lectura\" \/>\n\t<meta name=\"twitter:data1\" content=\"2 minutos\" \/>\n<script type=\"application\/ld+json\" class=\"yoast-schema-graph\">{\"@context\":\"https:\/\/schema.org\",\"@graph\":[{\"@type\":\"WebPage\",\"@id\":\"https:\/\/mylipfiller.com\/dermaheal-dark-circle-solution-5-x-1-5ml\/\",\"url\":\"https:\/\/mylipfiller.com\/dermaheal-dark-circle-solution-5-x-1-5ml\/\",\"name\":\"Buy Dermaheal Dark Circle Solution (5 x 1.5ml) - Fillers from My Lip Filler\",\"isPartOf\":{\"@id\":\"https:\/\/mylipfiller.com\/#website\"},\"primaryImageOfPage\":{\"@id\":\"https:\/\/mylipfiller.com\/dermaheal-dark-circle-solution-5-x-1-5ml\/#primaryimage\"},\"image\":{\"@id\":\"https:\/\/mylipfiller.com\/dermaheal-dark-circle-solution-5-x-1-5ml\/#primaryimage\"},\"thumbnailUrl\":\"https:\/\/cdn.mylipfiller.com\/wp-content\/uploads\/2023\/11\/Dermaheal-Dark-Circle-Solution.jpg\",\"datePublished\":\"2023-11-21T16:35:10+00:00\",\"dateModified\":\"2024-07-18T15:28:04+00:00\",\"description\":\"\u2765Buy Dermaheal Dark Circle Solution (5 x 1.5ml) \u23e9 My Lip Filler online store \u27a6 Quality assurance, reviews, ingredients, best prices!\",\"breadcrumb\":{\"@id\":\"https:\/\/mylipfiller.com\/dermaheal-dark-circle-solution-5-x-1-5ml\/#breadcrumb\"},\"inLanguage\":\"es\",\"potentialAction\":[{\"@type\":\"ReadAction\",\"target\":[\"https:\/\/mylipfiller.com\/dermaheal-dark-circle-solution-5-x-1-5ml\/\"]}]},{\"@type\":\"ImageObject\",\"inLanguage\":\"es\",\"@id\":\"https:\/\/mylipfiller.com\/dermaheal-dark-circle-solution-5-x-1-5ml\/#primaryimage\",\"url\":\"https:\/\/cdn.mylipfiller.com\/wp-content\/uploads\/2023\/11\/Dermaheal-Dark-Circle-Solution.jpg\",\"contentUrl\":\"https:\/\/cdn.mylipfiller.com\/wp-content\/uploads\/2023\/11\/Dermaheal-Dark-Circle-Solution.jpg\",\"width\":600,\"height\":600,\"caption\":\"Dermaheal Dark Circle Solution\"},{\"@type\":\"BreadcrumbList\",\"@id\":\"https:\/\/mylipfiller.com\/dermaheal-dark-circle-solution-5-x-1-5ml\/#breadcrumb\",\"itemListElement\":[{\"@type\":\"ListItem\",\"position\":1,\"name\":\"Home\",\"item\":\"https:\/\/mylipfiller.com\/\"},{\"@type\":\"ListItem\",\"position\":2,\"name\":\"Shop\",\"item\":\"https:\/\/mylipfiller.com\/shop\/\"},{\"@type\":\"ListItem\",\"position\":3,\"name\":\"Dermaheal Dark Circle Solution (5 x 1.5ml)\"}]},{\"@type\":\"WebSite\",\"@id\":\"https:\/\/mylipfiller.com\/#website\",\"url\":\"https:\/\/mylipfiller.com\/\",\"name\":\"My Lip Filler\",\"description\":\"Hyaluronic Acid Lip and Dermal Fillers\",\"publisher\":{\"@id\":\"https:\/\/mylipfiller.com\/#organization\"},\"potentialAction\":[{\"@type\":\"SearchAction\",\"target\":{\"@type\":\"EntryPoint\",\"urlTemplate\":\"https:\/\/mylipfiller.com\/?s={search_term_string}\"},\"query-input\":{\"@type\":\"PropertyValueSpecification\",\"valueRequired\":true,\"valueName\":\"search_term_string\"}}],\"inLanguage\":\"es\"},{\"@type\":\"Organization\",\"@id\":\"https:\/\/mylipfiller.com\/#organization\",\"name\":\"My Lip Filler\",\"url\":\"https:\/\/mylipfiller.com\/\",\"logo\":{\"@type\":\"ImageObject\",\"inLanguage\":\"es\",\"@id\":\"https:\/\/mylipfiller.com\/#\/schema\/logo\/image\/\",\"url\":\"https:\/\/cdn.mylipfiller.com\/wp-content\/uploads\/2019\/02\/cropped-My-Lip-Filler-Logo.png\",\"contentUrl\":\"https:\/\/cdn.mylipfiller.com\/wp-content\/uploads\/2019\/02\/cropped-My-Lip-Filler-Logo.png\",\"width\":240,\"height\":88,\"caption\":\"My Lip Filler\"},\"image\":{\"@id\":\"https:\/\/mylipfiller.com\/#\/schema\/logo\/image\/\"}}]}<\/script>\n<!-- \/ Yoast SEO plugin. -->","yoast_head_json":{"title":"Compre soluci\u00f3n Dermaheal Dark Circle (5 x 1,5 ml) - Rellenos de My Lip Filler","description":"\u2765Compre Soluci\u00f3n Dermaheal Dark Circle (5 x 1,5 ml) \u23e9 Tienda online My Lip Filler \u27a6 Garant\u00eda de calidad, rese\u00f1as, ingredientes, \u00a1los mejores precios!","robots":{"index":"index","follow":"follow","max-snippet":"max-snippet:-1","max-image-preview":"max-image-preview:large","max-video-preview":"max-video-preview:-1"},"canonical":"https:\/\/mylipfiller.com\/es\/dermaheal-dark-circle-solution-5-x-1-5ml\/","og_locale":"es_MX","og_type":"article","og_title":"Buy Dermaheal Dark Circle Solution (5 x 1.5ml) - Fillers from My Lip Filler","og_description":"\u2765Buy Dermaheal Dark Circle Solution (5 x 1.5ml) \u23e9 My Lip Filler online store \u27a6 Quality assurance, reviews, ingredients, best prices!","og_url":"https:\/\/mylipfiller.com\/es\/dermaheal-dark-circle-solution-5-x-1-5ml\/","og_site_name":"My Lip Filler","article_modified_time":"2024-07-18T15:28:04+00:00","og_image":[{"width":600,"height":600,"url":"https:\/\/cdn.mylipfiller.com\/wp-content\/uploads\/2023\/11\/Dermaheal-Dark-Circle-Solution.jpg","type":"image\/jpeg"}],"twitter_card":"summary_large_image","twitter_misc":{"Tiempo de lectura":"2 minutos"},"schema":{"@context":"https:\/\/schema.org","@graph":[{"@type":"WebPage","@id":"https:\/\/mylipfiller.com\/dermaheal-dark-circle-solution-5-x-1-5ml\/","url":"https:\/\/mylipfiller.com\/dermaheal-dark-circle-solution-5-x-1-5ml\/","name":"Compre soluci\u00f3n Dermaheal Dark Circle (5 x 1,5 ml) - Rellenos de My Lip Filler","isPartOf":{"@id":"https:\/\/mylipfiller.com\/#website"},"primaryImageOfPage":{"@id":"https:\/\/mylipfiller.com\/dermaheal-dark-circle-solution-5-x-1-5ml\/#primaryimage"},"image":{"@id":"https:\/\/mylipfiller.com\/dermaheal-dark-circle-solution-5-x-1-5ml\/#primaryimage"},"thumbnailUrl":"https:\/\/cdn.mylipfiller.com\/wp-content\/uploads\/2023\/11\/Dermaheal-Dark-Circle-Solution.jpg","datePublished":"2023-11-21T16:35:10+00:00","dateModified":"2024-07-18T15:28:04+00:00","description":"\u2765Compre Soluci\u00f3n Dermaheal Dark Circle (5 x 1,5 ml) \u23e9 Tienda online My Lip Filler \u27a6 Garant\u00eda de calidad, rese\u00f1as, ingredientes, \u00a1los mejores precios!","breadcrumb":{"@id":"https:\/\/mylipfiller.com\/dermaheal-dark-circle-solution-5-x-1-5ml\/#breadcrumb"},"inLanguage":"es","potentialAction":[{"@type":"ReadAction","target":["https:\/\/mylipfiller.com\/dermaheal-dark-circle-solution-5-x-1-5ml\/"]}]},{"@type":"ImageObject","inLanguage":"es","@id":"https:\/\/mylipfiller.com\/dermaheal-dark-circle-solution-5-x-1-5ml\/#primaryimage","url":"https:\/\/cdn.mylipfiller.com\/wp-content\/uploads\/2023\/11\/Dermaheal-Dark-Circle-Solution.jpg","contentUrl":"https:\/\/cdn.mylipfiller.com\/wp-content\/uploads\/2023\/11\/Dermaheal-Dark-Circle-Solution.jpg","width":600,"height":600,"caption":"Dermaheal Dark Circle Solution"},{"@type":"BreadcrumbList","@id":"https:\/\/mylipfiller.com\/dermaheal-dark-circle-solution-5-x-1-5ml\/#breadcrumb","itemListElement":[{"@type":"ListItem","position":1,"name":"Home","item":"https:\/\/mylipfiller.com\/"},{"@type":"ListItem","position":2,"name":"Shop","item":"https:\/\/mylipfiller.com\/shop\/"},{"@type":"ListItem","position":3,"name":"Dermaheal Dark Circle Solution (5 x 1.5ml)"}]},{"@type":"WebSite","@id":"https:\/\/mylipfiller.com\/#website","url":"https:\/\/mylipfiller.com\/","name":"Mi relleno de labios","description":"Rellenos d\u00e9rmicos y de labios con \u00e1cido hialur\u00f3nico","publisher":{"@id":"https:\/\/mylipfiller.com\/#organization"},"potentialAction":[{"@type":"SearchAction","target":{"@type":"EntryPoint","urlTemplate":"https:\/\/mylipfiller.com\/?s={search_term_string}"},"query-input":{"@type":"PropertyValueSpecification","valueRequired":true,"valueName":"search_term_string"}}],"inLanguage":"es"},{"@type":"Organization","@id":"https:\/\/mylipfiller.com\/#organization","name":"Mi relleno de labios","url":"https:\/\/mylipfiller.com\/","logo":{"@type":"ImageObject","inLanguage":"es","@id":"https:\/\/mylipfiller.com\/#\/schema\/logo\/image\/","url":"https:\/\/cdn.mylipfiller.com\/wp-content\/uploads\/2019\/02\/cropped-My-Lip-Filler-Logo.png","contentUrl":"https:\/\/cdn.mylipfiller.com\/wp-content\/uploads\/2019\/02\/cropped-My-Lip-Filler-Logo.png","width":240,"height":88,"caption":"My Lip Filler"},"image":{"@id":"https:\/\/mylipfiller.com\/#\/schema\/logo\/image\/"}}]}},"_links":{"self":[{"href":"https:\/\/mylipfiller.com\/es\/wp-json\/wp\/v2\/product\/41152","targetHints":{"allow":["GET"]}}],"collection":[{"href":"https:\/\/mylipfiller.com\/es\/wp-json\/wp\/v2\/product"}],"about":[{"href":"https:\/\/mylipfiller.com\/es\/wp-json\/wp\/v2\/types\/product"}],"wp:featuredmedia":[{"embeddable":true,"href":"https:\/\/mylipfiller.com\/es\/wp-json\/wp\/v2\/media\/41155"}],"wp:attachment":[{"href":"https:\/\/mylipfiller.com\/es\/wp-json\/wp\/v2\/media?parent=41152"}],"wp:term":[{"taxonomy":"product_brand","embeddable":true,"href":"https:\/\/mylipfiller.com\/es\/wp-json\/wp\/v2\/product_brand?post=41152"},{"taxonomy":"product_cat","embeddable":true,"href":"https:\/\/mylipfiller.com\/es\/wp-json\/wp\/v2\/product_cat?post=41152"},{"taxonomy":"product_tag","embeddable":true,"href":"https:\/\/mylipfiller.com\/es\/wp-json\/wp\/v2\/product_tag?post=41152"}],"curies":[{"name":"gracias","href":"https:\/\/api.w.org\/{rel}","templated":true}]}}