{"id":41153,"date":"2023-11-21T18:45:40","date_gmt":"2023-11-21T16:45:40","guid":{"rendered":"https:\/\/mylipfiller.com\/?post_type=product&#038;p=41153"},"modified":"2024-07-18T17:28:03","modified_gmt":"2024-07-18T15:28:03","slug":"dermaheal-eyebag-solution-5-x-1-5ml","status":"publish","type":"product","link":"https:\/\/mylipfiller.com\/es\/dermaheal-eyebag-solution-5-x-1-5ml\/","title":{"rendered":"Soluci\u00f3n para bolsas de ojos Dermaheal (5 x 1,5 ml)"},"content":{"rendered":"<p>Las bolsas en los ojos son uno de los problemas de la piel m\u00e1s comunes y pr\u00e1cticamente todo el mundo ha tenido que lidiar con ellas en alg\u00fan momento de su vida. Aunque normalmente la gente piensa que son el resultado de la falta de sue\u00f1o, pueden ser causados por muchos factores: problemas de salud, estr\u00e9s, fatiga y cansancio general, y un estilo de vida poco saludable.<\/p>\n<p>Dermaheal Eyebag Solution amenaza directamente el problema. Normalmente, las bolsas de los ojos se presentan en forma de formaciones de grasa peque\u00f1as pero visibles, debajo de la piel, debajo del p\u00e1rpado inferior. Tambi\u00e9n son signos de retenci\u00f3n de agua en la zona. Para tratarlos adecuadamente, esta mesoterapia, en primer lugar, disolver\u00e1 el exceso de grasa debajo de la piel. Esto reduce visiblemente el volumen de la piel y proporciona un efecto lifting, ya que la grasa eliminada ya no tirar\u00e1 de la piel hacia abajo.<\/p>\n<p>Adem\u00e1s, Dermaheal Eyebag proporcionar\u00e1 un efecto tensor, haciendo que la piel debajo del ojo sea m\u00e1s firme y suave, afectando positivamente las arrugas que se hayan formado como resultado de las bolsas en los ojos. Calmar\u00e1 cualquier proceso inflamatorio en curso y tendr\u00e1 un efecto revitalizante general en el \u00e1rea debajo de los ojos.<\/p>\n<h3>Lista de ingredientes principales<\/h3>\n<ol>\n<li>Trip\u00e9ptido-41 \/ CG-Lipoxina<\/li>\n<li>Nonap\u00e9ptido-18 \/ CG-formado<\/li>\n<li>Oligop\u00e9ptido-61 \/ CG-Cellsolin<\/li>\n<li>Oligop\u00e9ptido-73 \/ CG-EPG<\/li>\n<\/ol>","protected":false},"excerpt":{"rendered":"<p>Con Dermaheal Eyebag Solution se puede realizar una mesoterapia eficaz para la eliminaci\u00f3n de las bolsas de los ojos. Con tan solo una vez el procedimiento reducir\u00e1 notablemente el volumen o incluso eliminar\u00e1 por completo las bolsas que se hayan formado debajo de los ojos. Dermaheal Eyebag es el mesoproducto m\u00e1s eficaz para el tratamiento del volumen excesivo de piel en el \u00e1rea debajo de los ojos.<\/p>","protected":false},"featured_media":41156,"template":"","meta":{"_acf_changed":false},"product_brand":[],"product_cat":[158,21,18],"product_tag":[108],"class_list":{"0":"post-41153","1":"product","2":"type-product","3":"status-publish","4":"has-post-thumbnail","6":"product_cat-caregen","7":"product_cat-dermaheal","8":"product_cat-mesotherapy","9":"product_tag-under-eye","11":"first","12":"outofstock","13":"taxable","14":"shipping-taxable","15":"purchasable","16":"product-type-simple"},"acf":[],"yoast_head":"<!-- This site is optimized with the Yoast SEO plugin v27.2 - https:\/\/yoast.com\/product\/yoast-seo-wordpress\/ -->\n<title>Cheap Dermaheal Eyebag Solution (5 x 1.5ml) - Buy from My Lip Filler<\/title>\n<meta name=\"description\" content=\"\u2765Buy Dermaheal Eyebag Solution (5 x 1.5ml) \u23e9 My Lip Filler online store \u27a6 Quality assurance, reviews, ingredients, best prices!\" \/>\n<meta name=\"robots\" content=\"index, follow, max-snippet:-1, max-image-preview:large, max-video-preview:-1\" \/>\n<link rel=\"canonical\" href=\"https:\/\/mylipfiller.com\/es\/dermaheal-eyebag-solution-5-x-1-5ml\/\" \/>\n<meta property=\"og:locale\" content=\"es_MX\" \/>\n<meta property=\"og:type\" content=\"article\" \/>\n<meta property=\"og:title\" content=\"Cheap Dermaheal Eyebag Solution (5 x 1.5ml) - Buy from My Lip Filler\" \/>\n<meta property=\"og:description\" content=\"\u2765Buy Dermaheal Eyebag Solution (5 x 1.5ml) \u23e9 My Lip Filler online store \u27a6 Quality assurance, reviews, ingredients, best prices!\" \/>\n<meta property=\"og:url\" content=\"https:\/\/mylipfiller.com\/es\/dermaheal-eyebag-solution-5-x-1-5ml\/\" \/>\n<meta property=\"og:site_name\" content=\"My Lip Filler\" \/>\n<meta property=\"article:modified_time\" content=\"2024-07-18T15:28:03+00:00\" \/>\n<meta property=\"og:image\" content=\"https:\/\/cdn.mylipfiller.com\/wp-content\/uploads\/2023\/11\/Dermaheal-Eyebag-Solution.jpg\" \/>\n\t<meta property=\"og:image:width\" content=\"600\" \/>\n\t<meta property=\"og:image:height\" content=\"600\" \/>\n\t<meta property=\"og:image:type\" content=\"image\/jpeg\" \/>\n<meta name=\"twitter:card\" content=\"summary_large_image\" \/>\n<meta name=\"twitter:label1\" content=\"Tiempo de lectura\" \/>\n\t<meta name=\"twitter:data1\" content=\"2 minutos\" \/>\n<script type=\"application\/ld+json\" class=\"yoast-schema-graph\">{\"@context\":\"https:\/\/schema.org\",\"@graph\":[{\"@type\":\"WebPage\",\"@id\":\"https:\/\/mylipfiller.com\/dermaheal-eyebag-solution-5-x-1-5ml\/\",\"url\":\"https:\/\/mylipfiller.com\/dermaheal-eyebag-solution-5-x-1-5ml\/\",\"name\":\"Cheap Dermaheal Eyebag Solution (5 x 1.5ml) - Buy from My Lip Filler\",\"isPartOf\":{\"@id\":\"https:\/\/mylipfiller.com\/#website\"},\"primaryImageOfPage\":{\"@id\":\"https:\/\/mylipfiller.com\/dermaheal-eyebag-solution-5-x-1-5ml\/#primaryimage\"},\"image\":{\"@id\":\"https:\/\/mylipfiller.com\/dermaheal-eyebag-solution-5-x-1-5ml\/#primaryimage\"},\"thumbnailUrl\":\"https:\/\/cdn.mylipfiller.com\/wp-content\/uploads\/2023\/11\/Dermaheal-Eyebag-Solution.jpg\",\"datePublished\":\"2023-11-21T16:45:40+00:00\",\"dateModified\":\"2024-07-18T15:28:03+00:00\",\"description\":\"\u2765Buy Dermaheal Eyebag Solution (5 x 1.5ml) \u23e9 My Lip Filler online store \u27a6 Quality assurance, reviews, ingredients, best prices!\",\"breadcrumb\":{\"@id\":\"https:\/\/mylipfiller.com\/dermaheal-eyebag-solution-5-x-1-5ml\/#breadcrumb\"},\"inLanguage\":\"es\",\"potentialAction\":[{\"@type\":\"ReadAction\",\"target\":[\"https:\/\/mylipfiller.com\/dermaheal-eyebag-solution-5-x-1-5ml\/\"]}]},{\"@type\":\"ImageObject\",\"inLanguage\":\"es\",\"@id\":\"https:\/\/mylipfiller.com\/dermaheal-eyebag-solution-5-x-1-5ml\/#primaryimage\",\"url\":\"https:\/\/cdn.mylipfiller.com\/wp-content\/uploads\/2023\/11\/Dermaheal-Eyebag-Solution.jpg\",\"contentUrl\":\"https:\/\/cdn.mylipfiller.com\/wp-content\/uploads\/2023\/11\/Dermaheal-Eyebag-Solution.jpg\",\"width\":600,\"height\":600,\"caption\":\"Dermaheal Eyebag Solution\"},{\"@type\":\"BreadcrumbList\",\"@id\":\"https:\/\/mylipfiller.com\/dermaheal-eyebag-solution-5-x-1-5ml\/#breadcrumb\",\"itemListElement\":[{\"@type\":\"ListItem\",\"position\":1,\"name\":\"Home\",\"item\":\"https:\/\/mylipfiller.com\/\"},{\"@type\":\"ListItem\",\"position\":2,\"name\":\"Shop\",\"item\":\"https:\/\/mylipfiller.com\/shop\/\"},{\"@type\":\"ListItem\",\"position\":3,\"name\":\"Dermaheal Eyebag Solution (5 x 1.5ml)\"}]},{\"@type\":\"WebSite\",\"@id\":\"https:\/\/mylipfiller.com\/#website\",\"url\":\"https:\/\/mylipfiller.com\/\",\"name\":\"My Lip Filler\",\"description\":\"Hyaluronic Acid Lip and Dermal Fillers\",\"publisher\":{\"@id\":\"https:\/\/mylipfiller.com\/#organization\"},\"potentialAction\":[{\"@type\":\"SearchAction\",\"target\":{\"@type\":\"EntryPoint\",\"urlTemplate\":\"https:\/\/mylipfiller.com\/?s={search_term_string}\"},\"query-input\":{\"@type\":\"PropertyValueSpecification\",\"valueRequired\":true,\"valueName\":\"search_term_string\"}}],\"inLanguage\":\"es\"},{\"@type\":\"Organization\",\"@id\":\"https:\/\/mylipfiller.com\/#organization\",\"name\":\"My Lip Filler\",\"url\":\"https:\/\/mylipfiller.com\/\",\"logo\":{\"@type\":\"ImageObject\",\"inLanguage\":\"es\",\"@id\":\"https:\/\/mylipfiller.com\/#\/schema\/logo\/image\/\",\"url\":\"https:\/\/cdn.mylipfiller.com\/wp-content\/uploads\/2019\/02\/cropped-My-Lip-Filler-Logo.png\",\"contentUrl\":\"https:\/\/cdn.mylipfiller.com\/wp-content\/uploads\/2019\/02\/cropped-My-Lip-Filler-Logo.png\",\"width\":240,\"height\":88,\"caption\":\"My Lip Filler\"},\"image\":{\"@id\":\"https:\/\/mylipfiller.com\/#\/schema\/logo\/image\/\"}}]}<\/script>\n<!-- \/ Yoast SEO plugin. -->","yoast_head_json":{"title":"Soluci\u00f3n barata para bolsas de ojos Dermaheal (5 x 1,5 ml): compre en My Lip Filler","description":"\u2765Compre Soluci\u00f3n Dermaheal Eyebag (5 x 1,5 ml) \u23e9 Tienda online My Lip Filler \u27a6 Garant\u00eda de calidad, rese\u00f1as, ingredientes, \u00a1los mejores precios!","robots":{"index":"index","follow":"follow","max-snippet":"max-snippet:-1","max-image-preview":"max-image-preview:large","max-video-preview":"max-video-preview:-1"},"canonical":"https:\/\/mylipfiller.com\/es\/dermaheal-eyebag-solution-5-x-1-5ml\/","og_locale":"es_MX","og_type":"article","og_title":"Cheap Dermaheal Eyebag Solution (5 x 1.5ml) - Buy from My Lip Filler","og_description":"\u2765Buy Dermaheal Eyebag Solution (5 x 1.5ml) \u23e9 My Lip Filler online store \u27a6 Quality assurance, reviews, ingredients, best prices!","og_url":"https:\/\/mylipfiller.com\/es\/dermaheal-eyebag-solution-5-x-1-5ml\/","og_site_name":"My Lip Filler","article_modified_time":"2024-07-18T15:28:03+00:00","og_image":[{"width":600,"height":600,"url":"https:\/\/cdn.mylipfiller.com\/wp-content\/uploads\/2023\/11\/Dermaheal-Eyebag-Solution.jpg","type":"image\/jpeg"}],"twitter_card":"summary_large_image","twitter_misc":{"Tiempo de lectura":"2 minutos"},"schema":{"@context":"https:\/\/schema.org","@graph":[{"@type":"WebPage","@id":"https:\/\/mylipfiller.com\/dermaheal-eyebag-solution-5-x-1-5ml\/","url":"https:\/\/mylipfiller.com\/dermaheal-eyebag-solution-5-x-1-5ml\/","name":"Soluci\u00f3n barata para bolsas de ojos Dermaheal (5 x 1,5 ml): compre en My Lip Filler","isPartOf":{"@id":"https:\/\/mylipfiller.com\/#website"},"primaryImageOfPage":{"@id":"https:\/\/mylipfiller.com\/dermaheal-eyebag-solution-5-x-1-5ml\/#primaryimage"},"image":{"@id":"https:\/\/mylipfiller.com\/dermaheal-eyebag-solution-5-x-1-5ml\/#primaryimage"},"thumbnailUrl":"https:\/\/cdn.mylipfiller.com\/wp-content\/uploads\/2023\/11\/Dermaheal-Eyebag-Solution.jpg","datePublished":"2023-11-21T16:45:40+00:00","dateModified":"2024-07-18T15:28:03+00:00","description":"\u2765Compre Soluci\u00f3n Dermaheal Eyebag (5 x 1,5 ml) \u23e9 Tienda online My Lip Filler \u27a6 Garant\u00eda de calidad, rese\u00f1as, ingredientes, \u00a1los mejores precios!","breadcrumb":{"@id":"https:\/\/mylipfiller.com\/dermaheal-eyebag-solution-5-x-1-5ml\/#breadcrumb"},"inLanguage":"es","potentialAction":[{"@type":"ReadAction","target":["https:\/\/mylipfiller.com\/dermaheal-eyebag-solution-5-x-1-5ml\/"]}]},{"@type":"ImageObject","inLanguage":"es","@id":"https:\/\/mylipfiller.com\/dermaheal-eyebag-solution-5-x-1-5ml\/#primaryimage","url":"https:\/\/cdn.mylipfiller.com\/wp-content\/uploads\/2023\/11\/Dermaheal-Eyebag-Solution.jpg","contentUrl":"https:\/\/cdn.mylipfiller.com\/wp-content\/uploads\/2023\/11\/Dermaheal-Eyebag-Solution.jpg","width":600,"height":600,"caption":"Dermaheal Eyebag Solution"},{"@type":"BreadcrumbList","@id":"https:\/\/mylipfiller.com\/dermaheal-eyebag-solution-5-x-1-5ml\/#breadcrumb","itemListElement":[{"@type":"ListItem","position":1,"name":"Home","item":"https:\/\/mylipfiller.com\/"},{"@type":"ListItem","position":2,"name":"Shop","item":"https:\/\/mylipfiller.com\/shop\/"},{"@type":"ListItem","position":3,"name":"Dermaheal Eyebag Solution (5 x 1.5ml)"}]},{"@type":"WebSite","@id":"https:\/\/mylipfiller.com\/#website","url":"https:\/\/mylipfiller.com\/","name":"Mi relleno de labios","description":"Rellenos d\u00e9rmicos y de labios con \u00e1cido hialur\u00f3nico","publisher":{"@id":"https:\/\/mylipfiller.com\/#organization"},"potentialAction":[{"@type":"SearchAction","target":{"@type":"EntryPoint","urlTemplate":"https:\/\/mylipfiller.com\/?s={search_term_string}"},"query-input":{"@type":"PropertyValueSpecification","valueRequired":true,"valueName":"search_term_string"}}],"inLanguage":"es"},{"@type":"Organization","@id":"https:\/\/mylipfiller.com\/#organization","name":"Mi relleno de labios","url":"https:\/\/mylipfiller.com\/","logo":{"@type":"ImageObject","inLanguage":"es","@id":"https:\/\/mylipfiller.com\/#\/schema\/logo\/image\/","url":"https:\/\/cdn.mylipfiller.com\/wp-content\/uploads\/2019\/02\/cropped-My-Lip-Filler-Logo.png","contentUrl":"https:\/\/cdn.mylipfiller.com\/wp-content\/uploads\/2019\/02\/cropped-My-Lip-Filler-Logo.png","width":240,"height":88,"caption":"My Lip Filler"},"image":{"@id":"https:\/\/mylipfiller.com\/#\/schema\/logo\/image\/"}}]}},"_links":{"self":[{"href":"https:\/\/mylipfiller.com\/es\/wp-json\/wp\/v2\/product\/41153","targetHints":{"allow":["GET"]}}],"collection":[{"href":"https:\/\/mylipfiller.com\/es\/wp-json\/wp\/v2\/product"}],"about":[{"href":"https:\/\/mylipfiller.com\/es\/wp-json\/wp\/v2\/types\/product"}],"wp:featuredmedia":[{"embeddable":true,"href":"https:\/\/mylipfiller.com\/es\/wp-json\/wp\/v2\/media\/41156"}],"wp:attachment":[{"href":"https:\/\/mylipfiller.com\/es\/wp-json\/wp\/v2\/media?parent=41153"}],"wp:term":[{"taxonomy":"product_brand","embeddable":true,"href":"https:\/\/mylipfiller.com\/es\/wp-json\/wp\/v2\/product_brand?post=41153"},{"taxonomy":"product_cat","embeddable":true,"href":"https:\/\/mylipfiller.com\/es\/wp-json\/wp\/v2\/product_cat?post=41153"},{"taxonomy":"product_tag","embeddable":true,"href":"https:\/\/mylipfiller.com\/es\/wp-json\/wp\/v2\/product_tag?post=41153"}],"curies":[{"name":"gracias","href":"https:\/\/api.w.org\/{rel}","templated":true}]}}