{"id":41231,"date":"2023-12-01T16:13:33","date_gmt":"2023-12-01T14:13:33","guid":{"rendered":"https:\/\/mylipfiller.com\/?post_type=product&#038;p=41231"},"modified":"2026-03-12T21:07:42","modified_gmt":"2026-03-12T19:07:42","slug":"gemvous-pn-skin-booster-3-x-2-5ml","status":"publish","type":"product","link":"https:\/\/mylipfiller.com\/es\/gemvous-pn-skin-booster-3-x-2-5ml\/","title":{"rendered":"Potenciador de piel GemVous PN (3 x 2,5 ml)"},"content":{"rendered":"<p>Lo que diferencia a GemVous de otros productos potenciadores de la piel del mercado es que combina los efectos principales que suelen ofrecer los productos potenciadores y rejuvenecedores en una \u00fanica soluci\u00f3n. Aqu\u00ed los polinucle\u00f3tidos se combinan en una combinaci\u00f3n efectiva con \u00e1cido hialur\u00f3nico para la forma m\u00e1s completa de rejuvenecimiento de la piel, con el beneficio de un brillo de la piel efectivo, aunque sutil, que proporcionar\u00e1 el complejo de vitamina B (niacinamida).<\/p>\n<h2>Ingredientes principales<\/h2>\n<p><strong>Polinucle\u00f3tidos<\/strong> o PN para abreviar, son la alternativa m\u00e1s eficaz a los compuestos PDRN que se utilizan m\u00e1s com\u00fanmente en la industria de la belleza. La NP de GemVous es completamente biocompatible y proporcionar\u00e1 resultados beneficiosos a largo plazo para aumentar la producci\u00f3n de fibroblastos y mejorar la regeneraci\u00f3n de las c\u00e9lulas de la piel. Todo esto ayuda no s\u00f3lo a revitalizar la piel, sino que mejorar\u00e1 su textura, ayudar\u00e1 a recuperar la elasticidad natural y curar\u00e1 la piel da\u00f1ada. Los polinucle\u00f3tidos tambi\u00e9n son beneficiosos para el tratamiento y eliminaci\u00f3n de tejidos cicatriciales.<\/p>\n<p><strong>\u00c1cido hialur\u00f3nico<\/strong> es una de las sustancias m\u00e1s utilizadas en potenciadores de la piel, rellenos d\u00e9rmicos y mesoterapia. Ayuda a la piel a retener niveles m\u00e1s altos de humedad y es especialmente \u00fatil para la piel seca y envejecida. En combinaci\u00f3n con polinucle\u00f3tidos, las mol\u00e9culas de HA mejorar\u00e1n significativamente la hidrataci\u00f3n general de la piel y aumentar\u00e1n el efecto de hacer que la piel sea m\u00e1s suave y tersa.<\/p>\n<p><strong>Niacinamida<\/strong> es un complejo especial de vitamina B, que ha demostrado propiedades iluminadoras de la piel y ayudar\u00e1 a tratar las manchas no deseadas y la p\u00e9rdida general del tono de la piel. Adem\u00e1s, potencia la producci\u00f3n de Ceramida y detiene el proceso de col\u00e1geno y p\u00e9rdida de elasticidad en la dermis, t\u00edpico del envejecimiento de la piel.<\/p>\n<h2>Mejora de la piel de la cara completa<\/h2>\n<p>A diferencia de otros potenciadores de la piel en el mercado, la soluci\u00f3n GemVous PN viene con tres jeringas de c\u00f3ctel de polinucle\u00f3tido, \u00e1cido hialur\u00f3nico y niacinamida (2,5 ml cada una), lo que significa que una caja se puede utilizar eficazmente para un tratamiento facial completo, cubriendo m\u00faltiples \u00e1reas de la piel que necesitan rejuvenecimiento. .<\/p>\n<p>Es uno de los potenciadores para la revitalizaci\u00f3n de la piel m\u00e1s vers\u00e1tiles disponibles, ya que puede usarse de m\u00faltiples maneras: inyectado directamente en la piel, para un rejuvenecimiento profundo; aplicado mediante microagujas para una distribuci\u00f3n m\u00e1s eficaz en la dermis; o t\u00f3picamente a trav\u00e9s de un rodillo derma, para revitalizar las capas superficiales de la dermis, espec\u00edficamente.<\/p>","protected":false},"excerpt":{"rendered":"<p>GemVous, un nuevo y altamente eficaz potenciador de la piel de Corea del Sur, es una herramienta de terapia antiedad multivectorial para la revitalizaci\u00f3n y el rejuvenecimiento de la piel. Est\u00e1 basado en polinucle\u00f3tidos derivados del salm\u00f3n, que son poderosos factores anti-envejecimiento; \u00c1cido hialur\u00f3nico, que aumenta la hidrataci\u00f3n de la piel, y niacinamida, un complejo de vitamina B para aclarar la piel, que elimina las manchas relacionadas y otras formas de hiperpigmentaci\u00f3n.<\/p>","protected":false},"featured_media":41232,"template":"","meta":{"_acf_changed":false},"product_brand":[],"product_cat":[18,186,32],"product_tag":[138,144,111,126,117,150,145,113,143,139,137,127],"class_list":{"0":"post-41231","1":"product","2":"type-product","3":"status-publish","4":"has-post-thumbnail","6":"product_cat-mesotherapy","7":"product_cat-reanzen","8":"product_cat-soft","9":"product_tag-anti-aging","10":"product_tag-anti-wrinkle","11":"product_tag-face","12":"product_tag-fine-lines","13":"product_tag-low-density","14":"product_tag-mesococktails","15":"product_tag-nourishing","16":"product_tag-periorbital-area","17":"product_tag-rejuvenating","18":"product_tag-restoration","19":"product_tag-south-korea","20":"product_tag-wrinkles-around-the-eyes","22":"first","23":"outofstock","24":"taxable","25":"shipping-taxable","26":"purchasable","27":"product-type-simple"},"acf":[],"yoast_head":"<!-- This site is optimized with the Yoast SEO plugin v27.4 - https:\/\/yoast.com\/product\/yoast-seo-wordpress\/ -->\n<title>Cheap GemVous PN Skin Booster - Buy at My Lip Filler<\/title>\n<meta name=\"description\" content=\"\u2765Buy GemVous PN Skin Booster (3 x 2.5ml) \u23e9 My Lip Filler online store \u27a6 Quality assurance, reviews, ingredients, best prices!\" \/>\n<meta name=\"robots\" content=\"index, follow, max-snippet:-1, max-image-preview:large, max-video-preview:-1\" \/>\n<link rel=\"canonical\" href=\"https:\/\/mylipfiller.com\/es\/gemvous-pn-skin-booster-3-x-2-5ml\/\" \/>\n<meta property=\"og:locale\" content=\"es_MX\" \/>\n<meta property=\"og:type\" content=\"article\" \/>\n<meta property=\"og:title\" content=\"Cheap GemVous PN Skin Booster - Buy at My Lip Filler\" \/>\n<meta property=\"og:description\" content=\"\u2765Buy GemVous PN Skin Booster (3 x 2.5ml) \u23e9 My Lip Filler online store \u27a6 Quality assurance, reviews, ingredients, best prices!\" \/>\n<meta property=\"og:url\" content=\"https:\/\/mylipfiller.com\/es\/gemvous-pn-skin-booster-3-x-2-5ml\/\" \/>\n<meta property=\"og:site_name\" content=\"My Lip Filler\" \/>\n<meta property=\"article:modified_time\" content=\"2026-03-12T19:07:42+00:00\" \/>\n<meta property=\"og:image\" content=\"https:\/\/cdn.mylipfiller.com\/wp-content\/uploads\/2023\/12\/GemVous.jpg\" \/>\n\t<meta property=\"og:image:width\" content=\"600\" \/>\n\t<meta property=\"og:image:height\" content=\"600\" \/>\n\t<meta property=\"og:image:type\" content=\"image\/jpeg\" \/>\n<meta name=\"twitter:card\" content=\"summary_large_image\" \/>\n<meta name=\"twitter:label1\" content=\"Tiempo de lectura\" \/>\n\t<meta name=\"twitter:data1\" content=\"2 minutos\" \/>\n<script type=\"application\/ld+json\" class=\"yoast-schema-graph\">{\"@context\":\"https:\\\/\\\/schema.org\",\"@graph\":[{\"@type\":\"WebPage\",\"@id\":\"https:\\\/\\\/mylipfiller.com\\\/gemvous-pn-skin-booster-3-x-2-5ml\\\/\",\"url\":\"https:\\\/\\\/mylipfiller.com\\\/gemvous-pn-skin-booster-3-x-2-5ml\\\/\",\"name\":\"Cheap GemVous PN Skin Booster - Buy at My Lip Filler\",\"isPartOf\":{\"@id\":\"https:\\\/\\\/mylipfiller.com\\\/#website\"},\"primaryImageOfPage\":{\"@id\":\"https:\\\/\\\/mylipfiller.com\\\/gemvous-pn-skin-booster-3-x-2-5ml\\\/#primaryimage\"},\"image\":{\"@id\":\"https:\\\/\\\/mylipfiller.com\\\/gemvous-pn-skin-booster-3-x-2-5ml\\\/#primaryimage\"},\"thumbnailUrl\":\"https:\\\/\\\/mylipfiller.com\\\/wp-content\\\/uploads\\\/2023\\\/12\\\/GemVous.jpg\",\"datePublished\":\"2023-12-01T14:13:33+00:00\",\"dateModified\":\"2026-03-12T19:07:42+00:00\",\"description\":\"\u2765Buy GemVous PN Skin Booster (3 x 2.5ml) \u23e9 My Lip Filler online store \u27a6 Quality assurance, reviews, ingredients, best prices!\",\"breadcrumb\":{\"@id\":\"https:\\\/\\\/mylipfiller.com\\\/gemvous-pn-skin-booster-3-x-2-5ml\\\/#breadcrumb\"},\"inLanguage\":\"es\",\"potentialAction\":[{\"@type\":\"ReadAction\",\"target\":[\"https:\\\/\\\/mylipfiller.com\\\/gemvous-pn-skin-booster-3-x-2-5ml\\\/\"]}]},{\"@type\":\"ImageObject\",\"inLanguage\":\"es\",\"@id\":\"https:\\\/\\\/mylipfiller.com\\\/gemvous-pn-skin-booster-3-x-2-5ml\\\/#primaryimage\",\"url\":\"https:\\\/\\\/mylipfiller.com\\\/wp-content\\\/uploads\\\/2023\\\/12\\\/GemVous.jpg\",\"contentUrl\":\"https:\\\/\\\/mylipfiller.com\\\/wp-content\\\/uploads\\\/2023\\\/12\\\/GemVous.jpg\",\"width\":600,\"height\":600,\"caption\":\"GemVous\"},{\"@type\":\"BreadcrumbList\",\"@id\":\"https:\\\/\\\/mylipfiller.com\\\/gemvous-pn-skin-booster-3-x-2-5ml\\\/#breadcrumb\",\"itemListElement\":[{\"@type\":\"ListItem\",\"position\":1,\"name\":\"Home\",\"item\":\"https:\\\/\\\/mylipfiller.com\\\/\"},{\"@type\":\"ListItem\",\"position\":2,\"name\":\"Shop\",\"item\":\"https:\\\/\\\/mylipfiller.com\\\/shop\\\/\"},{\"@type\":\"ListItem\",\"position\":3,\"name\":\"GemVous PN Skin Booster (3 x 2.5ml)\"}]},{\"@type\":\"WebSite\",\"@id\":\"https:\\\/\\\/mylipfiller.com\\\/#website\",\"url\":\"https:\\\/\\\/mylipfiller.com\\\/\",\"name\":\"My Lip Filler\",\"description\":\"Hyaluronic Acid Lip and Dermal Fillers\",\"publisher\":{\"@id\":\"https:\\\/\\\/mylipfiller.com\\\/#organization\"},\"potentialAction\":[{\"@type\":\"SearchAction\",\"target\":{\"@type\":\"EntryPoint\",\"urlTemplate\":\"https:\\\/\\\/mylipfiller.com\\\/?s={search_term_string}\"},\"query-input\":{\"@type\":\"PropertyValueSpecification\",\"valueRequired\":true,\"valueName\":\"search_term_string\"}}],\"inLanguage\":\"es\"},{\"@type\":\"Organization\",\"@id\":\"https:\\\/\\\/mylipfiller.com\\\/#organization\",\"name\":\"My Lip Filler\",\"url\":\"https:\\\/\\\/mylipfiller.com\\\/\",\"logo\":{\"@type\":\"ImageObject\",\"inLanguage\":\"es\",\"@id\":\"https:\\\/\\\/mylipfiller.com\\\/#\\\/schema\\\/logo\\\/image\\\/\",\"url\":\"https:\\\/\\\/mylipfiller.com\\\/wp-content\\\/uploads\\\/2019\\\/02\\\/cropped-My-Lip-Filler-Logo.png\",\"contentUrl\":\"https:\\\/\\\/mylipfiller.com\\\/wp-content\\\/uploads\\\/2019\\\/02\\\/cropped-My-Lip-Filler-Logo.png\",\"width\":240,\"height\":88,\"caption\":\"My Lip Filler\"},\"image\":{\"@id\":\"https:\\\/\\\/mylipfiller.com\\\/#\\\/schema\\\/logo\\\/image\\\/\"}}]}<\/script>\n<!-- \/ Yoast SEO plugin. -->","yoast_head_json":{"title":"Barato GemVous PN Skin Booster - C\u00f3mpralo en My Lip Filler","description":"\u2765Compre GemVous PN Skin Booster (3 x 2,5 ml) \u23e9 Tienda online My Lip Filler \u27a6 Garant\u00eda de calidad, rese\u00f1as, ingredientes, \u00a1los mejores precios!","robots":{"index":"index","follow":"follow","max-snippet":"max-snippet:-1","max-image-preview":"max-image-preview:large","max-video-preview":"max-video-preview:-1"},"canonical":"https:\/\/mylipfiller.com\/es\/gemvous-pn-skin-booster-3-x-2-5ml\/","og_locale":"es_MX","og_type":"article","og_title":"Cheap GemVous PN Skin Booster - Buy at My Lip Filler","og_description":"\u2765Buy GemVous PN Skin Booster (3 x 2.5ml) \u23e9 My Lip Filler online store \u27a6 Quality assurance, reviews, ingredients, best prices!","og_url":"https:\/\/mylipfiller.com\/es\/gemvous-pn-skin-booster-3-x-2-5ml\/","og_site_name":"My Lip Filler","article_modified_time":"2026-03-12T19:07:42+00:00","og_image":[{"width":600,"height":600,"url":"https:\/\/cdn.mylipfiller.com\/wp-content\/uploads\/2023\/12\/GemVous.jpg","type":"image\/jpeg"}],"twitter_card":"summary_large_image","twitter_misc":{"Tiempo de lectura":"2 minutos"},"schema":{"@context":"https:\/\/schema.org","@graph":[{"@type":"WebPage","@id":"https:\/\/mylipfiller.com\/gemvous-pn-skin-booster-3-x-2-5ml\/","url":"https:\/\/mylipfiller.com\/gemvous-pn-skin-booster-3-x-2-5ml\/","name":"Barato GemVous PN Skin Booster - C\u00f3mpralo en My Lip Filler","isPartOf":{"@id":"https:\/\/mylipfiller.com\/#website"},"primaryImageOfPage":{"@id":"https:\/\/mylipfiller.com\/gemvous-pn-skin-booster-3-x-2-5ml\/#primaryimage"},"image":{"@id":"https:\/\/mylipfiller.com\/gemvous-pn-skin-booster-3-x-2-5ml\/#primaryimage"},"thumbnailUrl":"https:\/\/cdn.mylipfiller.com\/wp-content\/uploads\/2023\/12\/GemVous.jpg","datePublished":"2023-12-01T14:13:33+00:00","dateModified":"2026-03-12T19:07:42+00:00","description":"\u2765Compre GemVous PN Skin Booster (3 x 2,5 ml) \u23e9 Tienda online My Lip Filler \u27a6 Garant\u00eda de calidad, rese\u00f1as, ingredientes, \u00a1los mejores precios!","breadcrumb":{"@id":"https:\/\/mylipfiller.com\/gemvous-pn-skin-booster-3-x-2-5ml\/#breadcrumb"},"inLanguage":"es","potentialAction":[{"@type":"ReadAction","target":["https:\/\/mylipfiller.com\/gemvous-pn-skin-booster-3-x-2-5ml\/"]}]},{"@type":"ImageObject","inLanguage":"es","@id":"https:\/\/mylipfiller.com\/gemvous-pn-skin-booster-3-x-2-5ml\/#primaryimage","url":"https:\/\/cdn.mylipfiller.com\/wp-content\/uploads\/2023\/12\/GemVous.jpg","contentUrl":"https:\/\/cdn.mylipfiller.com\/wp-content\/uploads\/2023\/12\/GemVous.jpg","width":600,"height":600,"caption":"GemVous"},{"@type":"BreadcrumbList","@id":"https:\/\/mylipfiller.com\/gemvous-pn-skin-booster-3-x-2-5ml\/#breadcrumb","itemListElement":[{"@type":"ListItem","position":1,"name":"Home","item":"https:\/\/mylipfiller.com\/"},{"@type":"ListItem","position":2,"name":"Shop","item":"https:\/\/mylipfiller.com\/shop\/"},{"@type":"ListItem","position":3,"name":"GemVous PN Skin Booster (3 x 2.5ml)"}]},{"@type":"WebSite","@id":"https:\/\/mylipfiller.com\/#website","url":"https:\/\/mylipfiller.com\/","name":"Mi relleno de labios","description":"Rellenos d\u00e9rmicos y de labios con \u00e1cido hialur\u00f3nico","publisher":{"@id":"https:\/\/mylipfiller.com\/#organization"},"potentialAction":[{"@type":"SearchAction","target":{"@type":"EntryPoint","urlTemplate":"https:\/\/mylipfiller.com\/?s={search_term_string}"},"query-input":{"@type":"PropertyValueSpecification","valueRequired":true,"valueName":"search_term_string"}}],"inLanguage":"es"},{"@type":"Organization","@id":"https:\/\/mylipfiller.com\/#organization","name":"Mi relleno de labios","url":"https:\/\/mylipfiller.com\/","logo":{"@type":"ImageObject","inLanguage":"es","@id":"https:\/\/mylipfiller.com\/#\/schema\/logo\/image\/","url":"https:\/\/cdn.mylipfiller.com\/wp-content\/uploads\/2019\/02\/cropped-My-Lip-Filler-Logo.png","contentUrl":"https:\/\/cdn.mylipfiller.com\/wp-content\/uploads\/2019\/02\/cropped-My-Lip-Filler-Logo.png","width":240,"height":88,"caption":"My Lip Filler"},"image":{"@id":"https:\/\/mylipfiller.com\/#\/schema\/logo\/image\/"}}]}},"_links":{"self":[{"href":"https:\/\/mylipfiller.com\/es\/wp-json\/wp\/v2\/product\/41231","targetHints":{"allow":["GET"]}}],"collection":[{"href":"https:\/\/mylipfiller.com\/es\/wp-json\/wp\/v2\/product"}],"about":[{"href":"https:\/\/mylipfiller.com\/es\/wp-json\/wp\/v2\/types\/product"}],"wp:featuredmedia":[{"embeddable":true,"href":"https:\/\/mylipfiller.com\/es\/wp-json\/wp\/v2\/media\/41232"}],"wp:attachment":[{"href":"https:\/\/mylipfiller.com\/es\/wp-json\/wp\/v2\/media?parent=41231"}],"wp:term":[{"taxonomy":"product_brand","embeddable":true,"href":"https:\/\/mylipfiller.com\/es\/wp-json\/wp\/v2\/product_brand?post=41231"},{"taxonomy":"product_cat","embeddable":true,"href":"https:\/\/mylipfiller.com\/es\/wp-json\/wp\/v2\/product_cat?post=41231"},{"taxonomy":"product_tag","embeddable":true,"href":"https:\/\/mylipfiller.com\/es\/wp-json\/wp\/v2\/product_tag?post=41231"}],"curies":[{"name":"gracias","href":"https:\/\/api.w.org\/{rel}","templated":true}]}}