{"id":41511,"date":"2024-02-21T13:01:14","date_gmt":"2024-02-21T11:01:14","guid":{"rendered":"https:\/\/mylipfiller.com\/?post_type=product&#038;p=41511"},"modified":"2024-04-05T16:48:42","modified_gmt":"2024-04-05T14:48:42","slug":"a-jax-dazur-pla-pdlla-filler-200mg","status":"publish","type":"product","link":"https:\/\/mylipfiller.com\/es\/a-jax-dazur-pla-pdlla-filler-200mg\/","title":{"rendered":"A-Jax Relleno D&#039;azur PLA \/ PDLLA - 200 mg"},"content":{"rendered":"<p>Las arrugas, los pliegues de la piel y la p\u00e9rdida general de volumen en determinadas zonas son una parte inevitable del proceso de envejecimiento, que a menudo se ve amplificado por factores como el estr\u00e9s, la fatiga, la mala alimentaci\u00f3n, la contaminaci\u00f3n del aire y la sobreexposici\u00f3n al sol. Todo esto combinado conduce a una r\u00e1pida disminuci\u00f3n del col\u00e1geno y elastina en la dermis, as\u00ed como a la degradaci\u00f3n de los tejidos de soporte de la piel. El resultado es la formaci\u00f3n de depresiones visibles en la piel, as\u00ed como una flacidez notable.<\/p>\n<p>Los rellenos d\u00e9rmicos est\u00e1ndar, espec\u00edficamente los basados en \u00e1cido hialur\u00f3nico, se centran \u00fanicamente en el efecto voluminizador y tienen beneficios limitados a largo plazo para la dermis, aparte de cierta hidrataci\u00f3n mejorada. La llenadora A-Jax Dazur va m\u00e1s all\u00e1. Una vez disuelto el relleno y lista la preparaci\u00f3n, se forma un gel de CMC que rellenar\u00e1 los pliegues de la piel de forma inmediata. Este gel, con el tiempo, se absorbe en la dermis dejando microesferas de PLA en el \u00e1rea tratada, que inducen la regeneraci\u00f3n de la piel y la formaci\u00f3n de c\u00e9lulas cut\u00e1neas en el espacio donde estaba el gel CMC. Las nuevas c\u00e9lulas d\u00e9rmicas aumentan la s\u00edntesis local de col\u00e1geno para dar volumen a largo plazo y suavizar la superficie de la piel.<\/p>\n<p>Ajax D&#039;azur es uno de los rellenos de col\u00e1geno m\u00e1s seguros del mercado. Es una alternativa directa al Aesthefill, que ofrece una calidad similar, pero a un precio a\u00fan m\u00e1s bajo. Es 100% biocompatible y biodegradable ya que tanto la CMC (carboximetilcelulosa sodim) como el PLA (poliDL-lactida) son absorbidos naturalmente por la piel, con el tiempo, pr\u00e1cticamente sin reacciones adversas.<\/p>\n<p>Descripci\u00f3n general<\/p>\n<ul>\n<li>Efecto de relleno inmediato<\/li>\n<li>Aumenta la producci\u00f3n de col\u00e1geno.<\/li>\n<li>Induce la regeneraci\u00f3n de las c\u00e9lulas de la piel.<\/li>\n<li>Efecto voluminizador m\u00e1s prolongado<\/li>\n<li>Tasas de reacciones adversas muy bajas<\/li>\n<\/ul>\n<p>Adem\u00e1s, preparar la soluci\u00f3n toma solo 60 minutos, a diferencia de los rellenos tradicionales de PLLA y PDLLA\/PLA. El procedimiento real de solicitud normalmente dura 30 minutos.<\/p>\n<p>El relleno potenciador de col\u00e1geno A-Jax D&#039;azur se puede utilizar tanto para el rostro como para el cuerpo. Dependiendo de la zona, la aplicaci\u00f3n facial debe realizarse en la capa d\u00e9rmica subcut\u00e1nea, supraperiostio o submentoniana submandibular, utilizando el m\u00e9todo liner, depot o panning, respectivamente. En t\u00e9rminos de uso corporal, se puede aplicar en el \u00e1rea de la cadera y los gl\u00fateos para restaurar la elasticidad natural y agregar volumen a largo plazo al \u00e1rea tratada, estimulando la s\u00edntesis local de col\u00e1geno y la generaci\u00f3n de c\u00e9lulas de la piel.<\/p>\n<p>En general, el protocolo de uso es similar al de Aesthefill, pero aseg\u00farese de leer las instrucciones incluidas en la caja para conocer la aplicaci\u00f3n, contraindicaciones, posibles reacciones adversas, etc. El m\u00e9todo exacto de aplicaci\u00f3n lo determinan los dermat\u00f3logos u otro profesional autorizado que realice el procedimiento.<\/p>","protected":false},"excerpt":{"rendered":"<p>A-Jax D&#039;azur es un rellenador de arrugas profundas y pliegues cut\u00e1neos altamente eficaz, a base de Poly DL-Lactide. Los rellenos de PLA como D&#039;azur son potentes estimuladores de la producci\u00f3n de col\u00e1geno. Adem\u00e1s de ofrecer un efecto voluminizador inmediato, tambi\u00e9n aumentan gradualmente los niveles de col\u00e1geno en la zona de tratamiento, devolviendo el volumen de forma natural y muy duradera. A-Jax D&#039;azur ofrece un alisado cut\u00e1neo a largo plazo con resultados imperceptibles, ya que las depresiones de la piel se rellenan con col\u00e1geno sintetizado por la dermis.<\/p>","protected":false},"featured_media":41512,"template":"","meta":{"_acf_changed":false},"product_brand":[],"product_cat":[98,79,34,157],"product_tag":[123,130,131,115,114,111,142,135,137,124],"class_list":{"0":"post-41511","1":"product","2":"type-product","3":"status-publish","4":"has-post-thumbnail","6":"product_cat-a-jax-keen","7":"product_cat-body","8":"product_cat-hard","9":"product_cat-so-young","10":"product_tag-asymmetry","11":"product_tag-cheek-volume","12":"product_tag-cheekbone-contour","13":"product_tag-cheekbones","14":"product_tag-chin","15":"product_tag-face","16":"product_tag-modeling","17":"product_tag-small-chin","18":"product_tag-south-korea","19":"product_tag-volume","21":"first","22":"instock","23":"taxable","24":"shipping-taxable","25":"purchasable","26":"product-type-simple"},"acf":[],"yoast_head":"<!-- This site is optimized with the Yoast SEO plugin v27.2 - https:\/\/yoast.com\/product\/yoast-seo-wordpress\/ -->\n<title>A-Jax D\u2019azur PLA \/ PDLLA Filler \u2013 200mg - Buy at My Lip Filler<\/title>\n<meta name=\"description\" content=\"\u2765Buy A-Jax D\u2019azur PLA \/ PDLLA Filler \u2013 200mg \u23e9 My Lip Filler online store \u27a6 Quality assurance, reviews, ingredients, best prices!\" \/>\n<meta name=\"robots\" content=\"index, follow, max-snippet:-1, max-image-preview:large, max-video-preview:-1\" \/>\n<link rel=\"canonical\" href=\"https:\/\/mylipfiller.com\/es\/a-jax-dazur-pla-pdlla-filler-200mg\/\" \/>\n<meta property=\"og:locale\" content=\"es_MX\" \/>\n<meta property=\"og:type\" content=\"article\" \/>\n<meta property=\"og:title\" content=\"A-Jax D\u2019azur PLA \/ PDLLA Filler \u2013 200mg - Buy at My Lip Filler\" \/>\n<meta property=\"og:description\" content=\"\u2765Buy A-Jax D\u2019azur PLA \/ PDLLA Filler \u2013 200mg \u23e9 My Lip Filler online store \u27a6 Quality assurance, reviews, ingredients, best prices!\" \/>\n<meta property=\"og:url\" content=\"https:\/\/mylipfiller.com\/es\/a-jax-dazur-pla-pdlla-filler-200mg\/\" \/>\n<meta property=\"og:site_name\" content=\"My Lip Filler\" \/>\n<meta property=\"article:modified_time\" content=\"2024-04-05T14:48:42+00:00\" \/>\n<meta property=\"og:image\" content=\"https:\/\/cdn.mylipfiller.com\/wp-content\/uploads\/2024\/02\/A-Jax-Dazur.jpg\" \/>\n\t<meta property=\"og:image:width\" content=\"600\" \/>\n\t<meta property=\"og:image:height\" content=\"600\" \/>\n\t<meta property=\"og:image:type\" content=\"image\/jpeg\" \/>\n<meta name=\"twitter:card\" content=\"summary_large_image\" \/>\n<meta name=\"twitter:label1\" content=\"Tiempo de lectura\" \/>\n\t<meta name=\"twitter:data1\" content=\"3 minutos\" \/>\n<script type=\"application\/ld+json\" class=\"yoast-schema-graph\">{\"@context\":\"https:\/\/schema.org\",\"@graph\":[{\"@type\":\"WebPage\",\"@id\":\"https:\/\/mylipfiller.com\/a-jax-dazur-pla-pdlla-filler-200mg\/\",\"url\":\"https:\/\/mylipfiller.com\/a-jax-dazur-pla-pdlla-filler-200mg\/\",\"name\":\"A-Jax D\u2019azur PLA \/ PDLLA Filler \u2013 200mg - Buy at My Lip Filler\",\"isPartOf\":{\"@id\":\"https:\/\/mylipfiller.com\/#website\"},\"primaryImageOfPage\":{\"@id\":\"https:\/\/mylipfiller.com\/a-jax-dazur-pla-pdlla-filler-200mg\/#primaryimage\"},\"image\":{\"@id\":\"https:\/\/mylipfiller.com\/a-jax-dazur-pla-pdlla-filler-200mg\/#primaryimage\"},\"thumbnailUrl\":\"https:\/\/cdn.mylipfiller.com\/wp-content\/uploads\/2024\/02\/A-Jax-Dazur.jpg\",\"datePublished\":\"2024-02-21T11:01:14+00:00\",\"dateModified\":\"2024-04-05T14:48:42+00:00\",\"description\":\"\u2765Buy A-Jax D\u2019azur PLA \/ PDLLA Filler \u2013 200mg \u23e9 My Lip Filler online store \u27a6 Quality assurance, reviews, ingredients, best prices!\",\"breadcrumb\":{\"@id\":\"https:\/\/mylipfiller.com\/a-jax-dazur-pla-pdlla-filler-200mg\/#breadcrumb\"},\"inLanguage\":\"es\",\"potentialAction\":[{\"@type\":\"ReadAction\",\"target\":[\"https:\/\/mylipfiller.com\/a-jax-dazur-pla-pdlla-filler-200mg\/\"]}]},{\"@type\":\"ImageObject\",\"inLanguage\":\"es\",\"@id\":\"https:\/\/mylipfiller.com\/a-jax-dazur-pla-pdlla-filler-200mg\/#primaryimage\",\"url\":\"https:\/\/cdn.mylipfiller.com\/wp-content\/uploads\/2024\/02\/A-Jax-Dazur.jpg\",\"contentUrl\":\"https:\/\/cdn.mylipfiller.com\/wp-content\/uploads\/2024\/02\/A-Jax-Dazur.jpg\",\"width\":600,\"height\":600,\"caption\":\"A-Jax D'azur\"},{\"@type\":\"BreadcrumbList\",\"@id\":\"https:\/\/mylipfiller.com\/a-jax-dazur-pla-pdlla-filler-200mg\/#breadcrumb\",\"itemListElement\":[{\"@type\":\"ListItem\",\"position\":1,\"name\":\"Home\",\"item\":\"https:\/\/mylipfiller.com\/\"},{\"@type\":\"ListItem\",\"position\":2,\"name\":\"Shop\",\"item\":\"https:\/\/mylipfiller.com\/shop\/\"},{\"@type\":\"ListItem\",\"position\":3,\"name\":\"A-Jax D\u2019azur PLA \/ PDLLA Filler \u2013 200mg\"}]},{\"@type\":\"WebSite\",\"@id\":\"https:\/\/mylipfiller.com\/#website\",\"url\":\"https:\/\/mylipfiller.com\/\",\"name\":\"My Lip Filler\",\"description\":\"Hyaluronic Acid Lip and Dermal Fillers\",\"publisher\":{\"@id\":\"https:\/\/mylipfiller.com\/#organization\"},\"potentialAction\":[{\"@type\":\"SearchAction\",\"target\":{\"@type\":\"EntryPoint\",\"urlTemplate\":\"https:\/\/mylipfiller.com\/?s={search_term_string}\"},\"query-input\":{\"@type\":\"PropertyValueSpecification\",\"valueRequired\":true,\"valueName\":\"search_term_string\"}}],\"inLanguage\":\"es\"},{\"@type\":\"Organization\",\"@id\":\"https:\/\/mylipfiller.com\/#organization\",\"name\":\"My Lip Filler\",\"url\":\"https:\/\/mylipfiller.com\/\",\"logo\":{\"@type\":\"ImageObject\",\"inLanguage\":\"es\",\"@id\":\"https:\/\/mylipfiller.com\/#\/schema\/logo\/image\/\",\"url\":\"https:\/\/cdn.mylipfiller.com\/wp-content\/uploads\/2019\/02\/cropped-My-Lip-Filler-Logo.png\",\"contentUrl\":\"https:\/\/cdn.mylipfiller.com\/wp-content\/uploads\/2019\/02\/cropped-My-Lip-Filler-Logo.png\",\"width\":240,\"height\":88,\"caption\":\"My Lip Filler\"},\"image\":{\"@id\":\"https:\/\/mylipfiller.com\/#\/schema\/logo\/image\/\"}}]}<\/script>\n<!-- \/ Yoast SEO plugin. -->","yoast_head_json":{"title":"A-Jax D&#039;azur PLA \/ PDLLA Filler - 200 mg - Comprar en My Lip Filler","description":"\u2765Comprar A-Jax D&#039;azur PLA \/ PDLLA Filler \u2013 200mg \u23e9 Tienda online My Lip Filler \u27a6 Garant\u00eda de calidad, rese\u00f1as, ingredientes, \u00a1los mejores precios!","robots":{"index":"index","follow":"follow","max-snippet":"max-snippet:-1","max-image-preview":"max-image-preview:large","max-video-preview":"max-video-preview:-1"},"canonical":"https:\/\/mylipfiller.com\/es\/a-jax-dazur-pla-pdlla-filler-200mg\/","og_locale":"es_MX","og_type":"article","og_title":"A-Jax D\u2019azur PLA \/ PDLLA Filler \u2013 200mg - Buy at My Lip Filler","og_description":"\u2765Buy A-Jax D\u2019azur PLA \/ PDLLA Filler \u2013 200mg \u23e9 My Lip Filler online store \u27a6 Quality assurance, reviews, ingredients, best prices!","og_url":"https:\/\/mylipfiller.com\/es\/a-jax-dazur-pla-pdlla-filler-200mg\/","og_site_name":"My Lip Filler","article_modified_time":"2024-04-05T14:48:42+00:00","og_image":[{"width":600,"height":600,"url":"https:\/\/cdn.mylipfiller.com\/wp-content\/uploads\/2024\/02\/A-Jax-Dazur.jpg","type":"image\/jpeg"}],"twitter_card":"summary_large_image","twitter_misc":{"Tiempo de lectura":"3 minutos"},"schema":{"@context":"https:\/\/schema.org","@graph":[{"@type":"WebPage","@id":"https:\/\/mylipfiller.com\/a-jax-dazur-pla-pdlla-filler-200mg\/","url":"https:\/\/mylipfiller.com\/a-jax-dazur-pla-pdlla-filler-200mg\/","name":"A-Jax D&#039;azur PLA \/ PDLLA Filler - 200 mg - Comprar en My Lip Filler","isPartOf":{"@id":"https:\/\/mylipfiller.com\/#website"},"primaryImageOfPage":{"@id":"https:\/\/mylipfiller.com\/a-jax-dazur-pla-pdlla-filler-200mg\/#primaryimage"},"image":{"@id":"https:\/\/mylipfiller.com\/a-jax-dazur-pla-pdlla-filler-200mg\/#primaryimage"},"thumbnailUrl":"https:\/\/cdn.mylipfiller.com\/wp-content\/uploads\/2024\/02\/A-Jax-Dazur.jpg","datePublished":"2024-02-21T11:01:14+00:00","dateModified":"2024-04-05T14:48:42+00:00","description":"\u2765Comprar A-Jax D&#039;azur PLA \/ PDLLA Filler \u2013 200mg \u23e9 Tienda online My Lip Filler \u27a6 Garant\u00eda de calidad, rese\u00f1as, ingredientes, \u00a1los mejores precios!","breadcrumb":{"@id":"https:\/\/mylipfiller.com\/a-jax-dazur-pla-pdlla-filler-200mg\/#breadcrumb"},"inLanguage":"es","potentialAction":[{"@type":"ReadAction","target":["https:\/\/mylipfiller.com\/a-jax-dazur-pla-pdlla-filler-200mg\/"]}]},{"@type":"ImageObject","inLanguage":"es","@id":"https:\/\/mylipfiller.com\/a-jax-dazur-pla-pdlla-filler-200mg\/#primaryimage","url":"https:\/\/cdn.mylipfiller.com\/wp-content\/uploads\/2024\/02\/A-Jax-Dazur.jpg","contentUrl":"https:\/\/cdn.mylipfiller.com\/wp-content\/uploads\/2024\/02\/A-Jax-Dazur.jpg","width":600,"height":600,"caption":"A-Jax D'azur"},{"@type":"BreadcrumbList","@id":"https:\/\/mylipfiller.com\/a-jax-dazur-pla-pdlla-filler-200mg\/#breadcrumb","itemListElement":[{"@type":"ListItem","position":1,"name":"Home","item":"https:\/\/mylipfiller.com\/"},{"@type":"ListItem","position":2,"name":"Shop","item":"https:\/\/mylipfiller.com\/shop\/"},{"@type":"ListItem","position":3,"name":"A-Jax D\u2019azur PLA \/ PDLLA Filler \u2013 200mg"}]},{"@type":"WebSite","@id":"https:\/\/mylipfiller.com\/#website","url":"https:\/\/mylipfiller.com\/","name":"Mi relleno de labios","description":"Rellenos d\u00e9rmicos y de labios con \u00e1cido hialur\u00f3nico","publisher":{"@id":"https:\/\/mylipfiller.com\/#organization"},"potentialAction":[{"@type":"SearchAction","target":{"@type":"EntryPoint","urlTemplate":"https:\/\/mylipfiller.com\/?s={search_term_string}"},"query-input":{"@type":"PropertyValueSpecification","valueRequired":true,"valueName":"search_term_string"}}],"inLanguage":"es"},{"@type":"Organization","@id":"https:\/\/mylipfiller.com\/#organization","name":"Mi relleno de labios","url":"https:\/\/mylipfiller.com\/","logo":{"@type":"ImageObject","inLanguage":"es","@id":"https:\/\/mylipfiller.com\/#\/schema\/logo\/image\/","url":"https:\/\/cdn.mylipfiller.com\/wp-content\/uploads\/2019\/02\/cropped-My-Lip-Filler-Logo.png","contentUrl":"https:\/\/cdn.mylipfiller.com\/wp-content\/uploads\/2019\/02\/cropped-My-Lip-Filler-Logo.png","width":240,"height":88,"caption":"My Lip Filler"},"image":{"@id":"https:\/\/mylipfiller.com\/#\/schema\/logo\/image\/"}}]}},"_links":{"self":[{"href":"https:\/\/mylipfiller.com\/es\/wp-json\/wp\/v2\/product\/41511","targetHints":{"allow":["GET"]}}],"collection":[{"href":"https:\/\/mylipfiller.com\/es\/wp-json\/wp\/v2\/product"}],"about":[{"href":"https:\/\/mylipfiller.com\/es\/wp-json\/wp\/v2\/types\/product"}],"wp:featuredmedia":[{"embeddable":true,"href":"https:\/\/mylipfiller.com\/es\/wp-json\/wp\/v2\/media\/41512"}],"wp:attachment":[{"href":"https:\/\/mylipfiller.com\/es\/wp-json\/wp\/v2\/media?parent=41511"}],"wp:term":[{"taxonomy":"product_brand","embeddable":true,"href":"https:\/\/mylipfiller.com\/es\/wp-json\/wp\/v2\/product_brand?post=41511"},{"taxonomy":"product_cat","embeddable":true,"href":"https:\/\/mylipfiller.com\/es\/wp-json\/wp\/v2\/product_cat?post=41511"},{"taxonomy":"product_tag","embeddable":true,"href":"https:\/\/mylipfiller.com\/es\/wp-json\/wp\/v2\/product_tag?post=41511"}],"curies":[{"name":"gracias","href":"https:\/\/api.w.org\/{rel}","templated":true}]}}