{"id":41709,"date":"2024-04-18T15:02:36","date_gmt":"2024-04-18T13:02:36","guid":{"rendered":"https:\/\/mylipfiller.com\/?post_type=product&#038;p=41709"},"modified":"2024-04-18T15:28:22","modified_gmt":"2024-04-18T13:28:22","slug":"gouri-pcl-collagen-booster-1-x-1ml","status":"publish","type":"product","link":"https:\/\/mylipfiller.com\/es\/gouri-pcl-collagen-booster-1-x-1ml\/","title":{"rendered":"Potenciador de col\u00e1geno Gouri PCL (1 x 1 ml)"},"content":{"rendered":"<p>Gouri es el primer estimulante de la piel de este tipo que viene en forma l\u00edquida. Normalmente, los rellenos a base de PCL utilizan part\u00edculas de policaprolactona (un pol\u00edmero biodegradable) suspendidas en gel inyectable, para distribuirlas en la dermis y formar nuevas estructuras celulares de la piel a su alrededor. A diferencia de ese m\u00e9todo, Gouri se basa en la tecnolog\u00eda CESABP, un m\u00e9todo innovador para lograr la colag\u00e9nesis de una manera m\u00e1s natural.<\/p>\n<p>El relleno PCL al estar en forma l\u00edquida permite que los procesos de aplicaci\u00f3n sean mucho m\u00e1s cortos y menos invasivos. Los rellenos de policaprolactona regulares requieren el m\u00e9todo de aplicaci\u00f3n multipunto para distribuir las part\u00edculas de PCL de manera uniforme. Gouring PCL al ser l\u00edquido se puede ajustar despu\u00e9s del procedimiento con un simple masaje.<\/p>\n<h2>Neo-colag\u00e9nesis<\/h2>\n<p>El proceso de s\u00edntesis de col\u00e1geno y eliminaci\u00f3n de arrugas se puede dividir en cuatro pasos principales:<\/p>\n<ol>\n<li>El relleno Gouri PCL se aplica en la piel (frente, alrededor de los ojos, pliegues nasolabiales, mejillas).<\/li>\n<li>Despu\u00e9s del procedimiento, se masajea cuidadosamente la piel para distribuir la policaprolactona l\u00edquida.<\/li>\n<li>Con el tiempo, el PCL se convierte en una nueva matriz 3D alrededor de la cual se generan nuevas c\u00e9lulas de la piel y se estimulan los fibroblastos.<\/li>\n<li>Se logra la colag\u00e9nesis Neo, lo que da como resultado una mejor elasticidad de la piel y un levantamiento notable de los tejidos cut\u00e1neos ca\u00eddos.<\/li>\n<\/ol>\n<p>El tratamiento est\u00e1ndar con relleno de policaprolactona Gouri incluye un total de tres sesiones, espaciadas entre s\u00ed por un mes. Una vez completado el protocolo, es recomendable realizar procedimientos de retoque con Gouri incluso de tres a seis meses, para mantener los resultados de lifting y alisado y mantener la piel joven.<\/p>","protected":false},"excerpt":{"rendered":"<p>Gouri es un revolucionario relleno potenciador de col\u00e1geno con un efecto lifting duradero de la piel y eliminaci\u00f3n natural de las arrugas superficiales, especialmente en el \u00e1rea alrededor de los ojos. Se trata del primer producto l\u00edquido de policaprolactona para estimular la producci\u00f3n de col\u00e1geno, lo que significa una formaci\u00f3n de matriz 3D m\u00e1s r\u00e1pida y resultados m\u00e1s uniformes y naturales en t\u00e9rminos de reducci\u00f3n de arrugas.<\/p>","protected":false},"featured_media":41710,"template":"","meta":{"_acf_changed":false},"product_brand":[],"product_cat":[190,189,18,32],"product_tag":[144,125,111,141,107,143,132,119,127],"class_list":{"0":"post-41709","1":"product","2":"type-product","3":"status-publish","4":"has-post-thumbnail","6":"product_cat-dexlevo","7":"product_cat-gouri","8":"product_cat-mesotherapy","9":"product_cat-soft","10":"product_tag-anti-wrinkle","11":"product_tag-crows-feet","12":"product_tag-face","13":"product_tag-lifting","14":"product_tag-nasolabial-folds","15":"product_tag-rejuvenating","16":"product_tag-sagging-skin","17":"product_tag-up-to-9-months","18":"product_tag-wrinkles-around-the-eyes","20":"first","21":"instock","22":"taxable","23":"shipping-taxable","24":"purchasable","25":"product-type-simple"},"acf":[],"yoast_head":"<!-- This site is optimized with the Yoast SEO plugin v27.3 - https:\/\/yoast.com\/product\/yoast-seo-wordpress\/ -->\n<title>Buy Gouri PCL Collagen Booster (1 x 1ml) - Fillers from My Lip Filler<\/title>\n<meta name=\"description\" content=\"\u2765Buy Gouri PCL Collagen Booster (1 x 1ml) \u23e9 My Lip Filler online store \u27a6 Quality assurance, reviews, ingredients, best prices!\" \/>\n<meta name=\"robots\" content=\"index, follow, max-snippet:-1, max-image-preview:large, max-video-preview:-1\" \/>\n<link rel=\"canonical\" href=\"https:\/\/mylipfiller.com\/es\/gouri-pcl-collagen-booster-1-x-1ml\/\" \/>\n<meta property=\"og:locale\" content=\"es_MX\" \/>\n<meta property=\"og:type\" content=\"article\" \/>\n<meta property=\"og:title\" content=\"Buy Gouri PCL Collagen Booster (1 x 1ml) - Fillers from My Lip Filler\" \/>\n<meta property=\"og:description\" content=\"\u2765Buy Gouri PCL Collagen Booster (1 x 1ml) \u23e9 My Lip Filler online store \u27a6 Quality assurance, reviews, ingredients, best prices!\" \/>\n<meta property=\"og:url\" content=\"https:\/\/mylipfiller.com\/es\/gouri-pcl-collagen-booster-1-x-1ml\/\" \/>\n<meta property=\"og:site_name\" content=\"My Lip Filler\" \/>\n<meta property=\"article:modified_time\" content=\"2024-04-18T13:28:22+00:00\" \/>\n<meta property=\"og:image\" content=\"https:\/\/cdn.mylipfiller.com\/wp-content\/uploads\/2024\/04\/Gouri-Polycaprolactone-PCL.jpg\" \/>\n\t<meta property=\"og:image:width\" content=\"600\" \/>\n\t<meta property=\"og:image:height\" content=\"600\" \/>\n\t<meta property=\"og:image:type\" content=\"image\/jpeg\" \/>\n<meta name=\"twitter:card\" content=\"summary_large_image\" \/>\n<meta name=\"twitter:label1\" content=\"Tiempo de lectura\" \/>\n\t<meta name=\"twitter:data1\" content=\"2 minutos\" \/>\n<script type=\"application\/ld+json\" class=\"yoast-schema-graph\">{\"@context\":\"https:\\\/\\\/schema.org\",\"@graph\":[{\"@type\":\"WebPage\",\"@id\":\"https:\\\/\\\/mylipfiller.com\\\/gouri-pcl-collagen-booster-1-x-1ml\\\/\",\"url\":\"https:\\\/\\\/mylipfiller.com\\\/gouri-pcl-collagen-booster-1-x-1ml\\\/\",\"name\":\"Buy Gouri PCL Collagen Booster (1 x 1ml) - Fillers from My Lip Filler\",\"isPartOf\":{\"@id\":\"https:\\\/\\\/mylipfiller.com\\\/#website\"},\"primaryImageOfPage\":{\"@id\":\"https:\\\/\\\/mylipfiller.com\\\/gouri-pcl-collagen-booster-1-x-1ml\\\/#primaryimage\"},\"image\":{\"@id\":\"https:\\\/\\\/mylipfiller.com\\\/gouri-pcl-collagen-booster-1-x-1ml\\\/#primaryimage\"},\"thumbnailUrl\":\"https:\\\/\\\/mylipfiller.com\\\/wp-content\\\/uploads\\\/2024\\\/04\\\/Gouri-Polycaprolactone-PCL.jpg\",\"datePublished\":\"2024-04-18T13:02:36+00:00\",\"dateModified\":\"2024-04-18T13:28:22+00:00\",\"description\":\"\u2765Buy Gouri PCL Collagen Booster (1 x 1ml) \u23e9 My Lip Filler online store \u27a6 Quality assurance, reviews, ingredients, best prices!\",\"breadcrumb\":{\"@id\":\"https:\\\/\\\/mylipfiller.com\\\/gouri-pcl-collagen-booster-1-x-1ml\\\/#breadcrumb\"},\"inLanguage\":\"es\",\"potentialAction\":[{\"@type\":\"ReadAction\",\"target\":[\"https:\\\/\\\/mylipfiller.com\\\/gouri-pcl-collagen-booster-1-x-1ml\\\/\"]}]},{\"@type\":\"ImageObject\",\"inLanguage\":\"es\",\"@id\":\"https:\\\/\\\/mylipfiller.com\\\/gouri-pcl-collagen-booster-1-x-1ml\\\/#primaryimage\",\"url\":\"https:\\\/\\\/mylipfiller.com\\\/wp-content\\\/uploads\\\/2024\\\/04\\\/Gouri-Polycaprolactone-PCL.jpg\",\"contentUrl\":\"https:\\\/\\\/mylipfiller.com\\\/wp-content\\\/uploads\\\/2024\\\/04\\\/Gouri-Polycaprolactone-PCL.jpg\",\"width\":600,\"height\":600,\"caption\":\"Gouri Polycaprolactone PCL\"},{\"@type\":\"BreadcrumbList\",\"@id\":\"https:\\\/\\\/mylipfiller.com\\\/gouri-pcl-collagen-booster-1-x-1ml\\\/#breadcrumb\",\"itemListElement\":[{\"@type\":\"ListItem\",\"position\":1,\"name\":\"Home\",\"item\":\"https:\\\/\\\/mylipfiller.com\\\/\"},{\"@type\":\"ListItem\",\"position\":2,\"name\":\"Shop\",\"item\":\"https:\\\/\\\/mylipfiller.com\\\/shop\\\/\"},{\"@type\":\"ListItem\",\"position\":3,\"name\":\"Gouri PCL Collagen Booster (1 x 1ml)\"}]},{\"@type\":\"WebSite\",\"@id\":\"https:\\\/\\\/mylipfiller.com\\\/#website\",\"url\":\"https:\\\/\\\/mylipfiller.com\\\/\",\"name\":\"My Lip Filler\",\"description\":\"Hyaluronic Acid Lip and Dermal Fillers\",\"publisher\":{\"@id\":\"https:\\\/\\\/mylipfiller.com\\\/#organization\"},\"potentialAction\":[{\"@type\":\"SearchAction\",\"target\":{\"@type\":\"EntryPoint\",\"urlTemplate\":\"https:\\\/\\\/mylipfiller.com\\\/?s={search_term_string}\"},\"query-input\":{\"@type\":\"PropertyValueSpecification\",\"valueRequired\":true,\"valueName\":\"search_term_string\"}}],\"inLanguage\":\"es\"},{\"@type\":\"Organization\",\"@id\":\"https:\\\/\\\/mylipfiller.com\\\/#organization\",\"name\":\"My Lip Filler\",\"url\":\"https:\\\/\\\/mylipfiller.com\\\/\",\"logo\":{\"@type\":\"ImageObject\",\"inLanguage\":\"es\",\"@id\":\"https:\\\/\\\/mylipfiller.com\\\/#\\\/schema\\\/logo\\\/image\\\/\",\"url\":\"https:\\\/\\\/mylipfiller.com\\\/wp-content\\\/uploads\\\/2019\\\/02\\\/cropped-My-Lip-Filler-Logo.png\",\"contentUrl\":\"https:\\\/\\\/mylipfiller.com\\\/wp-content\\\/uploads\\\/2019\\\/02\\\/cropped-My-Lip-Filler-Logo.png\",\"width\":240,\"height\":88,\"caption\":\"My Lip Filler\"},\"image\":{\"@id\":\"https:\\\/\\\/mylipfiller.com\\\/#\\\/schema\\\/logo\\\/image\\\/\"}}]}<\/script>\n<!-- \/ Yoast SEO plugin. -->","yoast_head_json":{"title":"Compre Gouri PCL Collagen Booster (1 x 1 ml) - Rellenos de My Lip Filler","description":"\u2765Comprar Gouri PCL Collagen Booster (1 x 1ml) \u23e9 Tienda online My Lip Filler \u27a6 Garant\u00eda de calidad, rese\u00f1as, ingredientes, \u00a1los mejores precios!","robots":{"index":"index","follow":"follow","max-snippet":"max-snippet:-1","max-image-preview":"max-image-preview:large","max-video-preview":"max-video-preview:-1"},"canonical":"https:\/\/mylipfiller.com\/es\/gouri-pcl-collagen-booster-1-x-1ml\/","og_locale":"es_MX","og_type":"article","og_title":"Buy Gouri PCL Collagen Booster (1 x 1ml) - Fillers from My Lip Filler","og_description":"\u2765Buy Gouri PCL Collagen Booster (1 x 1ml) \u23e9 My Lip Filler online store \u27a6 Quality assurance, reviews, ingredients, best prices!","og_url":"https:\/\/mylipfiller.com\/es\/gouri-pcl-collagen-booster-1-x-1ml\/","og_site_name":"My Lip Filler","article_modified_time":"2024-04-18T13:28:22+00:00","og_image":[{"width":600,"height":600,"url":"https:\/\/cdn.mylipfiller.com\/wp-content\/uploads\/2024\/04\/Gouri-Polycaprolactone-PCL.jpg","type":"image\/jpeg"}],"twitter_card":"summary_large_image","twitter_misc":{"Tiempo de lectura":"2 minutos"},"schema":{"@context":"https:\/\/schema.org","@graph":[{"@type":"WebPage","@id":"https:\/\/mylipfiller.com\/gouri-pcl-collagen-booster-1-x-1ml\/","url":"https:\/\/mylipfiller.com\/gouri-pcl-collagen-booster-1-x-1ml\/","name":"Compre Gouri PCL Collagen Booster (1 x 1 ml) - Rellenos de My Lip Filler","isPartOf":{"@id":"https:\/\/mylipfiller.com\/#website"},"primaryImageOfPage":{"@id":"https:\/\/mylipfiller.com\/gouri-pcl-collagen-booster-1-x-1ml\/#primaryimage"},"image":{"@id":"https:\/\/mylipfiller.com\/gouri-pcl-collagen-booster-1-x-1ml\/#primaryimage"},"thumbnailUrl":"https:\/\/cdn.mylipfiller.com\/wp-content\/uploads\/2024\/04\/Gouri-Polycaprolactone-PCL.jpg","datePublished":"2024-04-18T13:02:36+00:00","dateModified":"2024-04-18T13:28:22+00:00","description":"\u2765Comprar Gouri PCL Collagen Booster (1 x 1ml) \u23e9 Tienda online My Lip Filler \u27a6 Garant\u00eda de calidad, rese\u00f1as, ingredientes, \u00a1los mejores precios!","breadcrumb":{"@id":"https:\/\/mylipfiller.com\/gouri-pcl-collagen-booster-1-x-1ml\/#breadcrumb"},"inLanguage":"es","potentialAction":[{"@type":"ReadAction","target":["https:\/\/mylipfiller.com\/gouri-pcl-collagen-booster-1-x-1ml\/"]}]},{"@type":"ImageObject","inLanguage":"es","@id":"https:\/\/mylipfiller.com\/gouri-pcl-collagen-booster-1-x-1ml\/#primaryimage","url":"https:\/\/cdn.mylipfiller.com\/wp-content\/uploads\/2024\/04\/Gouri-Polycaprolactone-PCL.jpg","contentUrl":"https:\/\/cdn.mylipfiller.com\/wp-content\/uploads\/2024\/04\/Gouri-Polycaprolactone-PCL.jpg","width":600,"height":600,"caption":"Gouri Polycaprolactone PCL"},{"@type":"BreadcrumbList","@id":"https:\/\/mylipfiller.com\/gouri-pcl-collagen-booster-1-x-1ml\/#breadcrumb","itemListElement":[{"@type":"ListItem","position":1,"name":"Home","item":"https:\/\/mylipfiller.com\/"},{"@type":"ListItem","position":2,"name":"Shop","item":"https:\/\/mylipfiller.com\/shop\/"},{"@type":"ListItem","position":3,"name":"Gouri PCL Collagen Booster (1 x 1ml)"}]},{"@type":"WebSite","@id":"https:\/\/mylipfiller.com\/#website","url":"https:\/\/mylipfiller.com\/","name":"Mi relleno de labios","description":"Rellenos d\u00e9rmicos y de labios con \u00e1cido hialur\u00f3nico","publisher":{"@id":"https:\/\/mylipfiller.com\/#organization"},"potentialAction":[{"@type":"SearchAction","target":{"@type":"EntryPoint","urlTemplate":"https:\/\/mylipfiller.com\/?s={search_term_string}"},"query-input":{"@type":"PropertyValueSpecification","valueRequired":true,"valueName":"search_term_string"}}],"inLanguage":"es"},{"@type":"Organization","@id":"https:\/\/mylipfiller.com\/#organization","name":"Mi relleno de labios","url":"https:\/\/mylipfiller.com\/","logo":{"@type":"ImageObject","inLanguage":"es","@id":"https:\/\/mylipfiller.com\/#\/schema\/logo\/image\/","url":"https:\/\/cdn.mylipfiller.com\/wp-content\/uploads\/2019\/02\/cropped-My-Lip-Filler-Logo.png","contentUrl":"https:\/\/cdn.mylipfiller.com\/wp-content\/uploads\/2019\/02\/cropped-My-Lip-Filler-Logo.png","width":240,"height":88,"caption":"My Lip Filler"},"image":{"@id":"https:\/\/mylipfiller.com\/#\/schema\/logo\/image\/"}}]}},"_links":{"self":[{"href":"https:\/\/mylipfiller.com\/es\/wp-json\/wp\/v2\/product\/41709","targetHints":{"allow":["GET"]}}],"collection":[{"href":"https:\/\/mylipfiller.com\/es\/wp-json\/wp\/v2\/product"}],"about":[{"href":"https:\/\/mylipfiller.com\/es\/wp-json\/wp\/v2\/types\/product"}],"wp:featuredmedia":[{"embeddable":true,"href":"https:\/\/mylipfiller.com\/es\/wp-json\/wp\/v2\/media\/41710"}],"wp:attachment":[{"href":"https:\/\/mylipfiller.com\/es\/wp-json\/wp\/v2\/media?parent=41709"}],"wp:term":[{"taxonomy":"product_brand","embeddable":true,"href":"https:\/\/mylipfiller.com\/es\/wp-json\/wp\/v2\/product_brand?post=41709"},{"taxonomy":"product_cat","embeddable":true,"href":"https:\/\/mylipfiller.com\/es\/wp-json\/wp\/v2\/product_cat?post=41709"},{"taxonomy":"product_tag","embeddable":true,"href":"https:\/\/mylipfiller.com\/es\/wp-json\/wp\/v2\/product_tag?post=41709"}],"curies":[{"name":"gracias","href":"https:\/\/api.w.org\/{rel}","templated":true}]}}