{"id":41725,"date":"2024-04-25T19:11:19","date_gmt":"2024-04-25T17:11:19","guid":{"rendered":"https:\/\/mylipfiller.com\/?post_type=product&#038;p=41725"},"modified":"2024-05-10T18:38:41","modified_gmt":"2024-05-10T16:38:41","slug":"nexfill-fine-1-x-1ml","status":"publish","type":"product","link":"https:\/\/mylipfiller.com\/es\/nexfill-fine-1-x-1ml\/","title":{"rendered":"Nexfill Fino (1 x 1ml)"},"content":{"rendered":"<p>La marca Nexfill es uno de los rellenos d\u00e9rmicos coreanos selectos que cuentan con la certificaci\u00f3n CE y cumplen con los altos est\u00e1ndares de calidad y seguridad establecidos en Europa, coincidiendo con las marcas europeas premium. Nexfill, un reci\u00e9n llegado al mercado, es tan bueno como nombres m\u00e1s reconocibles de soluciones de relleno de Corea. Nexfill Fine, en particular, es un equivalente a:<\/p>\n<ul>\n<li>Revolax bien<\/li>\n<li>Rejeunesse bien<\/li>\n<li>Dermalax Bien<\/li>\n<\/ul>\n<p>Es un relleno con concentraci\u00f3n de \u00e1cido hialur\u00f3nico de 24 mg\/ml, que puede utilizarse en las siguientes zonas del rostro, con la mayor eficacia del tratamiento anti-edad:<\/p>\n<ul>\n<li>L\u00edneas de la frente<\/li>\n<li>patas de gallo<\/li>\n<li>L\u00edneas de glabela<\/li>\n<li>L\u00edneas del cuello<\/li>\n<li>Debajo del ojo (para restaurar el volumen)<\/li>\n<li>Romper<\/li>\n<\/ul>\n<p>Elaborado a partir de \u00e1cido hialur\u00f3nico monof\u00e1sico purificado, Nexfill Fine tiene una uniformidad suprema del gel. Esto da como resultado resultados y distribuci\u00f3n del gel mejorados y m\u00e1s uniformes y una mejor apariencia general de la persona que est\u00e1 siendo tratada. Tambi\u00e9n es notable el proceso de reticulaci\u00f3n especial utilizado en la fabricaci\u00f3n, que garantiza que no haya agentes reticulantes de BDDE libres en el producto final, lo que hace que sea muy seguro y biocompatible.<\/p>\n<p>El gel uniforme tambi\u00e9n es m\u00e1s f\u00e1cil de aplicar y mejora la comodidad general del paciente. Para una experiencia a\u00fan mejor, Nexfill Fine contiene lidoca\u00edna 0,3%, que reduce al m\u00ednimo el malestar general.<\/p>","protected":false},"excerpt":{"rendered":"<p>Nexfill Fine, que lleva la calidad superior al mercado econ\u00f3mico, es un relleno d\u00e9rmico vers\u00e1til y f\u00e1cil de usar, dise\u00f1ado espec\u00edficamente para la correcci\u00f3n y eliminaci\u00f3n inmediata de depresiones cut\u00e1neas poco profundas y superficiales. Arrugas y pliegues cut\u00e1neos de poca profundidad, adem\u00e1s de recuperar el volumen en la zona de los ojos y eliminar las arrugas del cuello, con un efecto prolongado de tres a seis meses.<\/p>","protected":false},"featured_media":41730,"template":"","meta":{"_acf_changed":false},"product_brand":[],"product_cat":[191,192,32],"product_tag":[144,125,111,126,151,117,129,113,108,148,116],"class_list":{"0":"post-41725","1":"product","2":"type-product","3":"status-publish","4":"has-post-thumbnail","6":"product_cat-nex","7":"product_cat-nexus-pharma","8":"product_cat-soft","9":"product_tag-anti-wrinkle","10":"product_tag-crows-feet","11":"product_tag-face","12":"product_tag-fine-lines","13":"product_tag-hyaluronic-acid-ha-fillers","14":"product_tag-low-density","15":"product_tag-neck-wrinkles","16":"product_tag-periorbital-area","17":"product_tag-under-eye","18":"product_tag-upper-dermis","19":"product_tag-with-lidocaine","21":"first","22":"instock","23":"taxable","24":"shipping-taxable","25":"purchasable","26":"product-type-simple"},"acf":[],"yoast_head":"<!-- This site is optimized with the Yoast SEO plugin v27.3 - https:\/\/yoast.com\/product\/yoast-seo-wordpress\/ -->\n<title>Buy Nexfill Fine (1 x 1ml) - Fillers from My Lip Filler<\/title>\n<meta name=\"description\" content=\"\u2765Buy Nexfill Fine (1 x 1ml) \u23e9 My Lip Filler online store \u27a6 Quality assurance, reviews, ingredients, best prices!\" \/>\n<meta name=\"robots\" content=\"index, follow, max-snippet:-1, max-image-preview:large, max-video-preview:-1\" \/>\n<link rel=\"canonical\" href=\"https:\/\/mylipfiller.com\/es\/nexfill-fine-1-x-1ml\/\" \/>\n<meta property=\"og:locale\" content=\"es_MX\" \/>\n<meta property=\"og:type\" content=\"article\" \/>\n<meta property=\"og:title\" content=\"Buy Nexfill Fine (1 x 1ml) - Fillers from My Lip Filler\" \/>\n<meta property=\"og:description\" content=\"\u2765Buy Nexfill Fine (1 x 1ml) \u23e9 My Lip Filler online store \u27a6 Quality assurance, reviews, ingredients, best prices!\" \/>\n<meta property=\"og:url\" content=\"https:\/\/mylipfiller.com\/es\/nexfill-fine-1-x-1ml\/\" \/>\n<meta property=\"og:site_name\" content=\"My Lip Filler\" \/>\n<meta property=\"article:modified_time\" content=\"2024-05-10T16:38:41+00:00\" \/>\n<meta property=\"og:image\" content=\"https:\/\/cdn.mylipfiller.com\/wp-content\/uploads\/2024\/04\/Nexfill-Fine.jpg\" \/>\n\t<meta property=\"og:image:width\" content=\"600\" \/>\n\t<meta property=\"og:image:height\" content=\"600\" \/>\n\t<meta property=\"og:image:type\" content=\"image\/jpeg\" \/>\n<meta name=\"twitter:card\" content=\"summary_large_image\" \/>\n<meta name=\"twitter:label1\" content=\"Tiempo de lectura\" \/>\n\t<meta name=\"twitter:data1\" content=\"1 minuto\" \/>\n<script type=\"application\/ld+json\" class=\"yoast-schema-graph\">{\"@context\":\"https:\\\/\\\/schema.org\",\"@graph\":[{\"@type\":\"WebPage\",\"@id\":\"https:\\\/\\\/mylipfiller.com\\\/nexfill-fine-1-x-1ml\\\/\",\"url\":\"https:\\\/\\\/mylipfiller.com\\\/nexfill-fine-1-x-1ml\\\/\",\"name\":\"Buy Nexfill Fine (1 x 1ml) - Fillers from My Lip Filler\",\"isPartOf\":{\"@id\":\"https:\\\/\\\/mylipfiller.com\\\/#website\"},\"primaryImageOfPage\":{\"@id\":\"https:\\\/\\\/mylipfiller.com\\\/nexfill-fine-1-x-1ml\\\/#primaryimage\"},\"image\":{\"@id\":\"https:\\\/\\\/mylipfiller.com\\\/nexfill-fine-1-x-1ml\\\/#primaryimage\"},\"thumbnailUrl\":\"https:\\\/\\\/mylipfiller.com\\\/wp-content\\\/uploads\\\/2024\\\/04\\\/Nexfill-Fine.jpg\",\"datePublished\":\"2024-04-25T17:11:19+00:00\",\"dateModified\":\"2024-05-10T16:38:41+00:00\",\"description\":\"\u2765Buy Nexfill Fine (1 x 1ml) \u23e9 My Lip Filler online store \u27a6 Quality assurance, reviews, ingredients, best prices!\",\"breadcrumb\":{\"@id\":\"https:\\\/\\\/mylipfiller.com\\\/nexfill-fine-1-x-1ml\\\/#breadcrumb\"},\"inLanguage\":\"es\",\"potentialAction\":[{\"@type\":\"ReadAction\",\"target\":[\"https:\\\/\\\/mylipfiller.com\\\/nexfill-fine-1-x-1ml\\\/\"]}]},{\"@type\":\"ImageObject\",\"inLanguage\":\"es\",\"@id\":\"https:\\\/\\\/mylipfiller.com\\\/nexfill-fine-1-x-1ml\\\/#primaryimage\",\"url\":\"https:\\\/\\\/mylipfiller.com\\\/wp-content\\\/uploads\\\/2024\\\/04\\\/Nexfill-Fine.jpg\",\"contentUrl\":\"https:\\\/\\\/mylipfiller.com\\\/wp-content\\\/uploads\\\/2024\\\/04\\\/Nexfill-Fine.jpg\",\"width\":600,\"height\":600,\"caption\":\"Nexfill Fine\"},{\"@type\":\"BreadcrumbList\",\"@id\":\"https:\\\/\\\/mylipfiller.com\\\/nexfill-fine-1-x-1ml\\\/#breadcrumb\",\"itemListElement\":[{\"@type\":\"ListItem\",\"position\":1,\"name\":\"Home\",\"item\":\"https:\\\/\\\/mylipfiller.com\\\/\"},{\"@type\":\"ListItem\",\"position\":2,\"name\":\"Shop\",\"item\":\"https:\\\/\\\/mylipfiller.com\\\/shop\\\/\"},{\"@type\":\"ListItem\",\"position\":3,\"name\":\"Nexfill Fine (1 x 1ml)\"}]},{\"@type\":\"WebSite\",\"@id\":\"https:\\\/\\\/mylipfiller.com\\\/#website\",\"url\":\"https:\\\/\\\/mylipfiller.com\\\/\",\"name\":\"My Lip Filler\",\"description\":\"Hyaluronic Acid Lip and Dermal Fillers\",\"publisher\":{\"@id\":\"https:\\\/\\\/mylipfiller.com\\\/#organization\"},\"potentialAction\":[{\"@type\":\"SearchAction\",\"target\":{\"@type\":\"EntryPoint\",\"urlTemplate\":\"https:\\\/\\\/mylipfiller.com\\\/?s={search_term_string}\"},\"query-input\":{\"@type\":\"PropertyValueSpecification\",\"valueRequired\":true,\"valueName\":\"search_term_string\"}}],\"inLanguage\":\"es\"},{\"@type\":\"Organization\",\"@id\":\"https:\\\/\\\/mylipfiller.com\\\/#organization\",\"name\":\"My Lip Filler\",\"url\":\"https:\\\/\\\/mylipfiller.com\\\/\",\"logo\":{\"@type\":\"ImageObject\",\"inLanguage\":\"es\",\"@id\":\"https:\\\/\\\/mylipfiller.com\\\/#\\\/schema\\\/logo\\\/image\\\/\",\"url\":\"https:\\\/\\\/mylipfiller.com\\\/wp-content\\\/uploads\\\/2019\\\/02\\\/cropped-My-Lip-Filler-Logo.png\",\"contentUrl\":\"https:\\\/\\\/mylipfiller.com\\\/wp-content\\\/uploads\\\/2019\\\/02\\\/cropped-My-Lip-Filler-Logo.png\",\"width\":240,\"height\":88,\"caption\":\"My Lip Filler\"},\"image\":{\"@id\":\"https:\\\/\\\/mylipfiller.com\\\/#\\\/schema\\\/logo\\\/image\\\/\"}}]}<\/script>\n<!-- \/ Yoast SEO plugin. -->","yoast_head_json":{"title":"Comprar Nexfill Fine (1 x 1ml) - Rellenos de My Lip Filler","description":"\u2765Comprar Nexfill Fine (1 x 1ml) \u23e9 Tienda online My Lip Filler \u27a6 Garant\u00eda de calidad, rese\u00f1as, ingredientes, \u00a1los mejores precios!","robots":{"index":"index","follow":"follow","max-snippet":"max-snippet:-1","max-image-preview":"max-image-preview:large","max-video-preview":"max-video-preview:-1"},"canonical":"https:\/\/mylipfiller.com\/es\/nexfill-fine-1-x-1ml\/","og_locale":"es_MX","og_type":"article","og_title":"Buy Nexfill Fine (1 x 1ml) - Fillers from My Lip Filler","og_description":"\u2765Buy Nexfill Fine (1 x 1ml) \u23e9 My Lip Filler online store \u27a6 Quality assurance, reviews, ingredients, best prices!","og_url":"https:\/\/mylipfiller.com\/es\/nexfill-fine-1-x-1ml\/","og_site_name":"My Lip Filler","article_modified_time":"2024-05-10T16:38:41+00:00","og_image":[{"width":600,"height":600,"url":"https:\/\/cdn.mylipfiller.com\/wp-content\/uploads\/2024\/04\/Nexfill-Fine.jpg","type":"image\/jpeg"}],"twitter_card":"summary_large_image","twitter_misc":{"Tiempo de lectura":"1 minuto"},"schema":{"@context":"https:\/\/schema.org","@graph":[{"@type":"WebPage","@id":"https:\/\/mylipfiller.com\/nexfill-fine-1-x-1ml\/","url":"https:\/\/mylipfiller.com\/nexfill-fine-1-x-1ml\/","name":"Comprar Nexfill Fine (1 x 1ml) - Rellenos de My Lip Filler","isPartOf":{"@id":"https:\/\/mylipfiller.com\/#website"},"primaryImageOfPage":{"@id":"https:\/\/mylipfiller.com\/nexfill-fine-1-x-1ml\/#primaryimage"},"image":{"@id":"https:\/\/mylipfiller.com\/nexfill-fine-1-x-1ml\/#primaryimage"},"thumbnailUrl":"https:\/\/cdn.mylipfiller.com\/wp-content\/uploads\/2024\/04\/Nexfill-Fine.jpg","datePublished":"2024-04-25T17:11:19+00:00","dateModified":"2024-05-10T16:38:41+00:00","description":"\u2765Comprar Nexfill Fine (1 x 1ml) \u23e9 Tienda online My Lip Filler \u27a6 Garant\u00eda de calidad, rese\u00f1as, ingredientes, \u00a1los mejores precios!","breadcrumb":{"@id":"https:\/\/mylipfiller.com\/nexfill-fine-1-x-1ml\/#breadcrumb"},"inLanguage":"es","potentialAction":[{"@type":"ReadAction","target":["https:\/\/mylipfiller.com\/nexfill-fine-1-x-1ml\/"]}]},{"@type":"ImageObject","inLanguage":"es","@id":"https:\/\/mylipfiller.com\/nexfill-fine-1-x-1ml\/#primaryimage","url":"https:\/\/cdn.mylipfiller.com\/wp-content\/uploads\/2024\/04\/Nexfill-Fine.jpg","contentUrl":"https:\/\/cdn.mylipfiller.com\/wp-content\/uploads\/2024\/04\/Nexfill-Fine.jpg","width":600,"height":600,"caption":"Nexfill Fine"},{"@type":"BreadcrumbList","@id":"https:\/\/mylipfiller.com\/nexfill-fine-1-x-1ml\/#breadcrumb","itemListElement":[{"@type":"ListItem","position":1,"name":"Home","item":"https:\/\/mylipfiller.com\/"},{"@type":"ListItem","position":2,"name":"Shop","item":"https:\/\/mylipfiller.com\/shop\/"},{"@type":"ListItem","position":3,"name":"Nexfill Fine (1 x 1ml)"}]},{"@type":"WebSite","@id":"https:\/\/mylipfiller.com\/#website","url":"https:\/\/mylipfiller.com\/","name":"Mi relleno de labios","description":"Rellenos d\u00e9rmicos y de labios con \u00e1cido hialur\u00f3nico","publisher":{"@id":"https:\/\/mylipfiller.com\/#organization"},"potentialAction":[{"@type":"SearchAction","target":{"@type":"EntryPoint","urlTemplate":"https:\/\/mylipfiller.com\/?s={search_term_string}"},"query-input":{"@type":"PropertyValueSpecification","valueRequired":true,"valueName":"search_term_string"}}],"inLanguage":"es"},{"@type":"Organization","@id":"https:\/\/mylipfiller.com\/#organization","name":"Mi relleno de labios","url":"https:\/\/mylipfiller.com\/","logo":{"@type":"ImageObject","inLanguage":"es","@id":"https:\/\/mylipfiller.com\/#\/schema\/logo\/image\/","url":"https:\/\/cdn.mylipfiller.com\/wp-content\/uploads\/2019\/02\/cropped-My-Lip-Filler-Logo.png","contentUrl":"https:\/\/cdn.mylipfiller.com\/wp-content\/uploads\/2019\/02\/cropped-My-Lip-Filler-Logo.png","width":240,"height":88,"caption":"My Lip Filler"},"image":{"@id":"https:\/\/mylipfiller.com\/#\/schema\/logo\/image\/"}}]}},"_links":{"self":[{"href":"https:\/\/mylipfiller.com\/es\/wp-json\/wp\/v2\/product\/41725","targetHints":{"allow":["GET"]}}],"collection":[{"href":"https:\/\/mylipfiller.com\/es\/wp-json\/wp\/v2\/product"}],"about":[{"href":"https:\/\/mylipfiller.com\/es\/wp-json\/wp\/v2\/types\/product"}],"wp:featuredmedia":[{"embeddable":true,"href":"https:\/\/mylipfiller.com\/es\/wp-json\/wp\/v2\/media\/41730"}],"wp:attachment":[{"href":"https:\/\/mylipfiller.com\/es\/wp-json\/wp\/v2\/media?parent=41725"}],"wp:term":[{"taxonomy":"product_brand","embeddable":true,"href":"https:\/\/mylipfiller.com\/es\/wp-json\/wp\/v2\/product_brand?post=41725"},{"taxonomy":"product_cat","embeddable":true,"href":"https:\/\/mylipfiller.com\/es\/wp-json\/wp\/v2\/product_cat?post=41725"},{"taxonomy":"product_tag","embeddable":true,"href":"https:\/\/mylipfiller.com\/es\/wp-json\/wp\/v2\/product_tag?post=41725"}],"curies":[{"name":"gracias","href":"https:\/\/api.w.org\/{rel}","templated":true}]}}