{"id":41726,"date":"2024-04-25T19:10:44","date_gmt":"2024-04-25T17:10:44","guid":{"rendered":"https:\/\/mylipfiller.com\/?post_type=product&#038;p=41726"},"modified":"2024-05-10T18:38:41","modified_gmt":"2024-05-10T16:38:41","slug":"nexfill-deep-1-x-1ml","status":"publish","type":"product","link":"https:\/\/mylipfiller.com\/es\/nexfill-deep-1-x-1ml\/","title":{"rendered":"Nexfill Profundo (1 x 1ml)"},"content":{"rendered":"<p>Si bien soluciones m\u00e1s populares como Revolax Deep, Rejeunese Deep o Dermalax Deep Plus se han convertido en productos emblem\u00e1ticos de la industria de la belleza coreana, cuando se trata de rellenos d\u00e9rmicos, la marca Nexfill est\u00e1 ganando terreno. Habiendo obtenido la certificaci\u00f3n CE completa, ya es una marca global en s\u00ed misma.<\/p>\n<p>Nexfill Deep en particular es un nombre popular entre los dermat\u00f3logos y otros profesionales autorizados que necesitan soluciones duraderas y confiables de relleno para la parte media del rostro y los labios, que se utilizan para ayudar con:<\/p>\n<ul>\n<li>Agregar volumen a los labios<\/li>\n<li>Contornear los labios<\/li>\n<li>Relleno de los pliegues nasolabiales<\/li>\n<li>Haciendo una rinoplastia menor<\/li>\n<li>Dar forma y dar volumen al ment\u00f3n<\/li>\n<\/ul>\n<p>En muchos sentidos, es un relleno t\u00edpico de \u00e1cido hialur\u00f3nico de densidad media, pero se hace mejor que la mayor\u00eda de las otras alternativas de Corea. Cada paquete viene con 1 ml de gel de alta calidad con la concentraci\u00f3n est\u00e1ndar de HA para rellenos coreanos de 24 mg\/ml y lidoca\u00edna 0,3%, para reducir las molestias del procedimiento.<\/p>\n<p>En cuanto al aspecto t\u00e9cnico, Nexfill Deep es una masilla monof\u00e1sica, en un mercado saturado de soluciones bif\u00e1sicas. El gel Hialur\u00f3nico es m\u00e1s uniforme, lo que significa que es m\u00e1s f\u00e1cil de trabajar, genera menos molestias y da resultados m\u00e1s uniformes y naturales.<\/p>\n<p>Los residuos de BDDE son pr\u00e1cticamente inexistentes: mediante compresi\u00f3n por vibraci\u00f3n, se utilizan todos los agentes reticulantes de BDDE y no quedan part\u00edculas libres en el gel.<\/p>","protected":false},"excerpt":{"rendered":"<p>Nexfill Deep, un relleno monof\u00e1sico con uniformidad mejorada del gel, es un producto HA de densidad media, destinado a la correcci\u00f3n de depresiones cut\u00e1neas de moderadas a profundas. Tambi\u00e9n es uno de los mejores rellenos de labios coreanos y uno con certificaci\u00f3n CE completa, que iguala la calidad de las marcas europeas premium y cumple con los mismos altos est\u00e1ndares de seguridad.<\/p>","protected":false},"featured_media":41729,"template":"","meta":{"_acf_changed":false},"product_brand":[],"product_cat":[33,191,192],"product_tag":[114,111,151,133,107,135,134,137,120,116],"class_list":{"0":"post-41726","1":"product","2":"type-product","3":"status-publish","4":"has-post-thumbnail","6":"product_cat-lip","7":"product_cat-nex","8":"product_cat-nexus-pharma","9":"product_tag-chin","10":"product_tag-face","11":"product_tag-hyaluronic-acid-ha-fillers","12":"product_tag-marionette-lines","13":"product_tag-nasolabial-folds","14":"product_tag-small-chin","15":"product_tag-small-lips","16":"product_tag-south-korea","17":"product_tag-up-to-12-months","18":"product_tag-with-lidocaine","20":"first","21":"instock","22":"taxable","23":"shipping-taxable","24":"purchasable","25":"product-type-simple"},"acf":[],"yoast_head":"<!-- This site is optimized with the Yoast SEO plugin v27.4 - https:\/\/yoast.com\/product\/yoast-seo-wordpress\/ -->\n<title>Buy Nexfill Deep (1 x 1ml) - Fillers from My Lip Filler<\/title>\n<meta name=\"description\" content=\"\u2765Buy Nexfill Deep (1 x 1ml) \u23e9 My Lip Filler online store \u27a6 Quality assurance, reviews, ingredients, best prices!\" \/>\n<meta name=\"robots\" content=\"index, follow, max-snippet:-1, max-image-preview:large, max-video-preview:-1\" \/>\n<link rel=\"canonical\" href=\"https:\/\/mylipfiller.com\/es\/nexfill-deep-1-x-1ml\/\" \/>\n<meta property=\"og:locale\" content=\"es_MX\" \/>\n<meta property=\"og:type\" content=\"article\" \/>\n<meta property=\"og:title\" content=\"Buy Nexfill Deep (1 x 1ml) - Fillers from My Lip Filler\" \/>\n<meta property=\"og:description\" content=\"\u2765Buy Nexfill Deep (1 x 1ml) \u23e9 My Lip Filler online store \u27a6 Quality assurance, reviews, ingredients, best prices!\" \/>\n<meta property=\"og:url\" content=\"https:\/\/mylipfiller.com\/es\/nexfill-deep-1-x-1ml\/\" \/>\n<meta property=\"og:site_name\" content=\"My Lip Filler\" \/>\n<meta property=\"article:modified_time\" content=\"2024-05-10T16:38:41+00:00\" \/>\n<meta property=\"og:image\" content=\"https:\/\/cdn.mylipfiller.com\/wp-content\/uploads\/2024\/04\/Nexfill-Deep.jpg\" \/>\n\t<meta property=\"og:image:width\" content=\"600\" \/>\n\t<meta property=\"og:image:height\" content=\"600\" \/>\n\t<meta property=\"og:image:type\" content=\"image\/jpeg\" \/>\n<meta name=\"twitter:card\" content=\"summary_large_image\" \/>\n<meta name=\"twitter:label1\" content=\"Tiempo de lectura\" \/>\n\t<meta name=\"twitter:data1\" content=\"1 minuto\" \/>\n<script type=\"application\/ld+json\" class=\"yoast-schema-graph\">{\"@context\":\"https:\\\/\\\/schema.org\",\"@graph\":[{\"@type\":\"WebPage\",\"@id\":\"https:\\\/\\\/mylipfiller.com\\\/nexfill-deep-1-x-1ml\\\/\",\"url\":\"https:\\\/\\\/mylipfiller.com\\\/nexfill-deep-1-x-1ml\\\/\",\"name\":\"Buy Nexfill Deep (1 x 1ml) - Fillers from My Lip Filler\",\"isPartOf\":{\"@id\":\"https:\\\/\\\/mylipfiller.com\\\/#website\"},\"primaryImageOfPage\":{\"@id\":\"https:\\\/\\\/mylipfiller.com\\\/nexfill-deep-1-x-1ml\\\/#primaryimage\"},\"image\":{\"@id\":\"https:\\\/\\\/mylipfiller.com\\\/nexfill-deep-1-x-1ml\\\/#primaryimage\"},\"thumbnailUrl\":\"https:\\\/\\\/mylipfiller.com\\\/wp-content\\\/uploads\\\/2024\\\/04\\\/Nexfill-Deep.jpg\",\"datePublished\":\"2024-04-25T17:10:44+00:00\",\"dateModified\":\"2024-05-10T16:38:41+00:00\",\"description\":\"\u2765Buy Nexfill Deep (1 x 1ml) \u23e9 My Lip Filler online store \u27a6 Quality assurance, reviews, ingredients, best prices!\",\"breadcrumb\":{\"@id\":\"https:\\\/\\\/mylipfiller.com\\\/nexfill-deep-1-x-1ml\\\/#breadcrumb\"},\"inLanguage\":\"es\",\"potentialAction\":[{\"@type\":\"ReadAction\",\"target\":[\"https:\\\/\\\/mylipfiller.com\\\/nexfill-deep-1-x-1ml\\\/\"]}]},{\"@type\":\"ImageObject\",\"inLanguage\":\"es\",\"@id\":\"https:\\\/\\\/mylipfiller.com\\\/nexfill-deep-1-x-1ml\\\/#primaryimage\",\"url\":\"https:\\\/\\\/mylipfiller.com\\\/wp-content\\\/uploads\\\/2024\\\/04\\\/Nexfill-Deep.jpg\",\"contentUrl\":\"https:\\\/\\\/mylipfiller.com\\\/wp-content\\\/uploads\\\/2024\\\/04\\\/Nexfill-Deep.jpg\",\"width\":600,\"height\":600,\"caption\":\"Nexfill Deep\"},{\"@type\":\"BreadcrumbList\",\"@id\":\"https:\\\/\\\/mylipfiller.com\\\/nexfill-deep-1-x-1ml\\\/#breadcrumb\",\"itemListElement\":[{\"@type\":\"ListItem\",\"position\":1,\"name\":\"Home\",\"item\":\"https:\\\/\\\/mylipfiller.com\\\/\"},{\"@type\":\"ListItem\",\"position\":2,\"name\":\"Shop\",\"item\":\"https:\\\/\\\/mylipfiller.com\\\/shop\\\/\"},{\"@type\":\"ListItem\",\"position\":3,\"name\":\"Nexfill Deep (1 x 1ml)\"}]},{\"@type\":\"WebSite\",\"@id\":\"https:\\\/\\\/mylipfiller.com\\\/#website\",\"url\":\"https:\\\/\\\/mylipfiller.com\\\/\",\"name\":\"My Lip Filler\",\"description\":\"Hyaluronic Acid Lip and Dermal Fillers\",\"publisher\":{\"@id\":\"https:\\\/\\\/mylipfiller.com\\\/#organization\"},\"potentialAction\":[{\"@type\":\"SearchAction\",\"target\":{\"@type\":\"EntryPoint\",\"urlTemplate\":\"https:\\\/\\\/mylipfiller.com\\\/?s={search_term_string}\"},\"query-input\":{\"@type\":\"PropertyValueSpecification\",\"valueRequired\":true,\"valueName\":\"search_term_string\"}}],\"inLanguage\":\"es\"},{\"@type\":\"Organization\",\"@id\":\"https:\\\/\\\/mylipfiller.com\\\/#organization\",\"name\":\"My Lip Filler\",\"url\":\"https:\\\/\\\/mylipfiller.com\\\/\",\"logo\":{\"@type\":\"ImageObject\",\"inLanguage\":\"es\",\"@id\":\"https:\\\/\\\/mylipfiller.com\\\/#\\\/schema\\\/logo\\\/image\\\/\",\"url\":\"https:\\\/\\\/mylipfiller.com\\\/wp-content\\\/uploads\\\/2019\\\/02\\\/cropped-My-Lip-Filler-Logo.png\",\"contentUrl\":\"https:\\\/\\\/mylipfiller.com\\\/wp-content\\\/uploads\\\/2019\\\/02\\\/cropped-My-Lip-Filler-Logo.png\",\"width\":240,\"height\":88,\"caption\":\"My Lip Filler\"},\"image\":{\"@id\":\"https:\\\/\\\/mylipfiller.com\\\/#\\\/schema\\\/logo\\\/image\\\/\"}}]}<\/script>\n<!-- \/ Yoast SEO plugin. -->","yoast_head_json":{"title":"Comprar Nexfill Deep (1 x 1ml) - Rellenos de My Lip Filler","description":"\u2765Compra Nexfill Deep (1 x 1ml) \u23e9 Tienda online My Lip Filler \u27a6 Garant\u00eda de calidad, rese\u00f1as, ingredientes, \u00a1los mejores precios!","robots":{"index":"index","follow":"follow","max-snippet":"max-snippet:-1","max-image-preview":"max-image-preview:large","max-video-preview":"max-video-preview:-1"},"canonical":"https:\/\/mylipfiller.com\/es\/nexfill-deep-1-x-1ml\/","og_locale":"es_MX","og_type":"article","og_title":"Buy Nexfill Deep (1 x 1ml) - Fillers from My Lip Filler","og_description":"\u2765Buy Nexfill Deep (1 x 1ml) \u23e9 My Lip Filler online store \u27a6 Quality assurance, reviews, ingredients, best prices!","og_url":"https:\/\/mylipfiller.com\/es\/nexfill-deep-1-x-1ml\/","og_site_name":"My Lip Filler","article_modified_time":"2024-05-10T16:38:41+00:00","og_image":[{"width":600,"height":600,"url":"https:\/\/cdn.mylipfiller.com\/wp-content\/uploads\/2024\/04\/Nexfill-Deep.jpg","type":"image\/jpeg"}],"twitter_card":"summary_large_image","twitter_misc":{"Tiempo de lectura":"1 minuto"},"schema":{"@context":"https:\/\/schema.org","@graph":[{"@type":"WebPage","@id":"https:\/\/mylipfiller.com\/nexfill-deep-1-x-1ml\/","url":"https:\/\/mylipfiller.com\/nexfill-deep-1-x-1ml\/","name":"Comprar Nexfill Deep (1 x 1ml) - Rellenos de My Lip Filler","isPartOf":{"@id":"https:\/\/mylipfiller.com\/#website"},"primaryImageOfPage":{"@id":"https:\/\/mylipfiller.com\/nexfill-deep-1-x-1ml\/#primaryimage"},"image":{"@id":"https:\/\/mylipfiller.com\/nexfill-deep-1-x-1ml\/#primaryimage"},"thumbnailUrl":"https:\/\/cdn.mylipfiller.com\/wp-content\/uploads\/2024\/04\/Nexfill-Deep.jpg","datePublished":"2024-04-25T17:10:44+00:00","dateModified":"2024-05-10T16:38:41+00:00","description":"\u2765Compra Nexfill Deep (1 x 1ml) \u23e9 Tienda online My Lip Filler \u27a6 Garant\u00eda de calidad, rese\u00f1as, ingredientes, \u00a1los mejores precios!","breadcrumb":{"@id":"https:\/\/mylipfiller.com\/nexfill-deep-1-x-1ml\/#breadcrumb"},"inLanguage":"es","potentialAction":[{"@type":"ReadAction","target":["https:\/\/mylipfiller.com\/nexfill-deep-1-x-1ml\/"]}]},{"@type":"ImageObject","inLanguage":"es","@id":"https:\/\/mylipfiller.com\/nexfill-deep-1-x-1ml\/#primaryimage","url":"https:\/\/cdn.mylipfiller.com\/wp-content\/uploads\/2024\/04\/Nexfill-Deep.jpg","contentUrl":"https:\/\/cdn.mylipfiller.com\/wp-content\/uploads\/2024\/04\/Nexfill-Deep.jpg","width":600,"height":600,"caption":"Nexfill Deep"},{"@type":"BreadcrumbList","@id":"https:\/\/mylipfiller.com\/nexfill-deep-1-x-1ml\/#breadcrumb","itemListElement":[{"@type":"ListItem","position":1,"name":"Home","item":"https:\/\/mylipfiller.com\/"},{"@type":"ListItem","position":2,"name":"Shop","item":"https:\/\/mylipfiller.com\/shop\/"},{"@type":"ListItem","position":3,"name":"Nexfill Deep (1 x 1ml)"}]},{"@type":"WebSite","@id":"https:\/\/mylipfiller.com\/#website","url":"https:\/\/mylipfiller.com\/","name":"Mi relleno de labios","description":"Rellenos d\u00e9rmicos y de labios con \u00e1cido hialur\u00f3nico","publisher":{"@id":"https:\/\/mylipfiller.com\/#organization"},"potentialAction":[{"@type":"SearchAction","target":{"@type":"EntryPoint","urlTemplate":"https:\/\/mylipfiller.com\/?s={search_term_string}"},"query-input":{"@type":"PropertyValueSpecification","valueRequired":true,"valueName":"search_term_string"}}],"inLanguage":"es"},{"@type":"Organization","@id":"https:\/\/mylipfiller.com\/#organization","name":"Mi relleno de labios","url":"https:\/\/mylipfiller.com\/","logo":{"@type":"ImageObject","inLanguage":"es","@id":"https:\/\/mylipfiller.com\/#\/schema\/logo\/image\/","url":"https:\/\/cdn.mylipfiller.com\/wp-content\/uploads\/2019\/02\/cropped-My-Lip-Filler-Logo.png","contentUrl":"https:\/\/cdn.mylipfiller.com\/wp-content\/uploads\/2019\/02\/cropped-My-Lip-Filler-Logo.png","width":240,"height":88,"caption":"My Lip Filler"},"image":{"@id":"https:\/\/mylipfiller.com\/#\/schema\/logo\/image\/"}}]}},"_links":{"self":[{"href":"https:\/\/mylipfiller.com\/es\/wp-json\/wp\/v2\/product\/41726","targetHints":{"allow":["GET"]}}],"collection":[{"href":"https:\/\/mylipfiller.com\/es\/wp-json\/wp\/v2\/product"}],"about":[{"href":"https:\/\/mylipfiller.com\/es\/wp-json\/wp\/v2\/types\/product"}],"wp:featuredmedia":[{"embeddable":true,"href":"https:\/\/mylipfiller.com\/es\/wp-json\/wp\/v2\/media\/41729"}],"wp:attachment":[{"href":"https:\/\/mylipfiller.com\/es\/wp-json\/wp\/v2\/media?parent=41726"}],"wp:term":[{"taxonomy":"product_brand","embeddable":true,"href":"https:\/\/mylipfiller.com\/es\/wp-json\/wp\/v2\/product_brand?post=41726"},{"taxonomy":"product_cat","embeddable":true,"href":"https:\/\/mylipfiller.com\/es\/wp-json\/wp\/v2\/product_cat?post=41726"},{"taxonomy":"product_tag","embeddable":true,"href":"https:\/\/mylipfiller.com\/es\/wp-json\/wp\/v2\/product_tag?post=41726"}],"curies":[{"name":"gracias","href":"https:\/\/api.w.org\/{rel}","templated":true}]}}