{"id":41727,"date":"2024-04-25T19:10:33","date_gmt":"2024-04-25T17:10:33","guid":{"rendered":"https:\/\/mylipfiller.com\/?post_type=product&#038;p=41727"},"modified":"2025-04-03T13:52:52","modified_gmt":"2025-04-03T11:52:52","slug":"nexfill-volume-1-x-1ml","status":"publish","type":"product","link":"https:\/\/mylipfiller.com\/es\/nexfill-volume-1-x-1ml\/","title":{"rendered":"Volumen Nexfill (1 x 1ml)"},"content":{"rendered":"<p>Los resultados lo son todo cuando se trata de rellenos d\u00e9rmicos y esto es doblemente cierto para los rellenos del contorno facial como Nexfill Volume. Afortunadamente, dura m\u00e1s de 12 meses, cuando se utiliza para:<\/p>\n<ul>\n<li>Rellenar pliegues nasolabiales severos<\/li>\n<li>Eliminar l\u00edneas de frente muy profundas<\/li>\n<li>A\u00f1ade volumen a las sienes.<\/li>\n<li>Contornear la nariz<\/li>\n<li>Restaurar la p\u00e9rdida severa de volumen de las mejillas.<\/li>\n<li>Aumenta la l\u00ednea de la mand\u00edbula<\/li>\n<li>Haz que el ment\u00f3n sea m\u00e1s pronunciado.<\/li>\n<\/ul>\n<p>Un factor importante de la eficacia de la marca Nexfill es el proceso de fabricaci\u00f3n. Se trata de un gel monof\u00e1sico y el proceso de reticulaci\u00f3n es m\u00e1s eficaz, sin residuos de agente BDDE libre. El gel HA es m\u00e1s uniforme y muy comparable a productos m\u00e1s conocidos como Revolax SubQ (Sub-Q), Dermalax Implant o Rejeunesse Shape.<\/p>\n<p>El relleno uniforme tambi\u00e9n significa un relleno f\u00e1cil de usar. Para empezar, la mejora facial con gel hialur\u00f3nico es un procedimiento r\u00e1pido, pero Nexfill Volume es \u00fanico en su clase. Adem\u00e1s, el gel suave hace que el proceso de aplicaci\u00f3n sea mucho m\u00e1s agradable para la persona, lo que tambi\u00e9n se ve favorecido por la lidoca\u00edna 0.3% del gel.<\/p>\n<p>Este gel de \u00e1cido hialur\u00f3nico de 24 mg\/ml es denso y se aplica en la capa subcut\u00e1nea de la piel, para conseguir resultados \u00f3ptimos. La estabilidad del gel es excelente y no hay riesgo de p\u00e9rdida de forma o desplazamiento una vez aplicado.<\/p>","protected":false},"excerpt":{"rendered":"<p>Resolviendo los problemas de lograr un rostro perfectamente sim\u00e9trico, haciendo que un rasgo facial espec\u00edfico sea m\u00e1s pronunciado o restaurando formas severas de p\u00e9rdida de piel en el rostro, Nexfill Volume es el rey del valor absoluto entre los rellenos coreanos con certificaci\u00f3n CE. Combinando seguridad y asequibilidad, es la alternativa econ\u00f3mica perfecta a las marcas premium de rellenos europeos y norteamericanos, para un contorno facial eficaz y de apariencia natural.<\/p>","protected":false},"featured_media":41728,"template":"","meta":{"_acf_changed":false},"product_brand":[],"product_cat":[34,191,192],"product_tag":[123,130,131,115,114,111,118,151,141,142,107,135,137,110,122,124,116],"class_list":{"0":"post-41727","1":"product","2":"type-product","3":"status-publish","4":"has-post-thumbnail","6":"product_cat-hard","7":"product_cat-nex","8":"product_cat-nexus-pharma","9":"product_tag-asymmetry","10":"product_tag-cheek-volume","11":"product_tag-cheekbone-contour","12":"product_tag-cheekbones","13":"product_tag-chin","14":"product_tag-face","15":"product_tag-high-density","16":"product_tag-hyaluronic-acid-ha-fillers","17":"product_tag-lifting","18":"product_tag-modeling","19":"product_tag-nasolabial-folds","20":"product_tag-small-chin","21":"product_tag-south-korea","22":"product_tag-temple","23":"product_tag-up-to-18-months","24":"product_tag-volume","25":"product_tag-with-lidocaine","27":"first","28":"outofstock","29":"taxable","30":"shipping-taxable","31":"purchasable","32":"product-type-simple"},"acf":[],"yoast_head":"<!-- This site is optimized with the Yoast SEO plugin v27.3 - https:\/\/yoast.com\/product\/yoast-seo-wordpress\/ -->\n<title>Buy Nexfill Volume (1 x 1ml) - Fillers from My Lip Filler<\/title>\n<meta name=\"description\" content=\"\u2765Buy Nexfill Volume (1 x 1ml) \u23e9 My Lip Filler online store \u27a6 Quality assurance, reviews, ingredients, best prices!\" \/>\n<meta name=\"robots\" content=\"index, follow, max-snippet:-1, max-image-preview:large, max-video-preview:-1\" \/>\n<link rel=\"canonical\" href=\"https:\/\/mylipfiller.com\/es\/nexfill-volume-1-x-1ml\/\" \/>\n<meta property=\"og:locale\" content=\"es_MX\" \/>\n<meta property=\"og:type\" content=\"article\" \/>\n<meta property=\"og:title\" content=\"Buy Nexfill Volume (1 x 1ml) - Fillers from My Lip Filler\" \/>\n<meta property=\"og:description\" content=\"\u2765Buy Nexfill Volume (1 x 1ml) \u23e9 My Lip Filler online store \u27a6 Quality assurance, reviews, ingredients, best prices!\" \/>\n<meta property=\"og:url\" content=\"https:\/\/mylipfiller.com\/es\/nexfill-volume-1-x-1ml\/\" \/>\n<meta property=\"og:site_name\" content=\"My Lip Filler\" \/>\n<meta property=\"article:modified_time\" content=\"2025-04-03T11:52:52+00:00\" \/>\n<meta property=\"og:image\" content=\"https:\/\/cdn.mylipfiller.com\/wp-content\/uploads\/2024\/04\/Nexfill-Volume.jpg\" \/>\n\t<meta property=\"og:image:width\" content=\"600\" \/>\n\t<meta property=\"og:image:height\" content=\"600\" \/>\n\t<meta property=\"og:image:type\" content=\"image\/jpeg\" \/>\n<meta name=\"twitter:card\" content=\"summary_large_image\" \/>\n<meta name=\"twitter:label1\" content=\"Tiempo de lectura\" \/>\n\t<meta name=\"twitter:data1\" content=\"2 minutos\" \/>\n<script type=\"application\/ld+json\" class=\"yoast-schema-graph\">{\"@context\":\"https:\\\/\\\/schema.org\",\"@graph\":[{\"@type\":\"WebPage\",\"@id\":\"https:\\\/\\\/mylipfiller.com\\\/nexfill-volume-1-x-1ml\\\/\",\"url\":\"https:\\\/\\\/mylipfiller.com\\\/nexfill-volume-1-x-1ml\\\/\",\"name\":\"Buy Nexfill Volume (1 x 1ml) - Fillers from My Lip Filler\",\"isPartOf\":{\"@id\":\"https:\\\/\\\/mylipfiller.com\\\/#website\"},\"primaryImageOfPage\":{\"@id\":\"https:\\\/\\\/mylipfiller.com\\\/nexfill-volume-1-x-1ml\\\/#primaryimage\"},\"image\":{\"@id\":\"https:\\\/\\\/mylipfiller.com\\\/nexfill-volume-1-x-1ml\\\/#primaryimage\"},\"thumbnailUrl\":\"https:\\\/\\\/mylipfiller.com\\\/wp-content\\\/uploads\\\/2024\\\/04\\\/Nexfill-Volume.jpg\",\"datePublished\":\"2024-04-25T17:10:33+00:00\",\"dateModified\":\"2025-04-03T11:52:52+00:00\",\"description\":\"\u2765Buy Nexfill Volume (1 x 1ml) \u23e9 My Lip Filler online store \u27a6 Quality assurance, reviews, ingredients, best prices!\",\"breadcrumb\":{\"@id\":\"https:\\\/\\\/mylipfiller.com\\\/nexfill-volume-1-x-1ml\\\/#breadcrumb\"},\"inLanguage\":\"es\",\"potentialAction\":[{\"@type\":\"ReadAction\",\"target\":[\"https:\\\/\\\/mylipfiller.com\\\/nexfill-volume-1-x-1ml\\\/\"]}]},{\"@type\":\"ImageObject\",\"inLanguage\":\"es\",\"@id\":\"https:\\\/\\\/mylipfiller.com\\\/nexfill-volume-1-x-1ml\\\/#primaryimage\",\"url\":\"https:\\\/\\\/mylipfiller.com\\\/wp-content\\\/uploads\\\/2024\\\/04\\\/Nexfill-Volume.jpg\",\"contentUrl\":\"https:\\\/\\\/mylipfiller.com\\\/wp-content\\\/uploads\\\/2024\\\/04\\\/Nexfill-Volume.jpg\",\"width\":600,\"height\":600,\"caption\":\"Nexfill Volume\"},{\"@type\":\"BreadcrumbList\",\"@id\":\"https:\\\/\\\/mylipfiller.com\\\/nexfill-volume-1-x-1ml\\\/#breadcrumb\",\"itemListElement\":[{\"@type\":\"ListItem\",\"position\":1,\"name\":\"Home\",\"item\":\"https:\\\/\\\/mylipfiller.com\\\/\"},{\"@type\":\"ListItem\",\"position\":2,\"name\":\"Shop\",\"item\":\"https:\\\/\\\/mylipfiller.com\\\/shop\\\/\"},{\"@type\":\"ListItem\",\"position\":3,\"name\":\"Nexfill Volume (1 x 1ml)\"}]},{\"@type\":\"WebSite\",\"@id\":\"https:\\\/\\\/mylipfiller.com\\\/#website\",\"url\":\"https:\\\/\\\/mylipfiller.com\\\/\",\"name\":\"My Lip Filler\",\"description\":\"Hyaluronic Acid Lip and Dermal Fillers\",\"publisher\":{\"@id\":\"https:\\\/\\\/mylipfiller.com\\\/#organization\"},\"potentialAction\":[{\"@type\":\"SearchAction\",\"target\":{\"@type\":\"EntryPoint\",\"urlTemplate\":\"https:\\\/\\\/mylipfiller.com\\\/?s={search_term_string}\"},\"query-input\":{\"@type\":\"PropertyValueSpecification\",\"valueRequired\":true,\"valueName\":\"search_term_string\"}}],\"inLanguage\":\"es\"},{\"@type\":\"Organization\",\"@id\":\"https:\\\/\\\/mylipfiller.com\\\/#organization\",\"name\":\"My Lip Filler\",\"url\":\"https:\\\/\\\/mylipfiller.com\\\/\",\"logo\":{\"@type\":\"ImageObject\",\"inLanguage\":\"es\",\"@id\":\"https:\\\/\\\/mylipfiller.com\\\/#\\\/schema\\\/logo\\\/image\\\/\",\"url\":\"https:\\\/\\\/mylipfiller.com\\\/wp-content\\\/uploads\\\/2019\\\/02\\\/cropped-My-Lip-Filler-Logo.png\",\"contentUrl\":\"https:\\\/\\\/mylipfiller.com\\\/wp-content\\\/uploads\\\/2019\\\/02\\\/cropped-My-Lip-Filler-Logo.png\",\"width\":240,\"height\":88,\"caption\":\"My Lip Filler\"},\"image\":{\"@id\":\"https:\\\/\\\/mylipfiller.com\\\/#\\\/schema\\\/logo\\\/image\\\/\"}}]}<\/script>\n<!-- \/ Yoast SEO plugin. -->","yoast_head_json":{"title":"Compre Nexfill Volume (1 x 1 ml) - Rellenos de My Lip Filler","description":"\u2765Comprar Nexfill Volume (1 x 1ml) \u23e9 Tienda online My Lip Filler \u27a6 Garant\u00eda de calidad, rese\u00f1as, ingredientes, \u00a1los mejores precios!","robots":{"index":"index","follow":"follow","max-snippet":"max-snippet:-1","max-image-preview":"max-image-preview:large","max-video-preview":"max-video-preview:-1"},"canonical":"https:\/\/mylipfiller.com\/es\/nexfill-volume-1-x-1ml\/","og_locale":"es_MX","og_type":"article","og_title":"Buy Nexfill Volume (1 x 1ml) - Fillers from My Lip Filler","og_description":"\u2765Buy Nexfill Volume (1 x 1ml) \u23e9 My Lip Filler online store \u27a6 Quality assurance, reviews, ingredients, best prices!","og_url":"https:\/\/mylipfiller.com\/es\/nexfill-volume-1-x-1ml\/","og_site_name":"My Lip Filler","article_modified_time":"2025-04-03T11:52:52+00:00","og_image":[{"width":600,"height":600,"url":"https:\/\/cdn.mylipfiller.com\/wp-content\/uploads\/2024\/04\/Nexfill-Volume.jpg","type":"image\/jpeg"}],"twitter_card":"summary_large_image","twitter_misc":{"Tiempo de lectura":"2 minutos"},"schema":{"@context":"https:\/\/schema.org","@graph":[{"@type":"WebPage","@id":"https:\/\/mylipfiller.com\/nexfill-volume-1-x-1ml\/","url":"https:\/\/mylipfiller.com\/nexfill-volume-1-x-1ml\/","name":"Compre Nexfill Volume (1 x 1 ml) - Rellenos de My Lip Filler","isPartOf":{"@id":"https:\/\/mylipfiller.com\/#website"},"primaryImageOfPage":{"@id":"https:\/\/mylipfiller.com\/nexfill-volume-1-x-1ml\/#primaryimage"},"image":{"@id":"https:\/\/mylipfiller.com\/nexfill-volume-1-x-1ml\/#primaryimage"},"thumbnailUrl":"https:\/\/cdn.mylipfiller.com\/wp-content\/uploads\/2024\/04\/Nexfill-Volume.jpg","datePublished":"2024-04-25T17:10:33+00:00","dateModified":"2025-04-03T11:52:52+00:00","description":"\u2765Comprar Nexfill Volume (1 x 1ml) \u23e9 Tienda online My Lip Filler \u27a6 Garant\u00eda de calidad, rese\u00f1as, ingredientes, \u00a1los mejores precios!","breadcrumb":{"@id":"https:\/\/mylipfiller.com\/nexfill-volume-1-x-1ml\/#breadcrumb"},"inLanguage":"es","potentialAction":[{"@type":"ReadAction","target":["https:\/\/mylipfiller.com\/nexfill-volume-1-x-1ml\/"]}]},{"@type":"ImageObject","inLanguage":"es","@id":"https:\/\/mylipfiller.com\/nexfill-volume-1-x-1ml\/#primaryimage","url":"https:\/\/cdn.mylipfiller.com\/wp-content\/uploads\/2024\/04\/Nexfill-Volume.jpg","contentUrl":"https:\/\/cdn.mylipfiller.com\/wp-content\/uploads\/2024\/04\/Nexfill-Volume.jpg","width":600,"height":600,"caption":"Nexfill Volume"},{"@type":"BreadcrumbList","@id":"https:\/\/mylipfiller.com\/nexfill-volume-1-x-1ml\/#breadcrumb","itemListElement":[{"@type":"ListItem","position":1,"name":"Home","item":"https:\/\/mylipfiller.com\/"},{"@type":"ListItem","position":2,"name":"Shop","item":"https:\/\/mylipfiller.com\/shop\/"},{"@type":"ListItem","position":3,"name":"Nexfill Volume (1 x 1ml)"}]},{"@type":"WebSite","@id":"https:\/\/mylipfiller.com\/#website","url":"https:\/\/mylipfiller.com\/","name":"Mi relleno de labios","description":"Rellenos d\u00e9rmicos y de labios con \u00e1cido hialur\u00f3nico","publisher":{"@id":"https:\/\/mylipfiller.com\/#organization"},"potentialAction":[{"@type":"SearchAction","target":{"@type":"EntryPoint","urlTemplate":"https:\/\/mylipfiller.com\/?s={search_term_string}"},"query-input":{"@type":"PropertyValueSpecification","valueRequired":true,"valueName":"search_term_string"}}],"inLanguage":"es"},{"@type":"Organization","@id":"https:\/\/mylipfiller.com\/#organization","name":"Mi relleno de labios","url":"https:\/\/mylipfiller.com\/","logo":{"@type":"ImageObject","inLanguage":"es","@id":"https:\/\/mylipfiller.com\/#\/schema\/logo\/image\/","url":"https:\/\/cdn.mylipfiller.com\/wp-content\/uploads\/2019\/02\/cropped-My-Lip-Filler-Logo.png","contentUrl":"https:\/\/cdn.mylipfiller.com\/wp-content\/uploads\/2019\/02\/cropped-My-Lip-Filler-Logo.png","width":240,"height":88,"caption":"My Lip Filler"},"image":{"@id":"https:\/\/mylipfiller.com\/#\/schema\/logo\/image\/"}}]}},"_links":{"self":[{"href":"https:\/\/mylipfiller.com\/es\/wp-json\/wp\/v2\/product\/41727","targetHints":{"allow":["GET"]}}],"collection":[{"href":"https:\/\/mylipfiller.com\/es\/wp-json\/wp\/v2\/product"}],"about":[{"href":"https:\/\/mylipfiller.com\/es\/wp-json\/wp\/v2\/types\/product"}],"wp:featuredmedia":[{"embeddable":true,"href":"https:\/\/mylipfiller.com\/es\/wp-json\/wp\/v2\/media\/41728"}],"wp:attachment":[{"href":"https:\/\/mylipfiller.com\/es\/wp-json\/wp\/v2\/media?parent=41727"}],"wp:term":[{"taxonomy":"product_brand","embeddable":true,"href":"https:\/\/mylipfiller.com\/es\/wp-json\/wp\/v2\/product_brand?post=41727"},{"taxonomy":"product_cat","embeddable":true,"href":"https:\/\/mylipfiller.com\/es\/wp-json\/wp\/v2\/product_cat?post=41727"},{"taxonomy":"product_tag","embeddable":true,"href":"https:\/\/mylipfiller.com\/es\/wp-json\/wp\/v2\/product_tag?post=41727"}],"curies":[{"name":"gracias","href":"https:\/\/api.w.org\/{rel}","templated":true}]}}