{"id":41735,"date":"2024-04-29T13:33:08","date_gmt":"2024-04-29T11:33:08","guid":{"rendered":"https:\/\/mylipfiller.com\/?post_type=product&#038;p=41735"},"modified":"2026-02-09T21:27:18","modified_gmt":"2026-02-09T19:27:18","slug":"aquanex-ha-skinbooster-1-x-2-5ml","status":"publish","type":"product","link":"https:\/\/mylipfiller.com\/es\/aquanex-ha-skinbooster-1-x-2-5ml\/","title":{"rendered":"Aquanex HA Skinbooster (1 x 2,5ml)"},"content":{"rendered":"<p>En muchos sentidos, Aquanex es un producto similar al Hyaron. Una soluci\u00f3n suave de Hialuronato de Sodio, destinada a mejorar r\u00e1pidamente los niveles de hidrataci\u00f3n de la piel en la zona de tratamiento. Sin embargo, Aquanyx tiene el doble de concentraci\u00f3n de \u00e1cido hialur\u00f3nico que el Hyaron: 25 mg\/ml. Esto significa que se introduce un volumen sustancialmente grande de mol\u00e9culas de HA en la dermis, lo que resulta en una retenci\u00f3n de humedad notablemente mejor, que es la propiedad principal del \u00e1cido hialur\u00f3nico y que lo convierte en el favorito de la industria de la belleza.<\/p>\n<p>Este es, por su naturaleza, un potenciador de la piel a base de HA enfocado a lograr varias mejoras importantes en la condici\u00f3n de la piel:<\/p>\n<ul>\n<li><strong>Restaurar la hidrataci\u00f3n<\/strong> \u2013 piel seca tanto relacionada con la edad como inducida por el medio ambiente. El estilo de vida y la salud tambi\u00e9n son factores importantes. La capacidad reducida de las c\u00e9lulas de la piel para retener la humedad conduce a un r\u00e1pido deterioro de la salud d\u00e9rmica. No se pueden lograr mejoras en el estado general de la piel sin abordar primero este problema.<\/li>\n<li><strong>Impulsar la s\u00edntesis de col\u00e1geno.<\/strong> \u2013 Una piel sana, suave y el\u00e1stica s\u00f3lo es posible si se produce suficiente col\u00e1geno. Aquanex skinbooster no afectar\u00e1 directamente ese proceso, pero s\u00ed crea las condiciones para que se lleve a cabo y aumente el volumen de col\u00e1geno que producen las c\u00e9lulas de la piel.<\/li>\n<li><strong>Mejorar la apariencia general <\/strong>\u2013 El objetivo del tratamiento anti-edad es lucir mejor, es decir, parecer m\u00e1s joven. La piel joven es, con diferencia, el factor principal en la apariencia que alguna vez se percibi\u00f3. El uso de Aquanex para estimular la piel a base de \u00e1cido hialur\u00f3nico ayudar\u00e1 a la persona a recuperar la suavidad, la elasticidad y el brillo de la piel.<\/li>\n<\/ul>\n<p>El producto es completamente biodegradable, biocompatible y seguro, con excelente fluidez y uniformidad del gel. Se garantizan resultados de apariencia neutra, con mejoras r\u00e1pidas y notables en la suavidad y elasticidad de la piel. Al mejorar la matriz extracelular, Aquanex garantizar\u00e1 que el rejuvenecimiento logrado sea duradero e impactante.<\/p>","protected":false},"excerpt":{"rendered":"<p>Aquanex, un innovador potenciador de la piel a base de \u00e1cido hialur\u00f3nico, tiene como objetivo restaurar el estado joven y saludable de la piel mediante la introducci\u00f3n de grandes cantidades de HA para mejorar la hidrataci\u00f3n. Al tratar el problema m\u00e1s com\u00fan de la piel: la sequedad, la hidrataci\u00f3n mejorada de la piel ayuda directamente con problemas como arrugas, l\u00edneas de la piel, descamaci\u00f3n, sequedad, flacidez, etc.<\/p>","protected":false},"featured_media":41737,"template":"","meta":{"_acf_changed":false},"product_brand":[],"product_cat":[18,191,192,32],"product_tag":[138,144,125,111,126,112,128,151,117,129,143,137],"class_list":{"0":"post-41735","1":"product","2":"type-product","3":"status-publish","4":"has-post-thumbnail","6":"product_cat-mesotherapy","7":"product_cat-nex","8":"product_cat-nexus-pharma","9":"product_cat-soft","10":"product_tag-anti-aging","11":"product_tag-anti-wrinkle","12":"product_tag-crows-feet","13":"product_tag-face","14":"product_tag-fine-lines","15":"product_tag-forehead","16":"product_tag-forehead-wrinkles","17":"product_tag-hyaluronic-acid-ha-fillers","18":"product_tag-low-density","19":"product_tag-neck-wrinkles","20":"product_tag-rejuvenating","21":"product_tag-south-korea","23":"first","24":"outofstock","25":"taxable","26":"shipping-taxable","27":"purchasable","28":"product-type-simple"},"acf":[],"yoast_head":"<!-- This site is optimized with the Yoast SEO plugin v27.2 - https:\/\/yoast.com\/product\/yoast-seo-wordpress\/ -->\n<title>Buy Aquanex HA Skinbooster (1 x 2.5ml) - Fillers from My Lip Filler<\/title>\n<meta name=\"description\" content=\"\u2765Buy Aquanex HA Skinbooster (1 x 2.5ml) \u23e9 My Lip Filler online store \u27a6 Quality assurance, reviews, ingredients, best prices!\" \/>\n<meta name=\"robots\" content=\"index, follow, max-snippet:-1, max-image-preview:large, max-video-preview:-1\" \/>\n<link rel=\"canonical\" href=\"https:\/\/mylipfiller.com\/es\/aquanex-ha-skinbooster-1-x-2-5ml\/\" \/>\n<meta property=\"og:locale\" content=\"es_MX\" \/>\n<meta property=\"og:type\" content=\"article\" \/>\n<meta property=\"og:title\" content=\"Buy Aquanex HA Skinbooster (1 x 2.5ml) - Fillers from My Lip Filler\" \/>\n<meta property=\"og:description\" content=\"\u2765Buy Aquanex HA Skinbooster (1 x 2.5ml) \u23e9 My Lip Filler online store \u27a6 Quality assurance, reviews, ingredients, best prices!\" \/>\n<meta property=\"og:url\" content=\"https:\/\/mylipfiller.com\/es\/aquanex-ha-skinbooster-1-x-2-5ml\/\" \/>\n<meta property=\"og:site_name\" content=\"My Lip Filler\" \/>\n<meta property=\"article:modified_time\" content=\"2026-02-09T19:27:18+00:00\" \/>\n<meta property=\"og:image\" content=\"https:\/\/cdn.mylipfiller.com\/wp-content\/uploads\/2024\/04\/Aquanex.jpg\" \/>\n\t<meta property=\"og:image:width\" content=\"600\" \/>\n\t<meta property=\"og:image:height\" content=\"600\" \/>\n\t<meta property=\"og:image:type\" content=\"image\/jpeg\" \/>\n<meta name=\"twitter:card\" content=\"summary_large_image\" \/>\n<meta name=\"twitter:label1\" content=\"Tiempo de lectura\" \/>\n\t<meta name=\"twitter:data1\" content=\"2 minutos\" \/>\n<script type=\"application\/ld+json\" class=\"yoast-schema-graph\">{\"@context\":\"https:\/\/schema.org\",\"@graph\":[{\"@type\":\"WebPage\",\"@id\":\"https:\/\/mylipfiller.com\/aquanex-ha-skinbooster-1-x-2-5ml\/\",\"url\":\"https:\/\/mylipfiller.com\/aquanex-ha-skinbooster-1-x-2-5ml\/\",\"name\":\"Buy Aquanex HA Skinbooster (1 x 2.5ml) - Fillers from My Lip Filler\",\"isPartOf\":{\"@id\":\"https:\/\/mylipfiller.com\/#website\"},\"primaryImageOfPage\":{\"@id\":\"https:\/\/mylipfiller.com\/aquanex-ha-skinbooster-1-x-2-5ml\/#primaryimage\"},\"image\":{\"@id\":\"https:\/\/mylipfiller.com\/aquanex-ha-skinbooster-1-x-2-5ml\/#primaryimage\"},\"thumbnailUrl\":\"https:\/\/cdn.mylipfiller.com\/wp-content\/uploads\/2024\/04\/Aquanex.jpg\",\"datePublished\":\"2024-04-29T11:33:08+00:00\",\"dateModified\":\"2026-02-09T19:27:18+00:00\",\"description\":\"\u2765Buy Aquanex HA Skinbooster (1 x 2.5ml) \u23e9 My Lip Filler online store \u27a6 Quality assurance, reviews, ingredients, best prices!\",\"breadcrumb\":{\"@id\":\"https:\/\/mylipfiller.com\/aquanex-ha-skinbooster-1-x-2-5ml\/#breadcrumb\"},\"inLanguage\":\"es\",\"potentialAction\":[{\"@type\":\"ReadAction\",\"target\":[\"https:\/\/mylipfiller.com\/aquanex-ha-skinbooster-1-x-2-5ml\/\"]}]},{\"@type\":\"ImageObject\",\"inLanguage\":\"es\",\"@id\":\"https:\/\/mylipfiller.com\/aquanex-ha-skinbooster-1-x-2-5ml\/#primaryimage\",\"url\":\"https:\/\/cdn.mylipfiller.com\/wp-content\/uploads\/2024\/04\/Aquanex.jpg\",\"contentUrl\":\"https:\/\/cdn.mylipfiller.com\/wp-content\/uploads\/2024\/04\/Aquanex.jpg\",\"width\":600,\"height\":600,\"caption\":\"Aquanex HA Skinbooster\"},{\"@type\":\"BreadcrumbList\",\"@id\":\"https:\/\/mylipfiller.com\/aquanex-ha-skinbooster-1-x-2-5ml\/#breadcrumb\",\"itemListElement\":[{\"@type\":\"ListItem\",\"position\":1,\"name\":\"Home\",\"item\":\"https:\/\/mylipfiller.com\/\"},{\"@type\":\"ListItem\",\"position\":2,\"name\":\"Shop\",\"item\":\"https:\/\/mylipfiller.com\/shop\/\"},{\"@type\":\"ListItem\",\"position\":3,\"name\":\"Aquanex HA Skinbooster (1 x 2.5ml)\"}]},{\"@type\":\"WebSite\",\"@id\":\"https:\/\/mylipfiller.com\/#website\",\"url\":\"https:\/\/mylipfiller.com\/\",\"name\":\"My Lip Filler\",\"description\":\"Hyaluronic Acid Lip and Dermal Fillers\",\"publisher\":{\"@id\":\"https:\/\/mylipfiller.com\/#organization\"},\"potentialAction\":[{\"@type\":\"SearchAction\",\"target\":{\"@type\":\"EntryPoint\",\"urlTemplate\":\"https:\/\/mylipfiller.com\/?s={search_term_string}\"},\"query-input\":{\"@type\":\"PropertyValueSpecification\",\"valueRequired\":true,\"valueName\":\"search_term_string\"}}],\"inLanguage\":\"es\"},{\"@type\":\"Organization\",\"@id\":\"https:\/\/mylipfiller.com\/#organization\",\"name\":\"My Lip Filler\",\"url\":\"https:\/\/mylipfiller.com\/\",\"logo\":{\"@type\":\"ImageObject\",\"inLanguage\":\"es\",\"@id\":\"https:\/\/mylipfiller.com\/#\/schema\/logo\/image\/\",\"url\":\"https:\/\/cdn.mylipfiller.com\/wp-content\/uploads\/2019\/02\/cropped-My-Lip-Filler-Logo.png\",\"contentUrl\":\"https:\/\/cdn.mylipfiller.com\/wp-content\/uploads\/2019\/02\/cropped-My-Lip-Filler-Logo.png\",\"width\":240,\"height\":88,\"caption\":\"My Lip Filler\"},\"image\":{\"@id\":\"https:\/\/mylipfiller.com\/#\/schema\/logo\/image\/\"}}]}<\/script>\n<!-- \/ Yoast SEO plugin. -->","yoast_head_json":{"title":"Compre Aquanex HA Skinbooster (1 x 2,5 ml) - Rellenos de My Lip Filler","description":"\u2765Compra Aquanex HA Skinbooster (1 x 2,5 ml) \u23e9 Tienda online My Lip Filler \u27a6 Garant\u00eda de calidad, rese\u00f1as, ingredientes, \u00a1los mejores precios!","robots":{"index":"index","follow":"follow","max-snippet":"max-snippet:-1","max-image-preview":"max-image-preview:large","max-video-preview":"max-video-preview:-1"},"canonical":"https:\/\/mylipfiller.com\/es\/aquanex-ha-skinbooster-1-x-2-5ml\/","og_locale":"es_MX","og_type":"article","og_title":"Buy Aquanex HA Skinbooster (1 x 2.5ml) - Fillers from My Lip Filler","og_description":"\u2765Buy Aquanex HA Skinbooster (1 x 2.5ml) \u23e9 My Lip Filler online store \u27a6 Quality assurance, reviews, ingredients, best prices!","og_url":"https:\/\/mylipfiller.com\/es\/aquanex-ha-skinbooster-1-x-2-5ml\/","og_site_name":"My Lip Filler","article_modified_time":"2026-02-09T19:27:18+00:00","og_image":[{"width":600,"height":600,"url":"https:\/\/cdn.mylipfiller.com\/wp-content\/uploads\/2024\/04\/Aquanex.jpg","type":"image\/jpeg"}],"twitter_card":"summary_large_image","twitter_misc":{"Tiempo de lectura":"2 minutos"},"schema":{"@context":"https:\/\/schema.org","@graph":[{"@type":"WebPage","@id":"https:\/\/mylipfiller.com\/aquanex-ha-skinbooster-1-x-2-5ml\/","url":"https:\/\/mylipfiller.com\/aquanex-ha-skinbooster-1-x-2-5ml\/","name":"Compre Aquanex HA Skinbooster (1 x 2,5 ml) - Rellenos de My Lip Filler","isPartOf":{"@id":"https:\/\/mylipfiller.com\/#website"},"primaryImageOfPage":{"@id":"https:\/\/mylipfiller.com\/aquanex-ha-skinbooster-1-x-2-5ml\/#primaryimage"},"image":{"@id":"https:\/\/mylipfiller.com\/aquanex-ha-skinbooster-1-x-2-5ml\/#primaryimage"},"thumbnailUrl":"https:\/\/cdn.mylipfiller.com\/wp-content\/uploads\/2024\/04\/Aquanex.jpg","datePublished":"2024-04-29T11:33:08+00:00","dateModified":"2026-02-09T19:27:18+00:00","description":"\u2765Compra Aquanex HA Skinbooster (1 x 2,5 ml) \u23e9 Tienda online My Lip Filler \u27a6 Garant\u00eda de calidad, rese\u00f1as, ingredientes, \u00a1los mejores precios!","breadcrumb":{"@id":"https:\/\/mylipfiller.com\/aquanex-ha-skinbooster-1-x-2-5ml\/#breadcrumb"},"inLanguage":"es","potentialAction":[{"@type":"ReadAction","target":["https:\/\/mylipfiller.com\/aquanex-ha-skinbooster-1-x-2-5ml\/"]}]},{"@type":"ImageObject","inLanguage":"es","@id":"https:\/\/mylipfiller.com\/aquanex-ha-skinbooster-1-x-2-5ml\/#primaryimage","url":"https:\/\/cdn.mylipfiller.com\/wp-content\/uploads\/2024\/04\/Aquanex.jpg","contentUrl":"https:\/\/cdn.mylipfiller.com\/wp-content\/uploads\/2024\/04\/Aquanex.jpg","width":600,"height":600,"caption":"Aquanex HA Skinbooster"},{"@type":"BreadcrumbList","@id":"https:\/\/mylipfiller.com\/aquanex-ha-skinbooster-1-x-2-5ml\/#breadcrumb","itemListElement":[{"@type":"ListItem","position":1,"name":"Home","item":"https:\/\/mylipfiller.com\/"},{"@type":"ListItem","position":2,"name":"Shop","item":"https:\/\/mylipfiller.com\/shop\/"},{"@type":"ListItem","position":3,"name":"Aquanex HA Skinbooster (1 x 2.5ml)"}]},{"@type":"WebSite","@id":"https:\/\/mylipfiller.com\/#website","url":"https:\/\/mylipfiller.com\/","name":"Mi relleno de labios","description":"Rellenos d\u00e9rmicos y de labios con \u00e1cido hialur\u00f3nico","publisher":{"@id":"https:\/\/mylipfiller.com\/#organization"},"potentialAction":[{"@type":"SearchAction","target":{"@type":"EntryPoint","urlTemplate":"https:\/\/mylipfiller.com\/?s={search_term_string}"},"query-input":{"@type":"PropertyValueSpecification","valueRequired":true,"valueName":"search_term_string"}}],"inLanguage":"es"},{"@type":"Organization","@id":"https:\/\/mylipfiller.com\/#organization","name":"Mi relleno de labios","url":"https:\/\/mylipfiller.com\/","logo":{"@type":"ImageObject","inLanguage":"es","@id":"https:\/\/mylipfiller.com\/#\/schema\/logo\/image\/","url":"https:\/\/cdn.mylipfiller.com\/wp-content\/uploads\/2019\/02\/cropped-My-Lip-Filler-Logo.png","contentUrl":"https:\/\/cdn.mylipfiller.com\/wp-content\/uploads\/2019\/02\/cropped-My-Lip-Filler-Logo.png","width":240,"height":88,"caption":"My Lip Filler"},"image":{"@id":"https:\/\/mylipfiller.com\/#\/schema\/logo\/image\/"}}]}},"_links":{"self":[{"href":"https:\/\/mylipfiller.com\/es\/wp-json\/wp\/v2\/product\/41735","targetHints":{"allow":["GET"]}}],"collection":[{"href":"https:\/\/mylipfiller.com\/es\/wp-json\/wp\/v2\/product"}],"about":[{"href":"https:\/\/mylipfiller.com\/es\/wp-json\/wp\/v2\/types\/product"}],"wp:featuredmedia":[{"embeddable":true,"href":"https:\/\/mylipfiller.com\/es\/wp-json\/wp\/v2\/media\/41737"}],"wp:attachment":[{"href":"https:\/\/mylipfiller.com\/es\/wp-json\/wp\/v2\/media?parent=41735"}],"wp:term":[{"taxonomy":"product_brand","embeddable":true,"href":"https:\/\/mylipfiller.com\/es\/wp-json\/wp\/v2\/product_brand?post=41735"},{"taxonomy":"product_cat","embeddable":true,"href":"https:\/\/mylipfiller.com\/es\/wp-json\/wp\/v2\/product_cat?post=41735"},{"taxonomy":"product_tag","embeddable":true,"href":"https:\/\/mylipfiller.com\/es\/wp-json\/wp\/v2\/product_tag?post=41735"}],"curies":[{"name":"gracias","href":"https:\/\/api.w.org\/{rel}","templated":true}]}}