{"id":41768,"date":"2024-05-20T17:09:15","date_gmt":"2024-05-20T15:09:15","guid":{"rendered":"https:\/\/mylipfiller.com\/?post_type=product&#038;p=41768"},"modified":"2024-05-20T17:10:35","modified_gmt":"2024-05-20T15:10:35","slug":"priere-tulip-1-x-1-1ml","status":"publish","type":"product","link":"https:\/\/mylipfiller.com\/es\/priere-tulip-1-x-1-1ml\/","title":{"rendered":"Tulip\u00e1n Pri\u00e8re (1 x 1,1 ml)"},"content":{"rendered":"<p>Priere Tulip se basa en la tecnolog\u00eda HDL patentada. Es un nuevo m\u00e9todo de mezclar \u00e1cido hialur\u00f3nico de alta densidad con \u00e1cido hialur\u00f3nico de bajo peso molecular con un m\u00e9todo optimizado de reticulaci\u00f3n. El resultado final es un gel HA monof\u00e1sico para realzar los labios, que ha mejorado la uniformidad. Eso afecta directamente los resultados finales y los labios tratados con el relleno Priere Tulip tienen una apariencia mucho m\u00e1s natural, incluso cuando se pretend\u00eda un efecto de voluminizaci\u00f3n m\u00e1s dram\u00e1tico.<\/p>\n<p>La reticulaci\u00f3n del HA de bajo y alto peso permite que las mol\u00e9culas de bajo peso llenen los espacios entre las de alto peso y aumenten significativamente la densidad general del gel. Al mismo tiempo, el residuo del agente reticulante BDDE se minimiza hasta casi la inexistencia.<\/p>\n<p>Este enfoque innovador en el desarrollo del relleno de labios Priere Tulip da como resultado ciertas ventajas:<\/p>\n<ol>\n<li>El gel es muy uniforme y cohesivo: los resultados finales parecen m\u00e1s naturales y aumenta el control durante la aplicaci\u00f3n.<\/li>\n<li>Durabilidad mejorada: se ha demostrado que el gel HA de Priere Tulip es m\u00e1s resistente a las enzimas que lo disuelven naturalmente en la dermis. Incluso se disuelve m\u00e1s lentamente cuando se usa Hyaluronidaze.<\/li>\n<li>Mejora real: mientras que la mayor\u00eda de los rellenos labiales simplemente act\u00faan como agentes voluminizadores, la tecnolog\u00eda detr\u00e1s de Tulip garantiza que los labios rojos y carnosos de la persona que recibe el tratamiento parezcan perfectamente naturales.<\/li>\n<li>Comodidad mejorada: el gel m\u00e1s uniforme, combinado con 0,3% de lidoca\u00edna en el gel, garantiza una m\u00ednima molestia durante la aplicaci\u00f3n.<\/li>\n<\/ol>\n<p>El producto es an\u00e1logo al Richesse Red Volumen No. 7.<\/p>","protected":false},"excerpt":{"rendered":"<p>Superando los l\u00edmites de los rellenos de labios Priere Tulip es un producto innovador de Corea, que ofrece un nuevo enfoque hacia labios hermosos, voluminosos y repletos. Al mezclar \u00e1cido hialur\u00f3nico de alta y baja densidad, logra resultados m\u00e1s duraderos de voluminizaci\u00f3n y uniformidad superior con labios rojos llenos mejores y de aspecto m\u00e1s natural. Ha mejorado la resistencia a las enzimas del cuerpo y se degrada a un ritmo mucho menor.<\/p>","protected":false},"featured_media":41769,"template":"","meta":{"_acf_changed":false},"product_brand":[],"product_cat":[33],"product_tag":[134,137],"class_list":{"0":"post-41768","1":"product","2":"type-product","3":"status-publish","4":"has-post-thumbnail","6":"product_cat-lip","7":"product_tag-small-lips","8":"product_tag-south-korea","10":"first","11":"instock","12":"taxable","13":"shipping-taxable","14":"purchasable","15":"product-type-simple"},"acf":[],"yoast_head":"<!-- This site is optimized with the Yoast SEO plugin v27.2 - https:\/\/yoast.com\/product\/yoast-seo-wordpress\/ -->\n<title>Buy Priere Tulip (1 x 1.1ml) - Fillers from My Lip Filler<\/title>\n<meta name=\"description\" content=\"\u2765Buy Priere Tulip (1 x 1.1ml) \u23e9 My Lip Filler online store \u27a6 Quality assurance, reviews, ingredients, best prices!\" \/>\n<meta name=\"robots\" content=\"index, follow, max-snippet:-1, max-image-preview:large, max-video-preview:-1\" \/>\n<link rel=\"canonical\" href=\"https:\/\/mylipfiller.com\/es\/priere-tulip-1-x-1-1ml\/\" \/>\n<meta property=\"og:locale\" content=\"es_MX\" \/>\n<meta property=\"og:type\" content=\"article\" \/>\n<meta property=\"og:title\" content=\"Buy Priere Tulip (1 x 1.1ml) - Fillers from My Lip Filler\" \/>\n<meta property=\"og:description\" content=\"\u2765Buy Priere Tulip (1 x 1.1ml) \u23e9 My Lip Filler online store \u27a6 Quality assurance, reviews, ingredients, best prices!\" \/>\n<meta property=\"og:url\" content=\"https:\/\/mylipfiller.com\/es\/priere-tulip-1-x-1-1ml\/\" \/>\n<meta property=\"og:site_name\" content=\"My Lip Filler\" \/>\n<meta property=\"article:modified_time\" content=\"2024-05-20T15:10:35+00:00\" \/>\n<meta property=\"og:image\" content=\"https:\/\/cdn.mylipfiller.com\/wp-content\/uploads\/2024\/05\/Priere-Tulip.jpg\" \/>\n\t<meta property=\"og:image:width\" content=\"600\" \/>\n\t<meta property=\"og:image:height\" content=\"600\" \/>\n\t<meta property=\"og:image:type\" content=\"image\/jpeg\" \/>\n<meta name=\"twitter:card\" content=\"summary_large_image\" \/>\n<meta name=\"twitter:label1\" content=\"Tiempo de lectura\" \/>\n\t<meta name=\"twitter:data1\" content=\"2 minutos\" \/>\n<script type=\"application\/ld+json\" class=\"yoast-schema-graph\">{\"@context\":\"https:\/\/schema.org\",\"@graph\":[{\"@type\":\"WebPage\",\"@id\":\"https:\/\/mylipfiller.com\/priere-tulip-1-x-1-1ml\/\",\"url\":\"https:\/\/mylipfiller.com\/priere-tulip-1-x-1-1ml\/\",\"name\":\"Buy Priere Tulip (1 x 1.1ml) - Fillers from My Lip Filler\",\"isPartOf\":{\"@id\":\"https:\/\/mylipfiller.com\/#website\"},\"primaryImageOfPage\":{\"@id\":\"https:\/\/mylipfiller.com\/priere-tulip-1-x-1-1ml\/#primaryimage\"},\"image\":{\"@id\":\"https:\/\/mylipfiller.com\/priere-tulip-1-x-1-1ml\/#primaryimage\"},\"thumbnailUrl\":\"https:\/\/cdn.mylipfiller.com\/wp-content\/uploads\/2024\/05\/Priere-Tulip.jpg\",\"datePublished\":\"2024-05-20T15:09:15+00:00\",\"dateModified\":\"2024-05-20T15:10:35+00:00\",\"description\":\"\u2765Buy Priere Tulip (1 x 1.1ml) \u23e9 My Lip Filler online store \u27a6 Quality assurance, reviews, ingredients, best prices!\",\"breadcrumb\":{\"@id\":\"https:\/\/mylipfiller.com\/priere-tulip-1-x-1-1ml\/#breadcrumb\"},\"inLanguage\":\"es\",\"potentialAction\":[{\"@type\":\"ReadAction\",\"target\":[\"https:\/\/mylipfiller.com\/priere-tulip-1-x-1-1ml\/\"]}]},{\"@type\":\"ImageObject\",\"inLanguage\":\"es\",\"@id\":\"https:\/\/mylipfiller.com\/priere-tulip-1-x-1-1ml\/#primaryimage\",\"url\":\"https:\/\/cdn.mylipfiller.com\/wp-content\/uploads\/2024\/05\/Priere-Tulip.jpg\",\"contentUrl\":\"https:\/\/cdn.mylipfiller.com\/wp-content\/uploads\/2024\/05\/Priere-Tulip.jpg\",\"width\":600,\"height\":600,\"caption\":\"Priere Tulip\"},{\"@type\":\"BreadcrumbList\",\"@id\":\"https:\/\/mylipfiller.com\/priere-tulip-1-x-1-1ml\/#breadcrumb\",\"itemListElement\":[{\"@type\":\"ListItem\",\"position\":1,\"name\":\"Home\",\"item\":\"https:\/\/mylipfiller.com\/\"},{\"@type\":\"ListItem\",\"position\":2,\"name\":\"Shop\",\"item\":\"https:\/\/mylipfiller.com\/shop\/\"},{\"@type\":\"ListItem\",\"position\":3,\"name\":\"Priere Tulip (1 x 1.1ml)\"}]},{\"@type\":\"WebSite\",\"@id\":\"https:\/\/mylipfiller.com\/#website\",\"url\":\"https:\/\/mylipfiller.com\/\",\"name\":\"My Lip Filler\",\"description\":\"Hyaluronic Acid Lip and Dermal Fillers\",\"publisher\":{\"@id\":\"https:\/\/mylipfiller.com\/#organization\"},\"potentialAction\":[{\"@type\":\"SearchAction\",\"target\":{\"@type\":\"EntryPoint\",\"urlTemplate\":\"https:\/\/mylipfiller.com\/?s={search_term_string}\"},\"query-input\":{\"@type\":\"PropertyValueSpecification\",\"valueRequired\":true,\"valueName\":\"search_term_string\"}}],\"inLanguage\":\"es\"},{\"@type\":\"Organization\",\"@id\":\"https:\/\/mylipfiller.com\/#organization\",\"name\":\"My Lip Filler\",\"url\":\"https:\/\/mylipfiller.com\/\",\"logo\":{\"@type\":\"ImageObject\",\"inLanguage\":\"es\",\"@id\":\"https:\/\/mylipfiller.com\/#\/schema\/logo\/image\/\",\"url\":\"https:\/\/cdn.mylipfiller.com\/wp-content\/uploads\/2019\/02\/cropped-My-Lip-Filler-Logo.png\",\"contentUrl\":\"https:\/\/cdn.mylipfiller.com\/wp-content\/uploads\/2019\/02\/cropped-My-Lip-Filler-Logo.png\",\"width\":240,\"height\":88,\"caption\":\"My Lip Filler\"},\"image\":{\"@id\":\"https:\/\/mylipfiller.com\/#\/schema\/logo\/image\/\"}}]}<\/script>\n<!-- \/ Yoast SEO plugin. -->","yoast_head_json":{"title":"Comprar Priere Tulip (1 x 1,1 ml) - Rellenos de My Lip Filler","description":"\u2765Comprar Priere Tulip (1 x 1,1ml) \u23e9 Tienda online My Lip Filler \u27a6 Garant\u00eda de calidad, rese\u00f1as, ingredientes, \u00a1los mejores precios!","robots":{"index":"index","follow":"follow","max-snippet":"max-snippet:-1","max-image-preview":"max-image-preview:large","max-video-preview":"max-video-preview:-1"},"canonical":"https:\/\/mylipfiller.com\/es\/priere-tulip-1-x-1-1ml\/","og_locale":"es_MX","og_type":"article","og_title":"Buy Priere Tulip (1 x 1.1ml) - Fillers from My Lip Filler","og_description":"\u2765Buy Priere Tulip (1 x 1.1ml) \u23e9 My Lip Filler online store \u27a6 Quality assurance, reviews, ingredients, best prices!","og_url":"https:\/\/mylipfiller.com\/es\/priere-tulip-1-x-1-1ml\/","og_site_name":"My Lip Filler","article_modified_time":"2024-05-20T15:10:35+00:00","og_image":[{"width":600,"height":600,"url":"https:\/\/cdn.mylipfiller.com\/wp-content\/uploads\/2024\/05\/Priere-Tulip.jpg","type":"image\/jpeg"}],"twitter_card":"summary_large_image","twitter_misc":{"Tiempo de lectura":"2 minutos"},"schema":{"@context":"https:\/\/schema.org","@graph":[{"@type":"WebPage","@id":"https:\/\/mylipfiller.com\/priere-tulip-1-x-1-1ml\/","url":"https:\/\/mylipfiller.com\/priere-tulip-1-x-1-1ml\/","name":"Comprar Priere Tulip (1 x 1,1 ml) - Rellenos de My Lip Filler","isPartOf":{"@id":"https:\/\/mylipfiller.com\/#website"},"primaryImageOfPage":{"@id":"https:\/\/mylipfiller.com\/priere-tulip-1-x-1-1ml\/#primaryimage"},"image":{"@id":"https:\/\/mylipfiller.com\/priere-tulip-1-x-1-1ml\/#primaryimage"},"thumbnailUrl":"https:\/\/cdn.mylipfiller.com\/wp-content\/uploads\/2024\/05\/Priere-Tulip.jpg","datePublished":"2024-05-20T15:09:15+00:00","dateModified":"2024-05-20T15:10:35+00:00","description":"\u2765Comprar Priere Tulip (1 x 1,1ml) \u23e9 Tienda online My Lip Filler \u27a6 Garant\u00eda de calidad, rese\u00f1as, ingredientes, \u00a1los mejores precios!","breadcrumb":{"@id":"https:\/\/mylipfiller.com\/priere-tulip-1-x-1-1ml\/#breadcrumb"},"inLanguage":"es","potentialAction":[{"@type":"ReadAction","target":["https:\/\/mylipfiller.com\/priere-tulip-1-x-1-1ml\/"]}]},{"@type":"ImageObject","inLanguage":"es","@id":"https:\/\/mylipfiller.com\/priere-tulip-1-x-1-1ml\/#primaryimage","url":"https:\/\/cdn.mylipfiller.com\/wp-content\/uploads\/2024\/05\/Priere-Tulip.jpg","contentUrl":"https:\/\/cdn.mylipfiller.com\/wp-content\/uploads\/2024\/05\/Priere-Tulip.jpg","width":600,"height":600,"caption":"Priere Tulip"},{"@type":"BreadcrumbList","@id":"https:\/\/mylipfiller.com\/priere-tulip-1-x-1-1ml\/#breadcrumb","itemListElement":[{"@type":"ListItem","position":1,"name":"Home","item":"https:\/\/mylipfiller.com\/"},{"@type":"ListItem","position":2,"name":"Shop","item":"https:\/\/mylipfiller.com\/shop\/"},{"@type":"ListItem","position":3,"name":"Priere Tulip (1 x 1.1ml)"}]},{"@type":"WebSite","@id":"https:\/\/mylipfiller.com\/#website","url":"https:\/\/mylipfiller.com\/","name":"Mi relleno de labios","description":"Rellenos d\u00e9rmicos y de labios con \u00e1cido hialur\u00f3nico","publisher":{"@id":"https:\/\/mylipfiller.com\/#organization"},"potentialAction":[{"@type":"SearchAction","target":{"@type":"EntryPoint","urlTemplate":"https:\/\/mylipfiller.com\/?s={search_term_string}"},"query-input":{"@type":"PropertyValueSpecification","valueRequired":true,"valueName":"search_term_string"}}],"inLanguage":"es"},{"@type":"Organization","@id":"https:\/\/mylipfiller.com\/#organization","name":"Mi relleno de labios","url":"https:\/\/mylipfiller.com\/","logo":{"@type":"ImageObject","inLanguage":"es","@id":"https:\/\/mylipfiller.com\/#\/schema\/logo\/image\/","url":"https:\/\/cdn.mylipfiller.com\/wp-content\/uploads\/2019\/02\/cropped-My-Lip-Filler-Logo.png","contentUrl":"https:\/\/cdn.mylipfiller.com\/wp-content\/uploads\/2019\/02\/cropped-My-Lip-Filler-Logo.png","width":240,"height":88,"caption":"My Lip Filler"},"image":{"@id":"https:\/\/mylipfiller.com\/#\/schema\/logo\/image\/"}}]}},"_links":{"self":[{"href":"https:\/\/mylipfiller.com\/es\/wp-json\/wp\/v2\/product\/41768","targetHints":{"allow":["GET"]}}],"collection":[{"href":"https:\/\/mylipfiller.com\/es\/wp-json\/wp\/v2\/product"}],"about":[{"href":"https:\/\/mylipfiller.com\/es\/wp-json\/wp\/v2\/types\/product"}],"wp:featuredmedia":[{"embeddable":true,"href":"https:\/\/mylipfiller.com\/es\/wp-json\/wp\/v2\/media\/41769"}],"wp:attachment":[{"href":"https:\/\/mylipfiller.com\/es\/wp-json\/wp\/v2\/media?parent=41768"}],"wp:term":[{"taxonomy":"product_brand","embeddable":true,"href":"https:\/\/mylipfiller.com\/es\/wp-json\/wp\/v2\/product_brand?post=41768"},{"taxonomy":"product_cat","embeddable":true,"href":"https:\/\/mylipfiller.com\/es\/wp-json\/wp\/v2\/product_cat?post=41768"},{"taxonomy":"product_tag","embeddable":true,"href":"https:\/\/mylipfiller.com\/es\/wp-json\/wp\/v2\/product_tag?post=41768"}],"curies":[{"name":"gracias","href":"https:\/\/api.w.org\/{rel}","templated":true}]}}