{"id":41772,"date":"2024-05-20T18:06:25","date_gmt":"2024-05-20T16:06:25","guid":{"rendered":"https:\/\/mylipfiller.com\/?post_type=product&#038;p=41772"},"modified":"2024-05-21T11:26:10","modified_gmt":"2024-05-21T09:26:10","slug":"reprima-i-polynucleotide-niacinamide-1-x-1-1ml","status":"publish","type":"product","link":"https:\/\/mylipfiller.com\/es\/reprima-i-polynucleotide-niacinamide-1-x-1-1ml\/","title":{"rendered":"RE:Prima i (Polinucle\u00f3tido \/ Niacinamida \u2013 1 x 1,1 ml)"},"content":{"rendered":"<p>Los skinboosters basados en polinucle\u00f3tidos son cada vez m\u00e1s populares debido a la alt\u00edsima eficacia que tiene esta sustancia derivada del esperma de salm\u00f3n en lo que respecta al rejuvenecimiento y la revitalizaci\u00f3n de la piel. Algunos de los efectos clave que ofrece el skinbosoter RE:Prima i PN incluyen:<\/p>\n<ul>\n<li>Aclaramiento de la hiperpigmentaci\u00f3n de la piel y eliminaci\u00f3n de ojeras.<\/li>\n<li>Suaviza las arrugas superficiales y las l\u00edneas de la piel.<\/li>\n<li>Mejora la elasticidad general de la piel y adem\u00e1s un efecto lifting moderado.<\/li>\n<li>Impulsa los procesos de curaci\u00f3n naturales y las capacidades de autocuraci\u00f3n de la piel. Cierra las heridas m\u00e1s r\u00e1pido.<\/li>\n<li>Alivia el acn\u00e9 de la piel y ayuda contra la formaci\u00f3n de cicatrices de acn\u00e9.<\/li>\n<li>Cierra los poros de la piel y previene la formaci\u00f3n de puntos oscuros y la hiperproducci\u00f3n de sebo.<\/li>\n<\/ul>\n<p>Adem\u00e1s, el RE:Prima i estimula la s\u00edntesis de col\u00e1geno y elastina en la dermis, al tiempo que ayuda a restaurar la matriz extracelular 3D de la piel. Este refuerzo de la piel tambi\u00e9n estimular\u00e1 los fibroblastos.<\/p>\n<p>En t\u00e9rminos de propiedades generales, el producto estimulante de la piel RE:Prima i es muy similar a la versi\u00f3n base y tiene la misma concentraci\u00f3n de polinucle\u00f3tidos: 2 mg. Sin embargo, para potenciar el efecto iluminador de la piel, el RE:Prima i tambi\u00e9n contiene niacinamida. Es un complejo de vitamina B con un fuerte efecto iluminador de la piel, lo que lo convierte en el producto ideal para personas que padecen diversas formas de hiperpigmentaci\u00f3n cut\u00e1nea. Al ser, principalmente, una soluci\u00f3n debajo de los ojos, tiene una eficacia superior cuando se trata de ojeras, espec\u00edficamente.<\/p>","protected":false},"excerpt":{"rendered":"<p>Nuevo y mejorado, el RE:Prima i toma todo lo bueno del skinbooster RE:Prima original y lo hace a\u00fan mejor. Combinando las propiedades rejuvenecedoras de la piel altamente efectivas de los polinucle\u00f3tidos con las propiedades iluminadoras de la piel de la niacinamida, es el relleno por excelencia para el \u00e1rea debajo de los ojos, en lo que respecta a la eliminaci\u00f3n de arrugas y l\u00edneas de la piel, adem\u00e1s de tratar las ojeras y las bolsas de los ojos.<\/p>","protected":false},"featured_media":41773,"template":"","meta":{"_acf_changed":false},"product_brand":[],"product_cat":[100,177,32],"product_tag":[138,144,111,126,147,113,143,137,108,119,148,127],"class_list":{"0":"post-41772","1":"product","2":"type-product","3":"status-publish","4":"has-post-thumbnail","6":"product_cat-prima","7":"product_cat-py-medical","8":"product_cat-soft","9":"product_tag-anti-aging","10":"product_tag-anti-wrinkle","11":"product_tag-face","12":"product_tag-fine-lines","13":"product_tag-moisturizing","14":"product_tag-periorbital-area","15":"product_tag-rejuvenating","16":"product_tag-south-korea","17":"product_tag-under-eye","18":"product_tag-up-to-9-months","19":"product_tag-upper-dermis","20":"product_tag-wrinkles-around-the-eyes","22":"first","23":"instock","24":"taxable","25":"shipping-taxable","26":"purchasable","27":"product-type-simple"},"acf":[],"yoast_head":"<!-- This site is optimized with the Yoast SEO plugin v27.3 - https:\/\/yoast.com\/product\/yoast-seo-wordpress\/ -->\n<title>Buy RE:Prima i (Polynucleotide \/ Niacinamide - 1 x 1.1ml) - Fillers from My Lip Filler<\/title>\n<meta name=\"description\" content=\"\u2765Buy RE:Prima i (Polynucleotide \/ Niacinamide - 1 x 1.1ml) \u23e9 My Lip Filler online store \u27a6 Quality assurance, reviews, ingredients, best prices!\" \/>\n<meta name=\"robots\" content=\"index, follow, max-snippet:-1, max-image-preview:large, max-video-preview:-1\" \/>\n<link rel=\"canonical\" href=\"https:\/\/mylipfiller.com\/es\/reprima-i-polynucleotide-niacinamide-1-x-1-1ml\/\" \/>\n<meta property=\"og:locale\" content=\"es_MX\" \/>\n<meta property=\"og:type\" content=\"article\" \/>\n<meta property=\"og:title\" content=\"Buy RE:Prima i (Polynucleotide \/ Niacinamide - 1 x 1.1ml) - Fillers from My Lip Filler\" \/>\n<meta property=\"og:description\" content=\"\u2765Buy RE:Prima i (Polynucleotide \/ Niacinamide - 1 x 1.1ml) \u23e9 My Lip Filler online store \u27a6 Quality assurance, reviews, ingredients, best prices!\" \/>\n<meta property=\"og:url\" content=\"https:\/\/mylipfiller.com\/es\/reprima-i-polynucleotide-niacinamide-1-x-1-1ml\/\" \/>\n<meta property=\"og:site_name\" content=\"My Lip Filler\" \/>\n<meta property=\"article:modified_time\" content=\"2024-05-21T09:26:10+00:00\" \/>\n<meta property=\"og:image\" content=\"https:\/\/cdn.mylipfiller.com\/wp-content\/uploads\/2024\/05\/RE-Prima-i.jpg\" \/>\n\t<meta property=\"og:image:width\" content=\"600\" \/>\n\t<meta property=\"og:image:height\" content=\"600\" \/>\n\t<meta property=\"og:image:type\" content=\"image\/jpeg\" \/>\n<meta name=\"twitter:card\" content=\"summary_large_image\" \/>\n<meta name=\"twitter:label1\" content=\"Tiempo de lectura\" \/>\n\t<meta name=\"twitter:data1\" content=\"2 minutos\" \/>\n<script type=\"application\/ld+json\" class=\"yoast-schema-graph\">{\"@context\":\"https:\\\/\\\/schema.org\",\"@graph\":[{\"@type\":\"WebPage\",\"@id\":\"https:\\\/\\\/mylipfiller.com\\\/reprima-i-polynucleotide-niacinamide-1-x-1-1ml\\\/\",\"url\":\"https:\\\/\\\/mylipfiller.com\\\/reprima-i-polynucleotide-niacinamide-1-x-1-1ml\\\/\",\"name\":\"Buy RE:Prima i (Polynucleotide \\\/ Niacinamide - 1 x 1.1ml) - Fillers from My Lip Filler\",\"isPartOf\":{\"@id\":\"https:\\\/\\\/mylipfiller.com\\\/#website\"},\"primaryImageOfPage\":{\"@id\":\"https:\\\/\\\/mylipfiller.com\\\/reprima-i-polynucleotide-niacinamide-1-x-1-1ml\\\/#primaryimage\"},\"image\":{\"@id\":\"https:\\\/\\\/mylipfiller.com\\\/reprima-i-polynucleotide-niacinamide-1-x-1-1ml\\\/#primaryimage\"},\"thumbnailUrl\":\"https:\\\/\\\/mylipfiller.com\\\/wp-content\\\/uploads\\\/2024\\\/05\\\/RE-Prima-i.jpg\",\"datePublished\":\"2024-05-20T16:06:25+00:00\",\"dateModified\":\"2024-05-21T09:26:10+00:00\",\"description\":\"\u2765Buy RE:Prima i (Polynucleotide \\\/ Niacinamide - 1 x 1.1ml) \u23e9 My Lip Filler online store \u27a6 Quality assurance, reviews, ingredients, best prices!\",\"breadcrumb\":{\"@id\":\"https:\\\/\\\/mylipfiller.com\\\/reprima-i-polynucleotide-niacinamide-1-x-1-1ml\\\/#breadcrumb\"},\"inLanguage\":\"es\",\"potentialAction\":[{\"@type\":\"ReadAction\",\"target\":[\"https:\\\/\\\/mylipfiller.com\\\/reprima-i-polynucleotide-niacinamide-1-x-1-1ml\\\/\"]}]},{\"@type\":\"ImageObject\",\"inLanguage\":\"es\",\"@id\":\"https:\\\/\\\/mylipfiller.com\\\/reprima-i-polynucleotide-niacinamide-1-x-1-1ml\\\/#primaryimage\",\"url\":\"https:\\\/\\\/mylipfiller.com\\\/wp-content\\\/uploads\\\/2024\\\/05\\\/RE-Prima-i.jpg\",\"contentUrl\":\"https:\\\/\\\/mylipfiller.com\\\/wp-content\\\/uploads\\\/2024\\\/05\\\/RE-Prima-i.jpg\",\"width\":600,\"height\":600,\"caption\":\"RE Prima i\"},{\"@type\":\"BreadcrumbList\",\"@id\":\"https:\\\/\\\/mylipfiller.com\\\/reprima-i-polynucleotide-niacinamide-1-x-1-1ml\\\/#breadcrumb\",\"itemListElement\":[{\"@type\":\"ListItem\",\"position\":1,\"name\":\"Home\",\"item\":\"https:\\\/\\\/mylipfiller.com\\\/\"},{\"@type\":\"ListItem\",\"position\":2,\"name\":\"Shop\",\"item\":\"https:\\\/\\\/mylipfiller.com\\\/shop\\\/\"},{\"@type\":\"ListItem\",\"position\":3,\"name\":\"RE:Prima i (Polynucleotide \\\/ Niacinamide &#8211; 1 x 1.1ml)\"}]},{\"@type\":\"WebSite\",\"@id\":\"https:\\\/\\\/mylipfiller.com\\\/#website\",\"url\":\"https:\\\/\\\/mylipfiller.com\\\/\",\"name\":\"My Lip Filler\",\"description\":\"Hyaluronic Acid Lip and Dermal Fillers\",\"publisher\":{\"@id\":\"https:\\\/\\\/mylipfiller.com\\\/#organization\"},\"potentialAction\":[{\"@type\":\"SearchAction\",\"target\":{\"@type\":\"EntryPoint\",\"urlTemplate\":\"https:\\\/\\\/mylipfiller.com\\\/?s={search_term_string}\"},\"query-input\":{\"@type\":\"PropertyValueSpecification\",\"valueRequired\":true,\"valueName\":\"search_term_string\"}}],\"inLanguage\":\"es\"},{\"@type\":\"Organization\",\"@id\":\"https:\\\/\\\/mylipfiller.com\\\/#organization\",\"name\":\"My Lip Filler\",\"url\":\"https:\\\/\\\/mylipfiller.com\\\/\",\"logo\":{\"@type\":\"ImageObject\",\"inLanguage\":\"es\",\"@id\":\"https:\\\/\\\/mylipfiller.com\\\/#\\\/schema\\\/logo\\\/image\\\/\",\"url\":\"https:\\\/\\\/mylipfiller.com\\\/wp-content\\\/uploads\\\/2019\\\/02\\\/cropped-My-Lip-Filler-Logo.png\",\"contentUrl\":\"https:\\\/\\\/mylipfiller.com\\\/wp-content\\\/uploads\\\/2019\\\/02\\\/cropped-My-Lip-Filler-Logo.png\",\"width\":240,\"height\":88,\"caption\":\"My Lip Filler\"},\"image\":{\"@id\":\"https:\\\/\\\/mylipfiller.com\\\/#\\\/schema\\\/logo\\\/image\\\/\"}}]}<\/script>\n<!-- \/ Yoast SEO plugin. -->","yoast_head_json":{"title":"Compre RE:Prima i (Polinucle\u00f3tido \/ Niacinamida - 1 x 1,1 ml) - Rellenos de My Lip Filler","description":"\u2765Compre RE:Prima i (Polinucle\u00f3tido \/ Niacinamida - 1 x 1,1 ml) \u23e9 Tienda online My Lip Filler \u27a6 Garant\u00eda de calidad, rese\u00f1as, ingredientes, \u00a1los mejores precios!","robots":{"index":"index","follow":"follow","max-snippet":"max-snippet:-1","max-image-preview":"max-image-preview:large","max-video-preview":"max-video-preview:-1"},"canonical":"https:\/\/mylipfiller.com\/es\/reprima-i-polynucleotide-niacinamide-1-x-1-1ml\/","og_locale":"es_MX","og_type":"article","og_title":"Buy RE:Prima i (Polynucleotide \/ Niacinamide - 1 x 1.1ml) - Fillers from My Lip Filler","og_description":"\u2765Buy RE:Prima i (Polynucleotide \/ Niacinamide - 1 x 1.1ml) \u23e9 My Lip Filler online store \u27a6 Quality assurance, reviews, ingredients, best prices!","og_url":"https:\/\/mylipfiller.com\/es\/reprima-i-polynucleotide-niacinamide-1-x-1-1ml\/","og_site_name":"My Lip Filler","article_modified_time":"2024-05-21T09:26:10+00:00","og_image":[{"width":600,"height":600,"url":"https:\/\/cdn.mylipfiller.com\/wp-content\/uploads\/2024\/05\/RE-Prima-i.jpg","type":"image\/jpeg"}],"twitter_card":"summary_large_image","twitter_misc":{"Tiempo de lectura":"2 minutos"},"schema":{"@context":"https:\/\/schema.org","@graph":[{"@type":"WebPage","@id":"https:\/\/mylipfiller.com\/reprima-i-polynucleotide-niacinamide-1-x-1-1ml\/","url":"https:\/\/mylipfiller.com\/reprima-i-polynucleotide-niacinamide-1-x-1-1ml\/","name":"Compre RE:Prima i (Polinucle\u00f3tido \/ Niacinamida - 1 x 1,1 ml) - Rellenos de My Lip Filler","isPartOf":{"@id":"https:\/\/mylipfiller.com\/#website"},"primaryImageOfPage":{"@id":"https:\/\/mylipfiller.com\/reprima-i-polynucleotide-niacinamide-1-x-1-1ml\/#primaryimage"},"image":{"@id":"https:\/\/mylipfiller.com\/reprima-i-polynucleotide-niacinamide-1-x-1-1ml\/#primaryimage"},"thumbnailUrl":"https:\/\/cdn.mylipfiller.com\/wp-content\/uploads\/2024\/05\/RE-Prima-i.jpg","datePublished":"2024-05-20T16:06:25+00:00","dateModified":"2024-05-21T09:26:10+00:00","description":"\u2765Compre RE:Prima i (Polinucle\u00f3tido \/ Niacinamida - 1 x 1,1 ml) \u23e9 Tienda online My Lip Filler \u27a6 Garant\u00eda de calidad, rese\u00f1as, ingredientes, \u00a1los mejores precios!","breadcrumb":{"@id":"https:\/\/mylipfiller.com\/reprima-i-polynucleotide-niacinamide-1-x-1-1ml\/#breadcrumb"},"inLanguage":"es","potentialAction":[{"@type":"ReadAction","target":["https:\/\/mylipfiller.com\/reprima-i-polynucleotide-niacinamide-1-x-1-1ml\/"]}]},{"@type":"ImageObject","inLanguage":"es","@id":"https:\/\/mylipfiller.com\/reprima-i-polynucleotide-niacinamide-1-x-1-1ml\/#primaryimage","url":"https:\/\/cdn.mylipfiller.com\/wp-content\/uploads\/2024\/05\/RE-Prima-i.jpg","contentUrl":"https:\/\/cdn.mylipfiller.com\/wp-content\/uploads\/2024\/05\/RE-Prima-i.jpg","width":600,"height":600,"caption":"RE Prima i"},{"@type":"BreadcrumbList","@id":"https:\/\/mylipfiller.com\/reprima-i-polynucleotide-niacinamide-1-x-1-1ml\/#breadcrumb","itemListElement":[{"@type":"ListItem","position":1,"name":"Home","item":"https:\/\/mylipfiller.com\/"},{"@type":"ListItem","position":2,"name":"Shop","item":"https:\/\/mylipfiller.com\/shop\/"},{"@type":"ListItem","position":3,"name":"RE:Prima i (Polynucleotide \/ Niacinamide &#8211; 1 x 1.1ml)"}]},{"@type":"WebSite","@id":"https:\/\/mylipfiller.com\/#website","url":"https:\/\/mylipfiller.com\/","name":"Mi relleno de labios","description":"Rellenos d\u00e9rmicos y de labios con \u00e1cido hialur\u00f3nico","publisher":{"@id":"https:\/\/mylipfiller.com\/#organization"},"potentialAction":[{"@type":"SearchAction","target":{"@type":"EntryPoint","urlTemplate":"https:\/\/mylipfiller.com\/?s={search_term_string}"},"query-input":{"@type":"PropertyValueSpecification","valueRequired":true,"valueName":"search_term_string"}}],"inLanguage":"es"},{"@type":"Organization","@id":"https:\/\/mylipfiller.com\/#organization","name":"Mi relleno de labios","url":"https:\/\/mylipfiller.com\/","logo":{"@type":"ImageObject","inLanguage":"es","@id":"https:\/\/mylipfiller.com\/#\/schema\/logo\/image\/","url":"https:\/\/cdn.mylipfiller.com\/wp-content\/uploads\/2019\/02\/cropped-My-Lip-Filler-Logo.png","contentUrl":"https:\/\/cdn.mylipfiller.com\/wp-content\/uploads\/2019\/02\/cropped-My-Lip-Filler-Logo.png","width":240,"height":88,"caption":"My Lip Filler"},"image":{"@id":"https:\/\/mylipfiller.com\/#\/schema\/logo\/image\/"}}]}},"_links":{"self":[{"href":"https:\/\/mylipfiller.com\/es\/wp-json\/wp\/v2\/product\/41772","targetHints":{"allow":["GET"]}}],"collection":[{"href":"https:\/\/mylipfiller.com\/es\/wp-json\/wp\/v2\/product"}],"about":[{"href":"https:\/\/mylipfiller.com\/es\/wp-json\/wp\/v2\/types\/product"}],"wp:featuredmedia":[{"embeddable":true,"href":"https:\/\/mylipfiller.com\/es\/wp-json\/wp\/v2\/media\/41773"}],"wp:attachment":[{"href":"https:\/\/mylipfiller.com\/es\/wp-json\/wp\/v2\/media?parent=41772"}],"wp:term":[{"taxonomy":"product_brand","embeddable":true,"href":"https:\/\/mylipfiller.com\/es\/wp-json\/wp\/v2\/product_brand?post=41772"},{"taxonomy":"product_cat","embeddable":true,"href":"https:\/\/mylipfiller.com\/es\/wp-json\/wp\/v2\/product_cat?post=41772"},{"taxonomy":"product_tag","embeddable":true,"href":"https:\/\/mylipfiller.com\/es\/wp-json\/wp\/v2\/product_tag?post=41772"}],"curies":[{"name":"gracias","href":"https:\/\/api.w.org\/{rel}","templated":true}]}}