{"id":41844,"date":"2024-07-06T08:55:09","date_gmt":"2024-07-06T06:55:09","guid":{"rendered":"https:\/\/mylipfiller.com\/?post_type=product&#038;p=41844"},"modified":"2024-07-08T15:40:48","modified_gmt":"2024-07-08T13:40:48","slug":"sunekos-1200-skinbooster","status":"publish","type":"product","link":"https:\/\/mylipfiller.com\/es\/sunekos-1200-skinbooster\/","title":{"rendered":"Sunekos 1200 \u2013 Refuerzo de piel"},"content":{"rendered":"<p>Sunekos 1200 es de hecho un producto casi inigualable en el mercado de la belleza. Si bien la mayor\u00eda de los potenciadores de la piel son principalmente efectivos con respecto a las arrugas superficiales y las depresiones cut\u00e1neas muy superficiales, el 1200 de la serie Sunekos de productos HA\/amino\u00e1cidos proporciona resultados notablemente poderosos incluso con depresiones cut\u00e1neas muy profundas. No s\u00f3lo eso, sino que el \u00e1cido hialur\u00f3nico de alto peso molecular, de m\u00e1s de 1 Mio Dalton, defiende los fibroblastos de la matriz extracelular de la influencia muy da\u00f1ina de los radicales libres, actuando como un antioxidante. De esta forma, se evita que uno de los principales factores causantes del envejecimiento cut\u00e1neo ejerza su efecto negativo.<\/p>\n<p>Mejorando ese efecto positivo, el c\u00f3ctel de amino\u00e1cidos de Sunekos 1200 cuida el bienestar de la piel a largo plazo. Estimular el fibroblasto para que sintetice mucho m\u00e1s col\u00e1geno y produzca una mayor cantidad de fibras de elastina. Esto est\u00e1 directamente relacionado con la fuerza de las estructuras de soporte de la piel en la matriz extracelular. Naturalmente, esto proporciona un efecto lifting visible sobre el relleno de la depresi\u00f3n de la piel, alisando la piel y levantando los tejidos cut\u00e1neos ca\u00eddos.<\/p>\n<p>Todo esto convierte al Suenkos 1200 en una de las mejores opciones para un rejuvenecimiento completo y completo de la piel, no s\u00f3lo del rostro, sino tambi\u00e9n de las manos y el cuello. Se pueden esperar resultados excelentes y duraderos de 3 a 4 meses despu\u00e9s de tan solo un \u00fanico procedimiento con el skinbooster.<\/p>","protected":false},"excerpt":{"rendered":"<p>\u00danico entre los potenciadores de la piel, Sunekos 1200 es, posiblemente, el \u00fanico producto meso de su tipo que combina revitalizaci\u00f3n y rejuvenecimiento de la piel a largo plazo con una ganancia\/restauraci\u00f3n visible del volumen de la piel. Combate el envejecimiento prematuro, protege los fibroblastos de los radicales libres, rellena las arrugas y pliegues profundos de la piel y restaura las estructuras de soporte de la matriz extracelular. Combinado con Sunekos 200, puede ofrecer una voluminizaci\u00f3n profunda y duradera, algo poco caracter\u00edstico de la mayor\u00eda de los potenciadores de la piel.<\/p>","protected":false},"featured_media":41849,"template":"","meta":{"_acf_changed":false},"product_brand":[],"product_cat":[18,194],"product_tag":[138,144,111,118,129,145,143,139,132],"class_list":{"0":"post-41844","1":"product","2":"type-product","3":"status-publish","4":"has-post-thumbnail","6":"product_cat-mesotherapy","7":"product_cat-sunekos","8":"product_tag-anti-aging","9":"product_tag-anti-wrinkle","10":"product_tag-face","11":"product_tag-high-density","12":"product_tag-neck-wrinkles","13":"product_tag-nourishing","14":"product_tag-rejuvenating","15":"product_tag-restoration","16":"product_tag-sagging-skin","18":"first","19":"instock","20":"taxable","21":"shipping-taxable","22":"purchasable","23":"product-type-simple"},"acf":[],"yoast_head":"<!-- This site is optimized with the Yoast SEO plugin v27.4 - https:\/\/yoast.com\/product\/yoast-seo-wordpress\/ -->\n<title>Buy Sunekos 1200 - Skinbooster - Fillers from My Lip Filler<\/title>\n<meta name=\"description\" content=\"\u2765Buy Sunekos 1200 - Skinbooster \u23e9 My Lip Filler online store \u27a6 Quality assurance, reviews, ingredients, best prices!\" \/>\n<meta name=\"robots\" content=\"index, follow, max-snippet:-1, max-image-preview:large, max-video-preview:-1\" \/>\n<link rel=\"canonical\" href=\"https:\/\/mylipfiller.com\/es\/sunekos-1200-skinbooster\/\" \/>\n<meta property=\"og:locale\" content=\"es_MX\" \/>\n<meta property=\"og:type\" content=\"article\" \/>\n<meta property=\"og:title\" content=\"Buy Sunekos 1200 - Skinbooster - Fillers from My Lip Filler\" \/>\n<meta property=\"og:description\" content=\"\u2765Buy Sunekos 1200 - Skinbooster \u23e9 My Lip Filler online store \u27a6 Quality assurance, reviews, ingredients, best prices!\" \/>\n<meta property=\"og:url\" content=\"https:\/\/mylipfiller.com\/es\/sunekos-1200-skinbooster\/\" \/>\n<meta property=\"og:site_name\" content=\"My Lip Filler\" \/>\n<meta property=\"article:modified_time\" content=\"2024-07-08T13:40:48+00:00\" \/>\n<meta property=\"og:image\" content=\"https:\/\/cdn.mylipfiller.com\/wp-content\/uploads\/2024\/07\/Sunekos-1200.jpg\" \/>\n\t<meta property=\"og:image:width\" content=\"600\" \/>\n\t<meta property=\"og:image:height\" content=\"600\" \/>\n\t<meta property=\"og:image:type\" content=\"image\/jpeg\" \/>\n<meta name=\"twitter:card\" content=\"summary_large_image\" \/>\n<meta name=\"twitter:label1\" content=\"Tiempo de lectura\" \/>\n\t<meta name=\"twitter:data1\" content=\"2 minutos\" \/>\n<script type=\"application\/ld+json\" class=\"yoast-schema-graph\">{\"@context\":\"https:\\\/\\\/schema.org\",\"@graph\":[{\"@type\":\"WebPage\",\"@id\":\"https:\\\/\\\/mylipfiller.com\\\/sunekos-1200-skinbooster\\\/\",\"url\":\"https:\\\/\\\/mylipfiller.com\\\/sunekos-1200-skinbooster\\\/\",\"name\":\"Buy Sunekos 1200 - Skinbooster - Fillers from My Lip Filler\",\"isPartOf\":{\"@id\":\"https:\\\/\\\/mylipfiller.com\\\/#website\"},\"primaryImageOfPage\":{\"@id\":\"https:\\\/\\\/mylipfiller.com\\\/sunekos-1200-skinbooster\\\/#primaryimage\"},\"image\":{\"@id\":\"https:\\\/\\\/mylipfiller.com\\\/sunekos-1200-skinbooster\\\/#primaryimage\"},\"thumbnailUrl\":\"https:\\\/\\\/mylipfiller.com\\\/wp-content\\\/uploads\\\/2024\\\/07\\\/Sunekos-1200.jpg\",\"datePublished\":\"2024-07-06T06:55:09+00:00\",\"dateModified\":\"2024-07-08T13:40:48+00:00\",\"description\":\"\u2765Buy Sunekos 1200 - Skinbooster \u23e9 My Lip Filler online store \u27a6 Quality assurance, reviews, ingredients, best prices!\",\"breadcrumb\":{\"@id\":\"https:\\\/\\\/mylipfiller.com\\\/sunekos-1200-skinbooster\\\/#breadcrumb\"},\"inLanguage\":\"es\",\"potentialAction\":[{\"@type\":\"ReadAction\",\"target\":[\"https:\\\/\\\/mylipfiller.com\\\/sunekos-1200-skinbooster\\\/\"]}]},{\"@type\":\"ImageObject\",\"inLanguage\":\"es\",\"@id\":\"https:\\\/\\\/mylipfiller.com\\\/sunekos-1200-skinbooster\\\/#primaryimage\",\"url\":\"https:\\\/\\\/mylipfiller.com\\\/wp-content\\\/uploads\\\/2024\\\/07\\\/Sunekos-1200.jpg\",\"contentUrl\":\"https:\\\/\\\/mylipfiller.com\\\/wp-content\\\/uploads\\\/2024\\\/07\\\/Sunekos-1200.jpg\",\"width\":600,\"height\":600,\"caption\":\"Sunekos 1200 Skinbooster\"},{\"@type\":\"BreadcrumbList\",\"@id\":\"https:\\\/\\\/mylipfiller.com\\\/sunekos-1200-skinbooster\\\/#breadcrumb\",\"itemListElement\":[{\"@type\":\"ListItem\",\"position\":1,\"name\":\"Home\",\"item\":\"https:\\\/\\\/mylipfiller.com\\\/\"},{\"@type\":\"ListItem\",\"position\":2,\"name\":\"Shop\",\"item\":\"https:\\\/\\\/mylipfiller.com\\\/shop\\\/\"},{\"@type\":\"ListItem\",\"position\":3,\"name\":\"Sunekos 1200 &#8211; Skinbooster\"}]},{\"@type\":\"WebSite\",\"@id\":\"https:\\\/\\\/mylipfiller.com\\\/#website\",\"url\":\"https:\\\/\\\/mylipfiller.com\\\/\",\"name\":\"My Lip Filler\",\"description\":\"Hyaluronic Acid Lip and Dermal Fillers\",\"publisher\":{\"@id\":\"https:\\\/\\\/mylipfiller.com\\\/#organization\"},\"potentialAction\":[{\"@type\":\"SearchAction\",\"target\":{\"@type\":\"EntryPoint\",\"urlTemplate\":\"https:\\\/\\\/mylipfiller.com\\\/?s={search_term_string}\"},\"query-input\":{\"@type\":\"PropertyValueSpecification\",\"valueRequired\":true,\"valueName\":\"search_term_string\"}}],\"inLanguage\":\"es\"},{\"@type\":\"Organization\",\"@id\":\"https:\\\/\\\/mylipfiller.com\\\/#organization\",\"name\":\"My Lip Filler\",\"url\":\"https:\\\/\\\/mylipfiller.com\\\/\",\"logo\":{\"@type\":\"ImageObject\",\"inLanguage\":\"es\",\"@id\":\"https:\\\/\\\/mylipfiller.com\\\/#\\\/schema\\\/logo\\\/image\\\/\",\"url\":\"https:\\\/\\\/mylipfiller.com\\\/wp-content\\\/uploads\\\/2019\\\/02\\\/cropped-My-Lip-Filler-Logo.png\",\"contentUrl\":\"https:\\\/\\\/mylipfiller.com\\\/wp-content\\\/uploads\\\/2019\\\/02\\\/cropped-My-Lip-Filler-Logo.png\",\"width\":240,\"height\":88,\"caption\":\"My Lip Filler\"},\"image\":{\"@id\":\"https:\\\/\\\/mylipfiller.com\\\/#\\\/schema\\\/logo\\\/image\\\/\"}}]}<\/script>\n<!-- \/ Yoast SEO plugin. -->","yoast_head_json":{"title":"Comprar Sunekos 1200 - Skinbooster - Rellenos de My Lip Filler","description":"\u2765Compra Sunekos 1200 - Skinbooster \u23e9 Tienda online My Lip Filler \u27a6 Garant\u00eda de calidad, rese\u00f1as, ingredientes, \u00a1los mejores precios!","robots":{"index":"index","follow":"follow","max-snippet":"max-snippet:-1","max-image-preview":"max-image-preview:large","max-video-preview":"max-video-preview:-1"},"canonical":"https:\/\/mylipfiller.com\/es\/sunekos-1200-skinbooster\/","og_locale":"es_MX","og_type":"article","og_title":"Buy Sunekos 1200 - Skinbooster - Fillers from My Lip Filler","og_description":"\u2765Buy Sunekos 1200 - Skinbooster \u23e9 My Lip Filler online store \u27a6 Quality assurance, reviews, ingredients, best prices!","og_url":"https:\/\/mylipfiller.com\/es\/sunekos-1200-skinbooster\/","og_site_name":"My Lip Filler","article_modified_time":"2024-07-08T13:40:48+00:00","og_image":[{"width":600,"height":600,"url":"https:\/\/cdn.mylipfiller.com\/wp-content\/uploads\/2024\/07\/Sunekos-1200.jpg","type":"image\/jpeg"}],"twitter_card":"summary_large_image","twitter_misc":{"Tiempo de lectura":"2 minutos"},"schema":{"@context":"https:\/\/schema.org","@graph":[{"@type":"WebPage","@id":"https:\/\/mylipfiller.com\/sunekos-1200-skinbooster\/","url":"https:\/\/mylipfiller.com\/sunekos-1200-skinbooster\/","name":"Comprar Sunekos 1200 - Skinbooster - Rellenos de My Lip Filler","isPartOf":{"@id":"https:\/\/mylipfiller.com\/#website"},"primaryImageOfPage":{"@id":"https:\/\/mylipfiller.com\/sunekos-1200-skinbooster\/#primaryimage"},"image":{"@id":"https:\/\/mylipfiller.com\/sunekos-1200-skinbooster\/#primaryimage"},"thumbnailUrl":"https:\/\/cdn.mylipfiller.com\/wp-content\/uploads\/2024\/07\/Sunekos-1200.jpg","datePublished":"2024-07-06T06:55:09+00:00","dateModified":"2024-07-08T13:40:48+00:00","description":"\u2765Compra Sunekos 1200 - Skinbooster \u23e9 Tienda online My Lip Filler \u27a6 Garant\u00eda de calidad, rese\u00f1as, ingredientes, \u00a1los mejores precios!","breadcrumb":{"@id":"https:\/\/mylipfiller.com\/sunekos-1200-skinbooster\/#breadcrumb"},"inLanguage":"es","potentialAction":[{"@type":"ReadAction","target":["https:\/\/mylipfiller.com\/sunekos-1200-skinbooster\/"]}]},{"@type":"ImageObject","inLanguage":"es","@id":"https:\/\/mylipfiller.com\/sunekos-1200-skinbooster\/#primaryimage","url":"https:\/\/cdn.mylipfiller.com\/wp-content\/uploads\/2024\/07\/Sunekos-1200.jpg","contentUrl":"https:\/\/cdn.mylipfiller.com\/wp-content\/uploads\/2024\/07\/Sunekos-1200.jpg","width":600,"height":600,"caption":"Sunekos 1200 Skinbooster"},{"@type":"BreadcrumbList","@id":"https:\/\/mylipfiller.com\/sunekos-1200-skinbooster\/#breadcrumb","itemListElement":[{"@type":"ListItem","position":1,"name":"Home","item":"https:\/\/mylipfiller.com\/"},{"@type":"ListItem","position":2,"name":"Shop","item":"https:\/\/mylipfiller.com\/shop\/"},{"@type":"ListItem","position":3,"name":"Sunekos 1200 &#8211; Skinbooster"}]},{"@type":"WebSite","@id":"https:\/\/mylipfiller.com\/#website","url":"https:\/\/mylipfiller.com\/","name":"Mi relleno de labios","description":"Rellenos d\u00e9rmicos y de labios con \u00e1cido hialur\u00f3nico","publisher":{"@id":"https:\/\/mylipfiller.com\/#organization"},"potentialAction":[{"@type":"SearchAction","target":{"@type":"EntryPoint","urlTemplate":"https:\/\/mylipfiller.com\/?s={search_term_string}"},"query-input":{"@type":"PropertyValueSpecification","valueRequired":true,"valueName":"search_term_string"}}],"inLanguage":"es"},{"@type":"Organization","@id":"https:\/\/mylipfiller.com\/#organization","name":"Mi relleno de labios","url":"https:\/\/mylipfiller.com\/","logo":{"@type":"ImageObject","inLanguage":"es","@id":"https:\/\/mylipfiller.com\/#\/schema\/logo\/image\/","url":"https:\/\/cdn.mylipfiller.com\/wp-content\/uploads\/2019\/02\/cropped-My-Lip-Filler-Logo.png","contentUrl":"https:\/\/cdn.mylipfiller.com\/wp-content\/uploads\/2019\/02\/cropped-My-Lip-Filler-Logo.png","width":240,"height":88,"caption":"My Lip Filler"},"image":{"@id":"https:\/\/mylipfiller.com\/#\/schema\/logo\/image\/"}}]}},"_links":{"self":[{"href":"https:\/\/mylipfiller.com\/es\/wp-json\/wp\/v2\/product\/41844","targetHints":{"allow":["GET"]}}],"collection":[{"href":"https:\/\/mylipfiller.com\/es\/wp-json\/wp\/v2\/product"}],"about":[{"href":"https:\/\/mylipfiller.com\/es\/wp-json\/wp\/v2\/types\/product"}],"wp:featuredmedia":[{"embeddable":true,"href":"https:\/\/mylipfiller.com\/es\/wp-json\/wp\/v2\/media\/41849"}],"wp:attachment":[{"href":"https:\/\/mylipfiller.com\/es\/wp-json\/wp\/v2\/media?parent=41844"}],"wp:term":[{"taxonomy":"product_brand","embeddable":true,"href":"https:\/\/mylipfiller.com\/es\/wp-json\/wp\/v2\/product_brand?post=41844"},{"taxonomy":"product_cat","embeddable":true,"href":"https:\/\/mylipfiller.com\/es\/wp-json\/wp\/v2\/product_cat?post=41844"},{"taxonomy":"product_tag","embeddable":true,"href":"https:\/\/mylipfiller.com\/es\/wp-json\/wp\/v2\/product_tag?post=41844"}],"curies":[{"name":"gracias","href":"https:\/\/api.w.org\/{rel}","templated":true}]}}