{"id":41846,"date":"2024-07-06T08:59:32","date_gmt":"2024-07-06T06:59:32","guid":{"rendered":"https:\/\/mylipfiller.com\/?post_type=product&#038;p=41846"},"modified":"2024-07-08T15:40:55","modified_gmt":"2024-07-08T13:40:55","slug":"sunekos-performa-2-x-3-5ml-skinbooster","status":"publish","type":"product","link":"https:\/\/mylipfiller.com\/es\/sunekos-performa-2-x-3-5ml-skinbooster\/","title":{"rendered":"Sunekos Performa (2 x 3,5 ml) Refuerzo de la piel"},"content":{"rendered":"<p>Los principales fabricantes de cosm\u00e9ticos profesionales y de belleza se han dado cuenta de que la combinaci\u00f3n de amino\u00e1cidos o p\u00e9ptidos con \u00e1cido hialur\u00f3nico (generalmente en forma de su sal, el hialuronato de sodio), es una de las formas m\u00e1s efectivas de mejorar la piel en general. condici\u00f3n. Mientras que los rellenos tienen un efecto m\u00e1s &quot;mec\u00e1nico&quot;, Sunekos Performa skinbooster se ocupa de problemas m\u00e1s profundos como la sequedad de la piel y el desequilibrio de hidrataci\u00f3n, el da\u00f1o estructural a la matriz extracelular y la capacidad naturalmente reducida de la piel cansada y envejecida para sintetizar col\u00e1geno y elastina.<\/p>\n<p>Potenciar la hidrataci\u00f3n es el primer problema que debe abordar cualquier producto de rejuvenecimiento d\u00e9rmico, incluido Sunekos Performa. Aprovechando la capacidad de la mol\u00e9cula de HA para retener cientos de veces su propio peso en agua, una suspensi\u00f3n hialur\u00f3nica es justo lo que la piel cansada y seca necesita para obtener un impulso inmediato. Una dosis alta de \u00e1cido hialur\u00f3nico por s\u00ed sola es suficiente para tener un efecto beneficioso notable y duradero para la piel. Sin mencionar que el HA de bajo peso molecular es muy eficaz para llenar el espacio de la matriz extracelular, ayudando a crear las condiciones perfectas para la s\u00edntesis de col\u00e1geno y elastina.<\/p>\n<p>Sin embargo, para acelerar ese proceso, Sunekos Performa utiliza una mezcla especial patentada de amino\u00e1cidos, conocida como HY6AA. Las pruebas han demostrado que la s\u00edntesis de col\u00e1geno y elastina en la piel se puede amplificar hasta casi el doble de los niveles alcanzables con los potenciadores de la piel habituales.<\/p>","protected":false},"excerpt":{"rendered":"<p>Uno de los principales potenciadores de col\u00e1geno provenientes de Italia, Sunekos Performa es la combinaci\u00f3n ideal entre \u00e1cido hialru\u00f3nico no reticulado de bajo peso y una mezcla de p\u00e9ptidos especialmente seleccionada. Al mezclar el poder del hialuronato de sodio y la f\u00f3rmula patentada de amino\u00e1cidos HY6AA, Sunekos Performa aporta un rejuvenecimiento profundo y altamente eficaz a la piel en varias partes del rostro y el cuerpo. Esta soluci\u00f3n de mesoterapia brinda resultados r\u00e1pidos en la reactivaci\u00f3n de las c\u00e9lulas de la piel, combinados con un efecto positivo a largo plazo.<\/p>","protected":false},"featured_media":41850,"template":"","meta":{"_acf_changed":false},"product_brand":[],"product_cat":[18,194],"product_tag":[138,144,125,111,126,112,128,117,150,147,129,145,143,139,146],"class_list":{"0":"post-41846","1":"product","2":"type-product","3":"status-publish","4":"has-post-thumbnail","6":"product_cat-mesotherapy","7":"product_cat-sunekos","8":"product_tag-anti-aging","9":"product_tag-anti-wrinkle","10":"product_tag-crows-feet","11":"product_tag-face","12":"product_tag-fine-lines","13":"product_tag-forehead","14":"product_tag-forehead-wrinkles","15":"product_tag-low-density","16":"product_tag-mesococktails","17":"product_tag-moisturizing","18":"product_tag-neck-wrinkles","19":"product_tag-nourishing","20":"product_tag-rejuvenating","21":"product_tag-restoration","22":"product_tag-smoothing","24":"first","25":"instock","26":"taxable","27":"shipping-taxable","28":"purchasable","29":"product-type-simple"},"acf":[],"yoast_head":"<!-- This site is optimized with the Yoast SEO plugin v27.3 - https:\/\/yoast.com\/product\/yoast-seo-wordpress\/ -->\n<title>Buy Sunekos Performa (2 x 3.5ml) Skinbooster - Fillers from My Lip Filler<\/title>\n<meta name=\"description\" content=\"\u2765Buy Sunekos Performa (2 x 3.5ml) Skinbooster \u23e9 My Lip Filler online store \u27a6 Quality assurance, reviews, ingredients, best prices!\" \/>\n<meta name=\"robots\" content=\"index, follow, max-snippet:-1, max-image-preview:large, max-video-preview:-1\" \/>\n<link rel=\"canonical\" href=\"https:\/\/mylipfiller.com\/es\/sunekos-performa-2-x-3-5ml-skinbooster\/\" \/>\n<meta property=\"og:locale\" content=\"es_MX\" \/>\n<meta property=\"og:type\" content=\"article\" \/>\n<meta property=\"og:title\" content=\"Buy Sunekos Performa (2 x 3.5ml) Skinbooster - Fillers from My Lip Filler\" \/>\n<meta property=\"og:description\" content=\"\u2765Buy Sunekos Performa (2 x 3.5ml) Skinbooster \u23e9 My Lip Filler online store \u27a6 Quality assurance, reviews, ingredients, best prices!\" \/>\n<meta property=\"og:url\" content=\"https:\/\/mylipfiller.com\/es\/sunekos-performa-2-x-3-5ml-skinbooster\/\" \/>\n<meta property=\"og:site_name\" content=\"My Lip Filler\" \/>\n<meta property=\"article:modified_time\" content=\"2024-07-08T13:40:55+00:00\" \/>\n<meta property=\"og:image\" content=\"https:\/\/cdn.mylipfiller.com\/wp-content\/uploads\/2024\/07\/Sunekos-Performa.jpg\" \/>\n\t<meta property=\"og:image:width\" content=\"600\" \/>\n\t<meta property=\"og:image:height\" content=\"600\" \/>\n\t<meta property=\"og:image:type\" content=\"image\/jpeg\" \/>\n<meta name=\"twitter:card\" content=\"summary_large_image\" \/>\n<meta name=\"twitter:label1\" content=\"Tiempo de lectura\" \/>\n\t<meta name=\"twitter:data1\" content=\"2 minutos\" \/>\n<script type=\"application\/ld+json\" class=\"yoast-schema-graph\">{\"@context\":\"https:\\\/\\\/schema.org\",\"@graph\":[{\"@type\":\"WebPage\",\"@id\":\"https:\\\/\\\/mylipfiller.com\\\/sunekos-performa-2-x-3-5ml-skinbooster\\\/\",\"url\":\"https:\\\/\\\/mylipfiller.com\\\/sunekos-performa-2-x-3-5ml-skinbooster\\\/\",\"name\":\"Buy Sunekos Performa (2 x 3.5ml) Skinbooster - Fillers from My Lip Filler\",\"isPartOf\":{\"@id\":\"https:\\\/\\\/mylipfiller.com\\\/#website\"},\"primaryImageOfPage\":{\"@id\":\"https:\\\/\\\/mylipfiller.com\\\/sunekos-performa-2-x-3-5ml-skinbooster\\\/#primaryimage\"},\"image\":{\"@id\":\"https:\\\/\\\/mylipfiller.com\\\/sunekos-performa-2-x-3-5ml-skinbooster\\\/#primaryimage\"},\"thumbnailUrl\":\"https:\\\/\\\/mylipfiller.com\\\/wp-content\\\/uploads\\\/2024\\\/07\\\/Sunekos-Performa.jpg\",\"datePublished\":\"2024-07-06T06:59:32+00:00\",\"dateModified\":\"2024-07-08T13:40:55+00:00\",\"description\":\"\u2765Buy Sunekos Performa (2 x 3.5ml) Skinbooster \u23e9 My Lip Filler online store \u27a6 Quality assurance, reviews, ingredients, best prices!\",\"breadcrumb\":{\"@id\":\"https:\\\/\\\/mylipfiller.com\\\/sunekos-performa-2-x-3-5ml-skinbooster\\\/#breadcrumb\"},\"inLanguage\":\"es\",\"potentialAction\":[{\"@type\":\"ReadAction\",\"target\":[\"https:\\\/\\\/mylipfiller.com\\\/sunekos-performa-2-x-3-5ml-skinbooster\\\/\"]}]},{\"@type\":\"ImageObject\",\"inLanguage\":\"es\",\"@id\":\"https:\\\/\\\/mylipfiller.com\\\/sunekos-performa-2-x-3-5ml-skinbooster\\\/#primaryimage\",\"url\":\"https:\\\/\\\/mylipfiller.com\\\/wp-content\\\/uploads\\\/2024\\\/07\\\/Sunekos-Performa.jpg\",\"contentUrl\":\"https:\\\/\\\/mylipfiller.com\\\/wp-content\\\/uploads\\\/2024\\\/07\\\/Sunekos-Performa.jpg\",\"width\":600,\"height\":600,\"caption\":\"Sunekos Performa\"},{\"@type\":\"BreadcrumbList\",\"@id\":\"https:\\\/\\\/mylipfiller.com\\\/sunekos-performa-2-x-3-5ml-skinbooster\\\/#breadcrumb\",\"itemListElement\":[{\"@type\":\"ListItem\",\"position\":1,\"name\":\"Home\",\"item\":\"https:\\\/\\\/mylipfiller.com\\\/\"},{\"@type\":\"ListItem\",\"position\":2,\"name\":\"Shop\",\"item\":\"https:\\\/\\\/mylipfiller.com\\\/shop\\\/\"},{\"@type\":\"ListItem\",\"position\":3,\"name\":\"Sunekos Performa (2 x 3.5ml) Skinbooster\"}]},{\"@type\":\"WebSite\",\"@id\":\"https:\\\/\\\/mylipfiller.com\\\/#website\",\"url\":\"https:\\\/\\\/mylipfiller.com\\\/\",\"name\":\"My Lip Filler\",\"description\":\"Hyaluronic Acid Lip and Dermal Fillers\",\"publisher\":{\"@id\":\"https:\\\/\\\/mylipfiller.com\\\/#organization\"},\"potentialAction\":[{\"@type\":\"SearchAction\",\"target\":{\"@type\":\"EntryPoint\",\"urlTemplate\":\"https:\\\/\\\/mylipfiller.com\\\/?s={search_term_string}\"},\"query-input\":{\"@type\":\"PropertyValueSpecification\",\"valueRequired\":true,\"valueName\":\"search_term_string\"}}],\"inLanguage\":\"es\"},{\"@type\":\"Organization\",\"@id\":\"https:\\\/\\\/mylipfiller.com\\\/#organization\",\"name\":\"My Lip Filler\",\"url\":\"https:\\\/\\\/mylipfiller.com\\\/\",\"logo\":{\"@type\":\"ImageObject\",\"inLanguage\":\"es\",\"@id\":\"https:\\\/\\\/mylipfiller.com\\\/#\\\/schema\\\/logo\\\/image\\\/\",\"url\":\"https:\\\/\\\/mylipfiller.com\\\/wp-content\\\/uploads\\\/2019\\\/02\\\/cropped-My-Lip-Filler-Logo.png\",\"contentUrl\":\"https:\\\/\\\/mylipfiller.com\\\/wp-content\\\/uploads\\\/2019\\\/02\\\/cropped-My-Lip-Filler-Logo.png\",\"width\":240,\"height\":88,\"caption\":\"My Lip Filler\"},\"image\":{\"@id\":\"https:\\\/\\\/mylipfiller.com\\\/#\\\/schema\\\/logo\\\/image\\\/\"}}]}<\/script>\n<!-- \/ Yoast SEO plugin. -->","yoast_head_json":{"title":"Compre Sunekos Performa (2 x 3,5 ml) Skinbooster - Rellenos de My Lip Filler","description":"\u2765Compre Sunekos Performa (2 x 3,5 ml) Skinbooster \u23e9 Tienda online My Lip Filler \u27a6 Garant\u00eda de calidad, rese\u00f1as, ingredientes, \u00a1los mejores precios!","robots":{"index":"index","follow":"follow","max-snippet":"max-snippet:-1","max-image-preview":"max-image-preview:large","max-video-preview":"max-video-preview:-1"},"canonical":"https:\/\/mylipfiller.com\/es\/sunekos-performa-2-x-3-5ml-skinbooster\/","og_locale":"es_MX","og_type":"article","og_title":"Buy Sunekos Performa (2 x 3.5ml) Skinbooster - Fillers from My Lip Filler","og_description":"\u2765Buy Sunekos Performa (2 x 3.5ml) Skinbooster \u23e9 My Lip Filler online store \u27a6 Quality assurance, reviews, ingredients, best prices!","og_url":"https:\/\/mylipfiller.com\/es\/sunekos-performa-2-x-3-5ml-skinbooster\/","og_site_name":"My Lip Filler","article_modified_time":"2024-07-08T13:40:55+00:00","og_image":[{"width":600,"height":600,"url":"https:\/\/cdn.mylipfiller.com\/wp-content\/uploads\/2024\/07\/Sunekos-Performa.jpg","type":"image\/jpeg"}],"twitter_card":"summary_large_image","twitter_misc":{"Tiempo de lectura":"2 minutos"},"schema":{"@context":"https:\/\/schema.org","@graph":[{"@type":"WebPage","@id":"https:\/\/mylipfiller.com\/sunekos-performa-2-x-3-5ml-skinbooster\/","url":"https:\/\/mylipfiller.com\/sunekos-performa-2-x-3-5ml-skinbooster\/","name":"Compre Sunekos Performa (2 x 3,5 ml) Skinbooster - Rellenos de My Lip Filler","isPartOf":{"@id":"https:\/\/mylipfiller.com\/#website"},"primaryImageOfPage":{"@id":"https:\/\/mylipfiller.com\/sunekos-performa-2-x-3-5ml-skinbooster\/#primaryimage"},"image":{"@id":"https:\/\/mylipfiller.com\/sunekos-performa-2-x-3-5ml-skinbooster\/#primaryimage"},"thumbnailUrl":"https:\/\/cdn.mylipfiller.com\/wp-content\/uploads\/2024\/07\/Sunekos-Performa.jpg","datePublished":"2024-07-06T06:59:32+00:00","dateModified":"2024-07-08T13:40:55+00:00","description":"\u2765Compre Sunekos Performa (2 x 3,5 ml) Skinbooster \u23e9 Tienda online My Lip Filler \u27a6 Garant\u00eda de calidad, rese\u00f1as, ingredientes, \u00a1los mejores precios!","breadcrumb":{"@id":"https:\/\/mylipfiller.com\/sunekos-performa-2-x-3-5ml-skinbooster\/#breadcrumb"},"inLanguage":"es","potentialAction":[{"@type":"ReadAction","target":["https:\/\/mylipfiller.com\/sunekos-performa-2-x-3-5ml-skinbooster\/"]}]},{"@type":"ImageObject","inLanguage":"es","@id":"https:\/\/mylipfiller.com\/sunekos-performa-2-x-3-5ml-skinbooster\/#primaryimage","url":"https:\/\/cdn.mylipfiller.com\/wp-content\/uploads\/2024\/07\/Sunekos-Performa.jpg","contentUrl":"https:\/\/cdn.mylipfiller.com\/wp-content\/uploads\/2024\/07\/Sunekos-Performa.jpg","width":600,"height":600,"caption":"Sunekos Performa"},{"@type":"BreadcrumbList","@id":"https:\/\/mylipfiller.com\/sunekos-performa-2-x-3-5ml-skinbooster\/#breadcrumb","itemListElement":[{"@type":"ListItem","position":1,"name":"Home","item":"https:\/\/mylipfiller.com\/"},{"@type":"ListItem","position":2,"name":"Shop","item":"https:\/\/mylipfiller.com\/shop\/"},{"@type":"ListItem","position":3,"name":"Sunekos Performa (2 x 3.5ml) Skinbooster"}]},{"@type":"WebSite","@id":"https:\/\/mylipfiller.com\/#website","url":"https:\/\/mylipfiller.com\/","name":"Mi relleno de labios","description":"Rellenos d\u00e9rmicos y de labios con \u00e1cido hialur\u00f3nico","publisher":{"@id":"https:\/\/mylipfiller.com\/#organization"},"potentialAction":[{"@type":"SearchAction","target":{"@type":"EntryPoint","urlTemplate":"https:\/\/mylipfiller.com\/?s={search_term_string}"},"query-input":{"@type":"PropertyValueSpecification","valueRequired":true,"valueName":"search_term_string"}}],"inLanguage":"es"},{"@type":"Organization","@id":"https:\/\/mylipfiller.com\/#organization","name":"Mi relleno de labios","url":"https:\/\/mylipfiller.com\/","logo":{"@type":"ImageObject","inLanguage":"es","@id":"https:\/\/mylipfiller.com\/#\/schema\/logo\/image\/","url":"https:\/\/cdn.mylipfiller.com\/wp-content\/uploads\/2019\/02\/cropped-My-Lip-Filler-Logo.png","contentUrl":"https:\/\/cdn.mylipfiller.com\/wp-content\/uploads\/2019\/02\/cropped-My-Lip-Filler-Logo.png","width":240,"height":88,"caption":"My Lip Filler"},"image":{"@id":"https:\/\/mylipfiller.com\/#\/schema\/logo\/image\/"}}]}},"_links":{"self":[{"href":"https:\/\/mylipfiller.com\/es\/wp-json\/wp\/v2\/product\/41846","targetHints":{"allow":["GET"]}}],"collection":[{"href":"https:\/\/mylipfiller.com\/es\/wp-json\/wp\/v2\/product"}],"about":[{"href":"https:\/\/mylipfiller.com\/es\/wp-json\/wp\/v2\/types\/product"}],"wp:featuredmedia":[{"embeddable":true,"href":"https:\/\/mylipfiller.com\/es\/wp-json\/wp\/v2\/media\/41850"}],"wp:attachment":[{"href":"https:\/\/mylipfiller.com\/es\/wp-json\/wp\/v2\/media?parent=41846"}],"wp:term":[{"taxonomy":"product_brand","embeddable":true,"href":"https:\/\/mylipfiller.com\/es\/wp-json\/wp\/v2\/product_brand?post=41846"},{"taxonomy":"product_cat","embeddable":true,"href":"https:\/\/mylipfiller.com\/es\/wp-json\/wp\/v2\/product_cat?post=41846"},{"taxonomy":"product_tag","embeddable":true,"href":"https:\/\/mylipfiller.com\/es\/wp-json\/wp\/v2\/product_tag?post=41846"}],"curies":[{"name":"gracias","href":"https:\/\/api.w.org\/{rel}","templated":true}]}}