{"id":41848,"date":"2024-07-06T09:01:29","date_gmt":"2024-07-06T07:01:29","guid":{"rendered":"https:\/\/mylipfiller.com\/?post_type=product&#038;p=41848"},"modified":"2024-07-06T09:02:39","modified_gmt":"2024-07-06T07:02:39","slug":"linerase-hydro-5-x-5ml","status":"publish","type":"product","link":"https:\/\/mylipfiller.com\/es\/linerase-hydro-5-x-5ml\/","title":{"rendered":"Linerase Hidro (5 x 5ml)"},"content":{"rendered":"<p>Asentado sobre dos pilares, Linerase Hydro aborda los dos problemas principales causados por el envejecimiento natural, as\u00ed como los efectos adversos del envejecimiento prematuro causado por factores externos. La piel seca, resultado de una capacidad de hidrataci\u00f3n degradada, es el problema m\u00e1s com\u00fan y devastador que enfrenta la dermis. La piel mal hidratada es mucho m\u00e1s propensa a la formaci\u00f3n de arrugas, flacidez, heridas, descamaci\u00f3n, aspereza, etc. Normalmente esto est\u00e1 directamente relacionado, entre otras cosas, con la falta de \u00e1cido hialur\u00f3nico. Desempe\u00f1a un papel vital en nuestra piel, ya que sus mol\u00e9culas pueden contener cientos de veces su propio peso en agua.<\/p>\n<p>Linerase Hydro estimula la piel llenando y rejuveneciendo la matriz extracelular con HA de bajo peso, un ingrediente preferido de los potenciadores de la piel m\u00e1s premium. Si bien no aumenta la s\u00edntesis de col\u00e1geno directamente, el \u00e1cido hialur\u00f3nico puede crear las condiciones perfectas en la matriz d\u00e9rmica 3D para que las c\u00e9lulas comiencen a sintetizarlo.<\/p>\n<p>Y luego est\u00e1n los amino\u00e1cidos. Son un poderoso aliado de nuestra piel, especialmente en combinaci\u00f3n con \u00e1cido Hialur\u00f3nico. El HA crea las condiciones perfectas para la s\u00edntesis de col\u00e1geno y los amino\u00e1cidos de Linerase Hydro inducen su producci\u00f3n, as\u00ed como la de elastina. Estos dos compuestos son los elementos m\u00e1s importantes y vitales en el proceso de curaci\u00f3n y rejuvenecimiento natural de nuestra piel.<\/p>\n<p>Las personas pueden esperar una piel mucho m\u00e1s el\u00e1stica y suave, con un levantamiento visible de la flacidez y una mejora general del tono y la luminosidad de la piel.<\/p>","protected":false},"excerpt":{"rendered":"<p>Mejorando la condici\u00f3n general de la piel del rostro, Linerase Hydro aporta tanto el efecto rejuvenecedor inmediato del \u00e1cido hialur\u00f3nico como los beneficios a largo plazo de sus \u00e1cidos \u00e1cidos personalizados, que estimulan la s\u00edntesis de col\u00e1geno. Al actuar como un poderoso estimulante de la piel y una herramienta eficaz para una terapia antienvejecimiento profunda, Linerase Hydro puede mejorar dr\u00e1sticamente la salud general de la dermis superior e inferior, as\u00ed como las capas subcut\u00e1neas de la piel.<\/p>","protected":false},"featured_media":41851,"template":"","meta":{"_acf_changed":false},"product_brand":[],"product_cat":[193,18],"product_tag":[138,144,125,111,126,112,128,117,147,129,145,143,139,146,148],"class_list":{"0":"post-41848","1":"product","2":"type-product","3":"status-publish","4":"has-post-thumbnail","6":"product_cat-linerase","7":"product_cat-mesotherapy","8":"product_tag-anti-aging","9":"product_tag-anti-wrinkle","10":"product_tag-crows-feet","11":"product_tag-face","12":"product_tag-fine-lines","13":"product_tag-forehead","14":"product_tag-forehead-wrinkles","15":"product_tag-low-density","16":"product_tag-moisturizing","17":"product_tag-neck-wrinkles","18":"product_tag-nourishing","19":"product_tag-rejuvenating","20":"product_tag-restoration","21":"product_tag-smoothing","22":"product_tag-upper-dermis","24":"first","25":"instock","26":"taxable","27":"shipping-taxable","28":"purchasable","29":"product-type-simple"},"acf":[],"yoast_head":"<!-- This site is optimized with the Yoast SEO plugin v27.2 - https:\/\/yoast.com\/product\/yoast-seo-wordpress\/ -->\n<title>Buy Linerase Hydro (5 x 5ml) - Fillers from My Lip Filler<\/title>\n<meta name=\"description\" content=\"\u2765Buy Linerase Hydro (5 x 5ml) \u23e9 My Lip Filler online store \u27a6 Quality assurance, reviews, ingredients, best prices!\" \/>\n<meta name=\"robots\" content=\"index, follow, max-snippet:-1, max-image-preview:large, max-video-preview:-1\" \/>\n<link rel=\"canonical\" href=\"https:\/\/mylipfiller.com\/es\/linerase-hydro-5-x-5ml\/\" \/>\n<meta property=\"og:locale\" content=\"es_MX\" \/>\n<meta property=\"og:type\" content=\"article\" \/>\n<meta property=\"og:title\" content=\"Buy Linerase Hydro (5 x 5ml) - Fillers from My Lip Filler\" \/>\n<meta property=\"og:description\" content=\"\u2765Buy Linerase Hydro (5 x 5ml) \u23e9 My Lip Filler online store \u27a6 Quality assurance, reviews, ingredients, best prices!\" \/>\n<meta property=\"og:url\" content=\"https:\/\/mylipfiller.com\/es\/linerase-hydro-5-x-5ml\/\" \/>\n<meta property=\"og:site_name\" content=\"My Lip Filler\" \/>\n<meta property=\"article:modified_time\" content=\"2024-07-06T07:02:39+00:00\" \/>\n<meta property=\"og:image\" content=\"https:\/\/cdn.mylipfiller.com\/wp-content\/uploads\/2024\/07\/Linerase-Hydro.jpg\" \/>\n\t<meta property=\"og:image:width\" content=\"600\" \/>\n\t<meta property=\"og:image:height\" content=\"600\" \/>\n\t<meta property=\"og:image:type\" content=\"image\/jpeg\" \/>\n<meta name=\"twitter:card\" content=\"summary_large_image\" \/>\n<meta name=\"twitter:label1\" content=\"Tiempo de lectura\" \/>\n\t<meta name=\"twitter:data1\" content=\"2 minutos\" \/>\n<script type=\"application\/ld+json\" class=\"yoast-schema-graph\">{\"@context\":\"https:\/\/schema.org\",\"@graph\":[{\"@type\":\"WebPage\",\"@id\":\"https:\/\/mylipfiller.com\/linerase-hydro-5-x-5ml\/\",\"url\":\"https:\/\/mylipfiller.com\/linerase-hydro-5-x-5ml\/\",\"name\":\"Buy Linerase Hydro (5 x 5ml) - Fillers from My Lip Filler\",\"isPartOf\":{\"@id\":\"https:\/\/mylipfiller.com\/#website\"},\"primaryImageOfPage\":{\"@id\":\"https:\/\/mylipfiller.com\/linerase-hydro-5-x-5ml\/#primaryimage\"},\"image\":{\"@id\":\"https:\/\/mylipfiller.com\/linerase-hydro-5-x-5ml\/#primaryimage\"},\"thumbnailUrl\":\"https:\/\/cdn.mylipfiller.com\/wp-content\/uploads\/2024\/07\/Linerase-Hydro.jpg\",\"datePublished\":\"2024-07-06T07:01:29+00:00\",\"dateModified\":\"2024-07-06T07:02:39+00:00\",\"description\":\"\u2765Buy Linerase Hydro (5 x 5ml) \u23e9 My Lip Filler online store \u27a6 Quality assurance, reviews, ingredients, best prices!\",\"breadcrumb\":{\"@id\":\"https:\/\/mylipfiller.com\/linerase-hydro-5-x-5ml\/#breadcrumb\"},\"inLanguage\":\"es\",\"potentialAction\":[{\"@type\":\"ReadAction\",\"target\":[\"https:\/\/mylipfiller.com\/linerase-hydro-5-x-5ml\/\"]}]},{\"@type\":\"ImageObject\",\"inLanguage\":\"es\",\"@id\":\"https:\/\/mylipfiller.com\/linerase-hydro-5-x-5ml\/#primaryimage\",\"url\":\"https:\/\/cdn.mylipfiller.com\/wp-content\/uploads\/2024\/07\/Linerase-Hydro.jpg\",\"contentUrl\":\"https:\/\/cdn.mylipfiller.com\/wp-content\/uploads\/2024\/07\/Linerase-Hydro.jpg\",\"width\":600,\"height\":600,\"caption\":\"Linerase Hydro\"},{\"@type\":\"BreadcrumbList\",\"@id\":\"https:\/\/mylipfiller.com\/linerase-hydro-5-x-5ml\/#breadcrumb\",\"itemListElement\":[{\"@type\":\"ListItem\",\"position\":1,\"name\":\"Home\",\"item\":\"https:\/\/mylipfiller.com\/\"},{\"@type\":\"ListItem\",\"position\":2,\"name\":\"Shop\",\"item\":\"https:\/\/mylipfiller.com\/shop\/\"},{\"@type\":\"ListItem\",\"position\":3,\"name\":\"Linerase Hydro (5 x 5ml)\"}]},{\"@type\":\"WebSite\",\"@id\":\"https:\/\/mylipfiller.com\/#website\",\"url\":\"https:\/\/mylipfiller.com\/\",\"name\":\"My Lip Filler\",\"description\":\"Hyaluronic Acid Lip and Dermal Fillers\",\"publisher\":{\"@id\":\"https:\/\/mylipfiller.com\/#organization\"},\"potentialAction\":[{\"@type\":\"SearchAction\",\"target\":{\"@type\":\"EntryPoint\",\"urlTemplate\":\"https:\/\/mylipfiller.com\/?s={search_term_string}\"},\"query-input\":{\"@type\":\"PropertyValueSpecification\",\"valueRequired\":true,\"valueName\":\"search_term_string\"}}],\"inLanguage\":\"es\"},{\"@type\":\"Organization\",\"@id\":\"https:\/\/mylipfiller.com\/#organization\",\"name\":\"My Lip Filler\",\"url\":\"https:\/\/mylipfiller.com\/\",\"logo\":{\"@type\":\"ImageObject\",\"inLanguage\":\"es\",\"@id\":\"https:\/\/mylipfiller.com\/#\/schema\/logo\/image\/\",\"url\":\"https:\/\/cdn.mylipfiller.com\/wp-content\/uploads\/2019\/02\/cropped-My-Lip-Filler-Logo.png\",\"contentUrl\":\"https:\/\/cdn.mylipfiller.com\/wp-content\/uploads\/2019\/02\/cropped-My-Lip-Filler-Logo.png\",\"width\":240,\"height\":88,\"caption\":\"My Lip Filler\"},\"image\":{\"@id\":\"https:\/\/mylipfiller.com\/#\/schema\/logo\/image\/\"}}]}<\/script>\n<!-- \/ Yoast SEO plugin. -->","yoast_head_json":{"title":"Compre Linerase Hydro (5 x 5 ml) - Rellenos de My Lip Filler","description":"\u2765Compra Linerase Hydro (5 x 5ml) \u23e9 Tienda online My Lip Filler \u27a6 Garant\u00eda de calidad, rese\u00f1as, ingredientes, \u00a1los mejores precios!","robots":{"index":"index","follow":"follow","max-snippet":"max-snippet:-1","max-image-preview":"max-image-preview:large","max-video-preview":"max-video-preview:-1"},"canonical":"https:\/\/mylipfiller.com\/es\/linerase-hydro-5-x-5ml\/","og_locale":"es_MX","og_type":"article","og_title":"Buy Linerase Hydro (5 x 5ml) - Fillers from My Lip Filler","og_description":"\u2765Buy Linerase Hydro (5 x 5ml) \u23e9 My Lip Filler online store \u27a6 Quality assurance, reviews, ingredients, best prices!","og_url":"https:\/\/mylipfiller.com\/es\/linerase-hydro-5-x-5ml\/","og_site_name":"My Lip Filler","article_modified_time":"2024-07-06T07:02:39+00:00","og_image":[{"width":600,"height":600,"url":"https:\/\/cdn.mylipfiller.com\/wp-content\/uploads\/2024\/07\/Linerase-Hydro.jpg","type":"image\/jpeg"}],"twitter_card":"summary_large_image","twitter_misc":{"Tiempo de lectura":"2 minutos"},"schema":{"@context":"https:\/\/schema.org","@graph":[{"@type":"WebPage","@id":"https:\/\/mylipfiller.com\/linerase-hydro-5-x-5ml\/","url":"https:\/\/mylipfiller.com\/linerase-hydro-5-x-5ml\/","name":"Compre Linerase Hydro (5 x 5 ml) - Rellenos de My Lip Filler","isPartOf":{"@id":"https:\/\/mylipfiller.com\/#website"},"primaryImageOfPage":{"@id":"https:\/\/mylipfiller.com\/linerase-hydro-5-x-5ml\/#primaryimage"},"image":{"@id":"https:\/\/mylipfiller.com\/linerase-hydro-5-x-5ml\/#primaryimage"},"thumbnailUrl":"https:\/\/cdn.mylipfiller.com\/wp-content\/uploads\/2024\/07\/Linerase-Hydro.jpg","datePublished":"2024-07-06T07:01:29+00:00","dateModified":"2024-07-06T07:02:39+00:00","description":"\u2765Compra Linerase Hydro (5 x 5ml) \u23e9 Tienda online My Lip Filler \u27a6 Garant\u00eda de calidad, rese\u00f1as, ingredientes, \u00a1los mejores precios!","breadcrumb":{"@id":"https:\/\/mylipfiller.com\/linerase-hydro-5-x-5ml\/#breadcrumb"},"inLanguage":"es","potentialAction":[{"@type":"ReadAction","target":["https:\/\/mylipfiller.com\/linerase-hydro-5-x-5ml\/"]}]},{"@type":"ImageObject","inLanguage":"es","@id":"https:\/\/mylipfiller.com\/linerase-hydro-5-x-5ml\/#primaryimage","url":"https:\/\/cdn.mylipfiller.com\/wp-content\/uploads\/2024\/07\/Linerase-Hydro.jpg","contentUrl":"https:\/\/cdn.mylipfiller.com\/wp-content\/uploads\/2024\/07\/Linerase-Hydro.jpg","width":600,"height":600,"caption":"Linerase Hydro"},{"@type":"BreadcrumbList","@id":"https:\/\/mylipfiller.com\/linerase-hydro-5-x-5ml\/#breadcrumb","itemListElement":[{"@type":"ListItem","position":1,"name":"Home","item":"https:\/\/mylipfiller.com\/"},{"@type":"ListItem","position":2,"name":"Shop","item":"https:\/\/mylipfiller.com\/shop\/"},{"@type":"ListItem","position":3,"name":"Linerase Hydro (5 x 5ml)"}]},{"@type":"WebSite","@id":"https:\/\/mylipfiller.com\/#website","url":"https:\/\/mylipfiller.com\/","name":"Mi relleno de labios","description":"Rellenos d\u00e9rmicos y de labios con \u00e1cido hialur\u00f3nico","publisher":{"@id":"https:\/\/mylipfiller.com\/#organization"},"potentialAction":[{"@type":"SearchAction","target":{"@type":"EntryPoint","urlTemplate":"https:\/\/mylipfiller.com\/?s={search_term_string}"},"query-input":{"@type":"PropertyValueSpecification","valueRequired":true,"valueName":"search_term_string"}}],"inLanguage":"es"},{"@type":"Organization","@id":"https:\/\/mylipfiller.com\/#organization","name":"Mi relleno de labios","url":"https:\/\/mylipfiller.com\/","logo":{"@type":"ImageObject","inLanguage":"es","@id":"https:\/\/mylipfiller.com\/#\/schema\/logo\/image\/","url":"https:\/\/cdn.mylipfiller.com\/wp-content\/uploads\/2019\/02\/cropped-My-Lip-Filler-Logo.png","contentUrl":"https:\/\/cdn.mylipfiller.com\/wp-content\/uploads\/2019\/02\/cropped-My-Lip-Filler-Logo.png","width":240,"height":88,"caption":"My Lip Filler"},"image":{"@id":"https:\/\/mylipfiller.com\/#\/schema\/logo\/image\/"}}]}},"_links":{"self":[{"href":"https:\/\/mylipfiller.com\/es\/wp-json\/wp\/v2\/product\/41848","targetHints":{"allow":["GET"]}}],"collection":[{"href":"https:\/\/mylipfiller.com\/es\/wp-json\/wp\/v2\/product"}],"about":[{"href":"https:\/\/mylipfiller.com\/es\/wp-json\/wp\/v2\/types\/product"}],"wp:featuredmedia":[{"embeddable":true,"href":"https:\/\/mylipfiller.com\/es\/wp-json\/wp\/v2\/media\/41851"}],"wp:attachment":[{"href":"https:\/\/mylipfiller.com\/es\/wp-json\/wp\/v2\/media?parent=41848"}],"wp:term":[{"taxonomy":"product_brand","embeddable":true,"href":"https:\/\/mylipfiller.com\/es\/wp-json\/wp\/v2\/product_brand?post=41848"},{"taxonomy":"product_cat","embeddable":true,"href":"https:\/\/mylipfiller.com\/es\/wp-json\/wp\/v2\/product_cat?post=41848"},{"taxonomy":"product_tag","embeddable":true,"href":"https:\/\/mylipfiller.com\/es\/wp-json\/wp\/v2\/product_tag?post=41848"}],"curies":[{"name":"gracias","href":"https:\/\/api.w.org\/{rel}","templated":true}]}}