{"id":41861,"date":"2024-07-08T14:26:56","date_gmt":"2024-07-08T12:26:56","guid":{"rendered":"https:\/\/mylipfiller.com\/?post_type=product&#038;p=41861"},"modified":"2025-06-25T17:13:11","modified_gmt":"2025-06-25T15:13:11","slug":"lemon-bottle-5-x-10ml","status":"publish","type":"product","link":"https:\/\/mylipfiller.com\/es\/lemon-bottle-5-x-10ml\/","title":{"rendered":"botella de limon"},"content":{"rendered":"<p>Cada vial de 10 ml de Lemon Bottle es una garant\u00eda de soluci\u00f3n segura pero r\u00e1pida para los problemas de exceso de grasa. No demasiado agresivo, pero s\u00ed muy eficaz, este producto lipo combina tres ingredientes muy eficaces con una capacidad comprobada para disolver y extruir las c\u00e9lulas grasas.<\/p>\n<p>La bromelina es una enzima natural que se deriva del pi\u00f1\u00f3n. Al ser un producto natural, es muy seguro y tiene una excelente biocompatibilidad. A\u00fan as\u00ed, disuelve r\u00e1pidamente los tejidos grasos de forma segura. Su funci\u00f3n en el producto lipo LemonBottle, adem\u00e1s de apuntar a las c\u00e9lulas grasas localmente, es prevenir o, al menos, reducir cualquier inflamaci\u00f3n posterior al procedimiento.<\/p>\n<p>La riboflavina\/vitamina B2 amplifica el efecto de la bromelina, pero acelera el metabolismo natural de las c\u00e9lulas grasas. Por tanto, se degradan a un ritmo mucho m\u00e1s r\u00e1pido y, naturalmente, se disuelven mucho m\u00e1s r\u00e1pido. Tambi\u00e9n ayuda al cuerpo a expulsar los restos una vez finalizado el proceso de lip\u00f3lisis de la grasa.<\/p>\n<p>Y finalmente, la lecitina, que desempe\u00f1a la funci\u00f3n de emulsionante. El prop\u00f3sito pr\u00e1ctico es amplificar el proceso de destrucci\u00f3n de las c\u00e9lulas grasas y transportar sus restos fuera del cuerpo de forma segura.<\/p>\n<p>Cuando se combinan, los tres compuestos anteriores, junto con el resto de los ingredientes principales de Lemon Bottle, forman uno de los productos lipo m\u00e1s seguros y eficaces, capaces de eliminar la grasa en \u00e1reas como:<\/p>\n<ul>\n<li>Grosero<\/li>\n<li>Parte superior de los brazos<\/li>\n<li>Abdomen<\/li>\n<li>Manijas del amor<\/li>\n<li>Muslos externos<\/li>\n<li>Muslos internos<\/li>\n<\/ul>\n<p>Lemon Bottle permite un protocolo de tratamiento flexible para la eliminaci\u00f3n de grasa, de dos a cuatro sesiones, espaciadas semana-semana y media entre s\u00ed.<\/p>","protected":false},"excerpt":{"rendered":"<p>Si bien la mayor\u00eda de los productos lipol\u00edticos son demasiado agresivos o demasiado ineficaces, Lemon Bottle, un producto lipo a base de pi\u00f1a, ofrece lo mejor de ambas palabras. Al no causar efectos graves posteriores al procedimiento y, en general, es leve, a\u00fan ataca y disuelve los tejidos grasos a un ritmo muy eficaz y se pueden observar resultados notables tan pronto como 24 horas despu\u00e9s del procedimiento.<\/p>","protected":false},"featured_media":41863,"template":"","meta":{"_acf_changed":false},"product_brand":[],"product_cat":[18],"product_tag":[],"class_list":{"0":"post-41861","1":"product","2":"type-product","3":"status-publish","4":"has-post-thumbnail","6":"product_cat-mesotherapy","8":"first","9":"instock","10":"taxable","11":"shipping-taxable","12":"purchasable","13":"product-type-variable"},"acf":[],"yoast_head":"<!-- This site is optimized with the Yoast SEO plugin v27.2 - https:\/\/yoast.com\/product\/yoast-seo-wordpress\/ -->\n<title>Lemon Bottle Fat Dissolving - Buy Lemon Bottle Fat dissolver Injection at My Lip Filler<\/title>\n<meta name=\"description\" content=\"Shop Lemon Bottle Fat Dissolving for effective results. Discover Lemon Bottle Fat Dissolver and Lemon Bottle Injection at great prices. Buy now at My Lip Filler\" \/>\n<meta name=\"robots\" content=\"index, follow, max-snippet:-1, max-image-preview:large, max-video-preview:-1\" \/>\n<link rel=\"canonical\" href=\"https:\/\/mylipfiller.com\/es\/lemon-bottle-5-x-10ml\/\" \/>\n<meta property=\"og:locale\" content=\"es_MX\" \/>\n<meta property=\"og:type\" content=\"article\" \/>\n<meta property=\"og:title\" content=\"Lemon Bottle Fat Dissolving - Buy Lemon Bottle Fat dissolver Injection at My Lip Filler\" \/>\n<meta property=\"og:description\" content=\"Shop Lemon Bottle Fat Dissolving for effective results. Discover Lemon Bottle Fat Dissolver and Lemon Bottle Injection at great prices. Buy now at My Lip Filler\" \/>\n<meta property=\"og:url\" content=\"https:\/\/mylipfiller.com\/es\/lemon-bottle-5-x-10ml\/\" \/>\n<meta property=\"og:site_name\" content=\"My Lip Filler\" \/>\n<meta property=\"article:modified_time\" content=\"2025-06-25T15:13:11+00:00\" \/>\n<meta property=\"og:image\" content=\"https:\/\/cdn.mylipfiller.com\/wp-content\/uploads\/2024\/07\/Lemon-Bottle-Lipolitic.jpg\" \/>\n\t<meta property=\"og:image:width\" content=\"600\" \/>\n\t<meta property=\"og:image:height\" content=\"600\" \/>\n\t<meta property=\"og:image:type\" content=\"image\/jpeg\" \/>\n<meta name=\"twitter:card\" content=\"summary_large_image\" \/>\n<meta name=\"twitter:label1\" content=\"Tiempo de lectura\" \/>\n\t<meta name=\"twitter:data1\" content=\"2 minutos\" \/>\n<script type=\"application\/ld+json\" class=\"yoast-schema-graph\">{\"@context\":\"https:\/\/schema.org\",\"@graph\":[{\"@type\":\"WebPage\",\"@id\":\"https:\/\/mylipfiller.com\/lemon-bottle-5-x-10ml\/\",\"url\":\"https:\/\/mylipfiller.com\/lemon-bottle-5-x-10ml\/\",\"name\":\"Lemon Bottle Fat Dissolving - Buy Lemon Bottle Fat dissolver Injection at My Lip Filler\",\"isPartOf\":{\"@id\":\"https:\/\/mylipfiller.com\/#website\"},\"primaryImageOfPage\":{\"@id\":\"https:\/\/mylipfiller.com\/lemon-bottle-5-x-10ml\/#primaryimage\"},\"image\":{\"@id\":\"https:\/\/mylipfiller.com\/lemon-bottle-5-x-10ml\/#primaryimage\"},\"thumbnailUrl\":\"https:\/\/cdn.mylipfiller.com\/wp-content\/uploads\/2024\/07\/Lemon-Bottle-Lipolitic.jpg\",\"datePublished\":\"2024-07-08T12:26:56+00:00\",\"dateModified\":\"2025-06-25T15:13:11+00:00\",\"description\":\"Shop Lemon Bottle Fat Dissolving for effective results. Discover Lemon Bottle Fat Dissolver and Lemon Bottle Injection at great prices. Buy now at My Lip Filler\",\"breadcrumb\":{\"@id\":\"https:\/\/mylipfiller.com\/lemon-bottle-5-x-10ml\/#breadcrumb\"},\"inLanguage\":\"es\",\"potentialAction\":[{\"@type\":\"ReadAction\",\"target\":[\"https:\/\/mylipfiller.com\/lemon-bottle-5-x-10ml\/\"]}]},{\"@type\":\"ImageObject\",\"inLanguage\":\"es\",\"@id\":\"https:\/\/mylipfiller.com\/lemon-bottle-5-x-10ml\/#primaryimage\",\"url\":\"https:\/\/cdn.mylipfiller.com\/wp-content\/uploads\/2024\/07\/Lemon-Bottle-Lipolitic.jpg\",\"contentUrl\":\"https:\/\/cdn.mylipfiller.com\/wp-content\/uploads\/2024\/07\/Lemon-Bottle-Lipolitic.jpg\",\"width\":600,\"height\":600,\"caption\":\"Lemon Bottle Lipolitic\"},{\"@type\":\"BreadcrumbList\",\"@id\":\"https:\/\/mylipfiller.com\/lemon-bottle-5-x-10ml\/#breadcrumb\",\"itemListElement\":[{\"@type\":\"ListItem\",\"position\":1,\"name\":\"Home\",\"item\":\"https:\/\/mylipfiller.com\/\"},{\"@type\":\"ListItem\",\"position\":2,\"name\":\"Shop\",\"item\":\"https:\/\/mylipfiller.com\/shop\/\"},{\"@type\":\"ListItem\",\"position\":3,\"name\":\"Lemon Bottle\"}]},{\"@type\":\"WebSite\",\"@id\":\"https:\/\/mylipfiller.com\/#website\",\"url\":\"https:\/\/mylipfiller.com\/\",\"name\":\"My Lip Filler\",\"description\":\"Hyaluronic Acid Lip and Dermal Fillers\",\"publisher\":{\"@id\":\"https:\/\/mylipfiller.com\/#organization\"},\"potentialAction\":[{\"@type\":\"SearchAction\",\"target\":{\"@type\":\"EntryPoint\",\"urlTemplate\":\"https:\/\/mylipfiller.com\/?s={search_term_string}\"},\"query-input\":{\"@type\":\"PropertyValueSpecification\",\"valueRequired\":true,\"valueName\":\"search_term_string\"}}],\"inLanguage\":\"es\"},{\"@type\":\"Organization\",\"@id\":\"https:\/\/mylipfiller.com\/#organization\",\"name\":\"My Lip Filler\",\"url\":\"https:\/\/mylipfiller.com\/\",\"logo\":{\"@type\":\"ImageObject\",\"inLanguage\":\"es\",\"@id\":\"https:\/\/mylipfiller.com\/#\/schema\/logo\/image\/\",\"url\":\"https:\/\/cdn.mylipfiller.com\/wp-content\/uploads\/2019\/02\/cropped-My-Lip-Filler-Logo.png\",\"contentUrl\":\"https:\/\/cdn.mylipfiller.com\/wp-content\/uploads\/2019\/02\/cropped-My-Lip-Filler-Logo.png\",\"width\":240,\"height\":88,\"caption\":\"My Lip Filler\"},\"image\":{\"@id\":\"https:\/\/mylipfiller.com\/#\/schema\/logo\/image\/\"}}]}<\/script>\n<!-- \/ Yoast SEO plugin. -->","yoast_head_json":{"title":"Disolvente de grasa en botella de lim\u00f3n - Compre inyecci\u00f3n de disolvente de grasa en botella de lim\u00f3n en My Lip Filler","description":"Compre Disolvente de Grasa en Botella de Lim\u00f3n para obtener resultados efectivos. Descubra el disolvente de grasa en botella de lim\u00f3n y la inyecci\u00f3n en botella de lim\u00f3n a excelentes precios. Compra ahora en My Lip Filler","robots":{"index":"index","follow":"follow","max-snippet":"max-snippet:-1","max-image-preview":"max-image-preview:large","max-video-preview":"max-video-preview:-1"},"canonical":"https:\/\/mylipfiller.com\/es\/lemon-bottle-5-x-10ml\/","og_locale":"es_MX","og_type":"article","og_title":"Lemon Bottle Fat Dissolving - Buy Lemon Bottle Fat dissolver Injection at My Lip Filler","og_description":"Shop Lemon Bottle Fat Dissolving for effective results. Discover Lemon Bottle Fat Dissolver and Lemon Bottle Injection at great prices. Buy now at My Lip Filler","og_url":"https:\/\/mylipfiller.com\/es\/lemon-bottle-5-x-10ml\/","og_site_name":"My Lip Filler","article_modified_time":"2025-06-25T15:13:11+00:00","og_image":[{"width":600,"height":600,"url":"https:\/\/cdn.mylipfiller.com\/wp-content\/uploads\/2024\/07\/Lemon-Bottle-Lipolitic.jpg","type":"image\/jpeg"}],"twitter_card":"summary_large_image","twitter_misc":{"Tiempo de lectura":"2 minutos"},"schema":{"@context":"https:\/\/schema.org","@graph":[{"@type":"WebPage","@id":"https:\/\/mylipfiller.com\/lemon-bottle-5-x-10ml\/","url":"https:\/\/mylipfiller.com\/lemon-bottle-5-x-10ml\/","name":"Disolvente de grasa en botella de lim\u00f3n - Compre inyecci\u00f3n de disolvente de grasa en botella de lim\u00f3n en My Lip Filler","isPartOf":{"@id":"https:\/\/mylipfiller.com\/#website"},"primaryImageOfPage":{"@id":"https:\/\/mylipfiller.com\/lemon-bottle-5-x-10ml\/#primaryimage"},"image":{"@id":"https:\/\/mylipfiller.com\/lemon-bottle-5-x-10ml\/#primaryimage"},"thumbnailUrl":"https:\/\/cdn.mylipfiller.com\/wp-content\/uploads\/2024\/07\/Lemon-Bottle-Lipolitic.jpg","datePublished":"2024-07-08T12:26:56+00:00","dateModified":"2025-06-25T15:13:11+00:00","description":"Compre Disolvente de Grasa en Botella de Lim\u00f3n para obtener resultados efectivos. Descubra el disolvente de grasa en botella de lim\u00f3n y la inyecci\u00f3n en botella de lim\u00f3n a excelentes precios. Compra ahora en My Lip Filler","breadcrumb":{"@id":"https:\/\/mylipfiller.com\/lemon-bottle-5-x-10ml\/#breadcrumb"},"inLanguage":"es","potentialAction":[{"@type":"ReadAction","target":["https:\/\/mylipfiller.com\/lemon-bottle-5-x-10ml\/"]}]},{"@type":"ImageObject","inLanguage":"es","@id":"https:\/\/mylipfiller.com\/lemon-bottle-5-x-10ml\/#primaryimage","url":"https:\/\/cdn.mylipfiller.com\/wp-content\/uploads\/2024\/07\/Lemon-Bottle-Lipolitic.jpg","contentUrl":"https:\/\/cdn.mylipfiller.com\/wp-content\/uploads\/2024\/07\/Lemon-Bottle-Lipolitic.jpg","width":600,"height":600,"caption":"Lemon Bottle Lipolitic"},{"@type":"BreadcrumbList","@id":"https:\/\/mylipfiller.com\/lemon-bottle-5-x-10ml\/#breadcrumb","itemListElement":[{"@type":"ListItem","position":1,"name":"Home","item":"https:\/\/mylipfiller.com\/"},{"@type":"ListItem","position":2,"name":"Shop","item":"https:\/\/mylipfiller.com\/shop\/"},{"@type":"ListItem","position":3,"name":"Lemon Bottle"}]},{"@type":"WebSite","@id":"https:\/\/mylipfiller.com\/#website","url":"https:\/\/mylipfiller.com\/","name":"Mi relleno de labios","description":"Rellenos d\u00e9rmicos y de labios con \u00e1cido hialur\u00f3nico","publisher":{"@id":"https:\/\/mylipfiller.com\/#organization"},"potentialAction":[{"@type":"SearchAction","target":{"@type":"EntryPoint","urlTemplate":"https:\/\/mylipfiller.com\/?s={search_term_string}"},"query-input":{"@type":"PropertyValueSpecification","valueRequired":true,"valueName":"search_term_string"}}],"inLanguage":"es"},{"@type":"Organization","@id":"https:\/\/mylipfiller.com\/#organization","name":"Mi relleno de labios","url":"https:\/\/mylipfiller.com\/","logo":{"@type":"ImageObject","inLanguage":"es","@id":"https:\/\/mylipfiller.com\/#\/schema\/logo\/image\/","url":"https:\/\/cdn.mylipfiller.com\/wp-content\/uploads\/2019\/02\/cropped-My-Lip-Filler-Logo.png","contentUrl":"https:\/\/cdn.mylipfiller.com\/wp-content\/uploads\/2019\/02\/cropped-My-Lip-Filler-Logo.png","width":240,"height":88,"caption":"My Lip Filler"},"image":{"@id":"https:\/\/mylipfiller.com\/#\/schema\/logo\/image\/"}}]}},"_links":{"self":[{"href":"https:\/\/mylipfiller.com\/es\/wp-json\/wp\/v2\/product\/41861","targetHints":{"allow":["GET"]}}],"collection":[{"href":"https:\/\/mylipfiller.com\/es\/wp-json\/wp\/v2\/product"}],"about":[{"href":"https:\/\/mylipfiller.com\/es\/wp-json\/wp\/v2\/types\/product"}],"wp:featuredmedia":[{"embeddable":true,"href":"https:\/\/mylipfiller.com\/es\/wp-json\/wp\/v2\/media\/41863"}],"wp:attachment":[{"href":"https:\/\/mylipfiller.com\/es\/wp-json\/wp\/v2\/media?parent=41861"}],"wp:term":[{"taxonomy":"product_brand","embeddable":true,"href":"https:\/\/mylipfiller.com\/es\/wp-json\/wp\/v2\/product_brand?post=41861"},{"taxonomy":"product_cat","embeddable":true,"href":"https:\/\/mylipfiller.com\/es\/wp-json\/wp\/v2\/product_cat?post=41861"},{"taxonomy":"product_tag","embeddable":true,"href":"https:\/\/mylipfiller.com\/es\/wp-json\/wp\/v2\/product_tag?post=41861"}],"curies":[{"name":"gracias","href":"https:\/\/api.w.org\/{rel}","templated":true}]}}