{"id":41871,"date":"2024-07-09T16:35:03","date_gmt":"2024-07-09T14:35:03","guid":{"rendered":"https:\/\/mylipfiller.com\/?post_type=product&#038;p=41871"},"modified":"2024-07-09T16:36:02","modified_gmt":"2024-07-09T14:36:02","slug":"exo-17s-exsosome-skinbooster-1-x-2-2ml","status":"publish","type":"product","link":"https:\/\/mylipfiller.com\/es\/exo-17s-exsosome-skinbooster-1-x-2-2ml\/","title":{"rendered":"Exo 17S Exsosome Skinbooster (1 x 2,2 ml)"},"content":{"rendered":"<p>Los Skinboosters como Exo 17S tienen como objetivo introducir un c\u00f3ctel de agentes beneficiosos en un \u00e1rea limitada de la piel, con el objetivo de mejorar r\u00e1pidamente su condici\u00f3n general. Lo que distingue a este potenciador de la piel es el hecho de que est\u00e1 dise\u00f1ado para uso t\u00f3pico, en lugar de aplicarse directamente en la dermis. Esto a\u00f1ade una capa de seguridad y comodidad en la lucha hacia el rejuvenecimiento juvenil de la piel.<\/p>\n<p>Hay tres componentes principales del potenciador de la piel del exosoma inmunol\u00f3gico Exo 17S:<\/p>\n<ul>\n<li><strong>\u00c1cido hialur\u00f3nico<\/strong> \u2013 Utilizado en su forma de Hialurona S\u00f3dica (sal), juega un papel indispensable en los procesos de irritaci\u00f3n de la piel. Ayuda al skinbooster Exo 17S a mejorar la hidrataci\u00f3n de la piel.<\/li>\n<li><strong>Polinucle\u00f3tidos<\/strong> \u2013 generalmente derivados del ADN del salm\u00f3n, son un poderoso refuerzo de col\u00e1geno por derecho propio, adem\u00e1s de estimular la producci\u00f3n de fibra de elastina. Los beneficios adicionales incluyen brillo de la piel y mejoras del tono.<\/li>\n<li><strong>Exomas <\/strong>\u2013 el ingrediente central y m\u00e1s vital del skinbooster Exo 17S, estas peque\u00f1as ves\u00edculas se separan de las c\u00e9lulas de la piel, como parte del proceso de comunicaci\u00f3n entre c\u00e9lulas. Transportan nutrientes vitales y otros agentes poderosos. Su efecto beneficioso es multivectorial, pero la curaci\u00f3n natural y el impulso de reparaci\u00f3n celular se encuentran entre los principales.<\/li>\n<\/ul>\n<p>En comparaci\u00f3n con otros potenciadores de la piel, la soluci\u00f3n de exoma Exo 17S ofrece un efecto mucho m\u00e1s duradero y profundo. No s\u00f3lo corrige las arrugas y restaura la suavidad y elasticidad de la piel, sino que, lo que es m\u00e1s importante, mejora la salud general de la piel, elimina las cicatrices del acn\u00e9 y trata los poros dilatados. Incluso acelera la recuperaci\u00f3n de la herida de la piel.<\/p>\n<p>Ingredientes principales<\/p>\n<ul>\n<li>Polidesoxirribonucle\u00f3tido<\/li>\n<li>\u00c1cido Hialur\u00f3nico (HA)<\/li>\n<li>Mezcla de p\u00e9ptidos (Trip\u00e9ptido-1, Trip\u00e9ptido-1 de cobre)<\/li>\n<li>sh-oligop\u00e9ptido-1<\/li>\n<li>polip\u00e9ptido sh-1<\/li>\n<li>polip\u00e9ptido sh-2<\/li>\n<li>polip\u00e9ptido sh-11<\/li>\n<li>polip\u00e9ptido sh-22<\/li>\n<li>glutati\u00f3n<\/li>\n<\/ul>\n<p>\u2026y m\u00e1s.<\/p>","protected":false},"excerpt":{"rendered":"<p>Los Skinboosters son el mejor m\u00e9todo para revitalizar y rejuvenecer la piel cansada, envejecida y \u00e1spera. Sin embargo, adem\u00e1s de la combinaci\u00f3n cl\u00e1sica de polinucle\u00f3tidos y \u00e1cido hialur\u00f3nico, Exo 17S a\u00f1ade exosomas a la mezcla. Estas poderosas ves\u00edculas extracelulares, que son liberadas por las c\u00e9lulas, transportan algunos nutrientes vitales, minerales y otros materiales bioactivos importantes, que pueden tener un efecto positivo duradero en la piel.<\/p>","protected":false},"featured_media":41873,"template":"","meta":{"_acf_changed":false},"product_brand":[],"product_cat":[196,18,57],"product_tag":[],"class_list":{"0":"post-41871","1":"product","2":"type-product","3":"status-publish","4":"has-post-thumbnail","6":"product_cat-exo-17","7":"product_cat-mesotherapy","8":"product_cat-skin-care","10":"first","11":"instock","12":"taxable","13":"shipping-taxable","14":"purchasable","15":"product-type-simple"},"acf":[],"yoast_head":"<!-- This site is optimized with the Yoast SEO plugin v27.2 - https:\/\/yoast.com\/product\/yoast-seo-wordpress\/ -->\n<title>Buy Exo 17S Exsosome Skinbooster (1 x 2.2ml) - Fillers from My Lip Filler<\/title>\n<meta name=\"description\" content=\"\u2765Buy Exo 17S Exsosome Skinbooster (1 x 2.2ml) \u23e9 My Lip Filler online store \u27a6 Quality assurance, reviews, ingredients, best prices!\" \/>\n<meta name=\"robots\" content=\"index, follow, max-snippet:-1, max-image-preview:large, max-video-preview:-1\" \/>\n<link rel=\"canonical\" href=\"https:\/\/mylipfiller.com\/es\/exo-17s-exsosome-skinbooster-1-x-2-2ml\/\" \/>\n<meta property=\"og:locale\" content=\"es_MX\" \/>\n<meta property=\"og:type\" content=\"article\" \/>\n<meta property=\"og:title\" content=\"Buy Exo 17S Exsosome Skinbooster (1 x 2.2ml) - Fillers from My Lip Filler\" \/>\n<meta property=\"og:description\" content=\"\u2765Buy Exo 17S Exsosome Skinbooster (1 x 2.2ml) \u23e9 My Lip Filler online store \u27a6 Quality assurance, reviews, ingredients, best prices!\" \/>\n<meta property=\"og:url\" content=\"https:\/\/mylipfiller.com\/es\/exo-17s-exsosome-skinbooster-1-x-2-2ml\/\" \/>\n<meta property=\"og:site_name\" content=\"My Lip Filler\" \/>\n<meta property=\"article:modified_time\" content=\"2024-07-09T14:36:02+00:00\" \/>\n<meta property=\"og:image\" content=\"https:\/\/cdn.mylipfiller.com\/wp-content\/uploads\/2024\/07\/Exo-17S.jpg\" \/>\n\t<meta property=\"og:image:width\" content=\"600\" \/>\n\t<meta property=\"og:image:height\" content=\"600\" \/>\n\t<meta property=\"og:image:type\" content=\"image\/jpeg\" \/>\n<meta name=\"twitter:card\" content=\"summary_large_image\" \/>\n<meta name=\"twitter:label1\" content=\"Tiempo de lectura\" \/>\n\t<meta name=\"twitter:data1\" content=\"2 minutos\" \/>\n<script type=\"application\/ld+json\" class=\"yoast-schema-graph\">{\"@context\":\"https:\/\/schema.org\",\"@graph\":[{\"@type\":\"WebPage\",\"@id\":\"https:\/\/mylipfiller.com\/exo-17s-exsosome-skinbooster-1-x-2-2ml\/\",\"url\":\"https:\/\/mylipfiller.com\/exo-17s-exsosome-skinbooster-1-x-2-2ml\/\",\"name\":\"Buy Exo 17S Exsosome Skinbooster (1 x 2.2ml) - Fillers from My Lip Filler\",\"isPartOf\":{\"@id\":\"https:\/\/mylipfiller.com\/#website\"},\"primaryImageOfPage\":{\"@id\":\"https:\/\/mylipfiller.com\/exo-17s-exsosome-skinbooster-1-x-2-2ml\/#primaryimage\"},\"image\":{\"@id\":\"https:\/\/mylipfiller.com\/exo-17s-exsosome-skinbooster-1-x-2-2ml\/#primaryimage\"},\"thumbnailUrl\":\"https:\/\/cdn.mylipfiller.com\/wp-content\/uploads\/2024\/07\/Exo-17S.jpg\",\"datePublished\":\"2024-07-09T14:35:03+00:00\",\"dateModified\":\"2024-07-09T14:36:02+00:00\",\"description\":\"\u2765Buy Exo 17S Exsosome Skinbooster (1 x 2.2ml) \u23e9 My Lip Filler online store \u27a6 Quality assurance, reviews, ingredients, best prices!\",\"breadcrumb\":{\"@id\":\"https:\/\/mylipfiller.com\/exo-17s-exsosome-skinbooster-1-x-2-2ml\/#breadcrumb\"},\"inLanguage\":\"es\",\"potentialAction\":[{\"@type\":\"ReadAction\",\"target\":[\"https:\/\/mylipfiller.com\/exo-17s-exsosome-skinbooster-1-x-2-2ml\/\"]}]},{\"@type\":\"ImageObject\",\"inLanguage\":\"es\",\"@id\":\"https:\/\/mylipfiller.com\/exo-17s-exsosome-skinbooster-1-x-2-2ml\/#primaryimage\",\"url\":\"https:\/\/cdn.mylipfiller.com\/wp-content\/uploads\/2024\/07\/Exo-17S.jpg\",\"contentUrl\":\"https:\/\/cdn.mylipfiller.com\/wp-content\/uploads\/2024\/07\/Exo-17S.jpg\",\"width\":600,\"height\":600,\"caption\":\"Exo 17S\"},{\"@type\":\"BreadcrumbList\",\"@id\":\"https:\/\/mylipfiller.com\/exo-17s-exsosome-skinbooster-1-x-2-2ml\/#breadcrumb\",\"itemListElement\":[{\"@type\":\"ListItem\",\"position\":1,\"name\":\"Home\",\"item\":\"https:\/\/mylipfiller.com\/\"},{\"@type\":\"ListItem\",\"position\":2,\"name\":\"Shop\",\"item\":\"https:\/\/mylipfiller.com\/shop\/\"},{\"@type\":\"ListItem\",\"position\":3,\"name\":\"Exo 17S Exsosome Skinbooster (1 x 2.2ml)\"}]},{\"@type\":\"WebSite\",\"@id\":\"https:\/\/mylipfiller.com\/#website\",\"url\":\"https:\/\/mylipfiller.com\/\",\"name\":\"My Lip Filler\",\"description\":\"Hyaluronic Acid Lip and Dermal Fillers\",\"publisher\":{\"@id\":\"https:\/\/mylipfiller.com\/#organization\"},\"potentialAction\":[{\"@type\":\"SearchAction\",\"target\":{\"@type\":\"EntryPoint\",\"urlTemplate\":\"https:\/\/mylipfiller.com\/?s={search_term_string}\"},\"query-input\":{\"@type\":\"PropertyValueSpecification\",\"valueRequired\":true,\"valueName\":\"search_term_string\"}}],\"inLanguage\":\"es\"},{\"@type\":\"Organization\",\"@id\":\"https:\/\/mylipfiller.com\/#organization\",\"name\":\"My Lip Filler\",\"url\":\"https:\/\/mylipfiller.com\/\",\"logo\":{\"@type\":\"ImageObject\",\"inLanguage\":\"es\",\"@id\":\"https:\/\/mylipfiller.com\/#\/schema\/logo\/image\/\",\"url\":\"https:\/\/cdn.mylipfiller.com\/wp-content\/uploads\/2019\/02\/cropped-My-Lip-Filler-Logo.png\",\"contentUrl\":\"https:\/\/cdn.mylipfiller.com\/wp-content\/uploads\/2019\/02\/cropped-My-Lip-Filler-Logo.png\",\"width\":240,\"height\":88,\"caption\":\"My Lip Filler\"},\"image\":{\"@id\":\"https:\/\/mylipfiller.com\/#\/schema\/logo\/image\/\"}}]}<\/script>\n<!-- \/ Yoast SEO plugin. -->","yoast_head_json":{"title":"Compre Exo 17S Exsosome Skinbooster (1 x 2,2 ml) - Rellenos de My Lip Filler","description":"\u2765Compre Exo 17S Exsosome Skinbooster (1 x 2,2 ml) \u23e9 Tienda online My Lip Filler \u27a6 Garant\u00eda de calidad, rese\u00f1as, ingredientes, \u00a1los mejores precios!","robots":{"index":"index","follow":"follow","max-snippet":"max-snippet:-1","max-image-preview":"max-image-preview:large","max-video-preview":"max-video-preview:-1"},"canonical":"https:\/\/mylipfiller.com\/es\/exo-17s-exsosome-skinbooster-1-x-2-2ml\/","og_locale":"es_MX","og_type":"article","og_title":"Buy Exo 17S Exsosome Skinbooster (1 x 2.2ml) - Fillers from My Lip Filler","og_description":"\u2765Buy Exo 17S Exsosome Skinbooster (1 x 2.2ml) \u23e9 My Lip Filler online store \u27a6 Quality assurance, reviews, ingredients, best prices!","og_url":"https:\/\/mylipfiller.com\/es\/exo-17s-exsosome-skinbooster-1-x-2-2ml\/","og_site_name":"My Lip Filler","article_modified_time":"2024-07-09T14:36:02+00:00","og_image":[{"width":600,"height":600,"url":"https:\/\/cdn.mylipfiller.com\/wp-content\/uploads\/2024\/07\/Exo-17S.jpg","type":"image\/jpeg"}],"twitter_card":"summary_large_image","twitter_misc":{"Tiempo de lectura":"2 minutos"},"schema":{"@context":"https:\/\/schema.org","@graph":[{"@type":"WebPage","@id":"https:\/\/mylipfiller.com\/exo-17s-exsosome-skinbooster-1-x-2-2ml\/","url":"https:\/\/mylipfiller.com\/exo-17s-exsosome-skinbooster-1-x-2-2ml\/","name":"Compre Exo 17S Exsosome Skinbooster (1 x 2,2 ml) - Rellenos de My Lip Filler","isPartOf":{"@id":"https:\/\/mylipfiller.com\/#website"},"primaryImageOfPage":{"@id":"https:\/\/mylipfiller.com\/exo-17s-exsosome-skinbooster-1-x-2-2ml\/#primaryimage"},"image":{"@id":"https:\/\/mylipfiller.com\/exo-17s-exsosome-skinbooster-1-x-2-2ml\/#primaryimage"},"thumbnailUrl":"https:\/\/cdn.mylipfiller.com\/wp-content\/uploads\/2024\/07\/Exo-17S.jpg","datePublished":"2024-07-09T14:35:03+00:00","dateModified":"2024-07-09T14:36:02+00:00","description":"\u2765Compre Exo 17S Exsosome Skinbooster (1 x 2,2 ml) \u23e9 Tienda online My Lip Filler \u27a6 Garant\u00eda de calidad, rese\u00f1as, ingredientes, \u00a1los mejores precios!","breadcrumb":{"@id":"https:\/\/mylipfiller.com\/exo-17s-exsosome-skinbooster-1-x-2-2ml\/#breadcrumb"},"inLanguage":"es","potentialAction":[{"@type":"ReadAction","target":["https:\/\/mylipfiller.com\/exo-17s-exsosome-skinbooster-1-x-2-2ml\/"]}]},{"@type":"ImageObject","inLanguage":"es","@id":"https:\/\/mylipfiller.com\/exo-17s-exsosome-skinbooster-1-x-2-2ml\/#primaryimage","url":"https:\/\/cdn.mylipfiller.com\/wp-content\/uploads\/2024\/07\/Exo-17S.jpg","contentUrl":"https:\/\/cdn.mylipfiller.com\/wp-content\/uploads\/2024\/07\/Exo-17S.jpg","width":600,"height":600,"caption":"Exo 17S"},{"@type":"BreadcrumbList","@id":"https:\/\/mylipfiller.com\/exo-17s-exsosome-skinbooster-1-x-2-2ml\/#breadcrumb","itemListElement":[{"@type":"ListItem","position":1,"name":"Home","item":"https:\/\/mylipfiller.com\/"},{"@type":"ListItem","position":2,"name":"Shop","item":"https:\/\/mylipfiller.com\/shop\/"},{"@type":"ListItem","position":3,"name":"Exo 17S Exsosome Skinbooster (1 x 2.2ml)"}]},{"@type":"WebSite","@id":"https:\/\/mylipfiller.com\/#website","url":"https:\/\/mylipfiller.com\/","name":"Mi relleno de labios","description":"Rellenos d\u00e9rmicos y de labios con \u00e1cido hialur\u00f3nico","publisher":{"@id":"https:\/\/mylipfiller.com\/#organization"},"potentialAction":[{"@type":"SearchAction","target":{"@type":"EntryPoint","urlTemplate":"https:\/\/mylipfiller.com\/?s={search_term_string}"},"query-input":{"@type":"PropertyValueSpecification","valueRequired":true,"valueName":"search_term_string"}}],"inLanguage":"es"},{"@type":"Organization","@id":"https:\/\/mylipfiller.com\/#organization","name":"Mi relleno de labios","url":"https:\/\/mylipfiller.com\/","logo":{"@type":"ImageObject","inLanguage":"es","@id":"https:\/\/mylipfiller.com\/#\/schema\/logo\/image\/","url":"https:\/\/cdn.mylipfiller.com\/wp-content\/uploads\/2019\/02\/cropped-My-Lip-Filler-Logo.png","contentUrl":"https:\/\/cdn.mylipfiller.com\/wp-content\/uploads\/2019\/02\/cropped-My-Lip-Filler-Logo.png","width":240,"height":88,"caption":"My Lip Filler"},"image":{"@id":"https:\/\/mylipfiller.com\/#\/schema\/logo\/image\/"}}]}},"_links":{"self":[{"href":"https:\/\/mylipfiller.com\/es\/wp-json\/wp\/v2\/product\/41871","targetHints":{"allow":["GET"]}}],"collection":[{"href":"https:\/\/mylipfiller.com\/es\/wp-json\/wp\/v2\/product"}],"about":[{"href":"https:\/\/mylipfiller.com\/es\/wp-json\/wp\/v2\/types\/product"}],"wp:featuredmedia":[{"embeddable":true,"href":"https:\/\/mylipfiller.com\/es\/wp-json\/wp\/v2\/media\/41873"}],"wp:attachment":[{"href":"https:\/\/mylipfiller.com\/es\/wp-json\/wp\/v2\/media?parent=41871"}],"wp:term":[{"taxonomy":"product_brand","embeddable":true,"href":"https:\/\/mylipfiller.com\/es\/wp-json\/wp\/v2\/product_brand?post=41871"},{"taxonomy":"product_cat","embeddable":true,"href":"https:\/\/mylipfiller.com\/es\/wp-json\/wp\/v2\/product_cat?post=41871"},{"taxonomy":"product_tag","embeddable":true,"href":"https:\/\/mylipfiller.com\/es\/wp-json\/wp\/v2\/product_tag?post=41871"}],"curies":[{"name":"gracias","href":"https:\/\/api.w.org\/{rel}","templated":true}]}}