{"id":41874,"date":"2024-07-09T16:55:47","date_gmt":"2024-07-09T14:55:47","guid":{"rendered":"https:\/\/mylipfiller.com\/?post_type=product&#038;p=41874"},"modified":"2024-07-09T17:17:49","modified_gmt":"2024-07-09T15:17:49","slug":"exo-17v-exsosome-skinbooster-1-x-3ml","status":"publish","type":"product","link":"https:\/\/mylipfiller.com\/es\/exo-17v-exsosome-skinbooster-1-x-3ml\/","title":{"rendered":"Exo 17V Exsosome Skinbooster (1 x 3ml)"},"content":{"rendered":"<p>Si bien las soluciones t\u00f3picas para la piel a menudo son menospreciadas, Exo 17V skinbooster rompe por completo ese estereotipo al ofrecer uno de los m\u00e9todos m\u00e1s \u00f3ptimos para abordar una variedad de problemas relacionados con la piel con un solo producto. En esencia, se trata de un refuerzo de la piel de exosomas inmunitarios, lo que significa que esta soluci\u00f3n se basa en exosomas. Son peque\u00f1as ves\u00edculas que las c\u00e9lulas de la piel secretan durante la comunicaci\u00f3n entre c\u00e9lulas. Son, en esencia, un c\u00f3ctel de agentes potentes como prote\u00ednas, \u00e1cido nucleico y otros tipos de mol\u00e9culas bioactivas vitales, que ayudan a la piel de varias maneras:<\/p>\n<ul>\n<li><strong>Estimular los fibroblastos.<\/strong> \u2013 Es necesario amplificar la producci\u00f3n de col\u00e1geno y elastina en la matriz extracelular para estimular los tejidos de soporte de la dermis. Adem\u00e1s del visible efecto lifting, el col\u00e1geno es un componente necesario en el camino hacia una piel sana.<\/li>\n<li><strong>Reforzar la membrana celular de la piel. <\/strong>\u2013 Las c\u00e9lulas cut\u00e1neas sanas y fuertes son los componentes b\u00e1sicos de una piel sana. Con Exo 17V, la piel es mucho m\u00e1s resistente a los factores externos adversos.<\/li>\n<li><strong>Impulsar la curaci\u00f3n natural <\/strong>\u2013 la piel cansada no puede ser tan efectiva cuando se trata de curaci\u00f3n o curaci\u00f3n de tejidos cicatrizados (particularmente cicatrices de acn\u00e9). Este potenciador de la piel y los exsosomas que contiene aliviar\u00e1n este problema.<\/li>\n<\/ul>\n<p>Adem\u00e1s, Exo 17V exsosome skinbooster contiene \u00e1cido hialur\u00f3nico, que mejora directa y r\u00e1pidamente la hidrataci\u00f3n de la piel, y polinucle\u00f3tidos, que tambi\u00e9n son un potente refuerzo para los fibroblastos, pero que tambi\u00e9n tratan problemas como el tono de la piel y la hiperproducci\u00f3n de melanina.<\/p>\n<p>Para completar a\u00fan m\u00e1s la lista de ingredientes del c\u00f3ctel meso, p\u00e9ptidos potentes respaldar\u00e1n los ingredientes principales, ya que revitalizan y curan la piel, proporcionan la nutrici\u00f3n y la fuerza necesarias a las c\u00e9lulas de la piel, lo que da como resultado una piel m\u00e1s joven, fuerte y saludable, con mucha mejor elasticidad y textura m\u00e1s suave. Y todo esto lo logra Exo 17V con una simple aplicaci\u00f3n t\u00f3pica.<\/p>","protected":false},"excerpt":{"rendered":"<p>Pocos productos pueden igualar la efectividad y el poder curativo de la piel cruda que tiene el Exo 17V. Este poderoso mesococtail mezcla exsosomas, \u00e1cido hialur\u00f3nico y polinucle\u00f3tidos y luego amplifica su efecto con una mezcla de p\u00e9ptidos y glutati\u00f3n, para lograr un rejuvenecimiento profundo de la piel, aumentar las propiedades curativas naturales de la dermis y mejorar el tono general de la piel. Igualmente eficaz contra las arrugas y las cicatrices del acn\u00e9, Exo 17V skinbooster es una potente soluci\u00f3n t\u00f3pica a base de exosomas para un rejuvenecimiento d\u00e9rmico completo.<\/p>","protected":false},"featured_media":41876,"template":"","meta":{"_acf_changed":false},"product_brand":[],"product_cat":[196,18,57],"product_tag":[],"class_list":{"0":"post-41874","1":"product","2":"type-product","3":"status-publish","4":"has-post-thumbnail","6":"product_cat-exo-17","7":"product_cat-mesotherapy","8":"product_cat-skin-care","10":"first","11":"instock","12":"taxable","13":"shipping-taxable","14":"purchasable","15":"product-type-simple"},"acf":[],"yoast_head":"<!-- This site is optimized with the Yoast SEO plugin v27.2 - https:\/\/yoast.com\/product\/yoast-seo-wordpress\/ -->\n<title>Buy Exo 17V Exsosome Skinbooster (1 x 3ml) - Fillers from My Lip Filler<\/title>\n<meta name=\"description\" content=\"\u2765Buy Exo 17V Exsosome Skinbooster (1 x 3ml) \u23e9 My Lip Filler online store \u27a6 Quality assurance, reviews, ingredients, best prices!\" \/>\n<meta name=\"robots\" content=\"index, follow, max-snippet:-1, max-image-preview:large, max-video-preview:-1\" \/>\n<link rel=\"canonical\" href=\"https:\/\/mylipfiller.com\/es\/exo-17v-exsosome-skinbooster-1-x-3ml\/\" \/>\n<meta property=\"og:locale\" content=\"es_MX\" \/>\n<meta property=\"og:type\" content=\"article\" \/>\n<meta property=\"og:title\" content=\"Buy Exo 17V Exsosome Skinbooster (1 x 3ml) - Fillers from My Lip Filler\" \/>\n<meta property=\"og:description\" content=\"\u2765Buy Exo 17V Exsosome Skinbooster (1 x 3ml) \u23e9 My Lip Filler online store \u27a6 Quality assurance, reviews, ingredients, best prices!\" \/>\n<meta property=\"og:url\" content=\"https:\/\/mylipfiller.com\/es\/exo-17v-exsosome-skinbooster-1-x-3ml\/\" \/>\n<meta property=\"og:site_name\" content=\"My Lip Filler\" \/>\n<meta property=\"article:modified_time\" content=\"2024-07-09T15:17:49+00:00\" \/>\n<meta property=\"og:image\" content=\"https:\/\/cdn.mylipfiller.com\/wp-content\/uploads\/2024\/07\/Exo-17V.jpg\" \/>\n\t<meta property=\"og:image:width\" content=\"600\" \/>\n\t<meta property=\"og:image:height\" content=\"600\" \/>\n\t<meta property=\"og:image:type\" content=\"image\/jpeg\" \/>\n<meta name=\"twitter:card\" content=\"summary_large_image\" \/>\n<meta name=\"twitter:label1\" content=\"Tiempo de lectura\" \/>\n\t<meta name=\"twitter:data1\" content=\"2 minutos\" \/>\n<script type=\"application\/ld+json\" class=\"yoast-schema-graph\">{\"@context\":\"https:\/\/schema.org\",\"@graph\":[{\"@type\":\"WebPage\",\"@id\":\"https:\/\/mylipfiller.com\/exo-17v-exsosome-skinbooster-1-x-3ml\/\",\"url\":\"https:\/\/mylipfiller.com\/exo-17v-exsosome-skinbooster-1-x-3ml\/\",\"name\":\"Buy Exo 17V Exsosome Skinbooster (1 x 3ml) - Fillers from My Lip Filler\",\"isPartOf\":{\"@id\":\"https:\/\/mylipfiller.com\/#website\"},\"primaryImageOfPage\":{\"@id\":\"https:\/\/mylipfiller.com\/exo-17v-exsosome-skinbooster-1-x-3ml\/#primaryimage\"},\"image\":{\"@id\":\"https:\/\/mylipfiller.com\/exo-17v-exsosome-skinbooster-1-x-3ml\/#primaryimage\"},\"thumbnailUrl\":\"https:\/\/cdn.mylipfiller.com\/wp-content\/uploads\/2024\/07\/Exo-17V.jpg\",\"datePublished\":\"2024-07-09T14:55:47+00:00\",\"dateModified\":\"2024-07-09T15:17:49+00:00\",\"description\":\"\u2765Buy Exo 17V Exsosome Skinbooster (1 x 3ml) \u23e9 My Lip Filler online store \u27a6 Quality assurance, reviews, ingredients, best prices!\",\"breadcrumb\":{\"@id\":\"https:\/\/mylipfiller.com\/exo-17v-exsosome-skinbooster-1-x-3ml\/#breadcrumb\"},\"inLanguage\":\"es\",\"potentialAction\":[{\"@type\":\"ReadAction\",\"target\":[\"https:\/\/mylipfiller.com\/exo-17v-exsosome-skinbooster-1-x-3ml\/\"]}]},{\"@type\":\"ImageObject\",\"inLanguage\":\"es\",\"@id\":\"https:\/\/mylipfiller.com\/exo-17v-exsosome-skinbooster-1-x-3ml\/#primaryimage\",\"url\":\"https:\/\/cdn.mylipfiller.com\/wp-content\/uploads\/2024\/07\/Exo-17V.jpg\",\"contentUrl\":\"https:\/\/cdn.mylipfiller.com\/wp-content\/uploads\/2024\/07\/Exo-17V.jpg\",\"width\":600,\"height\":600,\"caption\":\"Exo 17V\"},{\"@type\":\"BreadcrumbList\",\"@id\":\"https:\/\/mylipfiller.com\/exo-17v-exsosome-skinbooster-1-x-3ml\/#breadcrumb\",\"itemListElement\":[{\"@type\":\"ListItem\",\"position\":1,\"name\":\"Home\",\"item\":\"https:\/\/mylipfiller.com\/\"},{\"@type\":\"ListItem\",\"position\":2,\"name\":\"Shop\",\"item\":\"https:\/\/mylipfiller.com\/shop\/\"},{\"@type\":\"ListItem\",\"position\":3,\"name\":\"Exo 17V Exsosome Skinbooster (1 x 3ml)\"}]},{\"@type\":\"WebSite\",\"@id\":\"https:\/\/mylipfiller.com\/#website\",\"url\":\"https:\/\/mylipfiller.com\/\",\"name\":\"My Lip Filler\",\"description\":\"Hyaluronic Acid Lip and Dermal Fillers\",\"publisher\":{\"@id\":\"https:\/\/mylipfiller.com\/#organization\"},\"potentialAction\":[{\"@type\":\"SearchAction\",\"target\":{\"@type\":\"EntryPoint\",\"urlTemplate\":\"https:\/\/mylipfiller.com\/?s={search_term_string}\"},\"query-input\":{\"@type\":\"PropertyValueSpecification\",\"valueRequired\":true,\"valueName\":\"search_term_string\"}}],\"inLanguage\":\"es\"},{\"@type\":\"Organization\",\"@id\":\"https:\/\/mylipfiller.com\/#organization\",\"name\":\"My Lip Filler\",\"url\":\"https:\/\/mylipfiller.com\/\",\"logo\":{\"@type\":\"ImageObject\",\"inLanguage\":\"es\",\"@id\":\"https:\/\/mylipfiller.com\/#\/schema\/logo\/image\/\",\"url\":\"https:\/\/cdn.mylipfiller.com\/wp-content\/uploads\/2019\/02\/cropped-My-Lip-Filler-Logo.png\",\"contentUrl\":\"https:\/\/cdn.mylipfiller.com\/wp-content\/uploads\/2019\/02\/cropped-My-Lip-Filler-Logo.png\",\"width\":240,\"height\":88,\"caption\":\"My Lip Filler\"},\"image\":{\"@id\":\"https:\/\/mylipfiller.com\/#\/schema\/logo\/image\/\"}}]}<\/script>\n<!-- \/ Yoast SEO plugin. -->","yoast_head_json":{"title":"Compre Exo 17V Exsosome Skinbooster (1 x 3 ml) - Rellenos de My Lip Filler","description":"\u2765Comprar Exo 17V Exsosome Skinbooster (1 x 3ml) \u23e9 Tienda online My Lip Filler \u27a6 Garant\u00eda de calidad, rese\u00f1as, ingredientes, \u00a1los mejores precios!","robots":{"index":"index","follow":"follow","max-snippet":"max-snippet:-1","max-image-preview":"max-image-preview:large","max-video-preview":"max-video-preview:-1"},"canonical":"https:\/\/mylipfiller.com\/es\/exo-17v-exsosome-skinbooster-1-x-3ml\/","og_locale":"es_MX","og_type":"article","og_title":"Buy Exo 17V Exsosome Skinbooster (1 x 3ml) - Fillers from My Lip Filler","og_description":"\u2765Buy Exo 17V Exsosome Skinbooster (1 x 3ml) \u23e9 My Lip Filler online store \u27a6 Quality assurance, reviews, ingredients, best prices!","og_url":"https:\/\/mylipfiller.com\/es\/exo-17v-exsosome-skinbooster-1-x-3ml\/","og_site_name":"My Lip Filler","article_modified_time":"2024-07-09T15:17:49+00:00","og_image":[{"width":600,"height":600,"url":"https:\/\/cdn.mylipfiller.com\/wp-content\/uploads\/2024\/07\/Exo-17V.jpg","type":"image\/jpeg"}],"twitter_card":"summary_large_image","twitter_misc":{"Tiempo de lectura":"2 minutos"},"schema":{"@context":"https:\/\/schema.org","@graph":[{"@type":"WebPage","@id":"https:\/\/mylipfiller.com\/exo-17v-exsosome-skinbooster-1-x-3ml\/","url":"https:\/\/mylipfiller.com\/exo-17v-exsosome-skinbooster-1-x-3ml\/","name":"Compre Exo 17V Exsosome Skinbooster (1 x 3 ml) - Rellenos de My Lip Filler","isPartOf":{"@id":"https:\/\/mylipfiller.com\/#website"},"primaryImageOfPage":{"@id":"https:\/\/mylipfiller.com\/exo-17v-exsosome-skinbooster-1-x-3ml\/#primaryimage"},"image":{"@id":"https:\/\/mylipfiller.com\/exo-17v-exsosome-skinbooster-1-x-3ml\/#primaryimage"},"thumbnailUrl":"https:\/\/cdn.mylipfiller.com\/wp-content\/uploads\/2024\/07\/Exo-17V.jpg","datePublished":"2024-07-09T14:55:47+00:00","dateModified":"2024-07-09T15:17:49+00:00","description":"\u2765Comprar Exo 17V Exsosome Skinbooster (1 x 3ml) \u23e9 Tienda online My Lip Filler \u27a6 Garant\u00eda de calidad, rese\u00f1as, ingredientes, \u00a1los mejores precios!","breadcrumb":{"@id":"https:\/\/mylipfiller.com\/exo-17v-exsosome-skinbooster-1-x-3ml\/#breadcrumb"},"inLanguage":"es","potentialAction":[{"@type":"ReadAction","target":["https:\/\/mylipfiller.com\/exo-17v-exsosome-skinbooster-1-x-3ml\/"]}]},{"@type":"ImageObject","inLanguage":"es","@id":"https:\/\/mylipfiller.com\/exo-17v-exsosome-skinbooster-1-x-3ml\/#primaryimage","url":"https:\/\/cdn.mylipfiller.com\/wp-content\/uploads\/2024\/07\/Exo-17V.jpg","contentUrl":"https:\/\/cdn.mylipfiller.com\/wp-content\/uploads\/2024\/07\/Exo-17V.jpg","width":600,"height":600,"caption":"Exo 17V"},{"@type":"BreadcrumbList","@id":"https:\/\/mylipfiller.com\/exo-17v-exsosome-skinbooster-1-x-3ml\/#breadcrumb","itemListElement":[{"@type":"ListItem","position":1,"name":"Home","item":"https:\/\/mylipfiller.com\/"},{"@type":"ListItem","position":2,"name":"Shop","item":"https:\/\/mylipfiller.com\/shop\/"},{"@type":"ListItem","position":3,"name":"Exo 17V Exsosome Skinbooster (1 x 3ml)"}]},{"@type":"WebSite","@id":"https:\/\/mylipfiller.com\/#website","url":"https:\/\/mylipfiller.com\/","name":"Mi relleno de labios","description":"Rellenos d\u00e9rmicos y de labios con \u00e1cido hialur\u00f3nico","publisher":{"@id":"https:\/\/mylipfiller.com\/#organization"},"potentialAction":[{"@type":"SearchAction","target":{"@type":"EntryPoint","urlTemplate":"https:\/\/mylipfiller.com\/?s={search_term_string}"},"query-input":{"@type":"PropertyValueSpecification","valueRequired":true,"valueName":"search_term_string"}}],"inLanguage":"es"},{"@type":"Organization","@id":"https:\/\/mylipfiller.com\/#organization","name":"Mi relleno de labios","url":"https:\/\/mylipfiller.com\/","logo":{"@type":"ImageObject","inLanguage":"es","@id":"https:\/\/mylipfiller.com\/#\/schema\/logo\/image\/","url":"https:\/\/cdn.mylipfiller.com\/wp-content\/uploads\/2019\/02\/cropped-My-Lip-Filler-Logo.png","contentUrl":"https:\/\/cdn.mylipfiller.com\/wp-content\/uploads\/2019\/02\/cropped-My-Lip-Filler-Logo.png","width":240,"height":88,"caption":"My Lip Filler"},"image":{"@id":"https:\/\/mylipfiller.com\/#\/schema\/logo\/image\/"}}]}},"_links":{"self":[{"href":"https:\/\/mylipfiller.com\/es\/wp-json\/wp\/v2\/product\/41874","targetHints":{"allow":["GET"]}}],"collection":[{"href":"https:\/\/mylipfiller.com\/es\/wp-json\/wp\/v2\/product"}],"about":[{"href":"https:\/\/mylipfiller.com\/es\/wp-json\/wp\/v2\/types\/product"}],"wp:featuredmedia":[{"embeddable":true,"href":"https:\/\/mylipfiller.com\/es\/wp-json\/wp\/v2\/media\/41876"}],"wp:attachment":[{"href":"https:\/\/mylipfiller.com\/es\/wp-json\/wp\/v2\/media?parent=41874"}],"wp:term":[{"taxonomy":"product_brand","embeddable":true,"href":"https:\/\/mylipfiller.com\/es\/wp-json\/wp\/v2\/product_brand?post=41874"},{"taxonomy":"product_cat","embeddable":true,"href":"https:\/\/mylipfiller.com\/es\/wp-json\/wp\/v2\/product_cat?post=41874"},{"taxonomy":"product_tag","embeddable":true,"href":"https:\/\/mylipfiller.com\/es\/wp-json\/wp\/v2\/product_tag?post=41874"}],"curies":[{"name":"gracias","href":"https:\/\/api.w.org\/{rel}","templated":true}]}}