{"id":41882,"date":"2024-07-12T18:01:47","date_gmt":"2024-07-12T16:01:47","guid":{"rendered":"https:\/\/mylipfiller.com\/?post_type=product&#038;p=41882"},"modified":"2024-07-12T18:01:47","modified_gmt":"2024-07-12T16:01:47","slug":"ejal-40-1-x-2ml","status":"publish","type":"product","link":"https:\/\/mylipfiller.com\/es\/ejal-40-1-x-2ml\/","title":{"rendered":"Ejal 40 (1 x 2ml)"},"content":{"rendered":"<p>Los potenciadores de la piel como Ejal 40, que se basan en \u00e1cido hialur\u00f3nico, se basan en su principal atributo beneficioso: la capacidad de las mol\u00e9culas de HA para contener cientos de veces su propio peso de mol\u00e9culas de agua. De hecho, el \u00e1cido hialur\u00f3nico es una sustancia completamente natural, aunque de origen no animal, que se encuentra en el potenciador Ejal 40, que tambi\u00e9n se encuentra en el cuerpo humano. Nuestra piel no ser\u00eda capaz de hidratarse adecuadamente si no estuviera presente en la dermis. Sin embargo, al igual que los niveles de col\u00e1geno y elastina disminuyen gradualmente con el proceso de envejecimiento (o r\u00e1pidamente debido a efectos adversos en el estilo de vida, la salud o el medio ambiente), tambi\u00e9n lo hace el \u00e1cido hialur\u00f3nico.<\/p>\n<p>Con Ejal 40 se corrige este desequilibrio natural de la piel introduciendo grandes cantidades de \u00e1cido Hialur\u00f3nico concentrado y no reticulado directamente en la dermis. Con una concentraci\u00f3n de 20 mg, o un total de 40 mg, para el paquete de 2 ml, Elaj 40 puede mejorar r\u00e1pidamente la condici\u00f3n de la piel en dos zonas separadas del rostro, utilizando un nuevo enfoque de aplicaci\u00f3n de cuatro puntos. Con \u00e9l, se introducen grandes cantidades de skinbooster en solo cuatro puntos por \u00e1rea, lo que lleva a mejoras m\u00e1s dram\u00e1ticas en la salud de la piel, m\u00e1s r\u00e1pidamente.<\/p>\n<p>Entonces, \u00bfpara qu\u00e9 sirve el refuerzo Ejal 40 HA? La respuesta corta es rejuvenecimiento facial general, pero para una lista de problemas m\u00e1s espec\u00edfica:<\/p>\n<ul>\n<li>Restaurar las condiciones para la s\u00edntesis de col\u00e1geno en la matriz extracelular.<\/li>\n<li>Mejora r\u00e1pidamente los niveles de hidrataci\u00f3n de la piel seca y \u00e1spera.<\/li>\n<li>Levantamiento de los tejidos ca\u00eddos, mediante rejuvenecimiento natural.<\/li>\n<li>Suaviza las arrugas superficiales y hace la piel m\u00e1s el\u00e1stica.<\/li>\n<\/ul>","protected":false},"excerpt":{"rendered":"<p>Mejorar la condici\u00f3n de la piel con \u00e1cido hialur\u00f3nico es un m\u00e9todo eficaz para lograr un rejuvenecimiento completo y duradero de la cara, el cuello y el escote. Usar Ejal 40, un potenciador de la piel HA de 40 mg, para mejorar la salud y la elasticidad de la piel, es un m\u00e9todo simple y r\u00e1pido para revertir los signos del envejecimiento y tratar los problemas m\u00e1s graves causados por el envejecimiento natural o prematuro de la piel.<\/p>","protected":false},"featured_media":41883,"template":"","meta":{"_acf_changed":false},"product_brand":[],"product_cat":[197,18,32],"product_tag":[138,144,125,111,126,112,128,117,147,129,143,139],"class_list":{"0":"post-41882","1":"product","2":"type-product","3":"status-publish","4":"has-post-thumbnail","6":"product_cat-ejal-40","7":"product_cat-mesotherapy","8":"product_cat-soft","9":"product_tag-anti-aging","10":"product_tag-anti-wrinkle","11":"product_tag-crows-feet","12":"product_tag-face","13":"product_tag-fine-lines","14":"product_tag-forehead","15":"product_tag-forehead-wrinkles","16":"product_tag-low-density","17":"product_tag-moisturizing","18":"product_tag-neck-wrinkles","19":"product_tag-rejuvenating","20":"product_tag-restoration","22":"first","23":"instock","24":"taxable","25":"shipping-taxable","26":"purchasable","27":"product-type-simple"},"acf":[],"yoast_head":"<!-- This site is optimized with the Yoast SEO plugin v27.4 - https:\/\/yoast.com\/product\/yoast-seo-wordpress\/ -->\n<title>Buy Ejal 40 (1 x 2ml) - Fillers from My Lip Filler<\/title>\n<meta name=\"description\" content=\"\u2765Buy Ejal 40 (1 x 2ml) \u23e9 My Lip Filler online store \u27a6 Quality assurance, reviews, ingredients, best prices!\" \/>\n<meta name=\"robots\" content=\"index, follow, max-snippet:-1, max-image-preview:large, max-video-preview:-1\" \/>\n<link rel=\"canonical\" href=\"https:\/\/mylipfiller.com\/es\/ejal-40-1-x-2ml\/\" \/>\n<meta property=\"og:locale\" content=\"es_MX\" \/>\n<meta property=\"og:type\" content=\"article\" \/>\n<meta property=\"og:title\" content=\"Buy Ejal 40 (1 x 2ml) - Fillers from My Lip Filler\" \/>\n<meta property=\"og:description\" content=\"\u2765Buy Ejal 40 (1 x 2ml) \u23e9 My Lip Filler online store \u27a6 Quality assurance, reviews, ingredients, best prices!\" \/>\n<meta property=\"og:url\" content=\"https:\/\/mylipfiller.com\/es\/ejal-40-1-x-2ml\/\" \/>\n<meta property=\"og:site_name\" content=\"My Lip Filler\" \/>\n<meta property=\"og:image\" content=\"https:\/\/cdn.mylipfiller.com\/wp-content\/uploads\/2024\/07\/Ejal-40.jpg\" \/>\n\t<meta property=\"og:image:width\" content=\"600\" \/>\n\t<meta property=\"og:image:height\" content=\"600\" \/>\n\t<meta property=\"og:image:type\" content=\"image\/jpeg\" \/>\n<meta name=\"twitter:card\" content=\"summary_large_image\" \/>\n<meta name=\"twitter:label1\" content=\"Tiempo de lectura\" \/>\n\t<meta name=\"twitter:data1\" content=\"2 minutos\" \/>\n<script type=\"application\/ld+json\" class=\"yoast-schema-graph\">{\"@context\":\"https:\\\/\\\/schema.org\",\"@graph\":[{\"@type\":\"WebPage\",\"@id\":\"https:\\\/\\\/mylipfiller.com\\\/ejal-40-1-x-2ml\\\/\",\"url\":\"https:\\\/\\\/mylipfiller.com\\\/ejal-40-1-x-2ml\\\/\",\"name\":\"Buy Ejal 40 (1 x 2ml) - Fillers from My Lip Filler\",\"isPartOf\":{\"@id\":\"https:\\\/\\\/mylipfiller.com\\\/#website\"},\"primaryImageOfPage\":{\"@id\":\"https:\\\/\\\/mylipfiller.com\\\/ejal-40-1-x-2ml\\\/#primaryimage\"},\"image\":{\"@id\":\"https:\\\/\\\/mylipfiller.com\\\/ejal-40-1-x-2ml\\\/#primaryimage\"},\"thumbnailUrl\":\"https:\\\/\\\/mylipfiller.com\\\/wp-content\\\/uploads\\\/2024\\\/07\\\/Ejal-40.jpg\",\"datePublished\":\"2024-07-12T16:01:47+00:00\",\"description\":\"\u2765Buy Ejal 40 (1 x 2ml) \u23e9 My Lip Filler online store \u27a6 Quality assurance, reviews, ingredients, best prices!\",\"breadcrumb\":{\"@id\":\"https:\\\/\\\/mylipfiller.com\\\/ejal-40-1-x-2ml\\\/#breadcrumb\"},\"inLanguage\":\"es\",\"potentialAction\":[{\"@type\":\"ReadAction\",\"target\":[\"https:\\\/\\\/mylipfiller.com\\\/ejal-40-1-x-2ml\\\/\"]}]},{\"@type\":\"ImageObject\",\"inLanguage\":\"es\",\"@id\":\"https:\\\/\\\/mylipfiller.com\\\/ejal-40-1-x-2ml\\\/#primaryimage\",\"url\":\"https:\\\/\\\/mylipfiller.com\\\/wp-content\\\/uploads\\\/2024\\\/07\\\/Ejal-40.jpg\",\"contentUrl\":\"https:\\\/\\\/mylipfiller.com\\\/wp-content\\\/uploads\\\/2024\\\/07\\\/Ejal-40.jpg\",\"width\":600,\"height\":600,\"caption\":\"Ejal 40\"},{\"@type\":\"BreadcrumbList\",\"@id\":\"https:\\\/\\\/mylipfiller.com\\\/ejal-40-1-x-2ml\\\/#breadcrumb\",\"itemListElement\":[{\"@type\":\"ListItem\",\"position\":1,\"name\":\"Home\",\"item\":\"https:\\\/\\\/mylipfiller.com\\\/\"},{\"@type\":\"ListItem\",\"position\":2,\"name\":\"Shop\",\"item\":\"https:\\\/\\\/mylipfiller.com\\\/shop\\\/\"},{\"@type\":\"ListItem\",\"position\":3,\"name\":\"Ejal 40 (1 x 2ml)\"}]},{\"@type\":\"WebSite\",\"@id\":\"https:\\\/\\\/mylipfiller.com\\\/#website\",\"url\":\"https:\\\/\\\/mylipfiller.com\\\/\",\"name\":\"My Lip Filler\",\"description\":\"Hyaluronic Acid Lip and Dermal Fillers\",\"publisher\":{\"@id\":\"https:\\\/\\\/mylipfiller.com\\\/#organization\"},\"potentialAction\":[{\"@type\":\"SearchAction\",\"target\":{\"@type\":\"EntryPoint\",\"urlTemplate\":\"https:\\\/\\\/mylipfiller.com\\\/?s={search_term_string}\"},\"query-input\":{\"@type\":\"PropertyValueSpecification\",\"valueRequired\":true,\"valueName\":\"search_term_string\"}}],\"inLanguage\":\"es\"},{\"@type\":\"Organization\",\"@id\":\"https:\\\/\\\/mylipfiller.com\\\/#organization\",\"name\":\"My Lip Filler\",\"url\":\"https:\\\/\\\/mylipfiller.com\\\/\",\"logo\":{\"@type\":\"ImageObject\",\"inLanguage\":\"es\",\"@id\":\"https:\\\/\\\/mylipfiller.com\\\/#\\\/schema\\\/logo\\\/image\\\/\",\"url\":\"https:\\\/\\\/mylipfiller.com\\\/wp-content\\\/uploads\\\/2019\\\/02\\\/cropped-My-Lip-Filler-Logo.png\",\"contentUrl\":\"https:\\\/\\\/mylipfiller.com\\\/wp-content\\\/uploads\\\/2019\\\/02\\\/cropped-My-Lip-Filler-Logo.png\",\"width\":240,\"height\":88,\"caption\":\"My Lip Filler\"},\"image\":{\"@id\":\"https:\\\/\\\/mylipfiller.com\\\/#\\\/schema\\\/logo\\\/image\\\/\"}}]}<\/script>\n<!-- \/ Yoast SEO plugin. -->","yoast_head_json":{"title":"Comprar Ejal 40 (1 x 2ml) - Rellenos de My Lip Filler","description":"\u2765Comprar Ejal 40 (1 x 2ml) \u23e9 Tienda online My Lip Filler \u27a6 Garant\u00eda de calidad, rese\u00f1as, ingredientes, \u00a1los mejores precios!","robots":{"index":"index","follow":"follow","max-snippet":"max-snippet:-1","max-image-preview":"max-image-preview:large","max-video-preview":"max-video-preview:-1"},"canonical":"https:\/\/mylipfiller.com\/es\/ejal-40-1-x-2ml\/","og_locale":"es_MX","og_type":"article","og_title":"Buy Ejal 40 (1 x 2ml) - Fillers from My Lip Filler","og_description":"\u2765Buy Ejal 40 (1 x 2ml) \u23e9 My Lip Filler online store \u27a6 Quality assurance, reviews, ingredients, best prices!","og_url":"https:\/\/mylipfiller.com\/es\/ejal-40-1-x-2ml\/","og_site_name":"My Lip Filler","og_image":[{"width":600,"height":600,"url":"https:\/\/cdn.mylipfiller.com\/wp-content\/uploads\/2024\/07\/Ejal-40.jpg","type":"image\/jpeg"}],"twitter_card":"summary_large_image","twitter_misc":{"Tiempo de lectura":"2 minutos"},"schema":{"@context":"https:\/\/schema.org","@graph":[{"@type":"WebPage","@id":"https:\/\/mylipfiller.com\/ejal-40-1-x-2ml\/","url":"https:\/\/mylipfiller.com\/ejal-40-1-x-2ml\/","name":"Comprar Ejal 40 (1 x 2ml) - Rellenos de My Lip Filler","isPartOf":{"@id":"https:\/\/mylipfiller.com\/#website"},"primaryImageOfPage":{"@id":"https:\/\/mylipfiller.com\/ejal-40-1-x-2ml\/#primaryimage"},"image":{"@id":"https:\/\/mylipfiller.com\/ejal-40-1-x-2ml\/#primaryimage"},"thumbnailUrl":"https:\/\/cdn.mylipfiller.com\/wp-content\/uploads\/2024\/07\/Ejal-40.jpg","datePublished":"2024-07-12T16:01:47+00:00","description":"\u2765Comprar Ejal 40 (1 x 2ml) \u23e9 Tienda online My Lip Filler \u27a6 Garant\u00eda de calidad, rese\u00f1as, ingredientes, \u00a1los mejores precios!","breadcrumb":{"@id":"https:\/\/mylipfiller.com\/ejal-40-1-x-2ml\/#breadcrumb"},"inLanguage":"es","potentialAction":[{"@type":"ReadAction","target":["https:\/\/mylipfiller.com\/ejal-40-1-x-2ml\/"]}]},{"@type":"ImageObject","inLanguage":"es","@id":"https:\/\/mylipfiller.com\/ejal-40-1-x-2ml\/#primaryimage","url":"https:\/\/cdn.mylipfiller.com\/wp-content\/uploads\/2024\/07\/Ejal-40.jpg","contentUrl":"https:\/\/cdn.mylipfiller.com\/wp-content\/uploads\/2024\/07\/Ejal-40.jpg","width":600,"height":600,"caption":"Ejal 40"},{"@type":"BreadcrumbList","@id":"https:\/\/mylipfiller.com\/ejal-40-1-x-2ml\/#breadcrumb","itemListElement":[{"@type":"ListItem","position":1,"name":"Home","item":"https:\/\/mylipfiller.com\/"},{"@type":"ListItem","position":2,"name":"Shop","item":"https:\/\/mylipfiller.com\/shop\/"},{"@type":"ListItem","position":3,"name":"Ejal 40 (1 x 2ml)"}]},{"@type":"WebSite","@id":"https:\/\/mylipfiller.com\/#website","url":"https:\/\/mylipfiller.com\/","name":"Mi relleno de labios","description":"Rellenos d\u00e9rmicos y de labios con \u00e1cido hialur\u00f3nico","publisher":{"@id":"https:\/\/mylipfiller.com\/#organization"},"potentialAction":[{"@type":"SearchAction","target":{"@type":"EntryPoint","urlTemplate":"https:\/\/mylipfiller.com\/?s={search_term_string}"},"query-input":{"@type":"PropertyValueSpecification","valueRequired":true,"valueName":"search_term_string"}}],"inLanguage":"es"},{"@type":"Organization","@id":"https:\/\/mylipfiller.com\/#organization","name":"Mi relleno de labios","url":"https:\/\/mylipfiller.com\/","logo":{"@type":"ImageObject","inLanguage":"es","@id":"https:\/\/mylipfiller.com\/#\/schema\/logo\/image\/","url":"https:\/\/cdn.mylipfiller.com\/wp-content\/uploads\/2019\/02\/cropped-My-Lip-Filler-Logo.png","contentUrl":"https:\/\/cdn.mylipfiller.com\/wp-content\/uploads\/2019\/02\/cropped-My-Lip-Filler-Logo.png","width":240,"height":88,"caption":"My Lip Filler"},"image":{"@id":"https:\/\/mylipfiller.com\/#\/schema\/logo\/image\/"}}]}},"_links":{"self":[{"href":"https:\/\/mylipfiller.com\/es\/wp-json\/wp\/v2\/product\/41882","targetHints":{"allow":["GET"]}}],"collection":[{"href":"https:\/\/mylipfiller.com\/es\/wp-json\/wp\/v2\/product"}],"about":[{"href":"https:\/\/mylipfiller.com\/es\/wp-json\/wp\/v2\/types\/product"}],"wp:featuredmedia":[{"embeddable":true,"href":"https:\/\/mylipfiller.com\/es\/wp-json\/wp\/v2\/media\/41883"}],"wp:attachment":[{"href":"https:\/\/mylipfiller.com\/es\/wp-json\/wp\/v2\/media?parent=41882"}],"wp:term":[{"taxonomy":"product_brand","embeddable":true,"href":"https:\/\/mylipfiller.com\/es\/wp-json\/wp\/v2\/product_brand?post=41882"},{"taxonomy":"product_cat","embeddable":true,"href":"https:\/\/mylipfiller.com\/es\/wp-json\/wp\/v2\/product_cat?post=41882"},{"taxonomy":"product_tag","embeddable":true,"href":"https:\/\/mylipfiller.com\/es\/wp-json\/wp\/v2\/product_tag?post=41882"}],"curies":[{"name":"gracias","href":"https:\/\/api.w.org\/{rel}","templated":true}]}}