{"id":41891,"date":"2024-07-18T16:41:48","date_gmt":"2024-07-18T14:41:48","guid":{"rendered":"https:\/\/mylipfiller.com\/?post_type=product&#038;p=41891"},"modified":"2024-07-18T16:42:11","modified_gmt":"2024-07-18T14:42:11","slug":"onefill-classic-1-x-1ml","status":"publish","type":"product","link":"https:\/\/mylipfiller.com\/es\/onefill-classic-1-x-1ml\/","title":{"rendered":"OneFill Cl\u00e1sico (1 x 1ml)"},"content":{"rendered":"<p>El tratamiento anti-edad con gel relleno de \u00e1cido hialur\u00f3nico s\u00f3lo es efectivo si el producto utilizado, en este caso OneFill Classic, tiene las propiedades y la calidad necesarias para eliminar bien las l\u00edneas y arrugas superficiales, sin formar grumos, sin que el gel se deforme. En resumen, una vez que las depresiones de la piel se tratan con el gel HA, los espectadores no deben reconocer que alguna vez se us\u00f3 un relleno d\u00e9rmico.<\/p>\n<p>OneFill Classic cumple todos los requisitos de un rellenador de arrugas de alto perfil. Tiene una concentraci\u00f3n superior a la media de 24 mg\/ml de \u00e1cido hialur\u00f3nico. Esto hace que sea m\u00e1s resistente a los procesos de disoluci\u00f3n de las enzimas del cuerpo y prolonga su efecto voluminizador de la piel. Adem\u00e1s, a medida que el gel Hialur\u00f3nico se disuelve en la dermis, se liberan mayores cantidades de mol\u00e9culas de HA en la piel, mejorando la hidrataci\u00f3n y su salud general.<\/p>\n<p>Este relleno d\u00e9rmico en particular se fabrica mediante la tecnolog\u00eda especial HCCL. Permite reticular el gel de \u00e1cido hialur\u00f3nico, sin que queden residuos nocivos de elementos BDDE en el producto final. Adem\u00e1s, este gel de relleno es monof\u00e1sico, por lo que sus propiedades de fluidez y uniformidad general mejoran mucho. Esto se traduce en resultados percibidos que son m\u00e1s naturales a simple vista, pero lo que es m\u00e1s importante, permite a los especialistas utilizar OneFill Classic para tratar incluso las arrugas m\u00e1s peque\u00f1as y las depresiones cut\u00e1neas m\u00e1s superficiales del rostro con el riesgo de que las protuberancias de la piel se eliminen por completo. .<\/p>","protected":false},"excerpt":{"rendered":"<p>Resolviendo el dilema de lograr la eliminaci\u00f3n completa de las arrugas superficiales y otras depresiones d\u00e9rmicas, de una manera que parezca completamente natural (e indistinguible), OneFill Classic es un relleno coreano de primera calidad, a base de \u00e1cido hialur\u00f3nico, con la uniformidad y viscoelasticidad perfectas para lograr una apariencia natural. Rellena y oculta los signos iniciales del envejecimiento de la piel. Adem\u00e1s, sigue ofreciendo una mejor hidrataci\u00f3n de la piel a largo plazo y el relleno es ideal para mantener una apariencia m\u00e1s juvenil a largo plazo.<\/p>","protected":false},"featured_media":41892,"template":"","meta":{"_acf_changed":false},"product_brand":[],"product_cat":[198,32],"product_tag":[144,125,111,126,112,128,151,117,133,113,146,127],"class_list":{"0":"post-41891","1":"product","2":"type-product","3":"status-publish","4":"has-post-thumbnail","6":"product_cat-onefill","7":"product_cat-soft","8":"product_tag-anti-wrinkle","9":"product_tag-crows-feet","10":"product_tag-face","11":"product_tag-fine-lines","12":"product_tag-forehead","13":"product_tag-forehead-wrinkles","14":"product_tag-hyaluronic-acid-ha-fillers","15":"product_tag-low-density","16":"product_tag-marionette-lines","17":"product_tag-periorbital-area","18":"product_tag-smoothing","19":"product_tag-wrinkles-around-the-eyes","21":"first","22":"instock","23":"taxable","24":"shipping-taxable","25":"purchasable","26":"product-type-simple"},"acf":[],"yoast_head":"<!-- This site is optimized with the Yoast SEO plugin v27.3 - https:\/\/yoast.com\/product\/yoast-seo-wordpress\/ -->\n<title>Buy OneFill Classic (1 x 1ml) - Fillers from My Lip Filler<\/title>\n<meta name=\"description\" content=\"\u2765Buy OneFill Classic (1 x 1ml) \u23e9 My Lip Filler online store \u27a6 Quality assurance, reviews, ingredients, best prices!\" \/>\n<meta name=\"robots\" content=\"index, follow, max-snippet:-1, max-image-preview:large, max-video-preview:-1\" \/>\n<link rel=\"canonical\" href=\"https:\/\/mylipfiller.com\/es\/onefill-classic-1-x-1ml\/\" \/>\n<meta property=\"og:locale\" content=\"es_MX\" \/>\n<meta property=\"og:type\" content=\"article\" \/>\n<meta property=\"og:title\" content=\"Buy OneFill Classic (1 x 1ml) - Fillers from My Lip Filler\" \/>\n<meta property=\"og:description\" content=\"\u2765Buy OneFill Classic (1 x 1ml) \u23e9 My Lip Filler online store \u27a6 Quality assurance, reviews, ingredients, best prices!\" \/>\n<meta property=\"og:url\" content=\"https:\/\/mylipfiller.com\/es\/onefill-classic-1-x-1ml\/\" \/>\n<meta property=\"og:site_name\" content=\"My Lip Filler\" \/>\n<meta property=\"article:modified_time\" content=\"2024-07-18T14:42:11+00:00\" \/>\n<meta property=\"og:image\" content=\"https:\/\/cdn.mylipfiller.com\/wp-content\/uploads\/2024\/07\/OneFill-Classic.jpg\" \/>\n\t<meta property=\"og:image:width\" content=\"600\" \/>\n\t<meta property=\"og:image:height\" content=\"600\" \/>\n\t<meta property=\"og:image:type\" content=\"image\/jpeg\" \/>\n<meta name=\"twitter:card\" content=\"summary_large_image\" \/>\n<meta name=\"twitter:label1\" content=\"Tiempo de lectura\" \/>\n\t<meta name=\"twitter:data1\" content=\"2 minutos\" \/>\n<script type=\"application\/ld+json\" class=\"yoast-schema-graph\">{\"@context\":\"https:\\\/\\\/schema.org\",\"@graph\":[{\"@type\":\"WebPage\",\"@id\":\"https:\\\/\\\/mylipfiller.com\\\/onefill-classic-1-x-1ml\\\/\",\"url\":\"https:\\\/\\\/mylipfiller.com\\\/onefill-classic-1-x-1ml\\\/\",\"name\":\"Buy OneFill Classic (1 x 1ml) - Fillers from My Lip Filler\",\"isPartOf\":{\"@id\":\"https:\\\/\\\/mylipfiller.com\\\/#website\"},\"primaryImageOfPage\":{\"@id\":\"https:\\\/\\\/mylipfiller.com\\\/onefill-classic-1-x-1ml\\\/#primaryimage\"},\"image\":{\"@id\":\"https:\\\/\\\/mylipfiller.com\\\/onefill-classic-1-x-1ml\\\/#primaryimage\"},\"thumbnailUrl\":\"https:\\\/\\\/mylipfiller.com\\\/wp-content\\\/uploads\\\/2024\\\/07\\\/OneFill-Classic.jpg\",\"datePublished\":\"2024-07-18T14:41:48+00:00\",\"dateModified\":\"2024-07-18T14:42:11+00:00\",\"description\":\"\u2765Buy OneFill Classic (1 x 1ml) \u23e9 My Lip Filler online store \u27a6 Quality assurance, reviews, ingredients, best prices!\",\"breadcrumb\":{\"@id\":\"https:\\\/\\\/mylipfiller.com\\\/onefill-classic-1-x-1ml\\\/#breadcrumb\"},\"inLanguage\":\"es\",\"potentialAction\":[{\"@type\":\"ReadAction\",\"target\":[\"https:\\\/\\\/mylipfiller.com\\\/onefill-classic-1-x-1ml\\\/\"]}]},{\"@type\":\"ImageObject\",\"inLanguage\":\"es\",\"@id\":\"https:\\\/\\\/mylipfiller.com\\\/onefill-classic-1-x-1ml\\\/#primaryimage\",\"url\":\"https:\\\/\\\/mylipfiller.com\\\/wp-content\\\/uploads\\\/2024\\\/07\\\/OneFill-Classic.jpg\",\"contentUrl\":\"https:\\\/\\\/mylipfiller.com\\\/wp-content\\\/uploads\\\/2024\\\/07\\\/OneFill-Classic.jpg\",\"width\":600,\"height\":600,\"caption\":\"OneFill Classic\"},{\"@type\":\"BreadcrumbList\",\"@id\":\"https:\\\/\\\/mylipfiller.com\\\/onefill-classic-1-x-1ml\\\/#breadcrumb\",\"itemListElement\":[{\"@type\":\"ListItem\",\"position\":1,\"name\":\"Home\",\"item\":\"https:\\\/\\\/mylipfiller.com\\\/\"},{\"@type\":\"ListItem\",\"position\":2,\"name\":\"Shop\",\"item\":\"https:\\\/\\\/mylipfiller.com\\\/shop\\\/\"},{\"@type\":\"ListItem\",\"position\":3,\"name\":\"OneFill Classic (1 x 1ml)\"}]},{\"@type\":\"WebSite\",\"@id\":\"https:\\\/\\\/mylipfiller.com\\\/#website\",\"url\":\"https:\\\/\\\/mylipfiller.com\\\/\",\"name\":\"My Lip Filler\",\"description\":\"Hyaluronic Acid Lip and Dermal Fillers\",\"publisher\":{\"@id\":\"https:\\\/\\\/mylipfiller.com\\\/#organization\"},\"potentialAction\":[{\"@type\":\"SearchAction\",\"target\":{\"@type\":\"EntryPoint\",\"urlTemplate\":\"https:\\\/\\\/mylipfiller.com\\\/?s={search_term_string}\"},\"query-input\":{\"@type\":\"PropertyValueSpecification\",\"valueRequired\":true,\"valueName\":\"search_term_string\"}}],\"inLanguage\":\"es\"},{\"@type\":\"Organization\",\"@id\":\"https:\\\/\\\/mylipfiller.com\\\/#organization\",\"name\":\"My Lip Filler\",\"url\":\"https:\\\/\\\/mylipfiller.com\\\/\",\"logo\":{\"@type\":\"ImageObject\",\"inLanguage\":\"es\",\"@id\":\"https:\\\/\\\/mylipfiller.com\\\/#\\\/schema\\\/logo\\\/image\\\/\",\"url\":\"https:\\\/\\\/mylipfiller.com\\\/wp-content\\\/uploads\\\/2019\\\/02\\\/cropped-My-Lip-Filler-Logo.png\",\"contentUrl\":\"https:\\\/\\\/mylipfiller.com\\\/wp-content\\\/uploads\\\/2019\\\/02\\\/cropped-My-Lip-Filler-Logo.png\",\"width\":240,\"height\":88,\"caption\":\"My Lip Filler\"},\"image\":{\"@id\":\"https:\\\/\\\/mylipfiller.com\\\/#\\\/schema\\\/logo\\\/image\\\/\"}}]}<\/script>\n<!-- \/ Yoast SEO plugin. -->","yoast_head_json":{"title":"Compre OneFill Classic (1 x 1 ml) - Rellenos de My Lip Filler","description":"\u2765Compra OneFill Classic (1 x 1ml) \u23e9 Tienda online My Lip Filler \u27a6 Garant\u00eda de calidad, rese\u00f1as, ingredientes, \u00a1los mejores precios!","robots":{"index":"index","follow":"follow","max-snippet":"max-snippet:-1","max-image-preview":"max-image-preview:large","max-video-preview":"max-video-preview:-1"},"canonical":"https:\/\/mylipfiller.com\/es\/onefill-classic-1-x-1ml\/","og_locale":"es_MX","og_type":"article","og_title":"Buy OneFill Classic (1 x 1ml) - Fillers from My Lip Filler","og_description":"\u2765Buy OneFill Classic (1 x 1ml) \u23e9 My Lip Filler online store \u27a6 Quality assurance, reviews, ingredients, best prices!","og_url":"https:\/\/mylipfiller.com\/es\/onefill-classic-1-x-1ml\/","og_site_name":"My Lip Filler","article_modified_time":"2024-07-18T14:42:11+00:00","og_image":[{"width":600,"height":600,"url":"https:\/\/cdn.mylipfiller.com\/wp-content\/uploads\/2024\/07\/OneFill-Classic.jpg","type":"image\/jpeg"}],"twitter_card":"summary_large_image","twitter_misc":{"Tiempo de lectura":"2 minutos"},"schema":{"@context":"https:\/\/schema.org","@graph":[{"@type":"WebPage","@id":"https:\/\/mylipfiller.com\/onefill-classic-1-x-1ml\/","url":"https:\/\/mylipfiller.com\/onefill-classic-1-x-1ml\/","name":"Compre OneFill Classic (1 x 1 ml) - Rellenos de My Lip Filler","isPartOf":{"@id":"https:\/\/mylipfiller.com\/#website"},"primaryImageOfPage":{"@id":"https:\/\/mylipfiller.com\/onefill-classic-1-x-1ml\/#primaryimage"},"image":{"@id":"https:\/\/mylipfiller.com\/onefill-classic-1-x-1ml\/#primaryimage"},"thumbnailUrl":"https:\/\/cdn.mylipfiller.com\/wp-content\/uploads\/2024\/07\/OneFill-Classic.jpg","datePublished":"2024-07-18T14:41:48+00:00","dateModified":"2024-07-18T14:42:11+00:00","description":"\u2765Compra OneFill Classic (1 x 1ml) \u23e9 Tienda online My Lip Filler \u27a6 Garant\u00eda de calidad, rese\u00f1as, ingredientes, \u00a1los mejores precios!","breadcrumb":{"@id":"https:\/\/mylipfiller.com\/onefill-classic-1-x-1ml\/#breadcrumb"},"inLanguage":"es","potentialAction":[{"@type":"ReadAction","target":["https:\/\/mylipfiller.com\/onefill-classic-1-x-1ml\/"]}]},{"@type":"ImageObject","inLanguage":"es","@id":"https:\/\/mylipfiller.com\/onefill-classic-1-x-1ml\/#primaryimage","url":"https:\/\/cdn.mylipfiller.com\/wp-content\/uploads\/2024\/07\/OneFill-Classic.jpg","contentUrl":"https:\/\/cdn.mylipfiller.com\/wp-content\/uploads\/2024\/07\/OneFill-Classic.jpg","width":600,"height":600,"caption":"OneFill Classic"},{"@type":"BreadcrumbList","@id":"https:\/\/mylipfiller.com\/onefill-classic-1-x-1ml\/#breadcrumb","itemListElement":[{"@type":"ListItem","position":1,"name":"Home","item":"https:\/\/mylipfiller.com\/"},{"@type":"ListItem","position":2,"name":"Shop","item":"https:\/\/mylipfiller.com\/shop\/"},{"@type":"ListItem","position":3,"name":"OneFill Classic (1 x 1ml)"}]},{"@type":"WebSite","@id":"https:\/\/mylipfiller.com\/#website","url":"https:\/\/mylipfiller.com\/","name":"Mi relleno de labios","description":"Rellenos d\u00e9rmicos y de labios con \u00e1cido hialur\u00f3nico","publisher":{"@id":"https:\/\/mylipfiller.com\/#organization"},"potentialAction":[{"@type":"SearchAction","target":{"@type":"EntryPoint","urlTemplate":"https:\/\/mylipfiller.com\/?s={search_term_string}"},"query-input":{"@type":"PropertyValueSpecification","valueRequired":true,"valueName":"search_term_string"}}],"inLanguage":"es"},{"@type":"Organization","@id":"https:\/\/mylipfiller.com\/#organization","name":"Mi relleno de labios","url":"https:\/\/mylipfiller.com\/","logo":{"@type":"ImageObject","inLanguage":"es","@id":"https:\/\/mylipfiller.com\/#\/schema\/logo\/image\/","url":"https:\/\/cdn.mylipfiller.com\/wp-content\/uploads\/2019\/02\/cropped-My-Lip-Filler-Logo.png","contentUrl":"https:\/\/cdn.mylipfiller.com\/wp-content\/uploads\/2019\/02\/cropped-My-Lip-Filler-Logo.png","width":240,"height":88,"caption":"My Lip Filler"},"image":{"@id":"https:\/\/mylipfiller.com\/#\/schema\/logo\/image\/"}}]}},"_links":{"self":[{"href":"https:\/\/mylipfiller.com\/es\/wp-json\/wp\/v2\/product\/41891","targetHints":{"allow":["GET"]}}],"collection":[{"href":"https:\/\/mylipfiller.com\/es\/wp-json\/wp\/v2\/product"}],"about":[{"href":"https:\/\/mylipfiller.com\/es\/wp-json\/wp\/v2\/types\/product"}],"wp:featuredmedia":[{"embeddable":true,"href":"https:\/\/mylipfiller.com\/es\/wp-json\/wp\/v2\/media\/41892"}],"wp:attachment":[{"href":"https:\/\/mylipfiller.com\/es\/wp-json\/wp\/v2\/media?parent=41891"}],"wp:term":[{"taxonomy":"product_brand","embeddable":true,"href":"https:\/\/mylipfiller.com\/es\/wp-json\/wp\/v2\/product_brand?post=41891"},{"taxonomy":"product_cat","embeddable":true,"href":"https:\/\/mylipfiller.com\/es\/wp-json\/wp\/v2\/product_cat?post=41891"},{"taxonomy":"product_tag","embeddable":true,"href":"https:\/\/mylipfiller.com\/es\/wp-json\/wp\/v2\/product_tag?post=41891"}],"curies":[{"name":"gracias","href":"https:\/\/api.w.org\/{rel}","templated":true}]}}