{"id":41893,"date":"2024-07-18T18:04:44","date_gmt":"2024-07-18T16:04:44","guid":{"rendered":"https:\/\/mylipfiller.com\/?post_type=product&#038;p=41893"},"modified":"2025-07-15T14:43:35","modified_gmt":"2025-07-15T12:43:35","slug":"karisma-rh-collagen-filler-1-x-2ml","status":"publish","type":"product","link":"https:\/\/mylipfiller.com\/es\/karisma-rh-collagen-filler-1-x-2ml\/","title":{"rendered":"Relleno de col\u00e1geno Karisma RH (1 x 2 ml)"},"content":{"rendered":"<p>Karisma es un relleno d\u00e9rmico suave a base de HA y p\u00e9ptidos, que puede tratar eficazmente las depresiones superficiales de la piel. Es muy efectivo para depresiones poco profundas en \u00e1reas como:<\/p>\n<ul>\n<li>Cara<\/li>\n<li>Dorso de las manos<\/li>\n<li>Cuello<\/li>\n<li>Escote<\/li>\n<\/ul>\n<p>Al mismo tiempo mejora el estado de la piel, actuando como un potente skinbooster, e induce un relleno completamente natural en las zonas con p\u00e9rdida superficial de volumen. Este proceso de rejuvenecimiento facial utilizando el relleno de Col\u00e1geno Karisma RH se basa en tres ingredientes clave.<\/p>\n<p>La base es el \u00e1cido hialur\u00f3nico, un potente agente hidratante de la piel que, a medida que la piel envejece, se encuentra cada vez menos en nuestra dermis. Cuando se utiliza en su forma no reticulada, especialmente en alta concentraci\u00f3n, como en el caso de Karisma skinbooster, penetra muy eficazmente en la matriz extracelular. La hidrataci\u00f3n r\u00e1pidamente mejorada es la base para una s\u00edntesis renovada de col\u00e1geno.<\/p>\n<p>Para permitir que el HA funcione durante m\u00e1s tiempo y de forma m\u00e1s eficaz, la carboximetilcelulosa (CMC) ralentizar\u00e1 la enzima hialuronidasa, que disuelve naturalmente el \u00e1cido hialur\u00f3nico. Esto extiende enormemente la vida de las mol\u00e9culas de HA y les permite hidratar la piel por m\u00e1s tiempo.<\/p>\n<p>Finalmente, Karisma utiliza una cadena \u03b11 del polip\u00e9ptido r, que es un componente clave en la producci\u00f3n de col\u00e1geno, lo que induce a los fibroblastos no solo a sintetizar m\u00e1s col\u00e1geno, sino que es un precursor de la producci\u00f3n de col\u00e1geno end\u00f3geno. Garantiza que las mol\u00e9culas de procol\u00e1geno se envuelvan correctamente en cepas de triple h\u00e9lice, lo que mejora la resistencia y elasticidad del col\u00e1geno producido y, por extensi\u00f3n, la de la piel.<\/p>","protected":false},"excerpt":{"rendered":"<p>M\u00e1s avanzado y m\u00e1s eficaz para un per\u00edodo de escritura m\u00e1s largo. Karisma es un nuevo m\u00e9todo de rejuvenecimiento facial y un relleno suave revolucionario, que combina \u00e1cido hialur\u00f3nico no reticulado con cadenas de carboximetilcelulosa y polip\u00e9ptido R \u03b11 para crear las condiciones perfectas e inducir un poderoso proceso de aumento de col\u00e1geno. M\u00e1s all\u00e1 del relleno inmediato de las arrugas, proporciona una acumulaci\u00f3n natural de col\u00e1geno, como una forma de rellenar las depresiones visibles de la piel.<\/p>","protected":false},"featured_media":41894,"template":"","meta":{"_acf_changed":false},"product_brand":[],"product_cat":[18],"product_tag":[138,144,111,126,112,128,151,117,150,147,129,139],"class_list":{"0":"post-41893","1":"product","2":"type-product","3":"status-publish","4":"has-post-thumbnail","6":"product_cat-mesotherapy","7":"product_tag-anti-aging","8":"product_tag-anti-wrinkle","9":"product_tag-face","10":"product_tag-fine-lines","11":"product_tag-forehead","12":"product_tag-forehead-wrinkles","13":"product_tag-hyaluronic-acid-ha-fillers","14":"product_tag-low-density","15":"product_tag-mesococktails","16":"product_tag-moisturizing","17":"product_tag-neck-wrinkles","18":"product_tag-restoration","20":"first","21":"outofstock","22":"taxable","23":"shipping-taxable","24":"purchasable","25":"product-type-simple"},"acf":[],"yoast_head":"<!-- This site is optimized with the Yoast SEO plugin v27.3 - https:\/\/yoast.com\/product\/yoast-seo-wordpress\/ -->\n<title>Buy Karisma RH Collagen Filler (1 x 2ml) - Fillers from My Lip Filler<\/title>\n<meta name=\"description\" content=\"\u2765Buy Karisma RH Collagen Filler (1 x 2ml) \u23e9 My Lip Filler online store \u27a6 Quality assurance, reviews, ingredients, best prices!\" \/>\n<meta name=\"robots\" content=\"index, follow, max-snippet:-1, max-image-preview:large, max-video-preview:-1\" \/>\n<link rel=\"canonical\" href=\"https:\/\/mylipfiller.com\/es\/karisma-rh-collagen-filler-1-x-2ml\/\" \/>\n<meta property=\"og:locale\" content=\"es_MX\" \/>\n<meta property=\"og:type\" content=\"article\" \/>\n<meta property=\"og:title\" content=\"Buy Karisma RH Collagen Filler (1 x 2ml) - Fillers from My Lip Filler\" \/>\n<meta property=\"og:description\" content=\"\u2765Buy Karisma RH Collagen Filler (1 x 2ml) \u23e9 My Lip Filler online store \u27a6 Quality assurance, reviews, ingredients, best prices!\" \/>\n<meta property=\"og:url\" content=\"https:\/\/mylipfiller.com\/es\/karisma-rh-collagen-filler-1-x-2ml\/\" \/>\n<meta property=\"og:site_name\" content=\"My Lip Filler\" \/>\n<meta property=\"article:modified_time\" content=\"2025-07-15T12:43:35+00:00\" \/>\n<meta property=\"og:image\" content=\"https:\/\/cdn.mylipfiller.com\/wp-content\/uploads\/2024\/07\/Karisma-RH-Collagen.jpg\" \/>\n\t<meta property=\"og:image:width\" content=\"600\" \/>\n\t<meta property=\"og:image:height\" content=\"600\" \/>\n\t<meta property=\"og:image:type\" content=\"image\/jpeg\" \/>\n<meta name=\"twitter:card\" content=\"summary_large_image\" \/>\n<meta name=\"twitter:label1\" content=\"Tiempo de lectura\" \/>\n\t<meta name=\"twitter:data1\" content=\"2 minutos\" \/>\n<script type=\"application\/ld+json\" class=\"yoast-schema-graph\">{\"@context\":\"https:\\\/\\\/schema.org\",\"@graph\":[{\"@type\":\"WebPage\",\"@id\":\"https:\\\/\\\/mylipfiller.com\\\/karisma-rh-collagen-filler-1-x-2ml\\\/\",\"url\":\"https:\\\/\\\/mylipfiller.com\\\/karisma-rh-collagen-filler-1-x-2ml\\\/\",\"name\":\"Buy Karisma RH Collagen Filler (1 x 2ml) - Fillers from My Lip Filler\",\"isPartOf\":{\"@id\":\"https:\\\/\\\/mylipfiller.com\\\/#website\"},\"primaryImageOfPage\":{\"@id\":\"https:\\\/\\\/mylipfiller.com\\\/karisma-rh-collagen-filler-1-x-2ml\\\/#primaryimage\"},\"image\":{\"@id\":\"https:\\\/\\\/mylipfiller.com\\\/karisma-rh-collagen-filler-1-x-2ml\\\/#primaryimage\"},\"thumbnailUrl\":\"https:\\\/\\\/mylipfiller.com\\\/wp-content\\\/uploads\\\/2024\\\/07\\\/Karisma-RH-Collagen.jpg\",\"datePublished\":\"2024-07-18T16:04:44+00:00\",\"dateModified\":\"2025-07-15T12:43:35+00:00\",\"description\":\"\u2765Buy Karisma RH Collagen Filler (1 x 2ml) \u23e9 My Lip Filler online store \u27a6 Quality assurance, reviews, ingredients, best prices!\",\"breadcrumb\":{\"@id\":\"https:\\\/\\\/mylipfiller.com\\\/karisma-rh-collagen-filler-1-x-2ml\\\/#breadcrumb\"},\"inLanguage\":\"es\",\"potentialAction\":[{\"@type\":\"ReadAction\",\"target\":[\"https:\\\/\\\/mylipfiller.com\\\/karisma-rh-collagen-filler-1-x-2ml\\\/\"]}]},{\"@type\":\"ImageObject\",\"inLanguage\":\"es\",\"@id\":\"https:\\\/\\\/mylipfiller.com\\\/karisma-rh-collagen-filler-1-x-2ml\\\/#primaryimage\",\"url\":\"https:\\\/\\\/mylipfiller.com\\\/wp-content\\\/uploads\\\/2024\\\/07\\\/Karisma-RH-Collagen.jpg\",\"contentUrl\":\"https:\\\/\\\/mylipfiller.com\\\/wp-content\\\/uploads\\\/2024\\\/07\\\/Karisma-RH-Collagen.jpg\",\"width\":600,\"height\":600,\"caption\":\"Karisma RH Collagen\"},{\"@type\":\"BreadcrumbList\",\"@id\":\"https:\\\/\\\/mylipfiller.com\\\/karisma-rh-collagen-filler-1-x-2ml\\\/#breadcrumb\",\"itemListElement\":[{\"@type\":\"ListItem\",\"position\":1,\"name\":\"Home\",\"item\":\"https:\\\/\\\/mylipfiller.com\\\/\"},{\"@type\":\"ListItem\",\"position\":2,\"name\":\"Shop\",\"item\":\"https:\\\/\\\/mylipfiller.com\\\/shop\\\/\"},{\"@type\":\"ListItem\",\"position\":3,\"name\":\"Karisma RH Collagen Filler (1 x 2ml)\"}]},{\"@type\":\"WebSite\",\"@id\":\"https:\\\/\\\/mylipfiller.com\\\/#website\",\"url\":\"https:\\\/\\\/mylipfiller.com\\\/\",\"name\":\"My Lip Filler\",\"description\":\"Hyaluronic Acid Lip and Dermal Fillers\",\"publisher\":{\"@id\":\"https:\\\/\\\/mylipfiller.com\\\/#organization\"},\"potentialAction\":[{\"@type\":\"SearchAction\",\"target\":{\"@type\":\"EntryPoint\",\"urlTemplate\":\"https:\\\/\\\/mylipfiller.com\\\/?s={search_term_string}\"},\"query-input\":{\"@type\":\"PropertyValueSpecification\",\"valueRequired\":true,\"valueName\":\"search_term_string\"}}],\"inLanguage\":\"es\"},{\"@type\":\"Organization\",\"@id\":\"https:\\\/\\\/mylipfiller.com\\\/#organization\",\"name\":\"My Lip Filler\",\"url\":\"https:\\\/\\\/mylipfiller.com\\\/\",\"logo\":{\"@type\":\"ImageObject\",\"inLanguage\":\"es\",\"@id\":\"https:\\\/\\\/mylipfiller.com\\\/#\\\/schema\\\/logo\\\/image\\\/\",\"url\":\"https:\\\/\\\/mylipfiller.com\\\/wp-content\\\/uploads\\\/2019\\\/02\\\/cropped-My-Lip-Filler-Logo.png\",\"contentUrl\":\"https:\\\/\\\/mylipfiller.com\\\/wp-content\\\/uploads\\\/2019\\\/02\\\/cropped-My-Lip-Filler-Logo.png\",\"width\":240,\"height\":88,\"caption\":\"My Lip Filler\"},\"image\":{\"@id\":\"https:\\\/\\\/mylipfiller.com\\\/#\\\/schema\\\/logo\\\/image\\\/\"}}]}<\/script>\n<!-- \/ Yoast SEO plugin. -->","yoast_head_json":{"title":"Comprar Karisma RH Collagen Filler (1 x 2ml) - Rellenos de My Lip Filler","description":"\u2765Comprar Karisma RH Collagen Filler (1 x 2ml) \u23e9 Tienda online My Lip Filler \u27a6 Garant\u00eda de calidad, rese\u00f1as, ingredientes, \u00a1los mejores precios!","robots":{"index":"index","follow":"follow","max-snippet":"max-snippet:-1","max-image-preview":"max-image-preview:large","max-video-preview":"max-video-preview:-1"},"canonical":"https:\/\/mylipfiller.com\/es\/karisma-rh-collagen-filler-1-x-2ml\/","og_locale":"es_MX","og_type":"article","og_title":"Buy Karisma RH Collagen Filler (1 x 2ml) - Fillers from My Lip Filler","og_description":"\u2765Buy Karisma RH Collagen Filler (1 x 2ml) \u23e9 My Lip Filler online store \u27a6 Quality assurance, reviews, ingredients, best prices!","og_url":"https:\/\/mylipfiller.com\/es\/karisma-rh-collagen-filler-1-x-2ml\/","og_site_name":"My Lip Filler","article_modified_time":"2025-07-15T12:43:35+00:00","og_image":[{"width":600,"height":600,"url":"https:\/\/cdn.mylipfiller.com\/wp-content\/uploads\/2024\/07\/Karisma-RH-Collagen.jpg","type":"image\/jpeg"}],"twitter_card":"summary_large_image","twitter_misc":{"Tiempo de lectura":"2 minutos"},"schema":{"@context":"https:\/\/schema.org","@graph":[{"@type":"WebPage","@id":"https:\/\/mylipfiller.com\/karisma-rh-collagen-filler-1-x-2ml\/","url":"https:\/\/mylipfiller.com\/karisma-rh-collagen-filler-1-x-2ml\/","name":"Comprar Karisma RH Collagen Filler (1 x 2ml) - Rellenos de My Lip Filler","isPartOf":{"@id":"https:\/\/mylipfiller.com\/#website"},"primaryImageOfPage":{"@id":"https:\/\/mylipfiller.com\/karisma-rh-collagen-filler-1-x-2ml\/#primaryimage"},"image":{"@id":"https:\/\/mylipfiller.com\/karisma-rh-collagen-filler-1-x-2ml\/#primaryimage"},"thumbnailUrl":"https:\/\/cdn.mylipfiller.com\/wp-content\/uploads\/2024\/07\/Karisma-RH-Collagen.jpg","datePublished":"2024-07-18T16:04:44+00:00","dateModified":"2025-07-15T12:43:35+00:00","description":"\u2765Comprar Karisma RH Collagen Filler (1 x 2ml) \u23e9 Tienda online My Lip Filler \u27a6 Garant\u00eda de calidad, rese\u00f1as, ingredientes, \u00a1los mejores precios!","breadcrumb":{"@id":"https:\/\/mylipfiller.com\/karisma-rh-collagen-filler-1-x-2ml\/#breadcrumb"},"inLanguage":"es","potentialAction":[{"@type":"ReadAction","target":["https:\/\/mylipfiller.com\/karisma-rh-collagen-filler-1-x-2ml\/"]}]},{"@type":"ImageObject","inLanguage":"es","@id":"https:\/\/mylipfiller.com\/karisma-rh-collagen-filler-1-x-2ml\/#primaryimage","url":"https:\/\/cdn.mylipfiller.com\/wp-content\/uploads\/2024\/07\/Karisma-RH-Collagen.jpg","contentUrl":"https:\/\/cdn.mylipfiller.com\/wp-content\/uploads\/2024\/07\/Karisma-RH-Collagen.jpg","width":600,"height":600,"caption":"Karisma RH Collagen"},{"@type":"BreadcrumbList","@id":"https:\/\/mylipfiller.com\/karisma-rh-collagen-filler-1-x-2ml\/#breadcrumb","itemListElement":[{"@type":"ListItem","position":1,"name":"Home","item":"https:\/\/mylipfiller.com\/"},{"@type":"ListItem","position":2,"name":"Shop","item":"https:\/\/mylipfiller.com\/shop\/"},{"@type":"ListItem","position":3,"name":"Karisma RH Collagen Filler (1 x 2ml)"}]},{"@type":"WebSite","@id":"https:\/\/mylipfiller.com\/#website","url":"https:\/\/mylipfiller.com\/","name":"Mi relleno de labios","description":"Rellenos d\u00e9rmicos y de labios con \u00e1cido hialur\u00f3nico","publisher":{"@id":"https:\/\/mylipfiller.com\/#organization"},"potentialAction":[{"@type":"SearchAction","target":{"@type":"EntryPoint","urlTemplate":"https:\/\/mylipfiller.com\/?s={search_term_string}"},"query-input":{"@type":"PropertyValueSpecification","valueRequired":true,"valueName":"search_term_string"}}],"inLanguage":"es"},{"@type":"Organization","@id":"https:\/\/mylipfiller.com\/#organization","name":"Mi relleno de labios","url":"https:\/\/mylipfiller.com\/","logo":{"@type":"ImageObject","inLanguage":"es","@id":"https:\/\/mylipfiller.com\/#\/schema\/logo\/image\/","url":"https:\/\/cdn.mylipfiller.com\/wp-content\/uploads\/2019\/02\/cropped-My-Lip-Filler-Logo.png","contentUrl":"https:\/\/cdn.mylipfiller.com\/wp-content\/uploads\/2019\/02\/cropped-My-Lip-Filler-Logo.png","width":240,"height":88,"caption":"My Lip Filler"},"image":{"@id":"https:\/\/mylipfiller.com\/#\/schema\/logo\/image\/"}}]}},"_links":{"self":[{"href":"https:\/\/mylipfiller.com\/es\/wp-json\/wp\/v2\/product\/41893","targetHints":{"allow":["GET"]}}],"collection":[{"href":"https:\/\/mylipfiller.com\/es\/wp-json\/wp\/v2\/product"}],"about":[{"href":"https:\/\/mylipfiller.com\/es\/wp-json\/wp\/v2\/types\/product"}],"wp:featuredmedia":[{"embeddable":true,"href":"https:\/\/mylipfiller.com\/es\/wp-json\/wp\/v2\/media\/41894"}],"wp:attachment":[{"href":"https:\/\/mylipfiller.com\/es\/wp-json\/wp\/v2\/media?parent=41893"}],"wp:term":[{"taxonomy":"product_brand","embeddable":true,"href":"https:\/\/mylipfiller.com\/es\/wp-json\/wp\/v2\/product_brand?post=41893"},{"taxonomy":"product_cat","embeddable":true,"href":"https:\/\/mylipfiller.com\/es\/wp-json\/wp\/v2\/product_cat?post=41893"},{"taxonomy":"product_tag","embeddable":true,"href":"https:\/\/mylipfiller.com\/es\/wp-json\/wp\/v2\/product_tag?post=41893"}],"curies":[{"name":"gracias","href":"https:\/\/api.w.org\/{rel}","templated":true}]}}