{"id":41974,"date":"2024-09-04T18:32:39","date_gmt":"2024-09-04T16:32:39","guid":{"rendered":"https:\/\/mylipfiller.com\/?post_type=product&#038;p=41974"},"modified":"2024-09-04T18:33:04","modified_gmt":"2024-09-04T16:33:04","slug":"jalupro-young-eye-1-x-1ml","status":"publish","type":"product","link":"https:\/\/mylipfiller.com\/es\/jalupro-young-eye-1-x-1ml\/","title":{"rendered":"Jalupro Ojos j\u00f3venes (1 x 1 ml)"},"content":{"rendered":"<p>La eficacia de un relleno para ojeras o un potenciador de la piel depende de los ingredientes que utilice y del equilibrio entre ellos. El Jalupro Young Eye es una combinaci\u00f3n cuidadosamente dise\u00f1ada de \u00e1cido hialur\u00f3nico, amino\u00e1cidos y p\u00e9ptidos, cada uno de los cuales desempe\u00f1a un papel fundamental en el proceso general de rejuvenecimiento de la piel:<\/p>\n<ul>\n<li><strong>\u00c1cido hialur\u00f3nico<\/strong> \u2013 en su forma no reticulada, el Jalupro Young Eye mezcla dos tipos de HA, para mejorar la penetraci\u00f3n y el relleno de la matriz extracelular y amplificar el efecto hidratante general que proporciona el hialuronato de sodio.<\/li>\n<li><strong>Amino\u00e1cidos<\/strong> \u2013 Si bien el \u00e1cido hialur\u00f3nico crea las condiciones para producir col\u00e1geno, son los siete amino\u00e1cidos (glicina, L-prolina, L-leucina, L-lisina, L-alanina, L-valina, L-arginina) los que estimulan a los fibroblastos para que produzcan col\u00e1geno. Adem\u00e1s, mejoran la elasticidad de la piel.<\/li>\n<li><strong>P\u00e9ptidos <\/strong>\u2013 para completar el efecto, un grupo de tres p\u00e9ptidos bioactivos (Decapeptide-3, Oligopeptide-24, Acetyl Tetrapeptide-5) suavizar\u00e1n las arrugas superficiales y reafirmar\u00e1n la dermis, mientras que al mismo tiempo relajar\u00e1n los tejidos musculares inmediatamente debajo.<\/li>\n<\/ul>\n<p>Jalupro Young Eye proporciona el tratamiento completo y necesario para la zona del contorno de los ojos, abordando todos los problemas subyacentes: mala hidrataci\u00f3n, p\u00e9rdida de elasticidad, p\u00e9rdida de volumen de la piel. Al potenciar la hidrataci\u00f3n de la piel y mejorar la s\u00edntesis de col\u00e1geno en la matriz extracelular, elimina eficazmente las causas subyacentes de la formaci\u00f3n de arrugas. Al mismo tiempo, el c\u00f3ctel de p\u00e9ptidos suavizar\u00e1 las arrugas existentes y tambi\u00e9n aportar\u00e1 el efecto iluminador necesario en la zona debajo de los ojos.<\/p>","protected":false},"excerpt":{"rendered":"<p>Al igual que el resto de productos de esta marca, el Jalupro Young Eye combina \u00e1cido hialur\u00f3nico no reticulado con p\u00e9ptidos y amino\u00e1cidos para lograr un poderoso efecto potenciador de la piel. Destinado a su uso en la zona del contorno de los ojos, este relleno especializado act\u00faa sobre las arrugas y los primeros signos del envejecimiento, pero tambi\u00e9n trata eficazmente problemas como las bolsas de los ojos y las ojeras, mejorando el estado general de la piel en esa zona y rejuveneciendo el aspecto de la persona.<\/p>","protected":false},"featured_media":41976,"template":"","meta":{"_acf_changed":false},"product_brand":[],"product_cat":[50,18,169],"product_tag":[138,111,126,147,145,113,143,127],"class_list":{"0":"post-41974","1":"product","2":"type-product","3":"status-publish","4":"has-post-thumbnail","6":"product_cat-jalupro","7":"product_cat-mesotherapy","8":"product_cat-professional-derma","9":"product_tag-anti-aging","10":"product_tag-face","11":"product_tag-fine-lines","12":"product_tag-moisturizing","13":"product_tag-nourishing","14":"product_tag-periorbital-area","15":"product_tag-rejuvenating","16":"product_tag-wrinkles-around-the-eyes","18":"first","19":"instock","20":"taxable","21":"shipping-taxable","22":"purchasable","23":"product-type-simple"},"acf":[],"yoast_head":"<!-- This site is optimized with the Yoast SEO plugin v27.4 - https:\/\/yoast.com\/product\/yoast-seo-wordpress\/ -->\n<title>Buy Jalupro Young Eye (1 x 1ml) - Fillers from My Lip Filler<\/title>\n<meta name=\"description\" content=\"\u2765Buy Jalupro Young Eye (1 x 1ml) \u23e9 My Lip Filler online store \u27a6 Quality assurance, reviews, ingredients, best prices!\" \/>\n<meta name=\"robots\" content=\"index, follow, max-snippet:-1, max-image-preview:large, max-video-preview:-1\" \/>\n<link rel=\"canonical\" href=\"https:\/\/mylipfiller.com\/es\/jalupro-young-eye-1-x-1ml\/\" \/>\n<meta property=\"og:locale\" content=\"es_MX\" \/>\n<meta property=\"og:type\" content=\"article\" \/>\n<meta property=\"og:title\" content=\"Buy Jalupro Young Eye (1 x 1ml) - Fillers from My Lip Filler\" \/>\n<meta property=\"og:description\" content=\"\u2765Buy Jalupro Young Eye (1 x 1ml) \u23e9 My Lip Filler online store \u27a6 Quality assurance, reviews, ingredients, best prices!\" \/>\n<meta property=\"og:url\" content=\"https:\/\/mylipfiller.com\/es\/jalupro-young-eye-1-x-1ml\/\" \/>\n<meta property=\"og:site_name\" content=\"My Lip Filler\" \/>\n<meta property=\"article:modified_time\" content=\"2024-09-04T16:33:04+00:00\" \/>\n<meta property=\"og:image\" content=\"https:\/\/cdn.mylipfiller.com\/wp-content\/uploads\/2024\/09\/Jalupro-Young-Eye.jpg\" \/>\n\t<meta property=\"og:image:width\" content=\"600\" \/>\n\t<meta property=\"og:image:height\" content=\"600\" \/>\n\t<meta property=\"og:image:type\" content=\"image\/jpeg\" \/>\n<meta name=\"twitter:card\" content=\"summary_large_image\" \/>\n<meta name=\"twitter:label1\" content=\"Tiempo de lectura\" \/>\n\t<meta name=\"twitter:data1\" content=\"2 minutos\" \/>\n<script type=\"application\/ld+json\" class=\"yoast-schema-graph\">{\"@context\":\"https:\\\/\\\/schema.org\",\"@graph\":[{\"@type\":\"WebPage\",\"@id\":\"https:\\\/\\\/mylipfiller.com\\\/jalupro-young-eye-1-x-1ml\\\/\",\"url\":\"https:\\\/\\\/mylipfiller.com\\\/jalupro-young-eye-1-x-1ml\\\/\",\"name\":\"Buy Jalupro Young Eye (1 x 1ml) - Fillers from My Lip Filler\",\"isPartOf\":{\"@id\":\"https:\\\/\\\/mylipfiller.com\\\/#website\"},\"primaryImageOfPage\":{\"@id\":\"https:\\\/\\\/mylipfiller.com\\\/jalupro-young-eye-1-x-1ml\\\/#primaryimage\"},\"image\":{\"@id\":\"https:\\\/\\\/mylipfiller.com\\\/jalupro-young-eye-1-x-1ml\\\/#primaryimage\"},\"thumbnailUrl\":\"https:\\\/\\\/mylipfiller.com\\\/wp-content\\\/uploads\\\/2024\\\/09\\\/Jalupro-Young-Eye.jpg\",\"datePublished\":\"2024-09-04T16:32:39+00:00\",\"dateModified\":\"2024-09-04T16:33:04+00:00\",\"description\":\"\u2765Buy Jalupro Young Eye (1 x 1ml) \u23e9 My Lip Filler online store \u27a6 Quality assurance, reviews, ingredients, best prices!\",\"breadcrumb\":{\"@id\":\"https:\\\/\\\/mylipfiller.com\\\/jalupro-young-eye-1-x-1ml\\\/#breadcrumb\"},\"inLanguage\":\"es\",\"potentialAction\":[{\"@type\":\"ReadAction\",\"target\":[\"https:\\\/\\\/mylipfiller.com\\\/jalupro-young-eye-1-x-1ml\\\/\"]}]},{\"@type\":\"ImageObject\",\"inLanguage\":\"es\",\"@id\":\"https:\\\/\\\/mylipfiller.com\\\/jalupro-young-eye-1-x-1ml\\\/#primaryimage\",\"url\":\"https:\\\/\\\/mylipfiller.com\\\/wp-content\\\/uploads\\\/2024\\\/09\\\/Jalupro-Young-Eye.jpg\",\"contentUrl\":\"https:\\\/\\\/mylipfiller.com\\\/wp-content\\\/uploads\\\/2024\\\/09\\\/Jalupro-Young-Eye.jpg\",\"width\":600,\"height\":600,\"caption\":\"Jalupro Young Eye\"},{\"@type\":\"BreadcrumbList\",\"@id\":\"https:\\\/\\\/mylipfiller.com\\\/jalupro-young-eye-1-x-1ml\\\/#breadcrumb\",\"itemListElement\":[{\"@type\":\"ListItem\",\"position\":1,\"name\":\"Home\",\"item\":\"https:\\\/\\\/mylipfiller.com\\\/\"},{\"@type\":\"ListItem\",\"position\":2,\"name\":\"Shop\",\"item\":\"https:\\\/\\\/mylipfiller.com\\\/shop\\\/\"},{\"@type\":\"ListItem\",\"position\":3,\"name\":\"Jalupro Young Eye (1 x 1ml)\"}]},{\"@type\":\"WebSite\",\"@id\":\"https:\\\/\\\/mylipfiller.com\\\/#website\",\"url\":\"https:\\\/\\\/mylipfiller.com\\\/\",\"name\":\"My Lip Filler\",\"description\":\"Hyaluronic Acid Lip and Dermal Fillers\",\"publisher\":{\"@id\":\"https:\\\/\\\/mylipfiller.com\\\/#organization\"},\"potentialAction\":[{\"@type\":\"SearchAction\",\"target\":{\"@type\":\"EntryPoint\",\"urlTemplate\":\"https:\\\/\\\/mylipfiller.com\\\/?s={search_term_string}\"},\"query-input\":{\"@type\":\"PropertyValueSpecification\",\"valueRequired\":true,\"valueName\":\"search_term_string\"}}],\"inLanguage\":\"es\"},{\"@type\":\"Organization\",\"@id\":\"https:\\\/\\\/mylipfiller.com\\\/#organization\",\"name\":\"My Lip Filler\",\"url\":\"https:\\\/\\\/mylipfiller.com\\\/\",\"logo\":{\"@type\":\"ImageObject\",\"inLanguage\":\"es\",\"@id\":\"https:\\\/\\\/mylipfiller.com\\\/#\\\/schema\\\/logo\\\/image\\\/\",\"url\":\"https:\\\/\\\/mylipfiller.com\\\/wp-content\\\/uploads\\\/2019\\\/02\\\/cropped-My-Lip-Filler-Logo.png\",\"contentUrl\":\"https:\\\/\\\/mylipfiller.com\\\/wp-content\\\/uploads\\\/2019\\\/02\\\/cropped-My-Lip-Filler-Logo.png\",\"width\":240,\"height\":88,\"caption\":\"My Lip Filler\"},\"image\":{\"@id\":\"https:\\\/\\\/mylipfiller.com\\\/#\\\/schema\\\/logo\\\/image\\\/\"}}]}<\/script>\n<!-- \/ Yoast SEO plugin. -->","yoast_head_json":{"title":"Comprar Jalupro Young Eye (1 x 1 ml) - Rellenos de My Lip Filler","description":"\u2765Comprar Jalupro Young Eye (1 x 1ml) \u23e9 Tienda online Mi Lip Filler \u27a6 Garant\u00eda de calidad, opiniones, ingredientes, \u00a1mejores precios!","robots":{"index":"index","follow":"follow","max-snippet":"max-snippet:-1","max-image-preview":"max-image-preview:large","max-video-preview":"max-video-preview:-1"},"canonical":"https:\/\/mylipfiller.com\/es\/jalupro-young-eye-1-x-1ml\/","og_locale":"es_MX","og_type":"article","og_title":"Buy Jalupro Young Eye (1 x 1ml) - Fillers from My Lip Filler","og_description":"\u2765Buy Jalupro Young Eye (1 x 1ml) \u23e9 My Lip Filler online store \u27a6 Quality assurance, reviews, ingredients, best prices!","og_url":"https:\/\/mylipfiller.com\/es\/jalupro-young-eye-1-x-1ml\/","og_site_name":"My Lip Filler","article_modified_time":"2024-09-04T16:33:04+00:00","og_image":[{"width":600,"height":600,"url":"https:\/\/cdn.mylipfiller.com\/wp-content\/uploads\/2024\/09\/Jalupro-Young-Eye.jpg","type":"image\/jpeg"}],"twitter_card":"summary_large_image","twitter_misc":{"Tiempo de lectura":"2 minutos"},"schema":{"@context":"https:\/\/schema.org","@graph":[{"@type":"WebPage","@id":"https:\/\/mylipfiller.com\/jalupro-young-eye-1-x-1ml\/","url":"https:\/\/mylipfiller.com\/jalupro-young-eye-1-x-1ml\/","name":"Comprar Jalupro Young Eye (1 x 1 ml) - Rellenos de My Lip Filler","isPartOf":{"@id":"https:\/\/mylipfiller.com\/#website"},"primaryImageOfPage":{"@id":"https:\/\/mylipfiller.com\/jalupro-young-eye-1-x-1ml\/#primaryimage"},"image":{"@id":"https:\/\/mylipfiller.com\/jalupro-young-eye-1-x-1ml\/#primaryimage"},"thumbnailUrl":"https:\/\/cdn.mylipfiller.com\/wp-content\/uploads\/2024\/09\/Jalupro-Young-Eye.jpg","datePublished":"2024-09-04T16:32:39+00:00","dateModified":"2024-09-04T16:33:04+00:00","description":"\u2765Comprar Jalupro Young Eye (1 x 1ml) \u23e9 Tienda online Mi Lip Filler \u27a6 Garant\u00eda de calidad, opiniones, ingredientes, \u00a1mejores precios!","breadcrumb":{"@id":"https:\/\/mylipfiller.com\/jalupro-young-eye-1-x-1ml\/#breadcrumb"},"inLanguage":"es","potentialAction":[{"@type":"ReadAction","target":["https:\/\/mylipfiller.com\/jalupro-young-eye-1-x-1ml\/"]}]},{"@type":"ImageObject","inLanguage":"es","@id":"https:\/\/mylipfiller.com\/jalupro-young-eye-1-x-1ml\/#primaryimage","url":"https:\/\/cdn.mylipfiller.com\/wp-content\/uploads\/2024\/09\/Jalupro-Young-Eye.jpg","contentUrl":"https:\/\/cdn.mylipfiller.com\/wp-content\/uploads\/2024\/09\/Jalupro-Young-Eye.jpg","width":600,"height":600,"caption":"Jalupro Young Eye"},{"@type":"BreadcrumbList","@id":"https:\/\/mylipfiller.com\/jalupro-young-eye-1-x-1ml\/#breadcrumb","itemListElement":[{"@type":"ListItem","position":1,"name":"Home","item":"https:\/\/mylipfiller.com\/"},{"@type":"ListItem","position":2,"name":"Shop","item":"https:\/\/mylipfiller.com\/shop\/"},{"@type":"ListItem","position":3,"name":"Jalupro Young Eye (1 x 1ml)"}]},{"@type":"WebSite","@id":"https:\/\/mylipfiller.com\/#website","url":"https:\/\/mylipfiller.com\/","name":"Mi relleno de labios","description":"Rellenos d\u00e9rmicos y de labios con \u00e1cido hialur\u00f3nico","publisher":{"@id":"https:\/\/mylipfiller.com\/#organization"},"potentialAction":[{"@type":"SearchAction","target":{"@type":"EntryPoint","urlTemplate":"https:\/\/mylipfiller.com\/?s={search_term_string}"},"query-input":{"@type":"PropertyValueSpecification","valueRequired":true,"valueName":"search_term_string"}}],"inLanguage":"es"},{"@type":"Organization","@id":"https:\/\/mylipfiller.com\/#organization","name":"Mi relleno de labios","url":"https:\/\/mylipfiller.com\/","logo":{"@type":"ImageObject","inLanguage":"es","@id":"https:\/\/mylipfiller.com\/#\/schema\/logo\/image\/","url":"https:\/\/cdn.mylipfiller.com\/wp-content\/uploads\/2019\/02\/cropped-My-Lip-Filler-Logo.png","contentUrl":"https:\/\/cdn.mylipfiller.com\/wp-content\/uploads\/2019\/02\/cropped-My-Lip-Filler-Logo.png","width":240,"height":88,"caption":"My Lip Filler"},"image":{"@id":"https:\/\/mylipfiller.com\/#\/schema\/logo\/image\/"}}]}},"_links":{"self":[{"href":"https:\/\/mylipfiller.com\/es\/wp-json\/wp\/v2\/product\/41974","targetHints":{"allow":["GET"]}}],"collection":[{"href":"https:\/\/mylipfiller.com\/es\/wp-json\/wp\/v2\/product"}],"about":[{"href":"https:\/\/mylipfiller.com\/es\/wp-json\/wp\/v2\/types\/product"}],"wp:featuredmedia":[{"embeddable":true,"href":"https:\/\/mylipfiller.com\/es\/wp-json\/wp\/v2\/media\/41976"}],"wp:attachment":[{"href":"https:\/\/mylipfiller.com\/es\/wp-json\/wp\/v2\/media?parent=41974"}],"wp:term":[{"taxonomy":"product_brand","embeddable":true,"href":"https:\/\/mylipfiller.com\/es\/wp-json\/wp\/v2\/product_brand?post=41974"},{"taxonomy":"product_cat","embeddable":true,"href":"https:\/\/mylipfiller.com\/es\/wp-json\/wp\/v2\/product_cat?post=41974"},{"taxonomy":"product_tag","embeddable":true,"href":"https:\/\/mylipfiller.com\/es\/wp-json\/wp\/v2\/product_tag?post=41974"}],"curies":[{"name":"gracias","href":"https:\/\/api.w.org\/{rel}","templated":true}]}}