{"id":42074,"date":"2024-10-29T17:48:01","date_gmt":"2024-10-29T15:48:01","guid":{"rendered":"https:\/\/mylipfiller.com\/?post_type=product&#038;p=42074"},"modified":"2026-01-14T16:03:02","modified_gmt":"2026-01-14T14:03:02","slug":"pbserum-low-enzymatic-reagents-ha-2-0","status":"publish","type":"product","link":"https:\/\/mylipfiller.com\/es\/pbserum-low-enzymatic-reagents-ha-2-0\/","title":{"rendered":"Pbserum Low (reactivos enzim\u00e1ticos + HA 2.0)"},"content":{"rendered":"<p>M\u00e1s que un producto singular, Pbserum Low Enzymatic Reagents y HA de alto volumen molecular es un conjunto completo para el rejuvenecimiento de la piel y el contorno facial, que incluye tres elementos:<\/p>\n<ul>\n<li>Sistema enzim\u00e1tico en polvo (vial)<\/li>\n<li>Soluci\u00f3n de reconstrucci\u00f3n de 12 ml (l\u00edquido, vial)<\/li>\n<li>Una jeringa de 2 ml de \u00e1cido hialur\u00f3nico de alto peso molecular (no reticulado)<\/li>\n<\/ul>\n<p>El suero Pbserum Low utiliza tres enzimas de segunda generaci\u00f3n en su n\u00facleo. La colagenasa PB220 se encarga de las fibras de col\u00e1geno de forma incorrecta, al mismo tiempo que induce a los fibroblastos a sintetizar col\u00e1geno nuevo y, de este modo, reconstruir las estructuras de la matriz extracelular. Este proceso general proporciona una voluminizaci\u00f3n natural y la restauraci\u00f3n de la piel.<\/p>\n<p>Para eliminar los dep\u00f3sitos de grasa excesivos en partes del rostro como el ment\u00f3n, Pbserum Low se basa en la lipasa PB500. Esta enzima es muy suave en el proceso de descomposici\u00f3n de los triglic\u00e9ridos y disoluci\u00f3n de las c\u00e9lulas grasas, sin causar hematomas excesivos en la piel.<\/p>\n<p>Por \u00faltimo, la Lyase PB72K ayuda contra la retenci\u00f3n de l\u00edquidos en los tejidos faciales, reduciendo la hinchaz\u00f3n no deseada y ayudando a mejorar la textura de la piel.<\/p>\n<p>Cada set de Reactivos Enzim\u00e1ticos Low de la l\u00ednea Pbserum contiene adem\u00e1s una jeringa de 2ml de \u00c1cido Hialur\u00f3nico no reticulado, que se utiliza en el proceso de mezcla de los 2<sup>Dakota del Norte<\/sup> Reactivos enzim\u00e1ticos gen. Proporciona todos los beneficios inmediatos del HA (hidrataci\u00f3n y voluminizaci\u00f3n limitada), pero tambi\u00e9n crea el entorno perfecto para que las enzimas ejerzan su influencia beneficiosa, al tiempo que previene la adhesi\u00f3n de tejido fibr\u00f3tico.<\/p>","protected":false},"excerpt":{"rendered":"<p>Al igual que toda la l\u00ednea Pbserum, el set de reactivos enzim\u00e1ticos es una soluci\u00f3n cosm\u00e9tica completamente innovadora para el tratamiento de la piel con m\u00faltiples vectores y efecto potenciador de la piel que se puede utilizar para el contorno facial (incluso en zonas delicadas), induciendo una voluminizaci\u00f3n natural, pero tambi\u00e9n eliminando los dep\u00f3sitos de grasa excesivos en zonas como el ment\u00f3n o peque\u00f1as bolsas de tejido graso en la dermis inferior. Adem\u00e1s, ayuda a estimular la s\u00edntesis general de col\u00e1geno y proporciona un efecto rejuvenecedor completo al combinar el poder del \u00e1cido hialur\u00f3nico de alto peso molecular con enzimas.<\/p>","protected":false},"featured_media":42077,"template":"","meta":{"_acf_changed":false},"product_brand":[],"product_cat":[18,199],"product_tag":[],"class_list":{"0":"post-42074","1":"product","2":"type-product","3":"status-publish","4":"has-post-thumbnail","6":"product_cat-mesotherapy","7":"product_cat-pbserum","9":"first","10":"instock","11":"taxable","12":"shipping-taxable","13":"purchasable","14":"product-type-simple"},"acf":[],"yoast_head":"<!-- This site is optimized with the Yoast SEO plugin v27.3 - https:\/\/yoast.com\/product\/yoast-seo-wordpress\/ -->\n<title>Buy Pbserum Low (Enzymatic Reagents + HA 2.0) - Fillers from My Lip Filler<\/title>\n<meta name=\"description\" content=\"\u2765Buy Pbserum Low (Enzymatic Reagents + HA 2.0) \u23e9 My Lip Filler online store \u27a6 Quality assurance, reviews, ingredients, best prices!\" \/>\n<meta name=\"robots\" content=\"index, follow, max-snippet:-1, max-image-preview:large, max-video-preview:-1\" \/>\n<link rel=\"canonical\" href=\"https:\/\/mylipfiller.com\/es\/pbserum-low-enzymatic-reagents-ha-2-0\/\" \/>\n<meta property=\"og:locale\" content=\"es_MX\" \/>\n<meta property=\"og:type\" content=\"article\" \/>\n<meta property=\"og:title\" content=\"Buy Pbserum Low (Enzymatic Reagents + HA 2.0) - Fillers from My Lip Filler\" \/>\n<meta property=\"og:description\" content=\"\u2765Buy Pbserum Low (Enzymatic Reagents + HA 2.0) \u23e9 My Lip Filler online store \u27a6 Quality assurance, reviews, ingredients, best prices!\" \/>\n<meta property=\"og:url\" content=\"https:\/\/mylipfiller.com\/es\/pbserum-low-enzymatic-reagents-ha-2-0\/\" \/>\n<meta property=\"og:site_name\" content=\"My Lip Filler\" \/>\n<meta property=\"article:modified_time\" content=\"2026-01-14T14:03:02+00:00\" \/>\n<meta property=\"og:image\" content=\"https:\/\/cdn.mylipfiller.com\/wp-content\/uploads\/2024\/10\/PB-Serum-Low.jpg\" \/>\n\t<meta property=\"og:image:width\" content=\"600\" \/>\n\t<meta property=\"og:image:height\" content=\"600\" \/>\n\t<meta property=\"og:image:type\" content=\"image\/jpeg\" \/>\n<meta name=\"twitter:card\" content=\"summary_large_image\" \/>\n<meta name=\"twitter:label1\" content=\"Tiempo de lectura\" \/>\n\t<meta name=\"twitter:data1\" content=\"2 minutos\" \/>\n<script type=\"application\/ld+json\" class=\"yoast-schema-graph\">{\"@context\":\"https:\\\/\\\/schema.org\",\"@graph\":[{\"@type\":\"WebPage\",\"@id\":\"https:\\\/\\\/mylipfiller.com\\\/pbserum-low-enzymatic-reagents-ha-2-0\\\/\",\"url\":\"https:\\\/\\\/mylipfiller.com\\\/pbserum-low-enzymatic-reagents-ha-2-0\\\/\",\"name\":\"Buy Pbserum Low (Enzymatic Reagents + HA 2.0) - Fillers from My Lip Filler\",\"isPartOf\":{\"@id\":\"https:\\\/\\\/mylipfiller.com\\\/#website\"},\"primaryImageOfPage\":{\"@id\":\"https:\\\/\\\/mylipfiller.com\\\/pbserum-low-enzymatic-reagents-ha-2-0\\\/#primaryimage\"},\"image\":{\"@id\":\"https:\\\/\\\/mylipfiller.com\\\/pbserum-low-enzymatic-reagents-ha-2-0\\\/#primaryimage\"},\"thumbnailUrl\":\"https:\\\/\\\/mylipfiller.com\\\/wp-content\\\/uploads\\\/2024\\\/10\\\/PB-Serum-Low.jpg\",\"datePublished\":\"2024-10-29T15:48:01+00:00\",\"dateModified\":\"2026-01-14T14:03:02+00:00\",\"description\":\"\u2765Buy Pbserum Low (Enzymatic Reagents + HA 2.0) \u23e9 My Lip Filler online store \u27a6 Quality assurance, reviews, ingredients, best prices!\",\"breadcrumb\":{\"@id\":\"https:\\\/\\\/mylipfiller.com\\\/pbserum-low-enzymatic-reagents-ha-2-0\\\/#breadcrumb\"},\"inLanguage\":\"es\",\"potentialAction\":[{\"@type\":\"ReadAction\",\"target\":[\"https:\\\/\\\/mylipfiller.com\\\/pbserum-low-enzymatic-reagents-ha-2-0\\\/\"]}]},{\"@type\":\"ImageObject\",\"inLanguage\":\"es\",\"@id\":\"https:\\\/\\\/mylipfiller.com\\\/pbserum-low-enzymatic-reagents-ha-2-0\\\/#primaryimage\",\"url\":\"https:\\\/\\\/mylipfiller.com\\\/wp-content\\\/uploads\\\/2024\\\/10\\\/PB-Serum-Low.jpg\",\"contentUrl\":\"https:\\\/\\\/mylipfiller.com\\\/wp-content\\\/uploads\\\/2024\\\/10\\\/PB-Serum-Low.jpg\",\"width\":600,\"height\":600,\"caption\":\"PB Serum Low\"},{\"@type\":\"BreadcrumbList\",\"@id\":\"https:\\\/\\\/mylipfiller.com\\\/pbserum-low-enzymatic-reagents-ha-2-0\\\/#breadcrumb\",\"itemListElement\":[{\"@type\":\"ListItem\",\"position\":1,\"name\":\"Home\",\"item\":\"https:\\\/\\\/mylipfiller.com\\\/\"},{\"@type\":\"ListItem\",\"position\":2,\"name\":\"Shop\",\"item\":\"https:\\\/\\\/mylipfiller.com\\\/shop\\\/\"},{\"@type\":\"ListItem\",\"position\":3,\"name\":\"Pbserum Low (Enzymatic Reagents + HA 2.0)\"}]},{\"@type\":\"WebSite\",\"@id\":\"https:\\\/\\\/mylipfiller.com\\\/#website\",\"url\":\"https:\\\/\\\/mylipfiller.com\\\/\",\"name\":\"My Lip Filler\",\"description\":\"Hyaluronic Acid Lip and Dermal Fillers\",\"publisher\":{\"@id\":\"https:\\\/\\\/mylipfiller.com\\\/#organization\"},\"potentialAction\":[{\"@type\":\"SearchAction\",\"target\":{\"@type\":\"EntryPoint\",\"urlTemplate\":\"https:\\\/\\\/mylipfiller.com\\\/?s={search_term_string}\"},\"query-input\":{\"@type\":\"PropertyValueSpecification\",\"valueRequired\":true,\"valueName\":\"search_term_string\"}}],\"inLanguage\":\"es\"},{\"@type\":\"Organization\",\"@id\":\"https:\\\/\\\/mylipfiller.com\\\/#organization\",\"name\":\"My Lip Filler\",\"url\":\"https:\\\/\\\/mylipfiller.com\\\/\",\"logo\":{\"@type\":\"ImageObject\",\"inLanguage\":\"es\",\"@id\":\"https:\\\/\\\/mylipfiller.com\\\/#\\\/schema\\\/logo\\\/image\\\/\",\"url\":\"https:\\\/\\\/mylipfiller.com\\\/wp-content\\\/uploads\\\/2019\\\/02\\\/cropped-My-Lip-Filler-Logo.png\",\"contentUrl\":\"https:\\\/\\\/mylipfiller.com\\\/wp-content\\\/uploads\\\/2019\\\/02\\\/cropped-My-Lip-Filler-Logo.png\",\"width\":240,\"height\":88,\"caption\":\"My Lip Filler\"},\"image\":{\"@id\":\"https:\\\/\\\/mylipfiller.com\\\/#\\\/schema\\\/logo\\\/image\\\/\"}}]}<\/script>\n<!-- \/ Yoast SEO plugin. -->","yoast_head_json":{"title":"Comprar Pbserum Low (Reactivos Enzim\u00e1ticos + HA 2.0) - Rellenos de My Lip Filler","description":"\u2765Comprar Pbserum Low (Reactivos Enzim\u00e1ticos + HA 2.0) \u23e9 Mi tienda online de Lip Filler \u27a6 \u00a1Garant\u00eda de calidad, opiniones, ingredientes, mejores precios!","robots":{"index":"index","follow":"follow","max-snippet":"max-snippet:-1","max-image-preview":"max-image-preview:large","max-video-preview":"max-video-preview:-1"},"canonical":"https:\/\/mylipfiller.com\/es\/pbserum-low-enzymatic-reagents-ha-2-0\/","og_locale":"es_MX","og_type":"article","og_title":"Buy Pbserum Low (Enzymatic Reagents + HA 2.0) - Fillers from My Lip Filler","og_description":"\u2765Buy Pbserum Low (Enzymatic Reagents + HA 2.0) \u23e9 My Lip Filler online store \u27a6 Quality assurance, reviews, ingredients, best prices!","og_url":"https:\/\/mylipfiller.com\/es\/pbserum-low-enzymatic-reagents-ha-2-0\/","og_site_name":"My Lip Filler","article_modified_time":"2026-01-14T14:03:02+00:00","og_image":[{"width":600,"height":600,"url":"https:\/\/cdn.mylipfiller.com\/wp-content\/uploads\/2024\/10\/PB-Serum-Low.jpg","type":"image\/jpeg"}],"twitter_card":"summary_large_image","twitter_misc":{"Tiempo de lectura":"2 minutos"},"schema":{"@context":"https:\/\/schema.org","@graph":[{"@type":"WebPage","@id":"https:\/\/mylipfiller.com\/pbserum-low-enzymatic-reagents-ha-2-0\/","url":"https:\/\/mylipfiller.com\/pbserum-low-enzymatic-reagents-ha-2-0\/","name":"Comprar Pbserum Low (Reactivos Enzim\u00e1ticos + HA 2.0) - Rellenos de My Lip Filler","isPartOf":{"@id":"https:\/\/mylipfiller.com\/#website"},"primaryImageOfPage":{"@id":"https:\/\/mylipfiller.com\/pbserum-low-enzymatic-reagents-ha-2-0\/#primaryimage"},"image":{"@id":"https:\/\/mylipfiller.com\/pbserum-low-enzymatic-reagents-ha-2-0\/#primaryimage"},"thumbnailUrl":"https:\/\/cdn.mylipfiller.com\/wp-content\/uploads\/2024\/10\/PB-Serum-Low.jpg","datePublished":"2024-10-29T15:48:01+00:00","dateModified":"2026-01-14T14:03:02+00:00","description":"\u2765Comprar Pbserum Low (Reactivos Enzim\u00e1ticos + HA 2.0) \u23e9 Mi tienda online de Lip Filler \u27a6 \u00a1Garant\u00eda de calidad, opiniones, ingredientes, mejores precios!","breadcrumb":{"@id":"https:\/\/mylipfiller.com\/pbserum-low-enzymatic-reagents-ha-2-0\/#breadcrumb"},"inLanguage":"es","potentialAction":[{"@type":"ReadAction","target":["https:\/\/mylipfiller.com\/pbserum-low-enzymatic-reagents-ha-2-0\/"]}]},{"@type":"ImageObject","inLanguage":"es","@id":"https:\/\/mylipfiller.com\/pbserum-low-enzymatic-reagents-ha-2-0\/#primaryimage","url":"https:\/\/cdn.mylipfiller.com\/wp-content\/uploads\/2024\/10\/PB-Serum-Low.jpg","contentUrl":"https:\/\/cdn.mylipfiller.com\/wp-content\/uploads\/2024\/10\/PB-Serum-Low.jpg","width":600,"height":600,"caption":"PB Serum Low"},{"@type":"BreadcrumbList","@id":"https:\/\/mylipfiller.com\/pbserum-low-enzymatic-reagents-ha-2-0\/#breadcrumb","itemListElement":[{"@type":"ListItem","position":1,"name":"Home","item":"https:\/\/mylipfiller.com\/"},{"@type":"ListItem","position":2,"name":"Shop","item":"https:\/\/mylipfiller.com\/shop\/"},{"@type":"ListItem","position":3,"name":"Pbserum Low (Enzymatic Reagents + HA 2.0)"}]},{"@type":"WebSite","@id":"https:\/\/mylipfiller.com\/#website","url":"https:\/\/mylipfiller.com\/","name":"Mi relleno de labios","description":"Rellenos d\u00e9rmicos y de labios con \u00e1cido hialur\u00f3nico","publisher":{"@id":"https:\/\/mylipfiller.com\/#organization"},"potentialAction":[{"@type":"SearchAction","target":{"@type":"EntryPoint","urlTemplate":"https:\/\/mylipfiller.com\/?s={search_term_string}"},"query-input":{"@type":"PropertyValueSpecification","valueRequired":true,"valueName":"search_term_string"}}],"inLanguage":"es"},{"@type":"Organization","@id":"https:\/\/mylipfiller.com\/#organization","name":"Mi relleno de labios","url":"https:\/\/mylipfiller.com\/","logo":{"@type":"ImageObject","inLanguage":"es","@id":"https:\/\/mylipfiller.com\/#\/schema\/logo\/image\/","url":"https:\/\/cdn.mylipfiller.com\/wp-content\/uploads\/2019\/02\/cropped-My-Lip-Filler-Logo.png","contentUrl":"https:\/\/cdn.mylipfiller.com\/wp-content\/uploads\/2019\/02\/cropped-My-Lip-Filler-Logo.png","width":240,"height":88,"caption":"My Lip Filler"},"image":{"@id":"https:\/\/mylipfiller.com\/#\/schema\/logo\/image\/"}}]}},"_links":{"self":[{"href":"https:\/\/mylipfiller.com\/es\/wp-json\/wp\/v2\/product\/42074","targetHints":{"allow":["GET"]}}],"collection":[{"href":"https:\/\/mylipfiller.com\/es\/wp-json\/wp\/v2\/product"}],"about":[{"href":"https:\/\/mylipfiller.com\/es\/wp-json\/wp\/v2\/types\/product"}],"wp:featuredmedia":[{"embeddable":true,"href":"https:\/\/mylipfiller.com\/es\/wp-json\/wp\/v2\/media\/42077"}],"wp:attachment":[{"href":"https:\/\/mylipfiller.com\/es\/wp-json\/wp\/v2\/media?parent=42074"}],"wp:term":[{"taxonomy":"product_brand","embeddable":true,"href":"https:\/\/mylipfiller.com\/es\/wp-json\/wp\/v2\/product_brand?post=42074"},{"taxonomy":"product_cat","embeddable":true,"href":"https:\/\/mylipfiller.com\/es\/wp-json\/wp\/v2\/product_cat?post=42074"},{"taxonomy":"product_tag","embeddable":true,"href":"https:\/\/mylipfiller.com\/es\/wp-json\/wp\/v2\/product_tag?post=42074"}],"curies":[{"name":"gracias","href":"https:\/\/api.w.org\/{rel}","templated":true}]}}