{"id":42075,"date":"2024-10-29T17:51:11","date_gmt":"2024-10-29T15:51:11","guid":{"rendered":"https:\/\/mylipfiller.com\/?post_type=product&#038;p=42075"},"modified":"2026-03-17T17:45:57","modified_gmt":"2026-03-17T15:45:57","slug":"pbserum-medium-enzymatic-reagents-ha-2-0","status":"publish","type":"product","link":"https:\/\/mylipfiller.com\/es\/pbserum-medium-enzymatic-reagents-ha-2-0\/","title":{"rendered":"Pbserum Medium (reactivos enzim\u00e1ticos + HA 2.0)"},"content":{"rendered":"<p>Si bien las tres entradas de la l\u00ednea PBSerum Medical utilizan los mismos tres ingredientes enzim\u00e1ticos, que se disuelven en \u00e1cido hialur\u00f3nico de alto peso molecular, la diferencia en el equilibrio de estos reactivos enzim\u00e1ticos genera una gran diferencia en el resultado final, al tiempo que mantiene las propiedades generales y m\u00e1s amplias del tratamiento de la piel de los tres productos.<\/p>\n<p>En el caso de PBSerum Medical Medium, el objetivo principal es tratar los dep\u00f3sitos de grasa no deseados en el cuello, el ment\u00f3n y la zona del cuerpo, as\u00ed como en los brazos. Al aumentar la cantidad de lipasa (PB500) en el producto, PBSerum Medium es muy eficaz para descomponer los triglic\u00e9ridos en las c\u00e9lulas grasas, lo que permite la disoluci\u00f3n de los dep\u00f3sitos de grasa localizados. Este enfoque es muy seguro y el producto resultante, los \u00e1cidos grasos y el glicerol, se metabolizan de forma segura en el cuerpo.<\/p>\n<p>Pero lo que realmente hace que el Pbserum Medium brille es que tambi\u00e9n tiene un efecto tensor visible de la piel. Al igual que los otros productos PBSerum Medical, tambi\u00e9n contiene colagenasa (PB220) y liasa (PB72K). La primera revitalizar\u00e1 los dep\u00f3sitos de col\u00e1geno en la matriz extracelular, mientras que la segunda reducir\u00e1 a\u00fan m\u00e1s la hinchaz\u00f3n local al reducir la retenci\u00f3n de l\u00edquidos en la matriz extracelular. Su efecto se ve potenciado por el \u00e1cido hialur\u00f3nico, que tambi\u00e9n act\u00faa como lubricante, ya que ayuda a hidratar y reafirmar la piel. Por lo tanto, una vez que se eliminan las c\u00e9lulas grasas, la piel no se descolga.<\/p>","protected":false},"excerpt":{"rendered":"<p>Esta soluci\u00f3n avanzada, basada en enzimas, utiliza reactivos enzim\u00e1ticos purificados de segunda generaci\u00f3n, combinados con \u00e1cido hialur\u00f3nico de alto peso molecular, perfectamente equilibrados para estimular la eliminaci\u00f3n r\u00e1pida y segura de los tejidos adiposos, o dicho de otra manera: disolver la grasa corporal y la celulitis. Es adecuado para su uso en las zonas del ment\u00f3n y el cuello, pero tambi\u00e9n en los brazos y el cuerpo, el abdomen y la parte interna de los muslos en particular. Pbserum Medium es uno de los pocos disolventes de grasa del mercado que tambi\u00e9n tiene un efecto tensor y lifting de la piel.<\/p>","protected":false},"featured_media":42078,"template":"","meta":{"_acf_changed":false},"product_brand":[],"product_cat":[18,199],"product_tag":[],"class_list":{"0":"post-42075","1":"product","2":"type-product","3":"status-publish","4":"has-post-thumbnail","6":"product_cat-mesotherapy","7":"product_cat-pbserum","9":"first","10":"outofstock","11":"taxable","12":"shipping-taxable","13":"purchasable","14":"product-type-simple"},"acf":[],"yoast_head":"<!-- This site is optimized with the Yoast SEO plugin v27.3 - https:\/\/yoast.com\/product\/yoast-seo-wordpress\/ -->\n<title>Buy Pbserum Medium (Enzymatic Reagents + HA 2.0) - Fillers from My Lip Filler<\/title>\n<meta name=\"description\" content=\"\u2765Buy Pbserum Medium (Enzymatic Reagents + HA 2.0) \u23e9 My Lip Filler online store \u27a6 Quality assurance, reviews, ingredients, best prices!\" \/>\n<meta name=\"robots\" content=\"index, follow, max-snippet:-1, max-image-preview:large, max-video-preview:-1\" \/>\n<link rel=\"canonical\" href=\"https:\/\/mylipfiller.com\/es\/pbserum-medium-enzymatic-reagents-ha-2-0\/\" \/>\n<meta property=\"og:locale\" content=\"es_MX\" \/>\n<meta property=\"og:type\" content=\"article\" \/>\n<meta property=\"og:title\" content=\"Buy Pbserum Medium (Enzymatic Reagents + HA 2.0) - Fillers from My Lip Filler\" \/>\n<meta property=\"og:description\" content=\"\u2765Buy Pbserum Medium (Enzymatic Reagents + HA 2.0) \u23e9 My Lip Filler online store \u27a6 Quality assurance, reviews, ingredients, best prices!\" \/>\n<meta property=\"og:url\" content=\"https:\/\/mylipfiller.com\/es\/pbserum-medium-enzymatic-reagents-ha-2-0\/\" \/>\n<meta property=\"og:site_name\" content=\"My Lip Filler\" \/>\n<meta property=\"article:modified_time\" content=\"2026-03-17T15:45:57+00:00\" \/>\n<meta property=\"og:image\" content=\"https:\/\/cdn.mylipfiller.com\/wp-content\/uploads\/2024\/10\/PB-Serum-Medium.jpg\" \/>\n\t<meta property=\"og:image:width\" content=\"600\" \/>\n\t<meta property=\"og:image:height\" content=\"600\" \/>\n\t<meta property=\"og:image:type\" content=\"image\/jpeg\" \/>\n<meta name=\"twitter:card\" content=\"summary_large_image\" \/>\n<meta name=\"twitter:label1\" content=\"Tiempo de lectura\" \/>\n\t<meta name=\"twitter:data1\" content=\"2 minutos\" \/>\n<script type=\"application\/ld+json\" class=\"yoast-schema-graph\">{\"@context\":\"https:\\\/\\\/schema.org\",\"@graph\":[{\"@type\":\"WebPage\",\"@id\":\"https:\\\/\\\/mylipfiller.com\\\/pbserum-medium-enzymatic-reagents-ha-2-0\\\/\",\"url\":\"https:\\\/\\\/mylipfiller.com\\\/pbserum-medium-enzymatic-reagents-ha-2-0\\\/\",\"name\":\"Buy Pbserum Medium (Enzymatic Reagents + HA 2.0) - Fillers from My Lip Filler\",\"isPartOf\":{\"@id\":\"https:\\\/\\\/mylipfiller.com\\\/#website\"},\"primaryImageOfPage\":{\"@id\":\"https:\\\/\\\/mylipfiller.com\\\/pbserum-medium-enzymatic-reagents-ha-2-0\\\/#primaryimage\"},\"image\":{\"@id\":\"https:\\\/\\\/mylipfiller.com\\\/pbserum-medium-enzymatic-reagents-ha-2-0\\\/#primaryimage\"},\"thumbnailUrl\":\"https:\\\/\\\/mylipfiller.com\\\/wp-content\\\/uploads\\\/2024\\\/10\\\/PB-Serum-Medium.jpg\",\"datePublished\":\"2024-10-29T15:51:11+00:00\",\"dateModified\":\"2026-03-17T15:45:57+00:00\",\"description\":\"\u2765Buy Pbserum Medium (Enzymatic Reagents + HA 2.0) \u23e9 My Lip Filler online store \u27a6 Quality assurance, reviews, ingredients, best prices!\",\"breadcrumb\":{\"@id\":\"https:\\\/\\\/mylipfiller.com\\\/pbserum-medium-enzymatic-reagents-ha-2-0\\\/#breadcrumb\"},\"inLanguage\":\"es\",\"potentialAction\":[{\"@type\":\"ReadAction\",\"target\":[\"https:\\\/\\\/mylipfiller.com\\\/pbserum-medium-enzymatic-reagents-ha-2-0\\\/\"]}]},{\"@type\":\"ImageObject\",\"inLanguage\":\"es\",\"@id\":\"https:\\\/\\\/mylipfiller.com\\\/pbserum-medium-enzymatic-reagents-ha-2-0\\\/#primaryimage\",\"url\":\"https:\\\/\\\/mylipfiller.com\\\/wp-content\\\/uploads\\\/2024\\\/10\\\/PB-Serum-Medium.jpg\",\"contentUrl\":\"https:\\\/\\\/mylipfiller.com\\\/wp-content\\\/uploads\\\/2024\\\/10\\\/PB-Serum-Medium.jpg\",\"width\":600,\"height\":600,\"caption\":\"PBSerum Medium\"},{\"@type\":\"BreadcrumbList\",\"@id\":\"https:\\\/\\\/mylipfiller.com\\\/pbserum-medium-enzymatic-reagents-ha-2-0\\\/#breadcrumb\",\"itemListElement\":[{\"@type\":\"ListItem\",\"position\":1,\"name\":\"Home\",\"item\":\"https:\\\/\\\/mylipfiller.com\\\/\"},{\"@type\":\"ListItem\",\"position\":2,\"name\":\"Shop\",\"item\":\"https:\\\/\\\/mylipfiller.com\\\/shop\\\/\"},{\"@type\":\"ListItem\",\"position\":3,\"name\":\"Pbserum Medium (Enzymatic Reagents + HA 2.0)\"}]},{\"@type\":\"WebSite\",\"@id\":\"https:\\\/\\\/mylipfiller.com\\\/#website\",\"url\":\"https:\\\/\\\/mylipfiller.com\\\/\",\"name\":\"My Lip Filler\",\"description\":\"Hyaluronic Acid Lip and Dermal Fillers\",\"publisher\":{\"@id\":\"https:\\\/\\\/mylipfiller.com\\\/#organization\"},\"potentialAction\":[{\"@type\":\"SearchAction\",\"target\":{\"@type\":\"EntryPoint\",\"urlTemplate\":\"https:\\\/\\\/mylipfiller.com\\\/?s={search_term_string}\"},\"query-input\":{\"@type\":\"PropertyValueSpecification\",\"valueRequired\":true,\"valueName\":\"search_term_string\"}}],\"inLanguage\":\"es\"},{\"@type\":\"Organization\",\"@id\":\"https:\\\/\\\/mylipfiller.com\\\/#organization\",\"name\":\"My Lip Filler\",\"url\":\"https:\\\/\\\/mylipfiller.com\\\/\",\"logo\":{\"@type\":\"ImageObject\",\"inLanguage\":\"es\",\"@id\":\"https:\\\/\\\/mylipfiller.com\\\/#\\\/schema\\\/logo\\\/image\\\/\",\"url\":\"https:\\\/\\\/mylipfiller.com\\\/wp-content\\\/uploads\\\/2019\\\/02\\\/cropped-My-Lip-Filler-Logo.png\",\"contentUrl\":\"https:\\\/\\\/mylipfiller.com\\\/wp-content\\\/uploads\\\/2019\\\/02\\\/cropped-My-Lip-Filler-Logo.png\",\"width\":240,\"height\":88,\"caption\":\"My Lip Filler\"},\"image\":{\"@id\":\"https:\\\/\\\/mylipfiller.com\\\/#\\\/schema\\\/logo\\\/image\\\/\"}}]}<\/script>\n<!-- \/ Yoast SEO plugin. -->","yoast_head_json":{"title":"Comprar Pbserum Medium (Reactivos Enzim\u00e1ticos + HA 2.0) - Rellenos de My Lip Filler","description":"\u2765Comprar Pbserum Medium (Reactivos Enzim\u00e1ticos + HA 2.0) \u23e9 Mi tienda online de Lip Filler \u27a6 \u00a1Garant\u00eda de calidad, opiniones, ingredientes, mejores precios!","robots":{"index":"index","follow":"follow","max-snippet":"max-snippet:-1","max-image-preview":"max-image-preview:large","max-video-preview":"max-video-preview:-1"},"canonical":"https:\/\/mylipfiller.com\/es\/pbserum-medium-enzymatic-reagents-ha-2-0\/","og_locale":"es_MX","og_type":"article","og_title":"Buy Pbserum Medium (Enzymatic Reagents + HA 2.0) - Fillers from My Lip Filler","og_description":"\u2765Buy Pbserum Medium (Enzymatic Reagents + HA 2.0) \u23e9 My Lip Filler online store \u27a6 Quality assurance, reviews, ingredients, best prices!","og_url":"https:\/\/mylipfiller.com\/es\/pbserum-medium-enzymatic-reagents-ha-2-0\/","og_site_name":"My Lip Filler","article_modified_time":"2026-03-17T15:45:57+00:00","og_image":[{"width":600,"height":600,"url":"https:\/\/cdn.mylipfiller.com\/wp-content\/uploads\/2024\/10\/PB-Serum-Medium.jpg","type":"image\/jpeg"}],"twitter_card":"summary_large_image","twitter_misc":{"Tiempo de lectura":"2 minutos"},"schema":{"@context":"https:\/\/schema.org","@graph":[{"@type":"WebPage","@id":"https:\/\/mylipfiller.com\/pbserum-medium-enzymatic-reagents-ha-2-0\/","url":"https:\/\/mylipfiller.com\/pbserum-medium-enzymatic-reagents-ha-2-0\/","name":"Comprar Pbserum Medium (Reactivos Enzim\u00e1ticos + HA 2.0) - Rellenos de My Lip Filler","isPartOf":{"@id":"https:\/\/mylipfiller.com\/#website"},"primaryImageOfPage":{"@id":"https:\/\/mylipfiller.com\/pbserum-medium-enzymatic-reagents-ha-2-0\/#primaryimage"},"image":{"@id":"https:\/\/mylipfiller.com\/pbserum-medium-enzymatic-reagents-ha-2-0\/#primaryimage"},"thumbnailUrl":"https:\/\/cdn.mylipfiller.com\/wp-content\/uploads\/2024\/10\/PB-Serum-Medium.jpg","datePublished":"2024-10-29T15:51:11+00:00","dateModified":"2026-03-17T15:45:57+00:00","description":"\u2765Comprar Pbserum Medium (Reactivos Enzim\u00e1ticos + HA 2.0) \u23e9 Mi tienda online de Lip Filler \u27a6 \u00a1Garant\u00eda de calidad, opiniones, ingredientes, mejores precios!","breadcrumb":{"@id":"https:\/\/mylipfiller.com\/pbserum-medium-enzymatic-reagents-ha-2-0\/#breadcrumb"},"inLanguage":"es","potentialAction":[{"@type":"ReadAction","target":["https:\/\/mylipfiller.com\/pbserum-medium-enzymatic-reagents-ha-2-0\/"]}]},{"@type":"ImageObject","inLanguage":"es","@id":"https:\/\/mylipfiller.com\/pbserum-medium-enzymatic-reagents-ha-2-0\/#primaryimage","url":"https:\/\/cdn.mylipfiller.com\/wp-content\/uploads\/2024\/10\/PB-Serum-Medium.jpg","contentUrl":"https:\/\/cdn.mylipfiller.com\/wp-content\/uploads\/2024\/10\/PB-Serum-Medium.jpg","width":600,"height":600,"caption":"PBSerum Medium"},{"@type":"BreadcrumbList","@id":"https:\/\/mylipfiller.com\/pbserum-medium-enzymatic-reagents-ha-2-0\/#breadcrumb","itemListElement":[{"@type":"ListItem","position":1,"name":"Home","item":"https:\/\/mylipfiller.com\/"},{"@type":"ListItem","position":2,"name":"Shop","item":"https:\/\/mylipfiller.com\/shop\/"},{"@type":"ListItem","position":3,"name":"Pbserum Medium (Enzymatic Reagents + HA 2.0)"}]},{"@type":"WebSite","@id":"https:\/\/mylipfiller.com\/#website","url":"https:\/\/mylipfiller.com\/","name":"Mi relleno de labios","description":"Rellenos d\u00e9rmicos y de labios con \u00e1cido hialur\u00f3nico","publisher":{"@id":"https:\/\/mylipfiller.com\/#organization"},"potentialAction":[{"@type":"SearchAction","target":{"@type":"EntryPoint","urlTemplate":"https:\/\/mylipfiller.com\/?s={search_term_string}"},"query-input":{"@type":"PropertyValueSpecification","valueRequired":true,"valueName":"search_term_string"}}],"inLanguage":"es"},{"@type":"Organization","@id":"https:\/\/mylipfiller.com\/#organization","name":"Mi relleno de labios","url":"https:\/\/mylipfiller.com\/","logo":{"@type":"ImageObject","inLanguage":"es","@id":"https:\/\/mylipfiller.com\/#\/schema\/logo\/image\/","url":"https:\/\/cdn.mylipfiller.com\/wp-content\/uploads\/2019\/02\/cropped-My-Lip-Filler-Logo.png","contentUrl":"https:\/\/cdn.mylipfiller.com\/wp-content\/uploads\/2019\/02\/cropped-My-Lip-Filler-Logo.png","width":240,"height":88,"caption":"My Lip Filler"},"image":{"@id":"https:\/\/mylipfiller.com\/#\/schema\/logo\/image\/"}}]}},"_links":{"self":[{"href":"https:\/\/mylipfiller.com\/es\/wp-json\/wp\/v2\/product\/42075","targetHints":{"allow":["GET"]}}],"collection":[{"href":"https:\/\/mylipfiller.com\/es\/wp-json\/wp\/v2\/product"}],"about":[{"href":"https:\/\/mylipfiller.com\/es\/wp-json\/wp\/v2\/types\/product"}],"wp:featuredmedia":[{"embeddable":true,"href":"https:\/\/mylipfiller.com\/es\/wp-json\/wp\/v2\/media\/42078"}],"wp:attachment":[{"href":"https:\/\/mylipfiller.com\/es\/wp-json\/wp\/v2\/media?parent=42075"}],"wp:term":[{"taxonomy":"product_brand","embeddable":true,"href":"https:\/\/mylipfiller.com\/es\/wp-json\/wp\/v2\/product_brand?post=42075"},{"taxonomy":"product_cat","embeddable":true,"href":"https:\/\/mylipfiller.com\/es\/wp-json\/wp\/v2\/product_cat?post=42075"},{"taxonomy":"product_tag","embeddable":true,"href":"https:\/\/mylipfiller.com\/es\/wp-json\/wp\/v2\/product_tag?post=42075"}],"curies":[{"name":"gracias","href":"https:\/\/api.w.org\/{rel}","templated":true}]}}