{"id":42076,"date":"2024-10-29T17:55:48","date_gmt":"2024-10-29T15:55:48","guid":{"rendered":"https:\/\/mylipfiller.com\/?post_type=product&#038;p=42076"},"modified":"2026-03-17T17:46:02","modified_gmt":"2026-03-17T15:46:02","slug":"pbserum-high-enzymatic-reagents-ha-2-0","status":"publish","type":"product","link":"https:\/\/mylipfiller.com\/es\/pbserum-high-enzymatic-reagents-ha-2-0\/","title":{"rendered":"Pbserum High (reactivos enzim\u00e1ticos + HA 2.0)"},"content":{"rendered":"<p>El efecto de Pbserum High tiene dos vectores principales: tratar los problemas de p\u00e9rdida de volumen de la piel, tanto en la zona facial como en la corporal, y eliminar el tejido cicatricial, todo ello limitando al mismo tiempo el efecto de la fibrosis y restaurando la flexibilidad del tejido.<\/p>\n<p>La colagenasa PB220 es responsable de la restauraci\u00f3n profunda de los dep\u00f3sitos de col\u00e1geno en la piel. Esta enzima es muy eficaz para atacar las fibras de col\u00e1geno deformadas y da\u00f1adas y disolverlas. Lo que es m\u00e1s importante, estimula directamente los fibroblastos para aumentar r\u00e1pidamente la s\u00edntesis de col\u00e1geno nuevo y saludable, de ah\u00ed el nombre de la enzima. Los nuevos dep\u00f3sitos de col\u00e1geno crean nuevas estructuras de soporte en la matriz extracelular, rellenan las depresiones cut\u00e1neas graves de forma natural, al mismo tiempo que tensan la piel fl\u00e1cida, suavizan las arrugas y restauran la textura natural y juvenil.<\/p>\n<p>Cuando se combina con el efecto de la lipasa y la liasa, este col\u00e1geno nuevo y saludable tambi\u00e9n mejora notablemente el estado de los tejidos cicatriciales. Las cirug\u00edas, las heridas y ciertas afecciones fibr\u00f3ticas har\u00e1n que la piel forme formaciones fibr\u00f3ticas densas y visibles en la dermis. Pbserum High no solo suavizar\u00e1 estos tejidos y reducir\u00e1 la cantidad de cicatrices, sino que tambi\u00e9n reducir\u00e1 a la mitad el proceso de fibrosis, evitando que dichos tejidos se formen en el futuro.<\/p>\n<p>Los efectos adicionales y los beneficios generales incluyen mejoras en el estado general y la salud de la dermis en el \u00e1rea tratada. Pbserum High tiene un efecto notable en las mejoras de la hidrataci\u00f3n de la piel a largo plazo y, cuando se usa en el cuerpo, ayudar\u00e1 a reducir los dep\u00f3sitos de celulitis debajo de la piel.<\/p>","protected":false},"excerpt":{"rendered":"<h3>Temporalmente agotado. Fecha estimada de llegada: 18 de marzo.<\/h3>\n<p>El col\u00e1geno es el elemento m\u00e1s vital para una piel sana. Sin embargo, sus propiedades beneficiosas van m\u00e1s all\u00e1 de la suavidad y la mejora de la textura y elasticidad de la piel. Pbserum High contiene una mayor cantidad de enzima recombinante colagenasa, con el fin de amplificar la producci\u00f3n de fibras de col\u00e1geno nuevas y saludables, al mismo tiempo que ayuda con problemas como arrugas y pliegues profundos y severos de la piel y, lo que es m\u00e1s importante, trata las cicatrices y previene la formaci\u00f3n de fibrosis.<\/p>","protected":false},"featured_media":42079,"template":"","meta":{"_acf_changed":false},"product_brand":[],"product_cat":[18,57],"product_tag":[],"class_list":{"0":"post-42076","1":"product","2":"type-product","3":"status-publish","4":"has-post-thumbnail","6":"product_cat-mesotherapy","7":"product_cat-skin-care","9":"first","10":"instock","11":"taxable","12":"shipping-taxable","13":"purchasable","14":"product-type-simple"},"acf":[],"yoast_head":"<!-- This site is optimized with the Yoast SEO plugin v27.2 - https:\/\/yoast.com\/product\/yoast-seo-wordpress\/ -->\n<title>Buy Pbserum High (Enzymatic Reagents + HA 2.0) - Fillers from My Lip Filler<\/title>\n<meta name=\"description\" content=\"\u2765Buy Pbserum High (Enzymatic Reagents + HA 2.0) \u23e9 My Lip Filler online store \u27a6 Quality assurance, reviews, ingredients, best prices!\" \/>\n<meta name=\"robots\" content=\"index, follow, max-snippet:-1, max-image-preview:large, max-video-preview:-1\" \/>\n<link rel=\"canonical\" href=\"https:\/\/mylipfiller.com\/es\/pbserum-high-enzymatic-reagents-ha-2-0\/\" \/>\n<meta property=\"og:locale\" content=\"es_MX\" \/>\n<meta property=\"og:type\" content=\"article\" \/>\n<meta property=\"og:title\" content=\"Buy Pbserum High (Enzymatic Reagents + HA 2.0) - Fillers from My Lip Filler\" \/>\n<meta property=\"og:description\" content=\"\u2765Buy Pbserum High (Enzymatic Reagents + HA 2.0) \u23e9 My Lip Filler online store \u27a6 Quality assurance, reviews, ingredients, best prices!\" \/>\n<meta property=\"og:url\" content=\"https:\/\/mylipfiller.com\/es\/pbserum-high-enzymatic-reagents-ha-2-0\/\" \/>\n<meta property=\"og:site_name\" content=\"My Lip Filler\" \/>\n<meta property=\"article:modified_time\" content=\"2026-03-17T15:46:02+00:00\" \/>\n<meta property=\"og:image\" content=\"https:\/\/cdn.mylipfiller.com\/wp-content\/uploads\/2024\/10\/PB-Serum-High.jpg\" \/>\n\t<meta property=\"og:image:width\" content=\"600\" \/>\n\t<meta property=\"og:image:height\" content=\"600\" \/>\n\t<meta property=\"og:image:type\" content=\"image\/jpeg\" \/>\n<meta name=\"twitter:card\" content=\"summary_large_image\" \/>\n<meta name=\"twitter:label1\" content=\"Tiempo de lectura\" \/>\n\t<meta name=\"twitter:data1\" content=\"2 minutos\" \/>\n<script type=\"application\/ld+json\" class=\"yoast-schema-graph\">{\"@context\":\"https:\/\/schema.org\",\"@graph\":[{\"@type\":\"WebPage\",\"@id\":\"https:\/\/mylipfiller.com\/pbserum-high-enzymatic-reagents-ha-2-0\/\",\"url\":\"https:\/\/mylipfiller.com\/pbserum-high-enzymatic-reagents-ha-2-0\/\",\"name\":\"Buy Pbserum High (Enzymatic Reagents + HA 2.0) - Fillers from My Lip Filler\",\"isPartOf\":{\"@id\":\"https:\/\/mylipfiller.com\/#website\"},\"primaryImageOfPage\":{\"@id\":\"https:\/\/mylipfiller.com\/pbserum-high-enzymatic-reagents-ha-2-0\/#primaryimage\"},\"image\":{\"@id\":\"https:\/\/mylipfiller.com\/pbserum-high-enzymatic-reagents-ha-2-0\/#primaryimage\"},\"thumbnailUrl\":\"https:\/\/cdn.mylipfiller.com\/wp-content\/uploads\/2024\/10\/PB-Serum-High.jpg\",\"datePublished\":\"2024-10-29T15:55:48+00:00\",\"dateModified\":\"2026-03-17T15:46:02+00:00\",\"description\":\"\u2765Buy Pbserum High (Enzymatic Reagents + HA 2.0) \u23e9 My Lip Filler online store \u27a6 Quality assurance, reviews, ingredients, best prices!\",\"breadcrumb\":{\"@id\":\"https:\/\/mylipfiller.com\/pbserum-high-enzymatic-reagents-ha-2-0\/#breadcrumb\"},\"inLanguage\":\"es\",\"potentialAction\":[{\"@type\":\"ReadAction\",\"target\":[\"https:\/\/mylipfiller.com\/pbserum-high-enzymatic-reagents-ha-2-0\/\"]}]},{\"@type\":\"ImageObject\",\"inLanguage\":\"es\",\"@id\":\"https:\/\/mylipfiller.com\/pbserum-high-enzymatic-reagents-ha-2-0\/#primaryimage\",\"url\":\"https:\/\/cdn.mylipfiller.com\/wp-content\/uploads\/2024\/10\/PB-Serum-High.jpg\",\"contentUrl\":\"https:\/\/cdn.mylipfiller.com\/wp-content\/uploads\/2024\/10\/PB-Serum-High.jpg\",\"width\":600,\"height\":600,\"caption\":\"PBSerum High\"},{\"@type\":\"BreadcrumbList\",\"@id\":\"https:\/\/mylipfiller.com\/pbserum-high-enzymatic-reagents-ha-2-0\/#breadcrumb\",\"itemListElement\":[{\"@type\":\"ListItem\",\"position\":1,\"name\":\"Home\",\"item\":\"https:\/\/mylipfiller.com\/\"},{\"@type\":\"ListItem\",\"position\":2,\"name\":\"Shop\",\"item\":\"https:\/\/mylipfiller.com\/shop\/\"},{\"@type\":\"ListItem\",\"position\":3,\"name\":\"Pbserum High (Enzymatic Reagents + HA 2.0)\"}]},{\"@type\":\"WebSite\",\"@id\":\"https:\/\/mylipfiller.com\/#website\",\"url\":\"https:\/\/mylipfiller.com\/\",\"name\":\"My Lip Filler\",\"description\":\"Hyaluronic Acid Lip and Dermal Fillers\",\"publisher\":{\"@id\":\"https:\/\/mylipfiller.com\/#organization\"},\"potentialAction\":[{\"@type\":\"SearchAction\",\"target\":{\"@type\":\"EntryPoint\",\"urlTemplate\":\"https:\/\/mylipfiller.com\/?s={search_term_string}\"},\"query-input\":{\"@type\":\"PropertyValueSpecification\",\"valueRequired\":true,\"valueName\":\"search_term_string\"}}],\"inLanguage\":\"es\"},{\"@type\":\"Organization\",\"@id\":\"https:\/\/mylipfiller.com\/#organization\",\"name\":\"My Lip Filler\",\"url\":\"https:\/\/mylipfiller.com\/\",\"logo\":{\"@type\":\"ImageObject\",\"inLanguage\":\"es\",\"@id\":\"https:\/\/mylipfiller.com\/#\/schema\/logo\/image\/\",\"url\":\"https:\/\/cdn.mylipfiller.com\/wp-content\/uploads\/2019\/02\/cropped-My-Lip-Filler-Logo.png\",\"contentUrl\":\"https:\/\/cdn.mylipfiller.com\/wp-content\/uploads\/2019\/02\/cropped-My-Lip-Filler-Logo.png\",\"width\":240,\"height\":88,\"caption\":\"My Lip Filler\"},\"image\":{\"@id\":\"https:\/\/mylipfiller.com\/#\/schema\/logo\/image\/\"}}]}<\/script>\n<!-- \/ Yoast SEO plugin. -->","yoast_head_json":{"title":"Comprar Pbserum High (Reactivos Enzim\u00e1ticos + HA 2.0) - Rellenos de My Lip Filler","description":"\u2765Comprar Pbserum High (Reactivos Enzim\u00e1ticos + HA 2.0) \u23e9 Mi tienda online de Lip Filler \u27a6 \u00a1Garant\u00eda de calidad, opiniones, ingredientes, mejores precios!","robots":{"index":"index","follow":"follow","max-snippet":"max-snippet:-1","max-image-preview":"max-image-preview:large","max-video-preview":"max-video-preview:-1"},"canonical":"https:\/\/mylipfiller.com\/es\/pbserum-high-enzymatic-reagents-ha-2-0\/","og_locale":"es_MX","og_type":"article","og_title":"Buy Pbserum High (Enzymatic Reagents + HA 2.0) - Fillers from My Lip Filler","og_description":"\u2765Buy Pbserum High (Enzymatic Reagents + HA 2.0) \u23e9 My Lip Filler online store \u27a6 Quality assurance, reviews, ingredients, best prices!","og_url":"https:\/\/mylipfiller.com\/es\/pbserum-high-enzymatic-reagents-ha-2-0\/","og_site_name":"My Lip Filler","article_modified_time":"2026-03-17T15:46:02+00:00","og_image":[{"width":600,"height":600,"url":"https:\/\/cdn.mylipfiller.com\/wp-content\/uploads\/2024\/10\/PB-Serum-High.jpg","type":"image\/jpeg"}],"twitter_card":"summary_large_image","twitter_misc":{"Tiempo de lectura":"2 minutos"},"schema":{"@context":"https:\/\/schema.org","@graph":[{"@type":"WebPage","@id":"https:\/\/mylipfiller.com\/pbserum-high-enzymatic-reagents-ha-2-0\/","url":"https:\/\/mylipfiller.com\/pbserum-high-enzymatic-reagents-ha-2-0\/","name":"Comprar Pbserum High (Reactivos Enzim\u00e1ticos + HA 2.0) - Rellenos de My Lip Filler","isPartOf":{"@id":"https:\/\/mylipfiller.com\/#website"},"primaryImageOfPage":{"@id":"https:\/\/mylipfiller.com\/pbserum-high-enzymatic-reagents-ha-2-0\/#primaryimage"},"image":{"@id":"https:\/\/mylipfiller.com\/pbserum-high-enzymatic-reagents-ha-2-0\/#primaryimage"},"thumbnailUrl":"https:\/\/cdn.mylipfiller.com\/wp-content\/uploads\/2024\/10\/PB-Serum-High.jpg","datePublished":"2024-10-29T15:55:48+00:00","dateModified":"2026-03-17T15:46:02+00:00","description":"\u2765Comprar Pbserum High (Reactivos Enzim\u00e1ticos + HA 2.0) \u23e9 Mi tienda online de Lip Filler \u27a6 \u00a1Garant\u00eda de calidad, opiniones, ingredientes, mejores precios!","breadcrumb":{"@id":"https:\/\/mylipfiller.com\/pbserum-high-enzymatic-reagents-ha-2-0\/#breadcrumb"},"inLanguage":"es","potentialAction":[{"@type":"ReadAction","target":["https:\/\/mylipfiller.com\/pbserum-high-enzymatic-reagents-ha-2-0\/"]}]},{"@type":"ImageObject","inLanguage":"es","@id":"https:\/\/mylipfiller.com\/pbserum-high-enzymatic-reagents-ha-2-0\/#primaryimage","url":"https:\/\/cdn.mylipfiller.com\/wp-content\/uploads\/2024\/10\/PB-Serum-High.jpg","contentUrl":"https:\/\/cdn.mylipfiller.com\/wp-content\/uploads\/2024\/10\/PB-Serum-High.jpg","width":600,"height":600,"caption":"PBSerum High"},{"@type":"BreadcrumbList","@id":"https:\/\/mylipfiller.com\/pbserum-high-enzymatic-reagents-ha-2-0\/#breadcrumb","itemListElement":[{"@type":"ListItem","position":1,"name":"Home","item":"https:\/\/mylipfiller.com\/"},{"@type":"ListItem","position":2,"name":"Shop","item":"https:\/\/mylipfiller.com\/shop\/"},{"@type":"ListItem","position":3,"name":"Pbserum High (Enzymatic Reagents + HA 2.0)"}]},{"@type":"WebSite","@id":"https:\/\/mylipfiller.com\/#website","url":"https:\/\/mylipfiller.com\/","name":"Mi relleno de labios","description":"Rellenos d\u00e9rmicos y de labios con \u00e1cido hialur\u00f3nico","publisher":{"@id":"https:\/\/mylipfiller.com\/#organization"},"potentialAction":[{"@type":"SearchAction","target":{"@type":"EntryPoint","urlTemplate":"https:\/\/mylipfiller.com\/?s={search_term_string}"},"query-input":{"@type":"PropertyValueSpecification","valueRequired":true,"valueName":"search_term_string"}}],"inLanguage":"es"},{"@type":"Organization","@id":"https:\/\/mylipfiller.com\/#organization","name":"Mi relleno de labios","url":"https:\/\/mylipfiller.com\/","logo":{"@type":"ImageObject","inLanguage":"es","@id":"https:\/\/mylipfiller.com\/#\/schema\/logo\/image\/","url":"https:\/\/cdn.mylipfiller.com\/wp-content\/uploads\/2019\/02\/cropped-My-Lip-Filler-Logo.png","contentUrl":"https:\/\/cdn.mylipfiller.com\/wp-content\/uploads\/2019\/02\/cropped-My-Lip-Filler-Logo.png","width":240,"height":88,"caption":"My Lip Filler"},"image":{"@id":"https:\/\/mylipfiller.com\/#\/schema\/logo\/image\/"}}]}},"_links":{"self":[{"href":"https:\/\/mylipfiller.com\/es\/wp-json\/wp\/v2\/product\/42076","targetHints":{"allow":["GET"]}}],"collection":[{"href":"https:\/\/mylipfiller.com\/es\/wp-json\/wp\/v2\/product"}],"about":[{"href":"https:\/\/mylipfiller.com\/es\/wp-json\/wp\/v2\/types\/product"}],"wp:featuredmedia":[{"embeddable":true,"href":"https:\/\/mylipfiller.com\/es\/wp-json\/wp\/v2\/media\/42079"}],"wp:attachment":[{"href":"https:\/\/mylipfiller.com\/es\/wp-json\/wp\/v2\/media?parent=42076"}],"wp:term":[{"taxonomy":"product_brand","embeddable":true,"href":"https:\/\/mylipfiller.com\/es\/wp-json\/wp\/v2\/product_brand?post=42076"},{"taxonomy":"product_cat","embeddable":true,"href":"https:\/\/mylipfiller.com\/es\/wp-json\/wp\/v2\/product_cat?post=42076"},{"taxonomy":"product_tag","embeddable":true,"href":"https:\/\/mylipfiller.com\/es\/wp-json\/wp\/v2\/product_tag?post=42076"}],"curies":[{"name":"gracias","href":"https:\/\/api.w.org\/{rel}","templated":true}]}}