{"id":42407,"date":"2025-06-06T15:08:10","date_gmt":"2025-06-06T13:08:10","guid":{"rendered":"https:\/\/mylipfiller.com\/?post_type=product&#038;p=42407"},"modified":"2025-06-06T15:08:10","modified_gmt":"2025-06-06T13:08:10","slug":"renee-prime-skinbooster-2-x-1ml","status":"publish","type":"product","link":"https:\/\/mylipfiller.com\/es\/renee-prime-skinbooster-2-x-1ml\/","title":{"rendered":"REN\u00c9E Prime Skinbooster (2 x 1 ml)"},"content":{"rendered":"<p>REN\u00c9E Prime es un potenciador ultrasuave que difumina la l\u00ednea entre relleno d\u00e9rmico y potenciador, gracias al uso de \u00e1cido hialur\u00f3nico reticulado (AH), a diferencia de la mayor\u00eda de las soluciones est\u00e1ndar a base de \u00e1cido hialur\u00f3nico. Tiene la capacidad de rellenar de forma natural las depresiones m\u00e1s superficiales y delicadas de la piel, y su gel ultrasuave se integra perfectamente con los tejidos. El efecto rejuvenecedor se potencia al combinar el gel de AH reticulado de 18 mg\/ml con prolina y glicina. Estos potentes amino\u00e1cidos contribuyen a una piel radiante y juvenil, mientras que el \u00e1cido hialur\u00f3nico es un potente potenciador de la hidrataci\u00f3n. Toda la l\u00ednea de productos REN\u00c9E utiliza una estructura de gel de dise\u00f1o bi\u00f3nico patentada, que ofrece una suavidad y fluidez superiores.<\/p>\n<p>La mayor\u00eda de los potenciadores de la piel a base de \u00e1cido hialur\u00f3nico utilizan una estructura bif\u00e1sica, pero REN\u00c9E Prime es monof\u00e1sica. Esto hace que el gel sea mucho m\u00e1s uniforme y reduce significativamente la tensi\u00f3n en las cadenas de AH durante el proceso de fabricaci\u00f3n. Como resultado directo, sus propiedades hidratantes se conservan mejor y, una vez aplicado en la dermis, se integra naturalmente con los tejidos locales sin formar bultos.<\/p>\n<p>Este potenciador de la piel es especialmente \u00fatil para personas que sufren de envejecimiento cut\u00e1neo, ya sea prematuro, debido a factores ambientales o al proceso natural de tratamiento de la piel. Adem\u00e1s, gracias a su extrema uniformidad, los profesionales con licencia pueden trabajar con \u00e9l con mayor facilidad, obteniendo resultados mejores y m\u00e1s duraderos. Renee Prime ofrece el potente efecto rejuvenecedor de la piel y la durabilidad de los resultados que buscan tanto clientes como profesionales.<\/p>","protected":false},"excerpt":{"rendered":"<p>REN\u00c9E Prime combina el poder del \u00e1cido hialur\u00f3nico (18 mg\/ml, reticulado) con glicina y prolina para proporcionar un potente efecto rejuvenecedor de la piel. Ayuda a la dermis a restaurar sus niveles de hidrataci\u00f3n, mejorar la textura de la piel y potenciar su luminosidad general. REN\u00c9E Prime se integra con los tejidos de la piel de forma natural, dejando la textura superficial y la sensaci\u00f3n de suavidad completamente naturales. Un potente potenciador de la piel para pieles secas y cansadas.<\/p>","protected":false},"featured_media":42405,"template":"","meta":{"_acf_changed":false},"product_brand":[],"product_cat":[200,32],"product_tag":[138,144,111,126,151,143],"class_list":{"0":"post-42407","1":"product","2":"type-product","3":"status-publish","4":"has-post-thumbnail","6":"product_cat-renee","7":"product_cat-soft","8":"product_tag-anti-aging","9":"product_tag-anti-wrinkle","10":"product_tag-face","11":"product_tag-fine-lines","12":"product_tag-hyaluronic-acid-ha-fillers","13":"product_tag-rejuvenating","15":"first","16":"instock","17":"taxable","18":"shipping-taxable","19":"purchasable","20":"product-type-simple"},"acf":[],"yoast_head":"<!-- This site is optimized with the Yoast SEO plugin v27.5 - https:\/\/yoast.com\/product\/yoast-seo-wordpress\/ -->\n<title>Buy REN\u00c9E Prime Skinbooster (2 x 1ml) - Fillers from My Lip Filler<\/title>\n<meta name=\"description\" content=\"\u2765Buy REN\u00c9E Prime Skinbooster (2 x 1ml) \u23e9 My Lip Filler online store \u27a6 Quality assurance, reviews, ingredients, best prices!\" \/>\n<meta name=\"robots\" content=\"index, follow, max-snippet:-1, max-image-preview:large, max-video-preview:-1\" \/>\n<link rel=\"canonical\" href=\"https:\/\/mylipfiller.com\/es\/renee-prime-skinbooster-2-x-1ml\/\" \/>\n<meta property=\"og:locale\" content=\"es_MX\" \/>\n<meta property=\"og:type\" content=\"article\" \/>\n<meta property=\"og:title\" content=\"Buy REN\u00c9E Prime Skinbooster (2 x 1ml) - Fillers from My Lip Filler\" \/>\n<meta property=\"og:description\" content=\"\u2765Buy REN\u00c9E Prime Skinbooster (2 x 1ml) \u23e9 My Lip Filler online store \u27a6 Quality assurance, reviews, ingredients, best prices!\" \/>\n<meta property=\"og:url\" content=\"https:\/\/mylipfiller.com\/es\/renee-prime-skinbooster-2-x-1ml\/\" \/>\n<meta property=\"og:site_name\" content=\"My Lip Filler\" \/>\n<meta property=\"og:image\" content=\"https:\/\/cdn.mylipfiller.com\/wp-content\/uploads\/2025\/06\/Renee-Prime.jpg\" \/>\n\t<meta property=\"og:image:width\" content=\"600\" \/>\n\t<meta property=\"og:image:height\" content=\"600\" \/>\n\t<meta property=\"og:image:type\" content=\"image\/jpeg\" \/>\n<meta name=\"twitter:card\" content=\"summary_large_image\" \/>\n<meta name=\"twitter:label1\" content=\"Tiempo de lectura\" \/>\n\t<meta name=\"twitter:data1\" content=\"2 minutos\" \/>\n<script type=\"application\/ld+json\" class=\"yoast-schema-graph\">{\"@context\":\"https:\\\/\\\/schema.org\",\"@graph\":[{\"@type\":\"WebPage\",\"@id\":\"https:\\\/\\\/mylipfiller.com\\\/renee-prime-skinbooster-2-x-1ml\\\/\",\"url\":\"https:\\\/\\\/mylipfiller.com\\\/renee-prime-skinbooster-2-x-1ml\\\/\",\"name\":\"Buy REN\u00c9E Prime Skinbooster (2 x 1ml) - Fillers from My Lip Filler\",\"isPartOf\":{\"@id\":\"https:\\\/\\\/mylipfiller.com\\\/#website\"},\"primaryImageOfPage\":{\"@id\":\"https:\\\/\\\/mylipfiller.com\\\/renee-prime-skinbooster-2-x-1ml\\\/#primaryimage\"},\"image\":{\"@id\":\"https:\\\/\\\/mylipfiller.com\\\/renee-prime-skinbooster-2-x-1ml\\\/#primaryimage\"},\"thumbnailUrl\":\"https:\\\/\\\/mylipfiller.com\\\/wp-content\\\/uploads\\\/2025\\\/06\\\/Renee-Prime.jpg\",\"datePublished\":\"2025-06-06T13:08:10+00:00\",\"description\":\"\u2765Buy REN\u00c9E Prime Skinbooster (2 x 1ml) \u23e9 My Lip Filler online store \u27a6 Quality assurance, reviews, ingredients, best prices!\",\"breadcrumb\":{\"@id\":\"https:\\\/\\\/mylipfiller.com\\\/renee-prime-skinbooster-2-x-1ml\\\/#breadcrumb\"},\"inLanguage\":\"es\",\"potentialAction\":[{\"@type\":\"ReadAction\",\"target\":[\"https:\\\/\\\/mylipfiller.com\\\/renee-prime-skinbooster-2-x-1ml\\\/\"]}]},{\"@type\":\"ImageObject\",\"inLanguage\":\"es\",\"@id\":\"https:\\\/\\\/mylipfiller.com\\\/renee-prime-skinbooster-2-x-1ml\\\/#primaryimage\",\"url\":\"https:\\\/\\\/mylipfiller.com\\\/wp-content\\\/uploads\\\/2025\\\/06\\\/Renee-Prime.jpg\",\"contentUrl\":\"https:\\\/\\\/mylipfiller.com\\\/wp-content\\\/uploads\\\/2025\\\/06\\\/Renee-Prime.jpg\",\"width\":600,\"height\":600,\"caption\":\"Renee Prime\"},{\"@type\":\"BreadcrumbList\",\"@id\":\"https:\\\/\\\/mylipfiller.com\\\/renee-prime-skinbooster-2-x-1ml\\\/#breadcrumb\",\"itemListElement\":[{\"@type\":\"ListItem\",\"position\":1,\"name\":\"Home\",\"item\":\"https:\\\/\\\/mylipfiller.com\\\/\"},{\"@type\":\"ListItem\",\"position\":2,\"name\":\"Shop\",\"item\":\"https:\\\/\\\/mylipfiller.com\\\/shop\\\/\"},{\"@type\":\"ListItem\",\"position\":3,\"name\":\"REN\u00c9E Prime Skinbooster (2 x 1ml)\"}]},{\"@type\":\"WebSite\",\"@id\":\"https:\\\/\\\/mylipfiller.com\\\/#website\",\"url\":\"https:\\\/\\\/mylipfiller.com\\\/\",\"name\":\"My Lip Filler\",\"description\":\"Hyaluronic Acid Lip and Dermal Fillers\",\"publisher\":{\"@id\":\"https:\\\/\\\/mylipfiller.com\\\/#organization\"},\"potentialAction\":[{\"@type\":\"SearchAction\",\"target\":{\"@type\":\"EntryPoint\",\"urlTemplate\":\"https:\\\/\\\/mylipfiller.com\\\/?s={search_term_string}\"},\"query-input\":{\"@type\":\"PropertyValueSpecification\",\"valueRequired\":true,\"valueName\":\"search_term_string\"}}],\"inLanguage\":\"es\"},{\"@type\":\"Organization\",\"@id\":\"https:\\\/\\\/mylipfiller.com\\\/#organization\",\"name\":\"My Lip Filler\",\"url\":\"https:\\\/\\\/mylipfiller.com\\\/\",\"logo\":{\"@type\":\"ImageObject\",\"inLanguage\":\"es\",\"@id\":\"https:\\\/\\\/mylipfiller.com\\\/#\\\/schema\\\/logo\\\/image\\\/\",\"url\":\"https:\\\/\\\/mylipfiller.com\\\/wp-content\\\/uploads\\\/2019\\\/02\\\/cropped-My-Lip-Filler-Logo.png\",\"contentUrl\":\"https:\\\/\\\/mylipfiller.com\\\/wp-content\\\/uploads\\\/2019\\\/02\\\/cropped-My-Lip-Filler-Logo.png\",\"width\":240,\"height\":88,\"caption\":\"My Lip Filler\"},\"image\":{\"@id\":\"https:\\\/\\\/mylipfiller.com\\\/#\\\/schema\\\/logo\\\/image\\\/\"}}]}<\/script>\n<!-- \/ Yoast SEO plugin. -->","yoast_head_json":{"title":"Compra REN\u00c9E Prime Skinbooster (2 x 1 ml) - Rellenos de My Lip Filler","description":"\u2765Comprar REN\u00c9E Prime Skinbooster (2 x 1ml) \u23e9 Mi tienda online de Lip Filler \u27a6 \u00a1Garant\u00eda de calidad, opiniones, ingredientes, mejores precios!","robots":{"index":"index","follow":"follow","max-snippet":"max-snippet:-1","max-image-preview":"max-image-preview:large","max-video-preview":"max-video-preview:-1"},"canonical":"https:\/\/mylipfiller.com\/es\/renee-prime-skinbooster-2-x-1ml\/","og_locale":"es_MX","og_type":"article","og_title":"Buy REN\u00c9E Prime Skinbooster (2 x 1ml) - Fillers from My Lip Filler","og_description":"\u2765Buy REN\u00c9E Prime Skinbooster (2 x 1ml) \u23e9 My Lip Filler online store \u27a6 Quality assurance, reviews, ingredients, best prices!","og_url":"https:\/\/mylipfiller.com\/es\/renee-prime-skinbooster-2-x-1ml\/","og_site_name":"My Lip Filler","og_image":[{"width":600,"height":600,"url":"https:\/\/cdn.mylipfiller.com\/wp-content\/uploads\/2025\/06\/Renee-Prime.jpg","type":"image\/jpeg"}],"twitter_card":"summary_large_image","twitter_misc":{"Tiempo de lectura":"2 minutos"},"schema":{"@context":"https:\/\/schema.org","@graph":[{"@type":"WebPage","@id":"https:\/\/mylipfiller.com\/renee-prime-skinbooster-2-x-1ml\/","url":"https:\/\/mylipfiller.com\/renee-prime-skinbooster-2-x-1ml\/","name":"Compra REN\u00c9E Prime Skinbooster (2 x 1 ml) - Rellenos de My Lip Filler","isPartOf":{"@id":"https:\/\/mylipfiller.com\/#website"},"primaryImageOfPage":{"@id":"https:\/\/mylipfiller.com\/renee-prime-skinbooster-2-x-1ml\/#primaryimage"},"image":{"@id":"https:\/\/mylipfiller.com\/renee-prime-skinbooster-2-x-1ml\/#primaryimage"},"thumbnailUrl":"https:\/\/cdn.mylipfiller.com\/wp-content\/uploads\/2025\/06\/Renee-Prime.jpg","datePublished":"2025-06-06T13:08:10+00:00","description":"\u2765Comprar REN\u00c9E Prime Skinbooster (2 x 1ml) \u23e9 Mi tienda online de Lip Filler \u27a6 \u00a1Garant\u00eda de calidad, opiniones, ingredientes, mejores precios!","breadcrumb":{"@id":"https:\/\/mylipfiller.com\/renee-prime-skinbooster-2-x-1ml\/#breadcrumb"},"inLanguage":"es","potentialAction":[{"@type":"ReadAction","target":["https:\/\/mylipfiller.com\/renee-prime-skinbooster-2-x-1ml\/"]}]},{"@type":"ImageObject","inLanguage":"es","@id":"https:\/\/mylipfiller.com\/renee-prime-skinbooster-2-x-1ml\/#primaryimage","url":"https:\/\/cdn.mylipfiller.com\/wp-content\/uploads\/2025\/06\/Renee-Prime.jpg","contentUrl":"https:\/\/cdn.mylipfiller.com\/wp-content\/uploads\/2025\/06\/Renee-Prime.jpg","width":600,"height":600,"caption":"Renee Prime"},{"@type":"BreadcrumbList","@id":"https:\/\/mylipfiller.com\/renee-prime-skinbooster-2-x-1ml\/#breadcrumb","itemListElement":[{"@type":"ListItem","position":1,"name":"Home","item":"https:\/\/mylipfiller.com\/"},{"@type":"ListItem","position":2,"name":"Shop","item":"https:\/\/mylipfiller.com\/shop\/"},{"@type":"ListItem","position":3,"name":"REN\u00c9E Prime Skinbooster (2 x 1ml)"}]},{"@type":"WebSite","@id":"https:\/\/mylipfiller.com\/#website","url":"https:\/\/mylipfiller.com\/","name":"Mi relleno de labios","description":"Rellenos d\u00e9rmicos y de labios con \u00e1cido hialur\u00f3nico","publisher":{"@id":"https:\/\/mylipfiller.com\/#organization"},"potentialAction":[{"@type":"SearchAction","target":{"@type":"EntryPoint","urlTemplate":"https:\/\/mylipfiller.com\/?s={search_term_string}"},"query-input":{"@type":"PropertyValueSpecification","valueRequired":true,"valueName":"search_term_string"}}],"inLanguage":"es"},{"@type":"Organization","@id":"https:\/\/mylipfiller.com\/#organization","name":"Mi relleno de labios","url":"https:\/\/mylipfiller.com\/","logo":{"@type":"ImageObject","inLanguage":"es","@id":"https:\/\/mylipfiller.com\/#\/schema\/logo\/image\/","url":"https:\/\/cdn.mylipfiller.com\/wp-content\/uploads\/2019\/02\/cropped-My-Lip-Filler-Logo.png","contentUrl":"https:\/\/cdn.mylipfiller.com\/wp-content\/uploads\/2019\/02\/cropped-My-Lip-Filler-Logo.png","width":240,"height":88,"caption":"My Lip Filler"},"image":{"@id":"https:\/\/mylipfiller.com\/#\/schema\/logo\/image\/"}}]}},"_links":{"self":[{"href":"https:\/\/mylipfiller.com\/es\/wp-json\/wp\/v2\/product\/42407","targetHints":{"allow":["GET"]}}],"collection":[{"href":"https:\/\/mylipfiller.com\/es\/wp-json\/wp\/v2\/product"}],"about":[{"href":"https:\/\/mylipfiller.com\/es\/wp-json\/wp\/v2\/types\/product"}],"wp:featuredmedia":[{"embeddable":true,"href":"https:\/\/mylipfiller.com\/es\/wp-json\/wp\/v2\/media\/42405"}],"wp:attachment":[{"href":"https:\/\/mylipfiller.com\/es\/wp-json\/wp\/v2\/media?parent=42407"}],"wp:term":[{"taxonomy":"product_brand","embeddable":true,"href":"https:\/\/mylipfiller.com\/es\/wp-json\/wp\/v2\/product_brand?post=42407"},{"taxonomy":"product_cat","embeddable":true,"href":"https:\/\/mylipfiller.com\/es\/wp-json\/wp\/v2\/product_cat?post=42407"},{"taxonomy":"product_tag","embeddable":true,"href":"https:\/\/mylipfiller.com\/es\/wp-json\/wp\/v2\/product_tag?post=42407"}],"curies":[{"name":"gracias","href":"https:\/\/api.w.org\/{rel}","templated":true}]}}