{"id":42408,"date":"2025-06-06T15:08:10","date_gmt":"2025-06-06T13:08:10","guid":{"rendered":"https:\/\/mylipfiller.com\/?post_type=product&#038;p=42408"},"modified":"2025-06-06T15:08:10","modified_gmt":"2025-06-06T13:08:10","slug":"renee-smile-2-x-1ml","status":"publish","type":"product","link":"https:\/\/mylipfiller.com\/es\/renee-smile-2-x-1ml\/","title":{"rendered":"REN\u00c9E Smile (2 x 1 ml)"},"content":{"rendered":"<p>REN\u00c9E Smile est\u00e1 dise\u00f1ado espec\u00edficamente para su uso en la zona labial. Un gel suave y uniforme, a base de \u00e1cido hialur\u00f3nico, se utiliza para mejorar el volumen y el contorno labial. Dos amino\u00e1cidos, prolina y glicina, aportan estabilidad adicional, lo que hace que la estructura molecular del relleno labial sea m\u00e1s duradera y cohesiva. Durante su fabricaci\u00f3n, se utiliza un dise\u00f1o bi\u00f3nico patentado del gel para garantizar una suavidad total del producto final y que el relleno labial REN\u00c9E Smile se integre perfectamente con el tejido labial.<\/p>\n<p>En la pr\u00e1ctica, Ren\u00e9e Smile ofrece resultados superiores a los rellenos labiales tradicionales. Esto se logra gracias a la uniformidad inigualable del gel de \u00e1cido hialur\u00f3nico. A diferencia de la mayor\u00eda de las soluciones del mercado, REN\u00c9E tiene una estructura monof\u00e1sica. Esto significa que es mucho m\u00e1s f\u00e1cil de usar al contornear o dar volumen a los labios, y que el dermat\u00f3logo o profesional colegiado tiene un control mucho mayor del procedimiento general y del resultado final del aumento de labios.<\/p>\n<p>Se puede usar tanto para mejoras m\u00ednimas como para mejoras m\u00e1s dr\u00e1sticas. REN\u00c9E Smile destaca en todo tipo de correcci\u00f3n de labios. El resultado final garantiza una apariencia completamente natural y una larga duraci\u00f3n antes de que sea necesario un retoque labial. Resultados de primera calidad, tanto en apariencia como en tacto, gracias a que el gel de relleno labial es indistinguible del tejido labial natural y se integra a la perfecci\u00f3n.<\/p>","protected":false},"excerpt":{"rendered":"<p>Una soluci\u00f3n sencilla para a\u00f1adir volumen y contorno a los labios, REN\u00c9E Smile contiene una concentraci\u00f3n de 22 mg\/ml de \u00e1cido hialur\u00f3nico en su gel voluminizador reticulado. Es ideal para correcciones delicadas y naturales del contorno labial, corrigiendo la simetr\u00eda labial y aportando volumen general a los labios. Es ideal para a\u00f1adir un volumen notable mientras los tejidos labiales conservan su forma natural durante el movimiento.<\/p>","protected":false},"featured_media":42406,"template":"","meta":{"_acf_changed":false},"product_brand":[],"product_cat":[33,200],"product_tag":[111,151,134],"class_list":{"0":"post-42408","1":"product","2":"type-product","3":"status-publish","4":"has-post-thumbnail","6":"product_cat-lip","7":"product_cat-renee","8":"product_tag-face","9":"product_tag-hyaluronic-acid-ha-fillers","10":"product_tag-small-lips","12":"first","13":"instock","14":"taxable","15":"shipping-taxable","16":"purchasable","17":"product-type-simple"},"acf":[],"yoast_head":"<!-- This site is optimized with the Yoast SEO plugin v27.3 - https:\/\/yoast.com\/product\/yoast-seo-wordpress\/ -->\n<title>Buy REN\u00c9E Smile (2 x 1ml) - Fillers from My Lip Filler<\/title>\n<meta name=\"description\" content=\"\u2765Buy REN\u00c9E Smile (2 x 1ml) \u23e9 My Lip Filler online store \u27a6 Quality assurance, reviews, ingredients, best prices!\" \/>\n<meta name=\"robots\" content=\"index, follow, max-snippet:-1, max-image-preview:large, max-video-preview:-1\" \/>\n<link rel=\"canonical\" href=\"https:\/\/mylipfiller.com\/es\/renee-smile-2-x-1ml\/\" \/>\n<meta property=\"og:locale\" content=\"es_MX\" \/>\n<meta property=\"og:type\" content=\"article\" \/>\n<meta property=\"og:title\" content=\"Buy REN\u00c9E Smile (2 x 1ml) - Fillers from My Lip Filler\" \/>\n<meta property=\"og:description\" content=\"\u2765Buy REN\u00c9E Smile (2 x 1ml) \u23e9 My Lip Filler online store \u27a6 Quality assurance, reviews, ingredients, best prices!\" \/>\n<meta property=\"og:url\" content=\"https:\/\/mylipfiller.com\/es\/renee-smile-2-x-1ml\/\" \/>\n<meta property=\"og:site_name\" content=\"My Lip Filler\" \/>\n<meta property=\"og:image\" content=\"https:\/\/cdn.mylipfiller.com\/wp-content\/uploads\/2025\/06\/Renee-Smile.jpg\" \/>\n\t<meta property=\"og:image:width\" content=\"600\" \/>\n\t<meta property=\"og:image:height\" content=\"600\" \/>\n\t<meta property=\"og:image:type\" content=\"image\/jpeg\" \/>\n<meta name=\"twitter:card\" content=\"summary_large_image\" \/>\n<meta name=\"twitter:label1\" content=\"Tiempo de lectura\" \/>\n\t<meta name=\"twitter:data1\" content=\"2 minutos\" \/>\n<script type=\"application\/ld+json\" class=\"yoast-schema-graph\">{\"@context\":\"https:\\\/\\\/schema.org\",\"@graph\":[{\"@type\":\"WebPage\",\"@id\":\"https:\\\/\\\/mylipfiller.com\\\/renee-smile-2-x-1ml\\\/\",\"url\":\"https:\\\/\\\/mylipfiller.com\\\/renee-smile-2-x-1ml\\\/\",\"name\":\"Buy REN\u00c9E Smile (2 x 1ml) - Fillers from My Lip Filler\",\"isPartOf\":{\"@id\":\"https:\\\/\\\/mylipfiller.com\\\/#website\"},\"primaryImageOfPage\":{\"@id\":\"https:\\\/\\\/mylipfiller.com\\\/renee-smile-2-x-1ml\\\/#primaryimage\"},\"image\":{\"@id\":\"https:\\\/\\\/mylipfiller.com\\\/renee-smile-2-x-1ml\\\/#primaryimage\"},\"thumbnailUrl\":\"https:\\\/\\\/mylipfiller.com\\\/wp-content\\\/uploads\\\/2025\\\/06\\\/Renee-Smile.jpg\",\"datePublished\":\"2025-06-06T13:08:10+00:00\",\"description\":\"\u2765Buy REN\u00c9E Smile (2 x 1ml) \u23e9 My Lip Filler online store \u27a6 Quality assurance, reviews, ingredients, best prices!\",\"breadcrumb\":{\"@id\":\"https:\\\/\\\/mylipfiller.com\\\/renee-smile-2-x-1ml\\\/#breadcrumb\"},\"inLanguage\":\"es\",\"potentialAction\":[{\"@type\":\"ReadAction\",\"target\":[\"https:\\\/\\\/mylipfiller.com\\\/renee-smile-2-x-1ml\\\/\"]}]},{\"@type\":\"ImageObject\",\"inLanguage\":\"es\",\"@id\":\"https:\\\/\\\/mylipfiller.com\\\/renee-smile-2-x-1ml\\\/#primaryimage\",\"url\":\"https:\\\/\\\/mylipfiller.com\\\/wp-content\\\/uploads\\\/2025\\\/06\\\/Renee-Smile.jpg\",\"contentUrl\":\"https:\\\/\\\/mylipfiller.com\\\/wp-content\\\/uploads\\\/2025\\\/06\\\/Renee-Smile.jpg\",\"width\":600,\"height\":600,\"caption\":\"Renee Smile\"},{\"@type\":\"BreadcrumbList\",\"@id\":\"https:\\\/\\\/mylipfiller.com\\\/renee-smile-2-x-1ml\\\/#breadcrumb\",\"itemListElement\":[{\"@type\":\"ListItem\",\"position\":1,\"name\":\"Home\",\"item\":\"https:\\\/\\\/mylipfiller.com\\\/\"},{\"@type\":\"ListItem\",\"position\":2,\"name\":\"Shop\",\"item\":\"https:\\\/\\\/mylipfiller.com\\\/shop\\\/\"},{\"@type\":\"ListItem\",\"position\":3,\"name\":\"REN\u00c9E Smile (2 x 1ml)\"}]},{\"@type\":\"WebSite\",\"@id\":\"https:\\\/\\\/mylipfiller.com\\\/#website\",\"url\":\"https:\\\/\\\/mylipfiller.com\\\/\",\"name\":\"My Lip Filler\",\"description\":\"Hyaluronic Acid Lip and Dermal Fillers\",\"publisher\":{\"@id\":\"https:\\\/\\\/mylipfiller.com\\\/#organization\"},\"potentialAction\":[{\"@type\":\"SearchAction\",\"target\":{\"@type\":\"EntryPoint\",\"urlTemplate\":\"https:\\\/\\\/mylipfiller.com\\\/?s={search_term_string}\"},\"query-input\":{\"@type\":\"PropertyValueSpecification\",\"valueRequired\":true,\"valueName\":\"search_term_string\"}}],\"inLanguage\":\"es\"},{\"@type\":\"Organization\",\"@id\":\"https:\\\/\\\/mylipfiller.com\\\/#organization\",\"name\":\"My Lip Filler\",\"url\":\"https:\\\/\\\/mylipfiller.com\\\/\",\"logo\":{\"@type\":\"ImageObject\",\"inLanguage\":\"es\",\"@id\":\"https:\\\/\\\/mylipfiller.com\\\/#\\\/schema\\\/logo\\\/image\\\/\",\"url\":\"https:\\\/\\\/mylipfiller.com\\\/wp-content\\\/uploads\\\/2019\\\/02\\\/cropped-My-Lip-Filler-Logo.png\",\"contentUrl\":\"https:\\\/\\\/mylipfiller.com\\\/wp-content\\\/uploads\\\/2019\\\/02\\\/cropped-My-Lip-Filler-Logo.png\",\"width\":240,\"height\":88,\"caption\":\"My Lip Filler\"},\"image\":{\"@id\":\"https:\\\/\\\/mylipfiller.com\\\/#\\\/schema\\\/logo\\\/image\\\/\"}}]}<\/script>\n<!-- \/ Yoast SEO plugin. -->","yoast_head_json":{"title":"Comprar REN\u00c9E Smile (2 x 1 ml) - Rellenos de My Lip Filler","description":"\u2765Comprar REN\u00c9E Smile (2 x 1ml) \u23e9 Mi tienda online de Lip Filler \u27a6 \u00a1Garant\u00eda de calidad, opiniones, ingredientes, mejores precios!","robots":{"index":"index","follow":"follow","max-snippet":"max-snippet:-1","max-image-preview":"max-image-preview:large","max-video-preview":"max-video-preview:-1"},"canonical":"https:\/\/mylipfiller.com\/es\/renee-smile-2-x-1ml\/","og_locale":"es_MX","og_type":"article","og_title":"Buy REN\u00c9E Smile (2 x 1ml) - Fillers from My Lip Filler","og_description":"\u2765Buy REN\u00c9E Smile (2 x 1ml) \u23e9 My Lip Filler online store \u27a6 Quality assurance, reviews, ingredients, best prices!","og_url":"https:\/\/mylipfiller.com\/es\/renee-smile-2-x-1ml\/","og_site_name":"My Lip Filler","og_image":[{"width":600,"height":600,"url":"https:\/\/cdn.mylipfiller.com\/wp-content\/uploads\/2025\/06\/Renee-Smile.jpg","type":"image\/jpeg"}],"twitter_card":"summary_large_image","twitter_misc":{"Tiempo de lectura":"2 minutos"},"schema":{"@context":"https:\/\/schema.org","@graph":[{"@type":"WebPage","@id":"https:\/\/mylipfiller.com\/renee-smile-2-x-1ml\/","url":"https:\/\/mylipfiller.com\/renee-smile-2-x-1ml\/","name":"Comprar REN\u00c9E Smile (2 x 1 ml) - Rellenos de My Lip Filler","isPartOf":{"@id":"https:\/\/mylipfiller.com\/#website"},"primaryImageOfPage":{"@id":"https:\/\/mylipfiller.com\/renee-smile-2-x-1ml\/#primaryimage"},"image":{"@id":"https:\/\/mylipfiller.com\/renee-smile-2-x-1ml\/#primaryimage"},"thumbnailUrl":"https:\/\/cdn.mylipfiller.com\/wp-content\/uploads\/2025\/06\/Renee-Smile.jpg","datePublished":"2025-06-06T13:08:10+00:00","description":"\u2765Comprar REN\u00c9E Smile (2 x 1ml) \u23e9 Mi tienda online de Lip Filler \u27a6 \u00a1Garant\u00eda de calidad, opiniones, ingredientes, mejores precios!","breadcrumb":{"@id":"https:\/\/mylipfiller.com\/renee-smile-2-x-1ml\/#breadcrumb"},"inLanguage":"es","potentialAction":[{"@type":"ReadAction","target":["https:\/\/mylipfiller.com\/renee-smile-2-x-1ml\/"]}]},{"@type":"ImageObject","inLanguage":"es","@id":"https:\/\/mylipfiller.com\/renee-smile-2-x-1ml\/#primaryimage","url":"https:\/\/cdn.mylipfiller.com\/wp-content\/uploads\/2025\/06\/Renee-Smile.jpg","contentUrl":"https:\/\/cdn.mylipfiller.com\/wp-content\/uploads\/2025\/06\/Renee-Smile.jpg","width":600,"height":600,"caption":"Renee Smile"},{"@type":"BreadcrumbList","@id":"https:\/\/mylipfiller.com\/renee-smile-2-x-1ml\/#breadcrumb","itemListElement":[{"@type":"ListItem","position":1,"name":"Home","item":"https:\/\/mylipfiller.com\/"},{"@type":"ListItem","position":2,"name":"Shop","item":"https:\/\/mylipfiller.com\/shop\/"},{"@type":"ListItem","position":3,"name":"REN\u00c9E Smile (2 x 1ml)"}]},{"@type":"WebSite","@id":"https:\/\/mylipfiller.com\/#website","url":"https:\/\/mylipfiller.com\/","name":"Mi relleno de labios","description":"Rellenos d\u00e9rmicos y de labios con \u00e1cido hialur\u00f3nico","publisher":{"@id":"https:\/\/mylipfiller.com\/#organization"},"potentialAction":[{"@type":"SearchAction","target":{"@type":"EntryPoint","urlTemplate":"https:\/\/mylipfiller.com\/?s={search_term_string}"},"query-input":{"@type":"PropertyValueSpecification","valueRequired":true,"valueName":"search_term_string"}}],"inLanguage":"es"},{"@type":"Organization","@id":"https:\/\/mylipfiller.com\/#organization","name":"Mi relleno de labios","url":"https:\/\/mylipfiller.com\/","logo":{"@type":"ImageObject","inLanguage":"es","@id":"https:\/\/mylipfiller.com\/#\/schema\/logo\/image\/","url":"https:\/\/cdn.mylipfiller.com\/wp-content\/uploads\/2019\/02\/cropped-My-Lip-Filler-Logo.png","contentUrl":"https:\/\/cdn.mylipfiller.com\/wp-content\/uploads\/2019\/02\/cropped-My-Lip-Filler-Logo.png","width":240,"height":88,"caption":"My Lip Filler"},"image":{"@id":"https:\/\/mylipfiller.com\/#\/schema\/logo\/image\/"}}]}},"_links":{"self":[{"href":"https:\/\/mylipfiller.com\/es\/wp-json\/wp\/v2\/product\/42408","targetHints":{"allow":["GET"]}}],"collection":[{"href":"https:\/\/mylipfiller.com\/es\/wp-json\/wp\/v2\/product"}],"about":[{"href":"https:\/\/mylipfiller.com\/es\/wp-json\/wp\/v2\/types\/product"}],"wp:featuredmedia":[{"embeddable":true,"href":"https:\/\/mylipfiller.com\/es\/wp-json\/wp\/v2\/media\/42406"}],"wp:attachment":[{"href":"https:\/\/mylipfiller.com\/es\/wp-json\/wp\/v2\/media?parent=42408"}],"wp:term":[{"taxonomy":"product_brand","embeddable":true,"href":"https:\/\/mylipfiller.com\/es\/wp-json\/wp\/v2\/product_brand?post=42408"},{"taxonomy":"product_cat","embeddable":true,"href":"https:\/\/mylipfiller.com\/es\/wp-json\/wp\/v2\/product_cat?post=42408"},{"taxonomy":"product_tag","embeddable":true,"href":"https:\/\/mylipfiller.com\/es\/wp-json\/wp\/v2\/product_tag?post=42408"}],"curies":[{"name":"gracias","href":"https:\/\/api.w.org\/{rel}","templated":true}]}}