{"id":42409,"date":"2025-06-06T15:08:10","date_gmt":"2025-06-06T13:08:10","guid":{"rendered":"https:\/\/mylipfiller.com\/?post_type=product&#038;p=42409"},"modified":"2025-06-06T15:08:10","modified_gmt":"2025-06-06T13:08:10","slug":"renee-touch-2-x-1ml","status":"publish","type":"product","link":"https:\/\/mylipfiller.com\/es\/renee-touch-2-x-1ml\/","title":{"rendered":"REN\u00c9E Touch (2 x 1 ml)"},"content":{"rendered":"<p>A diferencia de otros rellenos de arrugas superficiales o moderadas, REN\u00c9E Touch ofrece una mayor durabilidad. Est\u00e1 dise\u00f1ado a medida para rellenar y suavizar las l\u00edneas de expresi\u00f3n menos pronunciadas durante un per\u00edodo prolongado. Esto se debe en parte a la mayor concentraci\u00f3n de \u00e1cido hialur\u00f3nico (24 mg\/ml, poco com\u00fan en los rellenos suaves). Adem\u00e1s, su f\u00f3rmula en gel combina el poder del \u00e1cido hialur\u00f3nico con amino\u00e1cidos que amplifican su efecto. La glicina y la prolina no solo aumentan la estabilidad y la resistencia del gel hialur\u00f3nico, sino que tambi\u00e9n contribuyen a la luminosidad y el rejuvenecimiento de la piel.<\/p>\n<p>Este relleno cut\u00e1neo est\u00e1 dise\u00f1ado para tratar las zonas m\u00e1s delicadas del rostro y las \u00e1reas sensibles como las patas de gallo y las l\u00edneas finas o moderadas en la frente y la zona nasolabial. Su gel es cohesivo, suave y duradero, y a la vez, suave y se integra f\u00e1cilmente con los tejidos circundantes. Renee Touch es muy f\u00e1cil de usar y su estructura monof\u00e1sica minimiza los hematomas y las molestias habituales tras el tratamiento con relleno.<\/p>\n<p>Es un relleno preferido por dermat\u00f3logos y profesionales del cuidado de la piel con licencia. La hinchaz\u00f3n y las molestias generales despu\u00e9s del procedimiento son m\u00ednimas, mientras que su dise\u00f1o bi\u00f3nico garantiza la ausencia de grumos y un resultado totalmente natural. Con el relleno REN\u00c9E Touch, es m\u00e1s f\u00e1cil ofrecer un plan de tratamiento antiarrugas m\u00e1s individualizado y personalizado, que puede ofrecer una soluci\u00f3n duradera para el envejecimiento de la piel.<\/p>","protected":false},"excerpt":{"rendered":"<p>&nbsp;<\/p>\n<p>Ideal para suavizar arrugas y l\u00edneas de expresi\u00f3n finas a moderadas, REN\u00c9E Touch es un relleno d\u00e9rmico suave con una alta concentraci\u00f3n de \u00e1cido hialur\u00f3nico (24 mg por ml de gel reticulado). Se adapta perfectamente a las depresiones cut\u00e1neas asociadas a la edad y se integra con los tejidos d\u00e9rmicos locales para un efecto de alisado uniforme de la superficie cut\u00e1nea. Su excelente elasticidad y viscosidad convierten a REN\u00c9E Touch en uno de los mejores rellenos de arrugas del mercado.<\/p>","protected":false},"featured_media":42402,"template":"","meta":{"_acf_changed":false},"product_brand":[],"product_cat":[33,200],"product_tag":[144,111,112,128,151,133,107],"class_list":{"0":"post-42409","1":"product","2":"type-product","3":"status-publish","4":"has-post-thumbnail","6":"product_cat-lip","7":"product_cat-renee","8":"product_tag-anti-wrinkle","9":"product_tag-face","10":"product_tag-forehead","11":"product_tag-forehead-wrinkles","12":"product_tag-hyaluronic-acid-ha-fillers","13":"product_tag-marionette-lines","14":"product_tag-nasolabial-folds","16":"first","17":"instock","18":"taxable","19":"shipping-taxable","20":"purchasable","21":"product-type-simple"},"acf":[],"yoast_head":"<!-- This site is optimized with the Yoast SEO plugin v27.3 - https:\/\/yoast.com\/product\/yoast-seo-wordpress\/ -->\n<title>Buy REN\u00c9E Touch (2 x 1ml) - Fillers from My Lip Filler<\/title>\n<meta name=\"description\" content=\"\u2765Buy REN\u00c9E Touch (2 x 1ml) \u23e9 My Lip Filler online store \u27a6 Quality assurance, reviews, ingredients, best prices!\" \/>\n<meta name=\"robots\" content=\"index, follow, max-snippet:-1, max-image-preview:large, max-video-preview:-1\" \/>\n<link rel=\"canonical\" href=\"https:\/\/mylipfiller.com\/es\/renee-touch-2-x-1ml\/\" \/>\n<meta property=\"og:locale\" content=\"es_MX\" \/>\n<meta property=\"og:type\" content=\"article\" \/>\n<meta property=\"og:title\" content=\"Buy REN\u00c9E Touch (2 x 1ml) - Fillers from My Lip Filler\" \/>\n<meta property=\"og:description\" content=\"\u2765Buy REN\u00c9E Touch (2 x 1ml) \u23e9 My Lip Filler online store \u27a6 Quality assurance, reviews, ingredients, best prices!\" \/>\n<meta property=\"og:url\" content=\"https:\/\/mylipfiller.com\/es\/renee-touch-2-x-1ml\/\" \/>\n<meta property=\"og:site_name\" content=\"My Lip Filler\" \/>\n<meta property=\"og:image\" content=\"https:\/\/cdn.mylipfiller.com\/wp-content\/uploads\/2025\/06\/Renee-Touch.jpg\" \/>\n\t<meta property=\"og:image:width\" content=\"600\" \/>\n\t<meta property=\"og:image:height\" content=\"600\" \/>\n\t<meta property=\"og:image:type\" content=\"image\/jpeg\" \/>\n<meta name=\"twitter:card\" content=\"summary_large_image\" \/>\n<meta name=\"twitter:label1\" content=\"Tiempo de lectura\" \/>\n\t<meta name=\"twitter:data1\" content=\"2 minutos\" \/>\n<script type=\"application\/ld+json\" class=\"yoast-schema-graph\">{\"@context\":\"https:\\\/\\\/schema.org\",\"@graph\":[{\"@type\":\"WebPage\",\"@id\":\"https:\\\/\\\/mylipfiller.com\\\/renee-touch-2-x-1ml\\\/\",\"url\":\"https:\\\/\\\/mylipfiller.com\\\/renee-touch-2-x-1ml\\\/\",\"name\":\"Buy REN\u00c9E Touch (2 x 1ml) - Fillers from My Lip Filler\",\"isPartOf\":{\"@id\":\"https:\\\/\\\/mylipfiller.com\\\/#website\"},\"primaryImageOfPage\":{\"@id\":\"https:\\\/\\\/mylipfiller.com\\\/renee-touch-2-x-1ml\\\/#primaryimage\"},\"image\":{\"@id\":\"https:\\\/\\\/mylipfiller.com\\\/renee-touch-2-x-1ml\\\/#primaryimage\"},\"thumbnailUrl\":\"https:\\\/\\\/mylipfiller.com\\\/wp-content\\\/uploads\\\/2025\\\/06\\\/Renee-Touch.jpg\",\"datePublished\":\"2025-06-06T13:08:10+00:00\",\"description\":\"\u2765Buy REN\u00c9E Touch (2 x 1ml) \u23e9 My Lip Filler online store \u27a6 Quality assurance, reviews, ingredients, best prices!\",\"breadcrumb\":{\"@id\":\"https:\\\/\\\/mylipfiller.com\\\/renee-touch-2-x-1ml\\\/#breadcrumb\"},\"inLanguage\":\"es\",\"potentialAction\":[{\"@type\":\"ReadAction\",\"target\":[\"https:\\\/\\\/mylipfiller.com\\\/renee-touch-2-x-1ml\\\/\"]}]},{\"@type\":\"ImageObject\",\"inLanguage\":\"es\",\"@id\":\"https:\\\/\\\/mylipfiller.com\\\/renee-touch-2-x-1ml\\\/#primaryimage\",\"url\":\"https:\\\/\\\/mylipfiller.com\\\/wp-content\\\/uploads\\\/2025\\\/06\\\/Renee-Touch.jpg\",\"contentUrl\":\"https:\\\/\\\/mylipfiller.com\\\/wp-content\\\/uploads\\\/2025\\\/06\\\/Renee-Touch.jpg\",\"width\":600,\"height\":600,\"caption\":\"Renee Touch\"},{\"@type\":\"BreadcrumbList\",\"@id\":\"https:\\\/\\\/mylipfiller.com\\\/renee-touch-2-x-1ml\\\/#breadcrumb\",\"itemListElement\":[{\"@type\":\"ListItem\",\"position\":1,\"name\":\"Home\",\"item\":\"https:\\\/\\\/mylipfiller.com\\\/\"},{\"@type\":\"ListItem\",\"position\":2,\"name\":\"Shop\",\"item\":\"https:\\\/\\\/mylipfiller.com\\\/shop\\\/\"},{\"@type\":\"ListItem\",\"position\":3,\"name\":\"REN\u00c9E Touch (2 x 1ml)\"}]},{\"@type\":\"WebSite\",\"@id\":\"https:\\\/\\\/mylipfiller.com\\\/#website\",\"url\":\"https:\\\/\\\/mylipfiller.com\\\/\",\"name\":\"My Lip Filler\",\"description\":\"Hyaluronic Acid Lip and Dermal Fillers\",\"publisher\":{\"@id\":\"https:\\\/\\\/mylipfiller.com\\\/#organization\"},\"potentialAction\":[{\"@type\":\"SearchAction\",\"target\":{\"@type\":\"EntryPoint\",\"urlTemplate\":\"https:\\\/\\\/mylipfiller.com\\\/?s={search_term_string}\"},\"query-input\":{\"@type\":\"PropertyValueSpecification\",\"valueRequired\":true,\"valueName\":\"search_term_string\"}}],\"inLanguage\":\"es\"},{\"@type\":\"Organization\",\"@id\":\"https:\\\/\\\/mylipfiller.com\\\/#organization\",\"name\":\"My Lip Filler\",\"url\":\"https:\\\/\\\/mylipfiller.com\\\/\",\"logo\":{\"@type\":\"ImageObject\",\"inLanguage\":\"es\",\"@id\":\"https:\\\/\\\/mylipfiller.com\\\/#\\\/schema\\\/logo\\\/image\\\/\",\"url\":\"https:\\\/\\\/mylipfiller.com\\\/wp-content\\\/uploads\\\/2019\\\/02\\\/cropped-My-Lip-Filler-Logo.png\",\"contentUrl\":\"https:\\\/\\\/mylipfiller.com\\\/wp-content\\\/uploads\\\/2019\\\/02\\\/cropped-My-Lip-Filler-Logo.png\",\"width\":240,\"height\":88,\"caption\":\"My Lip Filler\"},\"image\":{\"@id\":\"https:\\\/\\\/mylipfiller.com\\\/#\\\/schema\\\/logo\\\/image\\\/\"}}]}<\/script>\n<!-- \/ Yoast SEO plugin. -->","yoast_head_json":{"title":"Comprar REN\u00c9E Touch (2 x 1 ml) - Rellenos de My Lip Filler","description":"\u2765Comprar REN\u00c9E Touch (2 x 1ml) \u23e9 Mi tienda online de Lip Filler \u27a6 \u00a1Garant\u00eda de calidad, opiniones, ingredientes, mejores precios!","robots":{"index":"index","follow":"follow","max-snippet":"max-snippet:-1","max-image-preview":"max-image-preview:large","max-video-preview":"max-video-preview:-1"},"canonical":"https:\/\/mylipfiller.com\/es\/renee-touch-2-x-1ml\/","og_locale":"es_MX","og_type":"article","og_title":"Buy REN\u00c9E Touch (2 x 1ml) - Fillers from My Lip Filler","og_description":"\u2765Buy REN\u00c9E Touch (2 x 1ml) \u23e9 My Lip Filler online store \u27a6 Quality assurance, reviews, ingredients, best prices!","og_url":"https:\/\/mylipfiller.com\/es\/renee-touch-2-x-1ml\/","og_site_name":"My Lip Filler","og_image":[{"width":600,"height":600,"url":"https:\/\/cdn.mylipfiller.com\/wp-content\/uploads\/2025\/06\/Renee-Touch.jpg","type":"image\/jpeg"}],"twitter_card":"summary_large_image","twitter_misc":{"Tiempo de lectura":"2 minutos"},"schema":{"@context":"https:\/\/schema.org","@graph":[{"@type":"WebPage","@id":"https:\/\/mylipfiller.com\/renee-touch-2-x-1ml\/","url":"https:\/\/mylipfiller.com\/renee-touch-2-x-1ml\/","name":"Comprar REN\u00c9E Touch (2 x 1 ml) - Rellenos de My Lip Filler","isPartOf":{"@id":"https:\/\/mylipfiller.com\/#website"},"primaryImageOfPage":{"@id":"https:\/\/mylipfiller.com\/renee-touch-2-x-1ml\/#primaryimage"},"image":{"@id":"https:\/\/mylipfiller.com\/renee-touch-2-x-1ml\/#primaryimage"},"thumbnailUrl":"https:\/\/cdn.mylipfiller.com\/wp-content\/uploads\/2025\/06\/Renee-Touch.jpg","datePublished":"2025-06-06T13:08:10+00:00","description":"\u2765Comprar REN\u00c9E Touch (2 x 1ml) \u23e9 Mi tienda online de Lip Filler \u27a6 \u00a1Garant\u00eda de calidad, opiniones, ingredientes, mejores precios!","breadcrumb":{"@id":"https:\/\/mylipfiller.com\/renee-touch-2-x-1ml\/#breadcrumb"},"inLanguage":"es","potentialAction":[{"@type":"ReadAction","target":["https:\/\/mylipfiller.com\/renee-touch-2-x-1ml\/"]}]},{"@type":"ImageObject","inLanguage":"es","@id":"https:\/\/mylipfiller.com\/renee-touch-2-x-1ml\/#primaryimage","url":"https:\/\/cdn.mylipfiller.com\/wp-content\/uploads\/2025\/06\/Renee-Touch.jpg","contentUrl":"https:\/\/cdn.mylipfiller.com\/wp-content\/uploads\/2025\/06\/Renee-Touch.jpg","width":600,"height":600,"caption":"Renee Touch"},{"@type":"BreadcrumbList","@id":"https:\/\/mylipfiller.com\/renee-touch-2-x-1ml\/#breadcrumb","itemListElement":[{"@type":"ListItem","position":1,"name":"Home","item":"https:\/\/mylipfiller.com\/"},{"@type":"ListItem","position":2,"name":"Shop","item":"https:\/\/mylipfiller.com\/shop\/"},{"@type":"ListItem","position":3,"name":"REN\u00c9E Touch (2 x 1ml)"}]},{"@type":"WebSite","@id":"https:\/\/mylipfiller.com\/#website","url":"https:\/\/mylipfiller.com\/","name":"Mi relleno de labios","description":"Rellenos d\u00e9rmicos y de labios con \u00e1cido hialur\u00f3nico","publisher":{"@id":"https:\/\/mylipfiller.com\/#organization"},"potentialAction":[{"@type":"SearchAction","target":{"@type":"EntryPoint","urlTemplate":"https:\/\/mylipfiller.com\/?s={search_term_string}"},"query-input":{"@type":"PropertyValueSpecification","valueRequired":true,"valueName":"search_term_string"}}],"inLanguage":"es"},{"@type":"Organization","@id":"https:\/\/mylipfiller.com\/#organization","name":"Mi relleno de labios","url":"https:\/\/mylipfiller.com\/","logo":{"@type":"ImageObject","inLanguage":"es","@id":"https:\/\/mylipfiller.com\/#\/schema\/logo\/image\/","url":"https:\/\/cdn.mylipfiller.com\/wp-content\/uploads\/2019\/02\/cropped-My-Lip-Filler-Logo.png","contentUrl":"https:\/\/cdn.mylipfiller.com\/wp-content\/uploads\/2019\/02\/cropped-My-Lip-Filler-Logo.png","width":240,"height":88,"caption":"My Lip Filler"},"image":{"@id":"https:\/\/mylipfiller.com\/#\/schema\/logo\/image\/"}}]}},"_links":{"self":[{"href":"https:\/\/mylipfiller.com\/es\/wp-json\/wp\/v2\/product\/42409","targetHints":{"allow":["GET"]}}],"collection":[{"href":"https:\/\/mylipfiller.com\/es\/wp-json\/wp\/v2\/product"}],"about":[{"href":"https:\/\/mylipfiller.com\/es\/wp-json\/wp\/v2\/types\/product"}],"wp:featuredmedia":[{"embeddable":true,"href":"https:\/\/mylipfiller.com\/es\/wp-json\/wp\/v2\/media\/42402"}],"wp:attachment":[{"href":"https:\/\/mylipfiller.com\/es\/wp-json\/wp\/v2\/media?parent=42409"}],"wp:term":[{"taxonomy":"product_brand","embeddable":true,"href":"https:\/\/mylipfiller.com\/es\/wp-json\/wp\/v2\/product_brand?post=42409"},{"taxonomy":"product_cat","embeddable":true,"href":"https:\/\/mylipfiller.com\/es\/wp-json\/wp\/v2\/product_cat?post=42409"},{"taxonomy":"product_tag","embeddable":true,"href":"https:\/\/mylipfiller.com\/es\/wp-json\/wp\/v2\/product_tag?post=42409"}],"curies":[{"name":"gracias","href":"https:\/\/api.w.org\/{rel}","templated":true}]}}