{"id":42410,"date":"2025-06-06T15:08:10","date_gmt":"2025-06-06T13:08:10","guid":{"rendered":"https:\/\/mylipfiller.com\/?post_type=product&#038;p=42410"},"modified":"2025-06-06T15:08:11","modified_gmt":"2025-06-06T13:08:11","slug":"renee-lift-2-x-1ml","status":"publish","type":"product","link":"https:\/\/mylipfiller.com\/es\/renee-lift-2-x-1ml\/","title":{"rendered":"REN\u00c9E Lift (2 x 1 ml)"},"content":{"rendered":"<p>Este es uno de los rellenos de mayor densidad de la l\u00ednea de productos REN\u00c9E. Su concentraci\u00f3n de \u00e1cido hialur\u00f3nico es de 26 mg\/ml, lo que significa que hidrata la piel desde el interior, a la vez que suaviza los pliegues y arrugas m\u00e1s profundos.<\/p>\n<p>El nombre de REN\u00c9E Lift no es casualidad: tambi\u00e9n ayuda a la dermis estructuralmente. A medida que la piel envejece, los tejidos de soporte pierden fuerza y la dermis superior comienza a descolgarse. Para solucionar esto, este relleno denso proporciona un efecto lifting visible y estabiliza los tejidos superficiales localmente, alisando las arrugas visibles en la superficie de la piel.<\/p>\n<p>La f\u00f3rmula en gel bi\u00f3nico de REN\u00c9E Lift est\u00e1 estabilizada con dos amino\u00e1cidos esenciales: prolina y glicina. Estos mejoran su durabilidad, facilitan su integraci\u00f3n con los tejidos de la dermis y mejoran visiblemente la salud y la luminosidad de la piel.<\/p>\n<p>REN\u00c9E Lift es un producto excelente para tratar depresiones cut\u00e1neas muy profundas, como los surcos nasolabiales, y tambi\u00e9n arrugas profundas en otras zonas del rostro. No solo proporciona una restauraci\u00f3n inmediata del volumen, sino que, al disolverse lentamente en la piel, proporciona un efecto revitalizante a largo plazo, gracias a la absorci\u00f3n del \u00e1cido hialur\u00f3nico, la prolina y la glicina en la dermis.<\/p>\n<p>Gracias a su estructura monof\u00e1sica, el gel de AH de Renee Lift es uno de los rellenos d\u00e9rmicos para arrugas y pliegues profundos m\u00e1s f\u00e1ciles de usar disponibles en el mercado. Es una de las soluciones de voluminizaci\u00f3n de la piel preferidas por dermat\u00f3logos y otros profesionales de la belleza con licencia.<\/p>","protected":false},"excerpt":{"rendered":"<p>Cuando se requiere un gel de relleno para el tratamiento y la eliminaci\u00f3n de pliegues y arrugas profundas y pronunciadas, se puede utilizar REN\u00c9E Lift, un relleno d\u00e9rmico a base de \u00e1cido hialur\u00f3nico (28 mg\/ml) y amino\u00e1cidos (prolina y glicina). Su densidad y estabilidad lo convierten en el relleno perfecto para tratar depresiones cut\u00e1neas especialmente visibles y la falta o p\u00e9rdida de volumen d\u00e9rmico superficial.<\/p>","protected":false},"featured_media":42404,"template":"","meta":{"_acf_changed":false},"product_brand":[],"product_cat":[34,200],"product_tag":[144,128,118,151,141,133,107],"class_list":{"0":"post-42410","1":"product","2":"type-product","3":"status-publish","4":"has-post-thumbnail","6":"product_cat-hard","7":"product_cat-renee","8":"product_tag-anti-wrinkle","9":"product_tag-forehead-wrinkles","10":"product_tag-high-density","11":"product_tag-hyaluronic-acid-ha-fillers","12":"product_tag-lifting","13":"product_tag-marionette-lines","14":"product_tag-nasolabial-folds","16":"first","17":"instock","18":"taxable","19":"shipping-taxable","20":"purchasable","21":"product-type-simple"},"acf":[],"yoast_head":"<!-- This site is optimized with the Yoast SEO plugin v27.3 - https:\/\/yoast.com\/product\/yoast-seo-wordpress\/ -->\n<title>Buy REN\u00c9E Lift (2 x 1ml) - Fillers from My Lip Filler<\/title>\n<meta name=\"description\" content=\"\u2765Buy REN\u00c9E Lift (2 x 1ml) \u23e9 My Lip Filler online store \u27a6 Quality assurance, reviews, ingredients, best prices!\" \/>\n<meta name=\"robots\" content=\"index, follow, max-snippet:-1, max-image-preview:large, max-video-preview:-1\" \/>\n<link rel=\"canonical\" href=\"https:\/\/mylipfiller.com\/es\/renee-lift-2-x-1ml\/\" \/>\n<meta property=\"og:locale\" content=\"es_MX\" \/>\n<meta property=\"og:type\" content=\"article\" \/>\n<meta property=\"og:title\" content=\"Buy REN\u00c9E Lift (2 x 1ml) - Fillers from My Lip Filler\" \/>\n<meta property=\"og:description\" content=\"\u2765Buy REN\u00c9E Lift (2 x 1ml) \u23e9 My Lip Filler online store \u27a6 Quality assurance, reviews, ingredients, best prices!\" \/>\n<meta property=\"og:url\" content=\"https:\/\/mylipfiller.com\/es\/renee-lift-2-x-1ml\/\" \/>\n<meta property=\"og:site_name\" content=\"My Lip Filler\" \/>\n<meta property=\"article:modified_time\" content=\"2025-06-06T13:08:11+00:00\" \/>\n<meta property=\"og:image\" content=\"https:\/\/cdn.mylipfiller.com\/wp-content\/uploads\/2025\/06\/Renee-Lift.jpg\" \/>\n\t<meta property=\"og:image:width\" content=\"600\" \/>\n\t<meta property=\"og:image:height\" content=\"600\" \/>\n\t<meta property=\"og:image:type\" content=\"image\/jpeg\" \/>\n<meta name=\"twitter:card\" content=\"summary_large_image\" \/>\n<meta name=\"twitter:label1\" content=\"Tiempo de lectura\" \/>\n\t<meta name=\"twitter:data1\" content=\"2 minutos\" \/>\n<script type=\"application\/ld+json\" class=\"yoast-schema-graph\">{\"@context\":\"https:\\\/\\\/schema.org\",\"@graph\":[{\"@type\":\"WebPage\",\"@id\":\"https:\\\/\\\/mylipfiller.com\\\/renee-lift-2-x-1ml\\\/\",\"url\":\"https:\\\/\\\/mylipfiller.com\\\/renee-lift-2-x-1ml\\\/\",\"name\":\"Buy REN\u00c9E Lift (2 x 1ml) - Fillers from My Lip Filler\",\"isPartOf\":{\"@id\":\"https:\\\/\\\/mylipfiller.com\\\/#website\"},\"primaryImageOfPage\":{\"@id\":\"https:\\\/\\\/mylipfiller.com\\\/renee-lift-2-x-1ml\\\/#primaryimage\"},\"image\":{\"@id\":\"https:\\\/\\\/mylipfiller.com\\\/renee-lift-2-x-1ml\\\/#primaryimage\"},\"thumbnailUrl\":\"https:\\\/\\\/mylipfiller.com\\\/wp-content\\\/uploads\\\/2025\\\/06\\\/Renee-Lift.jpg\",\"datePublished\":\"2025-06-06T13:08:10+00:00\",\"dateModified\":\"2025-06-06T13:08:11+00:00\",\"description\":\"\u2765Buy REN\u00c9E Lift (2 x 1ml) \u23e9 My Lip Filler online store \u27a6 Quality assurance, reviews, ingredients, best prices!\",\"breadcrumb\":{\"@id\":\"https:\\\/\\\/mylipfiller.com\\\/renee-lift-2-x-1ml\\\/#breadcrumb\"},\"inLanguage\":\"es\",\"potentialAction\":[{\"@type\":\"ReadAction\",\"target\":[\"https:\\\/\\\/mylipfiller.com\\\/renee-lift-2-x-1ml\\\/\"]}]},{\"@type\":\"ImageObject\",\"inLanguage\":\"es\",\"@id\":\"https:\\\/\\\/mylipfiller.com\\\/renee-lift-2-x-1ml\\\/#primaryimage\",\"url\":\"https:\\\/\\\/mylipfiller.com\\\/wp-content\\\/uploads\\\/2025\\\/06\\\/Renee-Lift.jpg\",\"contentUrl\":\"https:\\\/\\\/mylipfiller.com\\\/wp-content\\\/uploads\\\/2025\\\/06\\\/Renee-Lift.jpg\",\"width\":600,\"height\":600,\"caption\":\"Renee Lift\"},{\"@type\":\"BreadcrumbList\",\"@id\":\"https:\\\/\\\/mylipfiller.com\\\/renee-lift-2-x-1ml\\\/#breadcrumb\",\"itemListElement\":[{\"@type\":\"ListItem\",\"position\":1,\"name\":\"Home\",\"item\":\"https:\\\/\\\/mylipfiller.com\\\/\"},{\"@type\":\"ListItem\",\"position\":2,\"name\":\"Shop\",\"item\":\"https:\\\/\\\/mylipfiller.com\\\/shop\\\/\"},{\"@type\":\"ListItem\",\"position\":3,\"name\":\"REN\u00c9E Lift (2 x 1ml)\"}]},{\"@type\":\"WebSite\",\"@id\":\"https:\\\/\\\/mylipfiller.com\\\/#website\",\"url\":\"https:\\\/\\\/mylipfiller.com\\\/\",\"name\":\"My Lip Filler\",\"description\":\"Hyaluronic Acid Lip and Dermal Fillers\",\"publisher\":{\"@id\":\"https:\\\/\\\/mylipfiller.com\\\/#organization\"},\"potentialAction\":[{\"@type\":\"SearchAction\",\"target\":{\"@type\":\"EntryPoint\",\"urlTemplate\":\"https:\\\/\\\/mylipfiller.com\\\/?s={search_term_string}\"},\"query-input\":{\"@type\":\"PropertyValueSpecification\",\"valueRequired\":true,\"valueName\":\"search_term_string\"}}],\"inLanguage\":\"es\"},{\"@type\":\"Organization\",\"@id\":\"https:\\\/\\\/mylipfiller.com\\\/#organization\",\"name\":\"My Lip Filler\",\"url\":\"https:\\\/\\\/mylipfiller.com\\\/\",\"logo\":{\"@type\":\"ImageObject\",\"inLanguage\":\"es\",\"@id\":\"https:\\\/\\\/mylipfiller.com\\\/#\\\/schema\\\/logo\\\/image\\\/\",\"url\":\"https:\\\/\\\/mylipfiller.com\\\/wp-content\\\/uploads\\\/2019\\\/02\\\/cropped-My-Lip-Filler-Logo.png\",\"contentUrl\":\"https:\\\/\\\/mylipfiller.com\\\/wp-content\\\/uploads\\\/2019\\\/02\\\/cropped-My-Lip-Filler-Logo.png\",\"width\":240,\"height\":88,\"caption\":\"My Lip Filler\"},\"image\":{\"@id\":\"https:\\\/\\\/mylipfiller.com\\\/#\\\/schema\\\/logo\\\/image\\\/\"}}]}<\/script>\n<!-- \/ Yoast SEO plugin. -->","yoast_head_json":{"title":"Comprar REN\u00c9E Lift (2 x 1 ml) - Rellenos de My Lip Filler","description":"\u2765Comprar REN\u00c9E Lift (2 x 1ml) \u23e9 Mi tienda online de Lip Filler \u27a6 \u00a1Garant\u00eda de calidad, opiniones, ingredientes, mejores precios!","robots":{"index":"index","follow":"follow","max-snippet":"max-snippet:-1","max-image-preview":"max-image-preview:large","max-video-preview":"max-video-preview:-1"},"canonical":"https:\/\/mylipfiller.com\/es\/renee-lift-2-x-1ml\/","og_locale":"es_MX","og_type":"article","og_title":"Buy REN\u00c9E Lift (2 x 1ml) - Fillers from My Lip Filler","og_description":"\u2765Buy REN\u00c9E Lift (2 x 1ml) \u23e9 My Lip Filler online store \u27a6 Quality assurance, reviews, ingredients, best prices!","og_url":"https:\/\/mylipfiller.com\/es\/renee-lift-2-x-1ml\/","og_site_name":"My Lip Filler","article_modified_time":"2025-06-06T13:08:11+00:00","og_image":[{"width":600,"height":600,"url":"https:\/\/cdn.mylipfiller.com\/wp-content\/uploads\/2025\/06\/Renee-Lift.jpg","type":"image\/jpeg"}],"twitter_card":"summary_large_image","twitter_misc":{"Tiempo de lectura":"2 minutos"},"schema":{"@context":"https:\/\/schema.org","@graph":[{"@type":"WebPage","@id":"https:\/\/mylipfiller.com\/renee-lift-2-x-1ml\/","url":"https:\/\/mylipfiller.com\/renee-lift-2-x-1ml\/","name":"Comprar REN\u00c9E Lift (2 x 1 ml) - Rellenos de My Lip Filler","isPartOf":{"@id":"https:\/\/mylipfiller.com\/#website"},"primaryImageOfPage":{"@id":"https:\/\/mylipfiller.com\/renee-lift-2-x-1ml\/#primaryimage"},"image":{"@id":"https:\/\/mylipfiller.com\/renee-lift-2-x-1ml\/#primaryimage"},"thumbnailUrl":"https:\/\/cdn.mylipfiller.com\/wp-content\/uploads\/2025\/06\/Renee-Lift.jpg","datePublished":"2025-06-06T13:08:10+00:00","dateModified":"2025-06-06T13:08:11+00:00","description":"\u2765Comprar REN\u00c9E Lift (2 x 1ml) \u23e9 Mi tienda online de Lip Filler \u27a6 \u00a1Garant\u00eda de calidad, opiniones, ingredientes, mejores precios!","breadcrumb":{"@id":"https:\/\/mylipfiller.com\/renee-lift-2-x-1ml\/#breadcrumb"},"inLanguage":"es","potentialAction":[{"@type":"ReadAction","target":["https:\/\/mylipfiller.com\/renee-lift-2-x-1ml\/"]}]},{"@type":"ImageObject","inLanguage":"es","@id":"https:\/\/mylipfiller.com\/renee-lift-2-x-1ml\/#primaryimage","url":"https:\/\/cdn.mylipfiller.com\/wp-content\/uploads\/2025\/06\/Renee-Lift.jpg","contentUrl":"https:\/\/cdn.mylipfiller.com\/wp-content\/uploads\/2025\/06\/Renee-Lift.jpg","width":600,"height":600,"caption":"Renee Lift"},{"@type":"BreadcrumbList","@id":"https:\/\/mylipfiller.com\/renee-lift-2-x-1ml\/#breadcrumb","itemListElement":[{"@type":"ListItem","position":1,"name":"Home","item":"https:\/\/mylipfiller.com\/"},{"@type":"ListItem","position":2,"name":"Shop","item":"https:\/\/mylipfiller.com\/shop\/"},{"@type":"ListItem","position":3,"name":"REN\u00c9E Lift (2 x 1ml)"}]},{"@type":"WebSite","@id":"https:\/\/mylipfiller.com\/#website","url":"https:\/\/mylipfiller.com\/","name":"Mi relleno de labios","description":"Rellenos d\u00e9rmicos y de labios con \u00e1cido hialur\u00f3nico","publisher":{"@id":"https:\/\/mylipfiller.com\/#organization"},"potentialAction":[{"@type":"SearchAction","target":{"@type":"EntryPoint","urlTemplate":"https:\/\/mylipfiller.com\/?s={search_term_string}"},"query-input":{"@type":"PropertyValueSpecification","valueRequired":true,"valueName":"search_term_string"}}],"inLanguage":"es"},{"@type":"Organization","@id":"https:\/\/mylipfiller.com\/#organization","name":"Mi relleno de labios","url":"https:\/\/mylipfiller.com\/","logo":{"@type":"ImageObject","inLanguage":"es","@id":"https:\/\/mylipfiller.com\/#\/schema\/logo\/image\/","url":"https:\/\/cdn.mylipfiller.com\/wp-content\/uploads\/2019\/02\/cropped-My-Lip-Filler-Logo.png","contentUrl":"https:\/\/cdn.mylipfiller.com\/wp-content\/uploads\/2019\/02\/cropped-My-Lip-Filler-Logo.png","width":240,"height":88,"caption":"My Lip Filler"},"image":{"@id":"https:\/\/mylipfiller.com\/#\/schema\/logo\/image\/"}}]}},"_links":{"self":[{"href":"https:\/\/mylipfiller.com\/es\/wp-json\/wp\/v2\/product\/42410","targetHints":{"allow":["GET"]}}],"collection":[{"href":"https:\/\/mylipfiller.com\/es\/wp-json\/wp\/v2\/product"}],"about":[{"href":"https:\/\/mylipfiller.com\/es\/wp-json\/wp\/v2\/types\/product"}],"wp:featuredmedia":[{"embeddable":true,"href":"https:\/\/mylipfiller.com\/es\/wp-json\/wp\/v2\/media\/42404"}],"wp:attachment":[{"href":"https:\/\/mylipfiller.com\/es\/wp-json\/wp\/v2\/media?parent=42410"}],"wp:term":[{"taxonomy":"product_brand","embeddable":true,"href":"https:\/\/mylipfiller.com\/es\/wp-json\/wp\/v2\/product_brand?post=42410"},{"taxonomy":"product_cat","embeddable":true,"href":"https:\/\/mylipfiller.com\/es\/wp-json\/wp\/v2\/product_cat?post=42410"},{"taxonomy":"product_tag","embeddable":true,"href":"https:\/\/mylipfiller.com\/es\/wp-json\/wp\/v2\/product_tag?post=42410"}],"curies":[{"name":"gracias","href":"https:\/\/api.w.org\/{rel}","templated":true}]}}