{"id":42411,"date":"2025-06-06T15:08:11","date_gmt":"2025-06-06T13:08:11","guid":{"rendered":"https:\/\/mylipfiller.com\/?post_type=product&#038;p=42411"},"modified":"2025-06-06T15:08:11","modified_gmt":"2025-06-06T13:08:11","slug":"renee-volume-2-x-1ml","status":"publish","type":"product","link":"https:\/\/mylipfiller.com\/es\/renee-volume-2-x-1ml\/","title":{"rendered":"REN\u00c9E Volumen (2 x 1 ml)"},"content":{"rendered":"<p>REN\u00c9E Volume se utiliza mejor en dos casos. Primero, cuando se necesita realzar el contorno en una zona espec\u00edfica del rostro: ment\u00f3n, nariz, mand\u00edbula, etc. Es un excelente relleno para contornear, y la forma y simetr\u00eda facial que se logran son completamente naturales. Al ser el gel monof\u00e1sico y uniforme, es muy f\u00e1cil de usar. El dermat\u00f3logo o profesional colegiado que realice el procedimiento lograr\u00e1 con mayor facilidad los resultados deseados por el paciente.<\/p>\n<p>Por otro lado, este relleno denso es una excelente soluci\u00f3n para tratar zonas con p\u00e9rdida importante de volumen cut\u00e1neo, en particular las mejillas, pero tambi\u00e9n las formaciones m\u00e1s cr\u00edticas de pliegues nasolabiales o l\u00edneas de expresi\u00f3n. REN\u00c9E Volume ofrece un efecto lifting predecible, lo que significa que tanto el profesional como el cliente saben qu\u00e9 resultados de mejora esperar.<\/p>\n<p>Los beneficios clave de Renee Volume incluyen:<\/p>\n<ul>\n<li>Mayor concentraci\u00f3n de \u00e1cido hialur\u00f3nico \u2013 28 mg\/ml, para un efecto m\u00e1s prolongado y duradero.<\/li>\n<li>Estructura de gel reticulada y monof\u00e1sica para una mejor aplicaci\u00f3n y control.<\/li>\n<li>Amino\u00e1cidos para un mejor efecto gel: prolina y glicina.<\/li>\n<li>Proceso de desarrollo de gel bi\u00f3nico que asegura la mezcla natural del gel con los tejidos circundantes.<\/li>\n<li>Sin riesgo de desplazamiento del gel REN\u00c9E Volume, formaci\u00f3n de grumos u otro tipo de deformaciones o problemas de asimetr\u00eda.<\/li>\n<\/ul>\n<p>La calidad y el control mejorado del flujo de gel durante la aplicaci\u00f3n hacen de este relleno de contorno una excelente opci\u00f3n tanto para la correcci\u00f3n sutil del contorno y los rasgos faciales, como para un aumento m\u00e1s dram\u00e1tico o la restauraci\u00f3n del volumen de la piel.<\/p>","protected":false},"excerpt":{"rendered":"<p>Conseguir un contorno natural con rellenos d\u00e9rmicos ahora es posible con REN\u00c9E Volume. Es un relleno denso y esculpidor con 28 mg\/ml de AH (reticulado), estructura monof\u00e1sica, potenciado con prolina y glicina, dos potentes amino\u00e1cidos. Posee la viscosidad y densidad adecuadas para aumentar zonas como el ment\u00f3n, la mand\u00edbula y los p\u00f3mulos.<\/p>","protected":false},"featured_media":42403,"template":"","meta":{"_acf_changed":false},"product_brand":[],"product_cat":[34,200],"product_tag":[123,130,131,115,114,111,118,151,141],"class_list":{"0":"post-42411","1":"product","2":"type-product","3":"status-publish","4":"has-post-thumbnail","6":"product_cat-hard","7":"product_cat-renee","8":"product_tag-asymmetry","9":"product_tag-cheek-volume","10":"product_tag-cheekbone-contour","11":"product_tag-cheekbones","12":"product_tag-chin","13":"product_tag-face","14":"product_tag-high-density","15":"product_tag-hyaluronic-acid-ha-fillers","16":"product_tag-lifting","18":"first","19":"instock","20":"taxable","21":"shipping-taxable","22":"purchasable","23":"product-type-simple"},"acf":[],"yoast_head":"<!-- This site is optimized with the Yoast SEO plugin v27.3 - https:\/\/yoast.com\/product\/yoast-seo-wordpress\/ -->\n<title>Buy REN\u00c9E Volume (2 x 1ml) - Fillers from My Lip Filler<\/title>\n<meta name=\"description\" content=\"\u2765Buy REN\u00c9E Volume (2 x 1ml) \u23e9 My Lip Filler online store \u27a6 Quality assurance, reviews, ingredients, best prices!\" \/>\n<meta name=\"robots\" content=\"index, follow, max-snippet:-1, max-image-preview:large, max-video-preview:-1\" \/>\n<link rel=\"canonical\" href=\"https:\/\/mylipfiller.com\/es\/renee-volume-2-x-1ml\/\" \/>\n<meta property=\"og:locale\" content=\"es_MX\" \/>\n<meta property=\"og:type\" content=\"article\" \/>\n<meta property=\"og:title\" content=\"Buy REN\u00c9E Volume (2 x 1ml) - Fillers from My Lip Filler\" \/>\n<meta property=\"og:description\" content=\"\u2765Buy REN\u00c9E Volume (2 x 1ml) \u23e9 My Lip Filler online store \u27a6 Quality assurance, reviews, ingredients, best prices!\" \/>\n<meta property=\"og:url\" content=\"https:\/\/mylipfiller.com\/es\/renee-volume-2-x-1ml\/\" \/>\n<meta property=\"og:site_name\" content=\"My Lip Filler\" \/>\n<meta property=\"og:image\" content=\"https:\/\/cdn.mylipfiller.com\/wp-content\/uploads\/2025\/06\/Renee-Volume.jpg\" \/>\n\t<meta property=\"og:image:width\" content=\"600\" \/>\n\t<meta property=\"og:image:height\" content=\"600\" \/>\n\t<meta property=\"og:image:type\" content=\"image\/jpeg\" \/>\n<meta name=\"twitter:card\" content=\"summary_large_image\" \/>\n<meta name=\"twitter:label1\" content=\"Tiempo de lectura\" \/>\n\t<meta name=\"twitter:data1\" content=\"2 minutos\" \/>\n<script type=\"application\/ld+json\" class=\"yoast-schema-graph\">{\"@context\":\"https:\\\/\\\/schema.org\",\"@graph\":[{\"@type\":\"WebPage\",\"@id\":\"https:\\\/\\\/mylipfiller.com\\\/renee-volume-2-x-1ml\\\/\",\"url\":\"https:\\\/\\\/mylipfiller.com\\\/renee-volume-2-x-1ml\\\/\",\"name\":\"Buy REN\u00c9E Volume (2 x 1ml) - Fillers from My Lip Filler\",\"isPartOf\":{\"@id\":\"https:\\\/\\\/mylipfiller.com\\\/#website\"},\"primaryImageOfPage\":{\"@id\":\"https:\\\/\\\/mylipfiller.com\\\/renee-volume-2-x-1ml\\\/#primaryimage\"},\"image\":{\"@id\":\"https:\\\/\\\/mylipfiller.com\\\/renee-volume-2-x-1ml\\\/#primaryimage\"},\"thumbnailUrl\":\"https:\\\/\\\/mylipfiller.com\\\/wp-content\\\/uploads\\\/2025\\\/06\\\/Renee-Volume.jpg\",\"datePublished\":\"2025-06-06T13:08:11+00:00\",\"description\":\"\u2765Buy REN\u00c9E Volume (2 x 1ml) \u23e9 My Lip Filler online store \u27a6 Quality assurance, reviews, ingredients, best prices!\",\"breadcrumb\":{\"@id\":\"https:\\\/\\\/mylipfiller.com\\\/renee-volume-2-x-1ml\\\/#breadcrumb\"},\"inLanguage\":\"es\",\"potentialAction\":[{\"@type\":\"ReadAction\",\"target\":[\"https:\\\/\\\/mylipfiller.com\\\/renee-volume-2-x-1ml\\\/\"]}]},{\"@type\":\"ImageObject\",\"inLanguage\":\"es\",\"@id\":\"https:\\\/\\\/mylipfiller.com\\\/renee-volume-2-x-1ml\\\/#primaryimage\",\"url\":\"https:\\\/\\\/mylipfiller.com\\\/wp-content\\\/uploads\\\/2025\\\/06\\\/Renee-Volume.jpg\",\"contentUrl\":\"https:\\\/\\\/mylipfiller.com\\\/wp-content\\\/uploads\\\/2025\\\/06\\\/Renee-Volume.jpg\",\"width\":600,\"height\":600,\"caption\":\"Renee Volume\"},{\"@type\":\"BreadcrumbList\",\"@id\":\"https:\\\/\\\/mylipfiller.com\\\/renee-volume-2-x-1ml\\\/#breadcrumb\",\"itemListElement\":[{\"@type\":\"ListItem\",\"position\":1,\"name\":\"Home\",\"item\":\"https:\\\/\\\/mylipfiller.com\\\/\"},{\"@type\":\"ListItem\",\"position\":2,\"name\":\"Shop\",\"item\":\"https:\\\/\\\/mylipfiller.com\\\/shop\\\/\"},{\"@type\":\"ListItem\",\"position\":3,\"name\":\"REN\u00c9E Volume (2 x 1ml)\"}]},{\"@type\":\"WebSite\",\"@id\":\"https:\\\/\\\/mylipfiller.com\\\/#website\",\"url\":\"https:\\\/\\\/mylipfiller.com\\\/\",\"name\":\"My Lip Filler\",\"description\":\"Hyaluronic Acid Lip and Dermal Fillers\",\"publisher\":{\"@id\":\"https:\\\/\\\/mylipfiller.com\\\/#organization\"},\"potentialAction\":[{\"@type\":\"SearchAction\",\"target\":{\"@type\":\"EntryPoint\",\"urlTemplate\":\"https:\\\/\\\/mylipfiller.com\\\/?s={search_term_string}\"},\"query-input\":{\"@type\":\"PropertyValueSpecification\",\"valueRequired\":true,\"valueName\":\"search_term_string\"}}],\"inLanguage\":\"es\"},{\"@type\":\"Organization\",\"@id\":\"https:\\\/\\\/mylipfiller.com\\\/#organization\",\"name\":\"My Lip Filler\",\"url\":\"https:\\\/\\\/mylipfiller.com\\\/\",\"logo\":{\"@type\":\"ImageObject\",\"inLanguage\":\"es\",\"@id\":\"https:\\\/\\\/mylipfiller.com\\\/#\\\/schema\\\/logo\\\/image\\\/\",\"url\":\"https:\\\/\\\/mylipfiller.com\\\/wp-content\\\/uploads\\\/2019\\\/02\\\/cropped-My-Lip-Filler-Logo.png\",\"contentUrl\":\"https:\\\/\\\/mylipfiller.com\\\/wp-content\\\/uploads\\\/2019\\\/02\\\/cropped-My-Lip-Filler-Logo.png\",\"width\":240,\"height\":88,\"caption\":\"My Lip Filler\"},\"image\":{\"@id\":\"https:\\\/\\\/mylipfiller.com\\\/#\\\/schema\\\/logo\\\/image\\\/\"}}]}<\/script>\n<!-- \/ Yoast SEO plugin. -->","yoast_head_json":{"title":"Comprar REN\u00c9E Volume (2 x 1 ml) - Rellenos de My Lip Filler","description":"\u2765Comprar REN\u00c9E Volume (2 x 1ml) \u23e9 Mi tienda online de Lip Filler \u27a6 \u00a1Garant\u00eda de calidad, opiniones, ingredientes, mejores precios!","robots":{"index":"index","follow":"follow","max-snippet":"max-snippet:-1","max-image-preview":"max-image-preview:large","max-video-preview":"max-video-preview:-1"},"canonical":"https:\/\/mylipfiller.com\/es\/renee-volume-2-x-1ml\/","og_locale":"es_MX","og_type":"article","og_title":"Buy REN\u00c9E Volume (2 x 1ml) - Fillers from My Lip Filler","og_description":"\u2765Buy REN\u00c9E Volume (2 x 1ml) \u23e9 My Lip Filler online store \u27a6 Quality assurance, reviews, ingredients, best prices!","og_url":"https:\/\/mylipfiller.com\/es\/renee-volume-2-x-1ml\/","og_site_name":"My Lip Filler","og_image":[{"width":600,"height":600,"url":"https:\/\/cdn.mylipfiller.com\/wp-content\/uploads\/2025\/06\/Renee-Volume.jpg","type":"image\/jpeg"}],"twitter_card":"summary_large_image","twitter_misc":{"Tiempo de lectura":"2 minutos"},"schema":{"@context":"https:\/\/schema.org","@graph":[{"@type":"WebPage","@id":"https:\/\/mylipfiller.com\/renee-volume-2-x-1ml\/","url":"https:\/\/mylipfiller.com\/renee-volume-2-x-1ml\/","name":"Comprar REN\u00c9E Volume (2 x 1 ml) - Rellenos de My Lip Filler","isPartOf":{"@id":"https:\/\/mylipfiller.com\/#website"},"primaryImageOfPage":{"@id":"https:\/\/mylipfiller.com\/renee-volume-2-x-1ml\/#primaryimage"},"image":{"@id":"https:\/\/mylipfiller.com\/renee-volume-2-x-1ml\/#primaryimage"},"thumbnailUrl":"https:\/\/cdn.mylipfiller.com\/wp-content\/uploads\/2025\/06\/Renee-Volume.jpg","datePublished":"2025-06-06T13:08:11+00:00","description":"\u2765Comprar REN\u00c9E Volume (2 x 1ml) \u23e9 Mi tienda online de Lip Filler \u27a6 \u00a1Garant\u00eda de calidad, opiniones, ingredientes, mejores precios!","breadcrumb":{"@id":"https:\/\/mylipfiller.com\/renee-volume-2-x-1ml\/#breadcrumb"},"inLanguage":"es","potentialAction":[{"@type":"ReadAction","target":["https:\/\/mylipfiller.com\/renee-volume-2-x-1ml\/"]}]},{"@type":"ImageObject","inLanguage":"es","@id":"https:\/\/mylipfiller.com\/renee-volume-2-x-1ml\/#primaryimage","url":"https:\/\/cdn.mylipfiller.com\/wp-content\/uploads\/2025\/06\/Renee-Volume.jpg","contentUrl":"https:\/\/cdn.mylipfiller.com\/wp-content\/uploads\/2025\/06\/Renee-Volume.jpg","width":600,"height":600,"caption":"Renee Volume"},{"@type":"BreadcrumbList","@id":"https:\/\/mylipfiller.com\/renee-volume-2-x-1ml\/#breadcrumb","itemListElement":[{"@type":"ListItem","position":1,"name":"Home","item":"https:\/\/mylipfiller.com\/"},{"@type":"ListItem","position":2,"name":"Shop","item":"https:\/\/mylipfiller.com\/shop\/"},{"@type":"ListItem","position":3,"name":"REN\u00c9E Volume (2 x 1ml)"}]},{"@type":"WebSite","@id":"https:\/\/mylipfiller.com\/#website","url":"https:\/\/mylipfiller.com\/","name":"Mi relleno de labios","description":"Rellenos d\u00e9rmicos y de labios con \u00e1cido hialur\u00f3nico","publisher":{"@id":"https:\/\/mylipfiller.com\/#organization"},"potentialAction":[{"@type":"SearchAction","target":{"@type":"EntryPoint","urlTemplate":"https:\/\/mylipfiller.com\/?s={search_term_string}"},"query-input":{"@type":"PropertyValueSpecification","valueRequired":true,"valueName":"search_term_string"}}],"inLanguage":"es"},{"@type":"Organization","@id":"https:\/\/mylipfiller.com\/#organization","name":"Mi relleno de labios","url":"https:\/\/mylipfiller.com\/","logo":{"@type":"ImageObject","inLanguage":"es","@id":"https:\/\/mylipfiller.com\/#\/schema\/logo\/image\/","url":"https:\/\/cdn.mylipfiller.com\/wp-content\/uploads\/2019\/02\/cropped-My-Lip-Filler-Logo.png","contentUrl":"https:\/\/cdn.mylipfiller.com\/wp-content\/uploads\/2019\/02\/cropped-My-Lip-Filler-Logo.png","width":240,"height":88,"caption":"My Lip Filler"},"image":{"@id":"https:\/\/mylipfiller.com\/#\/schema\/logo\/image\/"}}]}},"_links":{"self":[{"href":"https:\/\/mylipfiller.com\/es\/wp-json\/wp\/v2\/product\/42411","targetHints":{"allow":["GET"]}}],"collection":[{"href":"https:\/\/mylipfiller.com\/es\/wp-json\/wp\/v2\/product"}],"about":[{"href":"https:\/\/mylipfiller.com\/es\/wp-json\/wp\/v2\/types\/product"}],"wp:featuredmedia":[{"embeddable":true,"href":"https:\/\/mylipfiller.com\/es\/wp-json\/wp\/v2\/media\/42403"}],"wp:attachment":[{"href":"https:\/\/mylipfiller.com\/es\/wp-json\/wp\/v2\/media?parent=42411"}],"wp:term":[{"taxonomy":"product_brand","embeddable":true,"href":"https:\/\/mylipfiller.com\/es\/wp-json\/wp\/v2\/product_brand?post=42411"},{"taxonomy":"product_cat","embeddable":true,"href":"https:\/\/mylipfiller.com\/es\/wp-json\/wp\/v2\/product_cat?post=42411"},{"taxonomy":"product_tag","embeddable":true,"href":"https:\/\/mylipfiller.com\/es\/wp-json\/wp\/v2\/product_tag?post=42411"}],"curies":[{"name":"gracias","href":"https:\/\/api.w.org\/{rel}","templated":true}]}}