{"id":42461,"date":"2025-07-15T15:36:43","date_gmt":"2025-07-15T13:36:43","guid":{"rendered":"https:\/\/mylipfiller.com\/?post_type=product&#038;p=42461"},"modified":"2025-07-15T15:55:57","modified_gmt":"2025-07-15T13:55:57","slug":"lexyal-fine-1-x-1ml","status":"publish","type":"product","link":"https:\/\/mylipfiller.com\/es\/lexyal-fine-1-x-1ml\/","title":{"rendered":"Lexyal Fine (1 x 1 ml)"},"content":{"rendered":"<p>Un punto clave del \u00e9xito de Lexyal Fine como relleno de arrugas superficiales es que el gel de \u00e1cido hialur\u00f3nico es monof\u00e1sico. Este relleno con certificaci\u00f3n CE est\u00e1 espec\u00edficamente desarrollado para tratar depresiones cut\u00e1neas peque\u00f1as y muy superficiales. Es perfecto para:<\/p>\n<ul>\n<li>patas de gallo<\/li>\n<li>L\u00edneas y arrugas periorales<\/li>\n<li>Pliegues glabelares<\/li>\n<li>Las primeras etapas de los pliegues nasolabiales y las l\u00edneas de marioneta<\/li>\n<\/ul>\n<p>El gel se elabora con la tecnolog\u00eda patentada PNCL\u2122 o Preserved Natural Cross-Linked. Esta tecnolog\u00eda permite fabricar un gel hialur\u00f3nico reticulado con una estructura muy estable y resistente, aunque presenta un \u00edndice de reticulaci\u00f3n notablemente menor en comparaci\u00f3n con productos similares.<\/p>\n<h3>Especificaciones del producto<\/h3>\n<p>En cuanto a las especificaciones, la concentraci\u00f3n de \u00e1cido hialur\u00f3nico por ml (cantidad por caja) es de 24 mg. El PNCL permite que la proporci\u00f3n del agente reticulante BDDE sea m\u00ednima, inferior a 0,2 ppm, incluso inferior a los niveles considerados seguros. Lexyal Fine, en particular, tiene un Grado de Modificaci\u00f3n (MoD) de tan solo 1,621 TP314T, el m\u00e1s bajo de todo el producto. Esta cifra indica que los rellenos Lexyal, incluido Fine, son mucho m\u00e1s biocompatibles que las soluciones de relleno coreanas similares, cuyo MoD suele oscilar entre 7,71 TP314T y m\u00e1s de 111 TP314T.<\/p>\n<p>En cuanto a la seguridad de este relleno de arrugas, los niveles de endotoxinas en el producto final son m\u00ednimos: tan solo &lt;0,005 EU\/ml, lo que supone un impresionante 98% por debajo de los niveles de seguridad est\u00e1ndar de la industria. Esto es importante para reducir las reacciones inflamatorias despu\u00e9s del procedimiento.<\/p>\n<p>El gel de AH de Lexyal Fine es muy estable y posee un alto m\u00f3dulo de almacenamiento (G&#039;) y una viscoelasticidad bien ajustada, lo que evita cualquier deformaci\u00f3n o desplazamiento. Las arrugas y l\u00edneas de expresi\u00f3n tratadas con Lexyal Fine conservar\u00e1n su aspecto natural sin riesgo de formaci\u00f3n de grumos, adapt\u00e1ndose naturalmente al rostro.<\/p>\n<p>En cuanto a la durabilidad, los ensayos cl\u00ednicos de Lexyal Fine han demostrado que su efecto de eliminaci\u00f3n de arrugas puede durar f\u00e1cilmente m\u00e1s de 6 meses. Los efectos a largo plazo para la piel, adem\u00e1s de la suavidad inmediata, incluyen una mayor elasticidad y mayores niveles de hidrataci\u00f3n. Los 24 mg de AH se absorben en la matriz extracelular (ECM) y reducen la p\u00e9rdida de humedad transepid\u00e9rmica en aproximadamente 35%.<\/p>\n<h3>Caracter\u00edsticas clave<\/h3>\n<ul>\n<li><strong>Uso:<\/strong> Eliminaci\u00f3n de arrugas superficiales y l\u00edneas superficiales de la piel.<\/li>\n<li><strong>Concentraci\u00f3n de HA:<\/strong> 24 mg\/ml<\/li>\n<li><strong>Residuos de BDDE:<\/strong> &lt;0,2 ppm<\/li>\n<li><strong>MoD (Grado de Modificaci\u00f3n):<\/strong> 1.62%<\/li>\n<li><strong>Nivel de endotoxinas:<\/strong> &lt;0,005 UE\/ml<\/li>\n<li><strong>Tecnolog\u00eda patentada:<\/strong> Reticulaci\u00f3n preservada PNCL\u2122<\/li>\n<li><strong>Contenido de la caja:<\/strong> Jeringa precargada de 1 ml con dos agujas de calibre 27<\/li>\n<li><strong>Perfil viscoel\u00e1stico:<\/strong> Alta G&#039; y viscosidad de corte para un levantamiento suave<\/li>\n<li><strong>Proceso de dar un t\u00edtulo:<\/strong> Marcado CE<\/li>\n<\/ul>","protected":false},"excerpt":{"rendered":"<p>Entre los pocos rellenos d\u00e9rmicos coreanos con certificaci\u00f3n CE, Laxyal Fine es una opci\u00f3n suave para el tratamiento de arrugas superficiales y l\u00edneas de expresi\u00f3n. Se trata de un relleno de 1 ml con una concentraci\u00f3n de AH de 24 mg\/ml y una proporci\u00f3n de BDDE muy baja (menos de 0,2 ppm), as\u00ed como niveles ultrabajos de endotoxinas (&lt;0,005 UE\/ml).<\/p>","protected":false},"featured_media":42466,"template":"","meta":{"_acf_changed":false},"product_brand":[],"product_cat":[201,32],"product_tag":[144,125,111,126,112,128,151,117,129,113,137,108,148,127],"class_list":{"0":"post-42461","1":"product","2":"type-product","3":"status-publish","4":"has-post-thumbnail","6":"product_cat-lexyal","7":"product_cat-soft","8":"product_tag-anti-wrinkle","9":"product_tag-crows-feet","10":"product_tag-face","11":"product_tag-fine-lines","12":"product_tag-forehead","13":"product_tag-forehead-wrinkles","14":"product_tag-hyaluronic-acid-ha-fillers","15":"product_tag-low-density","16":"product_tag-neck-wrinkles","17":"product_tag-periorbital-area","18":"product_tag-south-korea","19":"product_tag-under-eye","20":"product_tag-upper-dermis","21":"product_tag-wrinkles-around-the-eyes","23":"first","24":"instock","25":"taxable","26":"shipping-taxable","27":"purchasable","28":"product-type-simple"},"acf":[],"yoast_head":"<!-- This site is optimized with the Yoast SEO plugin v27.2 - https:\/\/yoast.com\/product\/yoast-seo-wordpress\/ -->\n<title>Buy Lexyal Fine (1 x 1ml) - Fillers from My Lip Filler<\/title>\n<meta name=\"description\" content=\"\u2765Buy Lexyal Fine (1 x 1ml) \u23e9 My Lip Filler online store \u27a6 Quality assurance, reviews, ingredients, best prices!\" \/>\n<meta name=\"robots\" content=\"index, follow, max-snippet:-1, max-image-preview:large, max-video-preview:-1\" \/>\n<link rel=\"canonical\" href=\"https:\/\/mylipfiller.com\/es\/lexyal-fine-1-x-1ml\/\" \/>\n<meta property=\"og:locale\" content=\"es_MX\" \/>\n<meta property=\"og:type\" content=\"article\" \/>\n<meta property=\"og:title\" content=\"Buy Lexyal Fine (1 x 1ml) - Fillers from My Lip Filler\" \/>\n<meta property=\"og:description\" content=\"\u2765Buy Lexyal Fine (1 x 1ml) \u23e9 My Lip Filler online store \u27a6 Quality assurance, reviews, ingredients, best prices!\" \/>\n<meta property=\"og:url\" content=\"https:\/\/mylipfiller.com\/es\/lexyal-fine-1-x-1ml\/\" \/>\n<meta property=\"og:site_name\" content=\"My Lip Filler\" \/>\n<meta property=\"article:modified_time\" content=\"2025-07-15T13:55:57+00:00\" \/>\n<meta property=\"og:image\" content=\"https:\/\/cdn.mylipfiller.com\/wp-content\/uploads\/2025\/07\/Lexyal-Fine.jpg\" \/>\n\t<meta property=\"og:image:width\" content=\"600\" \/>\n\t<meta property=\"og:image:height\" content=\"600\" \/>\n\t<meta property=\"og:image:type\" content=\"image\/jpeg\" \/>\n<meta name=\"twitter:card\" content=\"summary_large_image\" \/>\n<meta name=\"twitter:label1\" content=\"Tiempo de lectura\" \/>\n\t<meta name=\"twitter:data1\" content=\"2 minutos\" \/>\n<script type=\"application\/ld+json\" class=\"yoast-schema-graph\">{\"@context\":\"https:\/\/schema.org\",\"@graph\":[{\"@type\":\"WebPage\",\"@id\":\"https:\/\/mylipfiller.com\/lexyal-fine-1-x-1ml\/\",\"url\":\"https:\/\/mylipfiller.com\/lexyal-fine-1-x-1ml\/\",\"name\":\"Buy Lexyal Fine (1 x 1ml) - Fillers from My Lip Filler\",\"isPartOf\":{\"@id\":\"https:\/\/mylipfiller.com\/#website\"},\"primaryImageOfPage\":{\"@id\":\"https:\/\/mylipfiller.com\/lexyal-fine-1-x-1ml\/#primaryimage\"},\"image\":{\"@id\":\"https:\/\/mylipfiller.com\/lexyal-fine-1-x-1ml\/#primaryimage\"},\"thumbnailUrl\":\"https:\/\/cdn.mylipfiller.com\/wp-content\/uploads\/2025\/07\/Lexyal-Fine.jpg\",\"datePublished\":\"2025-07-15T13:36:43+00:00\",\"dateModified\":\"2025-07-15T13:55:57+00:00\",\"description\":\"\u2765Buy Lexyal Fine (1 x 1ml) \u23e9 My Lip Filler online store \u27a6 Quality assurance, reviews, ingredients, best prices!\",\"breadcrumb\":{\"@id\":\"https:\/\/mylipfiller.com\/lexyal-fine-1-x-1ml\/#breadcrumb\"},\"inLanguage\":\"es\",\"potentialAction\":[{\"@type\":\"ReadAction\",\"target\":[\"https:\/\/mylipfiller.com\/lexyal-fine-1-x-1ml\/\"]}]},{\"@type\":\"ImageObject\",\"inLanguage\":\"es\",\"@id\":\"https:\/\/mylipfiller.com\/lexyal-fine-1-x-1ml\/#primaryimage\",\"url\":\"https:\/\/cdn.mylipfiller.com\/wp-content\/uploads\/2025\/07\/Lexyal-Fine.jpg\",\"contentUrl\":\"https:\/\/cdn.mylipfiller.com\/wp-content\/uploads\/2025\/07\/Lexyal-Fine.jpg\",\"width\":600,\"height\":600,\"caption\":\"Lexyal Fine\"},{\"@type\":\"BreadcrumbList\",\"@id\":\"https:\/\/mylipfiller.com\/lexyal-fine-1-x-1ml\/#breadcrumb\",\"itemListElement\":[{\"@type\":\"ListItem\",\"position\":1,\"name\":\"Home\",\"item\":\"https:\/\/mylipfiller.com\/\"},{\"@type\":\"ListItem\",\"position\":2,\"name\":\"Shop\",\"item\":\"https:\/\/mylipfiller.com\/shop\/\"},{\"@type\":\"ListItem\",\"position\":3,\"name\":\"Lexyal Fine (1 x 1ml)\"}]},{\"@type\":\"WebSite\",\"@id\":\"https:\/\/mylipfiller.com\/#website\",\"url\":\"https:\/\/mylipfiller.com\/\",\"name\":\"My Lip Filler\",\"description\":\"Hyaluronic Acid Lip and Dermal Fillers\",\"publisher\":{\"@id\":\"https:\/\/mylipfiller.com\/#organization\"},\"potentialAction\":[{\"@type\":\"SearchAction\",\"target\":{\"@type\":\"EntryPoint\",\"urlTemplate\":\"https:\/\/mylipfiller.com\/?s={search_term_string}\"},\"query-input\":{\"@type\":\"PropertyValueSpecification\",\"valueRequired\":true,\"valueName\":\"search_term_string\"}}],\"inLanguage\":\"es\"},{\"@type\":\"Organization\",\"@id\":\"https:\/\/mylipfiller.com\/#organization\",\"name\":\"My Lip Filler\",\"url\":\"https:\/\/mylipfiller.com\/\",\"logo\":{\"@type\":\"ImageObject\",\"inLanguage\":\"es\",\"@id\":\"https:\/\/mylipfiller.com\/#\/schema\/logo\/image\/\",\"url\":\"https:\/\/cdn.mylipfiller.com\/wp-content\/uploads\/2019\/02\/cropped-My-Lip-Filler-Logo.png\",\"contentUrl\":\"https:\/\/cdn.mylipfiller.com\/wp-content\/uploads\/2019\/02\/cropped-My-Lip-Filler-Logo.png\",\"width\":240,\"height\":88,\"caption\":\"My Lip Filler\"},\"image\":{\"@id\":\"https:\/\/mylipfiller.com\/#\/schema\/logo\/image\/\"}}]}<\/script>\n<!-- \/ Yoast SEO plugin. -->","yoast_head_json":{"title":"Comprar Lexyal Fine (1 x 1 ml) - Rellenos de My Lip Filler","description":"\u2765Comprar Lexyal Fine (1 x 1ml) \u23e9 Mi tienda online de relleno de labios \u27a6 \u00a1Garant\u00eda de calidad, opiniones, ingredientes, mejores precios!","robots":{"index":"index","follow":"follow","max-snippet":"max-snippet:-1","max-image-preview":"max-image-preview:large","max-video-preview":"max-video-preview:-1"},"canonical":"https:\/\/mylipfiller.com\/es\/lexyal-fine-1-x-1ml\/","og_locale":"es_MX","og_type":"article","og_title":"Buy Lexyal Fine (1 x 1ml) - Fillers from My Lip Filler","og_description":"\u2765Buy Lexyal Fine (1 x 1ml) \u23e9 My Lip Filler online store \u27a6 Quality assurance, reviews, ingredients, best prices!","og_url":"https:\/\/mylipfiller.com\/es\/lexyal-fine-1-x-1ml\/","og_site_name":"My Lip Filler","article_modified_time":"2025-07-15T13:55:57+00:00","og_image":[{"width":600,"height":600,"url":"https:\/\/cdn.mylipfiller.com\/wp-content\/uploads\/2025\/07\/Lexyal-Fine.jpg","type":"image\/jpeg"}],"twitter_card":"summary_large_image","twitter_misc":{"Tiempo de lectura":"2 minutos"},"schema":{"@context":"https:\/\/schema.org","@graph":[{"@type":"WebPage","@id":"https:\/\/mylipfiller.com\/lexyal-fine-1-x-1ml\/","url":"https:\/\/mylipfiller.com\/lexyal-fine-1-x-1ml\/","name":"Comprar Lexyal Fine (1 x 1 ml) - Rellenos de My Lip Filler","isPartOf":{"@id":"https:\/\/mylipfiller.com\/#website"},"primaryImageOfPage":{"@id":"https:\/\/mylipfiller.com\/lexyal-fine-1-x-1ml\/#primaryimage"},"image":{"@id":"https:\/\/mylipfiller.com\/lexyal-fine-1-x-1ml\/#primaryimage"},"thumbnailUrl":"https:\/\/cdn.mylipfiller.com\/wp-content\/uploads\/2025\/07\/Lexyal-Fine.jpg","datePublished":"2025-07-15T13:36:43+00:00","dateModified":"2025-07-15T13:55:57+00:00","description":"\u2765Comprar Lexyal Fine (1 x 1ml) \u23e9 Mi tienda online de relleno de labios \u27a6 \u00a1Garant\u00eda de calidad, opiniones, ingredientes, mejores precios!","breadcrumb":{"@id":"https:\/\/mylipfiller.com\/lexyal-fine-1-x-1ml\/#breadcrumb"},"inLanguage":"es","potentialAction":[{"@type":"ReadAction","target":["https:\/\/mylipfiller.com\/lexyal-fine-1-x-1ml\/"]}]},{"@type":"ImageObject","inLanguage":"es","@id":"https:\/\/mylipfiller.com\/lexyal-fine-1-x-1ml\/#primaryimage","url":"https:\/\/cdn.mylipfiller.com\/wp-content\/uploads\/2025\/07\/Lexyal-Fine.jpg","contentUrl":"https:\/\/cdn.mylipfiller.com\/wp-content\/uploads\/2025\/07\/Lexyal-Fine.jpg","width":600,"height":600,"caption":"Lexyal Fine"},{"@type":"BreadcrumbList","@id":"https:\/\/mylipfiller.com\/lexyal-fine-1-x-1ml\/#breadcrumb","itemListElement":[{"@type":"ListItem","position":1,"name":"Home","item":"https:\/\/mylipfiller.com\/"},{"@type":"ListItem","position":2,"name":"Shop","item":"https:\/\/mylipfiller.com\/shop\/"},{"@type":"ListItem","position":3,"name":"Lexyal Fine (1 x 1ml)"}]},{"@type":"WebSite","@id":"https:\/\/mylipfiller.com\/#website","url":"https:\/\/mylipfiller.com\/","name":"Mi relleno de labios","description":"Rellenos d\u00e9rmicos y de labios con \u00e1cido hialur\u00f3nico","publisher":{"@id":"https:\/\/mylipfiller.com\/#organization"},"potentialAction":[{"@type":"SearchAction","target":{"@type":"EntryPoint","urlTemplate":"https:\/\/mylipfiller.com\/?s={search_term_string}"},"query-input":{"@type":"PropertyValueSpecification","valueRequired":true,"valueName":"search_term_string"}}],"inLanguage":"es"},{"@type":"Organization","@id":"https:\/\/mylipfiller.com\/#organization","name":"Mi relleno de labios","url":"https:\/\/mylipfiller.com\/","logo":{"@type":"ImageObject","inLanguage":"es","@id":"https:\/\/mylipfiller.com\/#\/schema\/logo\/image\/","url":"https:\/\/cdn.mylipfiller.com\/wp-content\/uploads\/2019\/02\/cropped-My-Lip-Filler-Logo.png","contentUrl":"https:\/\/cdn.mylipfiller.com\/wp-content\/uploads\/2019\/02\/cropped-My-Lip-Filler-Logo.png","width":240,"height":88,"caption":"My Lip Filler"},"image":{"@id":"https:\/\/mylipfiller.com\/#\/schema\/logo\/image\/"}}]}},"_links":{"self":[{"href":"https:\/\/mylipfiller.com\/es\/wp-json\/wp\/v2\/product\/42461","targetHints":{"allow":["GET"]}}],"collection":[{"href":"https:\/\/mylipfiller.com\/es\/wp-json\/wp\/v2\/product"}],"about":[{"href":"https:\/\/mylipfiller.com\/es\/wp-json\/wp\/v2\/types\/product"}],"wp:featuredmedia":[{"embeddable":true,"href":"https:\/\/mylipfiller.com\/es\/wp-json\/wp\/v2\/media\/42466"}],"wp:attachment":[{"href":"https:\/\/mylipfiller.com\/es\/wp-json\/wp\/v2\/media?parent=42461"}],"wp:term":[{"taxonomy":"product_brand","embeddable":true,"href":"https:\/\/mylipfiller.com\/es\/wp-json\/wp\/v2\/product_brand?post=42461"},{"taxonomy":"product_cat","embeddable":true,"href":"https:\/\/mylipfiller.com\/es\/wp-json\/wp\/v2\/product_cat?post=42461"},{"taxonomy":"product_tag","embeddable":true,"href":"https:\/\/mylipfiller.com\/es\/wp-json\/wp\/v2\/product_tag?post=42461"}],"curies":[{"name":"gracias","href":"https:\/\/api.w.org\/{rel}","templated":true}]}}